{"id":2192,"date":"2025-08-08T17:43:10","date_gmt":"2025-08-08T14:43:10","guid":{"rendered":"https:\/\/www.lammi.fi\/tassu\/?page_id=2192"},"modified":"2025-09-24T10:15:59","modified_gmt":"2025-09-24T07:15:59","slug":"kayttokohteet","status":"publish","type":"page","link":"https:\/\/www.lammi.fi\/tassu\/kayttokohteet\/","title":{"rendered":"K\u00e4ytt\u00f6kohteet"},"content":{"rendered":"<h1>K\u00e4ytt\u00f6kohteet<\/h1>\n<p>Tutustu Tassu-anturamuottia k\u00e4ytt\u00e4neisiin yrityksiin ja heid\u00e4n kohteisiinsa. Katso kuvat ty\u00f6mailta ja kuuntele, mit\u00e4 projektien vastaavat mestarit ovat mielt\u00e4 Tassusta, sen k\u00e4yt\u00f6st\u00e4 ja ominaisuuksista omissa kohteissaan.<\/p>\n<p><img decoding=\"async\" class=\"alignnone size-large wp-image-499\" src=\"https:\/\/www.lammi.fi\/tassu\/wp-content\/uploads\/sites\/4\/2018\/11\/Kuvia-ty\u00f6maalta_Tassu-1024x512.jpg\" alt=\"\" width=\"840\" height=\"420\" srcset=\"https:\/\/www.lammi.fi\/tassu\/wp-content\/uploads\/sites\/4\/2018\/11\/Kuvia-ty\u00f6maalta_Tassu-1024x512.jpg 1024w, https:\/\/www.lammi.fi\/tassu\/wp-content\/uploads\/sites\/4\/2018\/11\/Kuvia-ty\u00f6maalta_Tassu-300x150.jpg 300w, https:\/\/www.lammi.fi\/tassu\/wp-content\/uploads\/sites\/4\/2018\/11\/Kuvia-ty\u00f6maalta_Tassu-768x384.jpg 768w, https:\/\/www.lammi.fi\/tassu\/wp-content\/uploads\/sites\/4\/2018\/11\/Kuvia-ty\u00f6maalta_Tassu-1200x600.jpg 1200w, https:\/\/www.lammi.fi\/tassu\/wp-content\/uploads\/sites\/4\/2018\/11\/Kuvia-ty\u00f6maalta_Tassu-1815x907.jpg 1815w\" sizes=\"(max-width: 709px) 85vw, (max-width: 909px) 67vw, (max-width: 1362px) 62vw, 840px\" \/><\/p>\n","protected":false},"excerpt":{"rendered":"<p>K\u00e4ytt\u00f6kohteet Tutustu Tassu-anturamuottia k\u00e4ytt\u00e4neisiin yrityksiin ja heid\u00e4n kohteisiinsa. Katso kuvat ty\u00f6mailta ja kuuntele, mit\u00e4 projektien vastaavat mestarit ovat mielt\u00e4 Tassusta, sen k\u00e4yt\u00f6st\u00e4 ja ominaisuuksista omissa kohteissaan.<\/p>\n","protected":false},"author":15,"featured_media":0,"parent":0,"menu_order":0,"comment_status":"closed","ping_status":"closed","template":"","meta":{"_acf_changed":false,"_improvement_type_select":"improve_an_existing","_thumb_yes_seoaic":false,"_frame_yes_seoaic":false,"seoaic_generate_description":"","seoaic_improve_instructions_prompt":"","seoaic_rollback_content_improvement":"","seoaic_idea_thumbnail_generator":"","thumbnail_generated":false,"thumbnail_generate_prompt":"","seoaic_article_description":"","_glsr_average":0,"_glsr_ranking":0,"_glsr_reviews":0,"footnotes":""},"class_list":["post-2192","page","type-page","status-publish","hentry"],"acf":[],"yoast_head":"<!-- This site is optimized with the Yoast SEO plugin v27.4 - https:\/\/yoast.com\/product\/yoast-seo-wordpress\/ -->\n<title>K\u00e4ytt\u00f6kohteet - Lammi Tassu<\/title>\n<meta name=\"description\" content=\"Tutustu Tassu-anturamuottia k\u00e4ytt\u00e4neisiin yrityksiin ja heid\u00e4n kohteisiinsa. Katso kuvat ty\u00f6mailta ja kuuntele kokemukset tuotteesta.\" \/>\n<link rel=\"canonical\" href=\"https:\/\/www.lammi.fi\/tassu\/kayttokohteet\/\" \/>\n<meta property=\"og:locale\" content=\"fi_FI\" \/>\n<meta property=\"og:type\" content=\"article\" \/>\n<meta property=\"og:title\" content=\"K\u00e4ytt\u00f6kohteet - Lammi Tassu\" \/>\n<meta property=\"og:description\" content=\"Tutustu Tassu-anturamuottia k\u00e4ytt\u00e4neisiin yrityksiin ja heid\u00e4n kohteisiinsa. Katso kuvat ty\u00f6mailta ja kuuntele kokemukset tuotteesta.\" \/>\n<meta property=\"og:url\" content=\"https:\/\/www.lammi.fi\/tassu\/kayttokohteet\/\" \/>\n<meta property=\"og:site_name\" content=\"Lammi Tassu\" \/>\n<meta property=\"article:modified_time\" content=\"2025-09-24T07:15:59+00:00\" \/>\n<meta name=\"twitter:card\" content=\"summary_large_image\" \/>\n<meta name=\"twitter:label1\" content=\"Arvioitu lukuaika\" \/>\n\t<meta name=\"twitter:data1\" content=\"1 minuutti\" \/>\n<script type=\"application\/ld+json\" class=\"yoast-schema-graph\">{\"@context\":\"https:\\\/\\\/schema.org\",\"@graph\":[{\"@type\":\"WebPage\",\"@id\":\"https:\\\/\\\/www.lammi.fi\\\/tassu\\\/kayttokohteet\\\/\",\"url\":\"https:\\\/\\\/www.lammi.fi\\\/tassu\\\/kayttokohteet\\\/\",\"name\":\"K\u00e4ytt\u00f6kohteet - Lammi Tassu\",\"isPartOf\":{\"@id\":\"https:\\\/\\\/www.lammi.fi\\\/tassu\\\/#website\"},\"datePublished\":\"2025-08-08T14:43:10+00:00\",\"dateModified\":\"2025-09-24T07:15:59+00:00\",\"description\":\"Tutustu Tassu-anturamuottia k\u00e4ytt\u00e4neisiin yrityksiin ja heid\u00e4n kohteisiinsa. Katso kuvat ty\u00f6mailta ja kuuntele kokemukset tuotteesta.\",\"breadcrumb\":{\"@id\":\"https:\\\/\\\/www.lammi.fi\\\/tassu\\\/kayttokohteet\\\/#breadcrumb\"},\"inLanguage\":\"fi\",\"potentialAction\":[{\"@type\":\"ReadAction\",\"target\":[\"https:\\\/\\\/www.lammi.fi\\\/tassu\\\/kayttokohteet\\\/\"]}]},{\"@type\":\"BreadcrumbList\",\"@id\":\"https:\\\/\\\/www.lammi.fi\\\/tassu\\\/kayttokohteet\\\/#breadcrumb\",\"itemListElement\":[{\"@type\":\"ListItem\",\"position\":1,\"name\":\"Lammi.fi\",\"item\":\"https:\\\/\\\/www.lammi.fi\"},{\"@type\":\"ListItem\",\"position\":2,\"name\":\"Lammi Tassu\",\"item\":\"https:\\\/\\\/www.lammi.fi\\\/tassu\\\/\"},{\"@type\":\"ListItem\",\"position\":3,\"name\":\"K\u00e4ytt\u00f6kohteet\"}]},{\"@type\":\"WebSite\",\"@id\":\"https:\\\/\\\/www.lammi.fi\\\/tassu\\\/#website\",\"url\":\"https:\\\/\\\/www.lammi.fi\\\/tassu\\\/\",\"name\":\"Lammi Tassu\",\"description\":\"Just another Lammi sivusto site\",\"potentialAction\":[{\"@type\":\"SearchAction\",\"target\":{\"@type\":\"EntryPoint\",\"urlTemplate\":\"https:\\\/\\\/www.lammi.fi\\\/tassu\\\/?s={search_term_string}\"},\"query-input\":{\"@type\":\"PropertyValueSpecification\",\"valueRequired\":true,\"valueName\":\"search_term_string\"}}],\"inLanguage\":\"fi\"}]}<\/script>\n<!-- \/ Yoast SEO plugin. -->","yoast_head_json":{"title":"K\u00e4ytt\u00f6kohteet - Lammi Tassu","description":"Tutustu Tassu-anturamuottia k\u00e4ytt\u00e4neisiin yrityksiin ja heid\u00e4n kohteisiinsa. Katso kuvat ty\u00f6mailta ja kuuntele kokemukset tuotteesta.","canonical":"https:\/\/www.lammi.fi\/tassu\/kayttokohteet\/","og_locale":"fi_FI","og_type":"article","og_title":"K\u00e4ytt\u00f6kohteet - Lammi Tassu","og_description":"Tutustu Tassu-anturamuottia k\u00e4ytt\u00e4neisiin yrityksiin ja heid\u00e4n kohteisiinsa. Katso kuvat ty\u00f6mailta ja kuuntele kokemukset tuotteesta.","og_url":"https:\/\/www.lammi.fi\/tassu\/kayttokohteet\/","og_site_name":"Lammi Tassu","article_modified_time":"2025-09-24T07:15:59+00:00","twitter_card":"summary_large_image","twitter_misc":{"Arvioitu lukuaika":"1 minuutti"},"schema":{"@context":"https:\/\/schema.org","@graph":[{"@type":"WebPage","@id":"https:\/\/www.lammi.fi\/tassu\/kayttokohteet\/","url":"https:\/\/www.lammi.fi\/tassu\/kayttokohteet\/","name":"K\u00e4ytt\u00f6kohteet - Lammi Tassu","isPartOf":{"@id":"https:\/\/www.lammi.fi\/tassu\/#website"},"datePublished":"2025-08-08T14:43:10+00:00","dateModified":"2025-09-24T07:15:59+00:00","description":"Tutustu Tassu-anturamuottia k\u00e4ytt\u00e4neisiin yrityksiin ja heid\u00e4n kohteisiinsa. Katso kuvat ty\u00f6mailta ja kuuntele kokemukset tuotteesta.","breadcrumb":{"@id":"https:\/\/www.lammi.fi\/tassu\/kayttokohteet\/#breadcrumb"},"inLanguage":"fi","potentialAction":[{"@type":"ReadAction","target":["https:\/\/www.lammi.fi\/tassu\/kayttokohteet\/"]}]},{"@type":"BreadcrumbList","@id":"https:\/\/www.lammi.fi\/tassu\/kayttokohteet\/#breadcrumb","itemListElement":[{"@type":"ListItem","position":1,"name":"Lammi.fi","item":"https:\/\/www.lammi.fi"},{"@type":"ListItem","position":2,"name":"Lammi Tassu","item":"https:\/\/www.lammi.fi\/tassu\/"},{"@type":"ListItem","position":3,"name":"K\u00e4ytt\u00f6kohteet"}]},{"@type":"WebSite","@id":"https:\/\/www.lammi.fi\/tassu\/#website","url":"https:\/\/www.lammi.fi\/tassu\/","name":"Lammi Tassu","description":"Just another Lammi sivusto site","potentialAction":[{"@type":"SearchAction","target":{"@type":"EntryPoint","urlTemplate":"https:\/\/www.lammi.fi\/tassu\/?s={search_term_string}"},"query-input":{"@type":"PropertyValueSpecification","valueRequired":true,"valueName":"search_term_string"}}],"inLanguage":"fi"}]}},"_links":{"self":[{"href":"https:\/\/www.lammi.fi\/tassu\/wp-json\/wp\/v2\/pages\/2192","targetHints":{"allow":["GET"]}}],"collection":[{"href":"https:\/\/www.lammi.fi\/tassu\/wp-json\/wp\/v2\/pages"}],"about":[{"href":"https:\/\/www.lammi.fi\/tassu\/wp-json\/wp\/v2\/types\/page"}],"author":[{"embeddable":true,"href":"https:\/\/www.lammi.fi\/tassu\/wp-json\/wp\/v2\/users\/15"}],"replies":[{"embeddable":true,"href":"https:\/\/www.lammi.fi\/tassu\/wp-json\/wp\/v2\/comments?post=2192"}],"version-history":[{"count":3,"href":"https:\/\/www.lammi.fi\/tassu\/wp-json\/wp\/v2\/pages\/2192\/revisions"}],"predecessor-version":[{"id":2256,"href":"https:\/\/www.lammi.fi\/tassu\/wp-json\/wp\/v2\/pages\/2192\/revisions\/2256"}],"wp:attachment":[{"href":"https:\/\/www.lammi.fi\/tassu\/wp-json\/wp\/v2\/media?parent=2192"}],"curies":[{"name":"wp","href":"https:\/\/api.w.org\/{rel}","templated":true}]}}