{"id":183,"date":"2018-07-04T10:24:12","date_gmt":"2018-07-04T10:24:12","guid":{"rendered":"https:\/\/www.lammi.fi\/tassu\/?page_id=183"},"modified":"2018-12-17T10:24:35","modified_gmt":"2018-12-17T10:24:35","slug":"miten-saastat-aikaa-ja-rahaa-talon-perustuksissa","status":"publish","type":"page","link":"https:\/\/www.lammi.fi\/tassu\/ohjeet-ja-dokumentit\/miten-saastat-aikaa-ja-rahaa-talon-perustuksissa\/","title":{"rendered":"Miten s\u00e4\u00e4st\u00e4t aikaa ja rahaa talon perustuksissa"},"content":{"rendered":"<h1>Miten s\u00e4\u00e4st\u00e4t aikaa ja rahaa talon perustuksissa<\/h1>\n<p><img decoding=\"async\" class=\"alignnone size-large wp-image-598\" src=\"https:\/\/www.lammi.fi\/tassu\/wp-content\/uploads\/sites\/4\/2018\/12\/Tassu_perustukset_miten-s\u00e4\u00e4st\u00e4t-aikaa-1024x512.jpg\" alt=\"\" width=\"840\" height=\"420\" srcset=\"https:\/\/www.lammi.fi\/tassu\/wp-content\/uploads\/sites\/4\/2018\/12\/Tassu_perustukset_miten-s\u00e4\u00e4st\u00e4t-aikaa-1024x512.jpg 1024w, https:\/\/www.lammi.fi\/tassu\/wp-content\/uploads\/sites\/4\/2018\/12\/Tassu_perustukset_miten-s\u00e4\u00e4st\u00e4t-aikaa-300x150.jpg 300w, https:\/\/www.lammi.fi\/tassu\/wp-content\/uploads\/sites\/4\/2018\/12\/Tassu_perustukset_miten-s\u00e4\u00e4st\u00e4t-aikaa-768x384.jpg 768w, https:\/\/www.lammi.fi\/tassu\/wp-content\/uploads\/sites\/4\/2018\/12\/Tassu_perustukset_miten-s\u00e4\u00e4st\u00e4t-aikaa-1200x600.jpg 1200w, https:\/\/www.lammi.fi\/tassu\/wp-content\/uploads\/sites\/4\/2018\/12\/Tassu_perustukset_miten-s\u00e4\u00e4st\u00e4t-aikaa-1815x907.jpg 1815w\" sizes=\"(max-width: 709px) 85vw, (max-width: 909px) 67vw, (max-width: 1362px) 62vw, 840px\" \/><\/p>\n<p>TASSU-valmisanturamuotilla toteutat rakennuksen perustan helposti, nopeasti ja edullisesti. Voit tehd\u00e4 ja valaa rakennuksen anturan valmiiksi yhdess\u00e4 p\u00e4iv\u00e4ss\u00e4. Ymp\u00e4rivuotiseen rakentamiseen soveltuva, valmistustavaltaan patentoitu TASSU-valmisanturamuotti tarjoaa kustannustehokkaan, aikaa s\u00e4\u00e4st\u00e4v\u00e4n ja kest\u00e4v\u00e4n ratkaisun rakennuksen anturan toteuttamiseksi.<\/p>\n<p>TASSU-valmisanturamuottien valu suoritetaan pumppuvaluna. Sokkelin rakentaminen voidaan aloittaa heti, kun betoni on kovettunut \u2013 usein jo seuraavana p\u00e4iv\u00e4n\u00e4. N\u00e4in s\u00e4\u00e4st\u00e4 jopa viikon aikaa perinteiseen rakennuksen perustamiseen verrattuna.<\/p>\n<h2>Kevyt ty\u00f6st\u00e4\u00e4, helppo asentaa<\/h2>\n<p>TASSU on 5 metri\u00e4 pitk\u00e4, perusraudoitettu valmisanturamuotti, jonka asentaminen on helppoa ja nopeaa. Valuvalmis muotti syntyy k\u00e4den k\u00e4\u00e4nteess\u00e4. Tontin tasoerotkaan eiv\u00e4t tuota ongelmia, sill\u00e4 muotti voidaan helposti sovittaa perustustasojen korkomuutoksiin.<br \/>\nTASSUlla teet helposti my\u00f6s kaarevat ja monikulmaiset anturan muodot.<\/p>\n<p>Valmiiksi raudoitetut TASSU-valmisanturamuotit tuodaan yhten\u00e4 toimituksena ty\u00f6maalle sis\u00e4kk\u00e4in pinottuna. Et tarvitse asennukseen erikoisty\u00f6kaluja, vaan muottien leikkaamiseen soveltuvien voimasaksien lis\u00e4ksi riitt\u00e4\u00e4 vain sidelanka ja sidontakoukku muottien yhdist\u00e4miseksi. Yksityiskohtainen ja selke\u00e4 ty\u00f6ohje opastaa erilaisten liitosten ja p\u00e4\u00e4tykappaleiden tekemisess\u00e4. Ty\u00f6ohje soveltuu niin ammatti- kuin omatoimirakentajalle. Muista noudattaa ty\u00f6turvallisuusohjeita muotteja asentaessasi.<\/p>\n<p>Mahdollisuus my\u00f6s tehd\u00e4 nopeasti paaluperusteiset anturat sek\u00e4 ter\u00e4s, ett\u00e4 betoni paalujen p\u00e4\u00e4lle. Lis\u00e4raudoituksen suunnittelee kohteen rakennesuunnittelija.<\/p>\n<p>Tarvitset vain:<br \/>\n<img decoding=\"async\" class=\"emoji\" src=\"https:\/\/s.w.org\/images\/core\/emoji\/2.3\/svg\/25aa.svg\" alt=\"\u25aa\" \/>\u00a0voimapihdit, koko tarpeen mukaan<br \/>\n<img decoding=\"async\" class=\"emoji\" src=\"https:\/\/s.w.org\/images\/core\/emoji\/2.3\/svg\/25aa.svg\" alt=\"\u25aa\" \/>\u00a0puukko<br \/>\n<img decoding=\"async\" class=\"emoji\" src=\"https:\/\/s.w.org\/images\/core\/emoji\/2.3\/svg\/25aa.svg\" alt=\"\u25aa\" \/>\u00a0raudoittajan sidontakoukku<br \/>\n<img decoding=\"async\" class=\"emoji\" src=\"https:\/\/s.w.org\/images\/core\/emoji\/2.3\/svg\/25aa.svg\" alt=\"\u25aa\" \/>\u00a0raudoitteiden sidontalankaa<\/p>\n<h2>Pilarianturamuotti kevyiden rakennelmien perustaksi<\/h2>\n<p>Pilarianturamuotilla teet kest\u00e4v\u00e4t perustukset esimerkiksi kes\u00e4m\u00f6kille, autosuojalle, terassille, aidalle tai talon erilaisille pilarirakenteille.<\/p>\n<p><strong>TASSU-VALMISANTURAMUOTIN HY\u00d6DYT:<\/strong><\/p>\n<ul>\n<li>kevyt k\u00e4sitell\u00e4 \u2013 TASSU painaa vain noin 5 kg<\/li>\n<li>helppo ty\u00f6st\u00e4\u00e4 \u2013 asennuksessa ei tarvita erikoisty\u00f6kaluja tai -osaamista<\/li>\n<li>nopea \u2013 rakennuksen betonianturat voidaan muotittaa ja valaa valmiiksi yhdess\u00e4 p\u00e4iv\u00e4ss\u00e4<\/li>\n<li>valmiiksi raudoitettu \u2013 tarvittaessa helppo lis\u00e4t\u00e4 raudoitusta laskelman mukaan<\/li>\n<li>edullinen \u2013 merkitt\u00e4vi\u00e4 kustannuss\u00e4\u00e4st\u00f6j\u00e4 ty\u00f6ajan s\u00e4\u00e4st\u00f6n ja rakennushankkeen aikataulun nopeutumisen muodossa<\/li>\n<li>ei purkuj\u00e4tett\u00e4 \u2013 valettua muottia ei tarvitse purkaa, ja s\u00e4\u00e4st\u00e4t t\u00e4ss\u00e4kin ty\u00f6aikaa ja kustannuksia<\/li>\n<li>ty\u00f6maa pysyy siistin\u00e4 ja turvallisena<\/li>\n<li>sokkelin rakentaminen voi alkaa jo seuraavana p\u00e4iv\u00e4n\u00e4<\/li>\n<\/ul>\n","protected":false},"excerpt":{"rendered":"<p>Miten s\u00e4\u00e4st\u00e4t aikaa ja rahaa talon perustuksissa TASSU-valmisanturamuotilla toteutat rakennuksen perustan helposti, nopeasti ja edullisesti. Voit tehd\u00e4 ja valaa rakennuksen anturan valmiiksi yhdess\u00e4 p\u00e4iv\u00e4ss\u00e4. Ymp\u00e4rivuotiseen rakentamiseen soveltuva, valmistustavaltaan patentoitu TASSU-valmisanturamuotti tarjoaa kustannustehokkaan, aikaa s\u00e4\u00e4st\u00e4v\u00e4n ja kest\u00e4v\u00e4n ratkaisun rakennuksen anturan toteuttamiseksi. TASSU-valmisanturamuottien valu suoritetaan pumppuvaluna. Sokkelin rakentaminen voidaan aloittaa heti, kun betoni on kovettunut \u2013 usein &hellip; <a href=\"https:\/\/www.lammi.fi\/tassu\/ohjeet-ja-dokumentit\/miten-saastat-aikaa-ja-rahaa-talon-perustuksissa\/\" class=\"more-link\">Lue lis\u00e4\u00e4<span class=\"screen-reader-text\"> &#8221;Miten s\u00e4\u00e4st\u00e4t aikaa ja rahaa talon perustuksissa&#8221;<\/span><\/a><\/p>\n","protected":false},"author":1,"featured_media":0,"parent":114,"menu_order":0,"comment_status":"closed","ping_status":"closed","template":"","meta":{"_acf_changed":false,"_improvement_type_select":"improve_an_existing","_thumb_yes_seoaic":false,"_frame_yes_seoaic":false,"seoaic_generate_description":"","seoaic_improve_instructions_prompt":"","seoaic_rollback_content_improvement":"","seoaic_idea_thumbnail_generator":"","thumbnail_generated":false,"thumbnail_generate_prompt":"","seoaic_article_description":"","_glsr_average":0,"_glsr_ranking":0,"_glsr_reviews":0,"footnotes":""},"class_list":["post-183","page","type-page","status-publish","hentry"],"acf":[],"yoast_head":"<!-- This site is optimized with the Yoast SEO plugin v27.1.1 - https:\/\/yoast.com\/product\/yoast-seo-wordpress\/ -->\n<title>Miten s\u00e4\u00e4st\u00e4t aikaa ja rahaa talon perustuksissa - Lammi Tassu<\/title>\n<link rel=\"canonical\" href=\"https:\/\/www.lammi.fi\/tassu\/ohjeet-ja-dokumentit\/miten-saastat-aikaa-ja-rahaa-talon-perustuksissa\/\" \/>\n<meta property=\"og:locale\" content=\"fi_FI\" \/>\n<meta property=\"og:type\" content=\"article\" \/>\n<meta property=\"og:title\" content=\"Miten s\u00e4\u00e4st\u00e4t aikaa ja rahaa talon perustuksissa - Lammi Tassu\" \/>\n<meta property=\"og:description\" content=\"Miten s\u00e4\u00e4st\u00e4t aikaa ja rahaa talon perustuksissa TASSU-valmisanturamuotilla toteutat rakennuksen perustan helposti, nopeasti ja edullisesti. Voit tehd\u00e4 ja valaa rakennuksen anturan valmiiksi yhdess\u00e4 p\u00e4iv\u00e4ss\u00e4. Ymp\u00e4rivuotiseen rakentamiseen soveltuva, valmistustavaltaan patentoitu TASSU-valmisanturamuotti tarjoaa kustannustehokkaan, aikaa s\u00e4\u00e4st\u00e4v\u00e4n ja kest\u00e4v\u00e4n ratkaisun rakennuksen anturan toteuttamiseksi. TASSU-valmisanturamuottien valu suoritetaan pumppuvaluna. Sokkelin rakentaminen voidaan aloittaa heti, kun betoni on kovettunut \u2013 usein &hellip; Lue lis\u00e4\u00e4 &quot;Miten s\u00e4\u00e4st\u00e4t aikaa ja rahaa talon perustuksissa&quot;\" \/>\n<meta property=\"og:url\" content=\"https:\/\/www.lammi.fi\/tassu\/ohjeet-ja-dokumentit\/miten-saastat-aikaa-ja-rahaa-talon-perustuksissa\/\" \/>\n<meta property=\"og:site_name\" content=\"Lammi Tassu\" \/>\n<meta property=\"article:modified_time\" content=\"2018-12-17T10:24:35+00:00\" \/>\n<meta property=\"og:image\" content=\"https:\/\/s.w.org\/images\/core\/emoji\/2.3\/svg\/25aa.svg\" \/>\n<meta name=\"twitter:card\" content=\"summary_large_image\" \/>\n<meta name=\"twitter:label1\" content=\"Arvioitu lukuaika\" \/>\n\t<meta name=\"twitter:data1\" content=\"2 minuuttia\" \/>\n<script type=\"application\/ld+json\" class=\"yoast-schema-graph\">{\"@context\":\"https:\/\/schema.org\",\"@graph\":[{\"@type\":\"WebPage\",\"@id\":\"https:\/\/www.lammi.fi\/tassu\/ohjeet-ja-dokumentit\/miten-saastat-aikaa-ja-rahaa-talon-perustuksissa\/\",\"url\":\"https:\/\/www.lammi.fi\/tassu\/ohjeet-ja-dokumentit\/miten-saastat-aikaa-ja-rahaa-talon-perustuksissa\/\",\"name\":\"Miten s\u00e4\u00e4st\u00e4t aikaa ja rahaa talon perustuksissa - Lammi Tassu\",\"isPartOf\":{\"@id\":\"https:\/\/www.lammi.fi\/tassu\/#website\"},\"primaryImageOfPage\":{\"@id\":\"https:\/\/www.lammi.fi\/tassu\/ohjeet-ja-dokumentit\/miten-saastat-aikaa-ja-rahaa-talon-perustuksissa\/#primaryimage\"},\"image\":{\"@id\":\"https:\/\/www.lammi.fi\/tassu\/ohjeet-ja-dokumentit\/miten-saastat-aikaa-ja-rahaa-talon-perustuksissa\/#primaryimage\"},\"thumbnailUrl\":\"https:\/\/s.w.org\/images\/core\/emoji\/2.3\/svg\/25aa.svg\",\"datePublished\":\"2018-07-04T10:24:12+00:00\",\"dateModified\":\"2018-12-17T10:24:35+00:00\",\"breadcrumb\":{\"@id\":\"https:\/\/www.lammi.fi\/tassu\/ohjeet-ja-dokumentit\/miten-saastat-aikaa-ja-rahaa-talon-perustuksissa\/#breadcrumb\"},\"inLanguage\":\"fi\",\"potentialAction\":[{\"@type\":\"ReadAction\",\"target\":[\"https:\/\/www.lammi.fi\/tassu\/ohjeet-ja-dokumentit\/miten-saastat-aikaa-ja-rahaa-talon-perustuksissa\/\"]}]},{\"@type\":\"ImageObject\",\"inLanguage\":\"fi\",\"@id\":\"https:\/\/www.lammi.fi\/tassu\/ohjeet-ja-dokumentit\/miten-saastat-aikaa-ja-rahaa-talon-perustuksissa\/#primaryimage\",\"url\":\"https:\/\/s.w.org\/images\/core\/emoji\/2.3\/svg\/25aa.svg\",\"contentUrl\":\"https:\/\/s.w.org\/images\/core\/emoji\/2.3\/svg\/25aa.svg\"},{\"@type\":\"BreadcrumbList\",\"@id\":\"https:\/\/www.lammi.fi\/tassu\/ohjeet-ja-dokumentit\/miten-saastat-aikaa-ja-rahaa-talon-perustuksissa\/#breadcrumb\",\"itemListElement\":[{\"@type\":\"ListItem\",\"position\":1,\"name\":\"Lammi.fi\",\"item\":\"https:\/\/www.lammi.fi\"},{\"@type\":\"ListItem\",\"position\":2,\"name\":\"Lammi Tassu\",\"item\":\"https:\/\/www.lammi.fi\/tassu\/\"},{\"@type\":\"ListItem\",\"position\":3,\"name\":\"Ohjeet ja dokumentit\",\"item\":\"https:\/\/www.lammi.fi\/tassu\/ohjeet-ja-dokumentit\/\"},{\"@type\":\"ListItem\",\"position\":4,\"name\":\"Miten s\u00e4\u00e4st\u00e4t aikaa ja rahaa talon perustuksissa\"}]},{\"@type\":\"WebSite\",\"@id\":\"https:\/\/www.lammi.fi\/tassu\/#website\",\"url\":\"https:\/\/www.lammi.fi\/tassu\/\",\"name\":\"Lammi Tassu\",\"description\":\"Just another Lammi sivusto site\",\"potentialAction\":[{\"@type\":\"SearchAction\",\"target\":{\"@type\":\"EntryPoint\",\"urlTemplate\":\"https:\/\/www.lammi.fi\/tassu\/?s={search_term_string}\"},\"query-input\":{\"@type\":\"PropertyValueSpecification\",\"valueRequired\":true,\"valueName\":\"search_term_string\"}}],\"inLanguage\":\"fi\"}]}<\/script>\n<!-- \/ Yoast SEO plugin. -->","yoast_head_json":{"title":"Miten s\u00e4\u00e4st\u00e4t aikaa ja rahaa talon perustuksissa - Lammi Tassu","canonical":"https:\/\/www.lammi.fi\/tassu\/ohjeet-ja-dokumentit\/miten-saastat-aikaa-ja-rahaa-talon-perustuksissa\/","og_locale":"fi_FI","og_type":"article","og_title":"Miten s\u00e4\u00e4st\u00e4t aikaa ja rahaa talon perustuksissa - Lammi Tassu","og_description":"Miten s\u00e4\u00e4st\u00e4t aikaa ja rahaa talon perustuksissa TASSU-valmisanturamuotilla toteutat rakennuksen perustan helposti, nopeasti ja edullisesti. Voit tehd\u00e4 ja valaa rakennuksen anturan valmiiksi yhdess\u00e4 p\u00e4iv\u00e4ss\u00e4. Ymp\u00e4rivuotiseen rakentamiseen soveltuva, valmistustavaltaan patentoitu TASSU-valmisanturamuotti tarjoaa kustannustehokkaan, aikaa s\u00e4\u00e4st\u00e4v\u00e4n ja kest\u00e4v\u00e4n ratkaisun rakennuksen anturan toteuttamiseksi. TASSU-valmisanturamuottien valu suoritetaan pumppuvaluna. Sokkelin rakentaminen voidaan aloittaa heti, kun betoni on kovettunut \u2013 usein &hellip; Lue lis\u00e4\u00e4 \"Miten s\u00e4\u00e4st\u00e4t aikaa ja rahaa talon perustuksissa\"","og_url":"https:\/\/www.lammi.fi\/tassu\/ohjeet-ja-dokumentit\/miten-saastat-aikaa-ja-rahaa-talon-perustuksissa\/","og_site_name":"Lammi Tassu","article_modified_time":"2018-12-17T10:24:35+00:00","og_image":[{"url":"https:\/\/s.w.org\/images\/core\/emoji\/2.3\/svg\/25aa.svg","type":"","width":"","height":""}],"twitter_card":"summary_large_image","twitter_misc":{"Arvioitu lukuaika":"2 minuuttia"},"schema":{"@context":"https:\/\/schema.org","@graph":[{"@type":"WebPage","@id":"https:\/\/www.lammi.fi\/tassu\/ohjeet-ja-dokumentit\/miten-saastat-aikaa-ja-rahaa-talon-perustuksissa\/","url":"https:\/\/www.lammi.fi\/tassu\/ohjeet-ja-dokumentit\/miten-saastat-aikaa-ja-rahaa-talon-perustuksissa\/","name":"Miten s\u00e4\u00e4st\u00e4t aikaa ja rahaa talon perustuksissa - Lammi Tassu","isPartOf":{"@id":"https:\/\/www.lammi.fi\/tassu\/#website"},"primaryImageOfPage":{"@id":"https:\/\/www.lammi.fi\/tassu\/ohjeet-ja-dokumentit\/miten-saastat-aikaa-ja-rahaa-talon-perustuksissa\/#primaryimage"},"image":{"@id":"https:\/\/www.lammi.fi\/tassu\/ohjeet-ja-dokumentit\/miten-saastat-aikaa-ja-rahaa-talon-perustuksissa\/#primaryimage"},"thumbnailUrl":"https:\/\/s.w.org\/images\/core\/emoji\/2.3\/svg\/25aa.svg","datePublished":"2018-07-04T10:24:12+00:00","dateModified":"2018-12-17T10:24:35+00:00","breadcrumb":{"@id":"https:\/\/www.lammi.fi\/tassu\/ohjeet-ja-dokumentit\/miten-saastat-aikaa-ja-rahaa-talon-perustuksissa\/#breadcrumb"},"inLanguage":"fi","potentialAction":[{"@type":"ReadAction","target":["https:\/\/www.lammi.fi\/tassu\/ohjeet-ja-dokumentit\/miten-saastat-aikaa-ja-rahaa-talon-perustuksissa\/"]}]},{"@type":"ImageObject","inLanguage":"fi","@id":"https:\/\/www.lammi.fi\/tassu\/ohjeet-ja-dokumentit\/miten-saastat-aikaa-ja-rahaa-talon-perustuksissa\/#primaryimage","url":"https:\/\/s.w.org\/images\/core\/emoji\/2.3\/svg\/25aa.svg","contentUrl":"https:\/\/s.w.org\/images\/core\/emoji\/2.3\/svg\/25aa.svg"},{"@type":"BreadcrumbList","@id":"https:\/\/www.lammi.fi\/tassu\/ohjeet-ja-dokumentit\/miten-saastat-aikaa-ja-rahaa-talon-perustuksissa\/#breadcrumb","itemListElement":[{"@type":"ListItem","position":1,"name":"Lammi.fi","item":"https:\/\/www.lammi.fi"},{"@type":"ListItem","position":2,"name":"Lammi Tassu","item":"https:\/\/www.lammi.fi\/tassu\/"},{"@type":"ListItem","position":3,"name":"Ohjeet ja dokumentit","item":"https:\/\/www.lammi.fi\/tassu\/ohjeet-ja-dokumentit\/"},{"@type":"ListItem","position":4,"name":"Miten s\u00e4\u00e4st\u00e4t aikaa ja rahaa talon perustuksissa"}]},{"@type":"WebSite","@id":"https:\/\/www.lammi.fi\/tassu\/#website","url":"https:\/\/www.lammi.fi\/tassu\/","name":"Lammi Tassu","description":"Just another Lammi sivusto site","potentialAction":[{"@type":"SearchAction","target":{"@type":"EntryPoint","urlTemplate":"https:\/\/www.lammi.fi\/tassu\/?s={search_term_string}"},"query-input":{"@type":"PropertyValueSpecification","valueRequired":true,"valueName":"search_term_string"}}],"inLanguage":"fi"}]}},"_links":{"self":[{"href":"https:\/\/www.lammi.fi\/tassu\/wp-json\/wp\/v2\/pages\/183","targetHints":{"allow":["GET"]}}],"collection":[{"href":"https:\/\/www.lammi.fi\/tassu\/wp-json\/wp\/v2\/pages"}],"about":[{"href":"https:\/\/www.lammi.fi\/tassu\/wp-json\/wp\/v2\/types\/page"}],"author":[{"embeddable":true,"href":"https:\/\/www.lammi.fi\/tassu\/wp-json\/wp\/v2\/users\/1"}],"replies":[{"embeddable":true,"href":"https:\/\/www.lammi.fi\/tassu\/wp-json\/wp\/v2\/comments?post=183"}],"version-history":[{"count":3,"href":"https:\/\/www.lammi.fi\/tassu\/wp-json\/wp\/v2\/pages\/183\/revisions"}],"predecessor-version":[{"id":601,"href":"https:\/\/www.lammi.fi\/tassu\/wp-json\/wp\/v2\/pages\/183\/revisions\/601"}],"up":[{"embeddable":true,"href":"https:\/\/www.lammi.fi\/tassu\/wp-json\/wp\/v2\/pages\/114"}],"wp:attachment":[{"href":"https:\/\/www.lammi.fi\/tassu\/wp-json\/wp\/v2\/media?parent=183"}],"curies":[{"name":"wp","href":"https:\/\/api.w.org\/{rel}","templated":true}]}}