{"id":181,"date":"2018-07-04T10:23:49","date_gmt":"2018-07-04T10:23:49","guid":{"rendered":"https:\/\/www.lammi.fi\/tassu\/?page_id=181"},"modified":"2018-12-17T11:01:36","modified_gmt":"2018-12-17T11:01:36","slug":"perustus-on-tehtava-perusteellisesti","status":"publish","type":"page","link":"https:\/\/www.lammi.fi\/tassu\/ohjeet-ja-dokumentit\/perustus-on-tehtava-perusteellisesti\/","title":{"rendered":"Perustus on teht\u00e4v\u00e4 perusteellisesti"},"content":{"rendered":"<h1>Perustus on teht\u00e4v\u00e4 perusteellisesti<\/h1>\n<p><img decoding=\"async\" class=\"alignnone size-large wp-image-602\" src=\"https:\/\/www.lammi.fi\/tassu\/wp-content\/uploads\/sites\/4\/2018\/12\/Tassu_perustukset_perustus-1024x512.jpg\" alt=\"\" width=\"840\" height=\"420\" srcset=\"https:\/\/www.lammi.fi\/tassu\/wp-content\/uploads\/sites\/4\/2018\/12\/Tassu_perustukset_perustus-1024x512.jpg 1024w, https:\/\/www.lammi.fi\/tassu\/wp-content\/uploads\/sites\/4\/2018\/12\/Tassu_perustukset_perustus-300x150.jpg 300w, https:\/\/www.lammi.fi\/tassu\/wp-content\/uploads\/sites\/4\/2018\/12\/Tassu_perustukset_perustus-768x384.jpg 768w, https:\/\/www.lammi.fi\/tassu\/wp-content\/uploads\/sites\/4\/2018\/12\/Tassu_perustukset_perustus-1200x600.jpg 1200w, https:\/\/www.lammi.fi\/tassu\/wp-content\/uploads\/sites\/4\/2018\/12\/Tassu_perustukset_perustus-1815x907.jpg 1815w\" sizes=\"(max-width: 709px) 85vw, (max-width: 909px) 67vw, (max-width: 1362px) 62vw, 840px\" \/><\/p>\n<p>Perustus on rakennusten ja rakennelmien maata vasten tuleva osa, jolle rakennelman paino kohdistuu. Perustuksen tarkoitus on est\u00e4\u00e4 rakennuksen painuminen, sill\u00e4 painaumat aiheuttavat halkeamia sek\u00e4 perustuksiin ett\u00e4 my\u00f6s talon lattiaan ja seiniin. K\u00e4yt\u00e4nn\u00f6ss\u00e4 kaikilla paikalleen sijoitetuilla rakennuksilla ja rakennelmilla on perustus. Pientalot perustetaan tavallisesti maanvaraisiksi tai kalliolle. Perustusrakenteiksi luetaan yleens\u00e4 rakennuksen alimman alapohjan tason alapuoliset kantavat rakenteet.<\/p>\n<p>Perustus voidaan toteuttaa monella eri tavalla. Perustamistavat voidaan jakaa matalaperustuksiin, syv\u00e4perustuksiin, pilariperustuksiin ja kellarillisiin perustuksiin.<br \/>\nPerustustavan valinta, suunnittelu ja toteutus ovat teknisesti rakennushankkeen jopa t\u00e4rkein vaihe. Perustuksen on jaettava rakennuksen paino olla riitt\u00e4v\u00e4n laajalle alalle, jotta maa perustuksen alla ei pet\u00e4.<\/p>\n<p>Lue lis\u00e4\u00e4\u00a0<a href=\"https:\/\/www.lammi.fi\/tassu\/suunnittelijoille\/kellariperustus\/\">kellariperustuksesta<\/a>.<\/p>\n<h2>Maaper\u00e4n kantavuus ratkaisee perustustyypin valinnan<\/h2>\n<p>Perustuksen on kestett\u00e4v\u00e4 rakennuksen aiheuttama rasitus vuodenajoista ja vuosien kulumisesta riippumatta, sill\u00e4 sen korjaaminen on yleens\u00e4 mahdotonta tai eritt\u00e4in vaikeaa. Siksi rakennelman perustus m\u00e4\u00e4ritt\u00e4\u00e4kin yleens\u00e4 rakennuksen maksimaalisen elini\u00e4n. Tontille tehd\u00e4\u00e4n maaper\u00e4 tutkimus, jonka j\u00e4lkeen (geo\/pohjarakennus suunnittelija tekee tutkimuksen perusteella tontista perustamistapalausunnon, jossa m\u00e4\u00e4ritell\u00e4\u00e4n miten rakennus tulee perustaa. Maaper\u00e4tutkimuksella todetaan pohjan kantavuus, jonka perusteella kohteen rakennesuunnittelija p\u00e4\u00e4tt\u00e4\u00e4 tontille parhaiten sopivan perustusratkaisun. My\u00f6s pohjaveden yl\u00e4pinnan korkeusasema ja maaper\u00e4n radonpitoisuus on syyt\u00e4 selvitt\u00e4\u00e4.<\/p>\n<p>Antura- ja sokkeliperustuksessa antura jakaa sokkelille tulevan rakennuksen kuorman laajemmalle alueelle, jotta perustuksen alla olevaan maaper\u00e4\u00e4n kohdistuva paine ei kasvaisi liian suureksi. Sokkeliin j\u00e4tet\u00e4\u00e4n tuuletusaukkoja, jotta maaper\u00e4st\u00e4 tuleva kosteus ja radioaktiivinen radonkaasu eiv\u00e4t kulkeutuisi talon rakenteisiin. T\u00e4llaista tuulettuvaa alapohjaa kutsutaan my\u00f6s nimell\u00e4 rossipohja. Sokkeliin voidaan my\u00f6s rakennusvaiheessa laittaa radonsuojat, jotka Lammin Betoni Oy on Suomessa kehitt\u00e4nyt.<\/p>\n<p>Lue lis\u00e4\u00e4\u00a0<a href=\"https:\/\/www.lammi.fi\/tassu\/\">anturaperustuksesta<\/a>.<\/p>\n<p>Vaikka omakotitalon rakennuspaikka ei olisikaan maaper\u00e4lt\u00e4\u00e4n ihanteellinen hiekkamaa, voidaan massanvaihdolla kuitenkin maapohja tehd\u00e4 rakentamiskelpoiseksi. Massanvaihto on yleens\u00e4 rakentamisen kokonaiskustannuksista vain noin 1-3%, joten se on yleens\u00e4 kannattavaa toteuttaa maapohjan niin edellytt\u00e4ess\u00e4.<\/p>\n<h2>Pilariperustus<\/h2>\n<p>Jos tontin pohjatutkimuksessa ilmenee, ett\u00e4 kantavat maakerrokset ovat anturaperustamissyvyytt\u00e4 alempana, voidaan perustus toteuttaa pilariperustuksena. Ter\u00e4sbetonipilareilla perustuksesta saadaan painumaton ja vahva. Ter\u00e4sbetonipilareilla on suuri kantokyky ja kest\u00e4vyys verrattuna esimerkiksi puupaalutukseen. Pilariperustus on tehokkain tapa tuulettaa pois maaper\u00e4st\u00e4 tuleva kosteus ja radonkaasu \u2013 rakennus tulee sen p\u00e4\u00e4lle, irti maanpinnasta.<\/p>\n<p>Tutustu\u00a0<a href=\"https:\/\/www.lammi.fi\/tassu\/tuotteet\/pilarianturamuotti\/\">pilarianturaan<\/a>.<\/p>\n<h2>Paaluperustukset<\/h2>\n<p>Jos pohjatutkimus osoittaa maapohjan kantavan kerroksen olevan yli viiden metrin syvyydell\u00e4 maaper\u00e4ss\u00e4, k\u00e4ytet\u00e4\u00e4n yleens\u00e4 paaluperustusta. Kantavaan kerrokseen asti ly\u00f6tyjen ter\u00e4s\/betoni paalujen p\u00e4\u00e4lle valetaan paaluantura ja sen p\u00e4\u00e4lt\u00e4 jatketaan rakentamista samalla tavalla, kuin maanvaraista anturaperustusta k\u00e4ytett\u00e4ess\u00e4.<\/p>\n<p>Jos maaper\u00e4n kantavuus on kohtalainen, voidaan my\u00f6s k\u00e4ytt\u00e4\u00e4 reunavahvistettua laattaa. Siin\u00e4 maaper\u00e4\u00e4n kohdistuva rasitus jakautuu koko pohjalaatan alueelle, ja reunat vahvistetaan kantamaan seinist\u00e4 tulevia kuormia sek\u00e4 antamaan laatan reunalle riitt\u00e4v\u00e4 korkeus. Reunavahvistettua laattaa voidaan k\u00e4ytt\u00e4\u00e4 my\u00f6s silloin, kun ei haluta kaivaa kovin syv\u00e4lle, esimerkiksi kovaan maaper\u00e4\u00e4n.<\/p>\n<h2>Perustuksia t\u00e4ydent\u00e4v\u00e4t rakenteet<\/h2>\n<p>Teknisen toimivuuden vuoksi t\u00e4rke\u00e4 osa perustusta on sen routa- ja vesieristys. Perustukset joko ulotetaan maapohjan l\u00e4pi aina roudattomaan syvyyteen asti, tai perustusten alle tehd\u00e4\u00e4n tarkoituksenmukainen routaeristys pit\u00e4m\u00e4\u00e4n pakkanen loitolla.<br \/>\nLiika m\u00e4rkyys johdetaan pois rakennuspohjasta salaojituksella. N\u00e4iden lis\u00e4ksi perustuksiin tai perustusten ja niiden yl\u00e4puolisten rakenteiden v\u00e4liin tarvitaan yleens\u00e4 ulkopuolinen vesieristys. Sill\u00e4 estet\u00e4\u00e4n maaper\u00e4n kosteuden imeytyminen rakenteisiin ja v\u00e4ltet\u00e4\u00e4n riski kosteus-, home-, laho- ja muiden vaurioiden syntymisest\u00e4.<\/p>\n","protected":false},"excerpt":{"rendered":"<p>Perustus on teht\u00e4v\u00e4 perusteellisesti Perustus on rakennusten ja rakennelmien maata vasten tuleva osa, jolle rakennelman paino kohdistuu. Perustuksen tarkoitus on est\u00e4\u00e4 rakennuksen painuminen, sill\u00e4 painaumat aiheuttavat halkeamia sek\u00e4 perustuksiin ett\u00e4 my\u00f6s talon lattiaan ja seiniin. K\u00e4yt\u00e4nn\u00f6ss\u00e4 kaikilla paikalleen sijoitetuilla rakennuksilla ja rakennelmilla on perustus. Pientalot perustetaan tavallisesti maanvaraisiksi tai kalliolle. Perustusrakenteiksi luetaan yleens\u00e4 rakennuksen alimman &hellip; <a href=\"https:\/\/www.lammi.fi\/tassu\/ohjeet-ja-dokumentit\/perustus-on-tehtava-perusteellisesti\/\" class=\"more-link\">Lue lis\u00e4\u00e4<span class=\"screen-reader-text\"> &#8221;Perustus on teht\u00e4v\u00e4 perusteellisesti&#8221;<\/span><\/a><\/p>\n","protected":false},"author":1,"featured_media":0,"parent":114,"menu_order":0,"comment_status":"closed","ping_status":"closed","template":"","meta":{"_acf_changed":false,"_improvement_type_select":"improve_an_existing","_thumb_yes_seoaic":false,"_frame_yes_seoaic":false,"seoaic_generate_description":"","seoaic_improve_instructions_prompt":"","seoaic_rollback_content_improvement":"","seoaic_idea_thumbnail_generator":"","thumbnail_generated":false,"thumbnail_generate_prompt":"","seoaic_article_description":"","_glsr_average":0,"_glsr_ranking":0,"_glsr_reviews":0,"footnotes":""},"class_list":["post-181","page","type-page","status-publish","hentry"],"acf":[],"yoast_head":"<!-- This site is optimized with the Yoast SEO plugin v27.1.1 - https:\/\/yoast.com\/product\/yoast-seo-wordpress\/ -->\n<title>Perustus on teht\u00e4v\u00e4 perusteellisesti - Lammi Tassu<\/title>\n<link rel=\"canonical\" href=\"https:\/\/www.lammi.fi\/tassu\/ohjeet-ja-dokumentit\/perustus-on-tehtava-perusteellisesti\/\" \/>\n<meta property=\"og:locale\" content=\"fi_FI\" \/>\n<meta property=\"og:type\" content=\"article\" \/>\n<meta property=\"og:title\" content=\"Perustus on teht\u00e4v\u00e4 perusteellisesti - Lammi Tassu\" \/>\n<meta property=\"og:description\" content=\"Perustus on teht\u00e4v\u00e4 perusteellisesti Perustus on rakennusten ja rakennelmien maata vasten tuleva osa, jolle rakennelman paino kohdistuu. Perustuksen tarkoitus on est\u00e4\u00e4 rakennuksen painuminen, sill\u00e4 painaumat aiheuttavat halkeamia sek\u00e4 perustuksiin ett\u00e4 my\u00f6s talon lattiaan ja seiniin. K\u00e4yt\u00e4nn\u00f6ss\u00e4 kaikilla paikalleen sijoitetuilla rakennuksilla ja rakennelmilla on perustus. Pientalot perustetaan tavallisesti maanvaraisiksi tai kalliolle. Perustusrakenteiksi luetaan yleens\u00e4 rakennuksen alimman &hellip; Lue lis\u00e4\u00e4 &quot;Perustus on teht\u00e4v\u00e4 perusteellisesti&quot;\" \/>\n<meta property=\"og:url\" content=\"https:\/\/www.lammi.fi\/tassu\/ohjeet-ja-dokumentit\/perustus-on-tehtava-perusteellisesti\/\" \/>\n<meta property=\"og:site_name\" content=\"Lammi Tassu\" \/>\n<meta property=\"article:modified_time\" content=\"2018-12-17T11:01:36+00:00\" \/>\n<meta property=\"og:image\" content=\"https:\/\/www.lammi.fi\/tassu\/wp-content\/uploads\/sites\/4\/2018\/12\/Tassu_perustukset_perustus-1024x512.jpg\" \/>\n<meta name=\"twitter:card\" content=\"summary_large_image\" \/>\n<meta name=\"twitter:label1\" content=\"Arvioitu lukuaika\" \/>\n\t<meta name=\"twitter:data1\" content=\"3 minuuttia\" \/>\n<script type=\"application\/ld+json\" class=\"yoast-schema-graph\">{\"@context\":\"https:\/\/schema.org\",\"@graph\":[{\"@type\":\"WebPage\",\"@id\":\"https:\/\/www.lammi.fi\/tassu\/ohjeet-ja-dokumentit\/perustus-on-tehtava-perusteellisesti\/\",\"url\":\"https:\/\/www.lammi.fi\/tassu\/ohjeet-ja-dokumentit\/perustus-on-tehtava-perusteellisesti\/\",\"name\":\"Perustus on teht\u00e4v\u00e4 perusteellisesti - Lammi Tassu\",\"isPartOf\":{\"@id\":\"https:\/\/www.lammi.fi\/tassu\/#website\"},\"primaryImageOfPage\":{\"@id\":\"https:\/\/www.lammi.fi\/tassu\/ohjeet-ja-dokumentit\/perustus-on-tehtava-perusteellisesti\/#primaryimage\"},\"image\":{\"@id\":\"https:\/\/www.lammi.fi\/tassu\/ohjeet-ja-dokumentit\/perustus-on-tehtava-perusteellisesti\/#primaryimage\"},\"thumbnailUrl\":\"https:\/\/www.lammi.fi\/tassu\/wp-content\/uploads\/sites\/4\/2018\/12\/Tassu_perustukset_perustus-1024x512.jpg\",\"datePublished\":\"2018-07-04T10:23:49+00:00\",\"dateModified\":\"2018-12-17T11:01:36+00:00\",\"breadcrumb\":{\"@id\":\"https:\/\/www.lammi.fi\/tassu\/ohjeet-ja-dokumentit\/perustus-on-tehtava-perusteellisesti\/#breadcrumb\"},\"inLanguage\":\"fi\",\"potentialAction\":[{\"@type\":\"ReadAction\",\"target\":[\"https:\/\/www.lammi.fi\/tassu\/ohjeet-ja-dokumentit\/perustus-on-tehtava-perusteellisesti\/\"]}]},{\"@type\":\"ImageObject\",\"inLanguage\":\"fi\",\"@id\":\"https:\/\/www.lammi.fi\/tassu\/ohjeet-ja-dokumentit\/perustus-on-tehtava-perusteellisesti\/#primaryimage\",\"url\":\"https:\/\/www.lammi.fi\/tassu\/wp-content\/uploads\/sites\/4\/2018\/12\/Tassu_perustukset_perustus.jpg\",\"contentUrl\":\"https:\/\/www.lammi.fi\/tassu\/wp-content\/uploads\/sites\/4\/2018\/12\/Tassu_perustukset_perustus.jpg\",\"width\":4167,\"height\":2083},{\"@type\":\"BreadcrumbList\",\"@id\":\"https:\/\/www.lammi.fi\/tassu\/ohjeet-ja-dokumentit\/perustus-on-tehtava-perusteellisesti\/#breadcrumb\",\"itemListElement\":[{\"@type\":\"ListItem\",\"position\":1,\"name\":\"Lammi.fi\",\"item\":\"https:\/\/www.lammi.fi\"},{\"@type\":\"ListItem\",\"position\":2,\"name\":\"Lammi Tassu\",\"item\":\"https:\/\/www.lammi.fi\/tassu\/\"},{\"@type\":\"ListItem\",\"position\":3,\"name\":\"Ohjeet ja dokumentit\",\"item\":\"https:\/\/www.lammi.fi\/tassu\/ohjeet-ja-dokumentit\/\"},{\"@type\":\"ListItem\",\"position\":4,\"name\":\"Perustus on teht\u00e4v\u00e4 perusteellisesti\"}]},{\"@type\":\"WebSite\",\"@id\":\"https:\/\/www.lammi.fi\/tassu\/#website\",\"url\":\"https:\/\/www.lammi.fi\/tassu\/\",\"name\":\"Lammi Tassu\",\"description\":\"Just another Lammi sivusto site\",\"potentialAction\":[{\"@type\":\"SearchAction\",\"target\":{\"@type\":\"EntryPoint\",\"urlTemplate\":\"https:\/\/www.lammi.fi\/tassu\/?s={search_term_string}\"},\"query-input\":{\"@type\":\"PropertyValueSpecification\",\"valueRequired\":true,\"valueName\":\"search_term_string\"}}],\"inLanguage\":\"fi\"}]}<\/script>\n<!-- \/ Yoast SEO plugin. -->","yoast_head_json":{"title":"Perustus on teht\u00e4v\u00e4 perusteellisesti - Lammi Tassu","canonical":"https:\/\/www.lammi.fi\/tassu\/ohjeet-ja-dokumentit\/perustus-on-tehtava-perusteellisesti\/","og_locale":"fi_FI","og_type":"article","og_title":"Perustus on teht\u00e4v\u00e4 perusteellisesti - Lammi Tassu","og_description":"Perustus on teht\u00e4v\u00e4 perusteellisesti Perustus on rakennusten ja rakennelmien maata vasten tuleva osa, jolle rakennelman paino kohdistuu. Perustuksen tarkoitus on est\u00e4\u00e4 rakennuksen painuminen, sill\u00e4 painaumat aiheuttavat halkeamia sek\u00e4 perustuksiin ett\u00e4 my\u00f6s talon lattiaan ja seiniin. K\u00e4yt\u00e4nn\u00f6ss\u00e4 kaikilla paikalleen sijoitetuilla rakennuksilla ja rakennelmilla on perustus. Pientalot perustetaan tavallisesti maanvaraisiksi tai kalliolle. Perustusrakenteiksi luetaan yleens\u00e4 rakennuksen alimman &hellip; Lue lis\u00e4\u00e4 \"Perustus on teht\u00e4v\u00e4 perusteellisesti\"","og_url":"https:\/\/www.lammi.fi\/tassu\/ohjeet-ja-dokumentit\/perustus-on-tehtava-perusteellisesti\/","og_site_name":"Lammi Tassu","article_modified_time":"2018-12-17T11:01:36+00:00","og_image":[{"url":"https:\/\/www.lammi.fi\/tassu\/wp-content\/uploads\/sites\/4\/2018\/12\/Tassu_perustukset_perustus-1024x512.jpg","type":"","width":"","height":""}],"twitter_card":"summary_large_image","twitter_misc":{"Arvioitu lukuaika":"3 minuuttia"},"schema":{"@context":"https:\/\/schema.org","@graph":[{"@type":"WebPage","@id":"https:\/\/www.lammi.fi\/tassu\/ohjeet-ja-dokumentit\/perustus-on-tehtava-perusteellisesti\/","url":"https:\/\/www.lammi.fi\/tassu\/ohjeet-ja-dokumentit\/perustus-on-tehtava-perusteellisesti\/","name":"Perustus on teht\u00e4v\u00e4 perusteellisesti - Lammi Tassu","isPartOf":{"@id":"https:\/\/www.lammi.fi\/tassu\/#website"},"primaryImageOfPage":{"@id":"https:\/\/www.lammi.fi\/tassu\/ohjeet-ja-dokumentit\/perustus-on-tehtava-perusteellisesti\/#primaryimage"},"image":{"@id":"https:\/\/www.lammi.fi\/tassu\/ohjeet-ja-dokumentit\/perustus-on-tehtava-perusteellisesti\/#primaryimage"},"thumbnailUrl":"https:\/\/www.lammi.fi\/tassu\/wp-content\/uploads\/sites\/4\/2018\/12\/Tassu_perustukset_perustus-1024x512.jpg","datePublished":"2018-07-04T10:23:49+00:00","dateModified":"2018-12-17T11:01:36+00:00","breadcrumb":{"@id":"https:\/\/www.lammi.fi\/tassu\/ohjeet-ja-dokumentit\/perustus-on-tehtava-perusteellisesti\/#breadcrumb"},"inLanguage":"fi","potentialAction":[{"@type":"ReadAction","target":["https:\/\/www.lammi.fi\/tassu\/ohjeet-ja-dokumentit\/perustus-on-tehtava-perusteellisesti\/"]}]},{"@type":"ImageObject","inLanguage":"fi","@id":"https:\/\/www.lammi.fi\/tassu\/ohjeet-ja-dokumentit\/perustus-on-tehtava-perusteellisesti\/#primaryimage","url":"https:\/\/www.lammi.fi\/tassu\/wp-content\/uploads\/sites\/4\/2018\/12\/Tassu_perustukset_perustus.jpg","contentUrl":"https:\/\/www.lammi.fi\/tassu\/wp-content\/uploads\/sites\/4\/2018\/12\/Tassu_perustukset_perustus.jpg","width":4167,"height":2083},{"@type":"BreadcrumbList","@id":"https:\/\/www.lammi.fi\/tassu\/ohjeet-ja-dokumentit\/perustus-on-tehtava-perusteellisesti\/#breadcrumb","itemListElement":[{"@type":"ListItem","position":1,"name":"Lammi.fi","item":"https:\/\/www.lammi.fi"},{"@type":"ListItem","position":2,"name":"Lammi Tassu","item":"https:\/\/www.lammi.fi\/tassu\/"},{"@type":"ListItem","position":3,"name":"Ohjeet ja dokumentit","item":"https:\/\/www.lammi.fi\/tassu\/ohjeet-ja-dokumentit\/"},{"@type":"ListItem","position":4,"name":"Perustus on teht\u00e4v\u00e4 perusteellisesti"}]},{"@type":"WebSite","@id":"https:\/\/www.lammi.fi\/tassu\/#website","url":"https:\/\/www.lammi.fi\/tassu\/","name":"Lammi Tassu","description":"Just another Lammi sivusto site","potentialAction":[{"@type":"SearchAction","target":{"@type":"EntryPoint","urlTemplate":"https:\/\/www.lammi.fi\/tassu\/?s={search_term_string}"},"query-input":{"@type":"PropertyValueSpecification","valueRequired":true,"valueName":"search_term_string"}}],"inLanguage":"fi"}]}},"_links":{"self":[{"href":"https:\/\/www.lammi.fi\/tassu\/wp-json\/wp\/v2\/pages\/181","targetHints":{"allow":["GET"]}}],"collection":[{"href":"https:\/\/www.lammi.fi\/tassu\/wp-json\/wp\/v2\/pages"}],"about":[{"href":"https:\/\/www.lammi.fi\/tassu\/wp-json\/wp\/v2\/types\/page"}],"author":[{"embeddable":true,"href":"https:\/\/www.lammi.fi\/tassu\/wp-json\/wp\/v2\/users\/1"}],"replies":[{"embeddable":true,"href":"https:\/\/www.lammi.fi\/tassu\/wp-json\/wp\/v2\/comments?post=181"}],"version-history":[{"count":6,"href":"https:\/\/www.lammi.fi\/tassu\/wp-json\/wp\/v2\/pages\/181\/revisions"}],"predecessor-version":[{"id":622,"href":"https:\/\/www.lammi.fi\/tassu\/wp-json\/wp\/v2\/pages\/181\/revisions\/622"}],"up":[{"embeddable":true,"href":"https:\/\/www.lammi.fi\/tassu\/wp-json\/wp\/v2\/pages\/114"}],"wp:attachment":[{"href":"https:\/\/www.lammi.fi\/tassu\/wp-json\/wp\/v2\/media?parent=181"}],"curies":[{"name":"wp","href":"https:\/\/api.w.org\/{rel}","templated":true}]}}