{"id":177,"date":"2018-07-04T10:23:13","date_gmt":"2018-07-04T10:23:13","guid":{"rendered":"https:\/\/www.lammi.fi\/tassu\/?page_id=177"},"modified":"2018-12-17T10:56:30","modified_gmt":"2018-12-17T10:56:30","slug":"sokkeli","status":"publish","type":"page","link":"https:\/\/www.lammi.fi\/tassu\/ohjeet-ja-dokumentit\/sokkeli\/","title":{"rendered":"Sokkeli"},"content":{"rendered":"<h1>Sokkeli on osa perustuksia<\/h1>\n<p><img decoding=\"async\" class=\"alignnone size-large wp-image-616\" src=\"https:\/\/www.lammi.fi\/tassu\/wp-content\/uploads\/sites\/4\/2018\/12\/Tassu_perustukset_sokkeli_2-1024x512.jpg\" alt=\"\" width=\"840\" height=\"420\" srcset=\"https:\/\/www.lammi.fi\/tassu\/wp-content\/uploads\/sites\/4\/2018\/12\/Tassu_perustukset_sokkeli_2-1024x512.jpg 1024w, https:\/\/www.lammi.fi\/tassu\/wp-content\/uploads\/sites\/4\/2018\/12\/Tassu_perustukset_sokkeli_2-300x150.jpg 300w, https:\/\/www.lammi.fi\/tassu\/wp-content\/uploads\/sites\/4\/2018\/12\/Tassu_perustukset_sokkeli_2-768x384.jpg 768w, https:\/\/www.lammi.fi\/tassu\/wp-content\/uploads\/sites\/4\/2018\/12\/Tassu_perustukset_sokkeli_2-1200x600.jpg 1200w, https:\/\/www.lammi.fi\/tassu\/wp-content\/uploads\/sites\/4\/2018\/12\/Tassu_perustukset_sokkeli_2-1815x907.jpg 1815w\" sizes=\"(max-width: 709px) 85vw, (max-width: 909px) 67vw, (max-width: 1362px) 62vw, 840px\" \/><\/p>\n<p>Sokkeli on osa maapohjaisen rakennuksen perustuksia. Siit\u00e4 k\u00e4ytet\u00e4\u00e4n my\u00f6s nimityst\u00e4 perusmuuri. Sokkeli siirt\u00e4\u00e4 rakennuksen kuormituksen edelleen perustuksiin ja voi toimia my\u00f6s maanpainetta v\u00e4litt\u00e4v\u00e4n\u00e4 rakenteena.\u00a0Sokkeli tehd\u00e4\u00e4n anturan p\u00e4\u00e4lle ja sen p\u00e4\u00e4lle tulee rakennuksen runko. Sokkeli j\u00e4\u00e4 yleens\u00e4 osittain maan alle ja osittain n\u00e4kyviin.<\/p>\n<p>Jos maaper\u00e4 rakennuksen alla on riitt\u00e4v\u00e4n kantavaa maata, ei rakennuksen painoa laajemmalle alalle jakava antura ole v\u00e4ltt\u00e4m\u00e4tt\u00e4 tarpeen.<\/p>\n<h2>Sokkelin rakentaminen<\/h2>\n<p>Sokkeli valetaan yleens\u00e4 ter\u00e4sbetonista tai muurataan harkoista tai valuharkoista anturan p\u00e4\u00e4lle.\u00a0Sokkeli voidaan joko perustaa jatkuvan anturan varaan, tai sokkelipalkit voidaan tukea p\u00e4ist\u00e4\u00e4n pilarianturoiden varaan. Aikaisemmin sokkelipalkit tehtiin paikalla valaen, nyky\u00e4\u00e4n ne tehd\u00e4\u00e4n yleens\u00e4 betonielementeist\u00e4 ja liittyv\u00e4t lattiat kantavista elementeist\u00e4.Vanhoissa rakennuksissa sokkeli ja antura voivat my\u00f6s olla samaa rakennetta ja tehty kivi\u00e4 latomalla tai tiilist\u00e4 muuraamalla.<\/p>\n<p>Sokkelin alapuolinen osa suojataan usein perusmuurilevyll\u00e4 ja mahdollisesti l\u00e4mm\u00f6neristeell\u00e4. Sokkeli suojataan bitumikermill\u00e4 jonka tarkoitus on ohjata valumisvedet anturan alapuolelle ja sielt\u00e4 salaojiin.<\/p>\n<p>Sokkeli on valmistettava riitt\u00e4v\u00e4n korkeaksi, jotta se pit\u00e4\u00e4 rakennuksen irti maasta ja kosteudesta. Maan p\u00e4\u00e4llisen sokkelin korkeudeksi suositellaan v\u00e4hint\u00e4\u00e4n 30 cm, mieluiten 40\u201360 cm. On my\u00f6s huolehdittava vuotovesien poisjohtamisesta, ettei vesi p\u00e4\u00e4se valumaan rakenteisiin.<\/p>\n<p>Huolella valmistetussa sokkelissa ei synny kylm\u00e4siltoja, joista saattaisi aiheutua kosteuden tiivistymist\u00e4 rakenteisiin. Sokkelin ja sen yl\u00e4puolisen sein\u00e4n liitos on oltava ilmatiivis. Kapillaarikatkot sokkelin ja yl\u00e4puolisen sein\u00e4n sek\u00e4 sokkelin ja lattian v\u00e4liss\u00e4 est\u00e4v\u00e4t veden johtumisen rakenteiden v\u00e4lill\u00e4.<\/p>\n<p>Sokkeli voidaan pinnoittaa eri tyyppisill\u00e4 pinnoitteilla esim. maalaus, sirotepinta, laatta tai rappaus.<\/p>\n<p>Sokkeli voidaan verhota julkisivulevyll\u00e4, jolla saa kauniin pinnan, jota ei tarvitse huoltaa juuri lainkaan. Levyt kannattaa asentaa tuulettuvana julkisivuna, jonka takana ilma p\u00e4\u00e4see kiert\u00e4m\u00e4\u00e4n. N\u00e4in perusmuuri pysyy kuivana, se ei halkeile pakkasesta eik\u00e4 hometta muodostu yht\u00e4 helposti. Lis\u00e4ksi perusmuurin l\u00e4mm\u00f6neristys paranee.<\/p>\n","protected":false},"excerpt":{"rendered":"<p>Sokkeli on osa perustuksia Sokkeli on osa maapohjaisen rakennuksen perustuksia. Siit\u00e4 k\u00e4ytet\u00e4\u00e4n my\u00f6s nimityst\u00e4 perusmuuri. Sokkeli siirt\u00e4\u00e4 rakennuksen kuormituksen edelleen perustuksiin ja voi toimia my\u00f6s maanpainetta v\u00e4litt\u00e4v\u00e4n\u00e4 rakenteena.\u00a0Sokkeli tehd\u00e4\u00e4n anturan p\u00e4\u00e4lle ja sen p\u00e4\u00e4lle tulee rakennuksen runko. Sokkeli j\u00e4\u00e4 yleens\u00e4 osittain maan alle ja osittain n\u00e4kyviin. Jos maaper\u00e4 rakennuksen alla on riitt\u00e4v\u00e4n kantavaa maata, ei &hellip; <a href=\"https:\/\/www.lammi.fi\/tassu\/ohjeet-ja-dokumentit\/sokkeli\/\" class=\"more-link\">Lue lis\u00e4\u00e4<span class=\"screen-reader-text\"> &#8221;Sokkeli&#8221;<\/span><\/a><\/p>\n","protected":false},"author":1,"featured_media":0,"parent":114,"menu_order":0,"comment_status":"closed","ping_status":"closed","template":"","meta":{"_acf_changed":false,"_improvement_type_select":"improve_an_existing","_thumb_yes_seoaic":false,"_frame_yes_seoaic":false,"seoaic_generate_description":"","seoaic_improve_instructions_prompt":"","seoaic_rollback_content_improvement":"","seoaic_idea_thumbnail_generator":"","thumbnail_generated":false,"thumbnail_generate_prompt":"","seoaic_article_description":"","_glsr_average":0,"_glsr_ranking":0,"_glsr_reviews":0,"footnotes":""},"class_list":["post-177","page","type-page","status-publish","hentry"],"acf":[],"yoast_head":"<!-- This site is optimized with the Yoast SEO plugin v27.1.1 - https:\/\/yoast.com\/product\/yoast-seo-wordpress\/ -->\n<title>Sokkeli - Lammi Tassu<\/title>\n<link rel=\"canonical\" href=\"https:\/\/www.lammi.fi\/tassu\/ohjeet-ja-dokumentit\/sokkeli\/\" \/>\n<meta property=\"og:locale\" content=\"fi_FI\" \/>\n<meta property=\"og:type\" content=\"article\" \/>\n<meta property=\"og:title\" content=\"Sokkeli - Lammi Tassu\" \/>\n<meta property=\"og:description\" content=\"Sokkeli on osa perustuksia Sokkeli on osa maapohjaisen rakennuksen perustuksia. Siit\u00e4 k\u00e4ytet\u00e4\u00e4n my\u00f6s nimityst\u00e4 perusmuuri. Sokkeli siirt\u00e4\u00e4 rakennuksen kuormituksen edelleen perustuksiin ja voi toimia my\u00f6s maanpainetta v\u00e4litt\u00e4v\u00e4n\u00e4 rakenteena.\u00a0Sokkeli tehd\u00e4\u00e4n anturan p\u00e4\u00e4lle ja sen p\u00e4\u00e4lle tulee rakennuksen runko. Sokkeli j\u00e4\u00e4 yleens\u00e4 osittain maan alle ja osittain n\u00e4kyviin. Jos maaper\u00e4 rakennuksen alla on riitt\u00e4v\u00e4n kantavaa maata, ei &hellip; Lue lis\u00e4\u00e4 &quot;Sokkeli&quot;\" \/>\n<meta property=\"og:url\" content=\"https:\/\/www.lammi.fi\/tassu\/ohjeet-ja-dokumentit\/sokkeli\/\" \/>\n<meta property=\"og:site_name\" content=\"Lammi Tassu\" \/>\n<meta property=\"article:modified_time\" content=\"2018-12-17T10:56:30+00:00\" \/>\n<meta property=\"og:image\" content=\"https:\/\/www.lammi.fi\/tassu\/wp-content\/uploads\/sites\/4\/2018\/12\/Tassu_perustukset_sokkeli_2-1024x512.jpg\" \/>\n<meta name=\"twitter:card\" content=\"summary_large_image\" \/>\n<meta name=\"twitter:label1\" content=\"Arvioitu lukuaika\" \/>\n\t<meta name=\"twitter:data1\" content=\"2 minuuttia\" \/>\n<script type=\"application\/ld+json\" class=\"yoast-schema-graph\">{\"@context\":\"https:\/\/schema.org\",\"@graph\":[{\"@type\":\"WebPage\",\"@id\":\"https:\/\/www.lammi.fi\/tassu\/ohjeet-ja-dokumentit\/sokkeli\/\",\"url\":\"https:\/\/www.lammi.fi\/tassu\/ohjeet-ja-dokumentit\/sokkeli\/\",\"name\":\"Sokkeli - Lammi Tassu\",\"isPartOf\":{\"@id\":\"https:\/\/www.lammi.fi\/tassu\/#website\"},\"primaryImageOfPage\":{\"@id\":\"https:\/\/www.lammi.fi\/tassu\/ohjeet-ja-dokumentit\/sokkeli\/#primaryimage\"},\"image\":{\"@id\":\"https:\/\/www.lammi.fi\/tassu\/ohjeet-ja-dokumentit\/sokkeli\/#primaryimage\"},\"thumbnailUrl\":\"https:\/\/www.lammi.fi\/tassu\/wp-content\/uploads\/sites\/4\/2018\/12\/Tassu_perustukset_sokkeli_2-1024x512.jpg\",\"datePublished\":\"2018-07-04T10:23:13+00:00\",\"dateModified\":\"2018-12-17T10:56:30+00:00\",\"breadcrumb\":{\"@id\":\"https:\/\/www.lammi.fi\/tassu\/ohjeet-ja-dokumentit\/sokkeli\/#breadcrumb\"},\"inLanguage\":\"fi\",\"potentialAction\":[{\"@type\":\"ReadAction\",\"target\":[\"https:\/\/www.lammi.fi\/tassu\/ohjeet-ja-dokumentit\/sokkeli\/\"]}]},{\"@type\":\"ImageObject\",\"inLanguage\":\"fi\",\"@id\":\"https:\/\/www.lammi.fi\/tassu\/ohjeet-ja-dokumentit\/sokkeli\/#primaryimage\",\"url\":\"https:\/\/www.lammi.fi\/tassu\/wp-content\/uploads\/sites\/4\/2018\/12\/Tassu_perustukset_sokkeli_2.jpg\",\"contentUrl\":\"https:\/\/www.lammi.fi\/tassu\/wp-content\/uploads\/sites\/4\/2018\/12\/Tassu_perustukset_sokkeli_2.jpg\",\"width\":4167,\"height\":2083},{\"@type\":\"BreadcrumbList\",\"@id\":\"https:\/\/www.lammi.fi\/tassu\/ohjeet-ja-dokumentit\/sokkeli\/#breadcrumb\",\"itemListElement\":[{\"@type\":\"ListItem\",\"position\":1,\"name\":\"Lammi.fi\",\"item\":\"https:\/\/www.lammi.fi\"},{\"@type\":\"ListItem\",\"position\":2,\"name\":\"Lammi Tassu\",\"item\":\"https:\/\/www.lammi.fi\/tassu\/\"},{\"@type\":\"ListItem\",\"position\":3,\"name\":\"Ohjeet ja dokumentit\",\"item\":\"https:\/\/www.lammi.fi\/tassu\/ohjeet-ja-dokumentit\/\"},{\"@type\":\"ListItem\",\"position\":4,\"name\":\"Sokkeli\"}]},{\"@type\":\"WebSite\",\"@id\":\"https:\/\/www.lammi.fi\/tassu\/#website\",\"url\":\"https:\/\/www.lammi.fi\/tassu\/\",\"name\":\"Lammi Tassu\",\"description\":\"Just another Lammi sivusto site\",\"potentialAction\":[{\"@type\":\"SearchAction\",\"target\":{\"@type\":\"EntryPoint\",\"urlTemplate\":\"https:\/\/www.lammi.fi\/tassu\/?s={search_term_string}\"},\"query-input\":{\"@type\":\"PropertyValueSpecification\",\"valueRequired\":true,\"valueName\":\"search_term_string\"}}],\"inLanguage\":\"fi\"}]}<\/script>\n<!-- \/ Yoast SEO plugin. -->","yoast_head_json":{"title":"Sokkeli - Lammi Tassu","canonical":"https:\/\/www.lammi.fi\/tassu\/ohjeet-ja-dokumentit\/sokkeli\/","og_locale":"fi_FI","og_type":"article","og_title":"Sokkeli - Lammi Tassu","og_description":"Sokkeli on osa perustuksia Sokkeli on osa maapohjaisen rakennuksen perustuksia. Siit\u00e4 k\u00e4ytet\u00e4\u00e4n my\u00f6s nimityst\u00e4 perusmuuri. Sokkeli siirt\u00e4\u00e4 rakennuksen kuormituksen edelleen perustuksiin ja voi toimia my\u00f6s maanpainetta v\u00e4litt\u00e4v\u00e4n\u00e4 rakenteena.\u00a0Sokkeli tehd\u00e4\u00e4n anturan p\u00e4\u00e4lle ja sen p\u00e4\u00e4lle tulee rakennuksen runko. Sokkeli j\u00e4\u00e4 yleens\u00e4 osittain maan alle ja osittain n\u00e4kyviin. Jos maaper\u00e4 rakennuksen alla on riitt\u00e4v\u00e4n kantavaa maata, ei &hellip; Lue lis\u00e4\u00e4 \"Sokkeli\"","og_url":"https:\/\/www.lammi.fi\/tassu\/ohjeet-ja-dokumentit\/sokkeli\/","og_site_name":"Lammi Tassu","article_modified_time":"2018-12-17T10:56:30+00:00","og_image":[{"url":"https:\/\/www.lammi.fi\/tassu\/wp-content\/uploads\/sites\/4\/2018\/12\/Tassu_perustukset_sokkeli_2-1024x512.jpg","type":"","width":"","height":""}],"twitter_card":"summary_large_image","twitter_misc":{"Arvioitu lukuaika":"2 minuuttia"},"schema":{"@context":"https:\/\/schema.org","@graph":[{"@type":"WebPage","@id":"https:\/\/www.lammi.fi\/tassu\/ohjeet-ja-dokumentit\/sokkeli\/","url":"https:\/\/www.lammi.fi\/tassu\/ohjeet-ja-dokumentit\/sokkeli\/","name":"Sokkeli - Lammi Tassu","isPartOf":{"@id":"https:\/\/www.lammi.fi\/tassu\/#website"},"primaryImageOfPage":{"@id":"https:\/\/www.lammi.fi\/tassu\/ohjeet-ja-dokumentit\/sokkeli\/#primaryimage"},"image":{"@id":"https:\/\/www.lammi.fi\/tassu\/ohjeet-ja-dokumentit\/sokkeli\/#primaryimage"},"thumbnailUrl":"https:\/\/www.lammi.fi\/tassu\/wp-content\/uploads\/sites\/4\/2018\/12\/Tassu_perustukset_sokkeli_2-1024x512.jpg","datePublished":"2018-07-04T10:23:13+00:00","dateModified":"2018-12-17T10:56:30+00:00","breadcrumb":{"@id":"https:\/\/www.lammi.fi\/tassu\/ohjeet-ja-dokumentit\/sokkeli\/#breadcrumb"},"inLanguage":"fi","potentialAction":[{"@type":"ReadAction","target":["https:\/\/www.lammi.fi\/tassu\/ohjeet-ja-dokumentit\/sokkeli\/"]}]},{"@type":"ImageObject","inLanguage":"fi","@id":"https:\/\/www.lammi.fi\/tassu\/ohjeet-ja-dokumentit\/sokkeli\/#primaryimage","url":"https:\/\/www.lammi.fi\/tassu\/wp-content\/uploads\/sites\/4\/2018\/12\/Tassu_perustukset_sokkeli_2.jpg","contentUrl":"https:\/\/www.lammi.fi\/tassu\/wp-content\/uploads\/sites\/4\/2018\/12\/Tassu_perustukset_sokkeli_2.jpg","width":4167,"height":2083},{"@type":"BreadcrumbList","@id":"https:\/\/www.lammi.fi\/tassu\/ohjeet-ja-dokumentit\/sokkeli\/#breadcrumb","itemListElement":[{"@type":"ListItem","position":1,"name":"Lammi.fi","item":"https:\/\/www.lammi.fi"},{"@type":"ListItem","position":2,"name":"Lammi Tassu","item":"https:\/\/www.lammi.fi\/tassu\/"},{"@type":"ListItem","position":3,"name":"Ohjeet ja dokumentit","item":"https:\/\/www.lammi.fi\/tassu\/ohjeet-ja-dokumentit\/"},{"@type":"ListItem","position":4,"name":"Sokkeli"}]},{"@type":"WebSite","@id":"https:\/\/www.lammi.fi\/tassu\/#website","url":"https:\/\/www.lammi.fi\/tassu\/","name":"Lammi Tassu","description":"Just another Lammi sivusto site","potentialAction":[{"@type":"SearchAction","target":{"@type":"EntryPoint","urlTemplate":"https:\/\/www.lammi.fi\/tassu\/?s={search_term_string}"},"query-input":{"@type":"PropertyValueSpecification","valueRequired":true,"valueName":"search_term_string"}}],"inLanguage":"fi"}]}},"_links":{"self":[{"href":"https:\/\/www.lammi.fi\/tassu\/wp-json\/wp\/v2\/pages\/177","targetHints":{"allow":["GET"]}}],"collection":[{"href":"https:\/\/www.lammi.fi\/tassu\/wp-json\/wp\/v2\/pages"}],"about":[{"href":"https:\/\/www.lammi.fi\/tassu\/wp-json\/wp\/v2\/types\/page"}],"author":[{"embeddable":true,"href":"https:\/\/www.lammi.fi\/tassu\/wp-json\/wp\/v2\/users\/1"}],"replies":[{"embeddable":true,"href":"https:\/\/www.lammi.fi\/tassu\/wp-json\/wp\/v2\/comments?post=177"}],"version-history":[{"count":5,"href":"https:\/\/www.lammi.fi\/tassu\/wp-json\/wp\/v2\/pages\/177\/revisions"}],"predecessor-version":[{"id":619,"href":"https:\/\/www.lammi.fi\/tassu\/wp-json\/wp\/v2\/pages\/177\/revisions\/619"}],"up":[{"embeddable":true,"href":"https:\/\/www.lammi.fi\/tassu\/wp-json\/wp\/v2\/pages\/114"}],"wp:attachment":[{"href":"https:\/\/www.lammi.fi\/tassu\/wp-json\/wp\/v2\/media?parent=177"}],"curies":[{"name":"wp","href":"https:\/\/api.w.org\/{rel}","templated":true}]}}