{"id":171,"date":"2018-07-04T10:22:27","date_gmt":"2018-07-04T10:22:27","guid":{"rendered":"https:\/\/www.lammi.fi\/tassu\/?page_id=171"},"modified":"2018-12-17T10:43:07","modified_gmt":"2018-12-17T10:43:07","slug":"harkkoperustus-ja-pilariharkkoperustus","status":"publish","type":"page","link":"https:\/\/www.lammi.fi\/tassu\/ohjeet-ja-dokumentit\/harkkoperustus-ja-pilariharkkoperustus\/","title":{"rendered":"Harkkoperustus ja pilariharkkoperustus"},"content":{"rendered":"<h1>Harkkoperustus ja pilariharkkoperustus<\/h1>\n<p><img decoding=\"async\" class=\"alignnone size-large wp-image-611\" src=\"https:\/\/www.lammi.fi\/tassu\/wp-content\/uploads\/sites\/4\/2018\/12\/Tassu_perustukset_harkkoperustus-1024x512.jpg\" alt=\"\" width=\"840\" height=\"420\" srcset=\"https:\/\/www.lammi.fi\/tassu\/wp-content\/uploads\/sites\/4\/2018\/12\/Tassu_perustukset_harkkoperustus-1024x512.jpg 1024w, https:\/\/www.lammi.fi\/tassu\/wp-content\/uploads\/sites\/4\/2018\/12\/Tassu_perustukset_harkkoperustus-300x150.jpg 300w, https:\/\/www.lammi.fi\/tassu\/wp-content\/uploads\/sites\/4\/2018\/12\/Tassu_perustukset_harkkoperustus-768x384.jpg 768w, https:\/\/www.lammi.fi\/tassu\/wp-content\/uploads\/sites\/4\/2018\/12\/Tassu_perustukset_harkkoperustus-1200x600.jpg 1200w, https:\/\/www.lammi.fi\/tassu\/wp-content\/uploads\/sites\/4\/2018\/12\/Tassu_perustukset_harkkoperustus-1815x907.jpg 1815w\" sizes=\"(max-width: 709px) 85vw, (max-width: 909px) 67vw, (max-width: 1362px) 62vw, 840px\" \/><\/p>\n<p>Harkkoperustuksessa betonista valetun anturan p\u00e4\u00e4lle muurataan harkoista kest\u00e4v\u00e4 perustus. Perustuksen tuleekin kest\u00e4\u00e4 k\u00e4yt\u00f6ss\u00e4 l\u00e4ht\u00f6kohtaisesti ainakin sata vuotta. Harkkoperustus sopii erikoisiinkin rakenteisiin, useimpiin maaperiin ja maastoihin. Suunnittelijan tulee aina ottaa huomioon kohteen erityispiirteet ja maaper\u00e4olosuhteet niin, ett\u00e4 saavutetaan m\u00e4\u00e4r\u00e4ysten mukainen ja toimiva lopputulos.<\/p>\n<p>Kevytsora- ja betoniharkot ovat k\u00e4sitelt\u00e4vyytens\u00e4, l\u00e4mm\u00f6neristyskykyns\u00e4 ja lujuutensa ansiosta paljon k\u00e4ytettyj\u00e4 perustusmateriaaleja. Erilaiset betoni- ja kevytsoraharkot muodostavat kokonaisen rakennej\u00e4rjestelm\u00e4n, jolla voidaan toteuttaa kaikki rakennuksen sein\u00e4- ja perustusrakenteet.<\/p>\n<h2>Perustukset nopeasti harkoilla<\/h2>\n<p>Vakio- ja erikoisharkkoja k\u00e4ytt\u00e4m\u00e4ll\u00e4 voidaan perustukset rakentaa nopeasti, ilman muotti- ja lis\u00e4eristyst\u00f6it\u00e4. Valettavat harkot ladotaan p\u00e4\u00e4llekk\u00e4in, jolloin valuaukot j\u00e4\u00e4v\u00e4t vapaiksi betonointia varten. Aukot raudoitetaan suunnitelman mukaan pysty- ja vaakaraudoituksella. Rakenne tuetaan huolella ennen valua. Betoni tiivistet\u00e4\u00e4n t\u00e4ryttimell\u00e4.<\/p>\n<p>Valuharkkoja saa sek\u00e4 erist\u00e4m\u00e4tt\u00f6min\u00e4 ett\u00e4 eristettyin\u00e4. Kohteesta ja rakennesuunnitelmista riippuu, kumpi harkkotyyppi soveltuu paremmin. Tuulettuvaan alapohjaan ja kellariperustuksiin suositellaan eristeharkkoa, jolloin ontelolaatasto kannatetaan valetun harkon sis\u00e4kuoren p\u00e4\u00e4lle.<\/p>\n<p>Valettavia betoniharkkoja ja ter\u00e4sraudoitusta k\u00e4ytt\u00e4m\u00e4ll\u00e4 saadaan hyv\u00e4 kest\u00e4vyys maanpainetta vastaan. Betoniharkko on materiaalina ilmanpit\u00e4v\u00e4, joten perustuksien pintak\u00e4sittelyvaatimukset ovat v\u00e4h\u00e4isi\u00e4.<\/p>\n<p>Lue lis\u00e4\u00e4\u00a0<a href=\"http:\/\/www.lamminbetoni.fi\/fi\/perustukset\">perustukseen soveltuvista harkoista ja niiden k\u00e4yt\u00f6st\u00e4<\/a>.<\/p>\n<h2>Pilariharkkoperustus<\/h2>\n<p>Pilariharkko sopii kevyiden rakenteiden ja rakennusten peruspilareiden tekoon. Perustustapa sopii muun muassa kes\u00e4m\u00f6kkien, autosuojien ja aitojen perustusten tekoon. Harkkopilarien tekemiseen on saatavilla pilarivaluharkkoja. Harkot ladotaan valetun anturan p\u00e4\u00e4lle oikeaan korkoon, raudoitetaan riitt\u00e4v\u00e4sti ja valetaan betonilla umpeen. Pilariharkkoperustus routasuojataan kylmien rakenteiden rakennesuunnitelmia noudattaen.<\/p>\n<p>Lue lis\u00e4\u00e4\u00a0<a href=\"http:\/\/www.lamminbetoni.fi\/fi\/pilarit\">pilariharkoista<\/a>.<\/p>\n","protected":false},"excerpt":{"rendered":"<p>Harkkoperustus ja pilariharkkoperustus Harkkoperustuksessa betonista valetun anturan p\u00e4\u00e4lle muurataan harkoista kest\u00e4v\u00e4 perustus. Perustuksen tuleekin kest\u00e4\u00e4 k\u00e4yt\u00f6ss\u00e4 l\u00e4ht\u00f6kohtaisesti ainakin sata vuotta. Harkkoperustus sopii erikoisiinkin rakenteisiin, useimpiin maaperiin ja maastoihin. Suunnittelijan tulee aina ottaa huomioon kohteen erityispiirteet ja maaper\u00e4olosuhteet niin, ett\u00e4 saavutetaan m\u00e4\u00e4r\u00e4ysten mukainen ja toimiva lopputulos. Kevytsora- ja betoniharkot ovat k\u00e4sitelt\u00e4vyytens\u00e4, l\u00e4mm\u00f6neristyskykyns\u00e4 ja lujuutensa ansiosta paljon &hellip; <a href=\"https:\/\/www.lammi.fi\/tassu\/ohjeet-ja-dokumentit\/harkkoperustus-ja-pilariharkkoperustus\/\" class=\"more-link\">Lue lis\u00e4\u00e4<span class=\"screen-reader-text\"> &#8221;Harkkoperustus ja pilariharkkoperustus&#8221;<\/span><\/a><\/p>\n","protected":false},"author":1,"featured_media":0,"parent":114,"menu_order":0,"comment_status":"closed","ping_status":"closed","template":"","meta":{"_acf_changed":false,"_improvement_type_select":"improve_an_existing","_thumb_yes_seoaic":false,"_frame_yes_seoaic":false,"seoaic_generate_description":"","seoaic_improve_instructions_prompt":"","seoaic_rollback_content_improvement":"","seoaic_idea_thumbnail_generator":"","thumbnail_generated":false,"thumbnail_generate_prompt":"","seoaic_article_description":"","_glsr_average":0,"_glsr_ranking":0,"_glsr_reviews":0,"footnotes":""},"class_list":["post-171","page","type-page","status-publish","hentry"],"acf":[],"yoast_head":"<!-- This site is optimized with the Yoast SEO plugin v27.1.1 - https:\/\/yoast.com\/product\/yoast-seo-wordpress\/ -->\n<title>Harkkoperustus ja pilariharkkoperustus - Lammi Tassu<\/title>\n<link rel=\"canonical\" href=\"https:\/\/www.lammi.fi\/tassu\/ohjeet-ja-dokumentit\/harkkoperustus-ja-pilariharkkoperustus\/\" \/>\n<meta property=\"og:locale\" content=\"fi_FI\" \/>\n<meta property=\"og:type\" content=\"article\" \/>\n<meta property=\"og:title\" content=\"Harkkoperustus ja pilariharkkoperustus - Lammi Tassu\" \/>\n<meta property=\"og:description\" content=\"Harkkoperustus ja pilariharkkoperustus Harkkoperustuksessa betonista valetun anturan p\u00e4\u00e4lle muurataan harkoista kest\u00e4v\u00e4 perustus. Perustuksen tuleekin kest\u00e4\u00e4 k\u00e4yt\u00f6ss\u00e4 l\u00e4ht\u00f6kohtaisesti ainakin sata vuotta. Harkkoperustus sopii erikoisiinkin rakenteisiin, useimpiin maaperiin ja maastoihin. Suunnittelijan tulee aina ottaa huomioon kohteen erityispiirteet ja maaper\u00e4olosuhteet niin, ett\u00e4 saavutetaan m\u00e4\u00e4r\u00e4ysten mukainen ja toimiva lopputulos. Kevytsora- ja betoniharkot ovat k\u00e4sitelt\u00e4vyytens\u00e4, l\u00e4mm\u00f6neristyskykyns\u00e4 ja lujuutensa ansiosta paljon &hellip; Lue lis\u00e4\u00e4 &quot;Harkkoperustus ja pilariharkkoperustus&quot;\" \/>\n<meta property=\"og:url\" content=\"https:\/\/www.lammi.fi\/tassu\/ohjeet-ja-dokumentit\/harkkoperustus-ja-pilariharkkoperustus\/\" \/>\n<meta property=\"og:site_name\" content=\"Lammi Tassu\" \/>\n<meta property=\"article:modified_time\" content=\"2018-12-17T10:43:07+00:00\" \/>\n<meta property=\"og:image\" content=\"https:\/\/www.lammi.fi\/tassu\/wp-content\/uploads\/sites\/4\/2018\/12\/Tassu_perustukset_harkkoperustus-1024x512.jpg\" \/>\n<meta name=\"twitter:card\" content=\"summary_large_image\" \/>\n<meta name=\"twitter:label1\" content=\"Arvioitu lukuaika\" \/>\n\t<meta name=\"twitter:data1\" content=\"1 minuutti\" \/>\n<script type=\"application\/ld+json\" class=\"yoast-schema-graph\">{\"@context\":\"https:\/\/schema.org\",\"@graph\":[{\"@type\":\"WebPage\",\"@id\":\"https:\/\/www.lammi.fi\/tassu\/ohjeet-ja-dokumentit\/harkkoperustus-ja-pilariharkkoperustus\/\",\"url\":\"https:\/\/www.lammi.fi\/tassu\/ohjeet-ja-dokumentit\/harkkoperustus-ja-pilariharkkoperustus\/\",\"name\":\"Harkkoperustus ja pilariharkkoperustus - Lammi Tassu\",\"isPartOf\":{\"@id\":\"https:\/\/www.lammi.fi\/tassu\/#website\"},\"primaryImageOfPage\":{\"@id\":\"https:\/\/www.lammi.fi\/tassu\/ohjeet-ja-dokumentit\/harkkoperustus-ja-pilariharkkoperustus\/#primaryimage\"},\"image\":{\"@id\":\"https:\/\/www.lammi.fi\/tassu\/ohjeet-ja-dokumentit\/harkkoperustus-ja-pilariharkkoperustus\/#primaryimage\"},\"thumbnailUrl\":\"https:\/\/www.lammi.fi\/tassu\/wp-content\/uploads\/sites\/4\/2018\/12\/Tassu_perustukset_harkkoperustus-1024x512.jpg\",\"datePublished\":\"2018-07-04T10:22:27+00:00\",\"dateModified\":\"2018-12-17T10:43:07+00:00\",\"breadcrumb\":{\"@id\":\"https:\/\/www.lammi.fi\/tassu\/ohjeet-ja-dokumentit\/harkkoperustus-ja-pilariharkkoperustus\/#breadcrumb\"},\"inLanguage\":\"fi\",\"potentialAction\":[{\"@type\":\"ReadAction\",\"target\":[\"https:\/\/www.lammi.fi\/tassu\/ohjeet-ja-dokumentit\/harkkoperustus-ja-pilariharkkoperustus\/\"]}]},{\"@type\":\"ImageObject\",\"inLanguage\":\"fi\",\"@id\":\"https:\/\/www.lammi.fi\/tassu\/ohjeet-ja-dokumentit\/harkkoperustus-ja-pilariharkkoperustus\/#primaryimage\",\"url\":\"https:\/\/www.lammi.fi\/tassu\/wp-content\/uploads\/sites\/4\/2018\/12\/Tassu_perustukset_harkkoperustus.jpg\",\"contentUrl\":\"https:\/\/www.lammi.fi\/tassu\/wp-content\/uploads\/sites\/4\/2018\/12\/Tassu_perustukset_harkkoperustus.jpg\",\"width\":4167,\"height\":2083},{\"@type\":\"BreadcrumbList\",\"@id\":\"https:\/\/www.lammi.fi\/tassu\/ohjeet-ja-dokumentit\/harkkoperustus-ja-pilariharkkoperustus\/#breadcrumb\",\"itemListElement\":[{\"@type\":\"ListItem\",\"position\":1,\"name\":\"Lammi.fi\",\"item\":\"https:\/\/www.lammi.fi\"},{\"@type\":\"ListItem\",\"position\":2,\"name\":\"Lammi Tassu\",\"item\":\"https:\/\/www.lammi.fi\/tassu\/\"},{\"@type\":\"ListItem\",\"position\":3,\"name\":\"Ohjeet ja dokumentit\",\"item\":\"https:\/\/www.lammi.fi\/tassu\/ohjeet-ja-dokumentit\/\"},{\"@type\":\"ListItem\",\"position\":4,\"name\":\"Harkkoperustus ja pilariharkkoperustus\"}]},{\"@type\":\"WebSite\",\"@id\":\"https:\/\/www.lammi.fi\/tassu\/#website\",\"url\":\"https:\/\/www.lammi.fi\/tassu\/\",\"name\":\"Lammi Tassu\",\"description\":\"Just another Lammi sivusto site\",\"potentialAction\":[{\"@type\":\"SearchAction\",\"target\":{\"@type\":\"EntryPoint\",\"urlTemplate\":\"https:\/\/www.lammi.fi\/tassu\/?s={search_term_string}\"},\"query-input\":{\"@type\":\"PropertyValueSpecification\",\"valueRequired\":true,\"valueName\":\"search_term_string\"}}],\"inLanguage\":\"fi\"}]}<\/script>\n<!-- \/ Yoast SEO plugin. -->","yoast_head_json":{"title":"Harkkoperustus ja pilariharkkoperustus - Lammi Tassu","canonical":"https:\/\/www.lammi.fi\/tassu\/ohjeet-ja-dokumentit\/harkkoperustus-ja-pilariharkkoperustus\/","og_locale":"fi_FI","og_type":"article","og_title":"Harkkoperustus ja pilariharkkoperustus - Lammi Tassu","og_description":"Harkkoperustus ja pilariharkkoperustus Harkkoperustuksessa betonista valetun anturan p\u00e4\u00e4lle muurataan harkoista kest\u00e4v\u00e4 perustus. Perustuksen tuleekin kest\u00e4\u00e4 k\u00e4yt\u00f6ss\u00e4 l\u00e4ht\u00f6kohtaisesti ainakin sata vuotta. Harkkoperustus sopii erikoisiinkin rakenteisiin, useimpiin maaperiin ja maastoihin. Suunnittelijan tulee aina ottaa huomioon kohteen erityispiirteet ja maaper\u00e4olosuhteet niin, ett\u00e4 saavutetaan m\u00e4\u00e4r\u00e4ysten mukainen ja toimiva lopputulos. Kevytsora- ja betoniharkot ovat k\u00e4sitelt\u00e4vyytens\u00e4, l\u00e4mm\u00f6neristyskykyns\u00e4 ja lujuutensa ansiosta paljon &hellip; Lue lis\u00e4\u00e4 \"Harkkoperustus ja pilariharkkoperustus\"","og_url":"https:\/\/www.lammi.fi\/tassu\/ohjeet-ja-dokumentit\/harkkoperustus-ja-pilariharkkoperustus\/","og_site_name":"Lammi Tassu","article_modified_time":"2018-12-17T10:43:07+00:00","og_image":[{"url":"https:\/\/www.lammi.fi\/tassu\/wp-content\/uploads\/sites\/4\/2018\/12\/Tassu_perustukset_harkkoperustus-1024x512.jpg","type":"","width":"","height":""}],"twitter_card":"summary_large_image","twitter_misc":{"Arvioitu lukuaika":"1 minuutti"},"schema":{"@context":"https:\/\/schema.org","@graph":[{"@type":"WebPage","@id":"https:\/\/www.lammi.fi\/tassu\/ohjeet-ja-dokumentit\/harkkoperustus-ja-pilariharkkoperustus\/","url":"https:\/\/www.lammi.fi\/tassu\/ohjeet-ja-dokumentit\/harkkoperustus-ja-pilariharkkoperustus\/","name":"Harkkoperustus ja pilariharkkoperustus - Lammi Tassu","isPartOf":{"@id":"https:\/\/www.lammi.fi\/tassu\/#website"},"primaryImageOfPage":{"@id":"https:\/\/www.lammi.fi\/tassu\/ohjeet-ja-dokumentit\/harkkoperustus-ja-pilariharkkoperustus\/#primaryimage"},"image":{"@id":"https:\/\/www.lammi.fi\/tassu\/ohjeet-ja-dokumentit\/harkkoperustus-ja-pilariharkkoperustus\/#primaryimage"},"thumbnailUrl":"https:\/\/www.lammi.fi\/tassu\/wp-content\/uploads\/sites\/4\/2018\/12\/Tassu_perustukset_harkkoperustus-1024x512.jpg","datePublished":"2018-07-04T10:22:27+00:00","dateModified":"2018-12-17T10:43:07+00:00","breadcrumb":{"@id":"https:\/\/www.lammi.fi\/tassu\/ohjeet-ja-dokumentit\/harkkoperustus-ja-pilariharkkoperustus\/#breadcrumb"},"inLanguage":"fi","potentialAction":[{"@type":"ReadAction","target":["https:\/\/www.lammi.fi\/tassu\/ohjeet-ja-dokumentit\/harkkoperustus-ja-pilariharkkoperustus\/"]}]},{"@type":"ImageObject","inLanguage":"fi","@id":"https:\/\/www.lammi.fi\/tassu\/ohjeet-ja-dokumentit\/harkkoperustus-ja-pilariharkkoperustus\/#primaryimage","url":"https:\/\/www.lammi.fi\/tassu\/wp-content\/uploads\/sites\/4\/2018\/12\/Tassu_perustukset_harkkoperustus.jpg","contentUrl":"https:\/\/www.lammi.fi\/tassu\/wp-content\/uploads\/sites\/4\/2018\/12\/Tassu_perustukset_harkkoperustus.jpg","width":4167,"height":2083},{"@type":"BreadcrumbList","@id":"https:\/\/www.lammi.fi\/tassu\/ohjeet-ja-dokumentit\/harkkoperustus-ja-pilariharkkoperustus\/#breadcrumb","itemListElement":[{"@type":"ListItem","position":1,"name":"Lammi.fi","item":"https:\/\/www.lammi.fi"},{"@type":"ListItem","position":2,"name":"Lammi Tassu","item":"https:\/\/www.lammi.fi\/tassu\/"},{"@type":"ListItem","position":3,"name":"Ohjeet ja dokumentit","item":"https:\/\/www.lammi.fi\/tassu\/ohjeet-ja-dokumentit\/"},{"@type":"ListItem","position":4,"name":"Harkkoperustus ja pilariharkkoperustus"}]},{"@type":"WebSite","@id":"https:\/\/www.lammi.fi\/tassu\/#website","url":"https:\/\/www.lammi.fi\/tassu\/","name":"Lammi Tassu","description":"Just another Lammi sivusto site","potentialAction":[{"@type":"SearchAction","target":{"@type":"EntryPoint","urlTemplate":"https:\/\/www.lammi.fi\/tassu\/?s={search_term_string}"},"query-input":{"@type":"PropertyValueSpecification","valueRequired":true,"valueName":"search_term_string"}}],"inLanguage":"fi"}]}},"_links":{"self":[{"href":"https:\/\/www.lammi.fi\/tassu\/wp-json\/wp\/v2\/pages\/171","targetHints":{"allow":["GET"]}}],"collection":[{"href":"https:\/\/www.lammi.fi\/tassu\/wp-json\/wp\/v2\/pages"}],"about":[{"href":"https:\/\/www.lammi.fi\/tassu\/wp-json\/wp\/v2\/types\/page"}],"author":[{"embeddable":true,"href":"https:\/\/www.lammi.fi\/tassu\/wp-json\/wp\/v2\/users\/1"}],"replies":[{"embeddable":true,"href":"https:\/\/www.lammi.fi\/tassu\/wp-json\/wp\/v2\/comments?post=171"}],"version-history":[{"count":7,"href":"https:\/\/www.lammi.fi\/tassu\/wp-json\/wp\/v2\/pages\/171\/revisions"}],"predecessor-version":[{"id":614,"href":"https:\/\/www.lammi.fi\/tassu\/wp-json\/wp\/v2\/pages\/171\/revisions\/614"}],"up":[{"embeddable":true,"href":"https:\/\/www.lammi.fi\/tassu\/wp-json\/wp\/v2\/pages\/114"}],"wp:attachment":[{"href":"https:\/\/www.lammi.fi\/tassu\/wp-json\/wp\/v2\/media?parent=171"}],"curies":[{"name":"wp","href":"https:\/\/api.w.org\/{rel}","templated":true}]}}