{"id":120,"date":"2018-07-04T09:43:04","date_gmt":"2018-07-04T09:43:04","guid":{"rendered":"https:\/\/www.lammi.fi\/tassu\/?page_id=120"},"modified":"2025-11-04T13:23:00","modified_gmt":"2025-11-04T10:23:00","slug":"jalleenmyyjan-tarjouspyynto","status":"publish","type":"page","link":"https:\/\/www.lammi.fi\/tassu\/yhteystiedot\/jalleenmyyjan-tarjouspyynto\/","title":{"rendered":"J\u00e4lleenmyyj\u00e4n tarjouspyynt\u00f6"},"content":{"rendered":"<h1>J\u00e4lleenmyyj\u00e4n tarjouspyynt\u00f6<\/h1>\n\n<p><a href=\"https:\/\/www.lammi.fi\/rekisteriseloste\/\" target=\"_blank\" rel=\"noopener\">Rekisteriseloste<\/a><\/p>\n","protected":false},"excerpt":{"rendered":"<p>J\u00e4lleenmyyj\u00e4n tarjouspyynt\u00f6 Rekisteriseloste<\/p>\n","protected":false},"author":1,"featured_media":0,"parent":116,"menu_order":0,"comment_status":"closed","ping_status":"closed","template":"","meta":{"_acf_changed":false,"_improvement_type_select":"improve_an_existing","_thumb_yes_seoaic":false,"_frame_yes_seoaic":false,"seoaic_generate_description":"","seoaic_improve_instructions_prompt":"","seoaic_rollback_content_improvement":"","seoaic_idea_thumbnail_generator":"","thumbnail_generated":false,"thumbnail_generate_prompt":"","seoaic_article_description":"","_glsr_average":0,"_glsr_ranking":0,"_glsr_reviews":0,"footnotes":""},"class_list":["post-120","page","type-page","status-publish","hentry"],"acf":[],"yoast_head":"<!-- This site is optimized with the Yoast SEO plugin v27.1.1 - https:\/\/yoast.com\/product\/yoast-seo-wordpress\/ -->\n<title>J\u00e4lleenmyyj\u00e4n tarjouspyynt\u00f6 - Lammi Tassu<\/title>\n<link rel=\"canonical\" href=\"https:\/\/www.lammi.fi\/tassu\/yhteystiedot\/jalleenmyyjan-tarjouspyynto\/\" \/>\n<meta property=\"og:locale\" content=\"fi_FI\" \/>\n<meta property=\"og:type\" content=\"article\" \/>\n<meta property=\"og:title\" content=\"J\u00e4lleenmyyj\u00e4n tarjouspyynt\u00f6 - Lammi Tassu\" \/>\n<meta property=\"og:description\" content=\"J\u00e4lleenmyyj\u00e4n tarjouspyynt\u00f6 Rekisteriseloste\" \/>\n<meta property=\"og:url\" content=\"https:\/\/www.lammi.fi\/tassu\/yhteystiedot\/jalleenmyyjan-tarjouspyynto\/\" \/>\n<meta property=\"og:site_name\" content=\"Lammi Tassu\" \/>\n<meta property=\"article:modified_time\" content=\"2025-11-04T10:23:00+00:00\" \/>\n<meta name=\"twitter:card\" content=\"summary_large_image\" \/>\n<meta name=\"twitter:label1\" content=\"Arvioitu lukuaika\" \/>\n\t<meta name=\"twitter:data1\" content=\"1 minuutti\" \/>\n<script type=\"application\/ld+json\" class=\"yoast-schema-graph\">{\"@context\":\"https:\/\/schema.org\",\"@graph\":[{\"@type\":\"WebPage\",\"@id\":\"https:\/\/www.lammi.fi\/tassu\/yhteystiedot\/jalleenmyyjan-tarjouspyynto\/\",\"url\":\"https:\/\/www.lammi.fi\/tassu\/yhteystiedot\/jalleenmyyjan-tarjouspyynto\/\",\"name\":\"J\u00e4lleenmyyj\u00e4n tarjouspyynt\u00f6 - Lammi Tassu\",\"isPartOf\":{\"@id\":\"https:\/\/www.lammi.fi\/tassu\/#website\"},\"datePublished\":\"2018-07-04T09:43:04+00:00\",\"dateModified\":\"2025-11-04T10:23:00+00:00\",\"breadcrumb\":{\"@id\":\"https:\/\/www.lammi.fi\/tassu\/yhteystiedot\/jalleenmyyjan-tarjouspyynto\/#breadcrumb\"},\"inLanguage\":\"fi\",\"potentialAction\":[{\"@type\":\"ReadAction\",\"target\":[\"https:\/\/www.lammi.fi\/tassu\/yhteystiedot\/jalleenmyyjan-tarjouspyynto\/\"]}]},{\"@type\":\"BreadcrumbList\",\"@id\":\"https:\/\/www.lammi.fi\/tassu\/yhteystiedot\/jalleenmyyjan-tarjouspyynto\/#breadcrumb\",\"itemListElement\":[{\"@type\":\"ListItem\",\"position\":1,\"name\":\"Lammi.fi\",\"item\":\"https:\/\/www.lammi.fi\"},{\"@type\":\"ListItem\",\"position\":2,\"name\":\"Lammi Tassu\",\"item\":\"https:\/\/www.lammi.fi\/tassu\/\"},{\"@type\":\"ListItem\",\"position\":3,\"name\":\"Yhteystiedot\",\"item\":\"https:\/\/www.lammi.fi\/tassu\/yhteystiedot\/\"},{\"@type\":\"ListItem\",\"position\":4,\"name\":\"J\u00e4lleenmyyj\u00e4n tarjouspyynt\u00f6\"}]},{\"@type\":\"WebSite\",\"@id\":\"https:\/\/www.lammi.fi\/tassu\/#website\",\"url\":\"https:\/\/www.lammi.fi\/tassu\/\",\"name\":\"Lammi Tassu\",\"description\":\"Just another Lammi sivusto site\",\"potentialAction\":[{\"@type\":\"SearchAction\",\"target\":{\"@type\":\"EntryPoint\",\"urlTemplate\":\"https:\/\/www.lammi.fi\/tassu\/?s={search_term_string}\"},\"query-input\":{\"@type\":\"PropertyValueSpecification\",\"valueRequired\":true,\"valueName\":\"search_term_string\"}}],\"inLanguage\":\"fi\"}]}<\/script>\n<!-- \/ Yoast SEO plugin. -->","yoast_head_json":{"title":"J\u00e4lleenmyyj\u00e4n tarjouspyynt\u00f6 - Lammi Tassu","canonical":"https:\/\/www.lammi.fi\/tassu\/yhteystiedot\/jalleenmyyjan-tarjouspyynto\/","og_locale":"fi_FI","og_type":"article","og_title":"J\u00e4lleenmyyj\u00e4n tarjouspyynt\u00f6 - Lammi Tassu","og_description":"J\u00e4lleenmyyj\u00e4n tarjouspyynt\u00f6 Rekisteriseloste","og_url":"https:\/\/www.lammi.fi\/tassu\/yhteystiedot\/jalleenmyyjan-tarjouspyynto\/","og_site_name":"Lammi Tassu","article_modified_time":"2025-11-04T10:23:00+00:00","twitter_card":"summary_large_image","twitter_misc":{"Arvioitu lukuaika":"1 minuutti"},"schema":{"@context":"https:\/\/schema.org","@graph":[{"@type":"WebPage","@id":"https:\/\/www.lammi.fi\/tassu\/yhteystiedot\/jalleenmyyjan-tarjouspyynto\/","url":"https:\/\/www.lammi.fi\/tassu\/yhteystiedot\/jalleenmyyjan-tarjouspyynto\/","name":"J\u00e4lleenmyyj\u00e4n tarjouspyynt\u00f6 - Lammi Tassu","isPartOf":{"@id":"https:\/\/www.lammi.fi\/tassu\/#website"},"datePublished":"2018-07-04T09:43:04+00:00","dateModified":"2025-11-04T10:23:00+00:00","breadcrumb":{"@id":"https:\/\/www.lammi.fi\/tassu\/yhteystiedot\/jalleenmyyjan-tarjouspyynto\/#breadcrumb"},"inLanguage":"fi","potentialAction":[{"@type":"ReadAction","target":["https:\/\/www.lammi.fi\/tassu\/yhteystiedot\/jalleenmyyjan-tarjouspyynto\/"]}]},{"@type":"BreadcrumbList","@id":"https:\/\/www.lammi.fi\/tassu\/yhteystiedot\/jalleenmyyjan-tarjouspyynto\/#breadcrumb","itemListElement":[{"@type":"ListItem","position":1,"name":"Lammi.fi","item":"https:\/\/www.lammi.fi"},{"@type":"ListItem","position":2,"name":"Lammi Tassu","item":"https:\/\/www.lammi.fi\/tassu\/"},{"@type":"ListItem","position":3,"name":"Yhteystiedot","item":"https:\/\/www.lammi.fi\/tassu\/yhteystiedot\/"},{"@type":"ListItem","position":4,"name":"J\u00e4lleenmyyj\u00e4n tarjouspyynt\u00f6"}]},{"@type":"WebSite","@id":"https:\/\/www.lammi.fi\/tassu\/#website","url":"https:\/\/www.lammi.fi\/tassu\/","name":"Lammi Tassu","description":"Just another Lammi sivusto site","potentialAction":[{"@type":"SearchAction","target":{"@type":"EntryPoint","urlTemplate":"https:\/\/www.lammi.fi\/tassu\/?s={search_term_string}"},"query-input":{"@type":"PropertyValueSpecification","valueRequired":true,"valueName":"search_term_string"}}],"inLanguage":"fi"}]}},"_links":{"self":[{"href":"https:\/\/www.lammi.fi\/tassu\/wp-json\/wp\/v2\/pages\/120","targetHints":{"allow":["GET"]}}],"collection":[{"href":"https:\/\/www.lammi.fi\/tassu\/wp-json\/wp\/v2\/pages"}],"about":[{"href":"https:\/\/www.lammi.fi\/tassu\/wp-json\/wp\/v2\/types\/page"}],"author":[{"embeddable":true,"href":"https:\/\/www.lammi.fi\/tassu\/wp-json\/wp\/v2\/users\/1"}],"replies":[{"embeddable":true,"href":"https:\/\/www.lammi.fi\/tassu\/wp-json\/wp\/v2\/comments?post=120"}],"version-history":[{"count":5,"href":"https:\/\/www.lammi.fi\/tassu\/wp-json\/wp\/v2\/pages\/120\/revisions"}],"predecessor-version":[{"id":2267,"href":"https:\/\/www.lammi.fi\/tassu\/wp-json\/wp\/v2\/pages\/120\/revisions\/2267"}],"up":[{"embeddable":true,"href":"https:\/\/www.lammi.fi\/tassu\/wp-json\/wp\/v2\/pages\/116"}],"wp:attachment":[{"href":"https:\/\/www.lammi.fi\/tassu\/wp-json\/wp\/v2\/media?parent=120"}],"curies":[{"name":"wp","href":"https:\/\/api.w.org\/{rel}","templated":true}]}}