{"id":114,"date":"2018-07-04T09:42:19","date_gmt":"2018-07-04T09:42:19","guid":{"rendered":"https:\/\/www.lammi.fi\/tassu\/?page_id=114"},"modified":"2022-05-05T13:41:20","modified_gmt":"2022-05-05T10:41:20","slug":"ohjeet-ja-dokumentit","status":"publish","type":"page","link":"https:\/\/www.lammi.fi\/tassu\/ohjeet-ja-dokumentit\/","title":{"rendered":"Ohjeet ja dokumentit"},"content":{"rendered":"<h1>Parhaat ratkaisut suunnitteluun.<\/h1>\n<p><img decoding=\"async\" class=\"alignnone size-large wp-image-429\" src=\"https:\/\/www.lammi.fi\/tassu\/wp-content\/uploads\/sites\/4\/2018\/10\/tassu_alasivu_suunnittelijoille-1024x562.jpg\" alt=\"\" width=\"840\" height=\"461\" srcset=\"https:\/\/www.lammi.fi\/tassu\/wp-content\/uploads\/sites\/4\/2018\/10\/tassu_alasivu_suunnittelijoille-1024x562.jpg 1024w, https:\/\/www.lammi.fi\/tassu\/wp-content\/uploads\/sites\/4\/2018\/10\/tassu_alasivu_suunnittelijoille-300x165.jpg 300w, https:\/\/www.lammi.fi\/tassu\/wp-content\/uploads\/sites\/4\/2018\/10\/tassu_alasivu_suunnittelijoille-768x421.jpg 768w, https:\/\/www.lammi.fi\/tassu\/wp-content\/uploads\/sites\/4\/2018\/10\/tassu_alasivu_suunnittelijoille-1200x659.jpg 1200w, https:\/\/www.lammi.fi\/tassu\/wp-content\/uploads\/sites\/4\/2018\/10\/tassu_alasivu_suunnittelijoille.jpg 1600w\" sizes=\"(max-width: 709px) 85vw, (max-width: 909px) 67vw, (max-width: 1362px) 62vw, 840px\" \/><\/p>\n<p>Haluamme tarjota kaikille arkkitehdeille ja rakennesuunnittelijoille kattavat ja helppok\u00e4ytt\u00f6iset ty\u00f6kalut suunnitteluun.\u00a0<a href=\"https:\/\/www.lammi.fi\/tassu\/suunnittelijoille\/materiaalipankki\/\" target=\"_blank\" rel=\"noopener\">T\u00e4\u00e4lt\u00e4 l\u00f6yd\u00e4t<\/a>\u00a0suunnitteluohjeemme sek\u00e4 Prodlib-tuotekirjaston latausohjeet.\u00a0\u00a0Tuotekirjastomme avulla suunnittelija saa kattavasti kaikki tuotteemme k\u00e4ytt\u00f6\u00f6n suoraan suunnitteluty\u00f6p\u00f6yd\u00e4lle.<\/p>\n","protected":false},"excerpt":{"rendered":"<p>Parhaat ratkaisut suunnitteluun. Haluamme tarjota kaikille arkkitehdeille ja rakennesuunnittelijoille kattavat ja helppok\u00e4ytt\u00f6iset ty\u00f6kalut suunnitteluun.\u00a0T\u00e4\u00e4lt\u00e4 l\u00f6yd\u00e4t\u00a0suunnitteluohjeemme sek\u00e4 Prodlib-tuotekirjaston latausohjeet.\u00a0\u00a0Tuotekirjastomme avulla suunnittelija saa kattavasti kaikki tuotteemme k\u00e4ytt\u00f6\u00f6n suoraan suunnitteluty\u00f6p\u00f6yd\u00e4lle.<\/p>\n","protected":false},"author":1,"featured_media":0,"parent":0,"menu_order":0,"comment_status":"closed","ping_status":"closed","template":"","meta":{"_acf_changed":false,"_improvement_type_select":"improve_an_existing","_thumb_yes_seoaic":false,"_frame_yes_seoaic":false,"seoaic_generate_description":"","seoaic_improve_instructions_prompt":"","seoaic_rollback_content_improvement":"","seoaic_idea_thumbnail_generator":"","thumbnail_generated":false,"thumbnail_generate_prompt":"","seoaic_article_description":"","_glsr_average":0,"_glsr_ranking":0,"_glsr_reviews":0,"footnotes":""},"class_list":["post-114","page","type-page","status-publish","hentry"],"acf":[],"yoast_head":"<!-- This site is optimized with the Yoast SEO plugin v27.4 - https:\/\/yoast.com\/product\/yoast-seo-wordpress\/ -->\n<title>Ohjeet ja dokumentit - Lammi Tassu<\/title>\n<link rel=\"canonical\" href=\"https:\/\/www.lammi.fi\/tassu\/ohjeet-ja-dokumentit\/\" \/>\n<meta property=\"og:locale\" content=\"fi_FI\" \/>\n<meta property=\"og:type\" content=\"article\" \/>\n<meta property=\"og:title\" content=\"Ohjeet ja dokumentit - Lammi Tassu\" \/>\n<meta property=\"og:description\" content=\"Parhaat ratkaisut suunnitteluun. Haluamme tarjota kaikille arkkitehdeille ja rakennesuunnittelijoille kattavat ja helppok\u00e4ytt\u00f6iset ty\u00f6kalut suunnitteluun.\u00a0T\u00e4\u00e4lt\u00e4 l\u00f6yd\u00e4t\u00a0suunnitteluohjeemme sek\u00e4 Prodlib-tuotekirjaston latausohjeet.\u00a0\u00a0Tuotekirjastomme avulla suunnittelija saa kattavasti kaikki tuotteemme k\u00e4ytt\u00f6\u00f6n suoraan suunnitteluty\u00f6p\u00f6yd\u00e4lle.\" \/>\n<meta property=\"og:url\" content=\"https:\/\/www.lammi.fi\/tassu\/ohjeet-ja-dokumentit\/\" \/>\n<meta property=\"og:site_name\" content=\"Lammi Tassu\" \/>\n<meta property=\"article:modified_time\" content=\"2022-05-05T10:41:20+00:00\" \/>\n<meta property=\"og:image\" content=\"https:\/\/www.lammi.fi\/tassu\/wp-content\/uploads\/sites\/4\/2018\/10\/tassu_alasivu_suunnittelijoille-1024x562.jpg\" \/>\n<meta name=\"twitter:card\" content=\"summary_large_image\" \/>\n<script type=\"application\/ld+json\" class=\"yoast-schema-graph\">{\"@context\":\"https:\\\/\\\/schema.org\",\"@graph\":[{\"@type\":\"WebPage\",\"@id\":\"https:\\\/\\\/www.lammi.fi\\\/tassu\\\/ohjeet-ja-dokumentit\\\/\",\"url\":\"https:\\\/\\\/www.lammi.fi\\\/tassu\\\/ohjeet-ja-dokumentit\\\/\",\"name\":\"Ohjeet ja dokumentit - Lammi Tassu\",\"isPartOf\":{\"@id\":\"https:\\\/\\\/www.lammi.fi\\\/tassu\\\/#website\"},\"primaryImageOfPage\":{\"@id\":\"https:\\\/\\\/www.lammi.fi\\\/tassu\\\/ohjeet-ja-dokumentit\\\/#primaryimage\"},\"image\":{\"@id\":\"https:\\\/\\\/www.lammi.fi\\\/tassu\\\/ohjeet-ja-dokumentit\\\/#primaryimage\"},\"thumbnailUrl\":\"https:\\\/\\\/www.lammi.fi\\\/tassu\\\/wp-content\\\/uploads\\\/sites\\\/4\\\/2018\\\/10\\\/tassu_alasivu_suunnittelijoille-1024x562.jpg\",\"datePublished\":\"2018-07-04T09:42:19+00:00\",\"dateModified\":\"2022-05-05T10:41:20+00:00\",\"breadcrumb\":{\"@id\":\"https:\\\/\\\/www.lammi.fi\\\/tassu\\\/ohjeet-ja-dokumentit\\\/#breadcrumb\"},\"inLanguage\":\"fi\",\"potentialAction\":[{\"@type\":\"ReadAction\",\"target\":[\"https:\\\/\\\/www.lammi.fi\\\/tassu\\\/ohjeet-ja-dokumentit\\\/\"]}]},{\"@type\":\"ImageObject\",\"inLanguage\":\"fi\",\"@id\":\"https:\\\/\\\/www.lammi.fi\\\/tassu\\\/ohjeet-ja-dokumentit\\\/#primaryimage\",\"url\":\"https:\\\/\\\/www.lammi.fi\\\/tassu\\\/wp-content\\\/uploads\\\/sites\\\/4\\\/2018\\\/10\\\/tassu_alasivu_suunnittelijoille.jpg\",\"contentUrl\":\"https:\\\/\\\/www.lammi.fi\\\/tassu\\\/wp-content\\\/uploads\\\/sites\\\/4\\\/2018\\\/10\\\/tassu_alasivu_suunnittelijoille.jpg\",\"width\":1600,\"height\":878},{\"@type\":\"BreadcrumbList\",\"@id\":\"https:\\\/\\\/www.lammi.fi\\\/tassu\\\/ohjeet-ja-dokumentit\\\/#breadcrumb\",\"itemListElement\":[{\"@type\":\"ListItem\",\"position\":1,\"name\":\"Lammi.fi\",\"item\":\"https:\\\/\\\/www.lammi.fi\"},{\"@type\":\"ListItem\",\"position\":2,\"name\":\"Lammi Tassu\",\"item\":\"https:\\\/\\\/www.lammi.fi\\\/tassu\\\/\"},{\"@type\":\"ListItem\",\"position\":3,\"name\":\"Ohjeet ja dokumentit\"}]},{\"@type\":\"WebSite\",\"@id\":\"https:\\\/\\\/www.lammi.fi\\\/tassu\\\/#website\",\"url\":\"https:\\\/\\\/www.lammi.fi\\\/tassu\\\/\",\"name\":\"Lammi Tassu\",\"description\":\"Just another Lammi sivusto site\",\"potentialAction\":[{\"@type\":\"SearchAction\",\"target\":{\"@type\":\"EntryPoint\",\"urlTemplate\":\"https:\\\/\\\/www.lammi.fi\\\/tassu\\\/?s={search_term_string}\"},\"query-input\":{\"@type\":\"PropertyValueSpecification\",\"valueRequired\":true,\"valueName\":\"search_term_string\"}}],\"inLanguage\":\"fi\"}]}<\/script>\n<!-- \/ Yoast SEO plugin. -->","yoast_head_json":{"title":"Ohjeet ja dokumentit - Lammi Tassu","canonical":"https:\/\/www.lammi.fi\/tassu\/ohjeet-ja-dokumentit\/","og_locale":"fi_FI","og_type":"article","og_title":"Ohjeet ja dokumentit - Lammi Tassu","og_description":"Parhaat ratkaisut suunnitteluun. Haluamme tarjota kaikille arkkitehdeille ja rakennesuunnittelijoille kattavat ja helppok\u00e4ytt\u00f6iset ty\u00f6kalut suunnitteluun.\u00a0T\u00e4\u00e4lt\u00e4 l\u00f6yd\u00e4t\u00a0suunnitteluohjeemme sek\u00e4 Prodlib-tuotekirjaston latausohjeet.\u00a0\u00a0Tuotekirjastomme avulla suunnittelija saa kattavasti kaikki tuotteemme k\u00e4ytt\u00f6\u00f6n suoraan suunnitteluty\u00f6p\u00f6yd\u00e4lle.","og_url":"https:\/\/www.lammi.fi\/tassu\/ohjeet-ja-dokumentit\/","og_site_name":"Lammi Tassu","article_modified_time":"2022-05-05T10:41:20+00:00","og_image":[{"url":"https:\/\/www.lammi.fi\/tassu\/wp-content\/uploads\/sites\/4\/2018\/10\/tassu_alasivu_suunnittelijoille-1024x562.jpg","type":"","width":"","height":""}],"twitter_card":"summary_large_image","schema":{"@context":"https:\/\/schema.org","@graph":[{"@type":"WebPage","@id":"https:\/\/www.lammi.fi\/tassu\/ohjeet-ja-dokumentit\/","url":"https:\/\/www.lammi.fi\/tassu\/ohjeet-ja-dokumentit\/","name":"Ohjeet ja dokumentit - Lammi Tassu","isPartOf":{"@id":"https:\/\/www.lammi.fi\/tassu\/#website"},"primaryImageOfPage":{"@id":"https:\/\/www.lammi.fi\/tassu\/ohjeet-ja-dokumentit\/#primaryimage"},"image":{"@id":"https:\/\/www.lammi.fi\/tassu\/ohjeet-ja-dokumentit\/#primaryimage"},"thumbnailUrl":"https:\/\/www.lammi.fi\/tassu\/wp-content\/uploads\/sites\/4\/2018\/10\/tassu_alasivu_suunnittelijoille-1024x562.jpg","datePublished":"2018-07-04T09:42:19+00:00","dateModified":"2022-05-05T10:41:20+00:00","breadcrumb":{"@id":"https:\/\/www.lammi.fi\/tassu\/ohjeet-ja-dokumentit\/#breadcrumb"},"inLanguage":"fi","potentialAction":[{"@type":"ReadAction","target":["https:\/\/www.lammi.fi\/tassu\/ohjeet-ja-dokumentit\/"]}]},{"@type":"ImageObject","inLanguage":"fi","@id":"https:\/\/www.lammi.fi\/tassu\/ohjeet-ja-dokumentit\/#primaryimage","url":"https:\/\/www.lammi.fi\/tassu\/wp-content\/uploads\/sites\/4\/2018\/10\/tassu_alasivu_suunnittelijoille.jpg","contentUrl":"https:\/\/www.lammi.fi\/tassu\/wp-content\/uploads\/sites\/4\/2018\/10\/tassu_alasivu_suunnittelijoille.jpg","width":1600,"height":878},{"@type":"BreadcrumbList","@id":"https:\/\/www.lammi.fi\/tassu\/ohjeet-ja-dokumentit\/#breadcrumb","itemListElement":[{"@type":"ListItem","position":1,"name":"Lammi.fi","item":"https:\/\/www.lammi.fi"},{"@type":"ListItem","position":2,"name":"Lammi Tassu","item":"https:\/\/www.lammi.fi\/tassu\/"},{"@type":"ListItem","position":3,"name":"Ohjeet ja dokumentit"}]},{"@type":"WebSite","@id":"https:\/\/www.lammi.fi\/tassu\/#website","url":"https:\/\/www.lammi.fi\/tassu\/","name":"Lammi Tassu","description":"Just another Lammi sivusto site","potentialAction":[{"@type":"SearchAction","target":{"@type":"EntryPoint","urlTemplate":"https:\/\/www.lammi.fi\/tassu\/?s={search_term_string}"},"query-input":{"@type":"PropertyValueSpecification","valueRequired":true,"valueName":"search_term_string"}}],"inLanguage":"fi"}]}},"_links":{"self":[{"href":"https:\/\/www.lammi.fi\/tassu\/wp-json\/wp\/v2\/pages\/114","targetHints":{"allow":["GET"]}}],"collection":[{"href":"https:\/\/www.lammi.fi\/tassu\/wp-json\/wp\/v2\/pages"}],"about":[{"href":"https:\/\/www.lammi.fi\/tassu\/wp-json\/wp\/v2\/types\/page"}],"author":[{"embeddable":true,"href":"https:\/\/www.lammi.fi\/tassu\/wp-json\/wp\/v2\/users\/1"}],"replies":[{"embeddable":true,"href":"https:\/\/www.lammi.fi\/tassu\/wp-json\/wp\/v2\/comments?post=114"}],"version-history":[{"count":8,"href":"https:\/\/www.lammi.fi\/tassu\/wp-json\/wp\/v2\/pages\/114\/revisions"}],"predecessor-version":[{"id":1028,"href":"https:\/\/www.lammi.fi\/tassu\/wp-json\/wp\/v2\/pages\/114\/revisions\/1028"}],"wp:attachment":[{"href":"https:\/\/www.lammi.fi\/tassu\/wp-json\/wp\/v2\/media?parent=114"}],"curies":[{"name":"wp","href":"https:\/\/api.w.org\/{rel}","templated":true}]}}