{"id":679,"date":"2020-06-04T09:09:34","date_gmt":"2020-06-04T09:09:34","guid":{"rendered":"https:\/\/www.lammi.fi\/piha\/?page_id=679"},"modified":"2023-04-04T13:12:26","modified_gmt":"2023-04-04T10:12:26","slug":"avainlippu-merkki","status":"publish","type":"page","link":"https:\/\/www.lammi.fi\/piha\/ohjeet-ja-dokumentit\/tuoteselosteet\/avainlippu-merkki\/","title":{"rendered":"Avainlippu-merkki"},"content":{"rendered":"<h1>Suomessa suunniteltu ja tehty<\/h1>\n<p>Avainlippu voidaan my\u00f6nt\u00e4\u00e4 Suomessa valmistetulle tuotteelle tai Suomessa tuotetulle palvelulle. Lis\u00e4ksi tuotteen tai palvelun kotimaisuusasteen on oltava v\u00e4hint\u00e4\u00e4n 50 prosenttia. Keskim\u00e4\u00e4rin Avainlippu-tuotteiden kotimaisuusaste on yli 80 prosenttia.<\/p>\n<p>Kotimaisuusaste tarkoittaa suomalaisten kustannusten osuutta tuotteen tai palvelun omakustannusarvosta. Laskelmassa otetaan huomioon kaikki tuotteeseen tai palvelun tuotantoon kohdistuvat kustannukset.<\/p>\n<p>T\u00e4n\u00e4 p\u00e4iv\u00e4n\u00e4 on entist\u00e4 t\u00e4rke\u00e4mp\u00e4\u00e4 korostaa ja nostaa esille suomalaista ty\u00f6t\u00e4, osaamista ja tuotantoa. Meille on syd\u00e4men asia tarjota asiakkaillemme Suomessa suunniteltuja ja valmistettuja harkkotuotteita, joiden laatu, vahvuus ja tarkkuus on aina ensiluokkaista.\u00a0Kaikki tuotteemme suunnitellaan ja valmistetaan Suomessa omalla tehtaallamme Lammilla H\u00e4meenlinnassa. Kaikilla harkko- ja pihatuotteilla on Suomalaisen Ty\u00f6n Liiton Avainlippu-merkki.<\/p>\n","protected":false},"excerpt":{"rendered":"<p>Suomessa suunniteltu ja tehty Avainlippu voidaan my\u00f6nt\u00e4\u00e4 Suomessa valmistetulle tuotteelle tai Suomessa tuotetulle palvelulle. Lis\u00e4ksi tuotteen tai palvelun kotimaisuusasteen on oltava v\u00e4hint\u00e4\u00e4n 50 prosenttia. Keskim\u00e4\u00e4rin Avainlippu-tuotteiden kotimaisuusaste on yli 80 prosenttia. Kotimaisuusaste tarkoittaa suomalaisten kustannusten osuutta tuotteen tai palvelun omakustannusarvosta. Laskelmassa otetaan huomioon kaikki tuotteeseen tai palvelun tuotantoon kohdistuvat kustannukset. T\u00e4n\u00e4 p\u00e4iv\u00e4n\u00e4 on entist\u00e4 t\u00e4rke\u00e4mp\u00e4\u00e4 &hellip; <a href=\"https:\/\/www.lammi.fi\/piha\/ohjeet-ja-dokumentit\/tuoteselosteet\/avainlippu-merkki\/\" class=\"more-link\">Lue lis\u00e4\u00e4<span class=\"screen-reader-text\"> &#8221;Avainlippu-merkki&#8221;<\/span><\/a><\/p>\n","protected":false},"author":12,"featured_media":0,"parent":39,"menu_order":0,"comment_status":"closed","ping_status":"closed","template":"","meta":{"_acf_changed":false,"_improvement_type_select":"improve_an_existing","_thumb_yes_seoaic":false,"_frame_yes_seoaic":false,"seoaic_generate_description":"","seoaic_improve_instructions_prompt":"","seoaic_rollback_content_improvement":"","seoaic_idea_thumbnail_generator":"","thumbnail_generated":false,"thumbnail_generate_prompt":"","seoaic_article_description":"","footnotes":""},"class_list":["post-679","page","type-page","status-publish","hentry"],"acf":[],"yoast_head":"<!-- This site is optimized with the Yoast SEO plugin v27.1.1 - https:\/\/yoast.com\/product\/yoast-seo-wordpress\/ -->\n<title>Lammi - Piha - Avainlippu-merkki<\/title>\n<meta name=\"description\" content=\"Tuotteemme suunnitellaan ja valmistetaan Suomessa omalla tehtaallamme. Kaikilla harkko- ja pihatuotteilla on Suomalaisen Ty\u00f6n Liiton Avainlippu-merkki.\" \/>\n<link rel=\"canonical\" href=\"https:\/\/www.lammi.fi\/piha\/ohjeet-ja-dokumentit\/tuoteselosteet\/avainlippu-merkki\/\" \/>\n<meta property=\"og:locale\" content=\"fi_FI\" \/>\n<meta property=\"og:type\" content=\"article\" \/>\n<meta property=\"og:title\" content=\"Lammi - Piha - Avainlippu-merkki\" \/>\n<meta property=\"og:description\" content=\"Tuotteemme suunnitellaan ja valmistetaan Suomessa omalla tehtaallamme. Kaikilla harkko- ja pihatuotteilla on Suomalaisen Ty\u00f6n Liiton Avainlippu-merkki.\" \/>\n<meta property=\"og:url\" content=\"https:\/\/www.lammi.fi\/piha\/ohjeet-ja-dokumentit\/tuoteselosteet\/avainlippu-merkki\/\" \/>\n<meta property=\"og:site_name\" content=\"Lammi - Piha\" \/>\n<meta property=\"article:modified_time\" content=\"2023-04-04T10:12:26+00:00\" \/>\n<meta name=\"twitter:card\" content=\"summary_large_image\" \/>\n<meta name=\"twitter:label1\" content=\"Arvioitu lukuaika\" \/>\n\t<meta name=\"twitter:data1\" content=\"1 minuutti\" \/>\n<script type=\"application\/ld+json\" class=\"yoast-schema-graph\">{\"@context\":\"https:\/\/schema.org\",\"@graph\":[{\"@type\":\"WebPage\",\"@id\":\"https:\/\/www.lammi.fi\/piha\/ohjeet-ja-dokumentit\/tuoteselosteet\/avainlippu-merkki\/\",\"url\":\"https:\/\/www.lammi.fi\/piha\/ohjeet-ja-dokumentit\/tuoteselosteet\/avainlippu-merkki\/\",\"name\":\"Lammi - Piha - Avainlippu-merkki\",\"isPartOf\":{\"@id\":\"https:\/\/www.lammi.fi\/piha\/#website\"},\"datePublished\":\"2020-06-04T09:09:34+00:00\",\"dateModified\":\"2023-04-04T10:12:26+00:00\",\"description\":\"Tuotteemme suunnitellaan ja valmistetaan Suomessa omalla tehtaallamme. Kaikilla harkko- ja pihatuotteilla on Suomalaisen Ty\u00f6n Liiton Avainlippu-merkki.\",\"breadcrumb\":{\"@id\":\"https:\/\/www.lammi.fi\/piha\/ohjeet-ja-dokumentit\/tuoteselosteet\/avainlippu-merkki\/#breadcrumb\"},\"inLanguage\":\"fi\",\"potentialAction\":[{\"@type\":\"ReadAction\",\"target\":[\"https:\/\/www.lammi.fi\/piha\/ohjeet-ja-dokumentit\/tuoteselosteet\/avainlippu-merkki\/\"]}]},{\"@type\":\"BreadcrumbList\",\"@id\":\"https:\/\/www.lammi.fi\/piha\/ohjeet-ja-dokumentit\/tuoteselosteet\/avainlippu-merkki\/#breadcrumb\",\"itemListElement\":[{\"@type\":\"ListItem\",\"position\":1,\"name\":\"Lammi.fi\",\"item\":\"https:\/\/www.lammi.fi\"},{\"@type\":\"ListItem\",\"position\":2,\"name\":\"Piha\",\"item\":\"https:\/\/www.lammi.fi\/piha\/\"},{\"@type\":\"ListItem\",\"position\":3,\"name\":\"Ohjeet ja dokumentit\",\"item\":\"https:\/\/www.lammi.fi\/piha\/ohjeet-ja-dokumentit\/\"},{\"@type\":\"ListItem\",\"position\":4,\"name\":\"Tuoteselosteet\",\"item\":\"https:\/\/www.lammi.fi\/piha\/ohjeet-ja-dokumentit\/tuoteselosteet\/\"},{\"@type\":\"ListItem\",\"position\":5,\"name\":\"Avainlippu-merkki\"}]},{\"@type\":\"WebSite\",\"@id\":\"https:\/\/www.lammi.fi\/piha\/#website\",\"url\":\"https:\/\/www.lammi.fi\/piha\/\",\"name\":\"Lammi - Piha\",\"description\":\"Piha\",\"potentialAction\":[{\"@type\":\"SearchAction\",\"target\":{\"@type\":\"EntryPoint\",\"urlTemplate\":\"https:\/\/www.lammi.fi\/piha\/?s={search_term_string}\"},\"query-input\":{\"@type\":\"PropertyValueSpecification\",\"valueRequired\":true,\"valueName\":\"search_term_string\"}}],\"inLanguage\":\"fi\"}]}<\/script>\n<!-- \/ Yoast SEO plugin. -->","yoast_head_json":{"title":"Lammi - Piha - Avainlippu-merkki","description":"Tuotteemme suunnitellaan ja valmistetaan Suomessa omalla tehtaallamme. Kaikilla harkko- ja pihatuotteilla on Suomalaisen Ty\u00f6n Liiton Avainlippu-merkki.","canonical":"https:\/\/www.lammi.fi\/piha\/ohjeet-ja-dokumentit\/tuoteselosteet\/avainlippu-merkki\/","og_locale":"fi_FI","og_type":"article","og_title":"Lammi - Piha - Avainlippu-merkki","og_description":"Tuotteemme suunnitellaan ja valmistetaan Suomessa omalla tehtaallamme. Kaikilla harkko- ja pihatuotteilla on Suomalaisen Ty\u00f6n Liiton Avainlippu-merkki.","og_url":"https:\/\/www.lammi.fi\/piha\/ohjeet-ja-dokumentit\/tuoteselosteet\/avainlippu-merkki\/","og_site_name":"Lammi - Piha","article_modified_time":"2023-04-04T10:12:26+00:00","twitter_card":"summary_large_image","twitter_misc":{"Arvioitu lukuaika":"1 minuutti"},"schema":{"@context":"https:\/\/schema.org","@graph":[{"@type":"WebPage","@id":"https:\/\/www.lammi.fi\/piha\/ohjeet-ja-dokumentit\/tuoteselosteet\/avainlippu-merkki\/","url":"https:\/\/www.lammi.fi\/piha\/ohjeet-ja-dokumentit\/tuoteselosteet\/avainlippu-merkki\/","name":"Lammi - Piha - Avainlippu-merkki","isPartOf":{"@id":"https:\/\/www.lammi.fi\/piha\/#website"},"datePublished":"2020-06-04T09:09:34+00:00","dateModified":"2023-04-04T10:12:26+00:00","description":"Tuotteemme suunnitellaan ja valmistetaan Suomessa omalla tehtaallamme. Kaikilla harkko- ja pihatuotteilla on Suomalaisen Ty\u00f6n Liiton Avainlippu-merkki.","breadcrumb":{"@id":"https:\/\/www.lammi.fi\/piha\/ohjeet-ja-dokumentit\/tuoteselosteet\/avainlippu-merkki\/#breadcrumb"},"inLanguage":"fi","potentialAction":[{"@type":"ReadAction","target":["https:\/\/www.lammi.fi\/piha\/ohjeet-ja-dokumentit\/tuoteselosteet\/avainlippu-merkki\/"]}]},{"@type":"BreadcrumbList","@id":"https:\/\/www.lammi.fi\/piha\/ohjeet-ja-dokumentit\/tuoteselosteet\/avainlippu-merkki\/#breadcrumb","itemListElement":[{"@type":"ListItem","position":1,"name":"Lammi.fi","item":"https:\/\/www.lammi.fi"},{"@type":"ListItem","position":2,"name":"Piha","item":"https:\/\/www.lammi.fi\/piha\/"},{"@type":"ListItem","position":3,"name":"Ohjeet ja dokumentit","item":"https:\/\/www.lammi.fi\/piha\/ohjeet-ja-dokumentit\/"},{"@type":"ListItem","position":4,"name":"Tuoteselosteet","item":"https:\/\/www.lammi.fi\/piha\/ohjeet-ja-dokumentit\/tuoteselosteet\/"},{"@type":"ListItem","position":5,"name":"Avainlippu-merkki"}]},{"@type":"WebSite","@id":"https:\/\/www.lammi.fi\/piha\/#website","url":"https:\/\/www.lammi.fi\/piha\/","name":"Lammi - Piha","description":"Piha","potentialAction":[{"@type":"SearchAction","target":{"@type":"EntryPoint","urlTemplate":"https:\/\/www.lammi.fi\/piha\/?s={search_term_string}"},"query-input":{"@type":"PropertyValueSpecification","valueRequired":true,"valueName":"search_term_string"}}],"inLanguage":"fi"}]}},"_links":{"self":[{"href":"https:\/\/www.lammi.fi\/piha\/wp-json\/wp\/v2\/pages\/679","targetHints":{"allow":["GET"]}}],"collection":[{"href":"https:\/\/www.lammi.fi\/piha\/wp-json\/wp\/v2\/pages"}],"about":[{"href":"https:\/\/www.lammi.fi\/piha\/wp-json\/wp\/v2\/types\/page"}],"author":[{"embeddable":true,"href":"https:\/\/www.lammi.fi\/piha\/wp-json\/wp\/v2\/users\/12"}],"replies":[{"embeddable":true,"href":"https:\/\/www.lammi.fi\/piha\/wp-json\/wp\/v2\/comments?post=679"}],"version-history":[{"count":1,"href":"https:\/\/www.lammi.fi\/piha\/wp-json\/wp\/v2\/pages\/679\/revisions"}],"predecessor-version":[{"id":682,"href":"https:\/\/www.lammi.fi\/piha\/wp-json\/wp\/v2\/pages\/679\/revisions\/682"}],"up":[{"embeddable":true,"href":"https:\/\/www.lammi.fi\/piha\/wp-json\/wp\/v2\/pages\/39"}],"wp:attachment":[{"href":"https:\/\/www.lammi.fi\/piha\/wp-json\/wp\/v2\/media?parent=679"}],"curies":[{"name":"wp","href":"https:\/\/api.w.org\/{rel}","templated":true}]}}