{"id":587,"date":"2020-06-03T10:58:23","date_gmt":"2020-06-03T10:58:23","guid":{"rendered":"https:\/\/www.lammi.fi\/piha\/?page_id=587"},"modified":"2025-12-29T19:30:45","modified_gmt":"2025-12-29T16:30:45","slug":"rinki-merkki","status":"publish","type":"page","link":"https:\/\/www.lammi.fi\/piha\/ohjeet-ja-dokumentit\/tuoteselosteet\/rinki-merkki\/","title":{"rendered":"RINKI-merkki"},"content":{"rendered":"<h1>RINKI-merkki<\/h1>\n<p>Suomalainen Rinki-merkki viestii siit\u00e4, ett\u00e4 yritys kantaa tuottajavastuunsa pakkauksistaan. Merkin k\u00e4ytt\u00f6oikeus on yrityksill\u00e4, jotka ovat tehneet Suomen Pakkauskierr\u00e4tys RINKI Oy:n hallinnoiman sopimuksen tuottajayhteis\u00f6jen kanssa pakkausten tuottajavastuun hoitamisesta.\u00a0Kannamme osaltamme vastuun ymp\u00e4rist\u00f6st\u00e4\u00a0ja\u00a0osoituksena siit\u00e4 k\u00e4yt\u00f6ss\u00e4mme on\u00a0RINKI-merkki.<\/p>\n<p>Pakkausten tuottajavastuun hoitaminen on t\u00e4rke\u00e4 osa yrityksen ymp\u00e4rist\u00f6vastuuta. Yrityksill\u00e4, joiden tuotteiden mukana j\u00e4\u00e4 Suomen markkinoille pakkauksia ja joiden liikevaihto on v\u00e4hint\u00e4\u00e4n 1M\u20ac, on ns. tuottajavastuu pakkauksistaan.\u00a0Tuottajavastuullisten yritysten\u00a0on j\u00e4rjestett\u00e4v\u00e4 lain vaatimusten mukaisesti pakkausj\u00e4tteiden vastaanotto, kierr\u00e4tys ja\u00a0tiedotus sek\u00e4 maksettava siit\u00e4 aiheutuvat kustannukset.<\/p>\n<p>Ajantasaisen listauksen RINKI-merkin haltijoista voit tarkastaa <a href=\"https:\/\/rinkiin.fi\/tuottajavastuu\/rekisteroityneet-yritykset\/\" target=\"_blank\" rel=\"noopener noreferrer\">t\u00e4st\u00e4<\/a>.<\/p>\n","protected":false},"excerpt":{"rendered":"<p>RINKI-merkki Suomalainen Rinki-merkki viestii siit\u00e4, ett\u00e4 yritys kantaa tuottajavastuunsa pakkauksistaan. Merkin k\u00e4ytt\u00f6oikeus on yrityksill\u00e4, jotka ovat tehneet Suomen Pakkauskierr\u00e4tys RINKI Oy:n hallinnoiman sopimuksen tuottajayhteis\u00f6jen kanssa pakkausten tuottajavastuun hoitamisesta.\u00a0Kannamme osaltamme vastuun ymp\u00e4rist\u00f6st\u00e4\u00a0ja\u00a0osoituksena siit\u00e4 k\u00e4yt\u00f6ss\u00e4mme on\u00a0RINKI-merkki. Pakkausten tuottajavastuun hoitaminen on t\u00e4rke\u00e4 osa yrityksen ymp\u00e4rist\u00f6vastuuta. Yrityksill\u00e4, joiden tuotteiden mukana j\u00e4\u00e4 Suomen markkinoille pakkauksia ja joiden liikevaihto on v\u00e4hint\u00e4\u00e4n &hellip; <a href=\"https:\/\/www.lammi.fi\/piha\/ohjeet-ja-dokumentit\/tuoteselosteet\/rinki-merkki\/\" class=\"more-link\">Lue lis\u00e4\u00e4<span class=\"screen-reader-text\"> &#8221;RINKI-merkki&#8221;<\/span><\/a><\/p>\n","protected":false},"author":12,"featured_media":0,"parent":39,"menu_order":0,"comment_status":"closed","ping_status":"closed","template":"","meta":{"_acf_changed":false,"_improvement_type_select":"improve_an_existing","_thumb_yes_seoaic":false,"_frame_yes_seoaic":false,"seoaic_generate_description":"","seoaic_improve_instructions_prompt":"","seoaic_rollback_content_improvement":"","seoaic_idea_thumbnail_generator":"","thumbnail_generated":false,"thumbnail_generate_prompt":"","seoaic_article_description":"","footnotes":""},"class_list":["post-587","page","type-page","status-publish","hentry"],"acf":[],"yoast_head":"<!-- This site is optimized with the Yoast SEO plugin v27.1.1 - https:\/\/yoast.com\/product\/yoast-seo-wordpress\/ -->\n<title>Lammi - Piha - RINKI-merkki<\/title>\n<meta name=\"description\" content=\"Kannamme osaltamme vastuun ymp\u00e4rist\u00f6st\u00e4 ja osoituksena siit\u00e4 k\u00e4yt\u00f6ss\u00e4mme on RINKI-merkki.\" \/>\n<link rel=\"canonical\" href=\"https:\/\/www.lammi.fi\/piha\/ohjeet-ja-dokumentit\/tuoteselosteet\/rinki-merkki\/\" \/>\n<meta property=\"og:locale\" content=\"fi_FI\" \/>\n<meta property=\"og:type\" content=\"article\" \/>\n<meta property=\"og:title\" content=\"Lammi - Piha - RINKI-merkki\" \/>\n<meta property=\"og:description\" content=\"Kannamme osaltamme vastuun ymp\u00e4rist\u00f6st\u00e4 ja osoituksena siit\u00e4 k\u00e4yt\u00f6ss\u00e4mme on RINKI-merkki.\" \/>\n<meta property=\"og:url\" content=\"https:\/\/www.lammi.fi\/piha\/ohjeet-ja-dokumentit\/tuoteselosteet\/rinki-merkki\/\" \/>\n<meta property=\"og:site_name\" content=\"Lammi - Piha\" \/>\n<meta property=\"article:modified_time\" content=\"2025-12-29T16:30:45+00:00\" \/>\n<meta name=\"twitter:card\" content=\"summary_large_image\" \/>\n<meta name=\"twitter:label1\" content=\"Arvioitu lukuaika\" \/>\n\t<meta name=\"twitter:data1\" content=\"1 minuutti\" \/>\n<script type=\"application\/ld+json\" class=\"yoast-schema-graph\">{\"@context\":\"https:\/\/schema.org\",\"@graph\":[{\"@type\":\"WebPage\",\"@id\":\"https:\/\/www.lammi.fi\/piha\/ohjeet-ja-dokumentit\/tuoteselosteet\/rinki-merkki\/\",\"url\":\"https:\/\/www.lammi.fi\/piha\/ohjeet-ja-dokumentit\/tuoteselosteet\/rinki-merkki\/\",\"name\":\"Lammi - Piha - RINKI-merkki\",\"isPartOf\":{\"@id\":\"https:\/\/www.lammi.fi\/piha\/#website\"},\"datePublished\":\"2020-06-03T10:58:23+00:00\",\"dateModified\":\"2025-12-29T16:30:45+00:00\",\"description\":\"Kannamme osaltamme vastuun ymp\u00e4rist\u00f6st\u00e4 ja osoituksena siit\u00e4 k\u00e4yt\u00f6ss\u00e4mme on RINKI-merkki.\",\"breadcrumb\":{\"@id\":\"https:\/\/www.lammi.fi\/piha\/ohjeet-ja-dokumentit\/tuoteselosteet\/rinki-merkki\/#breadcrumb\"},\"inLanguage\":\"fi\",\"potentialAction\":[{\"@type\":\"ReadAction\",\"target\":[\"https:\/\/www.lammi.fi\/piha\/ohjeet-ja-dokumentit\/tuoteselosteet\/rinki-merkki\/\"]}]},{\"@type\":\"BreadcrumbList\",\"@id\":\"https:\/\/www.lammi.fi\/piha\/ohjeet-ja-dokumentit\/tuoteselosteet\/rinki-merkki\/#breadcrumb\",\"itemListElement\":[{\"@type\":\"ListItem\",\"position\":1,\"name\":\"Lammi.fi\",\"item\":\"https:\/\/www.lammi.fi\"},{\"@type\":\"ListItem\",\"position\":2,\"name\":\"Piha\",\"item\":\"https:\/\/www.lammi.fi\/piha\/\"},{\"@type\":\"ListItem\",\"position\":3,\"name\":\"Ohjeet ja dokumentit\",\"item\":\"https:\/\/www.lammi.fi\/piha\/ohjeet-ja-dokumentit\/\"},{\"@type\":\"ListItem\",\"position\":4,\"name\":\"Tuoteselosteet\",\"item\":\"https:\/\/www.lammi.fi\/piha\/ohjeet-ja-dokumentit\/tuoteselosteet\/\"},{\"@type\":\"ListItem\",\"position\":5,\"name\":\"RINKI-merkki\"}]},{\"@type\":\"WebSite\",\"@id\":\"https:\/\/www.lammi.fi\/piha\/#website\",\"url\":\"https:\/\/www.lammi.fi\/piha\/\",\"name\":\"Lammi - Piha\",\"description\":\"Piha\",\"potentialAction\":[{\"@type\":\"SearchAction\",\"target\":{\"@type\":\"EntryPoint\",\"urlTemplate\":\"https:\/\/www.lammi.fi\/piha\/?s={search_term_string}\"},\"query-input\":{\"@type\":\"PropertyValueSpecification\",\"valueRequired\":true,\"valueName\":\"search_term_string\"}}],\"inLanguage\":\"fi\"}]}<\/script>\n<!-- \/ Yoast SEO plugin. -->","yoast_head_json":{"title":"Lammi - Piha - RINKI-merkki","description":"Kannamme osaltamme vastuun ymp\u00e4rist\u00f6st\u00e4 ja osoituksena siit\u00e4 k\u00e4yt\u00f6ss\u00e4mme on RINKI-merkki.","canonical":"https:\/\/www.lammi.fi\/piha\/ohjeet-ja-dokumentit\/tuoteselosteet\/rinki-merkki\/","og_locale":"fi_FI","og_type":"article","og_title":"Lammi - Piha - RINKI-merkki","og_description":"Kannamme osaltamme vastuun ymp\u00e4rist\u00f6st\u00e4 ja osoituksena siit\u00e4 k\u00e4yt\u00f6ss\u00e4mme on RINKI-merkki.","og_url":"https:\/\/www.lammi.fi\/piha\/ohjeet-ja-dokumentit\/tuoteselosteet\/rinki-merkki\/","og_site_name":"Lammi - Piha","article_modified_time":"2025-12-29T16:30:45+00:00","twitter_card":"summary_large_image","twitter_misc":{"Arvioitu lukuaika":"1 minuutti"},"schema":{"@context":"https:\/\/schema.org","@graph":[{"@type":"WebPage","@id":"https:\/\/www.lammi.fi\/piha\/ohjeet-ja-dokumentit\/tuoteselosteet\/rinki-merkki\/","url":"https:\/\/www.lammi.fi\/piha\/ohjeet-ja-dokumentit\/tuoteselosteet\/rinki-merkki\/","name":"Lammi - Piha - RINKI-merkki","isPartOf":{"@id":"https:\/\/www.lammi.fi\/piha\/#website"},"datePublished":"2020-06-03T10:58:23+00:00","dateModified":"2025-12-29T16:30:45+00:00","description":"Kannamme osaltamme vastuun ymp\u00e4rist\u00f6st\u00e4 ja osoituksena siit\u00e4 k\u00e4yt\u00f6ss\u00e4mme on RINKI-merkki.","breadcrumb":{"@id":"https:\/\/www.lammi.fi\/piha\/ohjeet-ja-dokumentit\/tuoteselosteet\/rinki-merkki\/#breadcrumb"},"inLanguage":"fi","potentialAction":[{"@type":"ReadAction","target":["https:\/\/www.lammi.fi\/piha\/ohjeet-ja-dokumentit\/tuoteselosteet\/rinki-merkki\/"]}]},{"@type":"BreadcrumbList","@id":"https:\/\/www.lammi.fi\/piha\/ohjeet-ja-dokumentit\/tuoteselosteet\/rinki-merkki\/#breadcrumb","itemListElement":[{"@type":"ListItem","position":1,"name":"Lammi.fi","item":"https:\/\/www.lammi.fi"},{"@type":"ListItem","position":2,"name":"Piha","item":"https:\/\/www.lammi.fi\/piha\/"},{"@type":"ListItem","position":3,"name":"Ohjeet ja dokumentit","item":"https:\/\/www.lammi.fi\/piha\/ohjeet-ja-dokumentit\/"},{"@type":"ListItem","position":4,"name":"Tuoteselosteet","item":"https:\/\/www.lammi.fi\/piha\/ohjeet-ja-dokumentit\/tuoteselosteet\/"},{"@type":"ListItem","position":5,"name":"RINKI-merkki"}]},{"@type":"WebSite","@id":"https:\/\/www.lammi.fi\/piha\/#website","url":"https:\/\/www.lammi.fi\/piha\/","name":"Lammi - Piha","description":"Piha","potentialAction":[{"@type":"SearchAction","target":{"@type":"EntryPoint","urlTemplate":"https:\/\/www.lammi.fi\/piha\/?s={search_term_string}"},"query-input":{"@type":"PropertyValueSpecification","valueRequired":true,"valueName":"search_term_string"}}],"inLanguage":"fi"}]}},"_links":{"self":[{"href":"https:\/\/www.lammi.fi\/piha\/wp-json\/wp\/v2\/pages\/587","targetHints":{"allow":["GET"]}}],"collection":[{"href":"https:\/\/www.lammi.fi\/piha\/wp-json\/wp\/v2\/pages"}],"about":[{"href":"https:\/\/www.lammi.fi\/piha\/wp-json\/wp\/v2\/types\/page"}],"author":[{"embeddable":true,"href":"https:\/\/www.lammi.fi\/piha\/wp-json\/wp\/v2\/users\/12"}],"replies":[{"embeddable":true,"href":"https:\/\/www.lammi.fi\/piha\/wp-json\/wp\/v2\/comments?post=587"}],"version-history":[{"count":3,"href":"https:\/\/www.lammi.fi\/piha\/wp-json\/wp\/v2\/pages\/587\/revisions"}],"predecessor-version":[{"id":1703,"href":"https:\/\/www.lammi.fi\/piha\/wp-json\/wp\/v2\/pages\/587\/revisions\/1703"}],"up":[{"embeddable":true,"href":"https:\/\/www.lammi.fi\/piha\/wp-json\/wp\/v2\/pages\/39"}],"wp:attachment":[{"href":"https:\/\/www.lammi.fi\/piha\/wp-json\/wp\/v2\/media?parent=587"}],"curies":[{"name":"wp","href":"https:\/\/api.w.org\/{rel}","templated":true}]}}