{"id":578,"date":"2020-06-03T10:55:24","date_gmt":"2020-06-03T10:55:24","guid":{"rendered":"https:\/\/www.lammi.fi\/piha\/?page_id=578"},"modified":"2023-04-04T13:10:44","modified_gmt":"2023-04-04T10:10:44","slug":"tuotesertifikaatit","status":"publish","type":"page","link":"https:\/\/www.lammi.fi\/piha\/ohjeet-ja-dokumentit\/tuoteselosteet\/tuotesertifikaatit\/","title":{"rendered":"Tuotesertifikaatit"},"content":{"rendered":"<h1>Vapaaehtoiset FI-tuotesertifikaatit<\/h1>\n<p>Oman laadunvalvontamme lis\u00e4ksi varmistamme tuotteittemme ja toimintamme laatua vapaaehtoisella, puolueettomalla sertifioinnilla. Tuotesertifikaatimme on my\u00f6nt\u00e4nyt Inspecta Sertifiointi Oy.<\/p>\n<p>Sertifiointiprosessissa tuotteiden vaatimustenmukaisuus, laatu ja laadunvalvonta tarkastetaan tarkastusk\u00e4ynneill\u00e4. Sertifiointiin kuuluu tuotantolaitoksen alkutarkastus, tuotteen alkutestaus ja tuotteen varmentaminen. Sertifikaatin voimassaolon edellytyksen\u00e4 on tuotteiden jatkuva laadunvalvonta ja tuotantolaitoksessa teht\u00e4v\u00e4t tarkastusk\u00e4ynnit.<\/p>\n<p>Tuotteesta, pakkauksesta tai kuormakirjasta l\u00f6ytyv\u00e4 FI-merkki todistaa, ett\u00e4 tuote t\u00e4ytt\u00e4\u00e4 standardin tai viranomaism\u00e4\u00e4r\u00e4ysten ja -ohjeiden vaatimukset.<\/p>\n<h2>Tuotesertifikaatit:<\/h2>\n<h3>FI-todistus<\/h3>\n<p><a href=\"https:\/\/www.lammi.fi\/harkko\/wp-content\/uploads\/sites\/3\/2018\/10\/Tuotesertifikaatti_FI_Lammi_Harkko.pdf\">L\u00e4mp\u00f6kivet, Muottikivet, Muurikivet, Pilarit<\/a><\/p>\n","protected":false},"excerpt":{"rendered":"<p>Vapaaehtoiset FI-tuotesertifikaatit Oman laadunvalvontamme lis\u00e4ksi varmistamme tuotteittemme ja toimintamme laatua vapaaehtoisella, puolueettomalla sertifioinnilla. Tuotesertifikaatimme on my\u00f6nt\u00e4nyt Inspecta Sertifiointi Oy. Sertifiointiprosessissa tuotteiden vaatimustenmukaisuus, laatu ja laadunvalvonta tarkastetaan tarkastusk\u00e4ynneill\u00e4. Sertifiointiin kuuluu tuotantolaitoksen alkutarkastus, tuotteen alkutestaus ja tuotteen varmentaminen. Sertifikaatin voimassaolon edellytyksen\u00e4 on tuotteiden jatkuva laadunvalvonta ja tuotantolaitoksessa teht\u00e4v\u00e4t tarkastusk\u00e4ynnit. Tuotteesta, pakkauksesta tai kuormakirjasta l\u00f6ytyv\u00e4 FI-merkki todistaa, ett\u00e4 &hellip; <a href=\"https:\/\/www.lammi.fi\/piha\/ohjeet-ja-dokumentit\/tuoteselosteet\/tuotesertifikaatit\/\" class=\"more-link\">Lue lis\u00e4\u00e4<span class=\"screen-reader-text\"> &#8221;Tuotesertifikaatit&#8221;<\/span><\/a><\/p>\n","protected":false},"author":12,"featured_media":0,"parent":39,"menu_order":0,"comment_status":"closed","ping_status":"closed","template":"","meta":{"_acf_changed":false,"_improvement_type_select":"improve_an_existing","_thumb_yes_seoaic":false,"_frame_yes_seoaic":false,"seoaic_generate_description":"","seoaic_improve_instructions_prompt":"","seoaic_rollback_content_improvement":"","seoaic_idea_thumbnail_generator":"","thumbnail_generated":false,"thumbnail_generate_prompt":"","seoaic_article_description":"","footnotes":""},"class_list":["post-578","page","type-page","status-publish","hentry"],"acf":[],"yoast_head":"<!-- This site is optimized with the Yoast SEO plugin v27.1.1 - https:\/\/yoast.com\/product\/yoast-seo-wordpress\/ -->\n<title>Lammi - Piha - Tuotesertifikaatit<\/title>\n<meta name=\"description\" content=\"Oman laadunvalvontamme lis\u00e4ksi varmistamme tuotteittemme ja toimintamme laatua vapaaehtoisella, puolueettomalla sertifioinnilla.\" \/>\n<link rel=\"canonical\" href=\"https:\/\/www.lammi.fi\/piha\/ohjeet-ja-dokumentit\/tuoteselosteet\/tuotesertifikaatit\/\" \/>\n<meta property=\"og:locale\" content=\"fi_FI\" \/>\n<meta property=\"og:type\" content=\"article\" \/>\n<meta property=\"og:title\" content=\"Lammi - Piha - Tuotesertifikaatit\" \/>\n<meta property=\"og:description\" content=\"Oman laadunvalvontamme lis\u00e4ksi varmistamme tuotteittemme ja toimintamme laatua vapaaehtoisella, puolueettomalla sertifioinnilla.\" \/>\n<meta property=\"og:url\" content=\"https:\/\/www.lammi.fi\/piha\/ohjeet-ja-dokumentit\/tuoteselosteet\/tuotesertifikaatit\/\" \/>\n<meta property=\"og:site_name\" content=\"Lammi - Piha\" \/>\n<meta property=\"article:modified_time\" content=\"2023-04-04T10:10:44+00:00\" \/>\n<meta name=\"twitter:card\" content=\"summary_large_image\" \/>\n<meta name=\"twitter:label1\" content=\"Arvioitu lukuaika\" \/>\n\t<meta name=\"twitter:data1\" content=\"1 minuutti\" \/>\n<script type=\"application\/ld+json\" class=\"yoast-schema-graph\">{\"@context\":\"https:\/\/schema.org\",\"@graph\":[{\"@type\":\"WebPage\",\"@id\":\"https:\/\/www.lammi.fi\/piha\/ohjeet-ja-dokumentit\/tuoteselosteet\/tuotesertifikaatit\/\",\"url\":\"https:\/\/www.lammi.fi\/piha\/ohjeet-ja-dokumentit\/tuoteselosteet\/tuotesertifikaatit\/\",\"name\":\"Lammi - Piha - Tuotesertifikaatit\",\"isPartOf\":{\"@id\":\"https:\/\/www.lammi.fi\/piha\/#website\"},\"datePublished\":\"2020-06-03T10:55:24+00:00\",\"dateModified\":\"2023-04-04T10:10:44+00:00\",\"description\":\"Oman laadunvalvontamme lis\u00e4ksi varmistamme tuotteittemme ja toimintamme laatua vapaaehtoisella, puolueettomalla sertifioinnilla.\",\"breadcrumb\":{\"@id\":\"https:\/\/www.lammi.fi\/piha\/ohjeet-ja-dokumentit\/tuoteselosteet\/tuotesertifikaatit\/#breadcrumb\"},\"inLanguage\":\"fi\",\"potentialAction\":[{\"@type\":\"ReadAction\",\"target\":[\"https:\/\/www.lammi.fi\/piha\/ohjeet-ja-dokumentit\/tuoteselosteet\/tuotesertifikaatit\/\"]}]},{\"@type\":\"BreadcrumbList\",\"@id\":\"https:\/\/www.lammi.fi\/piha\/ohjeet-ja-dokumentit\/tuoteselosteet\/tuotesertifikaatit\/#breadcrumb\",\"itemListElement\":[{\"@type\":\"ListItem\",\"position\":1,\"name\":\"Lammi.fi\",\"item\":\"https:\/\/www.lammi.fi\"},{\"@type\":\"ListItem\",\"position\":2,\"name\":\"Piha\",\"item\":\"https:\/\/www.lammi.fi\/piha\/\"},{\"@type\":\"ListItem\",\"position\":3,\"name\":\"Ohjeet ja dokumentit\",\"item\":\"https:\/\/www.lammi.fi\/piha\/ohjeet-ja-dokumentit\/\"},{\"@type\":\"ListItem\",\"position\":4,\"name\":\"Tuoteselosteet\",\"item\":\"https:\/\/www.lammi.fi\/piha\/ohjeet-ja-dokumentit\/tuoteselosteet\/\"},{\"@type\":\"ListItem\",\"position\":5,\"name\":\"Tuotesertifikaatit\"}]},{\"@type\":\"WebSite\",\"@id\":\"https:\/\/www.lammi.fi\/piha\/#website\",\"url\":\"https:\/\/www.lammi.fi\/piha\/\",\"name\":\"Lammi - Piha\",\"description\":\"Piha\",\"potentialAction\":[{\"@type\":\"SearchAction\",\"target\":{\"@type\":\"EntryPoint\",\"urlTemplate\":\"https:\/\/www.lammi.fi\/piha\/?s={search_term_string}\"},\"query-input\":{\"@type\":\"PropertyValueSpecification\",\"valueRequired\":true,\"valueName\":\"search_term_string\"}}],\"inLanguage\":\"fi\"}]}<\/script>\n<!-- \/ Yoast SEO plugin. -->","yoast_head_json":{"title":"Lammi - Piha - Tuotesertifikaatit","description":"Oman laadunvalvontamme lis\u00e4ksi varmistamme tuotteittemme ja toimintamme laatua vapaaehtoisella, puolueettomalla sertifioinnilla.","canonical":"https:\/\/www.lammi.fi\/piha\/ohjeet-ja-dokumentit\/tuoteselosteet\/tuotesertifikaatit\/","og_locale":"fi_FI","og_type":"article","og_title":"Lammi - Piha - Tuotesertifikaatit","og_description":"Oman laadunvalvontamme lis\u00e4ksi varmistamme tuotteittemme ja toimintamme laatua vapaaehtoisella, puolueettomalla sertifioinnilla.","og_url":"https:\/\/www.lammi.fi\/piha\/ohjeet-ja-dokumentit\/tuoteselosteet\/tuotesertifikaatit\/","og_site_name":"Lammi - Piha","article_modified_time":"2023-04-04T10:10:44+00:00","twitter_card":"summary_large_image","twitter_misc":{"Arvioitu lukuaika":"1 minuutti"},"schema":{"@context":"https:\/\/schema.org","@graph":[{"@type":"WebPage","@id":"https:\/\/www.lammi.fi\/piha\/ohjeet-ja-dokumentit\/tuoteselosteet\/tuotesertifikaatit\/","url":"https:\/\/www.lammi.fi\/piha\/ohjeet-ja-dokumentit\/tuoteselosteet\/tuotesertifikaatit\/","name":"Lammi - Piha - Tuotesertifikaatit","isPartOf":{"@id":"https:\/\/www.lammi.fi\/piha\/#website"},"datePublished":"2020-06-03T10:55:24+00:00","dateModified":"2023-04-04T10:10:44+00:00","description":"Oman laadunvalvontamme lis\u00e4ksi varmistamme tuotteittemme ja toimintamme laatua vapaaehtoisella, puolueettomalla sertifioinnilla.","breadcrumb":{"@id":"https:\/\/www.lammi.fi\/piha\/ohjeet-ja-dokumentit\/tuoteselosteet\/tuotesertifikaatit\/#breadcrumb"},"inLanguage":"fi","potentialAction":[{"@type":"ReadAction","target":["https:\/\/www.lammi.fi\/piha\/ohjeet-ja-dokumentit\/tuoteselosteet\/tuotesertifikaatit\/"]}]},{"@type":"BreadcrumbList","@id":"https:\/\/www.lammi.fi\/piha\/ohjeet-ja-dokumentit\/tuoteselosteet\/tuotesertifikaatit\/#breadcrumb","itemListElement":[{"@type":"ListItem","position":1,"name":"Lammi.fi","item":"https:\/\/www.lammi.fi"},{"@type":"ListItem","position":2,"name":"Piha","item":"https:\/\/www.lammi.fi\/piha\/"},{"@type":"ListItem","position":3,"name":"Ohjeet ja dokumentit","item":"https:\/\/www.lammi.fi\/piha\/ohjeet-ja-dokumentit\/"},{"@type":"ListItem","position":4,"name":"Tuoteselosteet","item":"https:\/\/www.lammi.fi\/piha\/ohjeet-ja-dokumentit\/tuoteselosteet\/"},{"@type":"ListItem","position":5,"name":"Tuotesertifikaatit"}]},{"@type":"WebSite","@id":"https:\/\/www.lammi.fi\/piha\/#website","url":"https:\/\/www.lammi.fi\/piha\/","name":"Lammi - Piha","description":"Piha","potentialAction":[{"@type":"SearchAction","target":{"@type":"EntryPoint","urlTemplate":"https:\/\/www.lammi.fi\/piha\/?s={search_term_string}"},"query-input":{"@type":"PropertyValueSpecification","valueRequired":true,"valueName":"search_term_string"}}],"inLanguage":"fi"}]}},"_links":{"self":[{"href":"https:\/\/www.lammi.fi\/piha\/wp-json\/wp\/v2\/pages\/578","targetHints":{"allow":["GET"]}}],"collection":[{"href":"https:\/\/www.lammi.fi\/piha\/wp-json\/wp\/v2\/pages"}],"about":[{"href":"https:\/\/www.lammi.fi\/piha\/wp-json\/wp\/v2\/types\/page"}],"author":[{"embeddable":true,"href":"https:\/\/www.lammi.fi\/piha\/wp-json\/wp\/v2\/users\/12"}],"replies":[{"embeddable":true,"href":"https:\/\/www.lammi.fi\/piha\/wp-json\/wp\/v2\/comments?post=578"}],"version-history":[{"count":3,"href":"https:\/\/www.lammi.fi\/piha\/wp-json\/wp\/v2\/pages\/578\/revisions"}],"predecessor-version":[{"id":678,"href":"https:\/\/www.lammi.fi\/piha\/wp-json\/wp\/v2\/pages\/578\/revisions\/678"}],"up":[{"embeddable":true,"href":"https:\/\/www.lammi.fi\/piha\/wp-json\/wp\/v2\/pages\/39"}],"wp:attachment":[{"href":"https:\/\/www.lammi.fi\/piha\/wp-json\/wp\/v2\/media?parent=578"}],"curies":[{"name":"wp","href":"https:\/\/api.w.org\/{rel}","templated":true}]}}