{"id":39,"date":"2018-07-04T11:11:21","date_gmt":"2018-07-04T11:11:21","guid":{"rendered":"https:\/\/www.lammi.fi\/piha\/?page_id=39"},"modified":"2025-08-25T13:52:32","modified_gmt":"2025-08-25T10:52:32","slug":"tuoteselosteet","status":"publish","type":"page","link":"https:\/\/www.lammi.fi\/piha\/ohjeet-ja-dokumentit\/tuoteselosteet\/","title":{"rendered":"Tuoteselosteet"},"content":{"rendered":"<h1>Turvallinen valinta<\/h1>\n<p>Valmistamamme betonituotteet ovat turvallisia ja korkealaatuisia. Tuotteemme on CE-merkitty, niille on my\u00f6nnetty tuotesertifikaatit ja ne kuuluvat Rakennustietos\u00e4\u00e4ti\u00f6 RTS:n sis\u00e4ilmastoluokituksen parhaaseen M1-p\u00e4\u00e4st\u00f6luokkaan. Tuomme sivuillamme asianmukaisesti esiin k\u00e4ytt\u00f6turvallisuustiedotteet (KTT) ja kuulumme Pakkausalan Ymp\u00e4rist\u00f6rekisteri PYR:iin.\u00a0Tuotantomme laadunvalvonta on jatkuvaa ja se on Inspecta Sertifiointi Oy:n alaista.<\/p>\n<p><img decoding=\"async\" class=\"alignnone wp-image-1026 \" src=\"https:\/\/www.lammi.fi\/harkko\/wp-content\/uploads\/sites\/3\/2018\/10\/harkko_alasivu_tyoohjeet_tuoteselosteet-2.jpg\" alt=\"\" width=\"550\" height=\"138\" \/><\/p>\n","protected":false},"excerpt":{"rendered":"<p>Turvallinen valinta Valmistamamme betonituotteet ovat turvallisia ja korkealaatuisia. Tuotteemme on CE-merkitty, niille on my\u00f6nnetty tuotesertifikaatit ja ne kuuluvat Rakennustietos\u00e4\u00e4ti\u00f6 RTS:n sis\u00e4ilmastoluokituksen parhaaseen M1-p\u00e4\u00e4st\u00f6luokkaan. Tuomme sivuillamme asianmukaisesti esiin k\u00e4ytt\u00f6turvallisuustiedotteet (KTT) ja kuulumme Pakkausalan Ymp\u00e4rist\u00f6rekisteri PYR:iin.\u00a0Tuotantomme laadunvalvonta on jatkuvaa ja se on Inspecta Sertifiointi Oy:n alaista.<\/p>\n","protected":false},"author":1,"featured_media":0,"parent":1653,"menu_order":0,"comment_status":"closed","ping_status":"closed","template":"","meta":{"_acf_changed":false,"_improvement_type_select":"improve_an_existing","_thumb_yes_seoaic":false,"_frame_yes_seoaic":false,"seoaic_generate_description":"","seoaic_improve_instructions_prompt":"","seoaic_rollback_content_improvement":"","seoaic_idea_thumbnail_generator":"","thumbnail_generated":false,"thumbnail_generate_prompt":"","seoaic_article_description":"","footnotes":""},"class_list":["post-39","page","type-page","status-publish","hentry"],"acf":[],"yoast_head":"<!-- This site is optimized with the Yoast SEO plugin v27.1.1 - https:\/\/yoast.com\/product\/yoast-seo-wordpress\/ -->\n<title>Lammi - Piha - Tuoteselosteet<\/title>\n<link rel=\"canonical\" href=\"https:\/\/www.lammi.fi\/piha\/ohjeet-ja-dokumentit\/tuoteselosteet\/\" \/>\n<meta property=\"og:locale\" content=\"fi_FI\" \/>\n<meta property=\"og:type\" content=\"article\" \/>\n<meta property=\"og:title\" content=\"Lammi - Piha - Tuoteselosteet\" \/>\n<meta property=\"og:description\" content=\"Turvallinen valinta Valmistamamme betonituotteet ovat turvallisia ja korkealaatuisia. Tuotteemme on CE-merkitty, niille on my\u00f6nnetty tuotesertifikaatit ja ne kuuluvat Rakennustietos\u00e4\u00e4ti\u00f6 RTS:n sis\u00e4ilmastoluokituksen parhaaseen M1-p\u00e4\u00e4st\u00f6luokkaan. Tuomme sivuillamme asianmukaisesti esiin k\u00e4ytt\u00f6turvallisuustiedotteet (KTT) ja kuulumme Pakkausalan Ymp\u00e4rist\u00f6rekisteri PYR:iin.\u00a0Tuotantomme laadunvalvonta on jatkuvaa ja se on Inspecta Sertifiointi Oy:n alaista.\" \/>\n<meta property=\"og:url\" content=\"https:\/\/www.lammi.fi\/piha\/ohjeet-ja-dokumentit\/tuoteselosteet\/\" \/>\n<meta property=\"og:site_name\" content=\"Lammi - Piha\" \/>\n<meta property=\"article:modified_time\" content=\"2025-08-25T10:52:32+00:00\" \/>\n<meta name=\"twitter:card\" content=\"summary_large_image\" \/>\n<meta name=\"twitter:label1\" content=\"Arvioitu lukuaika\" \/>\n\t<meta name=\"twitter:data1\" content=\"1 minuutti\" \/>\n<script type=\"application\/ld+json\" class=\"yoast-schema-graph\">{\"@context\":\"https:\/\/schema.org\",\"@graph\":[{\"@type\":\"WebPage\",\"@id\":\"https:\/\/www.lammi.fi\/piha\/ohjeet-ja-dokumentit\/tuoteselosteet\/\",\"url\":\"https:\/\/www.lammi.fi\/piha\/ohjeet-ja-dokumentit\/tuoteselosteet\/\",\"name\":\"Lammi - Piha - Tuoteselosteet\",\"isPartOf\":{\"@id\":\"https:\/\/www.lammi.fi\/piha\/#website\"},\"primaryImageOfPage\":{\"@id\":\"https:\/\/www.lammi.fi\/piha\/ohjeet-ja-dokumentit\/tuoteselosteet\/#primaryimage\"},\"image\":{\"@id\":\"https:\/\/www.lammi.fi\/piha\/ohjeet-ja-dokumentit\/tuoteselosteet\/#primaryimage\"},\"thumbnailUrl\":\"https:\/\/www.lammi.fi\/harkko\/wp-content\/uploads\/sites\/3\/2018\/10\/harkko_alasivu_tyoohjeet_tuoteselosteet-2.jpg\",\"datePublished\":\"2018-07-04T11:11:21+00:00\",\"dateModified\":\"2025-08-25T10:52:32+00:00\",\"breadcrumb\":{\"@id\":\"https:\/\/www.lammi.fi\/piha\/ohjeet-ja-dokumentit\/tuoteselosteet\/#breadcrumb\"},\"inLanguage\":\"fi\",\"potentialAction\":[{\"@type\":\"ReadAction\",\"target\":[\"https:\/\/www.lammi.fi\/piha\/ohjeet-ja-dokumentit\/tuoteselosteet\/\"]}]},{\"@type\":\"ImageObject\",\"inLanguage\":\"fi\",\"@id\":\"https:\/\/www.lammi.fi\/piha\/ohjeet-ja-dokumentit\/tuoteselosteet\/#primaryimage\",\"url\":\"https:\/\/www.lammi.fi\/harkko\/wp-content\/uploads\/sites\/3\/2018\/10\/harkko_alasivu_tyoohjeet_tuoteselosteet-2.jpg\",\"contentUrl\":\"https:\/\/www.lammi.fi\/harkko\/wp-content\/uploads\/sites\/3\/2018\/10\/harkko_alasivu_tyoohjeet_tuoteselosteet-2.jpg\"},{\"@type\":\"BreadcrumbList\",\"@id\":\"https:\/\/www.lammi.fi\/piha\/ohjeet-ja-dokumentit\/tuoteselosteet\/#breadcrumb\",\"itemListElement\":[{\"@type\":\"ListItem\",\"position\":1,\"name\":\"Lammi.fi\",\"item\":\"https:\/\/www.lammi.fi\"},{\"@type\":\"ListItem\",\"position\":2,\"name\":\"Piha\",\"item\":\"https:\/\/www.lammi.fi\/piha\/\"},{\"@type\":\"ListItem\",\"position\":3,\"name\":\"Ohjeet ja dokumentit\",\"item\":\"https:\/\/www.lammi.fi\/piha\/ohjeet-ja-dokumentit\/\"},{\"@type\":\"ListItem\",\"position\":4,\"name\":\"Tuoteselosteet\"}]},{\"@type\":\"WebSite\",\"@id\":\"https:\/\/www.lammi.fi\/piha\/#website\",\"url\":\"https:\/\/www.lammi.fi\/piha\/\",\"name\":\"Lammi - Piha\",\"description\":\"Piha\",\"potentialAction\":[{\"@type\":\"SearchAction\",\"target\":{\"@type\":\"EntryPoint\",\"urlTemplate\":\"https:\/\/www.lammi.fi\/piha\/?s={search_term_string}\"},\"query-input\":{\"@type\":\"PropertyValueSpecification\",\"valueRequired\":true,\"valueName\":\"search_term_string\"}}],\"inLanguage\":\"fi\"}]}<\/script>\n<!-- \/ Yoast SEO plugin. -->","yoast_head_json":{"title":"Lammi - Piha - Tuoteselosteet","canonical":"https:\/\/www.lammi.fi\/piha\/ohjeet-ja-dokumentit\/tuoteselosteet\/","og_locale":"fi_FI","og_type":"article","og_title":"Lammi - Piha - Tuoteselosteet","og_description":"Turvallinen valinta Valmistamamme betonituotteet ovat turvallisia ja korkealaatuisia. Tuotteemme on CE-merkitty, niille on my\u00f6nnetty tuotesertifikaatit ja ne kuuluvat Rakennustietos\u00e4\u00e4ti\u00f6 RTS:n sis\u00e4ilmastoluokituksen parhaaseen M1-p\u00e4\u00e4st\u00f6luokkaan. Tuomme sivuillamme asianmukaisesti esiin k\u00e4ytt\u00f6turvallisuustiedotteet (KTT) ja kuulumme Pakkausalan Ymp\u00e4rist\u00f6rekisteri PYR:iin.\u00a0Tuotantomme laadunvalvonta on jatkuvaa ja se on Inspecta Sertifiointi Oy:n alaista.","og_url":"https:\/\/www.lammi.fi\/piha\/ohjeet-ja-dokumentit\/tuoteselosteet\/","og_site_name":"Lammi - Piha","article_modified_time":"2025-08-25T10:52:32+00:00","twitter_card":"summary_large_image","twitter_misc":{"Arvioitu lukuaika":"1 minuutti"},"schema":{"@context":"https:\/\/schema.org","@graph":[{"@type":"WebPage","@id":"https:\/\/www.lammi.fi\/piha\/ohjeet-ja-dokumentit\/tuoteselosteet\/","url":"https:\/\/www.lammi.fi\/piha\/ohjeet-ja-dokumentit\/tuoteselosteet\/","name":"Lammi - Piha - Tuoteselosteet","isPartOf":{"@id":"https:\/\/www.lammi.fi\/piha\/#website"},"primaryImageOfPage":{"@id":"https:\/\/www.lammi.fi\/piha\/ohjeet-ja-dokumentit\/tuoteselosteet\/#primaryimage"},"image":{"@id":"https:\/\/www.lammi.fi\/piha\/ohjeet-ja-dokumentit\/tuoteselosteet\/#primaryimage"},"thumbnailUrl":"https:\/\/www.lammi.fi\/harkko\/wp-content\/uploads\/sites\/3\/2018\/10\/harkko_alasivu_tyoohjeet_tuoteselosteet-2.jpg","datePublished":"2018-07-04T11:11:21+00:00","dateModified":"2025-08-25T10:52:32+00:00","breadcrumb":{"@id":"https:\/\/www.lammi.fi\/piha\/ohjeet-ja-dokumentit\/tuoteselosteet\/#breadcrumb"},"inLanguage":"fi","potentialAction":[{"@type":"ReadAction","target":["https:\/\/www.lammi.fi\/piha\/ohjeet-ja-dokumentit\/tuoteselosteet\/"]}]},{"@type":"ImageObject","inLanguage":"fi","@id":"https:\/\/www.lammi.fi\/piha\/ohjeet-ja-dokumentit\/tuoteselosteet\/#primaryimage","url":"https:\/\/www.lammi.fi\/harkko\/wp-content\/uploads\/sites\/3\/2018\/10\/harkko_alasivu_tyoohjeet_tuoteselosteet-2.jpg","contentUrl":"https:\/\/www.lammi.fi\/harkko\/wp-content\/uploads\/sites\/3\/2018\/10\/harkko_alasivu_tyoohjeet_tuoteselosteet-2.jpg"},{"@type":"BreadcrumbList","@id":"https:\/\/www.lammi.fi\/piha\/ohjeet-ja-dokumentit\/tuoteselosteet\/#breadcrumb","itemListElement":[{"@type":"ListItem","position":1,"name":"Lammi.fi","item":"https:\/\/www.lammi.fi"},{"@type":"ListItem","position":2,"name":"Piha","item":"https:\/\/www.lammi.fi\/piha\/"},{"@type":"ListItem","position":3,"name":"Ohjeet ja dokumentit","item":"https:\/\/www.lammi.fi\/piha\/ohjeet-ja-dokumentit\/"},{"@type":"ListItem","position":4,"name":"Tuoteselosteet"}]},{"@type":"WebSite","@id":"https:\/\/www.lammi.fi\/piha\/#website","url":"https:\/\/www.lammi.fi\/piha\/","name":"Lammi - Piha","description":"Piha","potentialAction":[{"@type":"SearchAction","target":{"@type":"EntryPoint","urlTemplate":"https:\/\/www.lammi.fi\/piha\/?s={search_term_string}"},"query-input":{"@type":"PropertyValueSpecification","valueRequired":true,"valueName":"search_term_string"}}],"inLanguage":"fi"}]}},"_links":{"self":[{"href":"https:\/\/www.lammi.fi\/piha\/wp-json\/wp\/v2\/pages\/39","targetHints":{"allow":["GET"]}}],"collection":[{"href":"https:\/\/www.lammi.fi\/piha\/wp-json\/wp\/v2\/pages"}],"about":[{"href":"https:\/\/www.lammi.fi\/piha\/wp-json\/wp\/v2\/types\/page"}],"author":[{"embeddable":true,"href":"https:\/\/www.lammi.fi\/piha\/wp-json\/wp\/v2\/users\/1"}],"replies":[{"embeddable":true,"href":"https:\/\/www.lammi.fi\/piha\/wp-json\/wp\/v2\/comments?post=39"}],"version-history":[{"count":2,"href":"https:\/\/www.lammi.fi\/piha\/wp-json\/wp\/v2\/pages\/39\/revisions"}],"predecessor-version":[{"id":574,"href":"https:\/\/www.lammi.fi\/piha\/wp-json\/wp\/v2\/pages\/39\/revisions\/574"}],"up":[{"embeddable":true,"href":"https:\/\/www.lammi.fi\/piha\/wp-json\/wp\/v2\/pages\/1653"}],"wp:attachment":[{"href":"https:\/\/www.lammi.fi\/piha\/wp-json\/wp\/v2\/media?parent=39"}],"curies":[{"name":"wp","href":"https:\/\/api.w.org\/{rel}","templated":true}]}}