{"id":23,"date":"2018-07-04T11:09:55","date_gmt":"2018-07-04T11:09:55","guid":{"rendered":"https:\/\/www.lammi.fi\/piha\/?page_id=23"},"modified":"2023-04-04T12:43:32","modified_gmt":"2023-04-04T09:43:32","slug":"valaisimet","status":"publish","type":"page","link":"https:\/\/www.lammi.fi\/piha\/valaisimet\/","title":{"rendered":"Valaisimet"},"content":{"rendered":"<h1>Muurivalaisimella turvaa ja tunnelmaa pihapiiriin<\/h1>\n<p><img decoding=\"async\" class=\"alignnone wp-image-669 size-large\" src=\"https:\/\/www.lammi.fi\/piha\/wp-content\/uploads\/sites\/5\/2020\/06\/Lammi_Piha_alasivun_p\u00e4\u00e4kuva_valaisimet-1024x562.jpg\" alt=\"Muurivalaisimet pihaan\" width=\"840\" height=\"461\" srcset=\"https:\/\/www.lammi.fi\/piha\/wp-content\/uploads\/sites\/5\/2020\/06\/Lammi_Piha_alasivun_p\u00e4\u00e4kuva_valaisimet-1024x562.jpg 1024w, https:\/\/www.lammi.fi\/piha\/wp-content\/uploads\/sites\/5\/2020\/06\/Lammi_Piha_alasivun_p\u00e4\u00e4kuva_valaisimet-300x165.jpg 300w, https:\/\/www.lammi.fi\/piha\/wp-content\/uploads\/sites\/5\/2020\/06\/Lammi_Piha_alasivun_p\u00e4\u00e4kuva_valaisimet-768x421.jpg 768w, https:\/\/www.lammi.fi\/piha\/wp-content\/uploads\/sites\/5\/2020\/06\/Lammi_Piha_alasivun_p\u00e4\u00e4kuva_valaisimet-1536x843.jpg 1536w, https:\/\/www.lammi.fi\/piha\/wp-content\/uploads\/sites\/5\/2020\/06\/Lammi_Piha_alasivun_p\u00e4\u00e4kuva_valaisimet-1200x659.jpg 1200w, https:\/\/www.lammi.fi\/piha\/wp-content\/uploads\/sites\/5\/2020\/06\/Lammi_Piha_alasivun_p\u00e4\u00e4kuva_valaisimet-260x143.jpg 260w, https:\/\/www.lammi.fi\/piha\/wp-content\/uploads\/sites\/5\/2020\/06\/Lammi_Piha_alasivun_p\u00e4\u00e4kuva_valaisimet-1093x600.jpg 1093w, https:\/\/www.lammi.fi\/piha\/wp-content\/uploads\/sites\/5\/2020\/06\/Lammi_Piha_alasivun_p\u00e4\u00e4kuva_valaisimet.jpg 1600w\" sizes=\"(max-width: 709px) 85vw, (max-width: 909px) 67vw, (max-width: 1362px) 62vw, 840px\" \/><\/p>\n<p>Muuriin integroidut valaisimet levitt\u00e4v\u00e4t valoa kauniisti kulkijaa h\u00e4ik\u00e4isem\u00e4tt\u00e4 muurin edustaan, jossa usein sijaitsee kulkuv\u00e4yli\u00e4. Valaisimella voit my\u00f6s korostaa haluamiasi pihan alueita.<\/p>\n<p>Muurivalaisin on mustaa ter\u00e4st\u00e4, joka sopii muotokielelt\u00e4\u00e4n hyvin yhteen muurin kanssa.<\/p>\n","protected":false},"excerpt":{"rendered":"<p>Muurivalaisimella turvaa ja tunnelmaa pihapiiriin Muuriin integroidut valaisimet levitt\u00e4v\u00e4t valoa kauniisti kulkijaa h\u00e4ik\u00e4isem\u00e4tt\u00e4 muurin edustaan, jossa usein sijaitsee kulkuv\u00e4yli\u00e4. Valaisimella voit my\u00f6s korostaa haluamiasi pihan alueita. Muurivalaisin on mustaa ter\u00e4st\u00e4, joka sopii muotokielelt\u00e4\u00e4n hyvin yhteen muurin kanssa.<\/p>\n","protected":false},"author":1,"featured_media":0,"parent":0,"menu_order":0,"comment_status":"closed","ping_status":"closed","template":"","meta":{"_acf_changed":false,"_improvement_type_select":"improve_an_existing","_thumb_yes_seoaic":false,"_frame_yes_seoaic":false,"seoaic_generate_description":"","seoaic_improve_instructions_prompt":"","seoaic_rollback_content_improvement":"","seoaic_idea_thumbnail_generator":"","thumbnail_generated":false,"thumbnail_generate_prompt":"","seoaic_article_description":"","footnotes":""},"class_list":["post-23","page","type-page","status-publish","hentry"],"acf":[],"yoast_head":"<!-- This site is optimized with the Yoast SEO plugin v27.6 - https:\/\/yoast.com\/product\/yoast-seo-wordpress\/ -->\n<title>Lammi - Piha - Valaisimet<\/title>\n<meta name=\"description\" content=\"Muuriin integroidut valaisimet levitt\u00e4v\u00e4t valoa kauniisti kulkijaa h\u00e4ik\u00e4isem\u00e4tt\u00e4 muurin edustaan, jossa usein sijaitsee kulkuv\u00e4yli\u00e4.\" \/>\n<link rel=\"canonical\" href=\"https:\/\/www.lammi.fi\/piha\/valaisimet\/\" \/>\n<meta property=\"og:locale\" content=\"fi_FI\" \/>\n<meta property=\"og:type\" content=\"article\" \/>\n<meta property=\"og:title\" content=\"Lammi - Piha - Valaisimet\" \/>\n<meta property=\"og:description\" content=\"Muuriin integroidut valaisimet levitt\u00e4v\u00e4t valoa kauniisti kulkijaa h\u00e4ik\u00e4isem\u00e4tt\u00e4 muurin edustaan, jossa usein sijaitsee kulkuv\u00e4yli\u00e4.\" \/>\n<meta property=\"og:url\" content=\"https:\/\/www.lammi.fi\/piha\/valaisimet\/\" \/>\n<meta property=\"og:site_name\" content=\"Lammi - Piha\" \/>\n<meta property=\"article:modified_time\" content=\"2023-04-04T09:43:32+00:00\" \/>\n<meta name=\"twitter:card\" content=\"summary_large_image\" \/>\n<meta name=\"twitter:label1\" content=\"Arvioitu lukuaika\" \/>\n\t<meta name=\"twitter:data1\" content=\"1 minuutti\" \/>\n<script type=\"application\/ld+json\" class=\"yoast-schema-graph\">{\"@context\":\"https:\\\/\\\/schema.org\",\"@graph\":[{\"@type\":\"WebPage\",\"@id\":\"https:\\\/\\\/www.lammi.fi\\\/piha\\\/valaisimet\\\/\",\"url\":\"https:\\\/\\\/www.lammi.fi\\\/piha\\\/valaisimet\\\/\",\"name\":\"Lammi - Piha - Valaisimet\",\"isPartOf\":{\"@id\":\"https:\\\/\\\/www.lammi.fi\\\/piha\\\/#website\"},\"datePublished\":\"2018-07-04T11:09:55+00:00\",\"dateModified\":\"2023-04-04T09:43:32+00:00\",\"description\":\"Muuriin integroidut valaisimet levitt\u00e4v\u00e4t valoa kauniisti kulkijaa h\u00e4ik\u00e4isem\u00e4tt\u00e4 muurin edustaan, jossa usein sijaitsee kulkuv\u00e4yli\u00e4.\",\"breadcrumb\":{\"@id\":\"https:\\\/\\\/www.lammi.fi\\\/piha\\\/valaisimet\\\/#breadcrumb\"},\"inLanguage\":\"fi\",\"potentialAction\":[{\"@type\":\"ReadAction\",\"target\":[\"https:\\\/\\\/www.lammi.fi\\\/piha\\\/valaisimet\\\/\"]}]},{\"@type\":\"BreadcrumbList\",\"@id\":\"https:\\\/\\\/www.lammi.fi\\\/piha\\\/valaisimet\\\/#breadcrumb\",\"itemListElement\":[{\"@type\":\"ListItem\",\"position\":1,\"name\":\"Lammi.fi\",\"item\":\"https:\\\/\\\/www.lammi.fi\"},{\"@type\":\"ListItem\",\"position\":2,\"name\":\"Piha\",\"item\":\"https:\\\/\\\/www.lammi.fi\\\/piha\\\/\"},{\"@type\":\"ListItem\",\"position\":3,\"name\":\"Valaisimet\"}]},{\"@type\":\"WebSite\",\"@id\":\"https:\\\/\\\/www.lammi.fi\\\/piha\\\/#website\",\"url\":\"https:\\\/\\\/www.lammi.fi\\\/piha\\\/\",\"name\":\"Lammi - Piha\",\"description\":\"Piha\",\"potentialAction\":[{\"@type\":\"SearchAction\",\"target\":{\"@type\":\"EntryPoint\",\"urlTemplate\":\"https:\\\/\\\/www.lammi.fi\\\/piha\\\/?s={search_term_string}\"},\"query-input\":{\"@type\":\"PropertyValueSpecification\",\"valueRequired\":true,\"valueName\":\"search_term_string\"}}],\"inLanguage\":\"fi\"}]}<\/script>\n<!-- \/ Yoast SEO plugin. -->","yoast_head_json":{"title":"Lammi - Piha - Valaisimet","description":"Muuriin integroidut valaisimet levitt\u00e4v\u00e4t valoa kauniisti kulkijaa h\u00e4ik\u00e4isem\u00e4tt\u00e4 muurin edustaan, jossa usein sijaitsee kulkuv\u00e4yli\u00e4.","canonical":"https:\/\/www.lammi.fi\/piha\/valaisimet\/","og_locale":"fi_FI","og_type":"article","og_title":"Lammi - Piha - Valaisimet","og_description":"Muuriin integroidut valaisimet levitt\u00e4v\u00e4t valoa kauniisti kulkijaa h\u00e4ik\u00e4isem\u00e4tt\u00e4 muurin edustaan, jossa usein sijaitsee kulkuv\u00e4yli\u00e4.","og_url":"https:\/\/www.lammi.fi\/piha\/valaisimet\/","og_site_name":"Lammi - Piha","article_modified_time":"2023-04-04T09:43:32+00:00","twitter_card":"summary_large_image","twitter_misc":{"Arvioitu lukuaika":"1 minuutti"},"schema":{"@context":"https:\/\/schema.org","@graph":[{"@type":"WebPage","@id":"https:\/\/www.lammi.fi\/piha\/valaisimet\/","url":"https:\/\/www.lammi.fi\/piha\/valaisimet\/","name":"Lammi - Piha - Valaisimet","isPartOf":{"@id":"https:\/\/www.lammi.fi\/piha\/#website"},"datePublished":"2018-07-04T11:09:55+00:00","dateModified":"2023-04-04T09:43:32+00:00","description":"Muuriin integroidut valaisimet levitt\u00e4v\u00e4t valoa kauniisti kulkijaa h\u00e4ik\u00e4isem\u00e4tt\u00e4 muurin edustaan, jossa usein sijaitsee kulkuv\u00e4yli\u00e4.","breadcrumb":{"@id":"https:\/\/www.lammi.fi\/piha\/valaisimet\/#breadcrumb"},"inLanguage":"fi","potentialAction":[{"@type":"ReadAction","target":["https:\/\/www.lammi.fi\/piha\/valaisimet\/"]}]},{"@type":"BreadcrumbList","@id":"https:\/\/www.lammi.fi\/piha\/valaisimet\/#breadcrumb","itemListElement":[{"@type":"ListItem","position":1,"name":"Lammi.fi","item":"https:\/\/www.lammi.fi"},{"@type":"ListItem","position":2,"name":"Piha","item":"https:\/\/www.lammi.fi\/piha\/"},{"@type":"ListItem","position":3,"name":"Valaisimet"}]},{"@type":"WebSite","@id":"https:\/\/www.lammi.fi\/piha\/#website","url":"https:\/\/www.lammi.fi\/piha\/","name":"Lammi - Piha","description":"Piha","potentialAction":[{"@type":"SearchAction","target":{"@type":"EntryPoint","urlTemplate":"https:\/\/www.lammi.fi\/piha\/?s={search_term_string}"},"query-input":{"@type":"PropertyValueSpecification","valueRequired":true,"valueName":"search_term_string"}}],"inLanguage":"fi"}]}},"_links":{"self":[{"href":"https:\/\/www.lammi.fi\/piha\/wp-json\/wp\/v2\/pages\/23","targetHints":{"allow":["GET"]}}],"collection":[{"href":"https:\/\/www.lammi.fi\/piha\/wp-json\/wp\/v2\/pages"}],"about":[{"href":"https:\/\/www.lammi.fi\/piha\/wp-json\/wp\/v2\/types\/page"}],"author":[{"embeddable":true,"href":"https:\/\/www.lammi.fi\/piha\/wp-json\/wp\/v2\/users\/1"}],"replies":[{"embeddable":true,"href":"https:\/\/www.lammi.fi\/piha\/wp-json\/wp\/v2\/comments?post=23"}],"version-history":[{"count":15,"href":"https:\/\/www.lammi.fi\/piha\/wp-json\/wp\/v2\/pages\/23\/revisions"}],"predecessor-version":[{"id":1279,"href":"https:\/\/www.lammi.fi\/piha\/wp-json\/wp\/v2\/pages\/23\/revisions\/1279"}],"wp:attachment":[{"href":"https:\/\/www.lammi.fi\/piha\/wp-json\/wp\/v2\/media?parent=23"}],"curies":[{"name":"wp","href":"https:\/\/api.w.org\/{rel}","templated":true}]}}