{"id":21,"date":"2018-07-04T11:09:47","date_gmt":"2018-07-04T11:09:47","guid":{"rendered":"https:\/\/www.lammi.fi\/piha\/?page_id=21"},"modified":"2025-12-30T20:43:57","modified_gmt":"2025-12-30T17:43:57","slug":"paatykivet","status":"publish","type":"page","link":"https:\/\/www.lammi.fi\/piha\/tuotteet\/paatykivet\/","title":{"rendered":"P\u00e4\u00e4tykivet"},"content":{"rendered":"<h1>P\u00e4\u00e4tykivet<\/h1>\n<p>P\u00e4\u00e4tykivill\u00e4 viimeistelet muurin pystysuorat p\u00e4\u00e4t tai useamman kerroksen korkuiset porrastukset muurin yl\u00e4pinnassa. P\u00e4\u00e4tykivi\u00e4 tarvitaan joka toiseen kerrokseen per p\u00e4\u00e4ty.<\/p>\n<p>Rei\u00e4llisi\u00e4 p\u00e4\u00e4tykivi\u00e4 k\u00e4ytet\u00e4\u00e4n alempiin kivikerroksiin ja umpinaisia ylimp\u00e4\u00e4n kerrokseen kansikivien kanssa.<\/p>\n","protected":false},"excerpt":{"rendered":"<p>P\u00e4\u00e4tykivet P\u00e4\u00e4tykivill\u00e4 viimeistelet muurin pystysuorat p\u00e4\u00e4t tai useamman kerroksen korkuiset porrastukset muurin yl\u00e4pinnassa. P\u00e4\u00e4tykivi\u00e4 tarvitaan joka toiseen kerrokseen per p\u00e4\u00e4ty. Rei\u00e4llisi\u00e4 p\u00e4\u00e4tykivi\u00e4 k\u00e4ytet\u00e4\u00e4n alempiin kivikerroksiin ja umpinaisia ylimp\u00e4\u00e4n kerrokseen kansikivien kanssa.<\/p>\n","protected":false},"author":1,"featured_media":0,"parent":15,"menu_order":0,"comment_status":"closed","ping_status":"closed","template":"","meta":{"_acf_changed":false,"_improvement_type_select":"improve_an_existing","_thumb_yes_seoaic":false,"_frame_yes_seoaic":false,"seoaic_generate_description":"","seoaic_improve_instructions_prompt":"","seoaic_rollback_content_improvement":"","seoaic_idea_thumbnail_generator":"","thumbnail_generated":false,"thumbnail_generate_prompt":"","seoaic_article_description":"","footnotes":""},"class_list":["post-21","page","type-page","status-publish","hentry"],"acf":[],"yoast_head":"<!-- This site is optimized with the Yoast SEO plugin v27.1.1 - https:\/\/yoast.com\/product\/yoast-seo-wordpress\/ -->\n<title>Lammi - Piha - P\u00e4\u00e4tykivet<\/title>\n<meta name=\"description\" content=\"P\u00e4\u00e4tykivill\u00e4 viimeistelet muurin pystysuorat p\u00e4\u00e4t tai useamman kerroksen korkuiset porrastukset muurin yl\u00e4pinnassa.\" \/>\n<link rel=\"canonical\" href=\"https:\/\/www.lammi.fi\/piha\/tuotteet\/paatykivet\/\" \/>\n<meta property=\"og:locale\" content=\"fi_FI\" \/>\n<meta property=\"og:type\" content=\"article\" \/>\n<meta property=\"og:title\" content=\"Lammi - Piha - P\u00e4\u00e4tykivet\" \/>\n<meta property=\"og:description\" content=\"P\u00e4\u00e4tykivill\u00e4 viimeistelet muurin pystysuorat p\u00e4\u00e4t tai useamman kerroksen korkuiset porrastukset muurin yl\u00e4pinnassa.\" \/>\n<meta property=\"og:url\" content=\"https:\/\/www.lammi.fi\/piha\/tuotteet\/paatykivet\/\" \/>\n<meta property=\"og:site_name\" content=\"Lammi - Piha\" \/>\n<meta property=\"article:modified_time\" content=\"2025-12-30T17:43:57+00:00\" \/>\n<meta name=\"twitter:card\" content=\"summary_large_image\" \/>\n<meta name=\"twitter:label1\" content=\"Arvioitu lukuaika\" \/>\n\t<meta name=\"twitter:data1\" content=\"1 minuutti\" \/>\n<script type=\"application\/ld+json\" class=\"yoast-schema-graph\">{\"@context\":\"https:\/\/schema.org\",\"@graph\":[{\"@type\":\"WebPage\",\"@id\":\"https:\/\/www.lammi.fi\/piha\/tuotteet\/paatykivet\/\",\"url\":\"https:\/\/www.lammi.fi\/piha\/tuotteet\/paatykivet\/\",\"name\":\"Lammi - Piha - P\u00e4\u00e4tykivet\",\"isPartOf\":{\"@id\":\"https:\/\/www.lammi.fi\/piha\/#website\"},\"datePublished\":\"2018-07-04T11:09:47+00:00\",\"dateModified\":\"2025-12-30T17:43:57+00:00\",\"description\":\"P\u00e4\u00e4tykivill\u00e4 viimeistelet muurin pystysuorat p\u00e4\u00e4t tai useamman kerroksen korkuiset porrastukset muurin yl\u00e4pinnassa.\",\"breadcrumb\":{\"@id\":\"https:\/\/www.lammi.fi\/piha\/tuotteet\/paatykivet\/#breadcrumb\"},\"inLanguage\":\"fi\",\"potentialAction\":[{\"@type\":\"ReadAction\",\"target\":[\"https:\/\/www.lammi.fi\/piha\/tuotteet\/paatykivet\/\"]}]},{\"@type\":\"BreadcrumbList\",\"@id\":\"https:\/\/www.lammi.fi\/piha\/tuotteet\/paatykivet\/#breadcrumb\",\"itemListElement\":[{\"@type\":\"ListItem\",\"position\":1,\"name\":\"Lammi.fi\",\"item\":\"https:\/\/www.lammi.fi\"},{\"@type\":\"ListItem\",\"position\":2,\"name\":\"Piha\",\"item\":\"https:\/\/www.lammi.fi\/piha\/\"},{\"@type\":\"ListItem\",\"position\":3,\"name\":\"Tuotteet\",\"item\":\"https:\/\/www.lammi.fi\/piha\/tuotteet\/\"},{\"@type\":\"ListItem\",\"position\":4,\"name\":\"P\u00e4\u00e4tykivet\"}]},{\"@type\":\"WebSite\",\"@id\":\"https:\/\/www.lammi.fi\/piha\/#website\",\"url\":\"https:\/\/www.lammi.fi\/piha\/\",\"name\":\"Lammi - Piha\",\"description\":\"Piha\",\"potentialAction\":[{\"@type\":\"SearchAction\",\"target\":{\"@type\":\"EntryPoint\",\"urlTemplate\":\"https:\/\/www.lammi.fi\/piha\/?s={search_term_string}\"},\"query-input\":{\"@type\":\"PropertyValueSpecification\",\"valueRequired\":true,\"valueName\":\"search_term_string\"}}],\"inLanguage\":\"fi\"}]}<\/script>\n<!-- \/ Yoast SEO plugin. -->","yoast_head_json":{"title":"Lammi - Piha - P\u00e4\u00e4tykivet","description":"P\u00e4\u00e4tykivill\u00e4 viimeistelet muurin pystysuorat p\u00e4\u00e4t tai useamman kerroksen korkuiset porrastukset muurin yl\u00e4pinnassa.","canonical":"https:\/\/www.lammi.fi\/piha\/tuotteet\/paatykivet\/","og_locale":"fi_FI","og_type":"article","og_title":"Lammi - Piha - P\u00e4\u00e4tykivet","og_description":"P\u00e4\u00e4tykivill\u00e4 viimeistelet muurin pystysuorat p\u00e4\u00e4t tai useamman kerroksen korkuiset porrastukset muurin yl\u00e4pinnassa.","og_url":"https:\/\/www.lammi.fi\/piha\/tuotteet\/paatykivet\/","og_site_name":"Lammi - Piha","article_modified_time":"2025-12-30T17:43:57+00:00","twitter_card":"summary_large_image","twitter_misc":{"Arvioitu lukuaika":"1 minuutti"},"schema":{"@context":"https:\/\/schema.org","@graph":[{"@type":"WebPage","@id":"https:\/\/www.lammi.fi\/piha\/tuotteet\/paatykivet\/","url":"https:\/\/www.lammi.fi\/piha\/tuotteet\/paatykivet\/","name":"Lammi - Piha - P\u00e4\u00e4tykivet","isPartOf":{"@id":"https:\/\/www.lammi.fi\/piha\/#website"},"datePublished":"2018-07-04T11:09:47+00:00","dateModified":"2025-12-30T17:43:57+00:00","description":"P\u00e4\u00e4tykivill\u00e4 viimeistelet muurin pystysuorat p\u00e4\u00e4t tai useamman kerroksen korkuiset porrastukset muurin yl\u00e4pinnassa.","breadcrumb":{"@id":"https:\/\/www.lammi.fi\/piha\/tuotteet\/paatykivet\/#breadcrumb"},"inLanguage":"fi","potentialAction":[{"@type":"ReadAction","target":["https:\/\/www.lammi.fi\/piha\/tuotteet\/paatykivet\/"]}]},{"@type":"BreadcrumbList","@id":"https:\/\/www.lammi.fi\/piha\/tuotteet\/paatykivet\/#breadcrumb","itemListElement":[{"@type":"ListItem","position":1,"name":"Lammi.fi","item":"https:\/\/www.lammi.fi"},{"@type":"ListItem","position":2,"name":"Piha","item":"https:\/\/www.lammi.fi\/piha\/"},{"@type":"ListItem","position":3,"name":"Tuotteet","item":"https:\/\/www.lammi.fi\/piha\/tuotteet\/"},{"@type":"ListItem","position":4,"name":"P\u00e4\u00e4tykivet"}]},{"@type":"WebSite","@id":"https:\/\/www.lammi.fi\/piha\/#website","url":"https:\/\/www.lammi.fi\/piha\/","name":"Lammi - Piha","description":"Piha","potentialAction":[{"@type":"SearchAction","target":{"@type":"EntryPoint","urlTemplate":"https:\/\/www.lammi.fi\/piha\/?s={search_term_string}"},"query-input":{"@type":"PropertyValueSpecification","valueRequired":true,"valueName":"search_term_string"}}],"inLanguage":"fi"}]}},"_links":{"self":[{"href":"https:\/\/www.lammi.fi\/piha\/wp-json\/wp\/v2\/pages\/21","targetHints":{"allow":["GET"]}}],"collection":[{"href":"https:\/\/www.lammi.fi\/piha\/wp-json\/wp\/v2\/pages"}],"about":[{"href":"https:\/\/www.lammi.fi\/piha\/wp-json\/wp\/v2\/types\/page"}],"author":[{"embeddable":true,"href":"https:\/\/www.lammi.fi\/piha\/wp-json\/wp\/v2\/users\/1"}],"replies":[{"embeddable":true,"href":"https:\/\/www.lammi.fi\/piha\/wp-json\/wp\/v2\/comments?post=21"}],"version-history":[{"count":12,"href":"https:\/\/www.lammi.fi\/piha\/wp-json\/wp\/v2\/pages\/21\/revisions"}],"predecessor-version":[{"id":1714,"href":"https:\/\/www.lammi.fi\/piha\/wp-json\/wp\/v2\/pages\/21\/revisions\/1714"}],"up":[{"embeddable":true,"href":"https:\/\/www.lammi.fi\/piha\/wp-json\/wp\/v2\/pages\/15"}],"wp:attachment":[{"href":"https:\/\/www.lammi.fi\/piha\/wp-json\/wp\/v2\/media?parent=21"}],"curies":[{"name":"wp","href":"https:\/\/api.w.org\/{rel}","templated":true}]}}