{"id":19,"date":"2018-07-04T11:09:39","date_gmt":"2018-07-04T11:09:39","guid":{"rendered":"https:\/\/www.lammi.fi\/piha\/?page_id=19"},"modified":"2025-12-30T20:43:33","modified_gmt":"2025-12-30T17:43:33","slug":"kansikivipari","status":"publish","type":"page","link":"https:\/\/www.lammi.fi\/piha\/tuotteet\/kansikivipari\/","title":{"rendered":"Kansikivipari"},"content":{"rendered":"<h1>Kansikivipari<\/h1>\n<p>Kansikivell\u00e4 viimeistell\u00e4\u00e4n muuri huolitellun n\u00e4k\u00f6iseksi. Kansikivi on mitoiltaan sama kuin peruskivi. Kansikivi on rakenteeltaan kevennetty, jolloin kannen puhkaiseminen l\u00e4pivienti\u00e4 varten onnistuu helposti k\u00e4sity\u00f6kaluilla. L\u00e4pivienti\u00e4 tarvitaan esimerkiksi putoamissuojauksen aitatolpan kiinnitt\u00e4miseksi.<\/p>\n<p>Julkisilla paikoilla kansikivi kannattaa kiinnitt\u00e4\u00e4 liimaamalla kansikivien irtoamisen tai ilkivallan est\u00e4miseksi.<\/p>\n","protected":false},"excerpt":{"rendered":"<p>Kansikivipari Kansikivell\u00e4 viimeistell\u00e4\u00e4n muuri huolitellun n\u00e4k\u00f6iseksi. Kansikivi on mitoiltaan sama kuin peruskivi. Kansikivi on rakenteeltaan kevennetty, jolloin kannen puhkaiseminen l\u00e4pivienti\u00e4 varten onnistuu helposti k\u00e4sity\u00f6kaluilla. L\u00e4pivienti\u00e4 tarvitaan esimerkiksi putoamissuojauksen aitatolpan kiinnitt\u00e4miseksi. Julkisilla paikoilla kansikivi kannattaa kiinnitt\u00e4\u00e4 liimaamalla kansikivien irtoamisen tai ilkivallan est\u00e4miseksi.<\/p>\n","protected":false},"author":1,"featured_media":0,"parent":15,"menu_order":0,"comment_status":"closed","ping_status":"closed","template":"","meta":{"_acf_changed":false,"_improvement_type_select":"improve_an_existing","_thumb_yes_seoaic":false,"_frame_yes_seoaic":false,"seoaic_generate_description":"","seoaic_improve_instructions_prompt":"","seoaic_rollback_content_improvement":"","seoaic_idea_thumbnail_generator":"","thumbnail_generated":false,"thumbnail_generate_prompt":"","seoaic_article_description":"","footnotes":""},"class_list":["post-19","page","type-page","status-publish","hentry"],"acf":[],"yoast_head":"<!-- This site is optimized with the Yoast SEO plugin v27.4 - https:\/\/yoast.com\/product\/yoast-seo-wordpress\/ -->\n<title>Lammi - Piha - Kansikivipari<\/title>\n<meta name=\"description\" content=\"Kansikivell\u00e4 viimeistell\u00e4\u00e4n muuri huolitellun n\u00e4k\u00f6iseksi. Kansikivi on mitoiltaan sama kuin peruskivi. Tutustu tuotteisiin.\" \/>\n<link rel=\"canonical\" href=\"https:\/\/www.lammi.fi\/piha\/tuotteet\/kansikivipari\/\" \/>\n<meta property=\"og:locale\" content=\"fi_FI\" \/>\n<meta property=\"og:type\" content=\"article\" \/>\n<meta property=\"og:title\" content=\"Lammi - Piha - Kansikivipari\" \/>\n<meta property=\"og:description\" content=\"Kansikivell\u00e4 viimeistell\u00e4\u00e4n muuri huolitellun n\u00e4k\u00f6iseksi. Kansikivi on mitoiltaan sama kuin peruskivi. Tutustu tuotteisiin.\" \/>\n<meta property=\"og:url\" content=\"https:\/\/www.lammi.fi\/piha\/tuotteet\/kansikivipari\/\" \/>\n<meta property=\"og:site_name\" content=\"Lammi - Piha\" \/>\n<meta property=\"article:modified_time\" content=\"2025-12-30T17:43:33+00:00\" \/>\n<meta name=\"twitter:card\" content=\"summary_large_image\" \/>\n<meta name=\"twitter:label1\" content=\"Arvioitu lukuaika\" \/>\n\t<meta name=\"twitter:data1\" content=\"1 minuutti\" \/>\n<script type=\"application\/ld+json\" class=\"yoast-schema-graph\">{\"@context\":\"https:\\\/\\\/schema.org\",\"@graph\":[{\"@type\":\"WebPage\",\"@id\":\"https:\\\/\\\/www.lammi.fi\\\/piha\\\/tuotteet\\\/kansikivipari\\\/\",\"url\":\"https:\\\/\\\/www.lammi.fi\\\/piha\\\/tuotteet\\\/kansikivipari\\\/\",\"name\":\"Lammi - Piha - Kansikivipari\",\"isPartOf\":{\"@id\":\"https:\\\/\\\/www.lammi.fi\\\/piha\\\/#website\"},\"datePublished\":\"2018-07-04T11:09:39+00:00\",\"dateModified\":\"2025-12-30T17:43:33+00:00\",\"description\":\"Kansikivell\u00e4 viimeistell\u00e4\u00e4n muuri huolitellun n\u00e4k\u00f6iseksi. Kansikivi on mitoiltaan sama kuin peruskivi. Tutustu tuotteisiin.\",\"breadcrumb\":{\"@id\":\"https:\\\/\\\/www.lammi.fi\\\/piha\\\/tuotteet\\\/kansikivipari\\\/#breadcrumb\"},\"inLanguage\":\"fi\",\"potentialAction\":[{\"@type\":\"ReadAction\",\"target\":[\"https:\\\/\\\/www.lammi.fi\\\/piha\\\/tuotteet\\\/kansikivipari\\\/\"]}]},{\"@type\":\"BreadcrumbList\",\"@id\":\"https:\\\/\\\/www.lammi.fi\\\/piha\\\/tuotteet\\\/kansikivipari\\\/#breadcrumb\",\"itemListElement\":[{\"@type\":\"ListItem\",\"position\":1,\"name\":\"Lammi.fi\",\"item\":\"https:\\\/\\\/www.lammi.fi\"},{\"@type\":\"ListItem\",\"position\":2,\"name\":\"Piha\",\"item\":\"https:\\\/\\\/www.lammi.fi\\\/piha\\\/\"},{\"@type\":\"ListItem\",\"position\":3,\"name\":\"Tuotteet\",\"item\":\"https:\\\/\\\/www.lammi.fi\\\/piha\\\/tuotteet\\\/\"},{\"@type\":\"ListItem\",\"position\":4,\"name\":\"Kansikivipari\"}]},{\"@type\":\"WebSite\",\"@id\":\"https:\\\/\\\/www.lammi.fi\\\/piha\\\/#website\",\"url\":\"https:\\\/\\\/www.lammi.fi\\\/piha\\\/\",\"name\":\"Lammi - Piha\",\"description\":\"Piha\",\"potentialAction\":[{\"@type\":\"SearchAction\",\"target\":{\"@type\":\"EntryPoint\",\"urlTemplate\":\"https:\\\/\\\/www.lammi.fi\\\/piha\\\/?s={search_term_string}\"},\"query-input\":{\"@type\":\"PropertyValueSpecification\",\"valueRequired\":true,\"valueName\":\"search_term_string\"}}],\"inLanguage\":\"fi\"}]}<\/script>\n<!-- \/ Yoast SEO plugin. -->","yoast_head_json":{"title":"Lammi - Piha - Kansikivipari","description":"Kansikivell\u00e4 viimeistell\u00e4\u00e4n muuri huolitellun n\u00e4k\u00f6iseksi. Kansikivi on mitoiltaan sama kuin peruskivi. Tutustu tuotteisiin.","canonical":"https:\/\/www.lammi.fi\/piha\/tuotteet\/kansikivipari\/","og_locale":"fi_FI","og_type":"article","og_title":"Lammi - Piha - Kansikivipari","og_description":"Kansikivell\u00e4 viimeistell\u00e4\u00e4n muuri huolitellun n\u00e4k\u00f6iseksi. Kansikivi on mitoiltaan sama kuin peruskivi. Tutustu tuotteisiin.","og_url":"https:\/\/www.lammi.fi\/piha\/tuotteet\/kansikivipari\/","og_site_name":"Lammi - Piha","article_modified_time":"2025-12-30T17:43:33+00:00","twitter_card":"summary_large_image","twitter_misc":{"Arvioitu lukuaika":"1 minuutti"},"schema":{"@context":"https:\/\/schema.org","@graph":[{"@type":"WebPage","@id":"https:\/\/www.lammi.fi\/piha\/tuotteet\/kansikivipari\/","url":"https:\/\/www.lammi.fi\/piha\/tuotteet\/kansikivipari\/","name":"Lammi - Piha - Kansikivipari","isPartOf":{"@id":"https:\/\/www.lammi.fi\/piha\/#website"},"datePublished":"2018-07-04T11:09:39+00:00","dateModified":"2025-12-30T17:43:33+00:00","description":"Kansikivell\u00e4 viimeistell\u00e4\u00e4n muuri huolitellun n\u00e4k\u00f6iseksi. Kansikivi on mitoiltaan sama kuin peruskivi. Tutustu tuotteisiin.","breadcrumb":{"@id":"https:\/\/www.lammi.fi\/piha\/tuotteet\/kansikivipari\/#breadcrumb"},"inLanguage":"fi","potentialAction":[{"@type":"ReadAction","target":["https:\/\/www.lammi.fi\/piha\/tuotteet\/kansikivipari\/"]}]},{"@type":"BreadcrumbList","@id":"https:\/\/www.lammi.fi\/piha\/tuotteet\/kansikivipari\/#breadcrumb","itemListElement":[{"@type":"ListItem","position":1,"name":"Lammi.fi","item":"https:\/\/www.lammi.fi"},{"@type":"ListItem","position":2,"name":"Piha","item":"https:\/\/www.lammi.fi\/piha\/"},{"@type":"ListItem","position":3,"name":"Tuotteet","item":"https:\/\/www.lammi.fi\/piha\/tuotteet\/"},{"@type":"ListItem","position":4,"name":"Kansikivipari"}]},{"@type":"WebSite","@id":"https:\/\/www.lammi.fi\/piha\/#website","url":"https:\/\/www.lammi.fi\/piha\/","name":"Lammi - Piha","description":"Piha","potentialAction":[{"@type":"SearchAction","target":{"@type":"EntryPoint","urlTemplate":"https:\/\/www.lammi.fi\/piha\/?s={search_term_string}"},"query-input":{"@type":"PropertyValueSpecification","valueRequired":true,"valueName":"search_term_string"}}],"inLanguage":"fi"}]}},"_links":{"self":[{"href":"https:\/\/www.lammi.fi\/piha\/wp-json\/wp\/v2\/pages\/19","targetHints":{"allow":["GET"]}}],"collection":[{"href":"https:\/\/www.lammi.fi\/piha\/wp-json\/wp\/v2\/pages"}],"about":[{"href":"https:\/\/www.lammi.fi\/piha\/wp-json\/wp\/v2\/types\/page"}],"author":[{"embeddable":true,"href":"https:\/\/www.lammi.fi\/piha\/wp-json\/wp\/v2\/users\/1"}],"replies":[{"embeddable":true,"href":"https:\/\/www.lammi.fi\/piha\/wp-json\/wp\/v2\/comments?post=19"}],"version-history":[{"count":15,"href":"https:\/\/www.lammi.fi\/piha\/wp-json\/wp\/v2\/pages\/19\/revisions"}],"predecessor-version":[{"id":1715,"href":"https:\/\/www.lammi.fi\/piha\/wp-json\/wp\/v2\/pages\/19\/revisions\/1715"}],"up":[{"embeddable":true,"href":"https:\/\/www.lammi.fi\/piha\/wp-json\/wp\/v2\/pages\/15"}],"wp:attachment":[{"href":"https:\/\/www.lammi.fi\/piha\/wp-json\/wp\/v2\/media?parent=19"}],"curies":[{"name":"wp","href":"https:\/\/api.w.org\/{rel}","templated":true}]}}