{"id":17,"date":"2018-07-04T11:09:29","date_gmt":"2018-07-04T11:09:29","guid":{"rendered":"https:\/\/www.lammi.fi\/piha\/?page_id=17"},"modified":"2025-12-30T20:42:30","modified_gmt":"2025-12-30T17:42:30","slug":"muurikivipari","status":"publish","type":"page","link":"https:\/\/www.lammi.fi\/piha\/tuotteet\/muurikivipari\/","title":{"rendered":"Muurikivipari"},"content":{"rendered":"<h1>Muurikivipari<\/h1>\n<p>Jykev\u00e4 mutta sopusuhtainen muurikivi tukee tehokkaasti pihan korkeuserot. Muurikiven suuret valuaukot lis\u00e4\u00e4v\u00e4t valettavan muurin lujuutta. Alle 75 cm korkeat muurit voidaan latoa ilman perustuksia. Siit\u00e4 korkeammat muurit aina kolmeen metriin asti vaativat alleen betonianturan ja betonivalun ter\u00e4styksineen. Korkeissa muureissa tulee huolehtia my\u00f6s putoamissuojaus kuntoon.<\/p>\n<p>Muurikive\u00e4 on saatavissa harmaan lis\u00e4ksi mustana. Tuotetunnuksen viimeinen kirjain kertoo tuotteen v\u00e4rin.<\/p>\n<div class=\"oembed oembed-youtube\">\n<div class='consent-placeholder'              data-category='cookie_cat_marketing'              onClick='CookieConsent.renew()'>             <img src='https:\/\/i.ytimg.com\/vi\/vN2yqpsCWPo\/hqdefault.jpg'>            <\/p>\n<div class='text-and-button'>\n<p class='consent-text'>Et ole hyv\u00e4ksynyt markkinoinnin ev\u00e4steit\u00e4 n\u00e4hd\u00e4ksesi videon.<\/p>\n<div class='wp-block-button'>                 <button class='wp-block-button__link piha'>Muuta ev\u00e4steasetuksia<\/button>            <\/div>\n<\/p><\/div>\n<\/p><\/div>\n<p><iframe title=\"Lammi Muurikivi\" width=\"840\" height=\"473\" src=\"\" data-consent-src=\"https:\/\/www.youtube.com\/embed\/vN2yqpsCWPo?feature=oembed\" data-category-consent=\"cookie_cat_marketing\" frameborder=\"0\" allow=\"accelerometer; autoplay; clipboard-write; encrypted-media; gyroscope; picture-in-picture; web-share\" referrerpolicy=\"strict-origin-when-cross-origin\" allowfullscreen><\/iframe><\/div>\n","protected":false},"excerpt":{"rendered":"<p>Muurikivipari Jykev\u00e4 mutta sopusuhtainen muurikivi tukee tehokkaasti pihan korkeuserot. Muurikiven suuret valuaukot lis\u00e4\u00e4v\u00e4t valettavan muurin lujuutta. Alle 75 cm korkeat muurit voidaan latoa ilman perustuksia. Siit\u00e4 korkeammat muurit aina kolmeen metriin asti vaativat alleen betonianturan ja betonivalun ter\u00e4styksineen. Korkeissa muureissa tulee huolehtia my\u00f6s putoamissuojaus kuntoon. Muurikive\u00e4 on saatavissa harmaan lis\u00e4ksi mustana. Tuotetunnuksen viimeinen kirjain kertoo &hellip; <a href=\"https:\/\/www.lammi.fi\/piha\/tuotteet\/muurikivipari\/\" class=\"more-link\">Lue lis\u00e4\u00e4<span class=\"screen-reader-text\"> &#8221;Muurikivipari&#8221;<\/span><\/a><\/p>\n","protected":false},"author":1,"featured_media":0,"parent":15,"menu_order":0,"comment_status":"closed","ping_status":"closed","template":"","meta":{"_acf_changed":false,"_improvement_type_select":"improve_an_existing","_thumb_yes_seoaic":false,"_frame_yes_seoaic":false,"seoaic_generate_description":"","seoaic_improve_instructions_prompt":"","seoaic_rollback_content_improvement":"","seoaic_idea_thumbnail_generator":"","thumbnail_generated":false,"thumbnail_generate_prompt":"","seoaic_article_description":"","footnotes":""},"class_list":["post-17","page","type-page","status-publish","hentry"],"acf":[],"yoast_head":"<!-- This site is optimized with the Yoast SEO plugin v27.4 - https:\/\/yoast.com\/product\/yoast-seo-wordpress\/ -->\n<title>Lammi - Piha - Muurikivipari<\/title>\n<meta name=\"description\" content=\"Jykev\u00e4 mutta sopusuhtainen muurikivi tukee tehokkaasti pihan korkeuserot. Muurikiven suuret valuaukot lis\u00e4\u00e4v\u00e4t valettavan muurin lujuutta.\" \/>\n<link rel=\"canonical\" href=\"https:\/\/www.lammi.fi\/piha\/tuotteet\/muurikivipari\/\" \/>\n<meta property=\"og:locale\" content=\"fi_FI\" \/>\n<meta property=\"og:type\" content=\"article\" \/>\n<meta property=\"og:title\" content=\"Lammi - Piha - Muurikivipari\" \/>\n<meta property=\"og:description\" content=\"Jykev\u00e4 mutta sopusuhtainen muurikivi tukee tehokkaasti pihan korkeuserot. Muurikiven suuret valuaukot lis\u00e4\u00e4v\u00e4t valettavan muurin lujuutta.\" \/>\n<meta property=\"og:url\" content=\"https:\/\/www.lammi.fi\/piha\/tuotteet\/muurikivipari\/\" \/>\n<meta property=\"og:site_name\" content=\"Lammi - Piha\" \/>\n<meta property=\"article:modified_time\" content=\"2025-12-30T17:42:30+00:00\" \/>\n<meta name=\"twitter:card\" content=\"summary_large_image\" \/>\n<meta name=\"twitter:label1\" content=\"Arvioitu lukuaika\" \/>\n\t<meta name=\"twitter:data1\" content=\"1 minuutti\" \/>\n<script type=\"application\/ld+json\" class=\"yoast-schema-graph\">{\"@context\":\"https:\\\/\\\/schema.org\",\"@graph\":[{\"@type\":\"WebPage\",\"@id\":\"https:\\\/\\\/www.lammi.fi\\\/piha\\\/tuotteet\\\/muurikivipari\\\/\",\"url\":\"https:\\\/\\\/www.lammi.fi\\\/piha\\\/tuotteet\\\/muurikivipari\\\/\",\"name\":\"Lammi - Piha - Muurikivipari\",\"isPartOf\":{\"@id\":\"https:\\\/\\\/www.lammi.fi\\\/piha\\\/#website\"},\"datePublished\":\"2018-07-04T11:09:29+00:00\",\"dateModified\":\"2025-12-30T17:42:30+00:00\",\"description\":\"Jykev\u00e4 mutta sopusuhtainen muurikivi tukee tehokkaasti pihan korkeuserot. Muurikiven suuret valuaukot lis\u00e4\u00e4v\u00e4t valettavan muurin lujuutta.\",\"breadcrumb\":{\"@id\":\"https:\\\/\\\/www.lammi.fi\\\/piha\\\/tuotteet\\\/muurikivipari\\\/#breadcrumb\"},\"inLanguage\":\"fi\",\"potentialAction\":[{\"@type\":\"ReadAction\",\"target\":[\"https:\\\/\\\/www.lammi.fi\\\/piha\\\/tuotteet\\\/muurikivipari\\\/\"]}]},{\"@type\":\"BreadcrumbList\",\"@id\":\"https:\\\/\\\/www.lammi.fi\\\/piha\\\/tuotteet\\\/muurikivipari\\\/#breadcrumb\",\"itemListElement\":[{\"@type\":\"ListItem\",\"position\":1,\"name\":\"Lammi.fi\",\"item\":\"https:\\\/\\\/www.lammi.fi\"},{\"@type\":\"ListItem\",\"position\":2,\"name\":\"Piha\",\"item\":\"https:\\\/\\\/www.lammi.fi\\\/piha\\\/\"},{\"@type\":\"ListItem\",\"position\":3,\"name\":\"Tuotteet\",\"item\":\"https:\\\/\\\/www.lammi.fi\\\/piha\\\/tuotteet\\\/\"},{\"@type\":\"ListItem\",\"position\":4,\"name\":\"Muurikivipari\"}]},{\"@type\":\"WebSite\",\"@id\":\"https:\\\/\\\/www.lammi.fi\\\/piha\\\/#website\",\"url\":\"https:\\\/\\\/www.lammi.fi\\\/piha\\\/\",\"name\":\"Lammi - Piha\",\"description\":\"Piha\",\"potentialAction\":[{\"@type\":\"SearchAction\",\"target\":{\"@type\":\"EntryPoint\",\"urlTemplate\":\"https:\\\/\\\/www.lammi.fi\\\/piha\\\/?s={search_term_string}\"},\"query-input\":{\"@type\":\"PropertyValueSpecification\",\"valueRequired\":true,\"valueName\":\"search_term_string\"}}],\"inLanguage\":\"fi\"}]}<\/script>\n<!-- \/ Yoast SEO plugin. -->","yoast_head_json":{"title":"Lammi - Piha - Muurikivipari","description":"Jykev\u00e4 mutta sopusuhtainen muurikivi tukee tehokkaasti pihan korkeuserot. Muurikiven suuret valuaukot lis\u00e4\u00e4v\u00e4t valettavan muurin lujuutta.","canonical":"https:\/\/www.lammi.fi\/piha\/tuotteet\/muurikivipari\/","og_locale":"fi_FI","og_type":"article","og_title":"Lammi - Piha - Muurikivipari","og_description":"Jykev\u00e4 mutta sopusuhtainen muurikivi tukee tehokkaasti pihan korkeuserot. Muurikiven suuret valuaukot lis\u00e4\u00e4v\u00e4t valettavan muurin lujuutta.","og_url":"https:\/\/www.lammi.fi\/piha\/tuotteet\/muurikivipari\/","og_site_name":"Lammi - Piha","article_modified_time":"2025-12-30T17:42:30+00:00","twitter_card":"summary_large_image","twitter_misc":{"Arvioitu lukuaika":"1 minuutti"},"schema":{"@context":"https:\/\/schema.org","@graph":[{"@type":"WebPage","@id":"https:\/\/www.lammi.fi\/piha\/tuotteet\/muurikivipari\/","url":"https:\/\/www.lammi.fi\/piha\/tuotteet\/muurikivipari\/","name":"Lammi - Piha - Muurikivipari","isPartOf":{"@id":"https:\/\/www.lammi.fi\/piha\/#website"},"datePublished":"2018-07-04T11:09:29+00:00","dateModified":"2025-12-30T17:42:30+00:00","description":"Jykev\u00e4 mutta sopusuhtainen muurikivi tukee tehokkaasti pihan korkeuserot. Muurikiven suuret valuaukot lis\u00e4\u00e4v\u00e4t valettavan muurin lujuutta.","breadcrumb":{"@id":"https:\/\/www.lammi.fi\/piha\/tuotteet\/muurikivipari\/#breadcrumb"},"inLanguage":"fi","potentialAction":[{"@type":"ReadAction","target":["https:\/\/www.lammi.fi\/piha\/tuotteet\/muurikivipari\/"]}]},{"@type":"BreadcrumbList","@id":"https:\/\/www.lammi.fi\/piha\/tuotteet\/muurikivipari\/#breadcrumb","itemListElement":[{"@type":"ListItem","position":1,"name":"Lammi.fi","item":"https:\/\/www.lammi.fi"},{"@type":"ListItem","position":2,"name":"Piha","item":"https:\/\/www.lammi.fi\/piha\/"},{"@type":"ListItem","position":3,"name":"Tuotteet","item":"https:\/\/www.lammi.fi\/piha\/tuotteet\/"},{"@type":"ListItem","position":4,"name":"Muurikivipari"}]},{"@type":"WebSite","@id":"https:\/\/www.lammi.fi\/piha\/#website","url":"https:\/\/www.lammi.fi\/piha\/","name":"Lammi - Piha","description":"Piha","potentialAction":[{"@type":"SearchAction","target":{"@type":"EntryPoint","urlTemplate":"https:\/\/www.lammi.fi\/piha\/?s={search_term_string}"},"query-input":{"@type":"PropertyValueSpecification","valueRequired":true,"valueName":"search_term_string"}}],"inLanguage":"fi"}]}},"_links":{"self":[{"href":"https:\/\/www.lammi.fi\/piha\/wp-json\/wp\/v2\/pages\/17","targetHints":{"allow":["GET"]}}],"collection":[{"href":"https:\/\/www.lammi.fi\/piha\/wp-json\/wp\/v2\/pages"}],"about":[{"href":"https:\/\/www.lammi.fi\/piha\/wp-json\/wp\/v2\/types\/page"}],"author":[{"embeddable":true,"href":"https:\/\/www.lammi.fi\/piha\/wp-json\/wp\/v2\/users\/1"}],"replies":[{"embeddable":true,"href":"https:\/\/www.lammi.fi\/piha\/wp-json\/wp\/v2\/comments?post=17"}],"version-history":[{"count":15,"href":"https:\/\/www.lammi.fi\/piha\/wp-json\/wp\/v2\/pages\/17\/revisions"}],"predecessor-version":[{"id":1717,"href":"https:\/\/www.lammi.fi\/piha\/wp-json\/wp\/v2\/pages\/17\/revisions\/1717"}],"up":[{"embeddable":true,"href":"https:\/\/www.lammi.fi\/piha\/wp-json\/wp\/v2\/pages\/15"}],"wp:attachment":[{"href":"https:\/\/www.lammi.fi\/piha\/wp-json\/wp\/v2\/media?parent=17"}],"curies":[{"name":"wp","href":"https:\/\/api.w.org\/{rel}","templated":true}]}}