{"id":1668,"date":"2025-08-28T11:12:37","date_gmt":"2025-08-28T08:12:37","guid":{"rendered":"https:\/\/www.lammi.fi\/piha\/?page_id=1668"},"modified":"2025-08-28T11:21:41","modified_gmt":"2025-08-28T08:21:41","slug":"muurikivi-vai-muottiharkko","status":"publish","type":"page","link":"https:\/\/www.lammi.fi\/piha\/lammi-piha\/muurikivi-vai-muottiharkko\/","title":{"rendered":"Muuri muottiharkkolla"},"content":{"rendered":"<h2><img decoding=\"async\" class=\"alignnone wp-image-694 size-large\" src=\"https:\/\/www.lammi.fi\/piha\/wp-content\/uploads\/sites\/5\/2020\/06\/Lammi_Piha_alasivun_p\u00e4\u00e4kuva_valinta-1024x562.jpg\" alt=\"muurikivi vai muottiharkko\" width=\"840\" height=\"461\" srcset=\"https:\/\/www.lammi.fi\/piha\/wp-content\/uploads\/sites\/5\/2020\/06\/Lammi_Piha_alasivun_p\u00e4\u00e4kuva_valinta-1024x562.jpg 1024w, https:\/\/www.lammi.fi\/piha\/wp-content\/uploads\/sites\/5\/2020\/06\/Lammi_Piha_alasivun_p\u00e4\u00e4kuva_valinta-300x165.jpg 300w, https:\/\/www.lammi.fi\/piha\/wp-content\/uploads\/sites\/5\/2020\/06\/Lammi_Piha_alasivun_p\u00e4\u00e4kuva_valinta-768x421.jpg 768w, https:\/\/www.lammi.fi\/piha\/wp-content\/uploads\/sites\/5\/2020\/06\/Lammi_Piha_alasivun_p\u00e4\u00e4kuva_valinta-1536x843.jpg 1536w, https:\/\/www.lammi.fi\/piha\/wp-content\/uploads\/sites\/5\/2020\/06\/Lammi_Piha_alasivun_p\u00e4\u00e4kuva_valinta-1200x659.jpg 1200w, https:\/\/www.lammi.fi\/piha\/wp-content\/uploads\/sites\/5\/2020\/06\/Lammi_Piha_alasivun_p\u00e4\u00e4kuva_valinta-260x143.jpg 260w, https:\/\/www.lammi.fi\/piha\/wp-content\/uploads\/sites\/5\/2020\/06\/Lammi_Piha_alasivun_p\u00e4\u00e4kuva_valinta-1093x600.jpg 1093w, https:\/\/www.lammi.fi\/piha\/wp-content\/uploads\/sites\/5\/2020\/06\/Lammi_Piha_alasivun_p\u00e4\u00e4kuva_valinta.jpg 1600w\" sizes=\"(max-width: 709px) 85vw, (max-width: 909px) 67vw, (max-width: 1362px) 62vw, 840px\" \/><\/h2>\n<h2>Valettava muurikivi ja muut muurituotteet<\/h2>\n<p>Rei\u00e4llisten muurikivien rakenne mahdollistaa matalien muurirakenteiden ohella my\u00f6s massiivisten tukimuurien rakentamisen. Jotta varmistetaan riitt\u00e4v\u00e4 rakennelujuus, k\u00e4ytet\u00e4\u00e4n muurikivien pystyaukoissa vahvistuksena harjater\u00e4st\u00e4 ja valetaan rei\u00e4t umpeen.<br \/>\nMuuri ladotaan muurikivipari kerrallaan ja viimeistell\u00e4\u00e4n umpinaisilla kansikivill\u00e4. Muurikivipari koostuu pitk\u00e4st\u00e4 kivest\u00e4 ja lyhyest\u00e4, niin sanotusta rusettikivest\u00e4. Muurikivist\u00e4 syntyv\u00e4n pystysuoran sein\u00e4m\u00e4n molemmat julkisivut ovat siistej\u00e4, ja muurikivet kelpaavatkin my\u00f6s aidan rakentamiseen.<\/p>\n<p>Valmistamamme muurikivet ovat toiselta sivultaan sileit\u00e4 ja toisaalta lohkaistuja. Erilaisia sile\u00e4kylkisi\u00e4 ja lohkopintaisia muurituotteita k\u00e4ytt\u00e4m\u00e4ll\u00e4 muurin ulkon\u00e4k\u00f6 voidaan valita maun mukaan. Yleisemp\u00e4\u00e4 on, ett\u00e4 muuri rakennetaan siten, ett\u00e4 lohkopinta on aina samaan suuntaan, mutta yhdistelem\u00e4ll\u00e4 ladonnassa sile\u00e4t\u00e4 ja lohkopintaa saadaan muurista hyvin el\u00e4v\u00e4.<\/p>\n<p><a href=\"https:\/\/www.lammi.fi\/piha\/muurikivet\/muurikivipari\/\">Lue lis\u00e4\u00e4 muurituotteista\u00a0<\/a><a href=\"http:\/\/www.lamminbetoni.fi\/fi\/muurikivet\">\u00bb<\/a><\/p>\n<h2>Muuri muottiharkoista<\/h2>\n<p>Muurit toteutetaan yleens\u00e4 muurikivist\u00e4, jolloin muuria ei tarvitse erikseen pinnoittaa, vaan lohkopinta tai sile\u00e4 betonipinta toimii valmiina julkisivupintana. Kun muurilta halutaan erilaista julkisivupintaa voidaan muuri tehd\u00e4 muottiharkoista. Pinnoitteena voidaan k\u00e4ytt\u00e4\u00e4 erilaisia rappauksia tai kivirouheita. Yleinen tapa on my\u00f6s pinnoittaa muuri luonnonkivilaatoilla.<\/p>\n<p>Muottiharkkojen hyv\u00e4 puoli on my\u00f6s se, ett\u00e4 niit\u00e4 on eri paksuisina. T\u00e4ll\u00f6in matalammat muurit voidaan tehd\u00e4 150 mm leveist\u00e4 muottiharkoista ja korkeammat, usean metrin korkuiset muurit vaativat yleens\u00e4 paksumman muottiharkon k\u00e4ytt\u00f6\u00e4.<\/p>\n<p><a href=\"https:\/\/www.lammi.fi\/harkko\/tuotteet\/muottiharkot\/\">Lue lis\u00e4\u00e4 muottiharkoista\u00a0\u00bb<\/a><\/p>\n","protected":false},"excerpt":{"rendered":"<p>Valettava muurikivi ja muut muurituotteet Rei\u00e4llisten muurikivien rakenne mahdollistaa matalien muurirakenteiden ohella my\u00f6s massiivisten tukimuurien rakentamisen. Jotta varmistetaan riitt\u00e4v\u00e4 rakennelujuus, k\u00e4ytet\u00e4\u00e4n muurikivien pystyaukoissa vahvistuksena harjater\u00e4st\u00e4 ja valetaan rei\u00e4t umpeen. Muuri ladotaan muurikivipari kerrallaan ja viimeistell\u00e4\u00e4n umpinaisilla kansikivill\u00e4. Muurikivipari koostuu pitk\u00e4st\u00e4 kivest\u00e4 ja lyhyest\u00e4, niin sanotusta rusettikivest\u00e4. Muurikivist\u00e4 syntyv\u00e4n pystysuoran sein\u00e4m\u00e4n molemmat julkisivut ovat siistej\u00e4, ja &hellip; <a href=\"https:\/\/www.lammi.fi\/piha\/lammi-piha\/muurikivi-vai-muottiharkko\/\" class=\"more-link\">Lue lis\u00e4\u00e4<span class=\"screen-reader-text\"> &#8221;Muuri muottiharkkolla&#8221;<\/span><\/a><\/p>\n","protected":false},"author":15,"featured_media":0,"parent":1625,"menu_order":0,"comment_status":"closed","ping_status":"closed","template":"","meta":{"_acf_changed":false,"_improvement_type_select":"improve_an_existing","_thumb_yes_seoaic":false,"_frame_yes_seoaic":false,"seoaic_generate_description":"","seoaic_improve_instructions_prompt":"","seoaic_rollback_content_improvement":"","seoaic_idea_thumbnail_generator":"","thumbnail_generated":false,"thumbnail_generate_prompt":"","seoaic_article_description":"","footnotes":""},"class_list":["post-1668","page","type-page","status-publish","hentry"],"acf":[],"yoast_head":"<!-- This site is optimized with the Yoast SEO plugin v27.1.1 - https:\/\/yoast.com\/product\/yoast-seo-wordpress\/ -->\n<title>Lammi - Piha - Muuri muottiharkkolla<\/title>\n<meta name=\"description\" content=\"Muurit toteutetaan yleens\u00e4 muurikivist\u00e4, jolloin muuria ei tarvitse erikseen pinnoittaa. My\u00f6s muottiharkko voi olla hyv\u00e4 vaihtoehto muuriin.\" \/>\n<link rel=\"canonical\" href=\"https:\/\/www.lammi.fi\/piha\/lammi-piha\/muurikivi-vai-muottiharkko\/\" \/>\n<meta property=\"og:locale\" content=\"fi_FI\" \/>\n<meta property=\"og:type\" content=\"article\" \/>\n<meta property=\"og:title\" content=\"Lammi - Piha - Muuri muottiharkkolla\" \/>\n<meta property=\"og:description\" content=\"Muurit toteutetaan yleens\u00e4 muurikivist\u00e4, jolloin muuria ei tarvitse erikseen pinnoittaa. My\u00f6s muottiharkko voi olla hyv\u00e4 vaihtoehto muuriin.\" \/>\n<meta property=\"og:url\" content=\"https:\/\/www.lammi.fi\/piha\/lammi-piha\/muurikivi-vai-muottiharkko\/\" \/>\n<meta property=\"og:site_name\" content=\"Lammi - Piha\" \/>\n<meta property=\"article:modified_time\" content=\"2025-08-28T08:21:41+00:00\" \/>\n<meta name=\"twitter:card\" content=\"summary_large_image\" \/>\n<meta name=\"twitter:label1\" content=\"Arvioitu lukuaika\" \/>\n\t<meta name=\"twitter:data1\" content=\"2 minuuttia\" \/>\n<script type=\"application\/ld+json\" class=\"yoast-schema-graph\">{\"@context\":\"https:\/\/schema.org\",\"@graph\":[{\"@type\":\"WebPage\",\"@id\":\"https:\/\/www.lammi.fi\/piha\/lammi-piha\/muurikivi-vai-muottiharkko\/\",\"url\":\"https:\/\/www.lammi.fi\/piha\/lammi-piha\/muurikivi-vai-muottiharkko\/\",\"name\":\"Lammi - Piha - Muuri muottiharkkolla\",\"isPartOf\":{\"@id\":\"https:\/\/www.lammi.fi\/piha\/#website\"},\"datePublished\":\"2025-08-28T08:12:37+00:00\",\"dateModified\":\"2025-08-28T08:21:41+00:00\",\"description\":\"Muurit toteutetaan yleens\u00e4 muurikivist\u00e4, jolloin muuria ei tarvitse erikseen pinnoittaa. My\u00f6s muottiharkko voi olla hyv\u00e4 vaihtoehto muuriin.\",\"breadcrumb\":{\"@id\":\"https:\/\/www.lammi.fi\/piha\/lammi-piha\/muurikivi-vai-muottiharkko\/#breadcrumb\"},\"inLanguage\":\"fi\",\"potentialAction\":[{\"@type\":\"ReadAction\",\"target\":[\"https:\/\/www.lammi.fi\/piha\/lammi-piha\/muurikivi-vai-muottiharkko\/\"]}]},{\"@type\":\"BreadcrumbList\",\"@id\":\"https:\/\/www.lammi.fi\/piha\/lammi-piha\/muurikivi-vai-muottiharkko\/#breadcrumb\",\"itemListElement\":[{\"@type\":\"ListItem\",\"position\":1,\"name\":\"Lammi.fi\",\"item\":\"https:\/\/www.lammi.fi\"},{\"@type\":\"ListItem\",\"position\":2,\"name\":\"Piha\",\"item\":\"https:\/\/www.lammi.fi\/piha\/\"},{\"@type\":\"ListItem\",\"position\":3,\"name\":\"Lammi Piha\",\"item\":\"https:\/\/www.lammi.fi\/piha\/lammi-piha\/\"},{\"@type\":\"ListItem\",\"position\":4,\"name\":\"Muuri muottiharkkolla\"}]},{\"@type\":\"WebSite\",\"@id\":\"https:\/\/www.lammi.fi\/piha\/#website\",\"url\":\"https:\/\/www.lammi.fi\/piha\/\",\"name\":\"Lammi - Piha\",\"description\":\"Piha\",\"potentialAction\":[{\"@type\":\"SearchAction\",\"target\":{\"@type\":\"EntryPoint\",\"urlTemplate\":\"https:\/\/www.lammi.fi\/piha\/?s={search_term_string}\"},\"query-input\":{\"@type\":\"PropertyValueSpecification\",\"valueRequired\":true,\"valueName\":\"search_term_string\"}}],\"inLanguage\":\"fi\"}]}<\/script>\n<!-- \/ Yoast SEO plugin. -->","yoast_head_json":{"title":"Lammi - Piha - Muuri muottiharkkolla","description":"Muurit toteutetaan yleens\u00e4 muurikivist\u00e4, jolloin muuria ei tarvitse erikseen pinnoittaa. My\u00f6s muottiharkko voi olla hyv\u00e4 vaihtoehto muuriin.","canonical":"https:\/\/www.lammi.fi\/piha\/lammi-piha\/muurikivi-vai-muottiharkko\/","og_locale":"fi_FI","og_type":"article","og_title":"Lammi - Piha - Muuri muottiharkkolla","og_description":"Muurit toteutetaan yleens\u00e4 muurikivist\u00e4, jolloin muuria ei tarvitse erikseen pinnoittaa. My\u00f6s muottiharkko voi olla hyv\u00e4 vaihtoehto muuriin.","og_url":"https:\/\/www.lammi.fi\/piha\/lammi-piha\/muurikivi-vai-muottiharkko\/","og_site_name":"Lammi - Piha","article_modified_time":"2025-08-28T08:21:41+00:00","twitter_card":"summary_large_image","twitter_misc":{"Arvioitu lukuaika":"2 minuuttia"},"schema":{"@context":"https:\/\/schema.org","@graph":[{"@type":"WebPage","@id":"https:\/\/www.lammi.fi\/piha\/lammi-piha\/muurikivi-vai-muottiharkko\/","url":"https:\/\/www.lammi.fi\/piha\/lammi-piha\/muurikivi-vai-muottiharkko\/","name":"Lammi - Piha - Muuri muottiharkkolla","isPartOf":{"@id":"https:\/\/www.lammi.fi\/piha\/#website"},"datePublished":"2025-08-28T08:12:37+00:00","dateModified":"2025-08-28T08:21:41+00:00","description":"Muurit toteutetaan yleens\u00e4 muurikivist\u00e4, jolloin muuria ei tarvitse erikseen pinnoittaa. My\u00f6s muottiharkko voi olla hyv\u00e4 vaihtoehto muuriin.","breadcrumb":{"@id":"https:\/\/www.lammi.fi\/piha\/lammi-piha\/muurikivi-vai-muottiharkko\/#breadcrumb"},"inLanguage":"fi","potentialAction":[{"@type":"ReadAction","target":["https:\/\/www.lammi.fi\/piha\/lammi-piha\/muurikivi-vai-muottiharkko\/"]}]},{"@type":"BreadcrumbList","@id":"https:\/\/www.lammi.fi\/piha\/lammi-piha\/muurikivi-vai-muottiharkko\/#breadcrumb","itemListElement":[{"@type":"ListItem","position":1,"name":"Lammi.fi","item":"https:\/\/www.lammi.fi"},{"@type":"ListItem","position":2,"name":"Piha","item":"https:\/\/www.lammi.fi\/piha\/"},{"@type":"ListItem","position":3,"name":"Lammi Piha","item":"https:\/\/www.lammi.fi\/piha\/lammi-piha\/"},{"@type":"ListItem","position":4,"name":"Muuri muottiharkkolla"}]},{"@type":"WebSite","@id":"https:\/\/www.lammi.fi\/piha\/#website","url":"https:\/\/www.lammi.fi\/piha\/","name":"Lammi - Piha","description":"Piha","potentialAction":[{"@type":"SearchAction","target":{"@type":"EntryPoint","urlTemplate":"https:\/\/www.lammi.fi\/piha\/?s={search_term_string}"},"query-input":{"@type":"PropertyValueSpecification","valueRequired":true,"valueName":"search_term_string"}}],"inLanguage":"fi"}]}},"_links":{"self":[{"href":"https:\/\/www.lammi.fi\/piha\/wp-json\/wp\/v2\/pages\/1668","targetHints":{"allow":["GET"]}}],"collection":[{"href":"https:\/\/www.lammi.fi\/piha\/wp-json\/wp\/v2\/pages"}],"about":[{"href":"https:\/\/www.lammi.fi\/piha\/wp-json\/wp\/v2\/types\/page"}],"author":[{"embeddable":true,"href":"https:\/\/www.lammi.fi\/piha\/wp-json\/wp\/v2\/users\/15"}],"replies":[{"embeddable":true,"href":"https:\/\/www.lammi.fi\/piha\/wp-json\/wp\/v2\/comments?post=1668"}],"version-history":[{"count":5,"href":"https:\/\/www.lammi.fi\/piha\/wp-json\/wp\/v2\/pages\/1668\/revisions"}],"predecessor-version":[{"id":1681,"href":"https:\/\/www.lammi.fi\/piha\/wp-json\/wp\/v2\/pages\/1668\/revisions\/1681"}],"up":[{"embeddable":true,"href":"https:\/\/www.lammi.fi\/piha\/wp-json\/wp\/v2\/pages\/1625"}],"wp:attachment":[{"href":"https:\/\/www.lammi.fi\/piha\/wp-json\/wp\/v2\/media?parent=1668"}],"curies":[{"name":"wp","href":"https:\/\/api.w.org\/{rel}","templated":true}]}}