{"id":1629,"date":"2025-08-14T15:34:15","date_gmt":"2025-08-14T12:34:15","guid":{"rendered":"https:\/\/www.lammi.fi\/piha\/?page_id=1629"},"modified":"2025-08-14T15:34:15","modified_gmt":"2025-08-14T12:34:15","slug":"lataa-esite","status":"publish","type":"page","link":"https:\/\/www.lammi.fi\/piha\/lammi-piha\/lataa-esite\/","title":{"rendered":"Lataa esite"},"content":{"rendered":"<h1>Lataa esite<\/h1>\n<p><a href=\"https:\/\/www.lammi.fi\/harkko\/wp-content\/uploads\/sites\/3\/2024\/01\/Lammi_Tuotteet_esite_2024.pdf\"><img decoding=\"async\" class=\" wp-image-1630 alignleft\" src=\"https:\/\/www.lammi.fi\/piha\/wp-content\/uploads\/sites\/5\/2025\/08\/Muurikivi_esite.png\" alt=\"\" width=\"220\" height=\"320\" srcset=\"https:\/\/www.lammi.fi\/piha\/wp-content\/uploads\/sites\/5\/2025\/08\/Muurikivi_esite.png 402w, https:\/\/www.lammi.fi\/piha\/wp-content\/uploads\/sites\/5\/2025\/08\/Muurikivi_esite-207x300.png 207w, https:\/\/www.lammi.fi\/piha\/wp-content\/uploads\/sites\/5\/2025\/08\/Muurikivi_esite-179x260.png 179w\" sizes=\"(max-width: 220px) 85vw, 220px\" \/><\/a><\/p>\n<p>&nbsp;<\/p>\n<p>&nbsp;<\/p>\n<p>&nbsp;<\/p>\n<p>&nbsp;<\/p>\n<p>&nbsp;<\/p>\n<p>&nbsp;<\/p>\n<p>Lue lis\u00e4\u00e4 Lammin Piha-tuotteista ja tutustu valikoimaan lataamalla esite.<\/p>\n<p><em>Piha-tuotteet on esiteltyn\u00e4 esitteess\u00e4 sivulta 18 alkaen ja Tuoteluettelossa sivulta 18 eteenp\u00e4in.<\/em><\/p>\n<p>Lataa <a href=\"https:\/\/www.lammi.fi\/harkko\/wp-content\/uploads\/sites\/3\/2024\/01\/Lammi_Tuotteet_esite_2024.pdf\" target=\"_blank\" rel=\"noopener\">PDF-esite \u00bb<\/a><\/p>\n<p>Lataa <a href=\"https:\/\/www.lammi.fi\/wp-content\/uploads\/2024\/09\/Lammi-tuoteluettelo-6_2024__digi.pdf\">Lammi Tuoteluettelo \u00bb<\/a><\/p>\n","protected":false},"excerpt":{"rendered":"<p>Lataa esite &nbsp; &nbsp; &nbsp; &nbsp; &nbsp; &nbsp; Lue lis\u00e4\u00e4 Lammin Piha-tuotteista ja tutustu valikoimaan lataamalla esite. Piha-tuotteet on esiteltyn\u00e4 esitteess\u00e4 sivulta 18 alkaen ja Tuoteluettelossa sivulta 18 eteenp\u00e4in. Lataa PDF-esite \u00bb Lataa Lammi Tuoteluettelo \u00bb<\/p>\n","protected":false},"author":15,"featured_media":0,"parent":1625,"menu_order":0,"comment_status":"closed","ping_status":"closed","template":"","meta":{"_acf_changed":false,"_improvement_type_select":"improve_an_existing","_thumb_yes_seoaic":false,"_frame_yes_seoaic":false,"seoaic_generate_description":"","seoaic_improve_instructions_prompt":"","seoaic_rollback_content_improvement":"","seoaic_idea_thumbnail_generator":"","thumbnail_generated":false,"thumbnail_generate_prompt":"","seoaic_article_description":"","footnotes":""},"class_list":["post-1629","page","type-page","status-publish","hentry"],"acf":[],"yoast_head":"<!-- This site is optimized with the Yoast SEO plugin v27.6 - https:\/\/yoast.com\/product\/yoast-seo-wordpress\/ -->\n<title>Lataa esite - Lammi - Piha<\/title>\n<meta name=\"description\" content=\"Haasteellinen rinnepiha muotoutuu erilaisten muurien avulla n\u00e4ytt\u00e4v\u00e4ksi puutarhaksi. Muurilla voi parantaa my\u00f6s tasamaatontin ilmett\u00e4.\" \/>\n<link rel=\"canonical\" href=\"https:\/\/www.lammi.fi\/piha\/lammi-piha\/lataa-esite\/\" \/>\n<meta property=\"og:locale\" content=\"fi_FI\" \/>\n<meta property=\"og:type\" content=\"article\" \/>\n<meta property=\"og:title\" content=\"Lataa esite - Lammi - Piha\" \/>\n<meta property=\"og:description\" content=\"Haasteellinen rinnepiha muotoutuu erilaisten muurien avulla n\u00e4ytt\u00e4v\u00e4ksi puutarhaksi. Muurilla voi parantaa my\u00f6s tasamaatontin ilmett\u00e4.\" \/>\n<meta property=\"og:url\" content=\"https:\/\/www.lammi.fi\/piha\/lammi-piha\/lataa-esite\/\" \/>\n<meta property=\"og:site_name\" content=\"Lammi - Piha\" \/>\n<meta property=\"og:image\" content=\"https:\/\/www.lammi.fi\/piha\/wp-content\/uploads\/sites\/5\/2025\/08\/Muurikivi_esite.png\" \/>\n\t<meta property=\"og:image:width\" content=\"402\" \/>\n\t<meta property=\"og:image:height\" content=\"584\" \/>\n\t<meta property=\"og:image:type\" content=\"image\/png\" \/>\n<meta name=\"twitter:card\" content=\"summary_large_image\" \/>\n<meta name=\"twitter:label1\" content=\"Arvioitu lukuaika\" \/>\n\t<meta name=\"twitter:data1\" content=\"1 minuutti\" \/>\n<script type=\"application\/ld+json\" class=\"yoast-schema-graph\">{\"@context\":\"https:\\\/\\\/schema.org\",\"@graph\":[{\"@type\":\"WebPage\",\"@id\":\"https:\\\/\\\/www.lammi.fi\\\/piha\\\/lammi-piha\\\/lataa-esite\\\/\",\"url\":\"https:\\\/\\\/www.lammi.fi\\\/piha\\\/lammi-piha\\\/lataa-esite\\\/\",\"name\":\"Lataa esite - Lammi - Piha\",\"isPartOf\":{\"@id\":\"https:\\\/\\\/www.lammi.fi\\\/piha\\\/#website\"},\"primaryImageOfPage\":{\"@id\":\"https:\\\/\\\/www.lammi.fi\\\/piha\\\/lammi-piha\\\/lataa-esite\\\/#primaryimage\"},\"image\":{\"@id\":\"https:\\\/\\\/www.lammi.fi\\\/piha\\\/lammi-piha\\\/lataa-esite\\\/#primaryimage\"},\"thumbnailUrl\":\"https:\\\/\\\/www.lammi.fi\\\/piha\\\/wp-content\\\/uploads\\\/sites\\\/5\\\/2025\\\/08\\\/Muurikivi_esite.png\",\"datePublished\":\"2025-08-14T12:34:15+00:00\",\"description\":\"Haasteellinen rinnepiha muotoutuu erilaisten muurien avulla n\u00e4ytt\u00e4v\u00e4ksi puutarhaksi. Muurilla voi parantaa my\u00f6s tasamaatontin ilmett\u00e4.\",\"breadcrumb\":{\"@id\":\"https:\\\/\\\/www.lammi.fi\\\/piha\\\/lammi-piha\\\/lataa-esite\\\/#breadcrumb\"},\"inLanguage\":\"fi\",\"potentialAction\":[{\"@type\":\"ReadAction\",\"target\":[\"https:\\\/\\\/www.lammi.fi\\\/piha\\\/lammi-piha\\\/lataa-esite\\\/\"]}]},{\"@type\":\"ImageObject\",\"inLanguage\":\"fi\",\"@id\":\"https:\\\/\\\/www.lammi.fi\\\/piha\\\/lammi-piha\\\/lataa-esite\\\/#primaryimage\",\"url\":\"https:\\\/\\\/www.lammi.fi\\\/piha\\\/wp-content\\\/uploads\\\/sites\\\/5\\\/2025\\\/08\\\/Muurikivi_esite.png\",\"contentUrl\":\"https:\\\/\\\/www.lammi.fi\\\/piha\\\/wp-content\\\/uploads\\\/sites\\\/5\\\/2025\\\/08\\\/Muurikivi_esite.png\",\"width\":402,\"height\":584},{\"@type\":\"BreadcrumbList\",\"@id\":\"https:\\\/\\\/www.lammi.fi\\\/piha\\\/lammi-piha\\\/lataa-esite\\\/#breadcrumb\",\"itemListElement\":[{\"@type\":\"ListItem\",\"position\":1,\"name\":\"Lammi.fi\",\"item\":\"https:\\\/\\\/www.lammi.fi\"},{\"@type\":\"ListItem\",\"position\":2,\"name\":\"Piha\",\"item\":\"https:\\\/\\\/www.lammi.fi\\\/piha\\\/\"},{\"@type\":\"ListItem\",\"position\":3,\"name\":\"Lammi Piha\",\"item\":\"https:\\\/\\\/www.lammi.fi\\\/piha\\\/lammi-piha\\\/\"},{\"@type\":\"ListItem\",\"position\":4,\"name\":\"Lataa esite\"}]},{\"@type\":\"WebSite\",\"@id\":\"https:\\\/\\\/www.lammi.fi\\\/piha\\\/#website\",\"url\":\"https:\\\/\\\/www.lammi.fi\\\/piha\\\/\",\"name\":\"Lammi - Piha\",\"description\":\"Piha\",\"potentialAction\":[{\"@type\":\"SearchAction\",\"target\":{\"@type\":\"EntryPoint\",\"urlTemplate\":\"https:\\\/\\\/www.lammi.fi\\\/piha\\\/?s={search_term_string}\"},\"query-input\":{\"@type\":\"PropertyValueSpecification\",\"valueRequired\":true,\"valueName\":\"search_term_string\"}}],\"inLanguage\":\"fi\"}]}<\/script>\n<!-- \/ Yoast SEO plugin. -->","yoast_head_json":{"title":"Lataa esite - Lammi - Piha","description":"Haasteellinen rinnepiha muotoutuu erilaisten muurien avulla n\u00e4ytt\u00e4v\u00e4ksi puutarhaksi. Muurilla voi parantaa my\u00f6s tasamaatontin ilmett\u00e4.","canonical":"https:\/\/www.lammi.fi\/piha\/lammi-piha\/lataa-esite\/","og_locale":"fi_FI","og_type":"article","og_title":"Lataa esite - Lammi - Piha","og_description":"Haasteellinen rinnepiha muotoutuu erilaisten muurien avulla n\u00e4ytt\u00e4v\u00e4ksi puutarhaksi. Muurilla voi parantaa my\u00f6s tasamaatontin ilmett\u00e4.","og_url":"https:\/\/www.lammi.fi\/piha\/lammi-piha\/lataa-esite\/","og_site_name":"Lammi - Piha","og_image":[{"width":402,"height":584,"url":"https:\/\/www.lammi.fi\/piha\/wp-content\/uploads\/sites\/5\/2025\/08\/Muurikivi_esite.png","type":"image\/png"}],"twitter_card":"summary_large_image","twitter_misc":{"Arvioitu lukuaika":"1 minuutti"},"schema":{"@context":"https:\/\/schema.org","@graph":[{"@type":"WebPage","@id":"https:\/\/www.lammi.fi\/piha\/lammi-piha\/lataa-esite\/","url":"https:\/\/www.lammi.fi\/piha\/lammi-piha\/lataa-esite\/","name":"Lataa esite - Lammi - Piha","isPartOf":{"@id":"https:\/\/www.lammi.fi\/piha\/#website"},"primaryImageOfPage":{"@id":"https:\/\/www.lammi.fi\/piha\/lammi-piha\/lataa-esite\/#primaryimage"},"image":{"@id":"https:\/\/www.lammi.fi\/piha\/lammi-piha\/lataa-esite\/#primaryimage"},"thumbnailUrl":"https:\/\/www.lammi.fi\/piha\/wp-content\/uploads\/sites\/5\/2025\/08\/Muurikivi_esite.png","datePublished":"2025-08-14T12:34:15+00:00","description":"Haasteellinen rinnepiha muotoutuu erilaisten muurien avulla n\u00e4ytt\u00e4v\u00e4ksi puutarhaksi. Muurilla voi parantaa my\u00f6s tasamaatontin ilmett\u00e4.","breadcrumb":{"@id":"https:\/\/www.lammi.fi\/piha\/lammi-piha\/lataa-esite\/#breadcrumb"},"inLanguage":"fi","potentialAction":[{"@type":"ReadAction","target":["https:\/\/www.lammi.fi\/piha\/lammi-piha\/lataa-esite\/"]}]},{"@type":"ImageObject","inLanguage":"fi","@id":"https:\/\/www.lammi.fi\/piha\/lammi-piha\/lataa-esite\/#primaryimage","url":"https:\/\/www.lammi.fi\/piha\/wp-content\/uploads\/sites\/5\/2025\/08\/Muurikivi_esite.png","contentUrl":"https:\/\/www.lammi.fi\/piha\/wp-content\/uploads\/sites\/5\/2025\/08\/Muurikivi_esite.png","width":402,"height":584},{"@type":"BreadcrumbList","@id":"https:\/\/www.lammi.fi\/piha\/lammi-piha\/lataa-esite\/#breadcrumb","itemListElement":[{"@type":"ListItem","position":1,"name":"Lammi.fi","item":"https:\/\/www.lammi.fi"},{"@type":"ListItem","position":2,"name":"Piha","item":"https:\/\/www.lammi.fi\/piha\/"},{"@type":"ListItem","position":3,"name":"Lammi Piha","item":"https:\/\/www.lammi.fi\/piha\/lammi-piha\/"},{"@type":"ListItem","position":4,"name":"Lataa esite"}]},{"@type":"WebSite","@id":"https:\/\/www.lammi.fi\/piha\/#website","url":"https:\/\/www.lammi.fi\/piha\/","name":"Lammi - Piha","description":"Piha","potentialAction":[{"@type":"SearchAction","target":{"@type":"EntryPoint","urlTemplate":"https:\/\/www.lammi.fi\/piha\/?s={search_term_string}"},"query-input":{"@type":"PropertyValueSpecification","valueRequired":true,"valueName":"search_term_string"}}],"inLanguage":"fi"}]}},"_links":{"self":[{"href":"https:\/\/www.lammi.fi\/piha\/wp-json\/wp\/v2\/pages\/1629","targetHints":{"allow":["GET"]}}],"collection":[{"href":"https:\/\/www.lammi.fi\/piha\/wp-json\/wp\/v2\/pages"}],"about":[{"href":"https:\/\/www.lammi.fi\/piha\/wp-json\/wp\/v2\/types\/page"}],"author":[{"embeddable":true,"href":"https:\/\/www.lammi.fi\/piha\/wp-json\/wp\/v2\/users\/15"}],"replies":[{"embeddable":true,"href":"https:\/\/www.lammi.fi\/piha\/wp-json\/wp\/v2\/comments?post=1629"}],"version-history":[{"count":3,"href":"https:\/\/www.lammi.fi\/piha\/wp-json\/wp\/v2\/pages\/1629\/revisions"}],"predecessor-version":[{"id":1634,"href":"https:\/\/www.lammi.fi\/piha\/wp-json\/wp\/v2\/pages\/1629\/revisions\/1634"}],"up":[{"embeddable":true,"href":"https:\/\/www.lammi.fi\/piha\/wp-json\/wp\/v2\/pages\/1625"}],"wp:attachment":[{"href":"https:\/\/www.lammi.fi\/piha\/wp-json\/wp\/v2\/media?parent=1629"}],"curies":[{"name":"wp","href":"https:\/\/api.w.org\/{rel}","templated":true}]}}