{"id":1625,"date":"2025-08-08T18:54:17","date_gmt":"2025-08-08T15:54:17","guid":{"rendered":"https:\/\/www.lammi.fi\/piha\/?page_id=1625"},"modified":"2025-08-08T18:55:04","modified_gmt":"2025-08-08T15:55:04","slug":"lammi-piha","status":"publish","type":"page","link":"https:\/\/www.lammi.fi\/piha\/lammi-piha\/","title":{"rendered":"Lammi Piha"},"content":{"rendered":"<h1>Muurista on moneksi<\/h1>\n<p><img decoding=\"async\" class=\"alignnone wp-image-690 size-large\" src=\"https:\/\/www.lammi.fi\/piha\/wp-content\/uploads\/sites\/5\/2020\/06\/Lammi_Piha_alasivun_p\u00e4\u00e4kuva_tietoa-1024x562.jpg\" alt=\"\" width=\"840\" height=\"461\" srcset=\"https:\/\/www.lammi.fi\/piha\/wp-content\/uploads\/sites\/5\/2020\/06\/Lammi_Piha_alasivun_p\u00e4\u00e4kuva_tietoa-1024x562.jpg 1024w, https:\/\/www.lammi.fi\/piha\/wp-content\/uploads\/sites\/5\/2020\/06\/Lammi_Piha_alasivun_p\u00e4\u00e4kuva_tietoa-300x165.jpg 300w, https:\/\/www.lammi.fi\/piha\/wp-content\/uploads\/sites\/5\/2020\/06\/Lammi_Piha_alasivun_p\u00e4\u00e4kuva_tietoa-768x421.jpg 768w, https:\/\/www.lammi.fi\/piha\/wp-content\/uploads\/sites\/5\/2020\/06\/Lammi_Piha_alasivun_p\u00e4\u00e4kuva_tietoa-1536x843.jpg 1536w, https:\/\/www.lammi.fi\/piha\/wp-content\/uploads\/sites\/5\/2020\/06\/Lammi_Piha_alasivun_p\u00e4\u00e4kuva_tietoa-1200x659.jpg 1200w, https:\/\/www.lammi.fi\/piha\/wp-content\/uploads\/sites\/5\/2020\/06\/Lammi_Piha_alasivun_p\u00e4\u00e4kuva_tietoa-260x143.jpg 260w, https:\/\/www.lammi.fi\/piha\/wp-content\/uploads\/sites\/5\/2020\/06\/Lammi_Piha_alasivun_p\u00e4\u00e4kuva_tietoa-1093x600.jpg 1093w, https:\/\/www.lammi.fi\/piha\/wp-content\/uploads\/sites\/5\/2020\/06\/Lammi_Piha_alasivun_p\u00e4\u00e4kuva_tietoa.jpg 1600w\" sizes=\"(max-width: 709px) 85vw, (max-width: 909px) 67vw, (max-width: 1362px) 62vw, 840px\" \/><\/p>\n<p>Muuri on pystysuora tai kallistettu sein\u00e4m\u00e4, jonka k\u00e4ytt\u00f6alue ulottuu kukkapenkin pengerryksist\u00e4 ja erilaisista pihapiirin tukirakenteista aina usean metrin korkuisiin maanpainemuureihin. Muuri voidaan rakentaa suoraksi tai kaarevaksi pihan edellytysten mukaan.<\/p>\n<h2>Suunnitteletko muuria rinne- vai tasamaalle?<\/h2>\n<p>Haasteellinen rinnepiha muotoutuu erilaisten muurien avulla n\u00e4ytt\u00e4v\u00e4ksi puutarhaksi ja toimivaksi oleskelupaikaksi. Muurilla voi parantaa my\u00f6s tasamaatontin ilmett\u00e4. Muurikivist\u00e4 rakennetut korotetut istutusalustat antavat kasveille riitt\u00e4v\u00e4n multatilan silloinkin, kun pihamaa ei salli riitt\u00e4v\u00e4n syv\u00e4n kasvualustan kaivamista. Muurin ja mullan v\u00e4liss\u00e4 suositellaan k\u00e4ytett\u00e4v\u00e4ksi patolevy\u00e4 est\u00e4m\u00e4\u00e4n kivien kostumista. My\u00f6s routasuojaus kannattaa toteuttaa kasvien juurien suojaksi.<\/p>\n<p>Muuri-istutukset luovat pihapiiriin tyyli\u00e4 ja ryhdikkyytt\u00e4 ja toimivat puutarhan tilanjakajina.\u00a0Muurikivien v\u00e4rivalikoima ja pintastruktuurit antavat vaihtoehtoja kokonaisilmeeseen. Ilme viimeistell\u00e4\u00e4n kansikivill\u00e4, jotka kiinnitet\u00e4\u00e4n paikalleen ohutsaumalaastilla tai erilaisilla liimavaahdoilla. Jos muuriin halutaan lis\u00e4elementtej\u00e4 \u2013 kuten valaistus tai koristealtaan suihkul\u00e4hde \u2013 on s\u00e4hk\u00f6ty\u00f6t huomioitava jo rakentamisvaiheessa.<\/p>\n<h2>Muuri lis\u00e4\u00e4 turvallisuutta<\/h2>\n<p>Rinnetonteille on tyypillist\u00e4 tontin suuret korkeuserot ja t\u00e4st\u00e4 syyst\u00e4 rinnett\u00e4 rajaaviin rakenteisiin kohdistuva maanpaine. Muurilla voidaan tukea pengerretty maa paikoilleen ja porrastaa rinteet toimivaksi ja turvalliseksi pihaksi. Kulkuv\u00e4ylill\u00e4 muuriin voidaan lis\u00e4t\u00e4 putoamissuojat ja muurivalaistus lis\u00e4\u00e4m\u00e4\u00e4n turvallisuutta pihapiiriss\u00e4. Muurin kivet lukkiutuvat toisiinsa ja tarvittaessa muuri voidaan valaa. N\u00e4in rakenteesta tulee luja ja maapainetta kest\u00e4v\u00e4.<\/p>\n<h2>Matalasta muurista monimetriseen sein\u00e4m\u00e4\u00e4n<\/h2>\n<p>Muurin korkeus voi vaihdella kymmenist\u00e4 senteist\u00e4 useisiin metreihin. Yli 75 cm korkeat muurit vaativat rakenteen vahvistamista harjater\u00e4ksell\u00e4 ja betonimassalla. Muurin korkeuden kasvaessa valetaan betonimassaa muurikivien jokaiseen pystyreik\u00e4\u00e4n, jotta varmistetaan riitt\u00e4v\u00e4 rakennelujuus.\u00a0Korkeammat muurit vaativat my\u00f6s vahvemmat perustukset ja anturan.<\/p>\n<p>Riippumatta muurin korkeudesta on sen alla olevan maan liikkuminen routimisen tai muun syyn takia eliminoitava.\u00a0Huomiota t\u00e4ytyy kiinnitt\u00e4\u00e4 my\u00f6s siihen, ett\u00e4 korkeat muurit vaativat usein rakennusluvan, tai v\u00e4hint\u00e4\u00e4nkin toimenpideilmoituksen. Asian voi tarkistaa kotikunnan rakennusvalvontaviranomaiselta ennen muurin rakentamista.<\/p>\n","protected":false},"excerpt":{"rendered":"<p>Muurista on moneksi Muuri on pystysuora tai kallistettu sein\u00e4m\u00e4, jonka k\u00e4ytt\u00f6alue ulottuu kukkapenkin pengerryksist\u00e4 ja erilaisista pihapiirin tukirakenteista aina usean metrin korkuisiin maanpainemuureihin. Muuri voidaan rakentaa suoraksi tai kaarevaksi pihan edellytysten mukaan. Suunnitteletko muuria rinne- vai tasamaalle? Haasteellinen rinnepiha muotoutuu erilaisten muurien avulla n\u00e4ytt\u00e4v\u00e4ksi puutarhaksi ja toimivaksi oleskelupaikaksi. Muurilla voi parantaa my\u00f6s tasamaatontin ilmett\u00e4. Muurikivist\u00e4 &hellip; <a href=\"https:\/\/www.lammi.fi\/piha\/lammi-piha\/\" class=\"more-link\">Lue lis\u00e4\u00e4<span class=\"screen-reader-text\"> &#8221;Lammi Piha&#8221;<\/span><\/a><\/p>\n","protected":false},"author":15,"featured_media":0,"parent":0,"menu_order":0,"comment_status":"closed","ping_status":"closed","template":"","meta":{"_acf_changed":false,"_improvement_type_select":"improve_an_existing","_thumb_yes_seoaic":false,"_frame_yes_seoaic":false,"seoaic_generate_description":"","seoaic_improve_instructions_prompt":"","seoaic_rollback_content_improvement":"","seoaic_idea_thumbnail_generator":"","thumbnail_generated":false,"thumbnail_generate_prompt":"","seoaic_article_description":"","footnotes":""},"class_list":["post-1625","page","type-page","status-publish","hentry"],"acf":[],"yoast_head":"<!-- This site is optimized with the Yoast SEO plugin v27.6 - https:\/\/yoast.com\/product\/yoast-seo-wordpress\/ -->\n<title>Lammi Piha - Lammi - Piha<\/title>\n<meta name=\"description\" content=\"Haasteellinen rinnepiha muotoutuu erilaisten muurien avulla n\u00e4ytt\u00e4v\u00e4ksi puutarhaksi. Muurilla voi parantaa my\u00f6s tasamaatontin ilmett\u00e4.\" \/>\n<link rel=\"canonical\" href=\"https:\/\/www.lammi.fi\/piha\/lammi-piha\/\" \/>\n<meta property=\"og:locale\" content=\"fi_FI\" \/>\n<meta property=\"og:type\" content=\"article\" \/>\n<meta property=\"og:title\" content=\"Lammi Piha - Lammi - Piha\" \/>\n<meta property=\"og:description\" content=\"Haasteellinen rinnepiha muotoutuu erilaisten muurien avulla n\u00e4ytt\u00e4v\u00e4ksi puutarhaksi. Muurilla voi parantaa my\u00f6s tasamaatontin ilmett\u00e4.\" \/>\n<meta property=\"og:url\" content=\"https:\/\/www.lammi.fi\/piha\/lammi-piha\/\" \/>\n<meta property=\"og:site_name\" content=\"Lammi - Piha\" \/>\n<meta property=\"article:modified_time\" content=\"2025-08-08T15:55:04+00:00\" \/>\n<meta name=\"twitter:card\" content=\"summary_large_image\" \/>\n<meta name=\"twitter:label1\" content=\"Arvioitu lukuaika\" \/>\n\t<meta name=\"twitter:data1\" content=\"2 minuuttia\" \/>\n<script type=\"application\/ld+json\" class=\"yoast-schema-graph\">{\"@context\":\"https:\\\/\\\/schema.org\",\"@graph\":[{\"@type\":\"WebPage\",\"@id\":\"https:\\\/\\\/www.lammi.fi\\\/piha\\\/lammi-piha\\\/\",\"url\":\"https:\\\/\\\/www.lammi.fi\\\/piha\\\/lammi-piha\\\/\",\"name\":\"Lammi Piha - Lammi - Piha\",\"isPartOf\":{\"@id\":\"https:\\\/\\\/www.lammi.fi\\\/piha\\\/#website\"},\"datePublished\":\"2025-08-08T15:54:17+00:00\",\"dateModified\":\"2025-08-08T15:55:04+00:00\",\"description\":\"Haasteellinen rinnepiha muotoutuu erilaisten muurien avulla n\u00e4ytt\u00e4v\u00e4ksi puutarhaksi. Muurilla voi parantaa my\u00f6s tasamaatontin ilmett\u00e4.\",\"breadcrumb\":{\"@id\":\"https:\\\/\\\/www.lammi.fi\\\/piha\\\/lammi-piha\\\/#breadcrumb\"},\"inLanguage\":\"fi\",\"potentialAction\":[{\"@type\":\"ReadAction\",\"target\":[\"https:\\\/\\\/www.lammi.fi\\\/piha\\\/lammi-piha\\\/\"]}]},{\"@type\":\"BreadcrumbList\",\"@id\":\"https:\\\/\\\/www.lammi.fi\\\/piha\\\/lammi-piha\\\/#breadcrumb\",\"itemListElement\":[{\"@type\":\"ListItem\",\"position\":1,\"name\":\"Lammi.fi\",\"item\":\"https:\\\/\\\/www.lammi.fi\"},{\"@type\":\"ListItem\",\"position\":2,\"name\":\"Piha\",\"item\":\"https:\\\/\\\/www.lammi.fi\\\/piha\\\/\"},{\"@type\":\"ListItem\",\"position\":3,\"name\":\"Lammi Piha\"}]},{\"@type\":\"WebSite\",\"@id\":\"https:\\\/\\\/www.lammi.fi\\\/piha\\\/#website\",\"url\":\"https:\\\/\\\/www.lammi.fi\\\/piha\\\/\",\"name\":\"Lammi - Piha\",\"description\":\"Piha\",\"potentialAction\":[{\"@type\":\"SearchAction\",\"target\":{\"@type\":\"EntryPoint\",\"urlTemplate\":\"https:\\\/\\\/www.lammi.fi\\\/piha\\\/?s={search_term_string}\"},\"query-input\":{\"@type\":\"PropertyValueSpecification\",\"valueRequired\":true,\"valueName\":\"search_term_string\"}}],\"inLanguage\":\"fi\"}]}<\/script>\n<!-- \/ Yoast SEO plugin. -->","yoast_head_json":{"title":"Lammi Piha - Lammi - Piha","description":"Haasteellinen rinnepiha muotoutuu erilaisten muurien avulla n\u00e4ytt\u00e4v\u00e4ksi puutarhaksi. Muurilla voi parantaa my\u00f6s tasamaatontin ilmett\u00e4.","canonical":"https:\/\/www.lammi.fi\/piha\/lammi-piha\/","og_locale":"fi_FI","og_type":"article","og_title":"Lammi Piha - Lammi - Piha","og_description":"Haasteellinen rinnepiha muotoutuu erilaisten muurien avulla n\u00e4ytt\u00e4v\u00e4ksi puutarhaksi. Muurilla voi parantaa my\u00f6s tasamaatontin ilmett\u00e4.","og_url":"https:\/\/www.lammi.fi\/piha\/lammi-piha\/","og_site_name":"Lammi - Piha","article_modified_time":"2025-08-08T15:55:04+00:00","twitter_card":"summary_large_image","twitter_misc":{"Arvioitu lukuaika":"2 minuuttia"},"schema":{"@context":"https:\/\/schema.org","@graph":[{"@type":"WebPage","@id":"https:\/\/www.lammi.fi\/piha\/lammi-piha\/","url":"https:\/\/www.lammi.fi\/piha\/lammi-piha\/","name":"Lammi Piha - Lammi - Piha","isPartOf":{"@id":"https:\/\/www.lammi.fi\/piha\/#website"},"datePublished":"2025-08-08T15:54:17+00:00","dateModified":"2025-08-08T15:55:04+00:00","description":"Haasteellinen rinnepiha muotoutuu erilaisten muurien avulla n\u00e4ytt\u00e4v\u00e4ksi puutarhaksi. Muurilla voi parantaa my\u00f6s tasamaatontin ilmett\u00e4.","breadcrumb":{"@id":"https:\/\/www.lammi.fi\/piha\/lammi-piha\/#breadcrumb"},"inLanguage":"fi","potentialAction":[{"@type":"ReadAction","target":["https:\/\/www.lammi.fi\/piha\/lammi-piha\/"]}]},{"@type":"BreadcrumbList","@id":"https:\/\/www.lammi.fi\/piha\/lammi-piha\/#breadcrumb","itemListElement":[{"@type":"ListItem","position":1,"name":"Lammi.fi","item":"https:\/\/www.lammi.fi"},{"@type":"ListItem","position":2,"name":"Piha","item":"https:\/\/www.lammi.fi\/piha\/"},{"@type":"ListItem","position":3,"name":"Lammi Piha"}]},{"@type":"WebSite","@id":"https:\/\/www.lammi.fi\/piha\/#website","url":"https:\/\/www.lammi.fi\/piha\/","name":"Lammi - Piha","description":"Piha","potentialAction":[{"@type":"SearchAction","target":{"@type":"EntryPoint","urlTemplate":"https:\/\/www.lammi.fi\/piha\/?s={search_term_string}"},"query-input":{"@type":"PropertyValueSpecification","valueRequired":true,"valueName":"search_term_string"}}],"inLanguage":"fi"}]}},"_links":{"self":[{"href":"https:\/\/www.lammi.fi\/piha\/wp-json\/wp\/v2\/pages\/1625","targetHints":{"allow":["GET"]}}],"collection":[{"href":"https:\/\/www.lammi.fi\/piha\/wp-json\/wp\/v2\/pages"}],"about":[{"href":"https:\/\/www.lammi.fi\/piha\/wp-json\/wp\/v2\/types\/page"}],"author":[{"embeddable":true,"href":"https:\/\/www.lammi.fi\/piha\/wp-json\/wp\/v2\/users\/15"}],"replies":[{"embeddable":true,"href":"https:\/\/www.lammi.fi\/piha\/wp-json\/wp\/v2\/comments?post=1625"}],"version-history":[{"count":1,"href":"https:\/\/www.lammi.fi\/piha\/wp-json\/wp\/v2\/pages\/1625\/revisions"}],"predecessor-version":[{"id":1627,"href":"https:\/\/www.lammi.fi\/piha\/wp-json\/wp\/v2\/pages\/1625\/revisions\/1627"}],"wp:attachment":[{"href":"https:\/\/www.lammi.fi\/piha\/wp-json\/wp\/v2\/media?parent=1625"}],"curies":[{"name":"wp","href":"https:\/\/api.w.org\/{rel}","templated":true}]}}