{"id":15,"date":"2018-07-04T11:09:15","date_gmt":"2018-07-04T11:09:15","guid":{"rendered":"https:\/\/www.lammi.fi\/piha\/?page_id=15"},"modified":"2025-08-25T13:47:44","modified_gmt":"2025-08-25T10:47:44","slug":"tuotteet","status":"publish","type":"page","link":"https:\/\/www.lammi.fi\/piha\/tuotteet\/","title":{"rendered":"Tuotteet"},"content":{"rendered":"<h1>Muurikivi \u2013 taidokas kokonaisuus Lammilta<\/h1>\n<p><img decoding=\"async\" class=\"alignnone wp-image-686 size-large\" src=\"https:\/\/www.lammi.fi\/piha\/wp-content\/uploads\/sites\/5\/2020\/06\/Lammi_Piha_alasivun_p\u00e4\u00e4kuva_muurikivet-1024x562.jpg\" alt=\"Muurikivet pihalle\" width=\"840\" height=\"461\" srcset=\"https:\/\/www.lammi.fi\/piha\/wp-content\/uploads\/sites\/5\/2020\/06\/Lammi_Piha_alasivun_p\u00e4\u00e4kuva_muurikivet-1024x562.jpg 1024w, https:\/\/www.lammi.fi\/piha\/wp-content\/uploads\/sites\/5\/2020\/06\/Lammi_Piha_alasivun_p\u00e4\u00e4kuva_muurikivet-300x165.jpg 300w, https:\/\/www.lammi.fi\/piha\/wp-content\/uploads\/sites\/5\/2020\/06\/Lammi_Piha_alasivun_p\u00e4\u00e4kuva_muurikivet-768x421.jpg 768w, https:\/\/www.lammi.fi\/piha\/wp-content\/uploads\/sites\/5\/2020\/06\/Lammi_Piha_alasivun_p\u00e4\u00e4kuva_muurikivet-1536x843.jpg 1536w, https:\/\/www.lammi.fi\/piha\/wp-content\/uploads\/sites\/5\/2020\/06\/Lammi_Piha_alasivun_p\u00e4\u00e4kuva_muurikivet-1200x659.jpg 1200w, https:\/\/www.lammi.fi\/piha\/wp-content\/uploads\/sites\/5\/2020\/06\/Lammi_Piha_alasivun_p\u00e4\u00e4kuva_muurikivet-260x143.jpg 260w, https:\/\/www.lammi.fi\/piha\/wp-content\/uploads\/sites\/5\/2020\/06\/Lammi_Piha_alasivun_p\u00e4\u00e4kuva_muurikivet-1093x600.jpg 1093w, https:\/\/www.lammi.fi\/piha\/wp-content\/uploads\/sites\/5\/2020\/06\/Lammi_Piha_alasivun_p\u00e4\u00e4kuva_muurikivet.jpg 1600w\" sizes=\"(max-width: 709px) 85vw, (max-width: 909px) 67vw, (max-width: 1362px) 62vw, 840px\" \/><\/p>\n<p>LammiMuuri on mietitty kokonaisuus, jossa yhdistyy hyv\u00e4 ulkon\u00e4k\u00f6, k\u00e4ytett\u00e4vyys ja turvallisuus n\u00e4ytt\u00e4v\u00e4ksi kokonaisuudeksi.<\/p>\n<p>Ammattilaisten k\u00e4ytt\u00f6\u00f6n kehitetty maanpainetta rajustikin kest\u00e4v\u00e4 muurikivi soveltuu hyvin my\u00f6s pienemp\u00e4\u00e4n tukemiseen vallikiven lailla. Lammin Betonin kehitt\u00e4m\u00e4 muurikivimalli on vallannut markkinat eik\u00e4 syytt\u00e4. \u00a0Jo vuonna 1990 keksitty nerokas rakenne taipuu moneen muotoon ja on tehokas juuri siin\u00e4, johon se on luotu \u2013 tukemiseen ja olemaan n\u00e4ytt\u00e4v\u00e4.<\/p>\n<p>Muuri soveltuu matalasta kukkapenkin reunasta aina 3 metri\u00e4 korkeaksi tukimuuriksi. Kiven rakenne mahdollistaa tehokkaan ter\u00e4styksen ja valun. Kulmat ja kaaret onnistuvat suoraan latomalla kivet haluttuun muotoon. Kaarevuuss\u00e4de on kolme metri\u00e4.<\/p>\n<p>&nbsp;<\/p>\n","protected":false},"excerpt":{"rendered":"<p>Muurikivi \u2013 taidokas kokonaisuus Lammilta LammiMuuri on mietitty kokonaisuus, jossa yhdistyy hyv\u00e4 ulkon\u00e4k\u00f6, k\u00e4ytett\u00e4vyys ja turvallisuus n\u00e4ytt\u00e4v\u00e4ksi kokonaisuudeksi. Ammattilaisten k\u00e4ytt\u00f6\u00f6n kehitetty maanpainetta rajustikin kest\u00e4v\u00e4 muurikivi soveltuu hyvin my\u00f6s pienemp\u00e4\u00e4n tukemiseen vallikiven lailla. Lammin Betonin kehitt\u00e4m\u00e4 muurikivimalli on vallannut markkinat eik\u00e4 syytt\u00e4. \u00a0Jo vuonna 1990 keksitty nerokas rakenne taipuu moneen muotoon ja on tehokas juuri siin\u00e4, &hellip; <a href=\"https:\/\/www.lammi.fi\/piha\/tuotteet\/\" class=\"more-link\">Lue lis\u00e4\u00e4<span class=\"screen-reader-text\"> &#8221;Tuotteet&#8221;<\/span><\/a><\/p>\n","protected":false},"author":1,"featured_media":0,"parent":0,"menu_order":0,"comment_status":"closed","ping_status":"closed","template":"","meta":{"_acf_changed":false,"_improvement_type_select":"improve_an_existing","_thumb_yes_seoaic":false,"_frame_yes_seoaic":false,"seoaic_generate_description":"","seoaic_improve_instructions_prompt":"","seoaic_rollback_content_improvement":"","seoaic_idea_thumbnail_generator":"","thumbnail_generated":false,"thumbnail_generate_prompt":"","seoaic_article_description":"","footnotes":""},"class_list":["post-15","page","type-page","status-publish","hentry"],"acf":[],"yoast_head":"<!-- This site is optimized with the Yoast SEO plugin v27.1.1 - https:\/\/yoast.com\/product\/yoast-seo-wordpress\/ -->\n<title>Lammi - Piha - Tuotteet<\/title>\n<meta name=\"description\" content=\"LammiMuuri on mietitty kokonaisuus, jossa yhdistyy hyv\u00e4 ulkon\u00e4k\u00f6, k\u00e4ytett\u00e4vyys ja turvallisuus n\u00e4ytt\u00e4v\u00e4ksi kokonaisuudeksi.\" \/>\n<link rel=\"canonical\" href=\"https:\/\/www.lammi.fi\/piha\/tuotteet\/\" \/>\n<meta property=\"og:locale\" content=\"fi_FI\" \/>\n<meta property=\"og:type\" content=\"article\" \/>\n<meta property=\"og:title\" content=\"Lammi - Piha - Tuotteet\" \/>\n<meta property=\"og:description\" content=\"LammiMuuri on mietitty kokonaisuus, jossa yhdistyy hyv\u00e4 ulkon\u00e4k\u00f6, k\u00e4ytett\u00e4vyys ja turvallisuus n\u00e4ytt\u00e4v\u00e4ksi kokonaisuudeksi.\" \/>\n<meta property=\"og:url\" content=\"https:\/\/www.lammi.fi\/piha\/tuotteet\/\" \/>\n<meta property=\"og:site_name\" content=\"Lammi - Piha\" \/>\n<meta property=\"article:modified_time\" content=\"2025-08-25T10:47:44+00:00\" \/>\n<meta name=\"twitter:card\" content=\"summary_large_image\" \/>\n<meta name=\"twitter:label1\" content=\"Arvioitu lukuaika\" \/>\n\t<meta name=\"twitter:data1\" content=\"1 minuutti\" \/>\n<script type=\"application\/ld+json\" class=\"yoast-schema-graph\">{\"@context\":\"https:\/\/schema.org\",\"@graph\":[{\"@type\":\"WebPage\",\"@id\":\"https:\/\/www.lammi.fi\/piha\/tuotteet\/\",\"url\":\"https:\/\/www.lammi.fi\/piha\/tuotteet\/\",\"name\":\"Lammi - Piha - Tuotteet\",\"isPartOf\":{\"@id\":\"https:\/\/www.lammi.fi\/piha\/#website\"},\"datePublished\":\"2018-07-04T11:09:15+00:00\",\"dateModified\":\"2025-08-25T10:47:44+00:00\",\"description\":\"LammiMuuri on mietitty kokonaisuus, jossa yhdistyy hyv\u00e4 ulkon\u00e4k\u00f6, k\u00e4ytett\u00e4vyys ja turvallisuus n\u00e4ytt\u00e4v\u00e4ksi kokonaisuudeksi.\",\"breadcrumb\":{\"@id\":\"https:\/\/www.lammi.fi\/piha\/tuotteet\/#breadcrumb\"},\"inLanguage\":\"fi\",\"potentialAction\":[{\"@type\":\"ReadAction\",\"target\":[\"https:\/\/www.lammi.fi\/piha\/tuotteet\/\"]}]},{\"@type\":\"BreadcrumbList\",\"@id\":\"https:\/\/www.lammi.fi\/piha\/tuotteet\/#breadcrumb\",\"itemListElement\":[{\"@type\":\"ListItem\",\"position\":1,\"name\":\"Lammi.fi\",\"item\":\"https:\/\/www.lammi.fi\"},{\"@type\":\"ListItem\",\"position\":2,\"name\":\"Piha\",\"item\":\"https:\/\/www.lammi.fi\/piha\/\"},{\"@type\":\"ListItem\",\"position\":3,\"name\":\"Tuotteet\"}]},{\"@type\":\"WebSite\",\"@id\":\"https:\/\/www.lammi.fi\/piha\/#website\",\"url\":\"https:\/\/www.lammi.fi\/piha\/\",\"name\":\"Lammi - Piha\",\"description\":\"Piha\",\"potentialAction\":[{\"@type\":\"SearchAction\",\"target\":{\"@type\":\"EntryPoint\",\"urlTemplate\":\"https:\/\/www.lammi.fi\/piha\/?s={search_term_string}\"},\"query-input\":{\"@type\":\"PropertyValueSpecification\",\"valueRequired\":true,\"valueName\":\"search_term_string\"}}],\"inLanguage\":\"fi\"}]}<\/script>\n<!-- \/ Yoast SEO plugin. -->","yoast_head_json":{"title":"Lammi - Piha - Tuotteet","description":"LammiMuuri on mietitty kokonaisuus, jossa yhdistyy hyv\u00e4 ulkon\u00e4k\u00f6, k\u00e4ytett\u00e4vyys ja turvallisuus n\u00e4ytt\u00e4v\u00e4ksi kokonaisuudeksi.","canonical":"https:\/\/www.lammi.fi\/piha\/tuotteet\/","og_locale":"fi_FI","og_type":"article","og_title":"Lammi - Piha - Tuotteet","og_description":"LammiMuuri on mietitty kokonaisuus, jossa yhdistyy hyv\u00e4 ulkon\u00e4k\u00f6, k\u00e4ytett\u00e4vyys ja turvallisuus n\u00e4ytt\u00e4v\u00e4ksi kokonaisuudeksi.","og_url":"https:\/\/www.lammi.fi\/piha\/tuotteet\/","og_site_name":"Lammi - Piha","article_modified_time":"2025-08-25T10:47:44+00:00","twitter_card":"summary_large_image","twitter_misc":{"Arvioitu lukuaika":"1 minuutti"},"schema":{"@context":"https:\/\/schema.org","@graph":[{"@type":"WebPage","@id":"https:\/\/www.lammi.fi\/piha\/tuotteet\/","url":"https:\/\/www.lammi.fi\/piha\/tuotteet\/","name":"Lammi - Piha - Tuotteet","isPartOf":{"@id":"https:\/\/www.lammi.fi\/piha\/#website"},"datePublished":"2018-07-04T11:09:15+00:00","dateModified":"2025-08-25T10:47:44+00:00","description":"LammiMuuri on mietitty kokonaisuus, jossa yhdistyy hyv\u00e4 ulkon\u00e4k\u00f6, k\u00e4ytett\u00e4vyys ja turvallisuus n\u00e4ytt\u00e4v\u00e4ksi kokonaisuudeksi.","breadcrumb":{"@id":"https:\/\/www.lammi.fi\/piha\/tuotteet\/#breadcrumb"},"inLanguage":"fi","potentialAction":[{"@type":"ReadAction","target":["https:\/\/www.lammi.fi\/piha\/tuotteet\/"]}]},{"@type":"BreadcrumbList","@id":"https:\/\/www.lammi.fi\/piha\/tuotteet\/#breadcrumb","itemListElement":[{"@type":"ListItem","position":1,"name":"Lammi.fi","item":"https:\/\/www.lammi.fi"},{"@type":"ListItem","position":2,"name":"Piha","item":"https:\/\/www.lammi.fi\/piha\/"},{"@type":"ListItem","position":3,"name":"Tuotteet"}]},{"@type":"WebSite","@id":"https:\/\/www.lammi.fi\/piha\/#website","url":"https:\/\/www.lammi.fi\/piha\/","name":"Lammi - Piha","description":"Piha","potentialAction":[{"@type":"SearchAction","target":{"@type":"EntryPoint","urlTemplate":"https:\/\/www.lammi.fi\/piha\/?s={search_term_string}"},"query-input":{"@type":"PropertyValueSpecification","valueRequired":true,"valueName":"search_term_string"}}],"inLanguage":"fi"}]}},"_links":{"self":[{"href":"https:\/\/www.lammi.fi\/piha\/wp-json\/wp\/v2\/pages\/15","targetHints":{"allow":["GET"]}}],"collection":[{"href":"https:\/\/www.lammi.fi\/piha\/wp-json\/wp\/v2\/pages"}],"about":[{"href":"https:\/\/www.lammi.fi\/piha\/wp-json\/wp\/v2\/types\/page"}],"author":[{"embeddable":true,"href":"https:\/\/www.lammi.fi\/piha\/wp-json\/wp\/v2\/users\/1"}],"replies":[{"embeddable":true,"href":"https:\/\/www.lammi.fi\/piha\/wp-json\/wp\/v2\/comments?post=15"}],"version-history":[{"count":11,"href":"https:\/\/www.lammi.fi\/piha\/wp-json\/wp\/v2\/pages\/15\/revisions"}],"predecessor-version":[{"id":1659,"href":"https:\/\/www.lammi.fi\/piha\/wp-json\/wp\/v2\/pages\/15\/revisions\/1659"}],"wp:attachment":[{"href":"https:\/\/www.lammi.fi\/piha\/wp-json\/wp\/v2\/media?parent=15"}],"curies":[{"name":"wp","href":"https:\/\/api.w.org\/{rel}","templated":true}]}}