{"id":9,"date":"2018-05-21T10:23:31","date_gmt":"2018-05-21T10:23:31","guid":{"rendered":"https:\/\/www.lammi.fi\/kivitalo\/?page_id=9"},"modified":"2025-08-29T14:53:47","modified_gmt":"2025-08-29T11:53:47","slug":"suunnittelu","status":"publish","type":"page","link":"https:\/\/www.lammi.fi\/kivitalo\/suunnittelu\/","title":{"rendered":"Suunnittelu"},"content":{"rendered":"<h1>Kivitalon suunnittelu<\/h1>\n<p><img decoding=\"async\" class=\"alignnone size-large wp-image-1733\" src=\"https:\/\/www.lammi.fi\/kivitalo\/wp-content\/uploads\/sites\/2\/2018\/07\/kuva_suunnittelu_2-1024x512.jpg\" alt=\"\" width=\"840\" height=\"420\" srcset=\"https:\/\/www.lammi.fi\/kivitalo\/wp-content\/uploads\/sites\/2\/2018\/07\/kuva_suunnittelu_2-1024x512.jpg 1024w, https:\/\/www.lammi.fi\/kivitalo\/wp-content\/uploads\/sites\/2\/2018\/07\/kuva_suunnittelu_2-300x150.jpg 300w, https:\/\/www.lammi.fi\/kivitalo\/wp-content\/uploads\/sites\/2\/2018\/07\/kuva_suunnittelu_2-768x384.jpg 768w, https:\/\/www.lammi.fi\/kivitalo\/wp-content\/uploads\/sites\/2\/2018\/07\/kuva_suunnittelu_2-1200x600.jpg 1200w, https:\/\/www.lammi.fi\/kivitalo\/wp-content\/uploads\/sites\/2\/2018\/07\/kuva_suunnittelu_2.jpg 1333w\" sizes=\"(max-width: 709px) 85vw, (max-width: 909px) 67vw, (max-width: 1362px) 62vw, 840px\" \/><\/p>\n<p>Lammi Kivitalon ostajalla on vapaus haaveilla, sill\u00e4 talomme suunnitellaan aina tulevien asukkaiden yksil\u00f6llisiin tarpeisiin. Perheen koko, el\u00e4m\u00e4ntapa, harrastukset ja mieltymykset m\u00e4\u00e4rittelev\u00e4t niin tilank\u00e4ytt\u00f6\u00e4 kuin kodin tyyli\u00e4 ja tunnelmaa. Me tied\u00e4mme, miten rakennetaan ja pid\u00e4mme yhdess\u00e4 kumppaniemme kanssa huolen asiakkaamme t\u00e4rkeimm\u00e4st\u00e4 projektista.<\/p>\n<p>Suunnittelun l\u00e4ht\u00f6kohtina ovat omat toiveesi, k\u00e4yt\u00f6ss\u00e4 oleva budjetti, tontti ja sen kaavam\u00e4\u00e4r\u00e4ykset. K\u00e4yt\u00f6ss\u00e4mme on laaja verkosto ammattitaitoisia suunnittelijoita sek\u00e4 toimijoita, joiden avulla pystymme tarjoamaan talon toteutuksen valitsemaasi valmiusasteeseen \u2013 vaikka muuttovalmiiksi saakka.<\/p>\n<h3>Pohjapiirustus valmiina tai unelman asteella \u2013 kaikki k\u00e4y<\/h3>\n<p>Me pystymme tekem\u00e4\u00e4n totta tarkoista suunnitelmista tai viel\u00e4 muotoansa hakevista unelmista. Suunnittelun l\u00e4ht\u00f6kohdaksi voidaan ottaa vaikka joku <a href=\"https:\/\/www.lammi.fi\/kivitalo\/suunnittelu\/talomallisto\/\">talomallistomme kohde<\/a>. Talo voidaan toteuttaa sellaisenaan, r\u00e4\u00e4t\u00e4l\u00f6id\u00e4 toiveiden mukaan tai k\u00e4ytt\u00e4\u00e4 oman ideoinnin l\u00e4ht\u00f6kohtana, jolloin valittu arkkitehti suunnittelee kaiken alusta asti sinun toiveidesi mukaan.<\/p>\n<h3>Jopa 80 % budjetista ly\u00f6d\u00e4\u00e4n lukkoon suunnittelijan ty\u00f6p\u00f6yd\u00e4ll\u00e4<\/h3>\n<p>Kokenut, kivitalorakentamiseen perehtynyt arkkitehti ja rakennesuunnittelija sek\u00e4 ammattitaitoiset erikoissuunnittelijat ovat rakentajan parhaita yst\u00e4vi\u00e4. Hyv\u00e4ll\u00e4 suunnitteluty\u00f6ll\u00e4 ja asiantuntijoiden avulla optimoidaan tilank\u00e4ytt\u00f6 ja l\u00f6ydet\u00e4\u00e4n kustannustehokkaat, budjettia vastaavat ratkaisut sek\u00e4 sopivimmat materiaalit.<\/p>\n<p>Talon lopulliseen hintaan vaikuttavista p\u00e4\u00e4t\u00f6ksist\u00e4 jopa 80 % tehd\u00e4\u00e4n jo t\u00e4ss\u00e4 vaiheessa. Siksi huolellisella suunnittelulla varmistetaan, ett\u00e4 hinta on mahdollisimman tarkasti tiedossa etuk\u00e4teen. Saat halutessasi k\u00e4ytt\u00f6\u00f6si asiantuntijaverkostomme, joka kattaa rakennusprojektin suunnittelusta valmiiseen taloon. Kaikelle tarjoukseemme sidotulle saat hintatakuun sek\u00e4 sitovan toimitusaikataulun. N\u00e4in tied\u00e4t tarkoin, mit\u00e4 tarjouksemme sis\u00e4lt\u00e4\u00e4 ja mik\u00e4 j\u00e4\u00e4 omalle vastuullesi.<\/p>\n<p>Haluatko arvioida taloprojektin kustannuksia jo ideointivaiheessa? Voit hy\u00f6dynt\u00e4\u00e4 jokaiselle talomallillemme laskettua <a href=\"https:\/\/www.lammi.fi\/kivitalo\/suunnittelu\/talomallisto\/kustannusmallit\/\">kustannusmallia<\/a>. Malli kuvaa kattavasti suuruusluokkaa, jolla kyseinen talo on mahdollista Lammin ja muiden yhteisty\u00f6kumppaneiden kanssa toteuttaa.<\/p>\n<p><img decoding=\"async\" class=\"alignnone size-large wp-image-1734\" src=\"https:\/\/www.lammi.fi\/kivitalo\/wp-content\/uploads\/sites\/2\/2018\/07\/kuva_suunnittelu_4-1024x512.jpg\" alt=\"\" width=\"840\" height=\"420\" srcset=\"https:\/\/www.lammi.fi\/kivitalo\/wp-content\/uploads\/sites\/2\/2018\/07\/kuva_suunnittelu_4-1024x512.jpg 1024w, https:\/\/www.lammi.fi\/kivitalo\/wp-content\/uploads\/sites\/2\/2018\/07\/kuva_suunnittelu_4-300x150.jpg 300w, https:\/\/www.lammi.fi\/kivitalo\/wp-content\/uploads\/sites\/2\/2018\/07\/kuva_suunnittelu_4-768x384.jpg 768w, https:\/\/www.lammi.fi\/kivitalo\/wp-content\/uploads\/sites\/2\/2018\/07\/kuva_suunnittelu_4-1200x600.jpg 1200w, https:\/\/www.lammi.fi\/kivitalo\/wp-content\/uploads\/sites\/2\/2018\/07\/kuva_suunnittelu_4.jpg 1333w\" sizes=\"(max-width: 709px) 85vw, (max-width: 909px) 67vw, (max-width: 1362px) 62vw, 840px\" \/><\/p>\n<h2><strong>Suunnittelun 3 ensiaskelta<\/strong><\/h2>\n<p><strong>1. Tapaaminen Lammin asiantuntijamyyj\u00e4n kanssa<\/strong><\/p>\n<p>Sinulla voi olla valmiit piirustukset, mieless\u00e4si tietty talomalli tai ihan vain pelkk\u00e4<br \/>\nhaave ja alustava budjetti. Lammi-myyj\u00e4 tekee tarvekartoituksen ja auttaa<br \/>\ntulevan talon konkretisoitumisessa haaveesta suunnitelmaksi.<\/p>\n<p><strong>2. Tontin hankinta &amp; talon piirustukset<\/strong><\/p>\n<p>Kun sopiva tontti on l\u00f6ytynyt, toteuttaa suunnittelija tarpeiden mukaisen yksil\u00f6llisen tai mallistosta muokatun talon suunnitelman. Saat meilt\u00e4 tarjouksen, jonka toimitussis\u00e4lt\u00f6 vastaa juuri sinun tarpeitasi. Autamme p\u00e4\u00e4tt\u00e4m\u00e4\u00e4n hankkeeseen sopivan projektimallin.<\/p>\n<p><strong>3. Suunnitelmien viimeistely, erikoissuunnittelu &amp; rakennuslupa<\/strong><\/p>\n<p>Kun arkkitehtisuunnitelma on valmis, tuotetaan rakennuslupaa varten tarvittavat\u00a0dokumentit. Ennen rakentamisen aloittamista tarvitaan my\u00f6s rakenne-, s\u00e4hk\u00f6- ja\u00a0LVI-suunnitelmat, sek\u00e4 tarvittaessa piha-, valaistus ja sisustussuunnitelmat.<\/p>\n<h3>Haaveiletko omasta Lammi Kivitalosta?<\/h3>\n<p>Aloita ideointi tutustumalla <a href=\"https:\/\/www.lammi.fi\/kivitalo\/suunnittelu\/talomallisto\/\">talomallistoomme<\/a> tai ota yhteytt\u00e4 l\u00e4himp\u00e4\u00e4n <a href=\"https:\/\/www.lammi.fi\/yhteystiedot\/?service=myynti-ja-asiakaspalvelu&amp;service_child=588\">Lammi Kivitalo -myyj\u00e4\u00e4n!<\/a><\/p>\n","protected":false},"excerpt":{"rendered":"<p>Kivitalon suunnittelu Lammi Kivitalon ostajalla on vapaus haaveilla, sill\u00e4 talomme suunnitellaan aina tulevien asukkaiden yksil\u00f6llisiin tarpeisiin. Perheen koko, el\u00e4m\u00e4ntapa, harrastukset ja mieltymykset m\u00e4\u00e4rittelev\u00e4t niin tilank\u00e4ytt\u00f6\u00e4 kuin kodin tyyli\u00e4 ja tunnelmaa. Me tied\u00e4mme, miten rakennetaan ja pid\u00e4mme yhdess\u00e4 kumppaniemme kanssa huolen asiakkaamme t\u00e4rkeimm\u00e4st\u00e4 projektista. Suunnittelun l\u00e4ht\u00f6kohtina ovat omat toiveesi, k\u00e4yt\u00f6ss\u00e4 oleva budjetti, tontti ja sen kaavam\u00e4\u00e4r\u00e4ykset. &hellip; <a href=\"https:\/\/www.lammi.fi\/kivitalo\/suunnittelu\/\" class=\"more-link\">Lue lis\u00e4\u00e4<span class=\"screen-reader-text\"> &#8221;Suunnittelu&#8221;<\/span><\/a><\/p>\n","protected":false},"author":1,"featured_media":0,"parent":0,"menu_order":0,"comment_status":"closed","ping_status":"closed","template":"","meta":{"_acf_changed":false,"_improvement_type_select":"improve_an_existing","_thumb_yes_seoaic":false,"_frame_yes_seoaic":false,"seoaic_generate_description":"","seoaic_improve_instructions_prompt":"","seoaic_rollback_content_improvement":"","seoaic_idea_thumbnail_generator":"","thumbnail_generated":false,"thumbnail_generate_prompt":"","seoaic_article_description":"","footnotes":""},"class_list":["post-9","page","type-page","status-publish","hentry"],"acf":[],"yoast_head":"<!-- This site is optimized with the Yoast SEO plugin v27.4 - https:\/\/yoast.com\/product\/yoast-seo-wordpress\/ -->\n<title>Lammi Kivitalo - Suunnittelu<\/title>\n<meta name=\"description\" content=\"Hyvin suunniteltu on puoliksi tehty. Katso asiantuntijoidemme vinkit kotinne rakentamisen suunnitteluun.\" \/>\n<link rel=\"canonical\" href=\"https:\/\/www.lammi.fi\/kivitalo\/suunnittelu\/\" \/>\n<meta property=\"og:locale\" content=\"fi_FI\" \/>\n<meta property=\"og:type\" content=\"article\" \/>\n<meta property=\"og:title\" content=\"Lammi Kivitalo - Suunnittelu\" \/>\n<meta property=\"og:description\" content=\"Hyvin suunniteltu on puoliksi tehty. Katso asiantuntijoidemme vinkit kotinne rakentamisen suunnitteluun.\" \/>\n<meta property=\"og:url\" content=\"https:\/\/www.lammi.fi\/kivitalo\/suunnittelu\/\" \/>\n<meta property=\"og:site_name\" content=\"Lammi Kivitalo\" \/>\n<meta property=\"article:publisher\" content=\"https:\/\/www.facebook.com\/LammiKivitalot\" \/>\n<meta property=\"article:modified_time\" content=\"2025-08-29T11:53:47+00:00\" \/>\n<meta property=\"og:image\" content=\"https:\/\/www.lammi.fi\/kivitalo\/wp-content\/uploads\/sites\/2\/2018\/07\/kuva_suunnittelu_2.jpg\" \/>\n\t<meta property=\"og:image:width\" content=\"1333\" \/>\n\t<meta property=\"og:image:height\" content=\"667\" \/>\n\t<meta property=\"og:image:type\" content=\"image\/jpeg\" \/>\n<meta name=\"twitter:card\" content=\"summary_large_image\" \/>\n<meta name=\"twitter:label1\" content=\"Arvioitu lukuaika\" \/>\n\t<meta name=\"twitter:data1\" content=\"3 minuuttia\" \/>\n<script type=\"application\/ld+json\" class=\"yoast-schema-graph\">{\"@context\":\"https:\\\/\\\/schema.org\",\"@graph\":[{\"@type\":\"WebPage\",\"@id\":\"https:\\\/\\\/www.lammi.fi\\\/kivitalo\\\/suunnittelu\\\/\",\"url\":\"https:\\\/\\\/www.lammi.fi\\\/kivitalo\\\/suunnittelu\\\/\",\"name\":\"Lammi Kivitalo - Suunnittelu\",\"isPartOf\":{\"@id\":\"https:\\\/\\\/www.lammi.fi\\\/kivitalo\\\/#website\"},\"primaryImageOfPage\":{\"@id\":\"https:\\\/\\\/www.lammi.fi\\\/kivitalo\\\/suunnittelu\\\/#primaryimage\"},\"image\":{\"@id\":\"https:\\\/\\\/www.lammi.fi\\\/kivitalo\\\/suunnittelu\\\/#primaryimage\"},\"thumbnailUrl\":\"https:\\\/\\\/www.lammi.fi\\\/kivitalo\\\/wp-content\\\/uploads\\\/sites\\\/2\\\/2018\\\/07\\\/kuva_suunnittelu_2-1024x512.jpg\",\"datePublished\":\"2018-05-21T10:23:31+00:00\",\"dateModified\":\"2025-08-29T11:53:47+00:00\",\"description\":\"Hyvin suunniteltu on puoliksi tehty. Katso asiantuntijoidemme vinkit kotinne rakentamisen suunnitteluun.\",\"breadcrumb\":{\"@id\":\"https:\\\/\\\/www.lammi.fi\\\/kivitalo\\\/suunnittelu\\\/#breadcrumb\"},\"inLanguage\":\"fi\",\"potentialAction\":[{\"@type\":\"ReadAction\",\"target\":[\"https:\\\/\\\/www.lammi.fi\\\/kivitalo\\\/suunnittelu\\\/\"]}]},{\"@type\":\"ImageObject\",\"inLanguage\":\"fi\",\"@id\":\"https:\\\/\\\/www.lammi.fi\\\/kivitalo\\\/suunnittelu\\\/#primaryimage\",\"url\":\"https:\\\/\\\/www.lammi.fi\\\/kivitalo\\\/wp-content\\\/uploads\\\/sites\\\/2\\\/2018\\\/07\\\/kuva_suunnittelu_2.jpg\",\"contentUrl\":\"https:\\\/\\\/www.lammi.fi\\\/kivitalo\\\/wp-content\\\/uploads\\\/sites\\\/2\\\/2018\\\/07\\\/kuva_suunnittelu_2.jpg\",\"width\":1333,\"height\":667},{\"@type\":\"BreadcrumbList\",\"@id\":\"https:\\\/\\\/www.lammi.fi\\\/kivitalo\\\/suunnittelu\\\/#breadcrumb\",\"itemListElement\":[{\"@type\":\"ListItem\",\"position\":1,\"name\":\"Lammi.fi\",\"item\":\"https:\\\/\\\/www.lammi.fi\"},{\"@type\":\"ListItem\",\"position\":2,\"name\":\"Lammi Kivitalo\",\"item\":\"https:\\\/\\\/www.lammi.fi\\\/kivitalo\\\/\"},{\"@type\":\"ListItem\",\"position\":3,\"name\":\"Suunnittelu\"}]},{\"@type\":\"WebSite\",\"@id\":\"https:\\\/\\\/www.lammi.fi\\\/kivitalo\\\/#website\",\"url\":\"https:\\\/\\\/www.lammi.fi\\\/kivitalo\\\/\",\"name\":\"Lammi Kivitalo\",\"description\":\"\",\"publisher\":{\"@id\":\"https:\\\/\\\/www.lammi.fi\\\/kivitalo\\\/#organization\"},\"potentialAction\":[{\"@type\":\"SearchAction\",\"target\":{\"@type\":\"EntryPoint\",\"urlTemplate\":\"https:\\\/\\\/www.lammi.fi\\\/kivitalo\\\/?s={search_term_string}\"},\"query-input\":{\"@type\":\"PropertyValueSpecification\",\"valueRequired\":true,\"valueName\":\"search_term_string\"}}],\"inLanguage\":\"fi\"},{\"@type\":\"Organization\",\"@id\":\"https:\\\/\\\/www.lammi.fi\\\/kivitalo\\\/#organization\",\"name\":\"Lammi Kivitalo\",\"url\":\"https:\\\/\\\/www.lammi.fi\\\/kivitalo\\\/\",\"logo\":{\"@type\":\"ImageObject\",\"inLanguage\":\"fi\",\"@id\":\"https:\\\/\\\/www.lammi.fi\\\/kivitalo\\\/#\\\/schema\\\/logo\\\/image\\\/\",\"url\":\"https:\\\/\\\/www.lammi.fi\\\/kivitalo\\\/wp-content\\\/uploads\\\/sites\\\/2\\\/2018\\\/05\\\/cropped-lammi_logo.png\",\"contentUrl\":\"https:\\\/\\\/www.lammi.fi\\\/kivitalo\\\/wp-content\\\/uploads\\\/sites\\\/2\\\/2018\\\/05\\\/cropped-lammi_logo.png\",\"width\":240,\"height\":122,\"caption\":\"Lammi Kivitalo\"},\"image\":{\"@id\":\"https:\\\/\\\/www.lammi.fi\\\/kivitalo\\\/#\\\/schema\\\/logo\\\/image\\\/\"},\"sameAs\":[\"https:\\\/\\\/www.facebook.com\\\/LammiKivitalot\",\"https:\\\/\\\/www.instagram.com\\\/lammikivitalot\\\/\",\"https:\\\/\\\/fi.pinterest.com\\\/lammikivitalot\\\/\"]}]}<\/script>\n<!-- \/ Yoast SEO plugin. -->","yoast_head_json":{"title":"Lammi Kivitalo - Suunnittelu","description":"Hyvin suunniteltu on puoliksi tehty. Katso asiantuntijoidemme vinkit kotinne rakentamisen suunnitteluun.","canonical":"https:\/\/www.lammi.fi\/kivitalo\/suunnittelu\/","og_locale":"fi_FI","og_type":"article","og_title":"Lammi Kivitalo - Suunnittelu","og_description":"Hyvin suunniteltu on puoliksi tehty. Katso asiantuntijoidemme vinkit kotinne rakentamisen suunnitteluun.","og_url":"https:\/\/www.lammi.fi\/kivitalo\/suunnittelu\/","og_site_name":"Lammi Kivitalo","article_publisher":"https:\/\/www.facebook.com\/LammiKivitalot","article_modified_time":"2025-08-29T11:53:47+00:00","og_image":[{"width":1333,"height":667,"url":"https:\/\/www.lammi.fi\/kivitalo\/wp-content\/uploads\/sites\/2\/2018\/07\/kuva_suunnittelu_2.jpg","type":"image\/jpeg"}],"twitter_card":"summary_large_image","twitter_misc":{"Arvioitu lukuaika":"3 minuuttia"},"schema":{"@context":"https:\/\/schema.org","@graph":[{"@type":"WebPage","@id":"https:\/\/www.lammi.fi\/kivitalo\/suunnittelu\/","url":"https:\/\/www.lammi.fi\/kivitalo\/suunnittelu\/","name":"Lammi Kivitalo - Suunnittelu","isPartOf":{"@id":"https:\/\/www.lammi.fi\/kivitalo\/#website"},"primaryImageOfPage":{"@id":"https:\/\/www.lammi.fi\/kivitalo\/suunnittelu\/#primaryimage"},"image":{"@id":"https:\/\/www.lammi.fi\/kivitalo\/suunnittelu\/#primaryimage"},"thumbnailUrl":"https:\/\/www.lammi.fi\/kivitalo\/wp-content\/uploads\/sites\/2\/2018\/07\/kuva_suunnittelu_2-1024x512.jpg","datePublished":"2018-05-21T10:23:31+00:00","dateModified":"2025-08-29T11:53:47+00:00","description":"Hyvin suunniteltu on puoliksi tehty. Katso asiantuntijoidemme vinkit kotinne rakentamisen suunnitteluun.","breadcrumb":{"@id":"https:\/\/www.lammi.fi\/kivitalo\/suunnittelu\/#breadcrumb"},"inLanguage":"fi","potentialAction":[{"@type":"ReadAction","target":["https:\/\/www.lammi.fi\/kivitalo\/suunnittelu\/"]}]},{"@type":"ImageObject","inLanguage":"fi","@id":"https:\/\/www.lammi.fi\/kivitalo\/suunnittelu\/#primaryimage","url":"https:\/\/www.lammi.fi\/kivitalo\/wp-content\/uploads\/sites\/2\/2018\/07\/kuva_suunnittelu_2.jpg","contentUrl":"https:\/\/www.lammi.fi\/kivitalo\/wp-content\/uploads\/sites\/2\/2018\/07\/kuva_suunnittelu_2.jpg","width":1333,"height":667},{"@type":"BreadcrumbList","@id":"https:\/\/www.lammi.fi\/kivitalo\/suunnittelu\/#breadcrumb","itemListElement":[{"@type":"ListItem","position":1,"name":"Lammi.fi","item":"https:\/\/www.lammi.fi"},{"@type":"ListItem","position":2,"name":"Lammi Kivitalo","item":"https:\/\/www.lammi.fi\/kivitalo\/"},{"@type":"ListItem","position":3,"name":"Suunnittelu"}]},{"@type":"WebSite","@id":"https:\/\/www.lammi.fi\/kivitalo\/#website","url":"https:\/\/www.lammi.fi\/kivitalo\/","name":"Lammi Kivitalo","description":"","publisher":{"@id":"https:\/\/www.lammi.fi\/kivitalo\/#organization"},"potentialAction":[{"@type":"SearchAction","target":{"@type":"EntryPoint","urlTemplate":"https:\/\/www.lammi.fi\/kivitalo\/?s={search_term_string}"},"query-input":{"@type":"PropertyValueSpecification","valueRequired":true,"valueName":"search_term_string"}}],"inLanguage":"fi"},{"@type":"Organization","@id":"https:\/\/www.lammi.fi\/kivitalo\/#organization","name":"Lammi Kivitalo","url":"https:\/\/www.lammi.fi\/kivitalo\/","logo":{"@type":"ImageObject","inLanguage":"fi","@id":"https:\/\/www.lammi.fi\/kivitalo\/#\/schema\/logo\/image\/","url":"https:\/\/www.lammi.fi\/kivitalo\/wp-content\/uploads\/sites\/2\/2018\/05\/cropped-lammi_logo.png","contentUrl":"https:\/\/www.lammi.fi\/kivitalo\/wp-content\/uploads\/sites\/2\/2018\/05\/cropped-lammi_logo.png","width":240,"height":122,"caption":"Lammi Kivitalo"},"image":{"@id":"https:\/\/www.lammi.fi\/kivitalo\/#\/schema\/logo\/image\/"},"sameAs":["https:\/\/www.facebook.com\/LammiKivitalot","https:\/\/www.instagram.com\/lammikivitalot\/","https:\/\/fi.pinterest.com\/lammikivitalot\/"]}]}},"_links":{"self":[{"href":"https:\/\/www.lammi.fi\/kivitalo\/wp-json\/wp\/v2\/pages\/9","targetHints":{"allow":["GET"]}}],"collection":[{"href":"https:\/\/www.lammi.fi\/kivitalo\/wp-json\/wp\/v2\/pages"}],"about":[{"href":"https:\/\/www.lammi.fi\/kivitalo\/wp-json\/wp\/v2\/types\/page"}],"author":[{"embeddable":true,"href":"https:\/\/www.lammi.fi\/kivitalo\/wp-json\/wp\/v2\/users\/1"}],"replies":[{"embeddable":true,"href":"https:\/\/www.lammi.fi\/kivitalo\/wp-json\/wp\/v2\/comments?post=9"}],"version-history":[{"count":15,"href":"https:\/\/www.lammi.fi\/kivitalo\/wp-json\/wp\/v2\/pages\/9\/revisions"}],"predecessor-version":[{"id":14917,"href":"https:\/\/www.lammi.fi\/kivitalo\/wp-json\/wp\/v2\/pages\/9\/revisions\/14917"}],"wp:attachment":[{"href":"https:\/\/www.lammi.fi\/kivitalo\/wp-json\/wp\/v2\/media?parent=9"}],"curies":[{"name":"wp","href":"https:\/\/api.w.org\/{rel}","templated":true}]}}