{"id":7,"date":"2018-05-21T10:23:18","date_gmt":"2018-05-21T10:23:18","guid":{"rendered":"https:\/\/www.lammi.fi\/kivitalo\/?page_id=7"},"modified":"2025-08-29T13:50:02","modified_gmt":"2025-08-29T10:50:02","slug":"lammi-kivitalo","status":"publish","type":"page","link":"https:\/\/www.lammi.fi\/kivitalo\/lammi-kivitalo\/","title":{"rendered":"Lammi Kivitalo"},"content":{"rendered":"<h1>Suomalaisen kivitalorakentamisen taidonn\u00e4yte.<\/h1>\n<p><img decoding=\"async\" class=\"alignnone size-large wp-image-2584\" src=\"https:\/\/www.lammi.fi\/kivitalo\/wp-content\/uploads\/sites\/2\/2018\/11\/kuva_talo-1024x512.jpg\" alt=\"\" width=\"840\" height=\"420\" srcset=\"https:\/\/www.lammi.fi\/kivitalo\/wp-content\/uploads\/sites\/2\/2018\/11\/kuva_talo-1024x512.jpg 1024w, https:\/\/www.lammi.fi\/kivitalo\/wp-content\/uploads\/sites\/2\/2018\/11\/kuva_talo-300x150.jpg 300w, https:\/\/www.lammi.fi\/kivitalo\/wp-content\/uploads\/sites\/2\/2018\/11\/kuva_talo-768x384.jpg 768w, https:\/\/www.lammi.fi\/kivitalo\/wp-content\/uploads\/sites\/2\/2018\/11\/kuva_talo-1200x600.jpg 1200w, https:\/\/www.lammi.fi\/kivitalo\/wp-content\/uploads\/sites\/2\/2018\/11\/kuva_talo-1815x907.jpg 1815w\" sizes=\"(max-width: 709px) 85vw, (max-width: 909px) 67vw, (max-width: 1362px) 62vw, 840px\" \/><\/p>\n<p><strong>Lammi Kivitalon suunnittelun l\u00e4ht\u00f6kohtina ovat aina asukkaan mieltymykset, haaveet ja el\u00e4m\u00e4ntapa. Lopputuloksena syntyy koti, jollaista ei ole toista. <\/strong><\/p>\n<p>Saat meilt\u00e4 laadukkaat materiaalit, asiantuntevan myyj\u00e4palvelun sek\u00e4 suunnittelun ja rakentamisen huippuosaajat verkostomme kautta. Sinulle j\u00e4\u00e4 v\u00e4hemm\u00e4n huolia ja enemm\u00e4n aikaa unelmointiin.<\/p>\n<h2>Luontaisesti tiivis ja tasal\u00e4mp\u00f6inen talo<\/h2>\n<p><img decoding=\"async\" class=\"alignnone size-large wp-image-2586\" src=\"https:\/\/www.lammi.fi\/kivitalo\/wp-content\/uploads\/sites\/2\/2018\/11\/kuva_olohuone3-1024x512.jpg\" alt=\"\" width=\"840\" height=\"420\" srcset=\"https:\/\/www.lammi.fi\/kivitalo\/wp-content\/uploads\/sites\/2\/2018\/11\/kuva_olohuone3-1024x512.jpg 1024w, https:\/\/www.lammi.fi\/kivitalo\/wp-content\/uploads\/sites\/2\/2018\/11\/kuva_olohuone3-300x150.jpg 300w, https:\/\/www.lammi.fi\/kivitalo\/wp-content\/uploads\/sites\/2\/2018\/11\/kuva_olohuone3-768x384.jpg 768w, https:\/\/www.lammi.fi\/kivitalo\/wp-content\/uploads\/sites\/2\/2018\/11\/kuva_olohuone3-1200x600.jpg 1200w, https:\/\/www.lammi.fi\/kivitalo\/wp-content\/uploads\/sites\/2\/2018\/11\/kuva_olohuone3-1815x907.jpg 1815w\" sizes=\"(max-width: 709px) 85vw, (max-width: 909px) 67vw, (max-width: 1362px) 62vw, 840px\" \/>Massiivinen kivisein\u00e4 pit\u00e4\u00e4 talon l\u00e4mp\u00f6tilan miellytt\u00e4v\u00e4n\u00e4 ymp\u00e4ri vuoden, viilent\u00e4en kes\u00e4kuumalla ja pit\u00e4en l\u00e4mm\u00f6n tasaisena pakkasilla. Rakennustuoteteollisuus RTT:n mukaan kivirakenteisen talon tiivist\u00e4 ja massiivista runkoa hy\u00f6dynt\u00e4m\u00e4ll\u00e4 voidaan s\u00e4\u00e4st\u00e4\u00e4 l\u00e4mmitysenergiasta 5\u201310 % ja j\u00e4\u00e4hdytykseen tarvittavasta energiasta jopa 50 %. V\u00e4h\u00e4inen energiankulutus s\u00e4\u00e4st\u00e4\u00e4 my\u00f6s ymp\u00e4rist\u00f6\u00e4.<\/p>\n<h2>Turvallinen valinta nyt ja tulevaisuudessa<\/h2>\n<p><img decoding=\"async\" class=\"alignnone size-large wp-image-2588\" src=\"https:\/\/www.lammi.fi\/kivitalo\/wp-content\/uploads\/sites\/2\/2018\/11\/kuva_tiivis-ja-hiljainen-1024x512.jpg\" alt=\"\" width=\"840\" height=\"420\" srcset=\"https:\/\/www.lammi.fi\/kivitalo\/wp-content\/uploads\/sites\/2\/2018\/11\/kuva_tiivis-ja-hiljainen-1024x512.jpg 1024w, https:\/\/www.lammi.fi\/kivitalo\/wp-content\/uploads\/sites\/2\/2018\/11\/kuva_tiivis-ja-hiljainen-300x150.jpg 300w, https:\/\/www.lammi.fi\/kivitalo\/wp-content\/uploads\/sites\/2\/2018\/11\/kuva_tiivis-ja-hiljainen-768x384.jpg 768w, https:\/\/www.lammi.fi\/kivitalo\/wp-content\/uploads\/sites\/2\/2018\/11\/kuva_tiivis-ja-hiljainen-1200x600.jpg 1200w, https:\/\/www.lammi.fi\/kivitalo\/wp-content\/uploads\/sites\/2\/2018\/11\/kuva_tiivis-ja-hiljainen-1815x907.jpg 1815w\" sizes=\"(max-width: 709px) 85vw, (max-width: 909px) 67vw, (max-width: 1362px) 62vw, 840px\" \/> \u00a0<img decoding=\"async\" class=\"alignnone size-large wp-image-2592\" src=\"https:\/\/www.lammi.fi\/kivitalo\/wp-content\/uploads\/sites\/2\/2018\/11\/kuva_keitti\u00f6-1024x512.jpg\" alt=\"\" width=\"840\" height=\"420\" srcset=\"https:\/\/www.lammi.fi\/kivitalo\/wp-content\/uploads\/sites\/2\/2018\/11\/kuva_keitti\u00f6-1024x512.jpg 1024w, https:\/\/www.lammi.fi\/kivitalo\/wp-content\/uploads\/sites\/2\/2018\/11\/kuva_keitti\u00f6-300x150.jpg 300w, https:\/\/www.lammi.fi\/kivitalo\/wp-content\/uploads\/sites\/2\/2018\/11\/kuva_keitti\u00f6-768x384.jpg 768w, https:\/\/www.lammi.fi\/kivitalo\/wp-content\/uploads\/sites\/2\/2018\/11\/kuva_keitti\u00f6-1200x600.jpg 1200w, https:\/\/www.lammi.fi\/kivitalo\/wp-content\/uploads\/sites\/2\/2018\/11\/kuva_keitti\u00f6-1815x907.jpg 1815w\" sizes=\"(max-width: 709px) 85vw, (max-width: 909px) 67vw, (max-width: 1362px) 62vw, 840px\" \/>Kivitalo on hiljainen, sill\u00e4 massiivinen rakenne erist\u00e4\u00e4 hyvin talon ulkopuoliset \u00e4\u00e4net. My\u00f6s kivirakenteiset v\u00e4lisein\u00e4t ovat \u00e4\u00e4nenerist\u00e4vyydelt\u00e4\u00e4n ylivoimaisia. Kivitalo on luontaisesti palo- ja kosteusturvallinen asuinymp\u00e4rist\u00f6, jossa on hyv\u00e4 sis\u00e4ilma. Kivitalo tarvitsee vain v\u00e4h\u00e4n huoltoa ja s\u00e4ilytt\u00e4\u00e4 hyvin j\u00e4lleenmyyntiarvonsa.<\/p>\n<h2>Rakennusmateriaalina Lammi Harkko<\/h2>\n<p><img decoding=\"async\" class=\"alignnone size-large wp-image-2596\" src=\"https:\/\/www.lammi.fi\/kivitalo\/wp-content\/uploads\/sites\/2\/2018\/11\/kuva_harkko-1-1024x512.jpg\" alt=\"\" width=\"840\" height=\"420\" srcset=\"https:\/\/www.lammi.fi\/kivitalo\/wp-content\/uploads\/sites\/2\/2018\/11\/kuva_harkko-1-1024x512.jpg 1024w, https:\/\/www.lammi.fi\/kivitalo\/wp-content\/uploads\/sites\/2\/2018\/11\/kuva_harkko-1-300x150.jpg 300w, https:\/\/www.lammi.fi\/kivitalo\/wp-content\/uploads\/sites\/2\/2018\/11\/kuva_harkko-1-768x384.jpg 768w, https:\/\/www.lammi.fi\/kivitalo\/wp-content\/uploads\/sites\/2\/2018\/11\/kuva_harkko-1-1200x600.jpg 1200w, https:\/\/www.lammi.fi\/kivitalo\/wp-content\/uploads\/sites\/2\/2018\/11\/kuva_harkko-1-1815x907.jpg 1815w\" sizes=\"(max-width: 709px) 85vw, (max-width: 909px) 67vw, (max-width: 1362px) 62vw, 840px\" \/><\/p>\n<p>Lammi on Suomen suurin ja vanhin <a href=\"https:\/\/www.lammi.fi\/kivitalo\/lammi-kivitalo\/rakennuskivet\/\">betoniharkkojen valmistaja<\/a>, jonka tuoteinnovaatiot palvelevat t\u00e4n\u00e4 p\u00e4iv\u00e4n\u00e4 koko kivirakentamisen alaa. Tuotekehityksen edell\u00e4k\u00e4vij\u00e4n\u00e4 tarjoamme Suomen parhaat rakennusharkot, kuten ensimm\u00e4isen\u00e4 markkinoille tulleet <a href=\"https:\/\/www.lammi.fi\/harkko\/tuotteet\/lampokivet\/\">valettavat l\u00e4mp\u00f6kivet<\/a>.<\/p>\n<p>Seuraamme tuotteiden laatua tarkasti aina betonin optimaalisesta koostumuksesta valmiin harkon virheett\u00f6myyteen. Timanttihiottujen harkkojen mittatarkkuus on omaa luokkaansa ja t\u00e4ydellisesti yhteensopivat tuotteet, kuten kulma- ja p\u00e4\u00e4tykappaleet, lis\u00e4\u00e4v\u00e4t rakentamisen vaivattomuutta entisest\u00e4\u00e4n.<\/p>\n<h2>Parhaat talot syntyv\u00e4t parhaista materiaaleista<\/h2>\n<p><img decoding=\"async\" class=\"alignnone size-large wp-image-2598\" src=\"https:\/\/www.lammi.fi\/kivitalo\/wp-content\/uploads\/sites\/2\/2018\/11\/kuva_ty\u00f6maa-1024x512.jpg\" alt=\"\" width=\"840\" height=\"420\" srcset=\"https:\/\/www.lammi.fi\/kivitalo\/wp-content\/uploads\/sites\/2\/2018\/11\/kuva_ty\u00f6maa-1024x512.jpg 1024w, https:\/\/www.lammi.fi\/kivitalo\/wp-content\/uploads\/sites\/2\/2018\/11\/kuva_ty\u00f6maa-300x150.jpg 300w, https:\/\/www.lammi.fi\/kivitalo\/wp-content\/uploads\/sites\/2\/2018\/11\/kuva_ty\u00f6maa-768x384.jpg 768w, https:\/\/www.lammi.fi\/kivitalo\/wp-content\/uploads\/sites\/2\/2018\/11\/kuva_ty\u00f6maa-1200x600.jpg 1200w, https:\/\/www.lammi.fi\/kivitalo\/wp-content\/uploads\/sites\/2\/2018\/11\/kuva_ty\u00f6maa-1815x907.jpg 1815w\" sizes=\"(max-width: 709px) 85vw, (max-width: 909px) 67vw, (max-width: 1362px) 62vw, 840px\" \/><\/p>\n<p>Talojemme betonianturat tehd\u00e4\u00e4n <a href=\"https:\/\/www.lammi.fi\/tassu\/lammi-tassu\/\">Lammi Tassu -valmisanturamuotilla<\/a>, jonka valmistustapa on patentoitu. Harkot ja tassut ovat niin ammattilaisen kuin laatutietoisen omatoimirakentajan valinta.<\/p>\n<p>Ulkoseiniin soveltuvat <a href=\"https:\/\/www.lammi.fi\/harkko\/tuotteet\/lampokivet\/\">l\u00e4mp\u00f6kivet<\/a> ladotaan ilman laastia. Samassa yhteydess\u00e4 rakenne raudoitetaan ja l\u00e4mp\u00f6eristeiden saumat tiivistet\u00e4\u00e4n polyuretaanivaahdolla. Ladonnan j\u00e4lkeen rakenteen ontelot valetaan t\u00e4yteen betonimassalla. N\u00e4in syntyy luja, yhten\u00e4inen rakenne, jonka tiiviys ja massiivisuus ovat omaa luokkaansa.<\/p>\n<p><a href=\"https:\/\/www.lammi.fi\/harkko\/tuotteet\/lampokivet\/\">L\u00e4mp\u00f6kiven<\/a> avulla on helppo toteuttaa my\u00f6s passiivi-ja l\u00e4hes nollaenergiakohteet. Kiven energiatehokkuus saavutetaan k\u00e4ytt\u00e4m\u00e4ll\u00e4 ekotehokasta grafiitti-EPS -eristett\u00e4. Sen erinomainen eristyskyky perustuu eristeen sis\u00e4lt\u00e4m\u00e4\u00e4n grafiittiin, jonka ansioista suuri osa infrapuna- eli l\u00e4mp\u00f6s\u00e4teilyst\u00e4 heijastuu takaisin eik\u00e4 p\u00e4\u00e4se sein\u00e4n l\u00e4pi.<\/p>\n<h2>Tutustu talomallistoomme tai ota yhteytt\u00e4<\/h2>\n<p>Haaveiletko omasta Lammi Kivitalosta? Aloita ideointi tutustumalla <a href=\"https:\/\/www.lammi.fi\/kivitalo\/suunnittelu\/talomallisto\/\">talomallistoomme<\/a> tai ota yhteytt\u00e4 l\u00e4himp\u00e4\u00e4n<a href=\"https:\/\/www.lammi.fi\/yhteystiedot\/?service=myynti-ja-asiakaspalvelu&amp;service_child=588\"> Lammi Kivitalo -myyj\u00e4\u00e4n!<\/a><\/p>\n","protected":false},"excerpt":{"rendered":"<p>Suomalaisen kivitalorakentamisen taidonn\u00e4yte. Lammi Kivitalon suunnittelun l\u00e4ht\u00f6kohtina ovat aina asukkaan mieltymykset, haaveet ja el\u00e4m\u00e4ntapa. Lopputuloksena syntyy koti, jollaista ei ole toista. Saat meilt\u00e4 laadukkaat materiaalit, asiantuntevan myyj\u00e4palvelun sek\u00e4 suunnittelun ja rakentamisen huippuosaajat verkostomme kautta. Sinulle j\u00e4\u00e4 v\u00e4hemm\u00e4n huolia ja enemm\u00e4n aikaa unelmointiin. Luontaisesti tiivis ja tasal\u00e4mp\u00f6inen talo Massiivinen kivisein\u00e4 pit\u00e4\u00e4 talon l\u00e4mp\u00f6tilan miellytt\u00e4v\u00e4n\u00e4 ymp\u00e4ri vuoden, &hellip; <a href=\"https:\/\/www.lammi.fi\/kivitalo\/lammi-kivitalo\/\" class=\"more-link\">Lue lis\u00e4\u00e4<span class=\"screen-reader-text\"> &#8221;Lammi Kivitalo&#8221;<\/span><\/a><\/p>\n","protected":false},"author":1,"featured_media":0,"parent":0,"menu_order":0,"comment_status":"closed","ping_status":"closed","template":"","meta":{"_acf_changed":false,"_improvement_type_select":"improve_an_existing","_thumb_yes_seoaic":false,"_frame_yes_seoaic":false,"seoaic_generate_description":"","seoaic_improve_instructions_prompt":"","seoaic_rollback_content_improvement":"","seoaic_idea_thumbnail_generator":"","thumbnail_generated":false,"thumbnail_generate_prompt":"","seoaic_article_description":"","footnotes":""},"class_list":["post-7","page","type-page","status-publish","hentry"],"acf":[],"yoast_head":"<!-- This site is optimized with the Yoast SEO plugin v27.4 - https:\/\/yoast.com\/product\/yoast-seo-wordpress\/ -->\n<title>Lammi Kivitalo - Lammi Kivitalo<\/title>\n<meta name=\"description\" content=\"Lammi Kivitalo on koti, jollaista ei ole toista. Meilt\u00e4 saatte laadukkaat materiaalit, asiantuntevan palvelun ja suunnittelun ja rakentamisen huippuosaajat.\" \/>\n<link rel=\"canonical\" href=\"https:\/\/www.lammi.fi\/kivitalo\/lammi-kivitalo\/\" \/>\n<meta property=\"og:locale\" content=\"fi_FI\" \/>\n<meta property=\"og:type\" content=\"article\" \/>\n<meta property=\"og:title\" content=\"Lammi Kivitalo - Lammi Kivitalo\" \/>\n<meta property=\"og:description\" content=\"Lammi Kivitalo on koti, jollaista ei ole toista. Meilt\u00e4 saatte laadukkaat materiaalit, asiantuntevan palvelun ja suunnittelun ja rakentamisen huippuosaajat.\" \/>\n<meta property=\"og:url\" content=\"https:\/\/www.lammi.fi\/kivitalo\/lammi-kivitalo\/\" \/>\n<meta property=\"og:site_name\" content=\"Lammi Kivitalo\" \/>\n<meta property=\"article:publisher\" content=\"https:\/\/www.facebook.com\/LammiKivitalot\" \/>\n<meta property=\"article:modified_time\" content=\"2025-08-29T10:50:02+00:00\" \/>\n<meta property=\"og:image\" content=\"https:\/\/www.lammi.fi\/kivitalo\/wp-content\/uploads\/sites\/2\/2018\/11\/kuva_talo-1024x512.jpg\" \/>\n\t<meta property=\"og:image:width\" content=\"1024\" \/>\n\t<meta property=\"og:image:height\" content=\"512\" \/>\n\t<meta property=\"og:image:type\" content=\"image\/jpeg\" \/>\n<meta name=\"twitter:card\" content=\"summary_large_image\" \/>\n<meta name=\"twitter:label1\" content=\"Arvioitu lukuaika\" \/>\n\t<meta name=\"twitter:data1\" content=\"4 minuuttia\" \/>\n<script type=\"application\/ld+json\" class=\"yoast-schema-graph\">{\"@context\":\"https:\\\/\\\/schema.org\",\"@graph\":[{\"@type\":\"WebPage\",\"@id\":\"https:\\\/\\\/www.lammi.fi\\\/kivitalo\\\/lammi-kivitalo\\\/\",\"url\":\"https:\\\/\\\/www.lammi.fi\\\/kivitalo\\\/lammi-kivitalo\\\/\",\"name\":\"Lammi Kivitalo - Lammi Kivitalo\",\"isPartOf\":{\"@id\":\"https:\\\/\\\/www.lammi.fi\\\/kivitalo\\\/#website\"},\"primaryImageOfPage\":{\"@id\":\"https:\\\/\\\/www.lammi.fi\\\/kivitalo\\\/lammi-kivitalo\\\/#primaryimage\"},\"image\":{\"@id\":\"https:\\\/\\\/www.lammi.fi\\\/kivitalo\\\/lammi-kivitalo\\\/#primaryimage\"},\"thumbnailUrl\":\"https:\\\/\\\/www.lammi.fi\\\/kivitalo\\\/wp-content\\\/uploads\\\/sites\\\/2\\\/2018\\\/11\\\/kuva_talo-1024x512.jpg\",\"datePublished\":\"2018-05-21T10:23:18+00:00\",\"dateModified\":\"2025-08-29T10:50:02+00:00\",\"description\":\"Lammi Kivitalo on koti, jollaista ei ole toista. Meilt\u00e4 saatte laadukkaat materiaalit, asiantuntevan palvelun ja suunnittelun ja rakentamisen huippuosaajat.\",\"breadcrumb\":{\"@id\":\"https:\\\/\\\/www.lammi.fi\\\/kivitalo\\\/lammi-kivitalo\\\/#breadcrumb\"},\"inLanguage\":\"fi\",\"potentialAction\":[{\"@type\":\"ReadAction\",\"target\":[\"https:\\\/\\\/www.lammi.fi\\\/kivitalo\\\/lammi-kivitalo\\\/\"]}]},{\"@type\":\"ImageObject\",\"inLanguage\":\"fi\",\"@id\":\"https:\\\/\\\/www.lammi.fi\\\/kivitalo\\\/lammi-kivitalo\\\/#primaryimage\",\"url\":\"https:\\\/\\\/www.lammi.fi\\\/kivitalo\\\/wp-content\\\/uploads\\\/sites\\\/2\\\/2018\\\/11\\\/kuva_talo.jpg\",\"contentUrl\":\"https:\\\/\\\/www.lammi.fi\\\/kivitalo\\\/wp-content\\\/uploads\\\/sites\\\/2\\\/2018\\\/11\\\/kuva_talo.jpg\",\"width\":4167,\"height\":2083},{\"@type\":\"BreadcrumbList\",\"@id\":\"https:\\\/\\\/www.lammi.fi\\\/kivitalo\\\/lammi-kivitalo\\\/#breadcrumb\",\"itemListElement\":[{\"@type\":\"ListItem\",\"position\":1,\"name\":\"Lammi.fi\",\"item\":\"https:\\\/\\\/www.lammi.fi\"},{\"@type\":\"ListItem\",\"position\":2,\"name\":\"Lammi Kivitalo\",\"item\":\"https:\\\/\\\/www.lammi.fi\\\/kivitalo\\\/\"},{\"@type\":\"ListItem\",\"position\":3,\"name\":\"Lammi Kivitalo\"}]},{\"@type\":\"WebSite\",\"@id\":\"https:\\\/\\\/www.lammi.fi\\\/kivitalo\\\/#website\",\"url\":\"https:\\\/\\\/www.lammi.fi\\\/kivitalo\\\/\",\"name\":\"Lammi Kivitalo\",\"description\":\"\",\"publisher\":{\"@id\":\"https:\\\/\\\/www.lammi.fi\\\/kivitalo\\\/#organization\"},\"potentialAction\":[{\"@type\":\"SearchAction\",\"target\":{\"@type\":\"EntryPoint\",\"urlTemplate\":\"https:\\\/\\\/www.lammi.fi\\\/kivitalo\\\/?s={search_term_string}\"},\"query-input\":{\"@type\":\"PropertyValueSpecification\",\"valueRequired\":true,\"valueName\":\"search_term_string\"}}],\"inLanguage\":\"fi\"},{\"@type\":\"Organization\",\"@id\":\"https:\\\/\\\/www.lammi.fi\\\/kivitalo\\\/#organization\",\"name\":\"Lammi Kivitalo\",\"url\":\"https:\\\/\\\/www.lammi.fi\\\/kivitalo\\\/\",\"logo\":{\"@type\":\"ImageObject\",\"inLanguage\":\"fi\",\"@id\":\"https:\\\/\\\/www.lammi.fi\\\/kivitalo\\\/#\\\/schema\\\/logo\\\/image\\\/\",\"url\":\"https:\\\/\\\/www.lammi.fi\\\/kivitalo\\\/wp-content\\\/uploads\\\/sites\\\/2\\\/2018\\\/05\\\/cropped-lammi_logo.png\",\"contentUrl\":\"https:\\\/\\\/www.lammi.fi\\\/kivitalo\\\/wp-content\\\/uploads\\\/sites\\\/2\\\/2018\\\/05\\\/cropped-lammi_logo.png\",\"width\":240,\"height\":122,\"caption\":\"Lammi Kivitalo\"},\"image\":{\"@id\":\"https:\\\/\\\/www.lammi.fi\\\/kivitalo\\\/#\\\/schema\\\/logo\\\/image\\\/\"},\"sameAs\":[\"https:\\\/\\\/www.facebook.com\\\/LammiKivitalot\",\"https:\\\/\\\/www.instagram.com\\\/lammikivitalot\\\/\",\"https:\\\/\\\/fi.pinterest.com\\\/lammikivitalot\\\/\"]}]}<\/script>\n<!-- \/ Yoast SEO plugin. -->","yoast_head_json":{"title":"Lammi Kivitalo - Lammi Kivitalo","description":"Lammi Kivitalo on koti, jollaista ei ole toista. Meilt\u00e4 saatte laadukkaat materiaalit, asiantuntevan palvelun ja suunnittelun ja rakentamisen huippuosaajat.","canonical":"https:\/\/www.lammi.fi\/kivitalo\/lammi-kivitalo\/","og_locale":"fi_FI","og_type":"article","og_title":"Lammi Kivitalo - Lammi Kivitalo","og_description":"Lammi Kivitalo on koti, jollaista ei ole toista. Meilt\u00e4 saatte laadukkaat materiaalit, asiantuntevan palvelun ja suunnittelun ja rakentamisen huippuosaajat.","og_url":"https:\/\/www.lammi.fi\/kivitalo\/lammi-kivitalo\/","og_site_name":"Lammi Kivitalo","article_publisher":"https:\/\/www.facebook.com\/LammiKivitalot","article_modified_time":"2025-08-29T10:50:02+00:00","og_image":[{"width":1024,"height":512,"url":"https:\/\/www.lammi.fi\/kivitalo\/wp-content\/uploads\/sites\/2\/2018\/11\/kuva_talo-1024x512.jpg","type":"image\/jpeg"}],"twitter_card":"summary_large_image","twitter_misc":{"Arvioitu lukuaika":"4 minuuttia"},"schema":{"@context":"https:\/\/schema.org","@graph":[{"@type":"WebPage","@id":"https:\/\/www.lammi.fi\/kivitalo\/lammi-kivitalo\/","url":"https:\/\/www.lammi.fi\/kivitalo\/lammi-kivitalo\/","name":"Lammi Kivitalo - Lammi Kivitalo","isPartOf":{"@id":"https:\/\/www.lammi.fi\/kivitalo\/#website"},"primaryImageOfPage":{"@id":"https:\/\/www.lammi.fi\/kivitalo\/lammi-kivitalo\/#primaryimage"},"image":{"@id":"https:\/\/www.lammi.fi\/kivitalo\/lammi-kivitalo\/#primaryimage"},"thumbnailUrl":"https:\/\/www.lammi.fi\/kivitalo\/wp-content\/uploads\/sites\/2\/2018\/11\/kuva_talo-1024x512.jpg","datePublished":"2018-05-21T10:23:18+00:00","dateModified":"2025-08-29T10:50:02+00:00","description":"Lammi Kivitalo on koti, jollaista ei ole toista. Meilt\u00e4 saatte laadukkaat materiaalit, asiantuntevan palvelun ja suunnittelun ja rakentamisen huippuosaajat.","breadcrumb":{"@id":"https:\/\/www.lammi.fi\/kivitalo\/lammi-kivitalo\/#breadcrumb"},"inLanguage":"fi","potentialAction":[{"@type":"ReadAction","target":["https:\/\/www.lammi.fi\/kivitalo\/lammi-kivitalo\/"]}]},{"@type":"ImageObject","inLanguage":"fi","@id":"https:\/\/www.lammi.fi\/kivitalo\/lammi-kivitalo\/#primaryimage","url":"https:\/\/www.lammi.fi\/kivitalo\/wp-content\/uploads\/sites\/2\/2018\/11\/kuva_talo.jpg","contentUrl":"https:\/\/www.lammi.fi\/kivitalo\/wp-content\/uploads\/sites\/2\/2018\/11\/kuva_talo.jpg","width":4167,"height":2083},{"@type":"BreadcrumbList","@id":"https:\/\/www.lammi.fi\/kivitalo\/lammi-kivitalo\/#breadcrumb","itemListElement":[{"@type":"ListItem","position":1,"name":"Lammi.fi","item":"https:\/\/www.lammi.fi"},{"@type":"ListItem","position":2,"name":"Lammi Kivitalo","item":"https:\/\/www.lammi.fi\/kivitalo\/"},{"@type":"ListItem","position":3,"name":"Lammi Kivitalo"}]},{"@type":"WebSite","@id":"https:\/\/www.lammi.fi\/kivitalo\/#website","url":"https:\/\/www.lammi.fi\/kivitalo\/","name":"Lammi Kivitalo","description":"","publisher":{"@id":"https:\/\/www.lammi.fi\/kivitalo\/#organization"},"potentialAction":[{"@type":"SearchAction","target":{"@type":"EntryPoint","urlTemplate":"https:\/\/www.lammi.fi\/kivitalo\/?s={search_term_string}"},"query-input":{"@type":"PropertyValueSpecification","valueRequired":true,"valueName":"search_term_string"}}],"inLanguage":"fi"},{"@type":"Organization","@id":"https:\/\/www.lammi.fi\/kivitalo\/#organization","name":"Lammi Kivitalo","url":"https:\/\/www.lammi.fi\/kivitalo\/","logo":{"@type":"ImageObject","inLanguage":"fi","@id":"https:\/\/www.lammi.fi\/kivitalo\/#\/schema\/logo\/image\/","url":"https:\/\/www.lammi.fi\/kivitalo\/wp-content\/uploads\/sites\/2\/2018\/05\/cropped-lammi_logo.png","contentUrl":"https:\/\/www.lammi.fi\/kivitalo\/wp-content\/uploads\/sites\/2\/2018\/05\/cropped-lammi_logo.png","width":240,"height":122,"caption":"Lammi Kivitalo"},"image":{"@id":"https:\/\/www.lammi.fi\/kivitalo\/#\/schema\/logo\/image\/"},"sameAs":["https:\/\/www.facebook.com\/LammiKivitalot","https:\/\/www.instagram.com\/lammikivitalot\/","https:\/\/fi.pinterest.com\/lammikivitalot\/"]}]}},"_links":{"self":[{"href":"https:\/\/www.lammi.fi\/kivitalo\/wp-json\/wp\/v2\/pages\/7","targetHints":{"allow":["GET"]}}],"collection":[{"href":"https:\/\/www.lammi.fi\/kivitalo\/wp-json\/wp\/v2\/pages"}],"about":[{"href":"https:\/\/www.lammi.fi\/kivitalo\/wp-json\/wp\/v2\/types\/page"}],"author":[{"embeddable":true,"href":"https:\/\/www.lammi.fi\/kivitalo\/wp-json\/wp\/v2\/users\/1"}],"replies":[{"embeddable":true,"href":"https:\/\/www.lammi.fi\/kivitalo\/wp-json\/wp\/v2\/comments?post=7"}],"version-history":[{"count":15,"href":"https:\/\/www.lammi.fi\/kivitalo\/wp-json\/wp\/v2\/pages\/7\/revisions"}],"predecessor-version":[{"id":14894,"href":"https:\/\/www.lammi.fi\/kivitalo\/wp-json\/wp\/v2\/pages\/7\/revisions\/14894"}],"wp:attachment":[{"href":"https:\/\/www.lammi.fi\/kivitalo\/wp-json\/wp\/v2\/media?parent=7"}],"curies":[{"name":"wp","href":"https:\/\/api.w.org\/{rel}","templated":true}]}}