{"id":4265,"date":"2020-06-29T12:15:54","date_gmt":"2020-06-29T12:15:54","guid":{"rendered":"https:\/\/www.lammi.fi\/kivitalo?page_id=4265"},"modified":"2023-03-30T11:34:57","modified_gmt":"2023-03-30T08:34:57","slug":"duplio-aalto","status":"publish","type":"page","link":"https:\/\/www.lammi.fi\/kivitalo\/ideointi\/asuntomessut\/asuntomessut-2020\/duplio-aalto\/","title":{"rendered":"Duplio Aalto"},"content":{"rendered":"<h1>Duplio Aalto<\/h1>\n<h3>4 h + kt + sauna + autokatos + varasto<\/h3>\n<p><img decoding=\"async\" class=\"alignnone wp-image-4274 size-large\" src=\"https:\/\/www.lammi.fi\/kivitalo\/wp-content\/uploads\/sites\/2\/2020\/06\/asuntomessukohteet_kohteet_B-1024x544.jpg\" alt=\"\" width=\"840\" height=\"446\" srcset=\"https:\/\/www.lammi.fi\/kivitalo\/wp-content\/uploads\/sites\/2\/2020\/06\/asuntomessukohteet_kohteet_B-1024x544.jpg 1024w, https:\/\/www.lammi.fi\/kivitalo\/wp-content\/uploads\/sites\/2\/2020\/06\/asuntomessukohteet_kohteet_B-300x159.jpg 300w, https:\/\/www.lammi.fi\/kivitalo\/wp-content\/uploads\/sites\/2\/2020\/06\/asuntomessukohteet_kohteet_B-768x408.jpg 768w, https:\/\/www.lammi.fi\/kivitalo\/wp-content\/uploads\/sites\/2\/2020\/06\/asuntomessukohteet_kohteet_B-1536x816.jpg 1536w, https:\/\/www.lammi.fi\/kivitalo\/wp-content\/uploads\/sites\/2\/2020\/06\/asuntomessukohteet_kohteet_B-1200x638.jpg 1200w, https:\/\/www.lammi.fi\/kivitalo\/wp-content\/uploads\/sites\/2\/2020\/06\/asuntomessukohteet_kohteet_B-260x138.jpg 260w, https:\/\/www.lammi.fi\/kivitalo\/wp-content\/uploads\/sites\/2\/2020\/06\/asuntomessukohteet_kohteet_B-1129x600.jpg 1129w, https:\/\/www.lammi.fi\/kivitalo\/wp-content\/uploads\/sites\/2\/2020\/06\/asuntomessukohteet_kohteet_B.jpg 1600w\" sizes=\"(max-width: 709px) 85vw, (max-width: 909px) 67vw, (max-width: 1362px) 62vw, 840px\" \/><\/p>\n<p>Kati-Annika ja Sami Aallon nelihenkiselle perheelle rakennettu paritalon B-puoli on pohjaratkaisuiltaan l\u00e4hes identtinen A-puolen kanssa. Pohjasuunnitelmat ovat toistensa peilikuvia, erona vain yl\u00e4kerran makuuhuoneiden m\u00e4\u00e4r\u00e4. Kodissa toteutuu monta yhteist\u00e4 asumiseen liittyv\u00e4\u00e4 toivetta: kolme makuuhuonetta, leijuvan oloinen portaikko, ty\u00f6piste ja harjakatto.<\/p>\n<p><img decoding=\"async\" class=\"alignnone size-large wp-image-4618\" src=\"https:\/\/www.lammi.fi\/kivitalo\/wp-content\/uploads\/sites\/2\/2020\/06\/Duplio_pohjakuva_1krs-1024x829.jpg\" alt=\"\" width=\"840\" height=\"680\" srcset=\"https:\/\/www.lammi.fi\/kivitalo\/wp-content\/uploads\/sites\/2\/2020\/06\/Duplio_pohjakuva_1krs-1024x829.jpg 1024w, https:\/\/www.lammi.fi\/kivitalo\/wp-content\/uploads\/sites\/2\/2020\/06\/Duplio_pohjakuva_1krs-300x243.jpg 300w, https:\/\/www.lammi.fi\/kivitalo\/wp-content\/uploads\/sites\/2\/2020\/06\/Duplio_pohjakuva_1krs-768x622.jpg 768w, https:\/\/www.lammi.fi\/kivitalo\/wp-content\/uploads\/sites\/2\/2020\/06\/Duplio_pohjakuva_1krs-1536x1244.jpg 1536w, https:\/\/www.lammi.fi\/kivitalo\/wp-content\/uploads\/sites\/2\/2020\/06\/Duplio_pohjakuva_1krs-1200x972.jpg 1200w, https:\/\/www.lammi.fi\/kivitalo\/wp-content\/uploads\/sites\/2\/2020\/06\/Duplio_pohjakuva_1krs-260x211.jpg 260w, https:\/\/www.lammi.fi\/kivitalo\/wp-content\/uploads\/sites\/2\/2020\/06\/Duplio_pohjakuva_1krs-741x600.jpg 741w, https:\/\/www.lammi.fi\/kivitalo\/wp-content\/uploads\/sites\/2\/2020\/06\/Duplio_pohjakuva_1krs.jpg 1600w\" sizes=\"(max-width: 709px) 85vw, (max-width: 909px) 67vw, (max-width: 1362px) 62vw, 840px\" \/> <img decoding=\"async\" class=\"alignnone size-large wp-image-4620\" src=\"https:\/\/www.lammi.fi\/kivitalo\/wp-content\/uploads\/sites\/2\/2020\/06\/Duplio_pohjakuva_2krs-1024x829.jpg\" alt=\"\" width=\"840\" height=\"680\" srcset=\"https:\/\/www.lammi.fi\/kivitalo\/wp-content\/uploads\/sites\/2\/2020\/06\/Duplio_pohjakuva_2krs-1024x829.jpg 1024w, https:\/\/www.lammi.fi\/kivitalo\/wp-content\/uploads\/sites\/2\/2020\/06\/Duplio_pohjakuva_2krs-300x243.jpg 300w, https:\/\/www.lammi.fi\/kivitalo\/wp-content\/uploads\/sites\/2\/2020\/06\/Duplio_pohjakuva_2krs-768x622.jpg 768w, https:\/\/www.lammi.fi\/kivitalo\/wp-content\/uploads\/sites\/2\/2020\/06\/Duplio_pohjakuva_2krs-1536x1244.jpg 1536w, https:\/\/www.lammi.fi\/kivitalo\/wp-content\/uploads\/sites\/2\/2020\/06\/Duplio_pohjakuva_2krs-1200x972.jpg 1200w, https:\/\/www.lammi.fi\/kivitalo\/wp-content\/uploads\/sites\/2\/2020\/06\/Duplio_pohjakuva_2krs-260x211.jpg 260w, https:\/\/www.lammi.fi\/kivitalo\/wp-content\/uploads\/sites\/2\/2020\/06\/Duplio_pohjakuva_2krs-741x600.jpg 741w, https:\/\/www.lammi.fi\/kivitalo\/wp-content\/uploads\/sites\/2\/2020\/06\/Duplio_pohjakuva_2krs.jpg 1600w\" sizes=\"(max-width: 709px) 85vw, (max-width: 909px) 67vw, (max-width: 1362px) 62vw, 840px\" \/><\/p>\n<p><img decoding=\"async\" class=\"alignnone size-large wp-image-4346\" src=\"https:\/\/www.lammi.fi\/kivitalo\/wp-content\/uploads\/sites\/2\/2020\/06\/asuntomessukohteet_kohteiden_kuvitus_B_1-1-1024x768.jpg\" alt=\"\" width=\"840\" height=\"630\" srcset=\"https:\/\/www.lammi.fi\/kivitalo\/wp-content\/uploads\/sites\/2\/2020\/06\/asuntomessukohteet_kohteiden_kuvitus_B_1-1-1024x768.jpg 1024w, https:\/\/www.lammi.fi\/kivitalo\/wp-content\/uploads\/sites\/2\/2020\/06\/asuntomessukohteet_kohteiden_kuvitus_B_1-1-300x225.jpg 300w, https:\/\/www.lammi.fi\/kivitalo\/wp-content\/uploads\/sites\/2\/2020\/06\/asuntomessukohteet_kohteiden_kuvitus_B_1-1-768x576.jpg 768w, https:\/\/www.lammi.fi\/kivitalo\/wp-content\/uploads\/sites\/2\/2020\/06\/asuntomessukohteet_kohteiden_kuvitus_B_1-1-1536x1152.jpg 1536w, https:\/\/www.lammi.fi\/kivitalo\/wp-content\/uploads\/sites\/2\/2020\/06\/asuntomessukohteet_kohteiden_kuvitus_B_1-1-1200x900.jpg 1200w, https:\/\/www.lammi.fi\/kivitalo\/wp-content\/uploads\/sites\/2\/2020\/06\/asuntomessukohteet_kohteiden_kuvitus_B_1-1-260x195.jpg 260w, https:\/\/www.lammi.fi\/kivitalo\/wp-content\/uploads\/sites\/2\/2020\/06\/asuntomessukohteet_kohteiden_kuvitus_B_1-1-800x600.jpg 800w, https:\/\/www.lammi.fi\/kivitalo\/wp-content\/uploads\/sites\/2\/2020\/06\/asuntomessukohteet_kohteiden_kuvitus_B_1-1.jpg 1600w\" sizes=\"(max-width: 709px) 85vw, (max-width: 909px) 67vw, (max-width: 1362px) 62vw, 840px\" \/><\/p>\n<p>Sisustuksen on suunnitellut perhe itse omaksi kodikseen. Vaaleiden pintojen rinnalle on tuotu vahvoja v\u00e4rej\u00e4 ja raikkautta.<\/p>\n<p><img decoding=\"async\" class=\"alignnone size-large wp-image-4348\" src=\"https:\/\/www.lammi.fi\/kivitalo\/wp-content\/uploads\/sites\/2\/2020\/06\/asuntomessukohteet_kohteiden_kuvitus_B_2-2-1024x768.jpg\" alt=\"\" width=\"840\" height=\"630\" srcset=\"https:\/\/www.lammi.fi\/kivitalo\/wp-content\/uploads\/sites\/2\/2020\/06\/asuntomessukohteet_kohteiden_kuvitus_B_2-2-1024x768.jpg 1024w, https:\/\/www.lammi.fi\/kivitalo\/wp-content\/uploads\/sites\/2\/2020\/06\/asuntomessukohteet_kohteiden_kuvitus_B_2-2-300x225.jpg 300w, https:\/\/www.lammi.fi\/kivitalo\/wp-content\/uploads\/sites\/2\/2020\/06\/asuntomessukohteet_kohteiden_kuvitus_B_2-2-768x576.jpg 768w, https:\/\/www.lammi.fi\/kivitalo\/wp-content\/uploads\/sites\/2\/2020\/06\/asuntomessukohteet_kohteiden_kuvitus_B_2-2-1536x1152.jpg 1536w, https:\/\/www.lammi.fi\/kivitalo\/wp-content\/uploads\/sites\/2\/2020\/06\/asuntomessukohteet_kohteiden_kuvitus_B_2-2-1200x900.jpg 1200w, https:\/\/www.lammi.fi\/kivitalo\/wp-content\/uploads\/sites\/2\/2020\/06\/asuntomessukohteet_kohteiden_kuvitus_B_2-2-260x195.jpg 260w, https:\/\/www.lammi.fi\/kivitalo\/wp-content\/uploads\/sites\/2\/2020\/06\/asuntomessukohteet_kohteiden_kuvitus_B_2-2-800x600.jpg 800w, https:\/\/www.lammi.fi\/kivitalo\/wp-content\/uploads\/sites\/2\/2020\/06\/asuntomessukohteet_kohteiden_kuvitus_B_2-2.jpg 1600w\" sizes=\"(max-width: 709px) 85vw, (max-width: 909px) 67vw, (max-width: 1362px) 62vw, 840px\" \/><\/p>\n<p>Suoraan sein\u00e4\u00e4n kiinnitetyt, leijuvan n\u00e4k\u00f6iset portaat olivat yksi perheen toiveista. Porrastasanne on hy\u00f6dynnetty rauhalliseksi ty\u00f6pisteeksi.<\/p>\n<p><img decoding=\"async\" class=\"alignnone size-large wp-image-4350\" src=\"https:\/\/www.lammi.fi\/kivitalo\/wp-content\/uploads\/sites\/2\/2020\/06\/asuntomessukohteet_kohteiden_kuvitus_B_3-1-1024x768.jpg\" alt=\"\" width=\"840\" height=\"630\" srcset=\"https:\/\/www.lammi.fi\/kivitalo\/wp-content\/uploads\/sites\/2\/2020\/06\/asuntomessukohteet_kohteiden_kuvitus_B_3-1-1024x768.jpg 1024w, https:\/\/www.lammi.fi\/kivitalo\/wp-content\/uploads\/sites\/2\/2020\/06\/asuntomessukohteet_kohteiden_kuvitus_B_3-1-300x225.jpg 300w, https:\/\/www.lammi.fi\/kivitalo\/wp-content\/uploads\/sites\/2\/2020\/06\/asuntomessukohteet_kohteiden_kuvitus_B_3-1-768x576.jpg 768w, https:\/\/www.lammi.fi\/kivitalo\/wp-content\/uploads\/sites\/2\/2020\/06\/asuntomessukohteet_kohteiden_kuvitus_B_3-1-1536x1152.jpg 1536w, https:\/\/www.lammi.fi\/kivitalo\/wp-content\/uploads\/sites\/2\/2020\/06\/asuntomessukohteet_kohteiden_kuvitus_B_3-1-1200x900.jpg 1200w, https:\/\/www.lammi.fi\/kivitalo\/wp-content\/uploads\/sites\/2\/2020\/06\/asuntomessukohteet_kohteiden_kuvitus_B_3-1-260x195.jpg 260w, https:\/\/www.lammi.fi\/kivitalo\/wp-content\/uploads\/sites\/2\/2020\/06\/asuntomessukohteet_kohteiden_kuvitus_B_3-1-800x600.jpg 800w, https:\/\/www.lammi.fi\/kivitalo\/wp-content\/uploads\/sites\/2\/2020\/06\/asuntomessukohteet_kohteiden_kuvitus_B_3-1.jpg 1600w\" sizes=\"(max-width: 709px) 85vw, (max-width: 909px) 67vw, (max-width: 1362px) 62vw, 840px\" \/><\/p>\n<p>Lapset saivat osallistua omien huoneidensa sisustuksien ideointiin. Lopputulokset ovat kauniita ja toiminnallisia.<\/p>\n<p><img decoding=\"async\" class=\"alignnone size-large wp-image-4352\" src=\"https:\/\/www.lammi.fi\/kivitalo\/wp-content\/uploads\/sites\/2\/2020\/06\/asuntomessukohteet_kohteiden_kuvitus_B_4-1-1024x768.jpg\" alt=\"\" width=\"840\" height=\"630\" srcset=\"https:\/\/www.lammi.fi\/kivitalo\/wp-content\/uploads\/sites\/2\/2020\/06\/asuntomessukohteet_kohteiden_kuvitus_B_4-1-1024x768.jpg 1024w, https:\/\/www.lammi.fi\/kivitalo\/wp-content\/uploads\/sites\/2\/2020\/06\/asuntomessukohteet_kohteiden_kuvitus_B_4-1-300x225.jpg 300w, https:\/\/www.lammi.fi\/kivitalo\/wp-content\/uploads\/sites\/2\/2020\/06\/asuntomessukohteet_kohteiden_kuvitus_B_4-1-768x576.jpg 768w, https:\/\/www.lammi.fi\/kivitalo\/wp-content\/uploads\/sites\/2\/2020\/06\/asuntomessukohteet_kohteiden_kuvitus_B_4-1-1536x1152.jpg 1536w, https:\/\/www.lammi.fi\/kivitalo\/wp-content\/uploads\/sites\/2\/2020\/06\/asuntomessukohteet_kohteiden_kuvitus_B_4-1-1200x900.jpg 1200w, https:\/\/www.lammi.fi\/kivitalo\/wp-content\/uploads\/sites\/2\/2020\/06\/asuntomessukohteet_kohteiden_kuvitus_B_4-1-260x195.jpg 260w, https:\/\/www.lammi.fi\/kivitalo\/wp-content\/uploads\/sites\/2\/2020\/06\/asuntomessukohteet_kohteiden_kuvitus_B_4-1-800x600.jpg 800w, https:\/\/www.lammi.fi\/kivitalo\/wp-content\/uploads\/sites\/2\/2020\/06\/asuntomessukohteet_kohteiden_kuvitus_B_4-1.jpg 1600w\" sizes=\"(max-width: 709px) 85vw, (max-width: 909px) 67vw, (max-width: 1362px) 62vw, 840px\" \/><\/p>\n<p>Vanhempien makuuhuoneesta on k\u00e4ynti aurinkoiselle kattoterassille. Sein\u00e4ll\u00e4 on tilausty\u00f6n\u00e4 teetetty \u00f6ljyv\u00e4riteos.<\/p>\n<p><img decoding=\"async\" class=\"alignnone size-large wp-image-4354\" src=\"https:\/\/www.lammi.fi\/kivitalo\/wp-content\/uploads\/sites\/2\/2020\/06\/asuntomessukohteet_kohteiden_kuvitus_B_5-1024x768.jpg\" alt=\"\" width=\"840\" height=\"630\" srcset=\"https:\/\/www.lammi.fi\/kivitalo\/wp-content\/uploads\/sites\/2\/2020\/06\/asuntomessukohteet_kohteiden_kuvitus_B_5-1024x768.jpg 1024w, https:\/\/www.lammi.fi\/kivitalo\/wp-content\/uploads\/sites\/2\/2020\/06\/asuntomessukohteet_kohteiden_kuvitus_B_5-300x225.jpg 300w, https:\/\/www.lammi.fi\/kivitalo\/wp-content\/uploads\/sites\/2\/2020\/06\/asuntomessukohteet_kohteiden_kuvitus_B_5-768x576.jpg 768w, https:\/\/www.lammi.fi\/kivitalo\/wp-content\/uploads\/sites\/2\/2020\/06\/asuntomessukohteet_kohteiden_kuvitus_B_5-1536x1152.jpg 1536w, https:\/\/www.lammi.fi\/kivitalo\/wp-content\/uploads\/sites\/2\/2020\/06\/asuntomessukohteet_kohteiden_kuvitus_B_5-1200x900.jpg 1200w, https:\/\/www.lammi.fi\/kivitalo\/wp-content\/uploads\/sites\/2\/2020\/06\/asuntomessukohteet_kohteiden_kuvitus_B_5-260x195.jpg 260w, https:\/\/www.lammi.fi\/kivitalo\/wp-content\/uploads\/sites\/2\/2020\/06\/asuntomessukohteet_kohteiden_kuvitus_B_5-800x600.jpg 800w, https:\/\/www.lammi.fi\/kivitalo\/wp-content\/uploads\/sites\/2\/2020\/06\/asuntomessukohteet_kohteiden_kuvitus_B_5.jpg 1600w\" sizes=\"(max-width: 709px) 85vw, (max-width: 909px) 67vw, (max-width: 1362px) 62vw, 840px\" \/><\/p>\n<p>Suihkuhuoneen kaakelointi on yksi monista yksityiskohdista, joissa yhdistyy muotoilijana toimivan \u00e4idin visio ja ammattilaisten k\u00e4dentaidot.<\/p>\n<p><strong>Tutustu my\u00f6s:<\/strong> aktiiviselle aikuiselle ja kauniille designille suunniteltu <a href=\"https:\/\/www.lammi.fi\/kivitalo\/ideointi\/asuntomessut\/asuntomessut-2020\/duplio-tynell\/\">Duplio Tynell \u00bb<\/a><\/p>\n","protected":false},"excerpt":{"rendered":"<p>Duplio Aalto 4 h + kt + sauna + autokatos + varasto Kati-Annika ja Sami Aallon nelihenkiselle perheelle rakennettu paritalon B-puoli on pohjaratkaisuiltaan l\u00e4hes identtinen A-puolen kanssa. Pohjasuunnitelmat ovat toistensa peilikuvia, erona vain yl\u00e4kerran makuuhuoneiden m\u00e4\u00e4r\u00e4. Kodissa toteutuu monta yhteist\u00e4 asumiseen liittyv\u00e4\u00e4 toivetta: kolme makuuhuonetta, leijuvan oloinen portaikko, ty\u00f6piste ja harjakatto. Sisustuksen on suunnitellut perhe &hellip; <a href=\"https:\/\/www.lammi.fi\/kivitalo\/ideointi\/asuntomessut\/asuntomessut-2020\/duplio-aalto\/\" class=\"more-link\">Lue lis\u00e4\u00e4<span class=\"screen-reader-text\"> &#8221;Duplio Aalto&#8221;<\/span><\/a><\/p>\n","protected":false},"author":12,"featured_media":0,"parent":4260,"menu_order":0,"comment_status":"closed","ping_status":"closed","template":"page-lataa-lomake.php","meta":{"_acf_changed":false,"_improvement_type_select":"improve_an_existing","_thumb_yes_seoaic":false,"_frame_yes_seoaic":false,"seoaic_generate_description":"","seoaic_improve_instructions_prompt":"","seoaic_rollback_content_improvement":"","seoaic_idea_thumbnail_generator":"","thumbnail_generated":false,"thumbnail_generate_prompt":"","seoaic_article_description":"","footnotes":""},"class_list":["post-4265","page","type-page","status-publish","hentry"],"acf":[],"yoast_head":"<!-- This site is optimized with the Yoast SEO plugin v27.4 - https:\/\/yoast.com\/product\/yoast-seo-wordpress\/ -->\n<title>Lammi Kivitalo - Duplio Aalto<\/title>\n<link rel=\"canonical\" href=\"https:\/\/www.lammi.fi\/kivitalo\/ideointi\/asuntomessut\/asuntomessut-2020\/duplio-aalto\/\" \/>\n<meta property=\"og:locale\" content=\"fi_FI\" \/>\n<meta property=\"og:type\" content=\"article\" \/>\n<meta property=\"og:title\" content=\"Lammi Kivitalo - Duplio Aalto\" \/>\n<meta property=\"og:description\" content=\"Duplio Aalto 4 h + kt + sauna + autokatos + varasto Kati-Annika ja Sami Aallon nelihenkiselle perheelle rakennettu paritalon B-puoli on pohjaratkaisuiltaan l\u00e4hes identtinen A-puolen kanssa. Pohjasuunnitelmat ovat toistensa peilikuvia, erona vain yl\u00e4kerran makuuhuoneiden m\u00e4\u00e4r\u00e4. Kodissa toteutuu monta yhteist\u00e4 asumiseen liittyv\u00e4\u00e4 toivetta: kolme makuuhuonetta, leijuvan oloinen portaikko, ty\u00f6piste ja harjakatto. Sisustuksen on suunnitellut perhe &hellip; Lue lis\u00e4\u00e4 &quot;Duplio Aalto&quot;\" \/>\n<meta property=\"og:url\" content=\"https:\/\/www.lammi.fi\/kivitalo\/ideointi\/asuntomessut\/asuntomessut-2020\/duplio-aalto\/\" \/>\n<meta property=\"og:site_name\" content=\"Lammi Kivitalo\" \/>\n<meta property=\"article:publisher\" content=\"https:\/\/www.facebook.com\/LammiKivitalot\" \/>\n<meta property=\"article:modified_time\" content=\"2023-03-30T08:34:57+00:00\" \/>\n<meta property=\"og:image\" content=\"https:\/\/www.lammi.fi\/kivitalo\/wp-content\/uploads\/sites\/2\/2020\/06\/asuntomessukohteet_kohteet_B-1024x544.jpg\" \/>\n<meta name=\"twitter:card\" content=\"summary_large_image\" \/>\n<meta name=\"twitter:label1\" content=\"Arvioitu lukuaika\" \/>\n\t<meta name=\"twitter:data1\" content=\"3 minuuttia\" \/>\n<script type=\"application\/ld+json\" class=\"yoast-schema-graph\">{\"@context\":\"https:\\\/\\\/schema.org\",\"@graph\":[{\"@type\":\"WebPage\",\"@id\":\"https:\\\/\\\/www.lammi.fi\\\/kivitalo\\\/ideointi\\\/asuntomessut\\\/asuntomessut-2020\\\/duplio-aalto\\\/\",\"url\":\"https:\\\/\\\/www.lammi.fi\\\/kivitalo\\\/ideointi\\\/asuntomessut\\\/asuntomessut-2020\\\/duplio-aalto\\\/\",\"name\":\"Lammi Kivitalo - Duplio Aalto\",\"isPartOf\":{\"@id\":\"https:\\\/\\\/www.lammi.fi\\\/kivitalo\\\/#website\"},\"primaryImageOfPage\":{\"@id\":\"https:\\\/\\\/www.lammi.fi\\\/kivitalo\\\/ideointi\\\/asuntomessut\\\/asuntomessut-2020\\\/duplio-aalto\\\/#primaryimage\"},\"image\":{\"@id\":\"https:\\\/\\\/www.lammi.fi\\\/kivitalo\\\/ideointi\\\/asuntomessut\\\/asuntomessut-2020\\\/duplio-aalto\\\/#primaryimage\"},\"thumbnailUrl\":\"https:\\\/\\\/www.lammi.fi\\\/kivitalo\\\/wp-content\\\/uploads\\\/sites\\\/2\\\/2020\\\/06\\\/asuntomessukohteet_kohteet_B-1024x544.jpg\",\"datePublished\":\"2020-06-29T12:15:54+00:00\",\"dateModified\":\"2023-03-30T08:34:57+00:00\",\"breadcrumb\":{\"@id\":\"https:\\\/\\\/www.lammi.fi\\\/kivitalo\\\/ideointi\\\/asuntomessut\\\/asuntomessut-2020\\\/duplio-aalto\\\/#breadcrumb\"},\"inLanguage\":\"fi\",\"potentialAction\":[{\"@type\":\"ReadAction\",\"target\":[\"https:\\\/\\\/www.lammi.fi\\\/kivitalo\\\/ideointi\\\/asuntomessut\\\/asuntomessut-2020\\\/duplio-aalto\\\/\"]}]},{\"@type\":\"ImageObject\",\"inLanguage\":\"fi\",\"@id\":\"https:\\\/\\\/www.lammi.fi\\\/kivitalo\\\/ideointi\\\/asuntomessut\\\/asuntomessut-2020\\\/duplio-aalto\\\/#primaryimage\",\"url\":\"https:\\\/\\\/www.lammi.fi\\\/kivitalo\\\/wp-content\\\/uploads\\\/sites\\\/2\\\/2020\\\/06\\\/asuntomessukohteet_kohteet_B.jpg\",\"contentUrl\":\"https:\\\/\\\/www.lammi.fi\\\/kivitalo\\\/wp-content\\\/uploads\\\/sites\\\/2\\\/2020\\\/06\\\/asuntomessukohteet_kohteet_B.jpg\",\"width\":1600,\"height\":850},{\"@type\":\"BreadcrumbList\",\"@id\":\"https:\\\/\\\/www.lammi.fi\\\/kivitalo\\\/ideointi\\\/asuntomessut\\\/asuntomessut-2020\\\/duplio-aalto\\\/#breadcrumb\",\"itemListElement\":[{\"@type\":\"ListItem\",\"position\":1,\"name\":\"Lammi.fi\",\"item\":\"https:\\\/\\\/www.lammi.fi\"},{\"@type\":\"ListItem\",\"position\":2,\"name\":\"Lammi Kivitalo\",\"item\":\"https:\\\/\\\/www.lammi.fi\\\/kivitalo\\\/\"},{\"@type\":\"ListItem\",\"position\":3,\"name\":\"Ideointi\",\"item\":\"https:\\\/\\\/www.lammi.fi\\\/kivitalo\\\/ideointi\\\/\"},{\"@type\":\"ListItem\",\"position\":4,\"name\":\"Asuntomessut\",\"item\":\"https:\\\/\\\/www.lammi.fi\\\/kivitalo\\\/ideointi\\\/asuntomessut\\\/\"},{\"@type\":\"ListItem\",\"position\":5,\"name\":\"Asuntomessut 2020\",\"item\":\"https:\\\/\\\/www.lammi.fi\\\/kivitalo\\\/ideointi\\\/asuntomessut\\\/asuntomessut-2020\\\/\"},{\"@type\":\"ListItem\",\"position\":6,\"name\":\"Duplio Aalto\"}]},{\"@type\":\"WebSite\",\"@id\":\"https:\\\/\\\/www.lammi.fi\\\/kivitalo\\\/#website\",\"url\":\"https:\\\/\\\/www.lammi.fi\\\/kivitalo\\\/\",\"name\":\"Lammi Kivitalo\",\"description\":\"\",\"publisher\":{\"@id\":\"https:\\\/\\\/www.lammi.fi\\\/kivitalo\\\/#organization\"},\"potentialAction\":[{\"@type\":\"SearchAction\",\"target\":{\"@type\":\"EntryPoint\",\"urlTemplate\":\"https:\\\/\\\/www.lammi.fi\\\/kivitalo\\\/?s={search_term_string}\"},\"query-input\":{\"@type\":\"PropertyValueSpecification\",\"valueRequired\":true,\"valueName\":\"search_term_string\"}}],\"inLanguage\":\"fi\"},{\"@type\":\"Organization\",\"@id\":\"https:\\\/\\\/www.lammi.fi\\\/kivitalo\\\/#organization\",\"name\":\"Lammi Kivitalo\",\"url\":\"https:\\\/\\\/www.lammi.fi\\\/kivitalo\\\/\",\"logo\":{\"@type\":\"ImageObject\",\"inLanguage\":\"fi\",\"@id\":\"https:\\\/\\\/www.lammi.fi\\\/kivitalo\\\/#\\\/schema\\\/logo\\\/image\\\/\",\"url\":\"https:\\\/\\\/www.lammi.fi\\\/kivitalo\\\/wp-content\\\/uploads\\\/sites\\\/2\\\/2018\\\/05\\\/cropped-lammi_logo.png\",\"contentUrl\":\"https:\\\/\\\/www.lammi.fi\\\/kivitalo\\\/wp-content\\\/uploads\\\/sites\\\/2\\\/2018\\\/05\\\/cropped-lammi_logo.png\",\"width\":240,\"height\":122,\"caption\":\"Lammi Kivitalo\"},\"image\":{\"@id\":\"https:\\\/\\\/www.lammi.fi\\\/kivitalo\\\/#\\\/schema\\\/logo\\\/image\\\/\"},\"sameAs\":[\"https:\\\/\\\/www.facebook.com\\\/LammiKivitalot\",\"https:\\\/\\\/www.instagram.com\\\/lammikivitalot\\\/\",\"https:\\\/\\\/fi.pinterest.com\\\/lammikivitalot\\\/\"]}]}<\/script>\n<!-- \/ Yoast SEO plugin. -->","yoast_head_json":{"title":"Lammi Kivitalo - Duplio Aalto","canonical":"https:\/\/www.lammi.fi\/kivitalo\/ideointi\/asuntomessut\/asuntomessut-2020\/duplio-aalto\/","og_locale":"fi_FI","og_type":"article","og_title":"Lammi Kivitalo - Duplio Aalto","og_description":"Duplio Aalto 4 h + kt + sauna + autokatos + varasto Kati-Annika ja Sami Aallon nelihenkiselle perheelle rakennettu paritalon B-puoli on pohjaratkaisuiltaan l\u00e4hes identtinen A-puolen kanssa. Pohjasuunnitelmat ovat toistensa peilikuvia, erona vain yl\u00e4kerran makuuhuoneiden m\u00e4\u00e4r\u00e4. Kodissa toteutuu monta yhteist\u00e4 asumiseen liittyv\u00e4\u00e4 toivetta: kolme makuuhuonetta, leijuvan oloinen portaikko, ty\u00f6piste ja harjakatto. Sisustuksen on suunnitellut perhe &hellip; Lue lis\u00e4\u00e4 \"Duplio Aalto\"","og_url":"https:\/\/www.lammi.fi\/kivitalo\/ideointi\/asuntomessut\/asuntomessut-2020\/duplio-aalto\/","og_site_name":"Lammi Kivitalo","article_publisher":"https:\/\/www.facebook.com\/LammiKivitalot","article_modified_time":"2023-03-30T08:34:57+00:00","og_image":[{"url":"https:\/\/www.lammi.fi\/kivitalo\/wp-content\/uploads\/sites\/2\/2020\/06\/asuntomessukohteet_kohteet_B-1024x544.jpg","type":"","width":"","height":""}],"twitter_card":"summary_large_image","twitter_misc":{"Arvioitu lukuaika":"3 minuuttia"},"schema":{"@context":"https:\/\/schema.org","@graph":[{"@type":"WebPage","@id":"https:\/\/www.lammi.fi\/kivitalo\/ideointi\/asuntomessut\/asuntomessut-2020\/duplio-aalto\/","url":"https:\/\/www.lammi.fi\/kivitalo\/ideointi\/asuntomessut\/asuntomessut-2020\/duplio-aalto\/","name":"Lammi Kivitalo - Duplio Aalto","isPartOf":{"@id":"https:\/\/www.lammi.fi\/kivitalo\/#website"},"primaryImageOfPage":{"@id":"https:\/\/www.lammi.fi\/kivitalo\/ideointi\/asuntomessut\/asuntomessut-2020\/duplio-aalto\/#primaryimage"},"image":{"@id":"https:\/\/www.lammi.fi\/kivitalo\/ideointi\/asuntomessut\/asuntomessut-2020\/duplio-aalto\/#primaryimage"},"thumbnailUrl":"https:\/\/www.lammi.fi\/kivitalo\/wp-content\/uploads\/sites\/2\/2020\/06\/asuntomessukohteet_kohteet_B-1024x544.jpg","datePublished":"2020-06-29T12:15:54+00:00","dateModified":"2023-03-30T08:34:57+00:00","breadcrumb":{"@id":"https:\/\/www.lammi.fi\/kivitalo\/ideointi\/asuntomessut\/asuntomessut-2020\/duplio-aalto\/#breadcrumb"},"inLanguage":"fi","potentialAction":[{"@type":"ReadAction","target":["https:\/\/www.lammi.fi\/kivitalo\/ideointi\/asuntomessut\/asuntomessut-2020\/duplio-aalto\/"]}]},{"@type":"ImageObject","inLanguage":"fi","@id":"https:\/\/www.lammi.fi\/kivitalo\/ideointi\/asuntomessut\/asuntomessut-2020\/duplio-aalto\/#primaryimage","url":"https:\/\/www.lammi.fi\/kivitalo\/wp-content\/uploads\/sites\/2\/2020\/06\/asuntomessukohteet_kohteet_B.jpg","contentUrl":"https:\/\/www.lammi.fi\/kivitalo\/wp-content\/uploads\/sites\/2\/2020\/06\/asuntomessukohteet_kohteet_B.jpg","width":1600,"height":850},{"@type":"BreadcrumbList","@id":"https:\/\/www.lammi.fi\/kivitalo\/ideointi\/asuntomessut\/asuntomessut-2020\/duplio-aalto\/#breadcrumb","itemListElement":[{"@type":"ListItem","position":1,"name":"Lammi.fi","item":"https:\/\/www.lammi.fi"},{"@type":"ListItem","position":2,"name":"Lammi Kivitalo","item":"https:\/\/www.lammi.fi\/kivitalo\/"},{"@type":"ListItem","position":3,"name":"Ideointi","item":"https:\/\/www.lammi.fi\/kivitalo\/ideointi\/"},{"@type":"ListItem","position":4,"name":"Asuntomessut","item":"https:\/\/www.lammi.fi\/kivitalo\/ideointi\/asuntomessut\/"},{"@type":"ListItem","position":5,"name":"Asuntomessut 2020","item":"https:\/\/www.lammi.fi\/kivitalo\/ideointi\/asuntomessut\/asuntomessut-2020\/"},{"@type":"ListItem","position":6,"name":"Duplio Aalto"}]},{"@type":"WebSite","@id":"https:\/\/www.lammi.fi\/kivitalo\/#website","url":"https:\/\/www.lammi.fi\/kivitalo\/","name":"Lammi Kivitalo","description":"","publisher":{"@id":"https:\/\/www.lammi.fi\/kivitalo\/#organization"},"potentialAction":[{"@type":"SearchAction","target":{"@type":"EntryPoint","urlTemplate":"https:\/\/www.lammi.fi\/kivitalo\/?s={search_term_string}"},"query-input":{"@type":"PropertyValueSpecification","valueRequired":true,"valueName":"search_term_string"}}],"inLanguage":"fi"},{"@type":"Organization","@id":"https:\/\/www.lammi.fi\/kivitalo\/#organization","name":"Lammi Kivitalo","url":"https:\/\/www.lammi.fi\/kivitalo\/","logo":{"@type":"ImageObject","inLanguage":"fi","@id":"https:\/\/www.lammi.fi\/kivitalo\/#\/schema\/logo\/image\/","url":"https:\/\/www.lammi.fi\/kivitalo\/wp-content\/uploads\/sites\/2\/2018\/05\/cropped-lammi_logo.png","contentUrl":"https:\/\/www.lammi.fi\/kivitalo\/wp-content\/uploads\/sites\/2\/2018\/05\/cropped-lammi_logo.png","width":240,"height":122,"caption":"Lammi Kivitalo"},"image":{"@id":"https:\/\/www.lammi.fi\/kivitalo\/#\/schema\/logo\/image\/"},"sameAs":["https:\/\/www.facebook.com\/LammiKivitalot","https:\/\/www.instagram.com\/lammikivitalot\/","https:\/\/fi.pinterest.com\/lammikivitalot\/"]}]}},"_links":{"self":[{"href":"https:\/\/www.lammi.fi\/kivitalo\/wp-json\/wp\/v2\/pages\/4265","targetHints":{"allow":["GET"]}}],"collection":[{"href":"https:\/\/www.lammi.fi\/kivitalo\/wp-json\/wp\/v2\/pages"}],"about":[{"href":"https:\/\/www.lammi.fi\/kivitalo\/wp-json\/wp\/v2\/types\/page"}],"author":[{"embeddable":true,"href":"https:\/\/www.lammi.fi\/kivitalo\/wp-json\/wp\/v2\/users\/12"}],"replies":[{"embeddable":true,"href":"https:\/\/www.lammi.fi\/kivitalo\/wp-json\/wp\/v2\/comments?post=4265"}],"version-history":[{"count":14,"href":"https:\/\/www.lammi.fi\/kivitalo\/wp-json\/wp\/v2\/pages\/4265\/revisions"}],"predecessor-version":[{"id":4776,"href":"https:\/\/www.lammi.fi\/kivitalo\/wp-json\/wp\/v2\/pages\/4265\/revisions\/4776"}],"up":[{"embeddable":true,"href":"https:\/\/www.lammi.fi\/kivitalo\/wp-json\/wp\/v2\/pages\/4260"}],"wp:attachment":[{"href":"https:\/\/www.lammi.fi\/kivitalo\/wp-json\/wp\/v2\/media?parent=4265"}],"curies":[{"name":"wp","href":"https:\/\/api.w.org\/{rel}","templated":true}]}}