{"id":4260,"date":"2020-06-29T11:52:38","date_gmt":"2020-06-29T11:52:38","guid":{"rendered":"https:\/\/www.lammi.fi\/kivitalo?page_id=4260"},"modified":"2025-08-25T14:31:36","modified_gmt":"2025-08-25T11:31:36","slug":"asuntomessut-2020","status":"publish","type":"page","link":"https:\/\/www.lammi.fi\/kivitalo\/ideointi\/asuntomessut\/asuntomessut-2020\/","title":{"rendered":"Asuntomessut 2020"},"content":{"rendered":"<h1>Asuntomessut 2020<\/h1>\n<p><img decoding=\"async\" class=\"alignnone wp-image-4269 size-large\" src=\"https:\/\/www.lammi.fi\/kivitalo\/wp-content\/uploads\/sites\/2\/2020\/06\/asuntomessukohteet_p\u00e4\u00e4kuva_duplio_2-1024x640.jpg\" alt=\"\" width=\"840\" height=\"525\" srcset=\"https:\/\/www.lammi.fi\/kivitalo\/wp-content\/uploads\/sites\/2\/2020\/06\/asuntomessukohteet_p\u00e4\u00e4kuva_duplio_2-1024x640.jpg 1024w, https:\/\/www.lammi.fi\/kivitalo\/wp-content\/uploads\/sites\/2\/2020\/06\/asuntomessukohteet_p\u00e4\u00e4kuva_duplio_2-300x188.jpg 300w, https:\/\/www.lammi.fi\/kivitalo\/wp-content\/uploads\/sites\/2\/2020\/06\/asuntomessukohteet_p\u00e4\u00e4kuva_duplio_2-768x480.jpg 768w, https:\/\/www.lammi.fi\/kivitalo\/wp-content\/uploads\/sites\/2\/2020\/06\/asuntomessukohteet_p\u00e4\u00e4kuva_duplio_2-1536x960.jpg 1536w, https:\/\/www.lammi.fi\/kivitalo\/wp-content\/uploads\/sites\/2\/2020\/06\/asuntomessukohteet_p\u00e4\u00e4kuva_duplio_2-1200x750.jpg 1200w, https:\/\/www.lammi.fi\/kivitalo\/wp-content\/uploads\/sites\/2\/2020\/06\/asuntomessukohteet_p\u00e4\u00e4kuva_duplio_2-260x163.jpg 260w, https:\/\/www.lammi.fi\/kivitalo\/wp-content\/uploads\/sites\/2\/2020\/06\/asuntomessukohteet_p\u00e4\u00e4kuva_duplio_2-960x600.jpg 960w, https:\/\/www.lammi.fi\/kivitalo\/wp-content\/uploads\/sites\/2\/2020\/06\/asuntomessukohteet_p\u00e4\u00e4kuva_duplio_2.jpg 1600w\" sizes=\"(max-width: 709px) 85vw, (max-width: 909px) 67vw, (max-width: 1362px) 62vw, 840px\" \/><\/p>\n<h2>Kolmen sukupolven paritalo Tuusulan asuntomessuilla<\/h2>\n<p class=\"lead\">Lammi Kivitalojen vuoden 2020 asuntomessukohde on ilmeik\u00e4s ja moderni kaupunkitalo Duplio. Niukkaneli\u00f6iselle tontille rakennetun paritalon asunnoissa on vain reilut sata neli\u00f6t\u00e4, mutta n\u00e4iss\u00e4 kodeissa todistetaan, ett\u00e4 pieni neli\u00f6m\u00e4\u00e4r\u00e4 ei poissulje n\u00e4ytt\u00e4vyytt\u00e4, viihtyisyytt\u00e4 tai k\u00e4yt\u00e4nn\u00f6llisyytt\u00e4, kun suunnittelu tehd\u00e4\u00e4n jokainen yksityiskohta huomioiden.<\/p>\n<p>Paritaloon toteutettu tuplaharjakatto antaa kodille persoonallisen ilmeen. Arkkitehdin visio kattoratkaisusta ohjasi osittain my\u00f6s rakentajan valintaa: Lammi tarttui ennakkoluulottomasti ainutlaatuisen kattorakenteen haasteeseen.<\/p>\n<h3>Kattoterassilla lis\u00e4\u00e4 k\u00e4ytt\u00f6neli\u00f6it\u00e4<\/h3>\n<p><img decoding=\"async\" class=\"alignnone wp-image-4682 size-large\" src=\"https:\/\/www.lammi.fi\/kivitalo\/wp-content\/uploads\/sites\/2\/2020\/07\/asuntomessukohteet_rakennusvaihe_kuvitus_1-1024x324.jpg\" alt=\"\" width=\"840\" height=\"266\" srcset=\"https:\/\/www.lammi.fi\/kivitalo\/wp-content\/uploads\/sites\/2\/2020\/07\/asuntomessukohteet_rakennusvaihe_kuvitus_1-1024x324.jpg 1024w, https:\/\/www.lammi.fi\/kivitalo\/wp-content\/uploads\/sites\/2\/2020\/07\/asuntomessukohteet_rakennusvaihe_kuvitus_1-300x95.jpg 300w, https:\/\/www.lammi.fi\/kivitalo\/wp-content\/uploads\/sites\/2\/2020\/07\/asuntomessukohteet_rakennusvaihe_kuvitus_1-768x243.jpg 768w, https:\/\/www.lammi.fi\/kivitalo\/wp-content\/uploads\/sites\/2\/2020\/07\/asuntomessukohteet_rakennusvaihe_kuvitus_1-1536x486.jpg 1536w, https:\/\/www.lammi.fi\/kivitalo\/wp-content\/uploads\/sites\/2\/2020\/07\/asuntomessukohteet_rakennusvaihe_kuvitus_1-1200x380.jpg 1200w, https:\/\/www.lammi.fi\/kivitalo\/wp-content\/uploads\/sites\/2\/2020\/07\/asuntomessukohteet_rakennusvaihe_kuvitus_1-260x82.jpg 260w, https:\/\/www.lammi.fi\/kivitalo\/wp-content\/uploads\/sites\/2\/2020\/07\/asuntomessukohteet_rakennusvaihe_kuvitus_1-1210x383.jpg 1210w, https:\/\/www.lammi.fi\/kivitalo\/wp-content\/uploads\/sites\/2\/2020\/07\/asuntomessukohteet_rakennusvaihe_kuvitus_1.jpg 1600w\" sizes=\"(max-width: 709px) 85vw, (max-width: 909px) 67vw, (max-width: 1362px) 62vw, 840px\" \/><\/p>\n<p>Talon jokainen neli\u00f6 on harkittu tarkoin. Huoneet ja tilat niveltyv\u00e4t toisiinsa j\u00e4rkev\u00e4sti ja toisiaan hy\u00f6dynt\u00e4en. Esimerkiksi asuinrakennuksen rinnalle rakennetun autokatos\/varaston p\u00e4\u00e4lle saatiin luontevasti suuri aurinkoterassikansi. Ulkotilojen hy\u00f6dynt\u00e4minen ja niiden harkittu viimeistely tuovatkin runsaasti lis\u00e4\u00e4 k\u00e4ytt\u00f6neli\u00f6it\u00e4, ja sis\u00e4tilat tuntuvat jatkuvan suurten maisemaikkunoiden kautta ulos saakka.<\/p>\n<p><img decoding=\"async\" class=\"alignnone wp-image-4684 size-large\" src=\"https:\/\/www.lammi.fi\/kivitalo\/wp-content\/uploads\/sites\/2\/2020\/07\/asuntomessukohteet_rakennusvaihe_kuvitus_2-1024x324.jpg\" alt=\"\" width=\"840\" height=\"266\" srcset=\"https:\/\/www.lammi.fi\/kivitalo\/wp-content\/uploads\/sites\/2\/2020\/07\/asuntomessukohteet_rakennusvaihe_kuvitus_2-1024x324.jpg 1024w, https:\/\/www.lammi.fi\/kivitalo\/wp-content\/uploads\/sites\/2\/2020\/07\/asuntomessukohteet_rakennusvaihe_kuvitus_2-300x95.jpg 300w, https:\/\/www.lammi.fi\/kivitalo\/wp-content\/uploads\/sites\/2\/2020\/07\/asuntomessukohteet_rakennusvaihe_kuvitus_2-768x243.jpg 768w, https:\/\/www.lammi.fi\/kivitalo\/wp-content\/uploads\/sites\/2\/2020\/07\/asuntomessukohteet_rakennusvaihe_kuvitus_2-1536x486.jpg 1536w, https:\/\/www.lammi.fi\/kivitalo\/wp-content\/uploads\/sites\/2\/2020\/07\/asuntomessukohteet_rakennusvaihe_kuvitus_2-1200x380.jpg 1200w, https:\/\/www.lammi.fi\/kivitalo\/wp-content\/uploads\/sites\/2\/2020\/07\/asuntomessukohteet_rakennusvaihe_kuvitus_2-260x82.jpg 260w, https:\/\/www.lammi.fi\/kivitalo\/wp-content\/uploads\/sites\/2\/2020\/07\/asuntomessukohteet_rakennusvaihe_kuvitus_2-1210x383.jpg 1210w, https:\/\/www.lammi.fi\/kivitalo\/wp-content\/uploads\/sites\/2\/2020\/07\/asuntomessukohteet_rakennusvaihe_kuvitus_2.jpg 1600w\" sizes=\"(max-width: 709px) 85vw, (max-width: 909px) 67vw, (max-width: 1362px) 62vw, 840px\" \/><\/p>\n<p>Huonekorkeus asuntojen alakerrassa on huikaiseva. N\u00e4iss\u00e4 n\u00e4ytt\u00e4viss\u00e4 tiloissa sijaitsevat yhteiset tilat: eteinen, keitti\u00f6, ruokailutila ja olohuone. Yl\u00e4kerta on varattu makuuhuoneille, ja lis\u00e4ksi asuntoon B saatiin rauhaisa ty\u00f6piste portaiden yl\u00e4tasanteelle.<br \/>\nDuplion upeasta ja uniikista arkkitehtuurista ja kohteen arkkitehtisuunnittelusta vastasivat <a href=\"https:\/\/saikadesign.fi\/\" target=\"_blank\" rel=\"noopener\">SAIKA Design Oy:n arkkitehdit Tiina Sainila ja Mikko Kanninen.<\/a><\/p>\n<p><strong>Lue koko artikkeli messutalosta ja sen asukkaista uudesta Lammi Koti -lehdest\u00e4. Lehti ilmestyy elokuussa. Tilaa lehti kotiisi <a href=\"https:\/\/www.lammi.fi\/kivitalo\/ideointi\/lammi-koti-lehti\/\" target=\"_blank\" rel=\"noopener noreferrer\">t\u00e4\u00e4lt\u00e4<\/a>.<\/strong><\/p>\n<p data-favro-document-key=\"7308bb5a3a48365c19c82284\" data-pm-slice=\"1 1 []\"><span class=\"author\" data-authorid=\"fXsLahSrf2bb8mjro\">Suositut bloggaajat tutustuivat kohteeseemme. L\u00f6yd\u00e4t postaukset, tunnelmat ja kuvat <\/span><span class=\"author\" data-authorid=\"fXsLahSrf2bb8mjro\"><a href=\"https:\/\/charandthecity.com\/2020\/07\/unelmissa-lammi-kivitalot\/\" target=\"_blank\" rel=\"noopener noreferrer\">Char and the City<\/a>,<\/span><span class=\"author\" data-authorid=\"fXsLahSrf2bb8mjro\">\u00a0<\/span><a href=\"https:\/\/www.marjawickman.com\/mustaovi\/2020\/08\/10-syyta-miksi-rakentaa-kivitalo.html\" target=\"_blank\" rel=\"noopener noreferrer\"><span class=\"author\" data-authorid=\"fXsLahSrf2bb8mjro\">Musta ovi<\/span><\/a><span class=\"author\" data-authorid=\"fXsLahSrf2bb8mjro\">\u00a0ja <a href=\"https:\/\/muutamahetki.com\/puu-vai-kivitalo\/\" target=\"_blank\" rel=\"noopener\">Muutama hetki<\/a> -blogeista.<\/span><\/p>\n<h3>Duplio Tynell (messukohde 27 A)<\/h3>\n<p><a href=\"https:\/\/www.lammi.fi\/kivitalo\/ideointi\/asuntomessut\/asuntomessut-2020\/duplio-tynell\/\" rel=\"noopener noreferrer\"><img decoding=\"async\" class=\"alignnone wp-image-4272 size-large\" src=\"https:\/\/www.lammi.fi\/kivitalo\/wp-content\/uploads\/sites\/2\/2020\/06\/asuntomessukohteet_kohteet_A-1024x544.jpg\" alt=\"\" width=\"840\" height=\"446\" srcset=\"https:\/\/www.lammi.fi\/kivitalo\/wp-content\/uploads\/sites\/2\/2020\/06\/asuntomessukohteet_kohteet_A-1024x544.jpg 1024w, https:\/\/www.lammi.fi\/kivitalo\/wp-content\/uploads\/sites\/2\/2020\/06\/asuntomessukohteet_kohteet_A-300x159.jpg 300w, https:\/\/www.lammi.fi\/kivitalo\/wp-content\/uploads\/sites\/2\/2020\/06\/asuntomessukohteet_kohteet_A-768x408.jpg 768w, https:\/\/www.lammi.fi\/kivitalo\/wp-content\/uploads\/sites\/2\/2020\/06\/asuntomessukohteet_kohteet_A-1536x816.jpg 1536w, https:\/\/www.lammi.fi\/kivitalo\/wp-content\/uploads\/sites\/2\/2020\/06\/asuntomessukohteet_kohteet_A-1200x638.jpg 1200w, https:\/\/www.lammi.fi\/kivitalo\/wp-content\/uploads\/sites\/2\/2020\/06\/asuntomessukohteet_kohteet_A-260x138.jpg 260w, https:\/\/www.lammi.fi\/kivitalo\/wp-content\/uploads\/sites\/2\/2020\/06\/asuntomessukohteet_kohteet_A-1129x600.jpg 1129w, https:\/\/www.lammi.fi\/kivitalo\/wp-content\/uploads\/sites\/2\/2020\/06\/asuntomessukohteet_kohteet_A.jpg 1600w\" sizes=\"(max-width: 709px) 85vw, (max-width: 909px) 67vw, (max-width: 1362px) 62vw, 840px\" \/><\/a><\/p>\n<p><a href=\"https:\/\/www.lammi.fi\/kivitalo\/ideointi\/asuntomessut\/asuntomessut-2020\/duplio-tynell\/\" rel=\"noopener noreferrer\">Tutustu aktiiviselle aikuiselle ja kauniille designille suunniteltuun harmoniseen kotiin.<\/a><\/p>\n<h3>Duplio\u00a0Aalto (messukohde 27 B)<\/h3>\n<p><a href=\"https:\/\/www.lammi.fi\/kivitalo\/ideointi\/asuntomessut\/asuntomessut-2020\/duplio-aalto\/\" rel=\"noopener noreferrer\"><img decoding=\"async\" class=\"alignnone wp-image-4274 size-large\" src=\"https:\/\/www.lammi.fi\/kivitalo\/wp-content\/uploads\/sites\/2\/2020\/06\/asuntomessukohteet_kohteet_B-1024x544.jpg\" alt=\"\" width=\"840\" height=\"446\" srcset=\"https:\/\/www.lammi.fi\/kivitalo\/wp-content\/uploads\/sites\/2\/2020\/06\/asuntomessukohteet_kohteet_B-1024x544.jpg 1024w, https:\/\/www.lammi.fi\/kivitalo\/wp-content\/uploads\/sites\/2\/2020\/06\/asuntomessukohteet_kohteet_B-300x159.jpg 300w, https:\/\/www.lammi.fi\/kivitalo\/wp-content\/uploads\/sites\/2\/2020\/06\/asuntomessukohteet_kohteet_B-768x408.jpg 768w, https:\/\/www.lammi.fi\/kivitalo\/wp-content\/uploads\/sites\/2\/2020\/06\/asuntomessukohteet_kohteet_B-1536x816.jpg 1536w, https:\/\/www.lammi.fi\/kivitalo\/wp-content\/uploads\/sites\/2\/2020\/06\/asuntomessukohteet_kohteet_B-1200x638.jpg 1200w, https:\/\/www.lammi.fi\/kivitalo\/wp-content\/uploads\/sites\/2\/2020\/06\/asuntomessukohteet_kohteet_B-260x138.jpg 260w, https:\/\/www.lammi.fi\/kivitalo\/wp-content\/uploads\/sites\/2\/2020\/06\/asuntomessukohteet_kohteet_B-1129x600.jpg 1129w, https:\/\/www.lammi.fi\/kivitalo\/wp-content\/uploads\/sites\/2\/2020\/06\/asuntomessukohteet_kohteet_B.jpg 1600w\" sizes=\"(max-width: 709px) 85vw, (max-width: 909px) 67vw, (max-width: 1362px) 62vw, 840px\" \/><\/a><\/p>\n<p><a href=\"https:\/\/www.lammi.fi\/kivitalo\/ideointi\/asuntomessut\/asuntomessut-2020\/duplio-aalto\/\" rel=\"noopener noreferrer\">Tutustu nelihenkisen perheen upeita, harkittuja yksityiskohtia sis\u00e4lt\u00e4v\u00e4\u00e4n toiminnalliseen kotiin.<\/a><\/p>\n","protected":false},"excerpt":{"rendered":"<p>Asuntomessut 2020 Kolmen sukupolven paritalo Tuusulan asuntomessuilla Lammi Kivitalojen vuoden 2020 asuntomessukohde on ilmeik\u00e4s ja moderni kaupunkitalo Duplio. Niukkaneli\u00f6iselle tontille rakennetun paritalon asunnoissa on vain reilut sata neli\u00f6t\u00e4, mutta n\u00e4iss\u00e4 kodeissa todistetaan, ett\u00e4 pieni neli\u00f6m\u00e4\u00e4r\u00e4 ei poissulje n\u00e4ytt\u00e4vyytt\u00e4, viihtyisyytt\u00e4 tai k\u00e4yt\u00e4nn\u00f6llisyytt\u00e4, kun suunnittelu tehd\u00e4\u00e4n jokainen yksityiskohta huomioiden. Paritaloon toteutettu tuplaharjakatto antaa kodille persoonallisen ilmeen. Arkkitehdin &hellip; <a href=\"https:\/\/www.lammi.fi\/kivitalo\/ideointi\/asuntomessut\/asuntomessut-2020\/\" class=\"more-link\">Lue lis\u00e4\u00e4<span class=\"screen-reader-text\"> &#8221;Asuntomessut 2020&#8221;<\/span><\/a><\/p>\n","protected":false},"author":12,"featured_media":0,"parent":14620,"menu_order":0,"comment_status":"closed","ping_status":"closed","template":"page-lataa-lomake.php","meta":{"_acf_changed":false,"_improvement_type_select":"improve_an_existing","_thumb_yes_seoaic":false,"_frame_yes_seoaic":false,"seoaic_generate_description":"","seoaic_improve_instructions_prompt":"","seoaic_rollback_content_improvement":"","seoaic_idea_thumbnail_generator":"","thumbnail_generated":false,"thumbnail_generate_prompt":"","seoaic_article_description":"","footnotes":""},"class_list":["post-4260","page","type-page","status-publish","hentry"],"acf":[],"yoast_head":"<!-- This site is optimized with the Yoast SEO plugin v27.4 - https:\/\/yoast.com\/product\/yoast-seo-wordpress\/ -->\n<title>Lammi Kivitalo - Asuntomessut 2020<\/title>\n<meta name=\"description\" content=\"Kolmen sukupolven paritalo Tuusulan asuntomessuilla. Lammi Kivitalojen vuoden 2020 asuntomessukohde on ilmeik\u00e4s ja moderni kaupunkitalo.\" \/>\n<link rel=\"canonical\" href=\"https:\/\/www.lammi.fi\/kivitalo\/ideointi\/asuntomessut\/asuntomessut-2020\/\" \/>\n<meta property=\"og:locale\" content=\"fi_FI\" \/>\n<meta property=\"og:type\" content=\"article\" \/>\n<meta property=\"og:title\" content=\"Lammi Kivitalo - Asuntomessut 2020\" \/>\n<meta property=\"og:description\" content=\"Kolmen sukupolven paritalo Tuusulan asuntomessuilla. Lammi Kivitalojen vuoden 2020 asuntomessukohde on ilmeik\u00e4s ja moderni kaupunkitalo.\" \/>\n<meta property=\"og:url\" content=\"https:\/\/www.lammi.fi\/kivitalo\/ideointi\/asuntomessut\/asuntomessut-2020\/\" \/>\n<meta property=\"og:site_name\" content=\"Lammi Kivitalo\" \/>\n<meta property=\"article:publisher\" content=\"https:\/\/www.facebook.com\/LammiKivitalot\" \/>\n<meta property=\"article:modified_time\" content=\"2025-08-25T11:31:36+00:00\" \/>\n<meta property=\"og:image\" content=\"https:\/\/www.lammi.fi\/kivitalo\/wp-content\/uploads\/sites\/2\/2020\/07\/asuntomessukohteet_rakennusvaihe_kuvitus_1-1024x324.jpg\" \/>\n<meta name=\"twitter:card\" content=\"summary_large_image\" \/>\n<meta name=\"twitter:label1\" content=\"Arvioitu lukuaika\" \/>\n\t<meta name=\"twitter:data1\" content=\"3 minuuttia\" \/>\n<script type=\"application\/ld+json\" class=\"yoast-schema-graph\">{\"@context\":\"https:\\\/\\\/schema.org\",\"@graph\":[{\"@type\":\"WebPage\",\"@id\":\"https:\\\/\\\/www.lammi.fi\\\/kivitalo\\\/ideointi\\\/asuntomessut\\\/asuntomessut-2020\\\/\",\"url\":\"https:\\\/\\\/www.lammi.fi\\\/kivitalo\\\/ideointi\\\/asuntomessut\\\/asuntomessut-2020\\\/\",\"name\":\"Lammi Kivitalo - Asuntomessut 2020\",\"isPartOf\":{\"@id\":\"https:\\\/\\\/www.lammi.fi\\\/kivitalo\\\/#website\"},\"primaryImageOfPage\":{\"@id\":\"https:\\\/\\\/www.lammi.fi\\\/kivitalo\\\/ideointi\\\/asuntomessut\\\/asuntomessut-2020\\\/#primaryimage\"},\"image\":{\"@id\":\"https:\\\/\\\/www.lammi.fi\\\/kivitalo\\\/ideointi\\\/asuntomessut\\\/asuntomessut-2020\\\/#primaryimage\"},\"thumbnailUrl\":\"https:\\\/\\\/www.lammi.fi\\\/kivitalo\\\/wp-content\\\/uploads\\\/sites\\\/2\\\/2020\\\/07\\\/asuntomessukohteet_rakennusvaihe_kuvitus_1-1024x324.jpg\",\"datePublished\":\"2020-06-29T11:52:38+00:00\",\"dateModified\":\"2025-08-25T11:31:36+00:00\",\"description\":\"Kolmen sukupolven paritalo Tuusulan asuntomessuilla. Lammi Kivitalojen vuoden 2020 asuntomessukohde on ilmeik\u00e4s ja moderni kaupunkitalo.\",\"breadcrumb\":{\"@id\":\"https:\\\/\\\/www.lammi.fi\\\/kivitalo\\\/ideointi\\\/asuntomessut\\\/asuntomessut-2020\\\/#breadcrumb\"},\"inLanguage\":\"fi\",\"potentialAction\":[{\"@type\":\"ReadAction\",\"target\":[\"https:\\\/\\\/www.lammi.fi\\\/kivitalo\\\/ideointi\\\/asuntomessut\\\/asuntomessut-2020\\\/\"]}]},{\"@type\":\"ImageObject\",\"inLanguage\":\"fi\",\"@id\":\"https:\\\/\\\/www.lammi.fi\\\/kivitalo\\\/ideointi\\\/asuntomessut\\\/asuntomessut-2020\\\/#primaryimage\",\"url\":\"https:\\\/\\\/www.lammi.fi\\\/kivitalo\\\/wp-content\\\/uploads\\\/sites\\\/2\\\/2020\\\/07\\\/asuntomessukohteet_rakennusvaihe_kuvitus_1.jpg\",\"contentUrl\":\"https:\\\/\\\/www.lammi.fi\\\/kivitalo\\\/wp-content\\\/uploads\\\/sites\\\/2\\\/2020\\\/07\\\/asuntomessukohteet_rakennusvaihe_kuvitus_1.jpg\",\"width\":1600,\"height\":506},{\"@type\":\"BreadcrumbList\",\"@id\":\"https:\\\/\\\/www.lammi.fi\\\/kivitalo\\\/ideointi\\\/asuntomessut\\\/asuntomessut-2020\\\/#breadcrumb\",\"itemListElement\":[{\"@type\":\"ListItem\",\"position\":1,\"name\":\"Lammi.fi\",\"item\":\"https:\\\/\\\/www.lammi.fi\"},{\"@type\":\"ListItem\",\"position\":2,\"name\":\"Lammi Kivitalo\",\"item\":\"https:\\\/\\\/www.lammi.fi\\\/kivitalo\\\/\"},{\"@type\":\"ListItem\",\"position\":3,\"name\":\"Ideointi\",\"item\":\"https:\\\/\\\/www.lammi.fi\\\/kivitalo\\\/ideointi\\\/\"},{\"@type\":\"ListItem\",\"position\":4,\"name\":\"Asuntomessut\",\"item\":\"https:\\\/\\\/www.lammi.fi\\\/kivitalo\\\/ideointi\\\/asuntomessut\\\/\"},{\"@type\":\"ListItem\",\"position\":5,\"name\":\"Asuntomessut 2020\"}]},{\"@type\":\"WebSite\",\"@id\":\"https:\\\/\\\/www.lammi.fi\\\/kivitalo\\\/#website\",\"url\":\"https:\\\/\\\/www.lammi.fi\\\/kivitalo\\\/\",\"name\":\"Lammi Kivitalo\",\"description\":\"\",\"publisher\":{\"@id\":\"https:\\\/\\\/www.lammi.fi\\\/kivitalo\\\/#organization\"},\"potentialAction\":[{\"@type\":\"SearchAction\",\"target\":{\"@type\":\"EntryPoint\",\"urlTemplate\":\"https:\\\/\\\/www.lammi.fi\\\/kivitalo\\\/?s={search_term_string}\"},\"query-input\":{\"@type\":\"PropertyValueSpecification\",\"valueRequired\":true,\"valueName\":\"search_term_string\"}}],\"inLanguage\":\"fi\"},{\"@type\":\"Organization\",\"@id\":\"https:\\\/\\\/www.lammi.fi\\\/kivitalo\\\/#organization\",\"name\":\"Lammi Kivitalo\",\"url\":\"https:\\\/\\\/www.lammi.fi\\\/kivitalo\\\/\",\"logo\":{\"@type\":\"ImageObject\",\"inLanguage\":\"fi\",\"@id\":\"https:\\\/\\\/www.lammi.fi\\\/kivitalo\\\/#\\\/schema\\\/logo\\\/image\\\/\",\"url\":\"https:\\\/\\\/www.lammi.fi\\\/kivitalo\\\/wp-content\\\/uploads\\\/sites\\\/2\\\/2018\\\/05\\\/cropped-lammi_logo.png\",\"contentUrl\":\"https:\\\/\\\/www.lammi.fi\\\/kivitalo\\\/wp-content\\\/uploads\\\/sites\\\/2\\\/2018\\\/05\\\/cropped-lammi_logo.png\",\"width\":240,\"height\":122,\"caption\":\"Lammi Kivitalo\"},\"image\":{\"@id\":\"https:\\\/\\\/www.lammi.fi\\\/kivitalo\\\/#\\\/schema\\\/logo\\\/image\\\/\"},\"sameAs\":[\"https:\\\/\\\/www.facebook.com\\\/LammiKivitalot\",\"https:\\\/\\\/www.instagram.com\\\/lammikivitalot\\\/\",\"https:\\\/\\\/fi.pinterest.com\\\/lammikivitalot\\\/\"]}]}<\/script>\n<!-- \/ Yoast SEO plugin. -->","yoast_head_json":{"title":"Lammi Kivitalo - Asuntomessut 2020","description":"Kolmen sukupolven paritalo Tuusulan asuntomessuilla. Lammi Kivitalojen vuoden 2020 asuntomessukohde on ilmeik\u00e4s ja moderni kaupunkitalo.","canonical":"https:\/\/www.lammi.fi\/kivitalo\/ideointi\/asuntomessut\/asuntomessut-2020\/","og_locale":"fi_FI","og_type":"article","og_title":"Lammi Kivitalo - Asuntomessut 2020","og_description":"Kolmen sukupolven paritalo Tuusulan asuntomessuilla. Lammi Kivitalojen vuoden 2020 asuntomessukohde on ilmeik\u00e4s ja moderni kaupunkitalo.","og_url":"https:\/\/www.lammi.fi\/kivitalo\/ideointi\/asuntomessut\/asuntomessut-2020\/","og_site_name":"Lammi Kivitalo","article_publisher":"https:\/\/www.facebook.com\/LammiKivitalot","article_modified_time":"2025-08-25T11:31:36+00:00","og_image":[{"url":"https:\/\/www.lammi.fi\/kivitalo\/wp-content\/uploads\/sites\/2\/2020\/07\/asuntomessukohteet_rakennusvaihe_kuvitus_1-1024x324.jpg","type":"","width":"","height":""}],"twitter_card":"summary_large_image","twitter_misc":{"Arvioitu lukuaika":"3 minuuttia"},"schema":{"@context":"https:\/\/schema.org","@graph":[{"@type":"WebPage","@id":"https:\/\/www.lammi.fi\/kivitalo\/ideointi\/asuntomessut\/asuntomessut-2020\/","url":"https:\/\/www.lammi.fi\/kivitalo\/ideointi\/asuntomessut\/asuntomessut-2020\/","name":"Lammi Kivitalo - Asuntomessut 2020","isPartOf":{"@id":"https:\/\/www.lammi.fi\/kivitalo\/#website"},"primaryImageOfPage":{"@id":"https:\/\/www.lammi.fi\/kivitalo\/ideointi\/asuntomessut\/asuntomessut-2020\/#primaryimage"},"image":{"@id":"https:\/\/www.lammi.fi\/kivitalo\/ideointi\/asuntomessut\/asuntomessut-2020\/#primaryimage"},"thumbnailUrl":"https:\/\/www.lammi.fi\/kivitalo\/wp-content\/uploads\/sites\/2\/2020\/07\/asuntomessukohteet_rakennusvaihe_kuvitus_1-1024x324.jpg","datePublished":"2020-06-29T11:52:38+00:00","dateModified":"2025-08-25T11:31:36+00:00","description":"Kolmen sukupolven paritalo Tuusulan asuntomessuilla. Lammi Kivitalojen vuoden 2020 asuntomessukohde on ilmeik\u00e4s ja moderni kaupunkitalo.","breadcrumb":{"@id":"https:\/\/www.lammi.fi\/kivitalo\/ideointi\/asuntomessut\/asuntomessut-2020\/#breadcrumb"},"inLanguage":"fi","potentialAction":[{"@type":"ReadAction","target":["https:\/\/www.lammi.fi\/kivitalo\/ideointi\/asuntomessut\/asuntomessut-2020\/"]}]},{"@type":"ImageObject","inLanguage":"fi","@id":"https:\/\/www.lammi.fi\/kivitalo\/ideointi\/asuntomessut\/asuntomessut-2020\/#primaryimage","url":"https:\/\/www.lammi.fi\/kivitalo\/wp-content\/uploads\/sites\/2\/2020\/07\/asuntomessukohteet_rakennusvaihe_kuvitus_1.jpg","contentUrl":"https:\/\/www.lammi.fi\/kivitalo\/wp-content\/uploads\/sites\/2\/2020\/07\/asuntomessukohteet_rakennusvaihe_kuvitus_1.jpg","width":1600,"height":506},{"@type":"BreadcrumbList","@id":"https:\/\/www.lammi.fi\/kivitalo\/ideointi\/asuntomessut\/asuntomessut-2020\/#breadcrumb","itemListElement":[{"@type":"ListItem","position":1,"name":"Lammi.fi","item":"https:\/\/www.lammi.fi"},{"@type":"ListItem","position":2,"name":"Lammi Kivitalo","item":"https:\/\/www.lammi.fi\/kivitalo\/"},{"@type":"ListItem","position":3,"name":"Ideointi","item":"https:\/\/www.lammi.fi\/kivitalo\/ideointi\/"},{"@type":"ListItem","position":4,"name":"Asuntomessut","item":"https:\/\/www.lammi.fi\/kivitalo\/ideointi\/asuntomessut\/"},{"@type":"ListItem","position":5,"name":"Asuntomessut 2020"}]},{"@type":"WebSite","@id":"https:\/\/www.lammi.fi\/kivitalo\/#website","url":"https:\/\/www.lammi.fi\/kivitalo\/","name":"Lammi Kivitalo","description":"","publisher":{"@id":"https:\/\/www.lammi.fi\/kivitalo\/#organization"},"potentialAction":[{"@type":"SearchAction","target":{"@type":"EntryPoint","urlTemplate":"https:\/\/www.lammi.fi\/kivitalo\/?s={search_term_string}"},"query-input":{"@type":"PropertyValueSpecification","valueRequired":true,"valueName":"search_term_string"}}],"inLanguage":"fi"},{"@type":"Organization","@id":"https:\/\/www.lammi.fi\/kivitalo\/#organization","name":"Lammi Kivitalo","url":"https:\/\/www.lammi.fi\/kivitalo\/","logo":{"@type":"ImageObject","inLanguage":"fi","@id":"https:\/\/www.lammi.fi\/kivitalo\/#\/schema\/logo\/image\/","url":"https:\/\/www.lammi.fi\/kivitalo\/wp-content\/uploads\/sites\/2\/2018\/05\/cropped-lammi_logo.png","contentUrl":"https:\/\/www.lammi.fi\/kivitalo\/wp-content\/uploads\/sites\/2\/2018\/05\/cropped-lammi_logo.png","width":240,"height":122,"caption":"Lammi Kivitalo"},"image":{"@id":"https:\/\/www.lammi.fi\/kivitalo\/#\/schema\/logo\/image\/"},"sameAs":["https:\/\/www.facebook.com\/LammiKivitalot","https:\/\/www.instagram.com\/lammikivitalot\/","https:\/\/fi.pinterest.com\/lammikivitalot\/"]}]}},"_links":{"self":[{"href":"https:\/\/www.lammi.fi\/kivitalo\/wp-json\/wp\/v2\/pages\/4260","targetHints":{"allow":["GET"]}}],"collection":[{"href":"https:\/\/www.lammi.fi\/kivitalo\/wp-json\/wp\/v2\/pages"}],"about":[{"href":"https:\/\/www.lammi.fi\/kivitalo\/wp-json\/wp\/v2\/types\/page"}],"author":[{"embeddable":true,"href":"https:\/\/www.lammi.fi\/kivitalo\/wp-json\/wp\/v2\/users\/12"}],"replies":[{"embeddable":true,"href":"https:\/\/www.lammi.fi\/kivitalo\/wp-json\/wp\/v2\/comments?post=4260"}],"version-history":[{"count":15,"href":"https:\/\/www.lammi.fi\/kivitalo\/wp-json\/wp\/v2\/pages\/4260\/revisions"}],"predecessor-version":[{"id":9333,"href":"https:\/\/www.lammi.fi\/kivitalo\/wp-json\/wp\/v2\/pages\/4260\/revisions\/9333"}],"up":[{"embeddable":true,"href":"https:\/\/www.lammi.fi\/kivitalo\/wp-json\/wp\/v2\/pages\/14620"}],"wp:attachment":[{"href":"https:\/\/www.lammi.fi\/kivitalo\/wp-json\/wp\/v2\/media?parent=4260"}],"curies":[{"name":"wp","href":"https:\/\/api.w.org\/{rel}","templated":true}]}}