{"id":27,"date":"2018-05-21T10:27:30","date_gmt":"2018-05-21T10:27:30","guid":{"rendered":"https:\/\/www.lammi.fi\/kivitalo\/?page_id=27"},"modified":"2025-08-25T12:59:10","modified_gmt":"2025-08-25T09:59:10","slug":"usein-kysyttya","status":"publish","type":"page","link":"https:\/\/www.lammi.fi\/kivitalo\/tilaa-infoa-ja-ideoita\/usein-kysyttya\/","title":{"rendered":"Usein kysytty\u00e4"},"content":{"rendered":"<h1>Usein kysytty\u00e4<\/h1>\n<p>Onko toiveissasi yksil\u00f6llinen, laadukas ja turvallinen kivitalo? Oletko haaveillut kivitalokodista ja sen toteuttamisesta toiveidesi mukaan? Olemme ker\u00e4nneet t\u00e4h\u00e4n osioon yleisimm\u00e4t kivitalorakentamiseen liittyv\u00e4t kysymykset vastauksineen.<\/p>\n<p><img decoding=\"async\" class=\"alignnone size-large wp-image-1749\" src=\"https:\/\/www.lammi.fi\/kivitalo\/wp-content\/uploads\/sites\/2\/2018\/07\/kuva_ukk-1024x512.jpg\" alt=\"\" width=\"840\" height=\"420\" srcset=\"https:\/\/www.lammi.fi\/kivitalo\/wp-content\/uploads\/sites\/2\/2018\/07\/kuva_ukk-1024x512.jpg 1024w, https:\/\/www.lammi.fi\/kivitalo\/wp-content\/uploads\/sites\/2\/2018\/07\/kuva_ukk-300x150.jpg 300w, https:\/\/www.lammi.fi\/kivitalo\/wp-content\/uploads\/sites\/2\/2018\/07\/kuva_ukk-768x384.jpg 768w, https:\/\/www.lammi.fi\/kivitalo\/wp-content\/uploads\/sites\/2\/2018\/07\/kuva_ukk-1200x600.jpg 1200w, https:\/\/www.lammi.fi\/kivitalo\/wp-content\/uploads\/sites\/2\/2018\/07\/kuva_ukk.jpg 1333w\" sizes=\"(max-width: 709px) 85vw, (max-width: 909px) 67vw, (max-width: 1362px) 62vw, 840px\" \/><\/p>\n","protected":false},"excerpt":{"rendered":"<p>Usein kysytty\u00e4 Onko toiveissasi yksil\u00f6llinen, laadukas ja turvallinen kivitalo? Oletko haaveillut kivitalokodista ja sen toteuttamisesta toiveidesi mukaan? Olemme ker\u00e4nneet t\u00e4h\u00e4n osioon yleisimm\u00e4t kivitalorakentamiseen liittyv\u00e4t kysymykset vastauksineen.<\/p>\n","protected":false},"author":1,"featured_media":0,"parent":10659,"menu_order":0,"comment_status":"closed","ping_status":"closed","template":"","meta":{"_acf_changed":false,"_improvement_type_select":"improve_an_existing","_thumb_yes_seoaic":false,"_frame_yes_seoaic":false,"seoaic_generate_description":"","seoaic_improve_instructions_prompt":"","seoaic_rollback_content_improvement":"","seoaic_idea_thumbnail_generator":"","thumbnail_generated":false,"thumbnail_generate_prompt":"","seoaic_article_description":"","footnotes":""},"class_list":["post-27","page","type-page","status-publish","hentry"],"acf":[],"yoast_head":"<!-- This site is optimized with the Yoast SEO plugin v27.1.1 - https:\/\/yoast.com\/product\/yoast-seo-wordpress\/ -->\n<title>Lammi Kivitalo - Usein kysytty\u00e4<\/title>\n<meta name=\"description\" content=\"Katso yleisimm\u00e4t kivitalon rakentamiseen liittyv\u00e4t kysymykset ja vastauksemme.\" \/>\n<link rel=\"canonical\" href=\"https:\/\/www.lammi.fi\/kivitalo\/tilaa-infoa-ja-ideoita\/usein-kysyttya\/\" \/>\n<meta property=\"og:locale\" content=\"fi_FI\" \/>\n<meta property=\"og:type\" content=\"article\" \/>\n<meta property=\"og:title\" content=\"Lammi Kivitalo - Usein kysytty\u00e4\" \/>\n<meta property=\"og:description\" content=\"Katso yleisimm\u00e4t kivitalon rakentamiseen liittyv\u00e4t kysymykset ja vastauksemme.\" \/>\n<meta property=\"og:url\" content=\"https:\/\/www.lammi.fi\/kivitalo\/tilaa-infoa-ja-ideoita\/usein-kysyttya\/\" \/>\n<meta property=\"og:site_name\" content=\"Lammi Kivitalo\" \/>\n<meta property=\"article:publisher\" content=\"https:\/\/www.facebook.com\/LammiKivitalot\" \/>\n<meta property=\"article:modified_time\" content=\"2025-08-25T09:59:10+00:00\" \/>\n<meta property=\"og:image\" content=\"https:\/\/www.lammi.fi\/kivitalo\/wp-content\/uploads\/sites\/2\/2018\/07\/kuva_ukk.jpg\" \/>\n\t<meta property=\"og:image:width\" content=\"1333\" \/>\n\t<meta property=\"og:image:height\" content=\"667\" \/>\n\t<meta property=\"og:image:type\" content=\"image\/jpeg\" \/>\n<meta name=\"twitter:card\" content=\"summary_large_image\" \/>\n<meta name=\"twitter:label1\" content=\"Arvioitu lukuaika\" \/>\n\t<meta name=\"twitter:data1\" content=\"1 minuutti\" \/>\n<script type=\"application\/ld+json\" class=\"yoast-schema-graph\">{\"@context\":\"https:\/\/schema.org\",\"@graph\":[{\"@type\":\"WebPage\",\"@id\":\"https:\/\/www.lammi.fi\/kivitalo\/tilaa-infoa-ja-ideoita\/usein-kysyttya\/\",\"url\":\"https:\/\/www.lammi.fi\/kivitalo\/tilaa-infoa-ja-ideoita\/usein-kysyttya\/\",\"name\":\"Lammi Kivitalo - Usein kysytty\u00e4\",\"isPartOf\":{\"@id\":\"https:\/\/www.lammi.fi\/kivitalo\/#website\"},\"primaryImageOfPage\":{\"@id\":\"https:\/\/www.lammi.fi\/kivitalo\/tilaa-infoa-ja-ideoita\/usein-kysyttya\/#primaryimage\"},\"image\":{\"@id\":\"https:\/\/www.lammi.fi\/kivitalo\/tilaa-infoa-ja-ideoita\/usein-kysyttya\/#primaryimage\"},\"thumbnailUrl\":\"https:\/\/www.lammi.fi\/kivitalo\/wp-content\/uploads\/sites\/2\/2018\/07\/kuva_ukk-1024x512.jpg\",\"datePublished\":\"2018-05-21T10:27:30+00:00\",\"dateModified\":\"2025-08-25T09:59:10+00:00\",\"description\":\"Katso yleisimm\u00e4t kivitalon rakentamiseen liittyv\u00e4t kysymykset ja vastauksemme.\",\"breadcrumb\":{\"@id\":\"https:\/\/www.lammi.fi\/kivitalo\/tilaa-infoa-ja-ideoita\/usein-kysyttya\/#breadcrumb\"},\"inLanguage\":\"fi\",\"potentialAction\":[{\"@type\":\"ReadAction\",\"target\":[\"https:\/\/www.lammi.fi\/kivitalo\/tilaa-infoa-ja-ideoita\/usein-kysyttya\/\"]}]},{\"@type\":\"ImageObject\",\"inLanguage\":\"fi\",\"@id\":\"https:\/\/www.lammi.fi\/kivitalo\/tilaa-infoa-ja-ideoita\/usein-kysyttya\/#primaryimage\",\"url\":\"https:\/\/www.lammi.fi\/kivitalo\/wp-content\/uploads\/sites\/2\/2018\/07\/kuva_ukk.jpg\",\"contentUrl\":\"https:\/\/www.lammi.fi\/kivitalo\/wp-content\/uploads\/sites\/2\/2018\/07\/kuva_ukk.jpg\",\"width\":1333,\"height\":667},{\"@type\":\"BreadcrumbList\",\"@id\":\"https:\/\/www.lammi.fi\/kivitalo\/tilaa-infoa-ja-ideoita\/usein-kysyttya\/#breadcrumb\",\"itemListElement\":[{\"@type\":\"ListItem\",\"position\":1,\"name\":\"Lammi.fi\",\"item\":\"https:\/\/www.lammi.fi\"},{\"@type\":\"ListItem\",\"position\":2,\"name\":\"Lammi Kivitalo\",\"item\":\"https:\/\/www.lammi.fi\/kivitalo\/\"},{\"@type\":\"ListItem\",\"position\":3,\"name\":\"Tilaa infoa ja ideoita\",\"item\":\"https:\/\/www.lammi.fi\/kivitalo\/tilaa-infoa-ja-ideoita\/\"},{\"@type\":\"ListItem\",\"position\":4,\"name\":\"Usein kysytty\u00e4\"}]},{\"@type\":\"WebSite\",\"@id\":\"https:\/\/www.lammi.fi\/kivitalo\/#website\",\"url\":\"https:\/\/www.lammi.fi\/kivitalo\/\",\"name\":\"Lammi Kivitalo\",\"description\":\"\",\"publisher\":{\"@id\":\"https:\/\/www.lammi.fi\/kivitalo\/#organization\"},\"potentialAction\":[{\"@type\":\"SearchAction\",\"target\":{\"@type\":\"EntryPoint\",\"urlTemplate\":\"https:\/\/www.lammi.fi\/kivitalo\/?s={search_term_string}\"},\"query-input\":{\"@type\":\"PropertyValueSpecification\",\"valueRequired\":true,\"valueName\":\"search_term_string\"}}],\"inLanguage\":\"fi\"},{\"@type\":\"Organization\",\"@id\":\"https:\/\/www.lammi.fi\/kivitalo\/#organization\",\"name\":\"Lammi Kivitalo\",\"url\":\"https:\/\/www.lammi.fi\/kivitalo\/\",\"logo\":{\"@type\":\"ImageObject\",\"inLanguage\":\"fi\",\"@id\":\"https:\/\/www.lammi.fi\/kivitalo\/#\/schema\/logo\/image\/\",\"url\":\"https:\/\/www.lammi.fi\/kivitalo\/wp-content\/uploads\/sites\/2\/2018\/05\/cropped-lammi_logo.png\",\"contentUrl\":\"https:\/\/www.lammi.fi\/kivitalo\/wp-content\/uploads\/sites\/2\/2018\/05\/cropped-lammi_logo.png\",\"width\":240,\"height\":122,\"caption\":\"Lammi Kivitalo\"},\"image\":{\"@id\":\"https:\/\/www.lammi.fi\/kivitalo\/#\/schema\/logo\/image\/\"},\"sameAs\":[\"https:\/\/www.facebook.com\/LammiKivitalot\",\"https:\/\/www.instagram.com\/lammikivitalot\/\",\"https:\/\/fi.pinterest.com\/lammikivitalot\/\"]}]}<\/script>\n<!-- \/ Yoast SEO plugin. -->","yoast_head_json":{"title":"Lammi Kivitalo - Usein kysytty\u00e4","description":"Katso yleisimm\u00e4t kivitalon rakentamiseen liittyv\u00e4t kysymykset ja vastauksemme.","canonical":"https:\/\/www.lammi.fi\/kivitalo\/tilaa-infoa-ja-ideoita\/usein-kysyttya\/","og_locale":"fi_FI","og_type":"article","og_title":"Lammi Kivitalo - Usein kysytty\u00e4","og_description":"Katso yleisimm\u00e4t kivitalon rakentamiseen liittyv\u00e4t kysymykset ja vastauksemme.","og_url":"https:\/\/www.lammi.fi\/kivitalo\/tilaa-infoa-ja-ideoita\/usein-kysyttya\/","og_site_name":"Lammi Kivitalo","article_publisher":"https:\/\/www.facebook.com\/LammiKivitalot","article_modified_time":"2025-08-25T09:59:10+00:00","og_image":[{"width":1333,"height":667,"url":"https:\/\/www.lammi.fi\/kivitalo\/wp-content\/uploads\/sites\/2\/2018\/07\/kuva_ukk.jpg","type":"image\/jpeg"}],"twitter_card":"summary_large_image","twitter_misc":{"Arvioitu lukuaika":"1 minuutti"},"schema":{"@context":"https:\/\/schema.org","@graph":[{"@type":"WebPage","@id":"https:\/\/www.lammi.fi\/kivitalo\/tilaa-infoa-ja-ideoita\/usein-kysyttya\/","url":"https:\/\/www.lammi.fi\/kivitalo\/tilaa-infoa-ja-ideoita\/usein-kysyttya\/","name":"Lammi Kivitalo - Usein kysytty\u00e4","isPartOf":{"@id":"https:\/\/www.lammi.fi\/kivitalo\/#website"},"primaryImageOfPage":{"@id":"https:\/\/www.lammi.fi\/kivitalo\/tilaa-infoa-ja-ideoita\/usein-kysyttya\/#primaryimage"},"image":{"@id":"https:\/\/www.lammi.fi\/kivitalo\/tilaa-infoa-ja-ideoita\/usein-kysyttya\/#primaryimage"},"thumbnailUrl":"https:\/\/www.lammi.fi\/kivitalo\/wp-content\/uploads\/sites\/2\/2018\/07\/kuva_ukk-1024x512.jpg","datePublished":"2018-05-21T10:27:30+00:00","dateModified":"2025-08-25T09:59:10+00:00","description":"Katso yleisimm\u00e4t kivitalon rakentamiseen liittyv\u00e4t kysymykset ja vastauksemme.","breadcrumb":{"@id":"https:\/\/www.lammi.fi\/kivitalo\/tilaa-infoa-ja-ideoita\/usein-kysyttya\/#breadcrumb"},"inLanguage":"fi","potentialAction":[{"@type":"ReadAction","target":["https:\/\/www.lammi.fi\/kivitalo\/tilaa-infoa-ja-ideoita\/usein-kysyttya\/"]}]},{"@type":"ImageObject","inLanguage":"fi","@id":"https:\/\/www.lammi.fi\/kivitalo\/tilaa-infoa-ja-ideoita\/usein-kysyttya\/#primaryimage","url":"https:\/\/www.lammi.fi\/kivitalo\/wp-content\/uploads\/sites\/2\/2018\/07\/kuva_ukk.jpg","contentUrl":"https:\/\/www.lammi.fi\/kivitalo\/wp-content\/uploads\/sites\/2\/2018\/07\/kuva_ukk.jpg","width":1333,"height":667},{"@type":"BreadcrumbList","@id":"https:\/\/www.lammi.fi\/kivitalo\/tilaa-infoa-ja-ideoita\/usein-kysyttya\/#breadcrumb","itemListElement":[{"@type":"ListItem","position":1,"name":"Lammi.fi","item":"https:\/\/www.lammi.fi"},{"@type":"ListItem","position":2,"name":"Lammi Kivitalo","item":"https:\/\/www.lammi.fi\/kivitalo\/"},{"@type":"ListItem","position":3,"name":"Tilaa infoa ja ideoita","item":"https:\/\/www.lammi.fi\/kivitalo\/tilaa-infoa-ja-ideoita\/"},{"@type":"ListItem","position":4,"name":"Usein kysytty\u00e4"}]},{"@type":"WebSite","@id":"https:\/\/www.lammi.fi\/kivitalo\/#website","url":"https:\/\/www.lammi.fi\/kivitalo\/","name":"Lammi Kivitalo","description":"","publisher":{"@id":"https:\/\/www.lammi.fi\/kivitalo\/#organization"},"potentialAction":[{"@type":"SearchAction","target":{"@type":"EntryPoint","urlTemplate":"https:\/\/www.lammi.fi\/kivitalo\/?s={search_term_string}"},"query-input":{"@type":"PropertyValueSpecification","valueRequired":true,"valueName":"search_term_string"}}],"inLanguage":"fi"},{"@type":"Organization","@id":"https:\/\/www.lammi.fi\/kivitalo\/#organization","name":"Lammi Kivitalo","url":"https:\/\/www.lammi.fi\/kivitalo\/","logo":{"@type":"ImageObject","inLanguage":"fi","@id":"https:\/\/www.lammi.fi\/kivitalo\/#\/schema\/logo\/image\/","url":"https:\/\/www.lammi.fi\/kivitalo\/wp-content\/uploads\/sites\/2\/2018\/05\/cropped-lammi_logo.png","contentUrl":"https:\/\/www.lammi.fi\/kivitalo\/wp-content\/uploads\/sites\/2\/2018\/05\/cropped-lammi_logo.png","width":240,"height":122,"caption":"Lammi Kivitalo"},"image":{"@id":"https:\/\/www.lammi.fi\/kivitalo\/#\/schema\/logo\/image\/"},"sameAs":["https:\/\/www.facebook.com\/LammiKivitalot","https:\/\/www.instagram.com\/lammikivitalot\/","https:\/\/fi.pinterest.com\/lammikivitalot\/"]}]}},"_links":{"self":[{"href":"https:\/\/www.lammi.fi\/kivitalo\/wp-json\/wp\/v2\/pages\/27","targetHints":{"allow":["GET"]}}],"collection":[{"href":"https:\/\/www.lammi.fi\/kivitalo\/wp-json\/wp\/v2\/pages"}],"about":[{"href":"https:\/\/www.lammi.fi\/kivitalo\/wp-json\/wp\/v2\/types\/page"}],"author":[{"embeddable":true,"href":"https:\/\/www.lammi.fi\/kivitalo\/wp-json\/wp\/v2\/users\/1"}],"replies":[{"embeddable":true,"href":"https:\/\/www.lammi.fi\/kivitalo\/wp-json\/wp\/v2\/comments?post=27"}],"version-history":[{"count":15,"href":"https:\/\/www.lammi.fi\/kivitalo\/wp-json\/wp\/v2\/pages\/27\/revisions"}],"predecessor-version":[{"id":4132,"href":"https:\/\/www.lammi.fi\/kivitalo\/wp-json\/wp\/v2\/pages\/27\/revisions\/4132"}],"up":[{"embeddable":true,"href":"https:\/\/www.lammi.fi\/kivitalo\/wp-json\/wp\/v2\/pages\/10659"}],"wp:attachment":[{"href":"https:\/\/www.lammi.fi\/kivitalo\/wp-json\/wp\/v2\/media?parent=27"}],"curies":[{"name":"wp","href":"https:\/\/api.w.org\/{rel}","templated":true}]}}