{"id":1854,"date":"2018-07-05T17:07:35","date_gmt":"2018-07-05T17:07:35","guid":{"rendered":"https:\/\/www.lammi.fi\/kivitalo\/?page_id=1854"},"modified":"2025-10-08T10:46:01","modified_gmt":"2025-10-08T07:46:01","slug":"kumppanit","status":"publish","type":"page","link":"https:\/\/www.lammi.fi\/kivitalo\/lammi-kivitalo\/kumppanit\/","title":{"rendered":"Kumppanit"},"content":{"rendered":"<h1>Parhaat rakentamisen kumppanit<\/h1>\n<p><strong>Haluamme tarjota asiakkaillemme markkinoiden parhaimmat ratkaisut. Lammi Kivitalo-talopakettiratkaisut syntyv\u00e4t yhteisty\u00f6ss\u00e4 kumppaneidemme kanssa. Yhteisty\u00f6kumppaneinamme ovat Suomen tunnetuimmat ja laadukkaimmat toimijat, joiden ratkaisuilla toteutetaan kest\u00e4vi\u00e4, turvallisia ja asukkaidensa tarpeisiin suunniteltuja yksil\u00f6llisi\u00e4 kivitaloja.<\/strong><\/p>\n","protected":false},"excerpt":{"rendered":"<p>Parhaat rakentamisen kumppanit Haluamme tarjota asiakkaillemme markkinoiden parhaimmat ratkaisut. Lammi Kivitalo-talopakettiratkaisut syntyv\u00e4t yhteisty\u00f6ss\u00e4 kumppaneidemme kanssa. Yhteisty\u00f6kumppaneinamme ovat Suomen tunnetuimmat ja laadukkaimmat toimijat, joiden ratkaisuilla toteutetaan kest\u00e4vi\u00e4, turvallisia ja asukkaidensa tarpeisiin suunniteltuja yksil\u00f6llisi\u00e4 kivitaloja.<\/p>\n","protected":false},"author":8,"featured_media":0,"parent":7,"menu_order":0,"comment_status":"closed","ping_status":"closed","template":"","meta":{"_acf_changed":false,"_improvement_type_select":"improve_an_existing","_thumb_yes_seoaic":false,"_frame_yes_seoaic":false,"seoaic_generate_description":"","seoaic_improve_instructions_prompt":"","seoaic_rollback_content_improvement":"","seoaic_idea_thumbnail_generator":"","thumbnail_generated":false,"thumbnail_generate_prompt":"","seoaic_article_description":"","footnotes":""},"class_list":["post-1854","page","type-page","status-publish","hentry"],"acf":[],"yoast_head":"<!-- This site is optimized with the Yoast SEO plugin v27.6 - https:\/\/yoast.com\/product\/yoast-seo-wordpress\/ -->\n<title>Lammi Kivitalo - Kumppanit<\/title>\n<meta name=\"description\" content=\"Huolella valitsemamme kumppanit ovat alojensa laatu- ja markkinajohtajia. Kumppaneidemme kanssa tarjoamme asiakkaillemme parhaat tuotteet ja palvelut.\" \/>\n<link rel=\"canonical\" href=\"https:\/\/www.lammi.fi\/kivitalo\/lammi-kivitalo\/kumppanit\/\" \/>\n<meta property=\"og:locale\" content=\"fi_FI\" \/>\n<meta property=\"og:type\" content=\"article\" \/>\n<meta property=\"og:title\" content=\"Lammi Kivitalo - Kumppanit\" \/>\n<meta property=\"og:description\" content=\"Huolella valitsemamme kumppanit ovat alojensa laatu- ja markkinajohtajia. Kumppaneidemme kanssa tarjoamme asiakkaillemme parhaat tuotteet ja palvelut.\" \/>\n<meta property=\"og:url\" content=\"https:\/\/www.lammi.fi\/kivitalo\/lammi-kivitalo\/kumppanit\/\" \/>\n<meta property=\"og:site_name\" content=\"Lammi Kivitalo\" \/>\n<meta property=\"article:publisher\" content=\"https:\/\/www.facebook.com\/LammiKivitalot\" \/>\n<meta property=\"article:modified_time\" content=\"2025-10-08T07:46:01+00:00\" \/>\n<meta name=\"twitter:card\" content=\"summary_large_image\" \/>\n<meta name=\"twitter:label1\" content=\"Arvioitu lukuaika\" \/>\n\t<meta name=\"twitter:data1\" content=\"1 minuutti\" \/>\n<script type=\"application\/ld+json\" class=\"yoast-schema-graph\">{\"@context\":\"https:\\\/\\\/schema.org\",\"@graph\":[{\"@type\":\"WebPage\",\"@id\":\"https:\\\/\\\/www.lammi.fi\\\/kivitalo\\\/lammi-kivitalo\\\/kumppanit\\\/\",\"url\":\"https:\\\/\\\/www.lammi.fi\\\/kivitalo\\\/lammi-kivitalo\\\/kumppanit\\\/\",\"name\":\"Lammi Kivitalo - Kumppanit\",\"isPartOf\":{\"@id\":\"https:\\\/\\\/www.lammi.fi\\\/kivitalo\\\/#website\"},\"datePublished\":\"2018-07-05T17:07:35+00:00\",\"dateModified\":\"2025-10-08T07:46:01+00:00\",\"description\":\"Huolella valitsemamme kumppanit ovat alojensa laatu- ja markkinajohtajia. Kumppaneidemme kanssa tarjoamme asiakkaillemme parhaat tuotteet ja palvelut.\",\"breadcrumb\":{\"@id\":\"https:\\\/\\\/www.lammi.fi\\\/kivitalo\\\/lammi-kivitalo\\\/kumppanit\\\/#breadcrumb\"},\"inLanguage\":\"fi\",\"potentialAction\":[{\"@type\":\"ReadAction\",\"target\":[\"https:\\\/\\\/www.lammi.fi\\\/kivitalo\\\/lammi-kivitalo\\\/kumppanit\\\/\"]}]},{\"@type\":\"BreadcrumbList\",\"@id\":\"https:\\\/\\\/www.lammi.fi\\\/kivitalo\\\/lammi-kivitalo\\\/kumppanit\\\/#breadcrumb\",\"itemListElement\":[{\"@type\":\"ListItem\",\"position\":1,\"name\":\"Lammi.fi\",\"item\":\"https:\\\/\\\/www.lammi.fi\"},{\"@type\":\"ListItem\",\"position\":2,\"name\":\"Lammi Kivitalo\",\"item\":\"https:\\\/\\\/www.lammi.fi\\\/kivitalo\\\/\"},{\"@type\":\"ListItem\",\"position\":3,\"name\":\"Lammi Kivitalo\",\"item\":\"https:\\\/\\\/www.lammi.fi\\\/kivitalo\\\/lammi-kivitalo\\\/\"},{\"@type\":\"ListItem\",\"position\":4,\"name\":\"Kumppanit\"}]},{\"@type\":\"WebSite\",\"@id\":\"https:\\\/\\\/www.lammi.fi\\\/kivitalo\\\/#website\",\"url\":\"https:\\\/\\\/www.lammi.fi\\\/kivitalo\\\/\",\"name\":\"Lammi Kivitalo\",\"description\":\"\",\"publisher\":{\"@id\":\"https:\\\/\\\/www.lammi.fi\\\/kivitalo\\\/#organization\"},\"potentialAction\":[{\"@type\":\"SearchAction\",\"target\":{\"@type\":\"EntryPoint\",\"urlTemplate\":\"https:\\\/\\\/www.lammi.fi\\\/kivitalo\\\/?s={search_term_string}\"},\"query-input\":{\"@type\":\"PropertyValueSpecification\",\"valueRequired\":true,\"valueName\":\"search_term_string\"}}],\"inLanguage\":\"fi\"},{\"@type\":\"Organization\",\"@id\":\"https:\\\/\\\/www.lammi.fi\\\/kivitalo\\\/#organization\",\"name\":\"Lammi Kivitalo\",\"url\":\"https:\\\/\\\/www.lammi.fi\\\/kivitalo\\\/\",\"logo\":{\"@type\":\"ImageObject\",\"inLanguage\":\"fi\",\"@id\":\"https:\\\/\\\/www.lammi.fi\\\/kivitalo\\\/#\\\/schema\\\/logo\\\/image\\\/\",\"url\":\"https:\\\/\\\/www.lammi.fi\\\/kivitalo\\\/wp-content\\\/uploads\\\/sites\\\/2\\\/2018\\\/05\\\/cropped-lammi_logo.png\",\"contentUrl\":\"https:\\\/\\\/www.lammi.fi\\\/kivitalo\\\/wp-content\\\/uploads\\\/sites\\\/2\\\/2018\\\/05\\\/cropped-lammi_logo.png\",\"width\":240,\"height\":122,\"caption\":\"Lammi Kivitalo\"},\"image\":{\"@id\":\"https:\\\/\\\/www.lammi.fi\\\/kivitalo\\\/#\\\/schema\\\/logo\\\/image\\\/\"},\"sameAs\":[\"https:\\\/\\\/www.facebook.com\\\/LammiKivitalot\",\"https:\\\/\\\/www.instagram.com\\\/lammikivitalot\\\/\",\"https:\\\/\\\/fi.pinterest.com\\\/lammikivitalot\\\/\"]}]}<\/script>\n<!-- \/ Yoast SEO plugin. -->","yoast_head_json":{"title":"Lammi Kivitalo - Kumppanit","description":"Huolella valitsemamme kumppanit ovat alojensa laatu- ja markkinajohtajia. Kumppaneidemme kanssa tarjoamme asiakkaillemme parhaat tuotteet ja palvelut.","canonical":"https:\/\/www.lammi.fi\/kivitalo\/lammi-kivitalo\/kumppanit\/","og_locale":"fi_FI","og_type":"article","og_title":"Lammi Kivitalo - Kumppanit","og_description":"Huolella valitsemamme kumppanit ovat alojensa laatu- ja markkinajohtajia. Kumppaneidemme kanssa tarjoamme asiakkaillemme parhaat tuotteet ja palvelut.","og_url":"https:\/\/www.lammi.fi\/kivitalo\/lammi-kivitalo\/kumppanit\/","og_site_name":"Lammi Kivitalo","article_publisher":"https:\/\/www.facebook.com\/LammiKivitalot","article_modified_time":"2025-10-08T07:46:01+00:00","twitter_card":"summary_large_image","twitter_misc":{"Arvioitu lukuaika":"1 minuutti"},"schema":{"@context":"https:\/\/schema.org","@graph":[{"@type":"WebPage","@id":"https:\/\/www.lammi.fi\/kivitalo\/lammi-kivitalo\/kumppanit\/","url":"https:\/\/www.lammi.fi\/kivitalo\/lammi-kivitalo\/kumppanit\/","name":"Lammi Kivitalo - Kumppanit","isPartOf":{"@id":"https:\/\/www.lammi.fi\/kivitalo\/#website"},"datePublished":"2018-07-05T17:07:35+00:00","dateModified":"2025-10-08T07:46:01+00:00","description":"Huolella valitsemamme kumppanit ovat alojensa laatu- ja markkinajohtajia. Kumppaneidemme kanssa tarjoamme asiakkaillemme parhaat tuotteet ja palvelut.","breadcrumb":{"@id":"https:\/\/www.lammi.fi\/kivitalo\/lammi-kivitalo\/kumppanit\/#breadcrumb"},"inLanguage":"fi","potentialAction":[{"@type":"ReadAction","target":["https:\/\/www.lammi.fi\/kivitalo\/lammi-kivitalo\/kumppanit\/"]}]},{"@type":"BreadcrumbList","@id":"https:\/\/www.lammi.fi\/kivitalo\/lammi-kivitalo\/kumppanit\/#breadcrumb","itemListElement":[{"@type":"ListItem","position":1,"name":"Lammi.fi","item":"https:\/\/www.lammi.fi"},{"@type":"ListItem","position":2,"name":"Lammi Kivitalo","item":"https:\/\/www.lammi.fi\/kivitalo\/"},{"@type":"ListItem","position":3,"name":"Lammi Kivitalo","item":"https:\/\/www.lammi.fi\/kivitalo\/lammi-kivitalo\/"},{"@type":"ListItem","position":4,"name":"Kumppanit"}]},{"@type":"WebSite","@id":"https:\/\/www.lammi.fi\/kivitalo\/#website","url":"https:\/\/www.lammi.fi\/kivitalo\/","name":"Lammi Kivitalo","description":"","publisher":{"@id":"https:\/\/www.lammi.fi\/kivitalo\/#organization"},"potentialAction":[{"@type":"SearchAction","target":{"@type":"EntryPoint","urlTemplate":"https:\/\/www.lammi.fi\/kivitalo\/?s={search_term_string}"},"query-input":{"@type":"PropertyValueSpecification","valueRequired":true,"valueName":"search_term_string"}}],"inLanguage":"fi"},{"@type":"Organization","@id":"https:\/\/www.lammi.fi\/kivitalo\/#organization","name":"Lammi Kivitalo","url":"https:\/\/www.lammi.fi\/kivitalo\/","logo":{"@type":"ImageObject","inLanguage":"fi","@id":"https:\/\/www.lammi.fi\/kivitalo\/#\/schema\/logo\/image\/","url":"https:\/\/www.lammi.fi\/kivitalo\/wp-content\/uploads\/sites\/2\/2018\/05\/cropped-lammi_logo.png","contentUrl":"https:\/\/www.lammi.fi\/kivitalo\/wp-content\/uploads\/sites\/2\/2018\/05\/cropped-lammi_logo.png","width":240,"height":122,"caption":"Lammi Kivitalo"},"image":{"@id":"https:\/\/www.lammi.fi\/kivitalo\/#\/schema\/logo\/image\/"},"sameAs":["https:\/\/www.facebook.com\/LammiKivitalot","https:\/\/www.instagram.com\/lammikivitalot\/","https:\/\/fi.pinterest.com\/lammikivitalot\/"]}]}},"_links":{"self":[{"href":"https:\/\/www.lammi.fi\/kivitalo\/wp-json\/wp\/v2\/pages\/1854","targetHints":{"allow":["GET"]}}],"collection":[{"href":"https:\/\/www.lammi.fi\/kivitalo\/wp-json\/wp\/v2\/pages"}],"about":[{"href":"https:\/\/www.lammi.fi\/kivitalo\/wp-json\/wp\/v2\/types\/page"}],"author":[{"embeddable":true,"href":"https:\/\/www.lammi.fi\/kivitalo\/wp-json\/wp\/v2\/users\/8"}],"replies":[{"embeddable":true,"href":"https:\/\/www.lammi.fi\/kivitalo\/wp-json\/wp\/v2\/comments?post=1854"}],"version-history":[{"count":16,"href":"https:\/\/www.lammi.fi\/kivitalo\/wp-json\/wp\/v2\/pages\/1854\/revisions"}],"predecessor-version":[{"id":15347,"href":"https:\/\/www.lammi.fi\/kivitalo\/wp-json\/wp\/v2\/pages\/1854\/revisions\/15347"}],"up":[{"embeddable":true,"href":"https:\/\/www.lammi.fi\/kivitalo\/wp-json\/wp\/v2\/pages\/7"}],"wp:attachment":[{"href":"https:\/\/www.lammi.fi\/kivitalo\/wp-json\/wp\/v2\/media?parent=1854"}],"curies":[{"name":"wp","href":"https:\/\/api.w.org\/{rel}","templated":true}]}}