{"id":1845,"date":"2018-07-05T16:56:25","date_gmt":"2018-07-05T16:56:25","guid":{"rendered":"https:\/\/www.lammi.fi\/kivitalo\/?page_id=1845"},"modified":"2025-08-29T14:08:46","modified_gmt":"2025-08-29T11:08:46","slug":"muurikivet-ja-pihakivet","status":"publish","type":"page","link":"https:\/\/www.lammi.fi\/kivitalo\/lammi-kivitalo\/muurikivet-ja-pihakivet\/","title":{"rendered":"Muurikivet"},"content":{"rendered":"<h1>Muurikivet osana pihasuunnittelua<\/h1>\n<p><strong>Hyvin rakennettu piha hy\u00f6dynt\u00e4\u00e4 tonttisi vahvuudet ja korjaa sen hankalat kohdat toimiviksi. Ajoluiskien laatoitus tai asfaltointi, tukimuurit, j\u00e4tekatos, pihan istutukset, nurmikko, k\u00e4velypolut, ulkovalaisimet ja muut ratkaisut tekev\u00e4t pihastasi viihtyis\u00e4n ja toimivan.<\/strong><\/p>\n<p><img decoding=\"async\" class=\"alignnone size-large wp-image-2607\" src=\"https:\/\/www.lammi.fi\/kivitalo\/wp-content\/uploads\/sites\/2\/2018\/11\/kuva_piha-1024x512.jpg\" alt=\"\" width=\"840\" height=\"420\" srcset=\"https:\/\/www.lammi.fi\/kivitalo\/wp-content\/uploads\/sites\/2\/2018\/11\/kuva_piha-1024x512.jpg 1024w, https:\/\/www.lammi.fi\/kivitalo\/wp-content\/uploads\/sites\/2\/2018\/11\/kuva_piha-300x150.jpg 300w, https:\/\/www.lammi.fi\/kivitalo\/wp-content\/uploads\/sites\/2\/2018\/11\/kuva_piha-768x384.jpg 768w, https:\/\/www.lammi.fi\/kivitalo\/wp-content\/uploads\/sites\/2\/2018\/11\/kuva_piha-1200x600.jpg 1200w, https:\/\/www.lammi.fi\/kivitalo\/wp-content\/uploads\/sites\/2\/2018\/11\/kuva_piha-1815x907.jpg 1815w\" sizes=\"(max-width: 709px) 85vw, (max-width: 909px) 67vw, (max-width: 1362px) 62vw, 840px\" \/><\/p>\n<p>Pihan tekninen toimivuus on oleellista my\u00f6s rakennusten kest\u00e4vyydelle. Esimerkiksi sadevedet on ohjattava hallitusti pois katolta ja piha-alueelta.<\/p>\n<p>Kaunis piha on osa kotisi julkisivua ja nostaa sen arvoa. Hyvin suunniteltu ja oikeista materiaaleista rakennettu piha kest\u00e4\u00e4 useiden sukupolvien k\u00e4ytt\u00f6\u00e4 eik\u00e4 vaadi jatkuvaa huoltoa. Kivi on materiaalina eritt\u00e4in kest\u00e4v\u00e4 ja helppohoitoinen. Lis\u00e4ksi se tarjoaa l\u00e4hes rajattomasti mahdollisuuksia luovaan, esteettiseen pihasuunnitteluun.<\/p>\n<p>Pihasuunnittelijan apu ja n\u00e4kemykset auttavat yht\u00e4lailla aloittelevaa kuin kokenuttakin viherpeukaloa muuttamaan ideat kukoistavaksi pihaksi. Hyv\u00e4 ennakkosuunnittelu pit\u00e4\u00e4 pihan ty\u00f6kustannukset kurissa.<\/p>\n<h2>Muurikivet &#8211; Vakaa ja vaikuttava muuri<\/h2>\n<p><img decoding=\"async\" class=\"alignnone size-large wp-image-2610\" src=\"https:\/\/www.lammi.fi\/kivitalo\/wp-content\/uploads\/sites\/2\/2018\/11\/kuva_piha2-1024x512.jpg\" alt=\"\" width=\"840\" height=\"420\" srcset=\"https:\/\/www.lammi.fi\/kivitalo\/wp-content\/uploads\/sites\/2\/2018\/11\/kuva_piha2-1024x512.jpg 1024w, https:\/\/www.lammi.fi\/kivitalo\/wp-content\/uploads\/sites\/2\/2018\/11\/kuva_piha2-300x150.jpg 300w, https:\/\/www.lammi.fi\/kivitalo\/wp-content\/uploads\/sites\/2\/2018\/11\/kuva_piha2-768x384.jpg 768w, https:\/\/www.lammi.fi\/kivitalo\/wp-content\/uploads\/sites\/2\/2018\/11\/kuva_piha2-1200x600.jpg 1200w, https:\/\/www.lammi.fi\/kivitalo\/wp-content\/uploads\/sites\/2\/2018\/11\/kuva_piha2-1815x907.jpg 1815w\" sizes=\"(max-width: 709px) 85vw, (max-width: 909px) 67vw, (max-width: 1362px) 62vw, 840px\" \/><\/p>\n<p>Muuri on paitsi n\u00e4ytt\u00e4v\u00e4 elementti pihapiiriss\u00e4si, my\u00f6s k\u00e4yt\u00e4nn\u00f6llinen ratkaisu pihan rajaamiseen ja jakamiseen sek\u00e4 rinnetontin pengert\u00e4miseen ja tukemiseen.<\/p>\n<p>Pengert\u00e4m\u00e4ll\u00e4 teet haastavasta rinnetontista toimivan. Tue penkereet muurilla tukeviksi ja maan painetta kest\u00e4viksi ja liit\u00e4 muuriin tarvittavat rakenteet kuten kaiteet ja valaisimet.<\/p>\n<p>Muuriin voidaan upottaa varsin n\u00e4ytt\u00e4v\u00e4 valaistus. Valo siivil\u00f6ityy h\u00e4ik\u00e4isem\u00e4tt\u00f6m\u00e4sti s\u00e4leik\u00f6st\u00e4. Muotokieli on muurikiveen sointuva. Valaise kulkureitit, korosta pihan kauniita muotoja ja luo pihallesi tunnelmaa valon avulla!<\/p>\n<p><a href=\"https:\/\/www.lammi.fi\/piha\/tuotteet\/\">Lammi Muurikivi -tuotteillamme<\/a> kokemattomampikin pihanrakentaja tekee muurit, pengerrykset ja aidat huoliteltuina ja kest\u00e4v\u00e4sti. Muurikiven suuret valuaukot lis\u00e4\u00e4v\u00e4t valettavan muurin lujuutta.<\/p>\n<p>Valmiit p\u00e4\u00e4ty- ja kansikivet viimeistelev\u00e4t sopusuhtaisen ulkon\u00e4\u00f6n. Muuri sopii jopa 3 metri\u00e4 korkeisiin tukirakenteisiin. J\u00e4rk\u00e4ht\u00e4m\u00e4tt\u00f6m\u00e4n perustuksen muurille teet helpoiten <a href=\"https:\/\/www.lammi.fi\/tassu\/tuotteet\/\">TASSU-valmisanturamuoteilla<\/a>.<\/p>\n<p>Muurikivest\u00e4 voi my\u00f6s tehd\u00e4 kukkapenkkej\u00e4, istutusaltaita, reunakiveyksi\u00e4 ja portaita. Viimeistele maisemointi luonnonkivill\u00e4.<\/p>\n<p>Lue lis\u00e4\u00e4 <a href=\"https:\/\/www.lammi.fi\/piha\/\">Lammi Pihasta<\/a>.<\/p>\n","protected":false},"excerpt":{"rendered":"<p>Muurikivet osana pihasuunnittelua Hyvin rakennettu piha hy\u00f6dynt\u00e4\u00e4 tonttisi vahvuudet ja korjaa sen hankalat kohdat toimiviksi. Ajoluiskien laatoitus tai asfaltointi, tukimuurit, j\u00e4tekatos, pihan istutukset, nurmikko, k\u00e4velypolut, ulkovalaisimet ja muut ratkaisut tekev\u00e4t pihastasi viihtyis\u00e4n ja toimivan. Pihan tekninen toimivuus on oleellista my\u00f6s rakennusten kest\u00e4vyydelle. Esimerkiksi sadevedet on ohjattava hallitusti pois katolta ja piha-alueelta. Kaunis piha on osa &hellip; <a href=\"https:\/\/www.lammi.fi\/kivitalo\/lammi-kivitalo\/muurikivet-ja-pihakivet\/\" class=\"more-link\">Lue lis\u00e4\u00e4<span class=\"screen-reader-text\"> &#8221;Muurikivet&#8221;<\/span><\/a><\/p>\n","protected":false},"author":8,"featured_media":0,"parent":7,"menu_order":0,"comment_status":"closed","ping_status":"closed","template":"","meta":{"_acf_changed":false,"_improvement_type_select":"improve_an_existing","_thumb_yes_seoaic":false,"_frame_yes_seoaic":false,"seoaic_generate_description":"","seoaic_improve_instructions_prompt":"","seoaic_rollback_content_improvement":"","seoaic_idea_thumbnail_generator":"","thumbnail_generated":false,"thumbnail_generate_prompt":"","seoaic_article_description":"","footnotes":""},"class_list":["post-1845","page","type-page","status-publish","hentry"],"acf":[],"yoast_head":"<!-- This site is optimized with the Yoast SEO plugin v27.1.1 - https:\/\/yoast.com\/product\/yoast-seo-wordpress\/ -->\n<title>Lammi Kivitalo - Muurikivet<\/title>\n<meta name=\"description\" content=\"Muurikivet on pihan materiaalina tyylik\u00e4s, kest\u00e4v\u00e4 ja helppohoitoinen ratkaisu. Tutustu Lammi Muurikiviin!\" \/>\n<link rel=\"canonical\" href=\"https:\/\/www.lammi.fi\/kivitalo\/lammi-kivitalo\/muurikivet-ja-pihakivet\/\" \/>\n<meta property=\"og:locale\" content=\"fi_FI\" \/>\n<meta property=\"og:type\" content=\"article\" \/>\n<meta property=\"og:title\" content=\"Lammi Kivitalo - Muurikivet\" \/>\n<meta property=\"og:description\" content=\"Muurikivet on pihan materiaalina tyylik\u00e4s, kest\u00e4v\u00e4 ja helppohoitoinen ratkaisu. Tutustu Lammi Muurikiviin!\" \/>\n<meta property=\"og:url\" content=\"https:\/\/www.lammi.fi\/kivitalo\/lammi-kivitalo\/muurikivet-ja-pihakivet\/\" \/>\n<meta property=\"og:site_name\" content=\"Lammi Kivitalo\" \/>\n<meta property=\"article:publisher\" content=\"https:\/\/www.facebook.com\/LammiKivitalot\" \/>\n<meta property=\"article:modified_time\" content=\"2025-08-29T11:08:46+00:00\" \/>\n<meta property=\"og:image\" content=\"https:\/\/www.lammi.fi\/kivitalo\/wp-content\/uploads\/sites\/2\/2018\/11\/kuva_piha-1024x512.jpg\" \/>\n\t<meta property=\"og:image:width\" content=\"1024\" \/>\n\t<meta property=\"og:image:height\" content=\"512\" \/>\n\t<meta property=\"og:image:type\" content=\"image\/jpeg\" \/>\n<meta name=\"twitter:card\" content=\"summary_large_image\" \/>\n<meta name=\"twitter:label1\" content=\"Arvioitu lukuaika\" \/>\n\t<meta name=\"twitter:data1\" content=\"2 minuuttia\" \/>\n<script type=\"application\/ld+json\" class=\"yoast-schema-graph\">{\"@context\":\"https:\/\/schema.org\",\"@graph\":[{\"@type\":\"WebPage\",\"@id\":\"https:\/\/www.lammi.fi\/kivitalo\/lammi-kivitalo\/muurikivet-ja-pihakivet\/\",\"url\":\"https:\/\/www.lammi.fi\/kivitalo\/lammi-kivitalo\/muurikivet-ja-pihakivet\/\",\"name\":\"Lammi Kivitalo - Muurikivet\",\"isPartOf\":{\"@id\":\"https:\/\/www.lammi.fi\/kivitalo\/#website\"},\"primaryImageOfPage\":{\"@id\":\"https:\/\/www.lammi.fi\/kivitalo\/lammi-kivitalo\/muurikivet-ja-pihakivet\/#primaryimage\"},\"image\":{\"@id\":\"https:\/\/www.lammi.fi\/kivitalo\/lammi-kivitalo\/muurikivet-ja-pihakivet\/#primaryimage\"},\"thumbnailUrl\":\"https:\/\/www.lammi.fi\/kivitalo\/wp-content\/uploads\/sites\/2\/2018\/11\/kuva_piha-1024x512.jpg\",\"datePublished\":\"2018-07-05T16:56:25+00:00\",\"dateModified\":\"2025-08-29T11:08:46+00:00\",\"description\":\"Muurikivet on pihan materiaalina tyylik\u00e4s, kest\u00e4v\u00e4 ja helppohoitoinen ratkaisu. Tutustu Lammi Muurikiviin!\",\"breadcrumb\":{\"@id\":\"https:\/\/www.lammi.fi\/kivitalo\/lammi-kivitalo\/muurikivet-ja-pihakivet\/#breadcrumb\"},\"inLanguage\":\"fi\",\"potentialAction\":[{\"@type\":\"ReadAction\",\"target\":[\"https:\/\/www.lammi.fi\/kivitalo\/lammi-kivitalo\/muurikivet-ja-pihakivet\/\"]}]},{\"@type\":\"ImageObject\",\"inLanguage\":\"fi\",\"@id\":\"https:\/\/www.lammi.fi\/kivitalo\/lammi-kivitalo\/muurikivet-ja-pihakivet\/#primaryimage\",\"url\":\"https:\/\/www.lammi.fi\/kivitalo\/wp-content\/uploads\/sites\/2\/2018\/11\/kuva_piha.jpg\",\"contentUrl\":\"https:\/\/www.lammi.fi\/kivitalo\/wp-content\/uploads\/sites\/2\/2018\/11\/kuva_piha.jpg\",\"width\":4167,\"height\":2083},{\"@type\":\"BreadcrumbList\",\"@id\":\"https:\/\/www.lammi.fi\/kivitalo\/lammi-kivitalo\/muurikivet-ja-pihakivet\/#breadcrumb\",\"itemListElement\":[{\"@type\":\"ListItem\",\"position\":1,\"name\":\"Lammi.fi\",\"item\":\"https:\/\/www.lammi.fi\"},{\"@type\":\"ListItem\",\"position\":2,\"name\":\"Lammi Kivitalo\",\"item\":\"https:\/\/www.lammi.fi\/kivitalo\/\"},{\"@type\":\"ListItem\",\"position\":3,\"name\":\"Lammi Kivitalo\",\"item\":\"https:\/\/www.lammi.fi\/kivitalo\/lammi-kivitalo\/\"},{\"@type\":\"ListItem\",\"position\":4,\"name\":\"Muurikivet\"}]},{\"@type\":\"WebSite\",\"@id\":\"https:\/\/www.lammi.fi\/kivitalo\/#website\",\"url\":\"https:\/\/www.lammi.fi\/kivitalo\/\",\"name\":\"Lammi Kivitalo\",\"description\":\"\",\"publisher\":{\"@id\":\"https:\/\/www.lammi.fi\/kivitalo\/#organization\"},\"potentialAction\":[{\"@type\":\"SearchAction\",\"target\":{\"@type\":\"EntryPoint\",\"urlTemplate\":\"https:\/\/www.lammi.fi\/kivitalo\/?s={search_term_string}\"},\"query-input\":{\"@type\":\"PropertyValueSpecification\",\"valueRequired\":true,\"valueName\":\"search_term_string\"}}],\"inLanguage\":\"fi\"},{\"@type\":\"Organization\",\"@id\":\"https:\/\/www.lammi.fi\/kivitalo\/#organization\",\"name\":\"Lammi Kivitalo\",\"url\":\"https:\/\/www.lammi.fi\/kivitalo\/\",\"logo\":{\"@type\":\"ImageObject\",\"inLanguage\":\"fi\",\"@id\":\"https:\/\/www.lammi.fi\/kivitalo\/#\/schema\/logo\/image\/\",\"url\":\"https:\/\/www.lammi.fi\/kivitalo\/wp-content\/uploads\/sites\/2\/2018\/05\/cropped-lammi_logo.png\",\"contentUrl\":\"https:\/\/www.lammi.fi\/kivitalo\/wp-content\/uploads\/sites\/2\/2018\/05\/cropped-lammi_logo.png\",\"width\":240,\"height\":122,\"caption\":\"Lammi Kivitalo\"},\"image\":{\"@id\":\"https:\/\/www.lammi.fi\/kivitalo\/#\/schema\/logo\/image\/\"},\"sameAs\":[\"https:\/\/www.facebook.com\/LammiKivitalot\",\"https:\/\/www.instagram.com\/lammikivitalot\/\",\"https:\/\/fi.pinterest.com\/lammikivitalot\/\"]}]}<\/script>\n<!-- \/ Yoast SEO plugin. -->","yoast_head_json":{"title":"Lammi Kivitalo - Muurikivet","description":"Muurikivet on pihan materiaalina tyylik\u00e4s, kest\u00e4v\u00e4 ja helppohoitoinen ratkaisu. Tutustu Lammi Muurikiviin!","canonical":"https:\/\/www.lammi.fi\/kivitalo\/lammi-kivitalo\/muurikivet-ja-pihakivet\/","og_locale":"fi_FI","og_type":"article","og_title":"Lammi Kivitalo - Muurikivet","og_description":"Muurikivet on pihan materiaalina tyylik\u00e4s, kest\u00e4v\u00e4 ja helppohoitoinen ratkaisu. Tutustu Lammi Muurikiviin!","og_url":"https:\/\/www.lammi.fi\/kivitalo\/lammi-kivitalo\/muurikivet-ja-pihakivet\/","og_site_name":"Lammi Kivitalo","article_publisher":"https:\/\/www.facebook.com\/LammiKivitalot","article_modified_time":"2025-08-29T11:08:46+00:00","og_image":[{"width":1024,"height":512,"url":"https:\/\/www.lammi.fi\/kivitalo\/wp-content\/uploads\/sites\/2\/2018\/11\/kuva_piha-1024x512.jpg","type":"image\/jpeg"}],"twitter_card":"summary_large_image","twitter_misc":{"Arvioitu lukuaika":"2 minuuttia"},"schema":{"@context":"https:\/\/schema.org","@graph":[{"@type":"WebPage","@id":"https:\/\/www.lammi.fi\/kivitalo\/lammi-kivitalo\/muurikivet-ja-pihakivet\/","url":"https:\/\/www.lammi.fi\/kivitalo\/lammi-kivitalo\/muurikivet-ja-pihakivet\/","name":"Lammi Kivitalo - Muurikivet","isPartOf":{"@id":"https:\/\/www.lammi.fi\/kivitalo\/#website"},"primaryImageOfPage":{"@id":"https:\/\/www.lammi.fi\/kivitalo\/lammi-kivitalo\/muurikivet-ja-pihakivet\/#primaryimage"},"image":{"@id":"https:\/\/www.lammi.fi\/kivitalo\/lammi-kivitalo\/muurikivet-ja-pihakivet\/#primaryimage"},"thumbnailUrl":"https:\/\/www.lammi.fi\/kivitalo\/wp-content\/uploads\/sites\/2\/2018\/11\/kuva_piha-1024x512.jpg","datePublished":"2018-07-05T16:56:25+00:00","dateModified":"2025-08-29T11:08:46+00:00","description":"Muurikivet on pihan materiaalina tyylik\u00e4s, kest\u00e4v\u00e4 ja helppohoitoinen ratkaisu. Tutustu Lammi Muurikiviin!","breadcrumb":{"@id":"https:\/\/www.lammi.fi\/kivitalo\/lammi-kivitalo\/muurikivet-ja-pihakivet\/#breadcrumb"},"inLanguage":"fi","potentialAction":[{"@type":"ReadAction","target":["https:\/\/www.lammi.fi\/kivitalo\/lammi-kivitalo\/muurikivet-ja-pihakivet\/"]}]},{"@type":"ImageObject","inLanguage":"fi","@id":"https:\/\/www.lammi.fi\/kivitalo\/lammi-kivitalo\/muurikivet-ja-pihakivet\/#primaryimage","url":"https:\/\/www.lammi.fi\/kivitalo\/wp-content\/uploads\/sites\/2\/2018\/11\/kuva_piha.jpg","contentUrl":"https:\/\/www.lammi.fi\/kivitalo\/wp-content\/uploads\/sites\/2\/2018\/11\/kuva_piha.jpg","width":4167,"height":2083},{"@type":"BreadcrumbList","@id":"https:\/\/www.lammi.fi\/kivitalo\/lammi-kivitalo\/muurikivet-ja-pihakivet\/#breadcrumb","itemListElement":[{"@type":"ListItem","position":1,"name":"Lammi.fi","item":"https:\/\/www.lammi.fi"},{"@type":"ListItem","position":2,"name":"Lammi Kivitalo","item":"https:\/\/www.lammi.fi\/kivitalo\/"},{"@type":"ListItem","position":3,"name":"Lammi Kivitalo","item":"https:\/\/www.lammi.fi\/kivitalo\/lammi-kivitalo\/"},{"@type":"ListItem","position":4,"name":"Muurikivet"}]},{"@type":"WebSite","@id":"https:\/\/www.lammi.fi\/kivitalo\/#website","url":"https:\/\/www.lammi.fi\/kivitalo\/","name":"Lammi Kivitalo","description":"","publisher":{"@id":"https:\/\/www.lammi.fi\/kivitalo\/#organization"},"potentialAction":[{"@type":"SearchAction","target":{"@type":"EntryPoint","urlTemplate":"https:\/\/www.lammi.fi\/kivitalo\/?s={search_term_string}"},"query-input":{"@type":"PropertyValueSpecification","valueRequired":true,"valueName":"search_term_string"}}],"inLanguage":"fi"},{"@type":"Organization","@id":"https:\/\/www.lammi.fi\/kivitalo\/#organization","name":"Lammi Kivitalo","url":"https:\/\/www.lammi.fi\/kivitalo\/","logo":{"@type":"ImageObject","inLanguage":"fi","@id":"https:\/\/www.lammi.fi\/kivitalo\/#\/schema\/logo\/image\/","url":"https:\/\/www.lammi.fi\/kivitalo\/wp-content\/uploads\/sites\/2\/2018\/05\/cropped-lammi_logo.png","contentUrl":"https:\/\/www.lammi.fi\/kivitalo\/wp-content\/uploads\/sites\/2\/2018\/05\/cropped-lammi_logo.png","width":240,"height":122,"caption":"Lammi Kivitalo"},"image":{"@id":"https:\/\/www.lammi.fi\/kivitalo\/#\/schema\/logo\/image\/"},"sameAs":["https:\/\/www.facebook.com\/LammiKivitalot","https:\/\/www.instagram.com\/lammikivitalot\/","https:\/\/fi.pinterest.com\/lammikivitalot\/"]}]}},"_links":{"self":[{"href":"https:\/\/www.lammi.fi\/kivitalo\/wp-json\/wp\/v2\/pages\/1845","targetHints":{"allow":["GET"]}}],"collection":[{"href":"https:\/\/www.lammi.fi\/kivitalo\/wp-json\/wp\/v2\/pages"}],"about":[{"href":"https:\/\/www.lammi.fi\/kivitalo\/wp-json\/wp\/v2\/types\/page"}],"author":[{"embeddable":true,"href":"https:\/\/www.lammi.fi\/kivitalo\/wp-json\/wp\/v2\/users\/8"}],"replies":[{"embeddable":true,"href":"https:\/\/www.lammi.fi\/kivitalo\/wp-json\/wp\/v2\/comments?post=1845"}],"version-history":[{"count":15,"href":"https:\/\/www.lammi.fi\/kivitalo\/wp-json\/wp\/v2\/pages\/1845\/revisions"}],"predecessor-version":[{"id":14908,"href":"https:\/\/www.lammi.fi\/kivitalo\/wp-json\/wp\/v2\/pages\/1845\/revisions\/14908"}],"up":[{"embeddable":true,"href":"https:\/\/www.lammi.fi\/kivitalo\/wp-json\/wp\/v2\/pages\/7"}],"wp:attachment":[{"href":"https:\/\/www.lammi.fi\/kivitalo\/wp-json\/wp\/v2\/media?parent=1845"}],"curies":[{"name":"wp","href":"https:\/\/api.w.org\/{rel}","templated":true}]}}