{"id":1842,"date":"2018-07-05T16:50:27","date_gmt":"2018-07-05T16:50:27","guid":{"rendered":"https:\/\/www.lammi.fi\/kivitalo\/?page_id=1842"},"modified":"2025-08-29T13:59:17","modified_gmt":"2025-08-29T10:59:17","slug":"perustus","status":"publish","type":"page","link":"https:\/\/www.lammi.fi\/kivitalo\/lammi-kivitalo\/perustus\/","title":{"rendered":"Perustus"},"content":{"rendered":"<h1>Perustus on kaiken rakentamisen pohja<\/h1>\n<p><strong>Kaikilla paikalleen sijoitetuilla rakennuksilla ja rakennelmilla on oltava perustus &#8211; olipa kyseess\u00e4 talo, aita, muuri tai kes\u00e4m\u00f6kki. Perustuksen tarkoitus on jakaa rakennelman aiheuttama rasitus maapohjan kannettavaksi.<\/strong><\/p>\n<p>Perustusten korjaaminen j\u00e4lkik\u00e4teen on hyvin vaikeaa, joten ty\u00f6 kannattaa tehd\u00e4 huolella. Ammattimainen suunnittelu ja luotettavat materiaalit auttavat onnistumisessa.<\/p>\n<h2>Lammi Tassu mullistaa anturan teon<\/h2>\n<p><img decoding=\"async\" class=\"alignnone wp-image-2603 size-large\" src=\"https:\/\/www.lammi.fi\/kivitalo\/wp-content\/uploads\/sites\/2\/2018\/11\/kuva_tassu2-1-1024x512.jpg\" alt=\"Perustus on rakentamisen pohja\" width=\"840\" height=\"420\" srcset=\"https:\/\/www.lammi.fi\/kivitalo\/wp-content\/uploads\/sites\/2\/2018\/11\/kuva_tassu2-1-1024x512.jpg 1024w, https:\/\/www.lammi.fi\/kivitalo\/wp-content\/uploads\/sites\/2\/2018\/11\/kuva_tassu2-1-300x150.jpg 300w, https:\/\/www.lammi.fi\/kivitalo\/wp-content\/uploads\/sites\/2\/2018\/11\/kuva_tassu2-1-768x384.jpg 768w, https:\/\/www.lammi.fi\/kivitalo\/wp-content\/uploads\/sites\/2\/2018\/11\/kuva_tassu2-1-1200x600.jpg 1200w, https:\/\/www.lammi.fi\/kivitalo\/wp-content\/uploads\/sites\/2\/2018\/11\/kuva_tassu2-1-1815x907.jpg 1815w\" sizes=\"(max-width: 709px) 85vw, (max-width: 909px) 67vw, (max-width: 1362px) 62vw, 840px\" \/><\/p>\n<p>Unohda viikon kest\u00e4v\u00e4 perustamisurakka! Laudoitus, sen purku sek\u00e4 siit\u00e4 seuraavat j\u00e4tekuormat ty\u00f6maalla ovat menneisyytt\u00e4. Nyt antura valmistuu p\u00e4iv\u00e4ss\u00e4, etk\u00e4 joudu tekem\u00e4\u00e4n kaatopaikkakeikkaa urakan lopuksi.<\/p>\n<p>Lammi Perustuksen valmistama ymp\u00e4rivuotiseen rakentamiseen soveltuva, valmistustavaltaan patentoitu <a href=\"https:\/\/www.lammi.fi\/tassu\/lammi-tassu\/\">TASSU-valmisanturamuotti<\/a> tarjoaa nopean, helpon ja kustannustehokkaan ratkaisun rakennusten anturan toteuttamiseksi. TASSU-valmisanturamuotti on kevyt k\u00e4sitell\u00e4 ja helppo ty\u00f6st\u00e4\u00e4, eik\u00e4 asennuksessa tarvita erikoisty\u00f6kaluja tai -osaamista.<\/p>\n<p><a href=\"https:\/\/www.lammi.fi\/tassu\/tuotteet\/lammi-pilariantura\/\">TASSU-pilarimuotti<\/a> puolestaan sopii esimerkiksi terassin, muuri ja aidan perustamiseen. Se sopii my\u00f6s kevyemm\u00e4n, paalujen varaan rakennetun kes\u00e4m\u00f6kin tms. perustamiseen.<\/p>\n<h2>Mille perustalle rakennat?<\/h2>\n<p>Perustustyyppi valitaan heti suunnittelun alkuvaiheessa maapohjan kantavuuden ja routivuuden perusteella, sek\u00e4 talotyypin ja tontin kaltevuuden mukaan. Erityyppisi\u00e4 perustuksia ovat seuraavat:<\/p>\n<ul>\n<li>Kellariperustus (osa- tai kokokellari)<\/li>\n<li>Maanvarainen perustus<\/li>\n<li>Tuulettuva perustus<\/li>\n<\/ul>\n<p>Tutustu tarkemmin Lammi TASSU -perustukseen <a href=\"https:\/\/www.lammi.fi\/tassu\/\">TASSUN verkkosivustolla<\/a>.<\/p>\n","protected":false},"excerpt":{"rendered":"<p>Perustus on kaiken rakentamisen pohja Kaikilla paikalleen sijoitetuilla rakennuksilla ja rakennelmilla on oltava perustus &#8211; olipa kyseess\u00e4 talo, aita, muuri tai kes\u00e4m\u00f6kki. Perustuksen tarkoitus on jakaa rakennelman aiheuttama rasitus maapohjan kannettavaksi. Perustusten korjaaminen j\u00e4lkik\u00e4teen on hyvin vaikeaa, joten ty\u00f6 kannattaa tehd\u00e4 huolella. Ammattimainen suunnittelu ja luotettavat materiaalit auttavat onnistumisessa. Lammi Tassu mullistaa anturan teon Unohda &hellip; <a href=\"https:\/\/www.lammi.fi\/kivitalo\/lammi-kivitalo\/perustus\/\" class=\"more-link\">Lue lis\u00e4\u00e4<span class=\"screen-reader-text\"> &#8221;Perustus&#8221;<\/span><\/a><\/p>\n","protected":false},"author":8,"featured_media":0,"parent":7,"menu_order":0,"comment_status":"closed","ping_status":"closed","template":"","meta":{"_acf_changed":false,"_improvement_type_select":"improve_an_existing","_thumb_yes_seoaic":false,"_frame_yes_seoaic":false,"seoaic_generate_description":"","seoaic_improve_instructions_prompt":"","seoaic_rollback_content_improvement":"","seoaic_idea_thumbnail_generator":"","thumbnail_generated":false,"thumbnail_generate_prompt":"","seoaic_article_description":"","footnotes":""},"class_list":["post-1842","page","type-page","status-publish","hentry"],"acf":[],"yoast_head":"<!-- This site is optimized with the Yoast SEO plugin v27.4 - https:\/\/yoast.com\/product\/yoast-seo-wordpress\/ -->\n<title>Lammi Kivitalo - Perustus<\/title>\n<meta name=\"description\" content=\"Perustus jakaa rakennuksen aiheuttaman rasituksen maapohjan kannettavaksi. Tutustu Lammi Tassu -valmisanturamuotteihin.\" \/>\n<link rel=\"canonical\" href=\"https:\/\/www.lammi.fi\/kivitalo\/lammi-kivitalo\/perustus\/\" \/>\n<meta property=\"og:locale\" content=\"fi_FI\" \/>\n<meta property=\"og:type\" content=\"article\" \/>\n<meta property=\"og:title\" content=\"Lammi Kivitalo - Perustus\" \/>\n<meta property=\"og:description\" content=\"Perustus jakaa rakennuksen aiheuttaman rasituksen maapohjan kannettavaksi. Tutustu Lammi Tassu -valmisanturamuotteihin.\" \/>\n<meta property=\"og:url\" content=\"https:\/\/www.lammi.fi\/kivitalo\/lammi-kivitalo\/perustus\/\" \/>\n<meta property=\"og:site_name\" content=\"Lammi Kivitalo\" \/>\n<meta property=\"article:publisher\" content=\"https:\/\/www.facebook.com\/LammiKivitalot\" \/>\n<meta property=\"article:modified_time\" content=\"2025-08-29T10:59:17+00:00\" \/>\n<meta property=\"og:image\" content=\"https:\/\/www.lammi.fi\/kivitalo\/wp-content\/uploads\/sites\/2\/2018\/11\/kuva_tassu2-1-1024x512.jpg\" \/>\n\t<meta property=\"og:image:width\" content=\"1024\" \/>\n\t<meta property=\"og:image:height\" content=\"512\" \/>\n\t<meta property=\"og:image:type\" content=\"image\/jpeg\" \/>\n<meta name=\"twitter:card\" content=\"summary_large_image\" \/>\n<meta name=\"twitter:label1\" content=\"Arvioitu lukuaika\" \/>\n\t<meta name=\"twitter:data1\" content=\"2 minuuttia\" \/>\n<script type=\"application\/ld+json\" class=\"yoast-schema-graph\">{\"@context\":\"https:\\\/\\\/schema.org\",\"@graph\":[{\"@type\":\"WebPage\",\"@id\":\"https:\\\/\\\/www.lammi.fi\\\/kivitalo\\\/lammi-kivitalo\\\/perustus\\\/\",\"url\":\"https:\\\/\\\/www.lammi.fi\\\/kivitalo\\\/lammi-kivitalo\\\/perustus\\\/\",\"name\":\"Lammi Kivitalo - Perustus\",\"isPartOf\":{\"@id\":\"https:\\\/\\\/www.lammi.fi\\\/kivitalo\\\/#website\"},\"primaryImageOfPage\":{\"@id\":\"https:\\\/\\\/www.lammi.fi\\\/kivitalo\\\/lammi-kivitalo\\\/perustus\\\/#primaryimage\"},\"image\":{\"@id\":\"https:\\\/\\\/www.lammi.fi\\\/kivitalo\\\/lammi-kivitalo\\\/perustus\\\/#primaryimage\"},\"thumbnailUrl\":\"https:\\\/\\\/www.lammi.fi\\\/kivitalo\\\/wp-content\\\/uploads\\\/sites\\\/2\\\/2018\\\/11\\\/kuva_tassu2-1-1024x512.jpg\",\"datePublished\":\"2018-07-05T16:50:27+00:00\",\"dateModified\":\"2025-08-29T10:59:17+00:00\",\"description\":\"Perustus jakaa rakennuksen aiheuttaman rasituksen maapohjan kannettavaksi. Tutustu Lammi Tassu -valmisanturamuotteihin.\",\"breadcrumb\":{\"@id\":\"https:\\\/\\\/www.lammi.fi\\\/kivitalo\\\/lammi-kivitalo\\\/perustus\\\/#breadcrumb\"},\"inLanguage\":\"fi\",\"potentialAction\":[{\"@type\":\"ReadAction\",\"target\":[\"https:\\\/\\\/www.lammi.fi\\\/kivitalo\\\/lammi-kivitalo\\\/perustus\\\/\"]}]},{\"@type\":\"ImageObject\",\"inLanguage\":\"fi\",\"@id\":\"https:\\\/\\\/www.lammi.fi\\\/kivitalo\\\/lammi-kivitalo\\\/perustus\\\/#primaryimage\",\"url\":\"https:\\\/\\\/www.lammi.fi\\\/kivitalo\\\/wp-content\\\/uploads\\\/sites\\\/2\\\/2018\\\/11\\\/kuva_tassu2-1.jpg\",\"contentUrl\":\"https:\\\/\\\/www.lammi.fi\\\/kivitalo\\\/wp-content\\\/uploads\\\/sites\\\/2\\\/2018\\\/11\\\/kuva_tassu2-1.jpg\",\"width\":4167,\"height\":2083},{\"@type\":\"BreadcrumbList\",\"@id\":\"https:\\\/\\\/www.lammi.fi\\\/kivitalo\\\/lammi-kivitalo\\\/perustus\\\/#breadcrumb\",\"itemListElement\":[{\"@type\":\"ListItem\",\"position\":1,\"name\":\"Lammi.fi\",\"item\":\"https:\\\/\\\/www.lammi.fi\"},{\"@type\":\"ListItem\",\"position\":2,\"name\":\"Lammi Kivitalo\",\"item\":\"https:\\\/\\\/www.lammi.fi\\\/kivitalo\\\/\"},{\"@type\":\"ListItem\",\"position\":3,\"name\":\"Lammi Kivitalo\",\"item\":\"https:\\\/\\\/www.lammi.fi\\\/kivitalo\\\/lammi-kivitalo\\\/\"},{\"@type\":\"ListItem\",\"position\":4,\"name\":\"Perustus\"}]},{\"@type\":\"WebSite\",\"@id\":\"https:\\\/\\\/www.lammi.fi\\\/kivitalo\\\/#website\",\"url\":\"https:\\\/\\\/www.lammi.fi\\\/kivitalo\\\/\",\"name\":\"Lammi Kivitalo\",\"description\":\"\",\"publisher\":{\"@id\":\"https:\\\/\\\/www.lammi.fi\\\/kivitalo\\\/#organization\"},\"potentialAction\":[{\"@type\":\"SearchAction\",\"target\":{\"@type\":\"EntryPoint\",\"urlTemplate\":\"https:\\\/\\\/www.lammi.fi\\\/kivitalo\\\/?s={search_term_string}\"},\"query-input\":{\"@type\":\"PropertyValueSpecification\",\"valueRequired\":true,\"valueName\":\"search_term_string\"}}],\"inLanguage\":\"fi\"},{\"@type\":\"Organization\",\"@id\":\"https:\\\/\\\/www.lammi.fi\\\/kivitalo\\\/#organization\",\"name\":\"Lammi Kivitalo\",\"url\":\"https:\\\/\\\/www.lammi.fi\\\/kivitalo\\\/\",\"logo\":{\"@type\":\"ImageObject\",\"inLanguage\":\"fi\",\"@id\":\"https:\\\/\\\/www.lammi.fi\\\/kivitalo\\\/#\\\/schema\\\/logo\\\/image\\\/\",\"url\":\"https:\\\/\\\/www.lammi.fi\\\/kivitalo\\\/wp-content\\\/uploads\\\/sites\\\/2\\\/2018\\\/05\\\/cropped-lammi_logo.png\",\"contentUrl\":\"https:\\\/\\\/www.lammi.fi\\\/kivitalo\\\/wp-content\\\/uploads\\\/sites\\\/2\\\/2018\\\/05\\\/cropped-lammi_logo.png\",\"width\":240,\"height\":122,\"caption\":\"Lammi Kivitalo\"},\"image\":{\"@id\":\"https:\\\/\\\/www.lammi.fi\\\/kivitalo\\\/#\\\/schema\\\/logo\\\/image\\\/\"},\"sameAs\":[\"https:\\\/\\\/www.facebook.com\\\/LammiKivitalot\",\"https:\\\/\\\/www.instagram.com\\\/lammikivitalot\\\/\",\"https:\\\/\\\/fi.pinterest.com\\\/lammikivitalot\\\/\"]}]}<\/script>\n<!-- \/ Yoast SEO plugin. -->","yoast_head_json":{"title":"Lammi Kivitalo - Perustus","description":"Perustus jakaa rakennuksen aiheuttaman rasituksen maapohjan kannettavaksi. Tutustu Lammi Tassu -valmisanturamuotteihin.","canonical":"https:\/\/www.lammi.fi\/kivitalo\/lammi-kivitalo\/perustus\/","og_locale":"fi_FI","og_type":"article","og_title":"Lammi Kivitalo - Perustus","og_description":"Perustus jakaa rakennuksen aiheuttaman rasituksen maapohjan kannettavaksi. Tutustu Lammi Tassu -valmisanturamuotteihin.","og_url":"https:\/\/www.lammi.fi\/kivitalo\/lammi-kivitalo\/perustus\/","og_site_name":"Lammi Kivitalo","article_publisher":"https:\/\/www.facebook.com\/LammiKivitalot","article_modified_time":"2025-08-29T10:59:17+00:00","og_image":[{"width":1024,"height":512,"url":"https:\/\/www.lammi.fi\/kivitalo\/wp-content\/uploads\/sites\/2\/2018\/11\/kuva_tassu2-1-1024x512.jpg","type":"image\/jpeg"}],"twitter_card":"summary_large_image","twitter_misc":{"Arvioitu lukuaika":"2 minuuttia"},"schema":{"@context":"https:\/\/schema.org","@graph":[{"@type":"WebPage","@id":"https:\/\/www.lammi.fi\/kivitalo\/lammi-kivitalo\/perustus\/","url":"https:\/\/www.lammi.fi\/kivitalo\/lammi-kivitalo\/perustus\/","name":"Lammi Kivitalo - Perustus","isPartOf":{"@id":"https:\/\/www.lammi.fi\/kivitalo\/#website"},"primaryImageOfPage":{"@id":"https:\/\/www.lammi.fi\/kivitalo\/lammi-kivitalo\/perustus\/#primaryimage"},"image":{"@id":"https:\/\/www.lammi.fi\/kivitalo\/lammi-kivitalo\/perustus\/#primaryimage"},"thumbnailUrl":"https:\/\/www.lammi.fi\/kivitalo\/wp-content\/uploads\/sites\/2\/2018\/11\/kuva_tassu2-1-1024x512.jpg","datePublished":"2018-07-05T16:50:27+00:00","dateModified":"2025-08-29T10:59:17+00:00","description":"Perustus jakaa rakennuksen aiheuttaman rasituksen maapohjan kannettavaksi. Tutustu Lammi Tassu -valmisanturamuotteihin.","breadcrumb":{"@id":"https:\/\/www.lammi.fi\/kivitalo\/lammi-kivitalo\/perustus\/#breadcrumb"},"inLanguage":"fi","potentialAction":[{"@type":"ReadAction","target":["https:\/\/www.lammi.fi\/kivitalo\/lammi-kivitalo\/perustus\/"]}]},{"@type":"ImageObject","inLanguage":"fi","@id":"https:\/\/www.lammi.fi\/kivitalo\/lammi-kivitalo\/perustus\/#primaryimage","url":"https:\/\/www.lammi.fi\/kivitalo\/wp-content\/uploads\/sites\/2\/2018\/11\/kuva_tassu2-1.jpg","contentUrl":"https:\/\/www.lammi.fi\/kivitalo\/wp-content\/uploads\/sites\/2\/2018\/11\/kuva_tassu2-1.jpg","width":4167,"height":2083},{"@type":"BreadcrumbList","@id":"https:\/\/www.lammi.fi\/kivitalo\/lammi-kivitalo\/perustus\/#breadcrumb","itemListElement":[{"@type":"ListItem","position":1,"name":"Lammi.fi","item":"https:\/\/www.lammi.fi"},{"@type":"ListItem","position":2,"name":"Lammi Kivitalo","item":"https:\/\/www.lammi.fi\/kivitalo\/"},{"@type":"ListItem","position":3,"name":"Lammi Kivitalo","item":"https:\/\/www.lammi.fi\/kivitalo\/lammi-kivitalo\/"},{"@type":"ListItem","position":4,"name":"Perustus"}]},{"@type":"WebSite","@id":"https:\/\/www.lammi.fi\/kivitalo\/#website","url":"https:\/\/www.lammi.fi\/kivitalo\/","name":"Lammi Kivitalo","description":"","publisher":{"@id":"https:\/\/www.lammi.fi\/kivitalo\/#organization"},"potentialAction":[{"@type":"SearchAction","target":{"@type":"EntryPoint","urlTemplate":"https:\/\/www.lammi.fi\/kivitalo\/?s={search_term_string}"},"query-input":{"@type":"PropertyValueSpecification","valueRequired":true,"valueName":"search_term_string"}}],"inLanguage":"fi"},{"@type":"Organization","@id":"https:\/\/www.lammi.fi\/kivitalo\/#organization","name":"Lammi Kivitalo","url":"https:\/\/www.lammi.fi\/kivitalo\/","logo":{"@type":"ImageObject","inLanguage":"fi","@id":"https:\/\/www.lammi.fi\/kivitalo\/#\/schema\/logo\/image\/","url":"https:\/\/www.lammi.fi\/kivitalo\/wp-content\/uploads\/sites\/2\/2018\/05\/cropped-lammi_logo.png","contentUrl":"https:\/\/www.lammi.fi\/kivitalo\/wp-content\/uploads\/sites\/2\/2018\/05\/cropped-lammi_logo.png","width":240,"height":122,"caption":"Lammi Kivitalo"},"image":{"@id":"https:\/\/www.lammi.fi\/kivitalo\/#\/schema\/logo\/image\/"},"sameAs":["https:\/\/www.facebook.com\/LammiKivitalot","https:\/\/www.instagram.com\/lammikivitalot\/","https:\/\/fi.pinterest.com\/lammikivitalot\/"]}]}},"_links":{"self":[{"href":"https:\/\/www.lammi.fi\/kivitalo\/wp-json\/wp\/v2\/pages\/1842","targetHints":{"allow":["GET"]}}],"collection":[{"href":"https:\/\/www.lammi.fi\/kivitalo\/wp-json\/wp\/v2\/pages"}],"about":[{"href":"https:\/\/www.lammi.fi\/kivitalo\/wp-json\/wp\/v2\/types\/page"}],"author":[{"embeddable":true,"href":"https:\/\/www.lammi.fi\/kivitalo\/wp-json\/wp\/v2\/users\/8"}],"replies":[{"embeddable":true,"href":"https:\/\/www.lammi.fi\/kivitalo\/wp-json\/wp\/v2\/comments?post=1842"}],"version-history":[{"count":10,"href":"https:\/\/www.lammi.fi\/kivitalo\/wp-json\/wp\/v2\/pages\/1842\/revisions"}],"predecessor-version":[{"id":14901,"href":"https:\/\/www.lammi.fi\/kivitalo\/wp-json\/wp\/v2\/pages\/1842\/revisions\/14901"}],"up":[{"embeddable":true,"href":"https:\/\/www.lammi.fi\/kivitalo\/wp-json\/wp\/v2\/pages\/7"}],"wp:attachment":[{"href":"https:\/\/www.lammi.fi\/kivitalo\/wp-json\/wp\/v2\/media?parent=1842"}],"curies":[{"name":"wp","href":"https:\/\/api.w.org\/{rel}","templated":true}]}}