{"id":1838,"date":"2018-07-05T16:30:33","date_gmt":"2018-07-05T16:30:33","guid":{"rendered":"https:\/\/www.lammi.fi\/kivitalo\/?page_id=1838"},"modified":"2025-08-29T13:56:17","modified_gmt":"2025-08-29T10:56:17","slug":"miksi-kivitalo","status":"publish","type":"page","link":"https:\/\/www.lammi.fi\/kivitalo\/lammi-kivitalo\/miksi-kivitalo\/","title":{"rendered":"Miksi kivitalo?"},"content":{"rendered":"<h1>Miksi valita kivitalo?<\/h1>\n<p><strong>Laadukkaassa kivitalossa oleellista on kokonaisuuden toimivuus: se huomioi vuorovaikutuksen energiatehokkuuden, sis\u00e4ilman laadun ja ymp\u00e4rist\u00f6vaikutusten v\u00e4lill\u00e4 sek\u00e4 tarjoaa asumisen vaivattomuutta ja huoltovapautta asukkaansa toivomalla tasolla.<\/strong><\/p>\n<p>Energiatehokkuus<strong>\u00a0<\/strong>koostuu useiden tekij\u00f6iden keskin\u00e4isist\u00e4 vuorovaikutussuhteista. Siksi yksitt\u00e4isten rakenneosien energiatehokkuuden maksimoinnilla ei viel\u00e4 taata hyv\u00e4\u00e4 lopputulosta. Energiatehokkuuden huomioivan suunnittelun, l\u00e4mmitysmuodon, rakennusmateriaalien ja taloautomaation sek\u00e4 omatuotteisen energian yhteisvaikutuksella talosi energiatehokkuus voidaan optimoida toivomaasi tasoon.<\/p>\n<p>N\u00e4m\u00e4 seuraavat asiat vaikuttavat rakennuksen energiatehokkuuteen:<\/p>\n<ul>\n<li>talon sijoittelu tontille, massoittelu, runkomateriaalit<\/li>\n<li>rakenteiden ja talotekniikan yhteensovittaminen<\/li>\n<li>l\u00e4mmitys- ja ilmanvaihtoj\u00e4rjestelm\u00e4 sek\u00e4 l\u00e4mpim\u00e4n k\u00e4ytt\u00f6veden tuottoj\u00e4rjestelm\u00e4<\/li>\n<li>sopiva taloautomaatio<\/li>\n<li>omatuotteinen energia, jonka avulla ostoenergian tarve voidaan minimoida<\/li>\n<\/ul>\n<p>Toteutus on helpoin, kun suunnittelemme yhdess\u00e4 hankkeesi jo mahdollisimman aikaisessa vaiheessa. Kannattaa siis tulla juttelemaan jo silloin, kun vasta harkitset vaihtoehtojasi tai olet juuri hankkinut tontin. Toki kannattaa tulla viel\u00e4 silloinkin, kun olet jo suunnitteluvaiheessa. Voimme yhdess\u00e4 tarkastella vaihtoehtoja tilanteesi mukaan.<\/p>\n<p>Anna <a href=\"https:\/\/www.lammi.fi\/yhteystiedot\/?service=myynti-ja-asiakaspalvelu&amp;service_child=588\">asiantuntijoidemme<\/a> auttaa.<\/p>\n<h2>Kivi on ainutlaatuinen rakennusmateriaali<\/h2>\n<p>Kivitalo ei vaadi jatkuvaa yll\u00e4pitoa ja maalaamista. Seinien jokainen piste kelpaa kiinnityskohdaksi, etk\u00e4 joudu etsim\u00e4\u00e4n runkotolppia. Kivitalon sein\u00e4t ja lattiat ovat hiljaiset eik\u00e4 nurkissa narise. Helppohoitoinen kivitalo kest\u00e4\u00e4 sukupolvesta toiseen ja s\u00e4ilytt\u00e4\u00e4 arvonsa pitk\u00e4lle tulevaisuuteen.<\/p>\n<p>Kivi tuo taloosi massiivisuutta ja vivahteikkaan muotokielen. Kivitalo sallii yksil\u00f6lliset ratkaisut \u2013 se t\u00e4ytt\u00e4\u00e4 persoonalliset toiveesi ja tottelee arkkitehdin herkk\u00e4\u00e4 kyn\u00e4\u00e4. Kivitalo on helppo rakentaa tasamaalle tai rinteeseen \u2013 se taipuu haastavaankin rakennuspaikkaan. Voit suunnitella talosi juuri sellaiseksi, kuin haluat.<\/p>\n<h2>Energiatehokas ja turvallinen koti<\/h2>\n<p><img decoding=\"async\" class=\"alignnone size-large wp-image-2615\" src=\"https:\/\/www.lammi.fi\/kivitalo\/wp-content\/uploads\/sites\/2\/2018\/11\/kuva_olohuone-1024x512.jpg\" alt=\"\" width=\"840\" height=\"420\" srcset=\"https:\/\/www.lammi.fi\/kivitalo\/wp-content\/uploads\/sites\/2\/2018\/11\/kuva_olohuone-1024x512.jpg 1024w, https:\/\/www.lammi.fi\/kivitalo\/wp-content\/uploads\/sites\/2\/2018\/11\/kuva_olohuone-300x150.jpg 300w, https:\/\/www.lammi.fi\/kivitalo\/wp-content\/uploads\/sites\/2\/2018\/11\/kuva_olohuone-768x384.jpg 768w, https:\/\/www.lammi.fi\/kivitalo\/wp-content\/uploads\/sites\/2\/2018\/11\/kuva_olohuone-1200x600.jpg 1200w, https:\/\/www.lammi.fi\/kivitalo\/wp-content\/uploads\/sites\/2\/2018\/11\/kuva_olohuone-1815x907.jpg 1815w\" sizes=\"(max-width: 709px) 85vw, (max-width: 909px) 67vw, (max-width: 1362px) 62vw, 840px\" \/><\/p>\n<p>Kun tavoitteena optimaalinen energia- ja kustannustehokkuus, on kivirunko erinomainen valinta. <a href=\"https:\/\/www.lammi.fi\/harkko\/tuotteet\/lampokivet\/\">Lammi l\u00e4mp\u00f6kivet<\/a> ovat varma valinta energiatehokkaaseen rakentamiseen. Valetun betonisein\u00e4n energiatehokkuus perustuu erinomaiseen l\u00e4mm\u00f6nerist\u00e4vyyteen, tiiveyteen sek\u00e4 massiivisuuden tuomaan l\u00e4mm\u00f6nvarauskykyyn.<\/p>\n<p>Esimerkiksi LL400 l\u00e4mp\u00f6kiven U-arvo on 0,17 W\/m\u00b2K. LL500-tuoteperhe mahdollistaa viel\u00e4kin energiatehokkaamman rakentamisen, sill\u00e4 u-arvo on yksi markkinoiden parhaita, U-arvo 0,11 W\/m<sup>2<\/sup>. U-arvo eli l\u00e4mm\u00f6nl\u00e4p\u00e4isykerroin kuvaa sit\u00e4, miten paljon tehoa tarvitaan pinta-alaa kohti, jotta saavutettaisiin tietty l\u00e4mp\u00f6tilaero eristerakenteen yli. Rakennustekniikassa l\u00e4mm\u00f6nl\u00e4p\u00e4isykertoimen tarkoituksena on kuvata rakennuksen eri rakennusosien l\u00e4mm\u00f6neristyskyky\u00e4. Mit\u00e4 pienempi U-arvo, sit\u00e4 parempi l\u00e4mm\u00f6neristys. Parempi energiatehokkuus palvelee sek\u00e4 luontoa ett\u00e4 ihmist\u00e4. Rakennusten p\u00e4\u00e4st\u00f6t ja kokonaiskulutus v\u00e4henev\u00e4t, l\u00e4mmityskustannukset pienenev\u00e4t ja asumismukavuus kasvaa.<\/p>\n<p>Kivisein\u00e4t pit\u00e4v\u00e4t talosi l\u00e4mp\u00f6tilan miellytt\u00e4v\u00e4n\u00e4 l\u00e4pi vuoden, viilent\u00e4en kes\u00e4kuumalla ja pit\u00e4en l\u00e4mm\u00f6n tasaisena talvipakkasilla. Lis\u00e4ksi kivisein\u00e4 erist\u00e4\u00e4 ulkotilan \u00e4\u00e4net vaimentaen melutasoa ja mahdollistaa sis\u00e4tiloihin hyv\u00e4n akustiikan.<\/p>\n<p>Kivi on paloturvallinen eik\u00e4 se lahoa tai homehdu, sill\u00e4 siin\u00e4 ei ole orgaanisia ainesosia. Rakennuskiviemme nerokas rakenne tekee virheett\u00f6m\u00e4n rakentamisen helpoksi, turvaten siten talosi ilmanlaadun sein\u00e4nsis\u00e4isilt\u00e4 ongelmilta. Kivi on rakennusmateriaaleista kosteusteknisesti luotettavin. Siksi sit\u00e4 suositellaankin k\u00e4ytett\u00e4v\u00e4n my\u00f6s puutaloissa ainakin kosteiden tilojen seiniin.<\/p>\n<h2>Tiiveysmittaus on t\u00e4rke\u00e4 tekij\u00e4 laadunvarmistuksessa<\/h2>\n<p><img decoding=\"async\" class=\"alignnone size-large wp-image-2618\" src=\"https:\/\/www.lammi.fi\/kivitalo\/wp-content\/uploads\/sites\/2\/2018\/11\/kuva_olohuone2-1-1024x512.jpg\" alt=\"\" width=\"840\" height=\"420\" srcset=\"https:\/\/www.lammi.fi\/kivitalo\/wp-content\/uploads\/sites\/2\/2018\/11\/kuva_olohuone2-1-1024x512.jpg 1024w, https:\/\/www.lammi.fi\/kivitalo\/wp-content\/uploads\/sites\/2\/2018\/11\/kuva_olohuone2-1-300x150.jpg 300w, https:\/\/www.lammi.fi\/kivitalo\/wp-content\/uploads\/sites\/2\/2018\/11\/kuva_olohuone2-1-768x384.jpg 768w, https:\/\/www.lammi.fi\/kivitalo\/wp-content\/uploads\/sites\/2\/2018\/11\/kuva_olohuone2-1-1200x600.jpg 1200w, https:\/\/www.lammi.fi\/kivitalo\/wp-content\/uploads\/sites\/2\/2018\/11\/kuva_olohuone2-1-1815x907.jpg 1815w\" sizes=\"(max-width: 709px) 85vw, (max-width: 909px) 67vw, (max-width: 1362px) 62vw, 840px\" \/><\/p>\n<p>Jokainen Lammi Kivitalon harkko on tarkkaan hiottu ja laatu varmistettu jo valmistusvaiheessa. Laadunvarmistus jatkuu tarkassa laskenta- ja toimitusprosessissa, joka on hioutunut vuosikymmenien aikana.<\/p>\n<p>\u2013 Laadunvarmistukseen liittyy my\u00f6s vahva tekninen osasto, joka on valmis auttamaan puhelimitse ja tarvittaessa ty\u00f6maalla tuotteiden oikeaan k\u00e4ytt\u00f6tapaan. Itse talonrakennuksessa laadunvarmistusta tehd\u00e4\u00e4n k\u00e4ytt\u00e4m\u00e4ll\u00e4 laadukkaiden, alansa parhaimpien osaajien tuotteita sek\u00e4 palveluita, Lammin asennuskoordinaattori\u00a0Joonas Sipari toteaa.<\/p>\n<p>Jokaisessa Lammin talopaketti-kohteessa asiakas voi ostaa Lammilta\u00a0 kaksivaiheisen tiiveysmittauksen, jonka tarkoituksena on mahdollistaa loppuk\u00e4ytt\u00e4j\u00e4lle tiiveydelt\u00e4\u00e4n huippuluokkainen Lammi Kivitalo. Runkovaiheessa tehty ensimm\u00e4isen vaiheen mittaus mahdollistaa pienempienkin vuotokohtien paikallistamisen ennen kuin rakenteet suljetaan ja talon pinnat tehd\u00e4\u00e4n valmiiksi.<\/p>\n<p>\u2013 Tiiveysmittaus on t\u00e4rke\u00e4 jo talojen energiatodistuksenkin kannalta. Tiivis talo voi parhaimmassa tapauksessa muuttaa talon energialuokkaa paremmaksi, esimerkiksi B-luokasta A-luokkaan. T\u00e4ll\u00e4 voi olla suurikin merkitys muun muassa talon j\u00e4lleenmyyntiarvossa, Sipari kertoo.<\/p>\n<p>\u2013 T\u00e4rkein teht\u00e4v\u00e4 on silti varmistaa, ett\u00e4 talon piileviin rakenteisiin ei j\u00e4\u00e4 vahingossa haitallisia ilmavuotokohtia, Sipari painottaa.<\/p>\n<h2>Energiatodistus vertailee energiatehokkuutta<\/h2>\n<p>Energiatodistus on pohjimmiltaan yksinkertainen ty\u00f6kalu, jota tulkitsemalla on kenen tahansa mahdollista saada monipuolista informaatiota rakennuksesta<em>. <\/em>Energiatodistuksen n\u00e4kyvin osa on rakennukselle laskettava E-luku eli laskennallisen energiatehokkuuden vertailuluku, joka sijoitetaan rakennuksen k\u00e4ytt\u00f6luokan mukaisesti asteikolle A-G.<\/p>\n<p><span class=\"ui-provider vw b c d e f g h i j k l m n o p q r s t u v w x y z ab ac ae af ag ah ai aj ak\" dir=\"ltr\">Energiatodistuksessa esitett\u00e4v\u00e4 energialuokka ilmoitetaan rakennuskohtaisesti laskettuna E-lukuna, joka on rakennuksen painotetun kokonaisenergiankulutuksen suhde nettoalaan. E-luku m\u00e4\u00e4ritet\u00e4\u00e4n laskemalla yhteen laskennallisen vuotuisen ostoenergian ja energiamuotojen kertoimien tulot energiamuodoittain l\u00e4mmitetty\u00e4 nettoalaa kohden. <\/span><\/p>\n<p><span class=\"ui-provider vw b c d e f g h i j k l m n o p q r s t u v w x y z ab ac ae af ag ah ai aj ak\" dir=\"ltr\">E-luvun laskennassa k\u00e4ytett\u00e4vill\u00e4 energiamuotojen kertoimilla on tarkoitus lis\u00e4t\u00e4 uusiutuvien energial\u00e4hteiden ja kaukol\u00e4mm\u00f6n k\u00e4ytt\u00f6\u00e4. Rakennuksen E-luvulla on m\u00e4\u00e4r\u00e4yksiss\u00e4 annettu tapauskohtainen raja-arvo, joka m\u00e4\u00e4r\u00e4ytyy rakennuksen tyypin ja rakennuksen nettoalan perusteella. Mit\u00e4 suurempi rakennus, sit\u00e4 pienempi E-luvun maksimiarvo on.\u00a0 E-luvun yksikk\u00f6n\u00e4 on kWhE\/m2.<\/span><\/p>\n<p>Kysy lis\u00e4\u00e4 <a href=\"https:\/\/www.lammi.fi\/yhteystiedot\/\">asiantuntijoiltamme.<\/a><\/p>\n<p>&nbsp;<\/p>\n","protected":false},"excerpt":{"rendered":"<p>Miksi valita kivitalo? Laadukkaassa kivitalossa oleellista on kokonaisuuden toimivuus: se huomioi vuorovaikutuksen energiatehokkuuden, sis\u00e4ilman laadun ja ymp\u00e4rist\u00f6vaikutusten v\u00e4lill\u00e4 sek\u00e4 tarjoaa asumisen vaivattomuutta ja huoltovapautta asukkaansa toivomalla tasolla. Energiatehokkuus\u00a0koostuu useiden tekij\u00f6iden keskin\u00e4isist\u00e4 vuorovaikutussuhteista. Siksi yksitt\u00e4isten rakenneosien energiatehokkuuden maksimoinnilla ei viel\u00e4 taata hyv\u00e4\u00e4 lopputulosta. Energiatehokkuuden huomioivan suunnittelun, l\u00e4mmitysmuodon, rakennusmateriaalien ja taloautomaation sek\u00e4 omatuotteisen energian yhteisvaikutuksella talosi energiatehokkuus &hellip; <a href=\"https:\/\/www.lammi.fi\/kivitalo\/lammi-kivitalo\/miksi-kivitalo\/\" class=\"more-link\">Lue lis\u00e4\u00e4<span class=\"screen-reader-text\"> &#8221;Miksi kivitalo?&#8221;<\/span><\/a><\/p>\n","protected":false},"author":8,"featured_media":0,"parent":7,"menu_order":0,"comment_status":"closed","ping_status":"closed","template":"","meta":{"_acf_changed":false,"_improvement_type_select":"improve_an_existing","_thumb_yes_seoaic":false,"_frame_yes_seoaic":false,"seoaic_generate_description":"","seoaic_improve_instructions_prompt":"","seoaic_rollback_content_improvement":"","seoaic_idea_thumbnail_generator":"","thumbnail_generated":false,"thumbnail_generate_prompt":"","seoaic_article_description":"","footnotes":""},"class_list":["post-1838","page","type-page","status-publish","hentry"],"acf":[],"yoast_head":"<!-- This site is optimized with the Yoast SEO plugin v27.6 - https:\/\/yoast.com\/product\/yoast-seo-wordpress\/ -->\n<title>Lammi Kivitalo - Miksi valita kivitalo?<\/title>\n<meta name=\"description\" content=\"Miksi kivitalo? Kivitalo kest\u00e4\u00e4 sukupolvesta toiseen ja s\u00e4ilytt\u00e4\u00e4 arvonsa. Lue lis\u00e4\u00e4 tai kysy asiantuntijaltamme.\" \/>\n<link rel=\"canonical\" href=\"https:\/\/www.lammi.fi\/kivitalo\/lammi-kivitalo\/miksi-kivitalo\/\" \/>\n<meta property=\"og:locale\" content=\"fi_FI\" \/>\n<meta property=\"og:type\" content=\"article\" \/>\n<meta property=\"og:title\" content=\"Lammi Kivitalo - Miksi valita kivitalo?\" \/>\n<meta property=\"og:description\" content=\"Miksi kivitalo? Kivitalo kest\u00e4\u00e4 sukupolvesta toiseen ja s\u00e4ilytt\u00e4\u00e4 arvonsa. Lue lis\u00e4\u00e4 tai kysy asiantuntijaltamme.\" \/>\n<meta property=\"og:url\" content=\"https:\/\/www.lammi.fi\/kivitalo\/lammi-kivitalo\/miksi-kivitalo\/\" \/>\n<meta property=\"og:site_name\" content=\"Lammi Kivitalo\" \/>\n<meta property=\"article:publisher\" content=\"https:\/\/www.facebook.com\/LammiKivitalot\" \/>\n<meta property=\"article:modified_time\" content=\"2025-08-29T10:56:17+00:00\" \/>\n<meta property=\"og:image\" content=\"https:\/\/www.lammi.fi\/kivitalo\/wp-content\/uploads\/sites\/2\/2018\/11\/kuva_olohuone-1024x512.jpg\" \/>\n\t<meta property=\"og:image:width\" content=\"1024\" \/>\n\t<meta property=\"og:image:height\" content=\"512\" \/>\n\t<meta property=\"og:image:type\" content=\"image\/jpeg\" \/>\n<meta name=\"twitter:card\" content=\"summary_large_image\" \/>\n<meta name=\"twitter:label1\" content=\"Arvioitu lukuaika\" \/>\n\t<meta name=\"twitter:data1\" content=\"5 minuuttia\" \/>\n<script type=\"application\/ld+json\" class=\"yoast-schema-graph\">{\"@context\":\"https:\\\/\\\/schema.org\",\"@graph\":[{\"@type\":\"WebPage\",\"@id\":\"https:\\\/\\\/www.lammi.fi\\\/kivitalo\\\/lammi-kivitalo\\\/miksi-kivitalo\\\/\",\"url\":\"https:\\\/\\\/www.lammi.fi\\\/kivitalo\\\/lammi-kivitalo\\\/miksi-kivitalo\\\/\",\"name\":\"Lammi Kivitalo - Miksi valita kivitalo?\",\"isPartOf\":{\"@id\":\"https:\\\/\\\/www.lammi.fi\\\/kivitalo\\\/#website\"},\"primaryImageOfPage\":{\"@id\":\"https:\\\/\\\/www.lammi.fi\\\/kivitalo\\\/lammi-kivitalo\\\/miksi-kivitalo\\\/#primaryimage\"},\"image\":{\"@id\":\"https:\\\/\\\/www.lammi.fi\\\/kivitalo\\\/lammi-kivitalo\\\/miksi-kivitalo\\\/#primaryimage\"},\"thumbnailUrl\":\"https:\\\/\\\/www.lammi.fi\\\/kivitalo\\\/wp-content\\\/uploads\\\/sites\\\/2\\\/2018\\\/11\\\/kuva_olohuone-1024x512.jpg\",\"datePublished\":\"2018-07-05T16:30:33+00:00\",\"dateModified\":\"2025-08-29T10:56:17+00:00\",\"description\":\"Miksi kivitalo? Kivitalo kest\u00e4\u00e4 sukupolvesta toiseen ja s\u00e4ilytt\u00e4\u00e4 arvonsa. Lue lis\u00e4\u00e4 tai kysy asiantuntijaltamme.\",\"breadcrumb\":{\"@id\":\"https:\\\/\\\/www.lammi.fi\\\/kivitalo\\\/lammi-kivitalo\\\/miksi-kivitalo\\\/#breadcrumb\"},\"inLanguage\":\"fi\",\"potentialAction\":[{\"@type\":\"ReadAction\",\"target\":[\"https:\\\/\\\/www.lammi.fi\\\/kivitalo\\\/lammi-kivitalo\\\/miksi-kivitalo\\\/\"]}]},{\"@type\":\"ImageObject\",\"inLanguage\":\"fi\",\"@id\":\"https:\\\/\\\/www.lammi.fi\\\/kivitalo\\\/lammi-kivitalo\\\/miksi-kivitalo\\\/#primaryimage\",\"url\":\"https:\\\/\\\/www.lammi.fi\\\/kivitalo\\\/wp-content\\\/uploads\\\/sites\\\/2\\\/2018\\\/11\\\/kuva_olohuone.jpg\",\"contentUrl\":\"https:\\\/\\\/www.lammi.fi\\\/kivitalo\\\/wp-content\\\/uploads\\\/sites\\\/2\\\/2018\\\/11\\\/kuva_olohuone.jpg\",\"width\":4167,\"height\":2083},{\"@type\":\"BreadcrumbList\",\"@id\":\"https:\\\/\\\/www.lammi.fi\\\/kivitalo\\\/lammi-kivitalo\\\/miksi-kivitalo\\\/#breadcrumb\",\"itemListElement\":[{\"@type\":\"ListItem\",\"position\":1,\"name\":\"Lammi.fi\",\"item\":\"https:\\\/\\\/www.lammi.fi\"},{\"@type\":\"ListItem\",\"position\":2,\"name\":\"Lammi Kivitalo\",\"item\":\"https:\\\/\\\/www.lammi.fi\\\/kivitalo\\\/\"},{\"@type\":\"ListItem\",\"position\":3,\"name\":\"Lammi Kivitalo\",\"item\":\"https:\\\/\\\/www.lammi.fi\\\/kivitalo\\\/lammi-kivitalo\\\/\"},{\"@type\":\"ListItem\",\"position\":4,\"name\":\"Miksi kivitalo?\"}]},{\"@type\":\"WebSite\",\"@id\":\"https:\\\/\\\/www.lammi.fi\\\/kivitalo\\\/#website\",\"url\":\"https:\\\/\\\/www.lammi.fi\\\/kivitalo\\\/\",\"name\":\"Lammi Kivitalo\",\"description\":\"\",\"publisher\":{\"@id\":\"https:\\\/\\\/www.lammi.fi\\\/kivitalo\\\/#organization\"},\"potentialAction\":[{\"@type\":\"SearchAction\",\"target\":{\"@type\":\"EntryPoint\",\"urlTemplate\":\"https:\\\/\\\/www.lammi.fi\\\/kivitalo\\\/?s={search_term_string}\"},\"query-input\":{\"@type\":\"PropertyValueSpecification\",\"valueRequired\":true,\"valueName\":\"search_term_string\"}}],\"inLanguage\":\"fi\"},{\"@type\":\"Organization\",\"@id\":\"https:\\\/\\\/www.lammi.fi\\\/kivitalo\\\/#organization\",\"name\":\"Lammi Kivitalo\",\"url\":\"https:\\\/\\\/www.lammi.fi\\\/kivitalo\\\/\",\"logo\":{\"@type\":\"ImageObject\",\"inLanguage\":\"fi\",\"@id\":\"https:\\\/\\\/www.lammi.fi\\\/kivitalo\\\/#\\\/schema\\\/logo\\\/image\\\/\",\"url\":\"https:\\\/\\\/www.lammi.fi\\\/kivitalo\\\/wp-content\\\/uploads\\\/sites\\\/2\\\/2018\\\/05\\\/cropped-lammi_logo.png\",\"contentUrl\":\"https:\\\/\\\/www.lammi.fi\\\/kivitalo\\\/wp-content\\\/uploads\\\/sites\\\/2\\\/2018\\\/05\\\/cropped-lammi_logo.png\",\"width\":240,\"height\":122,\"caption\":\"Lammi Kivitalo\"},\"image\":{\"@id\":\"https:\\\/\\\/www.lammi.fi\\\/kivitalo\\\/#\\\/schema\\\/logo\\\/image\\\/\"},\"sameAs\":[\"https:\\\/\\\/www.facebook.com\\\/LammiKivitalot\",\"https:\\\/\\\/www.instagram.com\\\/lammikivitalot\\\/\",\"https:\\\/\\\/fi.pinterest.com\\\/lammikivitalot\\\/\"]}]}<\/script>\n<!-- \/ Yoast SEO plugin. -->","yoast_head_json":{"title":"Lammi Kivitalo - Miksi valita kivitalo?","description":"Miksi kivitalo? Kivitalo kest\u00e4\u00e4 sukupolvesta toiseen ja s\u00e4ilytt\u00e4\u00e4 arvonsa. Lue lis\u00e4\u00e4 tai kysy asiantuntijaltamme.","canonical":"https:\/\/www.lammi.fi\/kivitalo\/lammi-kivitalo\/miksi-kivitalo\/","og_locale":"fi_FI","og_type":"article","og_title":"Lammi Kivitalo - Miksi valita kivitalo?","og_description":"Miksi kivitalo? Kivitalo kest\u00e4\u00e4 sukupolvesta toiseen ja s\u00e4ilytt\u00e4\u00e4 arvonsa. Lue lis\u00e4\u00e4 tai kysy asiantuntijaltamme.","og_url":"https:\/\/www.lammi.fi\/kivitalo\/lammi-kivitalo\/miksi-kivitalo\/","og_site_name":"Lammi Kivitalo","article_publisher":"https:\/\/www.facebook.com\/LammiKivitalot","article_modified_time":"2025-08-29T10:56:17+00:00","og_image":[{"width":1024,"height":512,"url":"https:\/\/www.lammi.fi\/kivitalo\/wp-content\/uploads\/sites\/2\/2018\/11\/kuva_olohuone-1024x512.jpg","type":"image\/jpeg"}],"twitter_card":"summary_large_image","twitter_misc":{"Arvioitu lukuaika":"5 minuuttia"},"schema":{"@context":"https:\/\/schema.org","@graph":[{"@type":"WebPage","@id":"https:\/\/www.lammi.fi\/kivitalo\/lammi-kivitalo\/miksi-kivitalo\/","url":"https:\/\/www.lammi.fi\/kivitalo\/lammi-kivitalo\/miksi-kivitalo\/","name":"Lammi Kivitalo - Miksi valita kivitalo?","isPartOf":{"@id":"https:\/\/www.lammi.fi\/kivitalo\/#website"},"primaryImageOfPage":{"@id":"https:\/\/www.lammi.fi\/kivitalo\/lammi-kivitalo\/miksi-kivitalo\/#primaryimage"},"image":{"@id":"https:\/\/www.lammi.fi\/kivitalo\/lammi-kivitalo\/miksi-kivitalo\/#primaryimage"},"thumbnailUrl":"https:\/\/www.lammi.fi\/kivitalo\/wp-content\/uploads\/sites\/2\/2018\/11\/kuva_olohuone-1024x512.jpg","datePublished":"2018-07-05T16:30:33+00:00","dateModified":"2025-08-29T10:56:17+00:00","description":"Miksi kivitalo? Kivitalo kest\u00e4\u00e4 sukupolvesta toiseen ja s\u00e4ilytt\u00e4\u00e4 arvonsa. Lue lis\u00e4\u00e4 tai kysy asiantuntijaltamme.","breadcrumb":{"@id":"https:\/\/www.lammi.fi\/kivitalo\/lammi-kivitalo\/miksi-kivitalo\/#breadcrumb"},"inLanguage":"fi","potentialAction":[{"@type":"ReadAction","target":["https:\/\/www.lammi.fi\/kivitalo\/lammi-kivitalo\/miksi-kivitalo\/"]}]},{"@type":"ImageObject","inLanguage":"fi","@id":"https:\/\/www.lammi.fi\/kivitalo\/lammi-kivitalo\/miksi-kivitalo\/#primaryimage","url":"https:\/\/www.lammi.fi\/kivitalo\/wp-content\/uploads\/sites\/2\/2018\/11\/kuva_olohuone.jpg","contentUrl":"https:\/\/www.lammi.fi\/kivitalo\/wp-content\/uploads\/sites\/2\/2018\/11\/kuva_olohuone.jpg","width":4167,"height":2083},{"@type":"BreadcrumbList","@id":"https:\/\/www.lammi.fi\/kivitalo\/lammi-kivitalo\/miksi-kivitalo\/#breadcrumb","itemListElement":[{"@type":"ListItem","position":1,"name":"Lammi.fi","item":"https:\/\/www.lammi.fi"},{"@type":"ListItem","position":2,"name":"Lammi Kivitalo","item":"https:\/\/www.lammi.fi\/kivitalo\/"},{"@type":"ListItem","position":3,"name":"Lammi Kivitalo","item":"https:\/\/www.lammi.fi\/kivitalo\/lammi-kivitalo\/"},{"@type":"ListItem","position":4,"name":"Miksi kivitalo?"}]},{"@type":"WebSite","@id":"https:\/\/www.lammi.fi\/kivitalo\/#website","url":"https:\/\/www.lammi.fi\/kivitalo\/","name":"Lammi Kivitalo","description":"","publisher":{"@id":"https:\/\/www.lammi.fi\/kivitalo\/#organization"},"potentialAction":[{"@type":"SearchAction","target":{"@type":"EntryPoint","urlTemplate":"https:\/\/www.lammi.fi\/kivitalo\/?s={search_term_string}"},"query-input":{"@type":"PropertyValueSpecification","valueRequired":true,"valueName":"search_term_string"}}],"inLanguage":"fi"},{"@type":"Organization","@id":"https:\/\/www.lammi.fi\/kivitalo\/#organization","name":"Lammi Kivitalo","url":"https:\/\/www.lammi.fi\/kivitalo\/","logo":{"@type":"ImageObject","inLanguage":"fi","@id":"https:\/\/www.lammi.fi\/kivitalo\/#\/schema\/logo\/image\/","url":"https:\/\/www.lammi.fi\/kivitalo\/wp-content\/uploads\/sites\/2\/2018\/05\/cropped-lammi_logo.png","contentUrl":"https:\/\/www.lammi.fi\/kivitalo\/wp-content\/uploads\/sites\/2\/2018\/05\/cropped-lammi_logo.png","width":240,"height":122,"caption":"Lammi Kivitalo"},"image":{"@id":"https:\/\/www.lammi.fi\/kivitalo\/#\/schema\/logo\/image\/"},"sameAs":["https:\/\/www.facebook.com\/LammiKivitalot","https:\/\/www.instagram.com\/lammikivitalot\/","https:\/\/fi.pinterest.com\/lammikivitalot\/"]}]}},"_links":{"self":[{"href":"https:\/\/www.lammi.fi\/kivitalo\/wp-json\/wp\/v2\/pages\/1838","targetHints":{"allow":["GET"]}}],"collection":[{"href":"https:\/\/www.lammi.fi\/kivitalo\/wp-json\/wp\/v2\/pages"}],"about":[{"href":"https:\/\/www.lammi.fi\/kivitalo\/wp-json\/wp\/v2\/types\/page"}],"author":[{"embeddable":true,"href":"https:\/\/www.lammi.fi\/kivitalo\/wp-json\/wp\/v2\/users\/8"}],"replies":[{"embeddable":true,"href":"https:\/\/www.lammi.fi\/kivitalo\/wp-json\/wp\/v2\/comments?post=1838"}],"version-history":[{"count":16,"href":"https:\/\/www.lammi.fi\/kivitalo\/wp-json\/wp\/v2\/pages\/1838\/revisions"}],"predecessor-version":[{"id":14898,"href":"https:\/\/www.lammi.fi\/kivitalo\/wp-json\/wp\/v2\/pages\/1838\/revisions\/14898"}],"up":[{"embeddable":true,"href":"https:\/\/www.lammi.fi\/kivitalo\/wp-json\/wp\/v2\/pages\/7"}],"wp:attachment":[{"href":"https:\/\/www.lammi.fi\/kivitalo\/wp-json\/wp\/v2\/media?parent=1838"}],"curies":[{"name":"wp","href":"https:\/\/api.w.org\/{rel}","templated":true}]}}