{"id":1802,"date":"2018-07-05T14:19:14","date_gmt":"2018-07-05T14:19:14","guid":{"rendered":"https:\/\/www.lammi.fi\/kivitalo\/?page_id=1802"},"modified":"2026-04-10T14:18:18","modified_gmt":"2026-04-10T11:18:18","slug":"talotarinat","status":"publish","type":"page","link":"https:\/\/www.lammi.fi\/kivitalo\/ideointi\/talotarinat\/","title":{"rendered":"Talotarinat"},"content":{"rendered":"<h1>Talotarinat<\/h1>\n<p><strong>Lammi Kivitalon rakentajilla on jokaisella erilainen tarina kerrottavanaan. Lue miksi asiakkaamme ovat p\u00e4\u00e4tyneet valinnassaan juuri Lammi Kivitaloon, miten talo muovautui haaveesta toteutusvalmiiksi ja mink\u00e4 vaiheiden kautta he p\u00e4\u00e4siv\u00e4t muuttamaan omaan kotiin.<\/strong><\/p>\n<p>Saat my\u00f6s runsaasti rakentajien omiin kokemuksiin perustuvia neuvoja. Ne kannattaa lukea huolella \u2013 v\u00e4ltyt monelta turhalta virheelt\u00e4 ja saat projektiisi yll\u00e4tt\u00e4vi\u00e4kin n\u00e4k\u00f6kulmia.<\/p>\n","protected":false},"excerpt":{"rendered":"<p>Talotarinat Lammi Kivitalon rakentajilla on jokaisella erilainen tarina kerrottavanaan. Lue miksi asiakkaamme ovat p\u00e4\u00e4tyneet valinnassaan juuri Lammi Kivitaloon, miten talo muovautui haaveesta toteutusvalmiiksi ja mink\u00e4 vaiheiden kautta he p\u00e4\u00e4siv\u00e4t muuttamaan omaan kotiin. Saat my\u00f6s runsaasti rakentajien omiin kokemuksiin perustuvia neuvoja. Ne kannattaa lukea huolella \u2013 v\u00e4ltyt monelta turhalta virheelt\u00e4 ja saat projektiisi yll\u00e4tt\u00e4vi\u00e4kin n\u00e4k\u00f6kulmia.<\/p>\n","protected":false},"author":8,"featured_media":0,"parent":14755,"menu_order":2,"comment_status":"closed","ping_status":"closed","template":"","meta":{"_acf_changed":false,"_improvement_type_select":"improve_an_existing","_thumb_yes_seoaic":false,"_frame_yes_seoaic":false,"seoaic_generate_description":"","seoaic_improve_instructions_prompt":"","seoaic_rollback_content_improvement":"","seoaic_idea_thumbnail_generator":"","thumbnail_generated":false,"thumbnail_generate_prompt":"","seoaic_article_description":"","footnotes":""},"class_list":["post-1802","page","type-page","status-publish","hentry"],"acf":[],"yoast_head":"<!-- This site is optimized with the Yoast SEO plugin v27.1.1 - https:\/\/yoast.com\/product\/yoast-seo-wordpress\/ -->\n<title>Lammi Kivitalo - Talotarinat<\/title>\n<meta name=\"description\" content=\"Lue miksi asiakkaamme ovat p\u00e4\u00e4tyneet valinnassaan juuri Lammi Kivitaloon ja millaisten vaiheiden kautta he p\u00e4\u00e4siv\u00e4t muuttamaan omaan kotiin.\" \/>\n<link rel=\"canonical\" href=\"https:\/\/www.lammi.fi\/kivitalo\/ideointi\/talotarinat\/\" \/>\n<meta property=\"og:locale\" content=\"fi_FI\" \/>\n<meta property=\"og:type\" content=\"article\" \/>\n<meta property=\"og:title\" content=\"Lammi Kivitalo - Talotarinat\" \/>\n<meta property=\"og:description\" content=\"Lue miksi asiakkaamme ovat p\u00e4\u00e4tyneet valinnassaan juuri Lammi Kivitaloon ja millaisten vaiheiden kautta he p\u00e4\u00e4siv\u00e4t muuttamaan omaan kotiin.\" \/>\n<meta property=\"og:url\" content=\"https:\/\/www.lammi.fi\/kivitalo\/ideointi\/talotarinat\/\" \/>\n<meta property=\"og:site_name\" content=\"Lammi Kivitalo\" \/>\n<meta property=\"article:publisher\" content=\"https:\/\/www.facebook.com\/LammiKivitalot\" \/>\n<meta property=\"article:modified_time\" content=\"2026-04-10T11:18:18+00:00\" \/>\n<meta name=\"twitter:card\" content=\"summary_large_image\" \/>\n<meta name=\"twitter:label1\" content=\"Arvioitu lukuaika\" \/>\n\t<meta name=\"twitter:data1\" content=\"1 minuutti\" \/>\n<script type=\"application\/ld+json\" class=\"yoast-schema-graph\">{\"@context\":\"https:\/\/schema.org\",\"@graph\":[{\"@type\":\"WebPage\",\"@id\":\"https:\/\/www.lammi.fi\/kivitalo\/ideointi\/talotarinat\/\",\"url\":\"https:\/\/www.lammi.fi\/kivitalo\/ideointi\/talotarinat\/\",\"name\":\"Lammi Kivitalo - Talotarinat\",\"isPartOf\":{\"@id\":\"https:\/\/www.lammi.fi\/kivitalo\/#website\"},\"datePublished\":\"2018-07-05T14:19:14+00:00\",\"dateModified\":\"2026-04-10T11:18:18+00:00\",\"description\":\"Lue miksi asiakkaamme ovat p\u00e4\u00e4tyneet valinnassaan juuri Lammi Kivitaloon ja millaisten vaiheiden kautta he p\u00e4\u00e4siv\u00e4t muuttamaan omaan kotiin.\",\"breadcrumb\":{\"@id\":\"https:\/\/www.lammi.fi\/kivitalo\/ideointi\/talotarinat\/#breadcrumb\"},\"inLanguage\":\"fi\",\"potentialAction\":[{\"@type\":\"ReadAction\",\"target\":[\"https:\/\/www.lammi.fi\/kivitalo\/ideointi\/talotarinat\/\"]}]},{\"@type\":\"BreadcrumbList\",\"@id\":\"https:\/\/www.lammi.fi\/kivitalo\/ideointi\/talotarinat\/#breadcrumb\",\"itemListElement\":[{\"@type\":\"ListItem\",\"position\":1,\"name\":\"Lammi.fi\",\"item\":\"https:\/\/www.lammi.fi\"},{\"@type\":\"ListItem\",\"position\":2,\"name\":\"Lammi Kivitalo\",\"item\":\"https:\/\/www.lammi.fi\/kivitalo\/\"},{\"@type\":\"ListItem\",\"position\":3,\"name\":\"Ideointi\",\"item\":\"https:\/\/www.lammi.fi\/kivitalo\/ideointi\/\"},{\"@type\":\"ListItem\",\"position\":4,\"name\":\"Talotarinat\"}]},{\"@type\":\"WebSite\",\"@id\":\"https:\/\/www.lammi.fi\/kivitalo\/#website\",\"url\":\"https:\/\/www.lammi.fi\/kivitalo\/\",\"name\":\"Lammi Kivitalo\",\"description\":\"\",\"publisher\":{\"@id\":\"https:\/\/www.lammi.fi\/kivitalo\/#organization\"},\"potentialAction\":[{\"@type\":\"SearchAction\",\"target\":{\"@type\":\"EntryPoint\",\"urlTemplate\":\"https:\/\/www.lammi.fi\/kivitalo\/?s={search_term_string}\"},\"query-input\":{\"@type\":\"PropertyValueSpecification\",\"valueRequired\":true,\"valueName\":\"search_term_string\"}}],\"inLanguage\":\"fi\"},{\"@type\":\"Organization\",\"@id\":\"https:\/\/www.lammi.fi\/kivitalo\/#organization\",\"name\":\"Lammi Kivitalo\",\"url\":\"https:\/\/www.lammi.fi\/kivitalo\/\",\"logo\":{\"@type\":\"ImageObject\",\"inLanguage\":\"fi\",\"@id\":\"https:\/\/www.lammi.fi\/kivitalo\/#\/schema\/logo\/image\/\",\"url\":\"https:\/\/www.lammi.fi\/kivitalo\/wp-content\/uploads\/sites\/2\/2018\/05\/cropped-lammi_logo.png\",\"contentUrl\":\"https:\/\/www.lammi.fi\/kivitalo\/wp-content\/uploads\/sites\/2\/2018\/05\/cropped-lammi_logo.png\",\"width\":240,\"height\":122,\"caption\":\"Lammi Kivitalo\"},\"image\":{\"@id\":\"https:\/\/www.lammi.fi\/kivitalo\/#\/schema\/logo\/image\/\"},\"sameAs\":[\"https:\/\/www.facebook.com\/LammiKivitalot\",\"https:\/\/www.instagram.com\/lammikivitalot\/\",\"https:\/\/fi.pinterest.com\/lammikivitalot\/\"]}]}<\/script>\n<!-- \/ Yoast SEO plugin. -->","yoast_head_json":{"title":"Lammi Kivitalo - Talotarinat","description":"Lue miksi asiakkaamme ovat p\u00e4\u00e4tyneet valinnassaan juuri Lammi Kivitaloon ja millaisten vaiheiden kautta he p\u00e4\u00e4siv\u00e4t muuttamaan omaan kotiin.","canonical":"https:\/\/www.lammi.fi\/kivitalo\/ideointi\/talotarinat\/","og_locale":"fi_FI","og_type":"article","og_title":"Lammi Kivitalo - Talotarinat","og_description":"Lue miksi asiakkaamme ovat p\u00e4\u00e4tyneet valinnassaan juuri Lammi Kivitaloon ja millaisten vaiheiden kautta he p\u00e4\u00e4siv\u00e4t muuttamaan omaan kotiin.","og_url":"https:\/\/www.lammi.fi\/kivitalo\/ideointi\/talotarinat\/","og_site_name":"Lammi Kivitalo","article_publisher":"https:\/\/www.facebook.com\/LammiKivitalot","article_modified_time":"2026-04-10T11:18:18+00:00","twitter_card":"summary_large_image","twitter_misc":{"Arvioitu lukuaika":"1 minuutti"},"schema":{"@context":"https:\/\/schema.org","@graph":[{"@type":"WebPage","@id":"https:\/\/www.lammi.fi\/kivitalo\/ideointi\/talotarinat\/","url":"https:\/\/www.lammi.fi\/kivitalo\/ideointi\/talotarinat\/","name":"Lammi Kivitalo - Talotarinat","isPartOf":{"@id":"https:\/\/www.lammi.fi\/kivitalo\/#website"},"datePublished":"2018-07-05T14:19:14+00:00","dateModified":"2026-04-10T11:18:18+00:00","description":"Lue miksi asiakkaamme ovat p\u00e4\u00e4tyneet valinnassaan juuri Lammi Kivitaloon ja millaisten vaiheiden kautta he p\u00e4\u00e4siv\u00e4t muuttamaan omaan kotiin.","breadcrumb":{"@id":"https:\/\/www.lammi.fi\/kivitalo\/ideointi\/talotarinat\/#breadcrumb"},"inLanguage":"fi","potentialAction":[{"@type":"ReadAction","target":["https:\/\/www.lammi.fi\/kivitalo\/ideointi\/talotarinat\/"]}]},{"@type":"BreadcrumbList","@id":"https:\/\/www.lammi.fi\/kivitalo\/ideointi\/talotarinat\/#breadcrumb","itemListElement":[{"@type":"ListItem","position":1,"name":"Lammi.fi","item":"https:\/\/www.lammi.fi"},{"@type":"ListItem","position":2,"name":"Lammi Kivitalo","item":"https:\/\/www.lammi.fi\/kivitalo\/"},{"@type":"ListItem","position":3,"name":"Ideointi","item":"https:\/\/www.lammi.fi\/kivitalo\/ideointi\/"},{"@type":"ListItem","position":4,"name":"Talotarinat"}]},{"@type":"WebSite","@id":"https:\/\/www.lammi.fi\/kivitalo\/#website","url":"https:\/\/www.lammi.fi\/kivitalo\/","name":"Lammi Kivitalo","description":"","publisher":{"@id":"https:\/\/www.lammi.fi\/kivitalo\/#organization"},"potentialAction":[{"@type":"SearchAction","target":{"@type":"EntryPoint","urlTemplate":"https:\/\/www.lammi.fi\/kivitalo\/?s={search_term_string}"},"query-input":{"@type":"PropertyValueSpecification","valueRequired":true,"valueName":"search_term_string"}}],"inLanguage":"fi"},{"@type":"Organization","@id":"https:\/\/www.lammi.fi\/kivitalo\/#organization","name":"Lammi Kivitalo","url":"https:\/\/www.lammi.fi\/kivitalo\/","logo":{"@type":"ImageObject","inLanguage":"fi","@id":"https:\/\/www.lammi.fi\/kivitalo\/#\/schema\/logo\/image\/","url":"https:\/\/www.lammi.fi\/kivitalo\/wp-content\/uploads\/sites\/2\/2018\/05\/cropped-lammi_logo.png","contentUrl":"https:\/\/www.lammi.fi\/kivitalo\/wp-content\/uploads\/sites\/2\/2018\/05\/cropped-lammi_logo.png","width":240,"height":122,"caption":"Lammi Kivitalo"},"image":{"@id":"https:\/\/www.lammi.fi\/kivitalo\/#\/schema\/logo\/image\/"},"sameAs":["https:\/\/www.facebook.com\/LammiKivitalot","https:\/\/www.instagram.com\/lammikivitalot\/","https:\/\/fi.pinterest.com\/lammikivitalot\/"]}]}},"_links":{"self":[{"href":"https:\/\/www.lammi.fi\/kivitalo\/wp-json\/wp\/v2\/pages\/1802","targetHints":{"allow":["GET"]}}],"collection":[{"href":"https:\/\/www.lammi.fi\/kivitalo\/wp-json\/wp\/v2\/pages"}],"about":[{"href":"https:\/\/www.lammi.fi\/kivitalo\/wp-json\/wp\/v2\/types\/page"}],"author":[{"embeddable":true,"href":"https:\/\/www.lammi.fi\/kivitalo\/wp-json\/wp\/v2\/users\/8"}],"replies":[{"embeddable":true,"href":"https:\/\/www.lammi.fi\/kivitalo\/wp-json\/wp\/v2\/comments?post=1802"}],"version-history":[{"count":18,"href":"https:\/\/www.lammi.fi\/kivitalo\/wp-json\/wp\/v2\/pages\/1802\/revisions"}],"predecessor-version":[{"id":16009,"href":"https:\/\/www.lammi.fi\/kivitalo\/wp-json\/wp\/v2\/pages\/1802\/revisions\/16009"}],"up":[{"embeddable":true,"href":"https:\/\/www.lammi.fi\/kivitalo\/wp-json\/wp\/v2\/pages\/14755"}],"wp:attachment":[{"href":"https:\/\/www.lammi.fi\/kivitalo\/wp-json\/wp\/v2\/media?parent=1802"}],"curies":[{"name":"wp","href":"https:\/\/api.w.org\/{rel}","templated":true}]}}