{"id":11999,"date":"2024-04-23T09:50:19","date_gmt":"2024-04-23T06:50:19","guid":{"rendered":"https:\/\/www.lammi.fi\/kivitalo\/?page_id=11999"},"modified":"2024-04-23T10:27:24","modified_gmt":"2024-04-23T07:27:24","slug":"rakentajaksi-sattuman-kautta","status":"publish","type":"page","link":"https:\/\/www.lammi.fi\/kivitalo\/ideointi\/talotarinat\/rakentajaksi-sattuman-kautta\/","title":{"rendered":"Rakentajaksi sattuman kautta"},"content":{"rendered":"<p><span style=\"font-size: 36px\">Rakentajaksi sattuman kautta<\/span><\/p>\n<p><img decoding=\"async\" class=\"size-large wp-image-9476 alignnone\" src=\"https:\/\/www.lammi.fi\/kivitalo\/wp-content\/uploads\/sites\/2\/2023\/06\/ulko-ter-1024x681.jpeg\" alt=\"\" width=\"840\" height=\"559\" srcset=\"https:\/\/www.lammi.fi\/kivitalo\/wp-content\/uploads\/sites\/2\/2023\/06\/ulko-ter-1024x681.jpeg 1024w, https:\/\/www.lammi.fi\/kivitalo\/wp-content\/uploads\/sites\/2\/2023\/06\/ulko-ter-300x200.jpeg 300w, https:\/\/www.lammi.fi\/kivitalo\/wp-content\/uploads\/sites\/2\/2023\/06\/ulko-ter-768x511.jpeg 768w, https:\/\/www.lammi.fi\/kivitalo\/wp-content\/uploads\/sites\/2\/2023\/06\/ulko-ter-1536x1022.jpeg 1536w, https:\/\/www.lammi.fi\/kivitalo\/wp-content\/uploads\/sites\/2\/2023\/06\/ulko-ter-1200x798.jpeg 1200w, https:\/\/www.lammi.fi\/kivitalo\/wp-content\/uploads\/sites\/2\/2023\/06\/ulko-ter-260x173.jpeg 260w, https:\/\/www.lammi.fi\/kivitalo\/wp-content\/uploads\/sites\/2\/2023\/06\/ulko-ter-902x600.jpeg 902w, https:\/\/www.lammi.fi\/kivitalo\/wp-content\/uploads\/sites\/2\/2023\/06\/ulko-ter-1815x1207.jpeg 1815w, https:\/\/www.lammi.fi\/kivitalo\/wp-content\/uploads\/sites\/2\/2023\/06\/ulko-ter.jpeg 2048w\" sizes=\"(max-width: 709px) 85vw, (max-width: 909px) 67vw, (max-width: 1362px) 62vw, 840px\" \/><\/p>\n<p><span style=\"font-size: 24px\">Kivitalorakentajaksi voi p\u00e4\u00e4ty\u00e4 my\u00f6s sattuman kautta. Espoolaisen perheen piti nimitt\u00e4in muuttaa kerrostaloon, mutta toisin k\u00e4vi. Nyt perhe asuu uudessa kivitalokodissaan, jossa yhdistyv\u00e4t edellisen kodin hyv\u00e4t puolet ja kerrostalohaaveisiin liittyneet arjen helppous ja mainio sijainti.<\/span><\/p>\n<p>Suunnitelmissa ei ollut rakentaminen, kun espoolainen perhe alkoi etsi\u00e4 uutta asuntoa. Pes\u00e4 alkoi tyhjet\u00e4, perheen omakotitalo oli juuri myyty ja mieless\u00e4 siinsi helppo arki kerrostalossa. Kohtalo kuitenkin puuttui peliin: Ensimm\u00e4inen kev\u00e4t vuokralla kerrostaloasunnossa osoitti, ettei heit\u00e4 ollutkaan tehty kerrostaloasujiksi. Sitten kadulla tuli vastaan tuttu henkil\u00f6, joka kertoi omasta rakennusprojektistaan l\u00e4hiseudulla. Se sai perheen tutkimaan, liek\u00f6 heid\u00e4n toivealueellaan tontteja myynniss\u00e4, ja olihan siell\u00e4. Niinp\u00e4 kerros- ja rivitalohaaveet p\u00e4\u00e4tettiin unohtaa ja Espooseen ruvettiin rakentamaan Lammi Kivitaloa, joka tarjoaa perheen toivomaa helpompaa arkea.<\/p>\n<p>Vaivaton el\u00e4m\u00e4 pidettiin kirkkaana mieless\u00e4 koko suunnitteluprosessin ajan. Talon ymp\u00e4rille ei tule lainkaan nurmea, jotta pihan hoitaminen ei vaadi jatkuvaa ty\u00f6t\u00e4. Lis\u00e4ksi autokatoksesta p\u00e4\u00e4see sis\u00e4\u00e4n kuivin jaloin ja ilman lumit\u00f6it\u00e4. Kaikki asumisen p\u00e4\u00e4toiminnot sijaitsevat sis\u00e4\u00e4ntulokerroksessa, jotta talossa p\u00e4rj\u00e4\u00e4 hyvin viel\u00e4 sittenkin, jos portaiden kulkeminen muuttuu i\u00e4n karttuessa hankalaksi.<\/p>\n<p><img decoding=\"async\" class=\"size-large wp-image-9480 alignnone\" src=\"https:\/\/www.lammi.fi\/kivitalo\/wp-content\/uploads\/sites\/2\/2023\/06\/oh-1024x682.jpeg\" alt=\"\" width=\"840\" height=\"559\" srcset=\"https:\/\/www.lammi.fi\/kivitalo\/wp-content\/uploads\/sites\/2\/2023\/06\/oh-1024x682.jpeg 1024w, https:\/\/www.lammi.fi\/kivitalo\/wp-content\/uploads\/sites\/2\/2023\/06\/oh-300x200.jpeg 300w, https:\/\/www.lammi.fi\/kivitalo\/wp-content\/uploads\/sites\/2\/2023\/06\/oh-768x511.jpeg 768w, https:\/\/www.lammi.fi\/kivitalo\/wp-content\/uploads\/sites\/2\/2023\/06\/oh-1536x1022.jpeg 1536w, https:\/\/www.lammi.fi\/kivitalo\/wp-content\/uploads\/sites\/2\/2023\/06\/oh-1200x799.jpeg 1200w, https:\/\/www.lammi.fi\/kivitalo\/wp-content\/uploads\/sites\/2\/2023\/06\/oh-260x173.jpeg 260w, https:\/\/www.lammi.fi\/kivitalo\/wp-content\/uploads\/sites\/2\/2023\/06\/oh-902x600.jpeg 902w, https:\/\/www.lammi.fi\/kivitalo\/wp-content\/uploads\/sites\/2\/2023\/06\/oh-1815x1208.jpeg 1815w, https:\/\/www.lammi.fi\/kivitalo\/wp-content\/uploads\/sites\/2\/2023\/06\/oh.jpeg 2048w\" sizes=\"(max-width: 709px) 85vw, (max-width: 909px) 67vw, (max-width: 1362px) 62vw, 840px\" \/><\/p>\n<p>Rinteeseen rakennetun talon yl\u00e4kerrassa on suuri avoin tila, johon sijoitettiin keitti\u00f6 ja olohuone. Isot ikkunat avautuvat etel\u00e4\u00e4n ja l\u00e4nteen. Ikkunoiden takaa l\u00f6ytyy suuri terassi ja lasipinta liukuu tarpeen vaatiessa sivuun, jolloin sis\u00e4- ja ulkotilat nivoutuvat saumattomaksi kokonaisuudeksi. Avaran ja v\u00e4lj\u00e4n oleskelutilan lis\u00e4ksi yl\u00e4kerrasta l\u00f6ytyy pari makuuhuonetta sek\u00e4 kylpyhuone ja kodinhoitotila. Tilank\u00e4yt\u00f6llisesti painopiste on kuitenkin oleskelussa, sill\u00e4 perhe halusi panostaa yhteisiin tiloihin ja rakentaa yksityiset tilat tiiviimmin.<\/p>\n<p>Alakertaan taas sijoitettiin saunaosasto, arkiolo- ja vierashuoneet, varasto sek\u00e4 musiikki- ja harrastushuoneena toimiva monitoimitila. Alas tehtiin my\u00f6s oma terassi, jotta sauna j\u00e4lkeen p\u00e4\u00e4see vilvoittelemaan pihalle.<\/p>\n<p><img decoding=\"async\" class=\"size-large wp-image-9472 alignnone\" src=\"https:\/\/www.lammi.fi\/kivitalo\/wp-content\/uploads\/sites\/2\/2023\/06\/khh-1024x682.jpeg\" alt=\"\" width=\"840\" height=\"559\" srcset=\"https:\/\/www.lammi.fi\/kivitalo\/wp-content\/uploads\/sites\/2\/2023\/06\/khh-1024x682.jpeg 1024w, https:\/\/www.lammi.fi\/kivitalo\/wp-content\/uploads\/sites\/2\/2023\/06\/khh-300x200.jpeg 300w, https:\/\/www.lammi.fi\/kivitalo\/wp-content\/uploads\/sites\/2\/2023\/06\/khh-768x511.jpeg 768w, https:\/\/www.lammi.fi\/kivitalo\/wp-content\/uploads\/sites\/2\/2023\/06\/khh-1536x1022.jpeg 1536w, https:\/\/www.lammi.fi\/kivitalo\/wp-content\/uploads\/sites\/2\/2023\/06\/khh-1200x799.jpeg 1200w, https:\/\/www.lammi.fi\/kivitalo\/wp-content\/uploads\/sites\/2\/2023\/06\/khh-260x173.jpeg 260w, https:\/\/www.lammi.fi\/kivitalo\/wp-content\/uploads\/sites\/2\/2023\/06\/khh-902x600.jpeg 902w, https:\/\/www.lammi.fi\/kivitalo\/wp-content\/uploads\/sites\/2\/2023\/06\/khh-1815x1208.jpeg 1815w, https:\/\/www.lammi.fi\/kivitalo\/wp-content\/uploads\/sites\/2\/2023\/06\/khh.jpeg 2048w\" sizes=\"(max-width: 709px) 85vw, (max-width: 909px) 67vw, (max-width: 1362px) 62vw, 840px\" \/><\/p>\n<p><span style=\"font-size: 21px\"><strong>Monen p\u00e4\u00e4t\u00f6ksen palapeli<\/strong><\/span><\/p>\n<p>Perheen edellinen omakotitalo oli sekin ollut kivitalo, joten kodiksi. Kivitalo koettiin kest\u00e4v\u00e4n\u00e4 ja luotettavana ratkaisuna, joka sopi hyvin my\u00f6s arvokkaalla alueella sijaitsevan tontin vaatimuksiin. Lis\u00e4ksi perheen \u00e4idin mukaan kivitalo tuntuu tukevalta jalkojen alla.<\/p>\n<p>Tarjoukset pyydettiin kahdelta kivitalotoimijalta ja hintakilpailu oli tiukka. Lammi Kivitaloon perhe p\u00e4\u00e4tyi lopulta sek\u00e4 hinnan ett\u00e4 teknisten yksityiskohtien ansiosta: ammattirakentajilta saadut kommentit puolsivat valintaa ja yrityksen vahva br\u00e4ndi teki p\u00e4\u00e4t\u00f6ksest\u00e4 helpon.<img decoding=\"async\" class=\"size-medium wp-image-9474 alignright\" src=\"https:\/\/www.lammi.fi\/kivitalo\/wp-content\/uploads\/sites\/2\/2023\/06\/mh3-200x300.jpeg\" alt=\"\" width=\"200\" height=\"300\" srcset=\"https:\/\/www.lammi.fi\/kivitalo\/wp-content\/uploads\/sites\/2\/2023\/06\/mh3-200x300.jpeg 200w, https:\/\/www.lammi.fi\/kivitalo\/wp-content\/uploads\/sites\/2\/2023\/06\/mh3-682x1024.jpeg 682w, https:\/\/www.lammi.fi\/kivitalo\/wp-content\/uploads\/sites\/2\/2023\/06\/mh3-768x1154.jpeg 768w, https:\/\/www.lammi.fi\/kivitalo\/wp-content\/uploads\/sites\/2\/2023\/06\/mh3-1022x1536.jpeg 1022w, https:\/\/www.lammi.fi\/kivitalo\/wp-content\/uploads\/sites\/2\/2023\/06\/mh3-1200x1803.jpeg 1200w, https:\/\/www.lammi.fi\/kivitalo\/wp-content\/uploads\/sites\/2\/2023\/06\/mh3-173x260.jpeg 173w, https:\/\/www.lammi.fi\/kivitalo\/wp-content\/uploads\/sites\/2\/2023\/06\/mh3-399x600.jpeg 399w, https:\/\/www.lammi.fi\/kivitalo\/wp-content\/uploads\/sites\/2\/2023\/06\/mh3-906x1362.jpeg 906w, https:\/\/www.lammi.fi\/kivitalo\/wp-content\/uploads\/sites\/2\/2023\/06\/mh3.jpeg 1363w\" sizes=\"(max-width: 200px) 85vw, 200px\" \/><\/p>\n<p>Talon perustukset valettiin lokakuun puoliv\u00e4lin tienoilla ja jouluna uusi koti oli harjakorkeudessaan katto, ovet ja ikkunat paikoillaan. Tammikuussa rakennus kytkettiin maal\u00e4mp\u00f6j\u00e4rjestelm\u00e4\u00e4n ja toukokuun lopulla, kolme viikkoa alkuper\u00e4ist\u00e4 aikataulua aiemmin, perhe p\u00e4\u00e4si muuttaman kivitalokotiinsa.<\/p>\n<p>Rivakasti edennyt rakennusprojekti sujui hyvin, vaikka rakentamiseen jonkin verran my\u00f6s itse, mutta suurin ty\u00f6nsarka oli kokonaisuuden hallinnoimisessa: perheen is\u00e4 toimi vastaavana mestarina ja \u00e4iti piti kustannuspuolen langat k\u00e4siss\u00e4\u00e4n. Molemmat ovat ty\u00f6skennelleet rakennusalalla, mutta siit\u00e4 huolimatta opittavaa on ollut paljon.<\/p>\n<p><img decoding=\"async\" class=\"alignleft size-medium wp-image-9470\" src=\"https:\/\/www.lammi.fi\/kivitalo\/wp-content\/uploads\/sites\/2\/2023\/06\/keittio3-200x300.jpeg\" alt=\"\" width=\"200\" height=\"300\" srcset=\"https:\/\/www.lammi.fi\/kivitalo\/wp-content\/uploads\/sites\/2\/2023\/06\/keittio3-200x300.jpeg 200w, https:\/\/www.lammi.fi\/kivitalo\/wp-content\/uploads\/sites\/2\/2023\/06\/keittio3-681x1024.jpeg 681w, https:\/\/www.lammi.fi\/kivitalo\/wp-content\/uploads\/sites\/2\/2023\/06\/keittio3-768x1155.jpeg 768w, https:\/\/www.lammi.fi\/kivitalo\/wp-content\/uploads\/sites\/2\/2023\/06\/keittio3-1022x1536.jpeg 1022w, https:\/\/www.lammi.fi\/kivitalo\/wp-content\/uploads\/sites\/2\/2023\/06\/keittio3-1200x1804.jpeg 1200w, https:\/\/www.lammi.fi\/kivitalo\/wp-content\/uploads\/sites\/2\/2023\/06\/keittio3-173x260.jpeg 173w, https:\/\/www.lammi.fi\/kivitalo\/wp-content\/uploads\/sites\/2\/2023\/06\/keittio3-399x600.jpeg 399w, https:\/\/www.lammi.fi\/kivitalo\/wp-content\/uploads\/sites\/2\/2023\/06\/keittio3-906x1362.jpeg 906w, https:\/\/www.lammi.fi\/kivitalo\/wp-content\/uploads\/sites\/2\/2023\/06\/keittio3.jpeg 1362w\" sizes=\"(max-width: 200px) 85vw, 200px\" \/><\/p>\n<p>Ty\u00f6t\u00e4 hallinnoimisessa piisasi osin siksi, ett\u00e4 projekti oli pilkottu atomeiksi ja jokainen pienikin pala vaati huolellista perehtymist\u00e4 ja lukuisia p\u00e4\u00e4t\u00f6ksi\u00e4. Tapa oli ty\u00f6l\u00e4s, mutta n\u00e4in perhe p\u00e4\u00e4si vaikuttamaan jokaiseen yksityiskohtaan. Ensimm\u00e4ist\u00e4 kertaa taloa rakentavia he kuitenkin kehottavat pilkkomaan kokonaisuuden kookkaampiin paloihin ja ostamaan isompia urakkakokonaisuuksia kerrallaan. Lis\u00e4ksi he suosittelevat palkkaamaan vastaavan mestarin, joka todella osallistuu ty\u00f6njohtoteht\u00e4viin. H\u00e4nen palkkaansa kulutetut eurot nimitt\u00e4in maksavat itsens\u00e4 takaisin projektin aikana.<\/p>\n<p>Kustannusten hallinnassa perhe neuvoo rakentajia olemaan tarkkana. Yll\u00e4tyksilt\u00e4 ei voi koskaan v\u00e4ltty\u00e4, mutta jokainen pala pit\u00e4isi k\u00e4yd\u00e4 l\u00e4pi ennakkoon niin, ett\u00e4 materiaalien ja lis\u00e4ty\u00f6tuntien hinta on selvill\u00e4 ja sovittuna jo ennen kuin ty\u00f6h\u00f6n ryhdyt\u00e4\u00e4n.<\/p>\n<p><img decoding=\"async\" class=\"alignnone wp-image-9482 size-large\" src=\"https:\/\/www.lammi.fi\/kivitalo\/wp-content\/uploads\/sites\/2\/2023\/06\/keittio-1024x682.jpeg\" alt=\"\" width=\"840\" height=\"559\" srcset=\"https:\/\/www.lammi.fi\/kivitalo\/wp-content\/uploads\/sites\/2\/2023\/06\/keittio-1024x682.jpeg 1024w, https:\/\/www.lammi.fi\/kivitalo\/wp-content\/uploads\/sites\/2\/2023\/06\/keittio-300x200.jpeg 300w, https:\/\/www.lammi.fi\/kivitalo\/wp-content\/uploads\/sites\/2\/2023\/06\/keittio-768x511.jpeg 768w, https:\/\/www.lammi.fi\/kivitalo\/wp-content\/uploads\/sites\/2\/2023\/06\/keittio-1536x1022.jpeg 1536w, https:\/\/www.lammi.fi\/kivitalo\/wp-content\/uploads\/sites\/2\/2023\/06\/keittio-1200x799.jpeg 1200w, https:\/\/www.lammi.fi\/kivitalo\/wp-content\/uploads\/sites\/2\/2023\/06\/keittio-260x173.jpeg 260w, https:\/\/www.lammi.fi\/kivitalo\/wp-content\/uploads\/sites\/2\/2023\/06\/keittio-902x600.jpeg 902w, https:\/\/www.lammi.fi\/kivitalo\/wp-content\/uploads\/sites\/2\/2023\/06\/keittio-1815x1208.jpeg 1815w, https:\/\/www.lammi.fi\/kivitalo\/wp-content\/uploads\/sites\/2\/2023\/06\/keittio.jpeg 2048w\" sizes=\"(max-width: 709px) 85vw, (max-width: 909px) 67vw, (max-width: 1362px) 62vw, 840px\" \/><\/p>\n<p><strong>Artikkeli julkaistu alun perin Lammi Koti 2020 -lehdess\u00e4.<\/strong><\/p>\n<p><a class=\"button\" href=\"https:\/\/www.lammi.fi\/kivitalo\/ideointi\/talotarinat\/\"><span class=\"author\" data-authorid=\"PgeWrHAgwNQPN4BzN\">Palaa takaisin Talotarinoihin \u00bb<\/span><\/a><\/p>\n","protected":false},"excerpt":{"rendered":"<p>Rakentajaksi sattuman kautta Kivitalorakentajaksi voi p\u00e4\u00e4ty\u00e4 my\u00f6s sattuman kautta. Espoolaisen perheen piti nimitt\u00e4in muuttaa kerrostaloon, mutta toisin k\u00e4vi. Nyt perhe asuu uudessa kivitalokodissaan, jossa yhdistyv\u00e4t edellisen kodin hyv\u00e4t puolet ja kerrostalohaaveisiin liittyneet arjen helppous ja mainio sijainti. Suunnitelmissa ei ollut rakentaminen, kun espoolainen perhe alkoi etsi\u00e4 uutta asuntoa. Pes\u00e4 alkoi tyhjet\u00e4, perheen omakotitalo oli juuri &hellip; <a href=\"https:\/\/www.lammi.fi\/kivitalo\/ideointi\/talotarinat\/rakentajaksi-sattuman-kautta\/\" class=\"more-link\">Lue lis\u00e4\u00e4<span class=\"screen-reader-text\"> &#8221;Rakentajaksi sattuman kautta&#8221;<\/span><\/a><\/p>\n","protected":false},"author":11,"featured_media":0,"parent":1802,"menu_order":0,"comment_status":"closed","ping_status":"closed","template":"","meta":{"_acf_changed":false,"_improvement_type_select":"improve_an_existing","_thumb_yes_seoaic":false,"_frame_yes_seoaic":false,"seoaic_generate_description":"","seoaic_improve_instructions_prompt":"","seoaic_rollback_content_improvement":"","seoaic_idea_thumbnail_generator":"","thumbnail_generated":false,"thumbnail_generate_prompt":"","seoaic_article_description":"","footnotes":""},"class_list":["post-11999","page","type-page","status-publish","hentry"],"acf":[],"yoast_head":"<!-- This site is optimized with the Yoast SEO plugin v27.1.1 - https:\/\/yoast.com\/product\/yoast-seo-wordpress\/ -->\n<title>Rakentajaksi sattuman kautta - Lammi Kivitalo<\/title>\n<link rel=\"canonical\" href=\"https:\/\/www.lammi.fi\/kivitalo\/ideointi\/talotarinat\/rakentajaksi-sattuman-kautta\/\" \/>\n<meta property=\"og:locale\" content=\"fi_FI\" \/>\n<meta property=\"og:type\" content=\"article\" \/>\n<meta property=\"og:title\" content=\"Rakentajaksi sattuman kautta - Lammi Kivitalo\" \/>\n<meta property=\"og:description\" content=\"Rakentajaksi sattuman kautta Kivitalorakentajaksi voi p\u00e4\u00e4ty\u00e4 my\u00f6s sattuman kautta. Espoolaisen perheen piti nimitt\u00e4in muuttaa kerrostaloon, mutta toisin k\u00e4vi. Nyt perhe asuu uudessa kivitalokodissaan, jossa yhdistyv\u00e4t edellisen kodin hyv\u00e4t puolet ja kerrostalohaaveisiin liittyneet arjen helppous ja mainio sijainti. Suunnitelmissa ei ollut rakentaminen, kun espoolainen perhe alkoi etsi\u00e4 uutta asuntoa. Pes\u00e4 alkoi tyhjet\u00e4, perheen omakotitalo oli juuri &hellip; Lue lis\u00e4\u00e4 &quot;Rakentajaksi sattuman kautta&quot;\" \/>\n<meta property=\"og:url\" content=\"https:\/\/www.lammi.fi\/kivitalo\/ideointi\/talotarinat\/rakentajaksi-sattuman-kautta\/\" \/>\n<meta property=\"og:site_name\" content=\"Lammi Kivitalo\" \/>\n<meta property=\"article:publisher\" content=\"https:\/\/www.facebook.com\/LammiKivitalot\" \/>\n<meta property=\"article:modified_time\" content=\"2024-04-23T07:27:24+00:00\" \/>\n<meta property=\"og:image\" content=\"https:\/\/www.lammi.fi\/kivitalo\/wp-content\/uploads\/sites\/2\/2023\/06\/ulko-ter-1024x681.jpeg\" \/>\n<meta name=\"twitter:card\" content=\"summary_large_image\" \/>\n<meta name=\"twitter:label1\" content=\"Arvioitu lukuaika\" \/>\n\t<meta name=\"twitter:data1\" content=\"5 minuuttia\" \/>\n<script type=\"application\/ld+json\" class=\"yoast-schema-graph\">{\"@context\":\"https:\/\/schema.org\",\"@graph\":[{\"@type\":\"WebPage\",\"@id\":\"https:\/\/www.lammi.fi\/kivitalo\/ideointi\/talotarinat\/rakentajaksi-sattuman-kautta\/\",\"url\":\"https:\/\/www.lammi.fi\/kivitalo\/ideointi\/talotarinat\/rakentajaksi-sattuman-kautta\/\",\"name\":\"Rakentajaksi sattuman kautta - Lammi Kivitalo\",\"isPartOf\":{\"@id\":\"https:\/\/www.lammi.fi\/kivitalo\/#website\"},\"primaryImageOfPage\":{\"@id\":\"https:\/\/www.lammi.fi\/kivitalo\/ideointi\/talotarinat\/rakentajaksi-sattuman-kautta\/#primaryimage\"},\"image\":{\"@id\":\"https:\/\/www.lammi.fi\/kivitalo\/ideointi\/talotarinat\/rakentajaksi-sattuman-kautta\/#primaryimage\"},\"thumbnailUrl\":\"https:\/\/www.lammi.fi\/kivitalo\/wp-content\/uploads\/sites\/2\/2023\/06\/ulko-ter-1024x681.jpeg\",\"datePublished\":\"2024-04-23T06:50:19+00:00\",\"dateModified\":\"2024-04-23T07:27:24+00:00\",\"breadcrumb\":{\"@id\":\"https:\/\/www.lammi.fi\/kivitalo\/ideointi\/talotarinat\/rakentajaksi-sattuman-kautta\/#breadcrumb\"},\"inLanguage\":\"fi\",\"potentialAction\":[{\"@type\":\"ReadAction\",\"target\":[\"https:\/\/www.lammi.fi\/kivitalo\/ideointi\/talotarinat\/rakentajaksi-sattuman-kautta\/\"]}]},{\"@type\":\"ImageObject\",\"inLanguage\":\"fi\",\"@id\":\"https:\/\/www.lammi.fi\/kivitalo\/ideointi\/talotarinat\/rakentajaksi-sattuman-kautta\/#primaryimage\",\"url\":\"https:\/\/www.lammi.fi\/kivitalo\/wp-content\/uploads\/sites\/2\/2023\/06\/ulko-ter.jpeg\",\"contentUrl\":\"https:\/\/www.lammi.fi\/kivitalo\/wp-content\/uploads\/sites\/2\/2023\/06\/ulko-ter.jpeg\",\"width\":2048,\"height\":1362},{\"@type\":\"BreadcrumbList\",\"@id\":\"https:\/\/www.lammi.fi\/kivitalo\/ideointi\/talotarinat\/rakentajaksi-sattuman-kautta\/#breadcrumb\",\"itemListElement\":[{\"@type\":\"ListItem\",\"position\":1,\"name\":\"Lammi.fi\",\"item\":\"https:\/\/www.lammi.fi\"},{\"@type\":\"ListItem\",\"position\":2,\"name\":\"Lammi Kivitalo\",\"item\":\"https:\/\/www.lammi.fi\/kivitalo\/\"},{\"@type\":\"ListItem\",\"position\":3,\"name\":\"Ideointi\",\"item\":\"https:\/\/www.lammi.fi\/kivitalo\/ideointi\/\"},{\"@type\":\"ListItem\",\"position\":4,\"name\":\"Talotarinat\",\"item\":\"https:\/\/www.lammi.fi\/kivitalo\/ideointi\/talotarinat\/\"},{\"@type\":\"ListItem\",\"position\":5,\"name\":\"Rakentajaksi sattuman kautta\"}]},{\"@type\":\"WebSite\",\"@id\":\"https:\/\/www.lammi.fi\/kivitalo\/#website\",\"url\":\"https:\/\/www.lammi.fi\/kivitalo\/\",\"name\":\"Lammi Kivitalo\",\"description\":\"\",\"publisher\":{\"@id\":\"https:\/\/www.lammi.fi\/kivitalo\/#organization\"},\"potentialAction\":[{\"@type\":\"SearchAction\",\"target\":{\"@type\":\"EntryPoint\",\"urlTemplate\":\"https:\/\/www.lammi.fi\/kivitalo\/?s={search_term_string}\"},\"query-input\":{\"@type\":\"PropertyValueSpecification\",\"valueRequired\":true,\"valueName\":\"search_term_string\"}}],\"inLanguage\":\"fi\"},{\"@type\":\"Organization\",\"@id\":\"https:\/\/www.lammi.fi\/kivitalo\/#organization\",\"name\":\"Lammi Kivitalo\",\"url\":\"https:\/\/www.lammi.fi\/kivitalo\/\",\"logo\":{\"@type\":\"ImageObject\",\"inLanguage\":\"fi\",\"@id\":\"https:\/\/www.lammi.fi\/kivitalo\/#\/schema\/logo\/image\/\",\"url\":\"https:\/\/www.lammi.fi\/kivitalo\/wp-content\/uploads\/sites\/2\/2018\/05\/cropped-lammi_logo.png\",\"contentUrl\":\"https:\/\/www.lammi.fi\/kivitalo\/wp-content\/uploads\/sites\/2\/2018\/05\/cropped-lammi_logo.png\",\"width\":240,\"height\":122,\"caption\":\"Lammi Kivitalo\"},\"image\":{\"@id\":\"https:\/\/www.lammi.fi\/kivitalo\/#\/schema\/logo\/image\/\"},\"sameAs\":[\"https:\/\/www.facebook.com\/LammiKivitalot\",\"https:\/\/www.instagram.com\/lammikivitalot\/\",\"https:\/\/fi.pinterest.com\/lammikivitalot\/\"]}]}<\/script>\n<!-- \/ Yoast SEO plugin. -->","yoast_head_json":{"title":"Rakentajaksi sattuman kautta - Lammi Kivitalo","canonical":"https:\/\/www.lammi.fi\/kivitalo\/ideointi\/talotarinat\/rakentajaksi-sattuman-kautta\/","og_locale":"fi_FI","og_type":"article","og_title":"Rakentajaksi sattuman kautta - Lammi Kivitalo","og_description":"Rakentajaksi sattuman kautta Kivitalorakentajaksi voi p\u00e4\u00e4ty\u00e4 my\u00f6s sattuman kautta. Espoolaisen perheen piti nimitt\u00e4in muuttaa kerrostaloon, mutta toisin k\u00e4vi. Nyt perhe asuu uudessa kivitalokodissaan, jossa yhdistyv\u00e4t edellisen kodin hyv\u00e4t puolet ja kerrostalohaaveisiin liittyneet arjen helppous ja mainio sijainti. Suunnitelmissa ei ollut rakentaminen, kun espoolainen perhe alkoi etsi\u00e4 uutta asuntoa. Pes\u00e4 alkoi tyhjet\u00e4, perheen omakotitalo oli juuri &hellip; Lue lis\u00e4\u00e4 \"Rakentajaksi sattuman kautta\"","og_url":"https:\/\/www.lammi.fi\/kivitalo\/ideointi\/talotarinat\/rakentajaksi-sattuman-kautta\/","og_site_name":"Lammi Kivitalo","article_publisher":"https:\/\/www.facebook.com\/LammiKivitalot","article_modified_time":"2024-04-23T07:27:24+00:00","og_image":[{"url":"https:\/\/www.lammi.fi\/kivitalo\/wp-content\/uploads\/sites\/2\/2023\/06\/ulko-ter-1024x681.jpeg","type":"","width":"","height":""}],"twitter_card":"summary_large_image","twitter_misc":{"Arvioitu lukuaika":"5 minuuttia"},"schema":{"@context":"https:\/\/schema.org","@graph":[{"@type":"WebPage","@id":"https:\/\/www.lammi.fi\/kivitalo\/ideointi\/talotarinat\/rakentajaksi-sattuman-kautta\/","url":"https:\/\/www.lammi.fi\/kivitalo\/ideointi\/talotarinat\/rakentajaksi-sattuman-kautta\/","name":"Rakentajaksi sattuman kautta - Lammi Kivitalo","isPartOf":{"@id":"https:\/\/www.lammi.fi\/kivitalo\/#website"},"primaryImageOfPage":{"@id":"https:\/\/www.lammi.fi\/kivitalo\/ideointi\/talotarinat\/rakentajaksi-sattuman-kautta\/#primaryimage"},"image":{"@id":"https:\/\/www.lammi.fi\/kivitalo\/ideointi\/talotarinat\/rakentajaksi-sattuman-kautta\/#primaryimage"},"thumbnailUrl":"https:\/\/www.lammi.fi\/kivitalo\/wp-content\/uploads\/sites\/2\/2023\/06\/ulko-ter-1024x681.jpeg","datePublished":"2024-04-23T06:50:19+00:00","dateModified":"2024-04-23T07:27:24+00:00","breadcrumb":{"@id":"https:\/\/www.lammi.fi\/kivitalo\/ideointi\/talotarinat\/rakentajaksi-sattuman-kautta\/#breadcrumb"},"inLanguage":"fi","potentialAction":[{"@type":"ReadAction","target":["https:\/\/www.lammi.fi\/kivitalo\/ideointi\/talotarinat\/rakentajaksi-sattuman-kautta\/"]}]},{"@type":"ImageObject","inLanguage":"fi","@id":"https:\/\/www.lammi.fi\/kivitalo\/ideointi\/talotarinat\/rakentajaksi-sattuman-kautta\/#primaryimage","url":"https:\/\/www.lammi.fi\/kivitalo\/wp-content\/uploads\/sites\/2\/2023\/06\/ulko-ter.jpeg","contentUrl":"https:\/\/www.lammi.fi\/kivitalo\/wp-content\/uploads\/sites\/2\/2023\/06\/ulko-ter.jpeg","width":2048,"height":1362},{"@type":"BreadcrumbList","@id":"https:\/\/www.lammi.fi\/kivitalo\/ideointi\/talotarinat\/rakentajaksi-sattuman-kautta\/#breadcrumb","itemListElement":[{"@type":"ListItem","position":1,"name":"Lammi.fi","item":"https:\/\/www.lammi.fi"},{"@type":"ListItem","position":2,"name":"Lammi Kivitalo","item":"https:\/\/www.lammi.fi\/kivitalo\/"},{"@type":"ListItem","position":3,"name":"Ideointi","item":"https:\/\/www.lammi.fi\/kivitalo\/ideointi\/"},{"@type":"ListItem","position":4,"name":"Talotarinat","item":"https:\/\/www.lammi.fi\/kivitalo\/ideointi\/talotarinat\/"},{"@type":"ListItem","position":5,"name":"Rakentajaksi sattuman kautta"}]},{"@type":"WebSite","@id":"https:\/\/www.lammi.fi\/kivitalo\/#website","url":"https:\/\/www.lammi.fi\/kivitalo\/","name":"Lammi Kivitalo","description":"","publisher":{"@id":"https:\/\/www.lammi.fi\/kivitalo\/#organization"},"potentialAction":[{"@type":"SearchAction","target":{"@type":"EntryPoint","urlTemplate":"https:\/\/www.lammi.fi\/kivitalo\/?s={search_term_string}"},"query-input":{"@type":"PropertyValueSpecification","valueRequired":true,"valueName":"search_term_string"}}],"inLanguage":"fi"},{"@type":"Organization","@id":"https:\/\/www.lammi.fi\/kivitalo\/#organization","name":"Lammi Kivitalo","url":"https:\/\/www.lammi.fi\/kivitalo\/","logo":{"@type":"ImageObject","inLanguage":"fi","@id":"https:\/\/www.lammi.fi\/kivitalo\/#\/schema\/logo\/image\/","url":"https:\/\/www.lammi.fi\/kivitalo\/wp-content\/uploads\/sites\/2\/2018\/05\/cropped-lammi_logo.png","contentUrl":"https:\/\/www.lammi.fi\/kivitalo\/wp-content\/uploads\/sites\/2\/2018\/05\/cropped-lammi_logo.png","width":240,"height":122,"caption":"Lammi Kivitalo"},"image":{"@id":"https:\/\/www.lammi.fi\/kivitalo\/#\/schema\/logo\/image\/"},"sameAs":["https:\/\/www.facebook.com\/LammiKivitalot","https:\/\/www.instagram.com\/lammikivitalot\/","https:\/\/fi.pinterest.com\/lammikivitalot\/"]}]}},"_links":{"self":[{"href":"https:\/\/www.lammi.fi\/kivitalo\/wp-json\/wp\/v2\/pages\/11999","targetHints":{"allow":["GET"]}}],"collection":[{"href":"https:\/\/www.lammi.fi\/kivitalo\/wp-json\/wp\/v2\/pages"}],"about":[{"href":"https:\/\/www.lammi.fi\/kivitalo\/wp-json\/wp\/v2\/types\/page"}],"author":[{"embeddable":true,"href":"https:\/\/www.lammi.fi\/kivitalo\/wp-json\/wp\/v2\/users\/11"}],"replies":[{"embeddable":true,"href":"https:\/\/www.lammi.fi\/kivitalo\/wp-json\/wp\/v2\/comments?post=11999"}],"version-history":[{"count":6,"href":"https:\/\/www.lammi.fi\/kivitalo\/wp-json\/wp\/v2\/pages\/11999\/revisions"}],"predecessor-version":[{"id":12010,"href":"https:\/\/www.lammi.fi\/kivitalo\/wp-json\/wp\/v2\/pages\/11999\/revisions\/12010"}],"up":[{"embeddable":true,"href":"https:\/\/www.lammi.fi\/kivitalo\/wp-json\/wp\/v2\/pages\/1802"}],"wp:attachment":[{"href":"https:\/\/www.lammi.fi\/kivitalo\/wp-json\/wp\/v2\/media?parent=11999"}],"curies":[{"name":"wp","href":"https:\/\/api.w.org\/{rel}","templated":true}]}}