{"id":11996,"date":"2024-04-23T09:36:06","date_gmt":"2024-04-23T06:36:06","guid":{"rendered":"https:\/\/www.lammi.fi\/kivitalo\/?page_id=11996"},"modified":"2025-09-29T10:08:38","modified_gmt":"2025-09-29T07:08:38","slug":"laatutietoisen-lapsiperheen-unelma","status":"publish","type":"page","link":"https:\/\/www.lammi.fi\/kivitalo\/ideointi\/talotarinat\/laatutietoisen-lapsiperheen-unelma\/","title":{"rendered":"Laatutietoisen lapsiperheen unelma"},"content":{"rendered":"<h2>Laatutietoisen lapsiperheen unelma<\/h2>\n<p><img decoding=\"async\" class=\"size-large wp-image-9464 alignnone\" src=\"https:\/\/www.lammi.fi\/kivitalo\/wp-content\/uploads\/sites\/2\/2023\/06\/villawestend_ulko_11-1024x684.jpg\" alt=\"\" width=\"840\" height=\"561\" srcset=\"https:\/\/www.lammi.fi\/kivitalo\/wp-content\/uploads\/sites\/2\/2023\/06\/villawestend_ulko_11-1024x684.jpg 1024w, https:\/\/www.lammi.fi\/kivitalo\/wp-content\/uploads\/sites\/2\/2023\/06\/villawestend_ulko_11-300x200.jpg 300w, https:\/\/www.lammi.fi\/kivitalo\/wp-content\/uploads\/sites\/2\/2023\/06\/villawestend_ulko_11-768x513.jpg 768w, https:\/\/www.lammi.fi\/kivitalo\/wp-content\/uploads\/sites\/2\/2023\/06\/villawestend_ulko_11-1536x1026.jpg 1536w, https:\/\/www.lammi.fi\/kivitalo\/wp-content\/uploads\/sites\/2\/2023\/06\/villawestend_ulko_11-2048x1368.jpg 2048w, https:\/\/www.lammi.fi\/kivitalo\/wp-content\/uploads\/sites\/2\/2023\/06\/villawestend_ulko_11-1200x802.jpg 1200w, https:\/\/www.lammi.fi\/kivitalo\/wp-content\/uploads\/sites\/2\/2023\/06\/villawestend_ulko_11-260x174.jpg 260w, https:\/\/www.lammi.fi\/kivitalo\/wp-content\/uploads\/sites\/2\/2023\/06\/villawestend_ulko_11-898x600.jpg 898w, https:\/\/www.lammi.fi\/kivitalo\/wp-content\/uploads\/sites\/2\/2023\/06\/villawestend_ulko_11-1815x1213.jpg 1815w\" sizes=\"(max-width: 709px) 85vw, (max-width: 909px) 67vw, (max-width: 1362px) 62vw, 840px\" \/><\/p>\n<p><span style=\"font-size: 24px\">Espoossa sijaitseva Lammi Kivitalo t\u00e4ytt\u00e4\u00e4 laatutietoisen lapsiperheen vaatimukset. Koti on suunniteltu arjen helppous edell\u00e4 ja ratkaisuissa on kiinnitetty huomiota my\u00f6s siihen, ett\u00e4 tilaa riitt\u00e4\u00e4 yst\u00e4vien ja sukulaisten kanssa vietett\u00e4vi\u00e4 juhlia ajatellen.<\/span><\/p>\n<p>Pariskunta oli juuri ostaneet kerrostalokaksion, kun perheen esikoinen ilmoitti tulostaan. Perheenlis\u00e4yksen my\u00f6t\u00e4 tilantarve muuttui ja perhe rupesi etsim\u00e4\u00e4n uutta asuntoa. Sopivaa kotia ei kuitenkaan l\u00f6ytynyt, mutta sattuma toi eteen tontin Espoon Westendist\u00e4.<\/p>\n<p>&#8211; Kivitalo tuntui ainoalta oikealta ratkaisulta t\u00e4lle tontille ja asuinalueelle. Se on laadukas ja energiatehokas ratkaisu, is\u00e4nt\u00e4 tiivist\u00e4\u00e4.<\/p>\n<p>Talotoimittajaksi perhe valitsi Lammi-Kivitalot, koska he olivat kuulleet paljon hyv\u00e4\u00e4 yrityksest\u00e4. Ammattilaiset kehuivat mittatarkkoja harkkoja, ja tulevaisuutta ajatellen my\u00f6s talon j\u00e4lleenmyyntiarvon ajateltiin olevan parempi, kun talofirma on tunnettu ja arvostettu.<\/p>\n<p>&#8211; Pyysimme lopulta tarjoukset kahdelta talotoimittajalta ja Lammi-Kivitalot vei voiton, pariskunta kertoo.<\/p>\n<p><span style=\"font-size: 21px\"><strong>Unelmasta totta <\/strong><\/span><\/p>\n<p>Perheen is\u00e4nt\u00e4 oli haaveillut kivitalosta jo pitk\u00e4\u00e4n. Melko ahtaalle tontille ei kuitenkaan pystynyt sijoittamaan tuota unelmissa siint\u00e4nytt\u00e4 taloa, vaan lopputuloksena on uudenlainen unelma.<\/p>\n<p>&#8211; Meid\u00e4n kotimme on suunniteltu niin, ett\u00e4 lapsiperheen arkiolisi hyv\u00e4\u00e4 ja helppoa. Kokonaisuudesta tulee todella hyv\u00e4, vaikka emme olisi uskoneet, ett\u00e4 unelmiemme talo on t\u00e4llainen, rouva h\u00e4mm\u00e4stelee.<\/p>\n<p>Arkkitehti Pet Michael kuunteli perheen toiveet tarkasti ja suunnitteli niiden pohjalta kodin, joka t\u00e4ytt\u00e4\u00e4 rakennuskaavan vaatimukset, istuu tontille luontevasti ja toteuttaa jopa niit\u00e4 mahdottomilta tuntuneita haaveita.<\/p>\n<p>&#8211; Ammattilaisena h\u00e4n n\u00e4ki heti, mist\u00e4 kannattaa maksaa ja miten kodin kaikki neli\u00f6t saadaan hy\u00f6tyk\u00e4ytt\u00f6\u00f6n, is\u00e4nt\u00e4 kiittelee.<\/p>\n<p><img decoding=\"async\" class=\"size-large wp-image-9462 alignnone\" src=\"https:\/\/www.lammi.fi\/kivitalo\/wp-content\/uploads\/sites\/2\/2023\/06\/villawestend_ulko_30-1024x576.jpg\" alt=\"\" width=\"840\" height=\"473\" srcset=\"https:\/\/www.lammi.fi\/kivitalo\/wp-content\/uploads\/sites\/2\/2023\/06\/villawestend_ulko_30-1024x576.jpg 1024w, https:\/\/www.lammi.fi\/kivitalo\/wp-content\/uploads\/sites\/2\/2023\/06\/villawestend_ulko_30-300x169.jpg 300w, https:\/\/www.lammi.fi\/kivitalo\/wp-content\/uploads\/sites\/2\/2023\/06\/villawestend_ulko_30-768x432.jpg 768w, https:\/\/www.lammi.fi\/kivitalo\/wp-content\/uploads\/sites\/2\/2023\/06\/villawestend_ulko_30-1536x863.jpg 1536w, https:\/\/www.lammi.fi\/kivitalo\/wp-content\/uploads\/sites\/2\/2023\/06\/villawestend_ulko_30-2048x1151.jpg 2048w, https:\/\/www.lammi.fi\/kivitalo\/wp-content\/uploads\/sites\/2\/2023\/06\/villawestend_ulko_30-1200x675.jpg 1200w, https:\/\/www.lammi.fi\/kivitalo\/wp-content\/uploads\/sites\/2\/2023\/06\/villawestend_ulko_30-260x146.jpg 260w, https:\/\/www.lammi.fi\/kivitalo\/wp-content\/uploads\/sites\/2\/2023\/06\/villawestend_ulko_30-1067x600.jpg 1067w, https:\/\/www.lammi.fi\/kivitalo\/wp-content\/uploads\/sites\/2\/2023\/06\/villawestend_ulko_30-280x157.jpg 280w, https:\/\/www.lammi.fi\/kivitalo\/wp-content\/uploads\/sites\/2\/2023\/06\/villawestend_ulko_30-560x314.jpg 560w, https:\/\/www.lammi.fi\/kivitalo\/wp-content\/uploads\/sites\/2\/2023\/06\/villawestend_ulko_30-1815x1020.jpg 1815w\" sizes=\"(max-width: 709px) 85vw, (max-width: 909px) 67vw, (max-width: 1362px) 62vw, 840px\" \/><\/p>\n<p>Kaksikerroksisen kivitalon yl\u00e4kerrassa huonekorkeus on huikaisevat 3,5 metri\u00e4. Isojen ikkunoiden ansiosta tila on valoisa ja avara. Yl\u00e4kertaan sijoitettiin suuri avokeitti\u00f6 sek\u00e4 ruokailutila ja takkahuone, jotta yst\u00e4vien ja sukulaisten kanssa on helppo viett\u00e4\u00e4 aikaa yhdess\u00e4. Lis\u00e4ksi ylh\u00e4\u00e4ll\u00e4 on master bedroom sek\u00e4 lastenhuone ja vierashuone.<\/p>\n<p>Alakerrasta taas l\u00f6ytyy kylpyosasto, tv-huone, kodinhoitotilat sek\u00e4 ty\u00f6huone. Kaiken kruunaa suuri kattoterassi, jossa on my\u00f6s kahdeksan hengen poreamme.<\/p>\n<p>&#8211; Halusimme mahdollisimman korkeat huoneet, jotta tilantuntu maksimoidaan. Tykk\u00e4\u00e4mme my\u00f6s kutsua yst\u00e4vi\u00e4mme ja sukulaisiamme kyl\u00e4\u00e4n, joten suunnittelussa pidettiin koko ajan mieless\u00e4, ett\u00e4 juhlien ja illanistujaisten viett\u00e4minen onnistuu helposti, rouva kertoo.<\/p>\n<p><img decoding=\"async\" class=\"alignleft wp-image-9454 size-medium\" src=\"https:\/\/www.lammi.fi\/kivitalo\/wp-content\/uploads\/sites\/2\/2023\/06\/lammimaenrinne_11-200x300.jpg\" alt=\"\" width=\"200\" height=\"300\" srcset=\"https:\/\/www.lammi.fi\/kivitalo\/wp-content\/uploads\/sites\/2\/2023\/06\/lammimaenrinne_11-200x300.jpg 200w, https:\/\/www.lammi.fi\/kivitalo\/wp-content\/uploads\/sites\/2\/2023\/06\/lammimaenrinne_11-681x1024.jpg 681w, https:\/\/www.lammi.fi\/kivitalo\/wp-content\/uploads\/sites\/2\/2023\/06\/lammimaenrinne_11-768x1154.jpg 768w, https:\/\/www.lammi.fi\/kivitalo\/wp-content\/uploads\/sites\/2\/2023\/06\/lammimaenrinne_11-1022x1536.jpg 1022w, https:\/\/www.lammi.fi\/kivitalo\/wp-content\/uploads\/sites\/2\/2023\/06\/lammimaenrinne_11-1363x2048.jpg 1363w, https:\/\/www.lammi.fi\/kivitalo\/wp-content\/uploads\/sites\/2\/2023\/06\/lammimaenrinne_11-1200x1804.jpg 1200w, https:\/\/www.lammi.fi\/kivitalo\/wp-content\/uploads\/sites\/2\/2023\/06\/lammimaenrinne_11-173x260.jpg 173w, https:\/\/www.lammi.fi\/kivitalo\/wp-content\/uploads\/sites\/2\/2023\/06\/lammimaenrinne_11-399x600.jpg 399w, https:\/\/www.lammi.fi\/kivitalo\/wp-content\/uploads\/sites\/2\/2023\/06\/lammimaenrinne_11-906x1362.jpg 906w, https:\/\/www.lammi.fi\/kivitalo\/wp-content\/uploads\/sites\/2\/2023\/06\/lammimaenrinne_11-scaled.jpg 1703w\" sizes=\"(max-width: 200px) 85vw, 200px\" \/><\/p>\n<p><span style=\"font-size: 21px\"><strong>Opettavaista ja yll\u00e4tt\u00e4v\u00e4\u00e4<\/strong><\/span><\/p>\n<p>Ensimm\u00e4ist\u00e4 omakotitaloaan rakentava perhe kuvailee projektia opettavaiseksi ja rankaksi mutta antoisaksi.<\/p>\n<p>&#8211; Halu saada oma koti auttaa jaksamaan vauvavuoden ja rakennuttamisurakan keskell\u00e4. Vaikka t\u00e4m\u00e4 ei ehk\u00e4 ole se helpoin el\u00e4m\u00e4nvaihe talon rakennuttamiseen, ajattelemme, ettei el\u00e4m\u00e4ss\u00e4 ole ikin\u00e4 t\u00e4ysin rauhallista hetke\u00e4. Asioihin on vain tartuttava ja ruvettava toteuttamaan niit\u00e4. Palkinto odottaa sitten projektin lopussa, is\u00e4nt\u00e4 kertoo.<\/p>\n<p>H\u00e4n on pit\u00e4nyt taloprojektin lankoja k\u00e4siss\u00e4\u00e4n vastaavan mestarin tuella. Matkan varrelle on mahtunut valtavasti yll\u00e4tyksi\u00e4 ja viel\u00e4 enemm\u00e4n nopeita p\u00e4\u00e4t\u00f6ksi\u00e4, mutta kaikesta on selvitty.<\/p>\n<p>&#8211; Vaikka emme osallistu itse rakentamiseen vaan ammattilaiset hoitavat sen puolen, projektinhallinta vie valtavasti aikaa. Koska rakennutamme ensimm\u00e4ist\u00e4 taloamme, jotta oikea vastaus hahmottuu. Samalla tule todenn\u00e4k\u00f6isesti vastaan jo seuraava kysymys, joka vaatii vastauksen, is\u00e4nt\u00e4 paljastaa.<\/p>\n<p>H\u00e4n kertoo, ett\u00e4 huolellisista suunnitelmista ja havainnekuvista huolimatta jotkin asiat n\u00e4kee kunnolla vasta tontilla. Niinp\u00e4 suunnitelmiin on tehty muutoksia matkan varrella, jotta lopputulos on mahdollisimman hyv\u00e4.<\/p>\n<p>&#8211; Keskustelimme yksi p\u00e4iv\u00e4 siit\u00e4, ett\u00e4 jos talon rakentaminen olisi helppoa, kaikki rakennuttaisivat itselleen kodin. Kokemuksena t\u00e4m\u00e4 projekti on ollut mielenkiintoinen ja kielt\u00e4m\u00e4tt\u00e4 vauvavuoteen sijoittuva rakentaminen on kasvattanut k\u00e4rsiv\u00e4llisyytt\u00e4, rouva naurahtaa.<\/p>\n<p><img decoding=\"async\" class=\"size-large wp-image-9456 alignnone\" src=\"https:\/\/www.lammi.fi\/kivitalo\/wp-content\/uploads\/sites\/2\/2023\/06\/lammimaenrinne_29-1024x681.jpg\" alt=\"\" width=\"840\" height=\"559\" srcset=\"https:\/\/www.lammi.fi\/kivitalo\/wp-content\/uploads\/sites\/2\/2023\/06\/lammimaenrinne_29-1024x681.jpg 1024w, https:\/\/www.lammi.fi\/kivitalo\/wp-content\/uploads\/sites\/2\/2023\/06\/lammimaenrinne_29-300x200.jpg 300w, https:\/\/www.lammi.fi\/kivitalo\/wp-content\/uploads\/sites\/2\/2023\/06\/lammimaenrinne_29-768x511.jpg 768w, https:\/\/www.lammi.fi\/kivitalo\/wp-content\/uploads\/sites\/2\/2023\/06\/lammimaenrinne_29-1536x1022.jpg 1536w, https:\/\/www.lammi.fi\/kivitalo\/wp-content\/uploads\/sites\/2\/2023\/06\/lammimaenrinne_29-2048x1362.jpg 2048w, https:\/\/www.lammi.fi\/kivitalo\/wp-content\/uploads\/sites\/2\/2023\/06\/lammimaenrinne_29-1200x798.jpg 1200w, https:\/\/www.lammi.fi\/kivitalo\/wp-content\/uploads\/sites\/2\/2023\/06\/lammimaenrinne_29-260x173.jpg 260w, https:\/\/www.lammi.fi\/kivitalo\/wp-content\/uploads\/sites\/2\/2023\/06\/lammimaenrinne_29-902x600.jpg 902w, https:\/\/www.lammi.fi\/kivitalo\/wp-content\/uploads\/sites\/2\/2023\/06\/lammimaenrinne_29-1815x1207.jpg 1815w\" sizes=\"(max-width: 709px) 85vw, (max-width: 909px) 67vw, (max-width: 1362px) 62vw, 840px\" \/><\/p>\n<p><strong>Artikkeli julkaistu alun perin Lammi Koti 2020 -lehdess\u00e4.<br \/>\nLis\u00e4\u00e4 kohteen (kohde nro 46) kuvia l\u00f6yd\u00e4t <a href=\"https:\/\/www.lammi.fi\/kivitalo\/talomallisto\/talogalleria\/\" target=\"_blank\" rel=\"noopener\">Talogalleriastamme<\/a>.<br \/>\n<\/strong><\/p>\n<p><a class=\"button\" href=\"https:\/\/www.lammi.fi\/kivitalo\/ideointi\/talotarinat\/\"><span class=\"author\" data-authorid=\"PgeWrHAgwNQPN4BzN\">Palaa takaisin Talotarinoihin \u00bb<\/span><\/a><\/p>\n","protected":false},"excerpt":{"rendered":"<p>Laatutietoisen lapsiperheen unelma Espoossa sijaitseva Lammi Kivitalo t\u00e4ytt\u00e4\u00e4 laatutietoisen lapsiperheen vaatimukset. Koti on suunniteltu arjen helppous edell\u00e4 ja ratkaisuissa on kiinnitetty huomiota my\u00f6s siihen, ett\u00e4 tilaa riitt\u00e4\u00e4 yst\u00e4vien ja sukulaisten kanssa vietett\u00e4vi\u00e4 juhlia ajatellen. Pariskunta oli juuri ostaneet kerrostalokaksion, kun perheen esikoinen ilmoitti tulostaan. Perheenlis\u00e4yksen my\u00f6t\u00e4 tilantarve muuttui ja perhe rupesi etsim\u00e4\u00e4n uutta asuntoa. Sopivaa &hellip; <a href=\"https:\/\/www.lammi.fi\/kivitalo\/ideointi\/talotarinat\/laatutietoisen-lapsiperheen-unelma\/\" class=\"more-link\">Lue lis\u00e4\u00e4<span class=\"screen-reader-text\"> &#8221;Laatutietoisen lapsiperheen unelma&#8221;<\/span><\/a><\/p>\n","protected":false},"author":11,"featured_media":0,"parent":1802,"menu_order":0,"comment_status":"closed","ping_status":"closed","template":"","meta":{"_acf_changed":false,"_improvement_type_select":"improve_an_existing","_thumb_yes_seoaic":false,"_frame_yes_seoaic":false,"seoaic_generate_description":"","seoaic_improve_instructions_prompt":"","seoaic_rollback_content_improvement":"","seoaic_idea_thumbnail_generator":"","thumbnail_generated":false,"thumbnail_generate_prompt":"","seoaic_article_description":"","footnotes":""},"class_list":["post-11996","page","type-page","status-publish","hentry"],"acf":[],"yoast_head":"<!-- This site is optimized with the Yoast SEO plugin v27.1.1 - https:\/\/yoast.com\/product\/yoast-seo-wordpress\/ -->\n<title>Laatutietoisen lapsiperheen unelma - Lammi Kivitalo<\/title>\n<meta name=\"description\" content=\"Jokaisella Lammi Kivitalon rakentajalla on oma tarina kerrottavanaan. Lue, miksi asiakkaamme ovat p\u00e4\u00e4tyneet juuri Lammi Kivitaloon.\" \/>\n<link rel=\"canonical\" href=\"https:\/\/www.lammi.fi\/kivitalo\/ideointi\/talotarinat\/laatutietoisen-lapsiperheen-unelma\/\" \/>\n<meta property=\"og:locale\" content=\"fi_FI\" \/>\n<meta property=\"og:type\" content=\"article\" \/>\n<meta property=\"og:title\" content=\"Laatutietoisen lapsiperheen unelma - Lammi Kivitalo\" \/>\n<meta property=\"og:description\" content=\"Jokaisella Lammi Kivitalon rakentajalla on oma tarina kerrottavanaan. Lue, miksi asiakkaamme ovat p\u00e4\u00e4tyneet juuri Lammi Kivitaloon.\" \/>\n<meta property=\"og:url\" content=\"https:\/\/www.lammi.fi\/kivitalo\/ideointi\/talotarinat\/laatutietoisen-lapsiperheen-unelma\/\" \/>\n<meta property=\"og:site_name\" content=\"Lammi Kivitalo\" \/>\n<meta property=\"article:publisher\" content=\"https:\/\/www.facebook.com\/LammiKivitalot\" \/>\n<meta property=\"article:modified_time\" content=\"2025-09-29T07:08:38+00:00\" \/>\n<meta property=\"og:image\" content=\"https:\/\/www.lammi.fi\/kivitalo\/wp-content\/uploads\/sites\/2\/2023\/06\/villawestend_ulko_11-scaled.jpg\" \/>\n\t<meta property=\"og:image:width\" content=\"2560\" \/>\n\t<meta property=\"og:image:height\" content=\"1711\" \/>\n\t<meta property=\"og:image:type\" content=\"image\/jpeg\" \/>\n<meta name=\"twitter:card\" content=\"summary_large_image\" \/>\n<meta name=\"twitter:label1\" content=\"Arvioitu lukuaika\" \/>\n\t<meta name=\"twitter:data1\" content=\"4 minuuttia\" \/>\n<script type=\"application\/ld+json\" class=\"yoast-schema-graph\">{\"@context\":\"https:\/\/schema.org\",\"@graph\":[{\"@type\":\"WebPage\",\"@id\":\"https:\/\/www.lammi.fi\/kivitalo\/ideointi\/talotarinat\/laatutietoisen-lapsiperheen-unelma\/\",\"url\":\"https:\/\/www.lammi.fi\/kivitalo\/ideointi\/talotarinat\/laatutietoisen-lapsiperheen-unelma\/\",\"name\":\"Laatutietoisen lapsiperheen unelma - Lammi Kivitalo\",\"isPartOf\":{\"@id\":\"https:\/\/www.lammi.fi\/kivitalo\/#website\"},\"primaryImageOfPage\":{\"@id\":\"https:\/\/www.lammi.fi\/kivitalo\/ideointi\/talotarinat\/laatutietoisen-lapsiperheen-unelma\/#primaryimage\"},\"image\":{\"@id\":\"https:\/\/www.lammi.fi\/kivitalo\/ideointi\/talotarinat\/laatutietoisen-lapsiperheen-unelma\/#primaryimage\"},\"thumbnailUrl\":\"https:\/\/www.lammi.fi\/kivitalo\/wp-content\/uploads\/sites\/2\/2023\/06\/villawestend_ulko_11-1024x684.jpg\",\"datePublished\":\"2024-04-23T06:36:06+00:00\",\"dateModified\":\"2025-09-29T07:08:38+00:00\",\"description\":\"Jokaisella Lammi Kivitalon rakentajalla on oma tarina kerrottavanaan. Lue, miksi asiakkaamme ovat p\u00e4\u00e4tyneet juuri Lammi Kivitaloon.\",\"breadcrumb\":{\"@id\":\"https:\/\/www.lammi.fi\/kivitalo\/ideointi\/talotarinat\/laatutietoisen-lapsiperheen-unelma\/#breadcrumb\"},\"inLanguage\":\"fi\",\"potentialAction\":[{\"@type\":\"ReadAction\",\"target\":[\"https:\/\/www.lammi.fi\/kivitalo\/ideointi\/talotarinat\/laatutietoisen-lapsiperheen-unelma\/\"]}]},{\"@type\":\"ImageObject\",\"inLanguage\":\"fi\",\"@id\":\"https:\/\/www.lammi.fi\/kivitalo\/ideointi\/talotarinat\/laatutietoisen-lapsiperheen-unelma\/#primaryimage\",\"url\":\"https:\/\/www.lammi.fi\/kivitalo\/wp-content\/uploads\/sites\/2\/2023\/06\/villawestend_ulko_11-scaled.jpg\",\"contentUrl\":\"https:\/\/www.lammi.fi\/kivitalo\/wp-content\/uploads\/sites\/2\/2023\/06\/villawestend_ulko_11-scaled.jpg\",\"width\":2560,\"height\":1711},{\"@type\":\"BreadcrumbList\",\"@id\":\"https:\/\/www.lammi.fi\/kivitalo\/ideointi\/talotarinat\/laatutietoisen-lapsiperheen-unelma\/#breadcrumb\",\"itemListElement\":[{\"@type\":\"ListItem\",\"position\":1,\"name\":\"Lammi.fi\",\"item\":\"https:\/\/www.lammi.fi\"},{\"@type\":\"ListItem\",\"position\":2,\"name\":\"Lammi Kivitalo\",\"item\":\"https:\/\/www.lammi.fi\/kivitalo\/\"},{\"@type\":\"ListItem\",\"position\":3,\"name\":\"Ideointi\",\"item\":\"https:\/\/www.lammi.fi\/kivitalo\/ideointi\/\"},{\"@type\":\"ListItem\",\"position\":4,\"name\":\"Talotarinat\",\"item\":\"https:\/\/www.lammi.fi\/kivitalo\/ideointi\/talotarinat\/\"},{\"@type\":\"ListItem\",\"position\":5,\"name\":\"Laatutietoisen lapsiperheen unelma\"}]},{\"@type\":\"WebSite\",\"@id\":\"https:\/\/www.lammi.fi\/kivitalo\/#website\",\"url\":\"https:\/\/www.lammi.fi\/kivitalo\/\",\"name\":\"Lammi Kivitalo\",\"description\":\"\",\"publisher\":{\"@id\":\"https:\/\/www.lammi.fi\/kivitalo\/#organization\"},\"potentialAction\":[{\"@type\":\"SearchAction\",\"target\":{\"@type\":\"EntryPoint\",\"urlTemplate\":\"https:\/\/www.lammi.fi\/kivitalo\/?s={search_term_string}\"},\"query-input\":{\"@type\":\"PropertyValueSpecification\",\"valueRequired\":true,\"valueName\":\"search_term_string\"}}],\"inLanguage\":\"fi\"},{\"@type\":\"Organization\",\"@id\":\"https:\/\/www.lammi.fi\/kivitalo\/#organization\",\"name\":\"Lammi Kivitalo\",\"url\":\"https:\/\/www.lammi.fi\/kivitalo\/\",\"logo\":{\"@type\":\"ImageObject\",\"inLanguage\":\"fi\",\"@id\":\"https:\/\/www.lammi.fi\/kivitalo\/#\/schema\/logo\/image\/\",\"url\":\"https:\/\/www.lammi.fi\/kivitalo\/wp-content\/uploads\/sites\/2\/2018\/05\/cropped-lammi_logo.png\",\"contentUrl\":\"https:\/\/www.lammi.fi\/kivitalo\/wp-content\/uploads\/sites\/2\/2018\/05\/cropped-lammi_logo.png\",\"width\":240,\"height\":122,\"caption\":\"Lammi Kivitalo\"},\"image\":{\"@id\":\"https:\/\/www.lammi.fi\/kivitalo\/#\/schema\/logo\/image\/\"},\"sameAs\":[\"https:\/\/www.facebook.com\/LammiKivitalot\",\"https:\/\/www.instagram.com\/lammikivitalot\/\",\"https:\/\/fi.pinterest.com\/lammikivitalot\/\"]}]}<\/script>\n<!-- \/ Yoast SEO plugin. -->","yoast_head_json":{"title":"Laatutietoisen lapsiperheen unelma - Lammi Kivitalo","description":"Jokaisella Lammi Kivitalon rakentajalla on oma tarina kerrottavanaan. Lue, miksi asiakkaamme ovat p\u00e4\u00e4tyneet juuri Lammi Kivitaloon.","canonical":"https:\/\/www.lammi.fi\/kivitalo\/ideointi\/talotarinat\/laatutietoisen-lapsiperheen-unelma\/","og_locale":"fi_FI","og_type":"article","og_title":"Laatutietoisen lapsiperheen unelma - Lammi Kivitalo","og_description":"Jokaisella Lammi Kivitalon rakentajalla on oma tarina kerrottavanaan. Lue, miksi asiakkaamme ovat p\u00e4\u00e4tyneet juuri Lammi Kivitaloon.","og_url":"https:\/\/www.lammi.fi\/kivitalo\/ideointi\/talotarinat\/laatutietoisen-lapsiperheen-unelma\/","og_site_name":"Lammi Kivitalo","article_publisher":"https:\/\/www.facebook.com\/LammiKivitalot","article_modified_time":"2025-09-29T07:08:38+00:00","og_image":[{"width":2560,"height":1711,"url":"https:\/\/www.lammi.fi\/kivitalo\/wp-content\/uploads\/sites\/2\/2023\/06\/villawestend_ulko_11-scaled.jpg","type":"image\/jpeg"}],"twitter_card":"summary_large_image","twitter_misc":{"Arvioitu lukuaika":"4 minuuttia"},"schema":{"@context":"https:\/\/schema.org","@graph":[{"@type":"WebPage","@id":"https:\/\/www.lammi.fi\/kivitalo\/ideointi\/talotarinat\/laatutietoisen-lapsiperheen-unelma\/","url":"https:\/\/www.lammi.fi\/kivitalo\/ideointi\/talotarinat\/laatutietoisen-lapsiperheen-unelma\/","name":"Laatutietoisen lapsiperheen unelma - Lammi Kivitalo","isPartOf":{"@id":"https:\/\/www.lammi.fi\/kivitalo\/#website"},"primaryImageOfPage":{"@id":"https:\/\/www.lammi.fi\/kivitalo\/ideointi\/talotarinat\/laatutietoisen-lapsiperheen-unelma\/#primaryimage"},"image":{"@id":"https:\/\/www.lammi.fi\/kivitalo\/ideointi\/talotarinat\/laatutietoisen-lapsiperheen-unelma\/#primaryimage"},"thumbnailUrl":"https:\/\/www.lammi.fi\/kivitalo\/wp-content\/uploads\/sites\/2\/2023\/06\/villawestend_ulko_11-1024x684.jpg","datePublished":"2024-04-23T06:36:06+00:00","dateModified":"2025-09-29T07:08:38+00:00","description":"Jokaisella Lammi Kivitalon rakentajalla on oma tarina kerrottavanaan. Lue, miksi asiakkaamme ovat p\u00e4\u00e4tyneet juuri Lammi Kivitaloon.","breadcrumb":{"@id":"https:\/\/www.lammi.fi\/kivitalo\/ideointi\/talotarinat\/laatutietoisen-lapsiperheen-unelma\/#breadcrumb"},"inLanguage":"fi","potentialAction":[{"@type":"ReadAction","target":["https:\/\/www.lammi.fi\/kivitalo\/ideointi\/talotarinat\/laatutietoisen-lapsiperheen-unelma\/"]}]},{"@type":"ImageObject","inLanguage":"fi","@id":"https:\/\/www.lammi.fi\/kivitalo\/ideointi\/talotarinat\/laatutietoisen-lapsiperheen-unelma\/#primaryimage","url":"https:\/\/www.lammi.fi\/kivitalo\/wp-content\/uploads\/sites\/2\/2023\/06\/villawestend_ulko_11-scaled.jpg","contentUrl":"https:\/\/www.lammi.fi\/kivitalo\/wp-content\/uploads\/sites\/2\/2023\/06\/villawestend_ulko_11-scaled.jpg","width":2560,"height":1711},{"@type":"BreadcrumbList","@id":"https:\/\/www.lammi.fi\/kivitalo\/ideointi\/talotarinat\/laatutietoisen-lapsiperheen-unelma\/#breadcrumb","itemListElement":[{"@type":"ListItem","position":1,"name":"Lammi.fi","item":"https:\/\/www.lammi.fi"},{"@type":"ListItem","position":2,"name":"Lammi Kivitalo","item":"https:\/\/www.lammi.fi\/kivitalo\/"},{"@type":"ListItem","position":3,"name":"Ideointi","item":"https:\/\/www.lammi.fi\/kivitalo\/ideointi\/"},{"@type":"ListItem","position":4,"name":"Talotarinat","item":"https:\/\/www.lammi.fi\/kivitalo\/ideointi\/talotarinat\/"},{"@type":"ListItem","position":5,"name":"Laatutietoisen lapsiperheen unelma"}]},{"@type":"WebSite","@id":"https:\/\/www.lammi.fi\/kivitalo\/#website","url":"https:\/\/www.lammi.fi\/kivitalo\/","name":"Lammi Kivitalo","description":"","publisher":{"@id":"https:\/\/www.lammi.fi\/kivitalo\/#organization"},"potentialAction":[{"@type":"SearchAction","target":{"@type":"EntryPoint","urlTemplate":"https:\/\/www.lammi.fi\/kivitalo\/?s={search_term_string}"},"query-input":{"@type":"PropertyValueSpecification","valueRequired":true,"valueName":"search_term_string"}}],"inLanguage":"fi"},{"@type":"Organization","@id":"https:\/\/www.lammi.fi\/kivitalo\/#organization","name":"Lammi Kivitalo","url":"https:\/\/www.lammi.fi\/kivitalo\/","logo":{"@type":"ImageObject","inLanguage":"fi","@id":"https:\/\/www.lammi.fi\/kivitalo\/#\/schema\/logo\/image\/","url":"https:\/\/www.lammi.fi\/kivitalo\/wp-content\/uploads\/sites\/2\/2018\/05\/cropped-lammi_logo.png","contentUrl":"https:\/\/www.lammi.fi\/kivitalo\/wp-content\/uploads\/sites\/2\/2018\/05\/cropped-lammi_logo.png","width":240,"height":122,"caption":"Lammi Kivitalo"},"image":{"@id":"https:\/\/www.lammi.fi\/kivitalo\/#\/schema\/logo\/image\/"},"sameAs":["https:\/\/www.facebook.com\/LammiKivitalot","https:\/\/www.instagram.com\/lammikivitalot\/","https:\/\/fi.pinterest.com\/lammikivitalot\/"]}]}},"_links":{"self":[{"href":"https:\/\/www.lammi.fi\/kivitalo\/wp-json\/wp\/v2\/pages\/11996","targetHints":{"allow":["GET"]}}],"collection":[{"href":"https:\/\/www.lammi.fi\/kivitalo\/wp-json\/wp\/v2\/pages"}],"about":[{"href":"https:\/\/www.lammi.fi\/kivitalo\/wp-json\/wp\/v2\/types\/page"}],"author":[{"embeddable":true,"href":"https:\/\/www.lammi.fi\/kivitalo\/wp-json\/wp\/v2\/users\/11"}],"replies":[{"embeddable":true,"href":"https:\/\/www.lammi.fi\/kivitalo\/wp-json\/wp\/v2\/comments?post=11996"}],"version-history":[{"count":4,"href":"https:\/\/www.lammi.fi\/kivitalo\/wp-json\/wp\/v2\/pages\/11996\/revisions"}],"predecessor-version":[{"id":12503,"href":"https:\/\/www.lammi.fi\/kivitalo\/wp-json\/wp\/v2\/pages\/11996\/revisions\/12503"}],"up":[{"embeddable":true,"href":"https:\/\/www.lammi.fi\/kivitalo\/wp-json\/wp\/v2\/pages\/1802"}],"wp:attachment":[{"href":"https:\/\/www.lammi.fi\/kivitalo\/wp-json\/wp\/v2\/media?parent=11996"}],"curies":[{"name":"wp","href":"https:\/\/api.w.org\/{rel}","templated":true}]}}