{"id":11,"date":"2018-05-21T10:23:45","date_gmt":"2018-05-21T10:23:45","guid":{"rendered":"https:\/\/www.lammi.fi\/kivitalo\/?page_id=11"},"modified":"2025-08-29T15:06:03","modified_gmt":"2025-08-29T12:06:03","slug":"rakentaminen","status":"publish","type":"page","link":"https:\/\/www.lammi.fi\/kivitalo\/rakentaminen\/","title":{"rendered":"Rakentaminen"},"content":{"rendered":"<h1>Kivitalon yksil\u00f6llinen rakentaminen<\/h1>\n<p><strong>Yksil\u00f6llinen kivitalorakentaminen tapahtuu aina paikalla rakentaen. Useimmiten urakkamuotona on <a href=\"https:\/\/www.lammi.fi\/kivitalo\/rakentaminen\/hankkeen-toteutus\/\">osaurakointi<\/a>, jolloin pystytys on jaettu muutamalle eri urakoitsijoille eri ty\u00f6vaiheiden mukaisesti.<\/strong><\/p>\n<p>Parhaan laadun takaamiseksi Lammilla on\u00a0laaja ja laadukas yhteisty\u00f6verkosto, jonka toimijoiden kanssa yhteisty\u00f6t\u00e4 on tehty jo vuosien ajan. Kauttamme l\u00f6ytyy\u00a0tekij\u00e4 jokaiseen ty\u00f6vaiheeseen aina arkkitehtisuunnittelusta pihan viimeistelyyn saakka.<\/p>\n<p><img decoding=\"async\" class=\"alignnone wp-image-1737 size-large\" src=\"https:\/\/www.lammi.fi\/kivitalo\/wp-content\/uploads\/sites\/2\/2018\/07\/kuva_rakentaminen_6-1024x512.jpg\" alt=\"Kivitalon rakentaminen\" width=\"840\" height=\"420\" srcset=\"https:\/\/www.lammi.fi\/kivitalo\/wp-content\/uploads\/sites\/2\/2018\/07\/kuva_rakentaminen_6-1024x512.jpg 1024w, https:\/\/www.lammi.fi\/kivitalo\/wp-content\/uploads\/sites\/2\/2018\/07\/kuva_rakentaminen_6-300x150.jpg 300w, https:\/\/www.lammi.fi\/kivitalo\/wp-content\/uploads\/sites\/2\/2018\/07\/kuva_rakentaminen_6-768x384.jpg 768w, https:\/\/www.lammi.fi\/kivitalo\/wp-content\/uploads\/sites\/2\/2018\/07\/kuva_rakentaminen_6-1200x600.jpg 1200w, https:\/\/www.lammi.fi\/kivitalo\/wp-content\/uploads\/sites\/2\/2018\/07\/kuva_rakentaminen_6.jpg 1333w\" sizes=\"(max-width: 709px) 85vw, (max-width: 909px) 67vw, (max-width: 1362px) 62vw, 840px\" \/><\/p>\n<p>Lammi Kivitalo valmistuu laadukkaasti ja vaivattomasti, kun rakennushankkeella on osaava projektinjohtaja. Projektinjohtajan palkkaamiseen ei ole lakis\u00e4\u00e4teist\u00e4 velvoitetta, mutta ammattitaitoisen henkil\u00f6n avulla rakennuttaja voi s\u00e4\u00e4st\u00e4\u00e4 isojakin summia rahaa.<\/p>\n<p>Kivitalosta haaveilevan kannattaa ottaa rohkeasti yhteytt\u00e4 <a href=\"https:\/\/www.lammi.fi\/yhteystiedot\/?service=myynti-ja-asiakaspalvelu&amp;service_child=588\" target=\"_blank\" rel=\"noopener\">Lammi Kivitalo -myyj\u00e4\u00e4n<\/a>. H\u00e4nen p\u00f6yt\u00e4ns\u00e4 \u00e4\u00e4rest\u00e4 l\u00f6ytyy vastaus ja tekij\u00e4 kaikkeen kivitalon rakentamiseen liittyv\u00e4\u00e4n.<\/p>\n<h2>Kokonaisuus hallinnassa<\/h2>\n<p>Pientalojen kohdalla vastaava ty\u00f6njohtaja ja projektinjohtaja ovat monesti sama henkil\u00f6, sill\u00e4 heid\u00e4n toimenkuvissaan on p\u00e4\u00e4llekk\u00e4isyyksi\u00e4. Vastuuhenkil\u00f6iden roolitus ja ty\u00f6nkuvan laajuus sovitaan joka kerta erikseen, eli asiakas pystyy vaikuttamaan sek\u00e4 projektinjohtamisen kuluihin ett\u00e4 omiin vastuualueisiinsa.<\/p>\n<p>Asiakas voi toimia projektinjohtajana itsekin, mutta t\u00e4ss\u00e4 on hyv\u00e4 punnita oma ajank\u00e4ytt\u00f6 ja rakennusalan osaaminen.<\/p>\n<p><img decoding=\"async\" class=\"alignnone wp-image-1738 size-large\" src=\"https:\/\/www.lammi.fi\/kivitalo\/wp-content\/uploads\/sites\/2\/2018\/07\/kuva_rakentaminen_5-1024x512.jpg\" alt=\"Rakennusprojekti\" width=\"840\" height=\"420\" srcset=\"https:\/\/www.lammi.fi\/kivitalo\/wp-content\/uploads\/sites\/2\/2018\/07\/kuva_rakentaminen_5-1024x512.jpg 1024w, https:\/\/www.lammi.fi\/kivitalo\/wp-content\/uploads\/sites\/2\/2018\/07\/kuva_rakentaminen_5-300x150.jpg 300w, https:\/\/www.lammi.fi\/kivitalo\/wp-content\/uploads\/sites\/2\/2018\/07\/kuva_rakentaminen_5-768x384.jpg 768w, https:\/\/www.lammi.fi\/kivitalo\/wp-content\/uploads\/sites\/2\/2018\/07\/kuva_rakentaminen_5-1200x600.jpg 1200w, https:\/\/www.lammi.fi\/kivitalo\/wp-content\/uploads\/sites\/2\/2018\/07\/kuva_rakentaminen_5.jpg 1333w\" sizes=\"(max-width: 709px) 85vw, (max-width: 909px) 67vw, (max-width: 1362px) 62vw, 840px\" \/><\/p>\n<p>Kustannuksiin pystyy vaikuttamaan paljon viel\u00e4 arkkitehdin suunnittelup\u00f6yd\u00e4ll\u00e4, mutta toteutusvaiheessa s\u00e4\u00e4st\u00f6mahdollisuudet ovat rajallisemmat. Niinp\u00e4 projektinjohtajan kannattaisi olla mukana jopa arkkitehtia tavattaessa tai viimeist\u00e4\u00e4n talon <a href=\"https:\/\/www.lammi.fi\/kivitalo\/suunnittelu\/\">suunnitteluvaiheessa<\/a>.<\/p>\n<p>Projektinjohtaja pit\u00e4\u00e4 kuitenkin huolen siit\u00e4, ett\u00e4 kokonaisuus toimii.\u00a0Ammattilainen osaa kilpailuttaa ty\u00f6osuudet ja hankinnat sek\u00e4 laatia aikataulun, jonka avulla projekti etenee mahdollisimman jouhevasti.<\/p>\n<p><img decoding=\"async\" class=\"alignnone size-large wp-image-1744\" src=\"https:\/\/www.lammi.fi\/kivitalo\/wp-content\/uploads\/sites\/2\/2018\/07\/kuva_rakentaminen_7-2-1024x512.jpg\" alt=\"\" width=\"840\" height=\"420\" srcset=\"https:\/\/www.lammi.fi\/kivitalo\/wp-content\/uploads\/sites\/2\/2018\/07\/kuva_rakentaminen_7-2-1024x512.jpg 1024w, https:\/\/www.lammi.fi\/kivitalo\/wp-content\/uploads\/sites\/2\/2018\/07\/kuva_rakentaminen_7-2-300x150.jpg 300w, https:\/\/www.lammi.fi\/kivitalo\/wp-content\/uploads\/sites\/2\/2018\/07\/kuva_rakentaminen_7-2-768x384.jpg 768w, https:\/\/www.lammi.fi\/kivitalo\/wp-content\/uploads\/sites\/2\/2018\/07\/kuva_rakentaminen_7-2-1200x600.jpg 1200w, https:\/\/www.lammi.fi\/kivitalo\/wp-content\/uploads\/sites\/2\/2018\/07\/kuva_rakentaminen_7-2.jpg 1333w\" sizes=\"(max-width: 709px) 85vw, (max-width: 909px) 67vw, (max-width: 1362px) 62vw, 840px\" \/><\/p>\n<h2>Rakennusprojektin henkil\u00f6it\u00e4<\/h2>\n<p><strong>Vastaava ty\u00f6njohtaja<\/strong> varmistaa, ett\u00e4 ty\u00f6maalla noudatetaan rakentamista koskevia lakeja, s\u00e4\u00e4d\u00f6ksi\u00e4 ja m\u00e4\u00e4r\u00e4yksi\u00e4. Jokaisella rakennusprojektilla t\u00e4ytyy olla vastaava ty\u00f6njohtaja, jonka rakennusvalvonta on hyv\u00e4ksynyt.<\/p>\n<p><strong>Projektinjohtajan<\/strong> toimenkuva sovitaan erikseen joka taloprojektissa. H\u00e4nen teht\u00e4v\u00e4n\u00e4\u00e4n on varmistaa rakennushankkeen sujuva onnistuminen tarvekartoituksesta toteutukseen asti. Projektinjohtaja voi my\u00f6s hoitaa kilpailutukset ja urakointisopimusten tekemisen. Pientaloa rakennettaessa projektinjohtaja on usein sama henkil\u00f6 kuin vastaava ty\u00f6njohtaja.<\/p>\n<p><strong>Rakennustarkastaja <\/strong>my\u00f6nt\u00e4\u00e4 rakennusluvan ja valvoo, ett\u00e4 rakentaminen tapahtuu my\u00f6nnettyjen lupien ja hyv\u00e4ksyttyjen piirustusten mukaisesti.<\/p>\n<p><strong>Arkkitehti<\/strong> muuttaa asiakkaan toiveet omakotitalon piirustuksiksi. H\u00e4nen kanssaan k\u00e4yd\u00e4\u00e4n l\u00e4pi muun muassa tilank\u00e4ytt\u00f6\u00e4 ja talon ulkoasua. Kivitalorakentamisessa arkkitehti toimii usein my\u00f6s p\u00e4\u00e4suunnittelijana ja vastaa lupaprosessista sek\u00e4 eri suunnitelmien yhteensopivuudesta.<\/p>\n<p><strong>Rakennesuunnittelija<\/strong> vastaa talon perustusten sek\u00e4 rungon ja muiden rakenteiden suunnittelemisesta ja mitoittamisesta. H\u00e4n huolehtii my\u00f6s siit\u00e4, ett\u00e4 rakennus on toteutettavissa ja siit\u00e4 tulee rakennusteknisesti toimiva.<\/p>\n<p><strong>LVIS-suunnittelijan<\/strong> teht\u00e4v\u00e4n\u00e4 on laatia taloon toimivat vesi- ja viem\u00e4riverkostot. Lis\u00e4ksi h\u00e4n vastaa ilmanvaihto-, l\u00e4mmitys-, s\u00e4hk\u00f6-, valaistus- ja automaatiosuunnittelusta. Nykyisin valaistusuunnittelija on monesti erillinen henkil\u00f6 tai yritys.<\/p>\n<p><strong>Sisustussuunnittelija<\/strong> auttaa rakennuttajaa l\u00f6yt\u00e4m\u00e4\u00e4n toimivat ja sopivat sisustusratkaisut. H\u00e4nen kanssaan pohditaan sek\u00e4 talon sis\u00e4tilojen pintamateriaaleja ett\u00e4 kalusteita.<\/p>\n<p><strong>Pihasuunnittelija<\/strong> vastaa talon ulkopuolisten alueiden toimivuudesta. H\u00e4n laatii suunnitelman, jossa n\u00e4kyv\u00e4t <a href=\"https:\/\/www.lammi.fi\/kivitalo\/lammi-kivitalo\/muurikivet-ja-pihakivet\/\">pihalle<\/a> tuleva kasvillisuus sek\u00e4 oleskelu- ja terassialueet.<\/p>\n<p><strong>Urakoitsija<\/strong> on rakennuttajan palkkaama toimija, joka hoitaa sopimuksessa m\u00e4\u00e4ritellyn osan talon rakentamisesta. Omakotitalon ty\u00f6maalla toimii yleens\u00e4 useampia urakoitsijoita, joista kukin on oman alansa ammattilainen ja hoitaa oman osansa.<\/p>\n<h2>Rakentamisen budjetti<\/h2>\n<p>Saat kattavan kuvan kivitalon kustannuksiin vaikuttavista asioista <a href=\"https:\/\/www.lammi.fi\/kivitalo\/suunnittelu\/talomallisto\/kustannusmallit\/\">kustannusmalliemme<\/a>\u00a0avulla. Jokaiselle talomallillemme lasketussa kustannusmallissa on otettu huomioon muun muassa maarakentamisen, runkomateriaalien, talotekniikan, kalusteiden ja\u00a0<a href=\"https:\/\/www.lammi.fi\/kivitalo\/lammi-kivitalo\/muurikivet-ja-pihakivet\/\">piha-alueiden rakentamisen<\/a> vaikutukset kokonaiskustannuksiin.<\/p>\n<p>Verkossa on my\u00f6s monia ilmaisia kustannuslaskureita, joilla voit itsen\u00e4isesti hahmotella tulevan kotisi tavoitehintaa. T\u00e4llaisia ovat esimerkiksi <a href=\"https:\/\/talopeli.fi\/\" target=\"_blank\" rel=\"noopener\">TaloPeli<\/a>\u00a0ja\u00a0<a href=\"http:\/\/kivitalolaskin.mittaviiva.fi\/\" target=\"_blank\" rel=\"noopener\">Kivitalolaskin<\/a>.<\/p>\n<p>Rakentamisen kustannuksien lis\u00e4ksi on t\u00e4rke\u00e4\u00e4 arvioida my\u00f6s asumisen aikaisia kuluja.\u00a0<a href=\"https:\/\/www.rakennusteollisuus.fi\/Toimialat\/Rakennustuoteteollisuus-RTT\/\" target=\"_blank\" rel=\"noopener\">Rakennustuoteteollisuus RTT:n<\/a>\u00a0mukaan kivirakenteisella talolla on mahdollista s\u00e4\u00e4st\u00e4\u00e4 l\u00e4mmitysenergiasta 5\u201310 % ja j\u00e4\u00e4hdytykseen tarvittavasta energiasta jopa 50 %.<\/p>\n<p>Asiantuntijamme auttavat mielell\u00e4\u00e4n projektinne budjetoinnissa. Ota yhteytt\u00e4 paikalliseen <a href=\"https:\/\/www.lammi.fi\/yhteystiedot\/?service=myynti-ja-asiakaspalvelu&amp;service_child=588\" target=\"_blank\" rel=\"noopener\">Lammi Kivitalo -myyj\u00e4\u00e4n<\/a>.\u00a0tai\u00a0<a href=\"https:\/\/www.lammi.fi\/kivitalo\/yhteydenottopyynto\/\" target=\"_blank\" rel=\"noopener\">j\u00e4t\u00e4 meille yhteydenottopyynt\u00f6<\/a>.<\/p>\n","protected":false},"excerpt":{"rendered":"<p>Kivitalon yksil\u00f6llinen rakentaminen Yksil\u00f6llinen kivitalorakentaminen tapahtuu aina paikalla rakentaen. Useimmiten urakkamuotona on osaurakointi, jolloin pystytys on jaettu muutamalle eri urakoitsijoille eri ty\u00f6vaiheiden mukaisesti. Parhaan laadun takaamiseksi Lammilla on\u00a0laaja ja laadukas yhteisty\u00f6verkosto, jonka toimijoiden kanssa yhteisty\u00f6t\u00e4 on tehty jo vuosien ajan. Kauttamme l\u00f6ytyy\u00a0tekij\u00e4 jokaiseen ty\u00f6vaiheeseen aina arkkitehtisuunnittelusta pihan viimeistelyyn saakka. Lammi Kivitalo valmistuu laadukkaasti ja vaivattomasti, &hellip; <a href=\"https:\/\/www.lammi.fi\/kivitalo\/rakentaminen\/\" class=\"more-link\">Lue lis\u00e4\u00e4<span class=\"screen-reader-text\"> &#8221;Rakentaminen&#8221;<\/span><\/a><\/p>\n","protected":false},"author":1,"featured_media":0,"parent":0,"menu_order":0,"comment_status":"closed","ping_status":"closed","template":"","meta":{"_acf_changed":false,"_improvement_type_select":"improve_an_existing","_thumb_yes_seoaic":false,"_frame_yes_seoaic":false,"seoaic_generate_description":"","seoaic_improve_instructions_prompt":"","seoaic_rollback_content_improvement":"","seoaic_idea_thumbnail_generator":"","thumbnail_generated":false,"thumbnail_generate_prompt":"","seoaic_article_description":"","footnotes":""},"class_list":["post-11","page","type-page","status-publish","hentry"],"acf":[],"yoast_head":"<!-- This site is optimized with the Yoast SEO plugin v27.6 - https:\/\/yoast.com\/product\/yoast-seo-wordpress\/ -->\n<title>Lammi Kivitalo - Rakentaminen<\/title>\n<meta name=\"description\" content=\"Yhteisty\u00f6verkostomme kautta l\u00f6yd\u00e4mme rakentamisen projektinne kaikkiin ty\u00f6vaiheiseen osaavat tekij\u00e4t. Lue lis\u00e4\u00e4 talon rakentamisesta.\" \/>\n<link rel=\"canonical\" href=\"https:\/\/www.lammi.fi\/kivitalo\/rakentaminen\/\" \/>\n<meta property=\"og:locale\" content=\"fi_FI\" \/>\n<meta property=\"og:type\" content=\"article\" \/>\n<meta property=\"og:title\" content=\"Lammi Kivitalo - Rakentaminen\" \/>\n<meta property=\"og:description\" content=\"Yhteisty\u00f6verkostomme kautta l\u00f6yd\u00e4mme rakentamisen projektinne kaikkiin ty\u00f6vaiheiseen osaavat tekij\u00e4t. Lue lis\u00e4\u00e4 talon rakentamisesta.\" \/>\n<meta property=\"og:url\" content=\"https:\/\/www.lammi.fi\/kivitalo\/rakentaminen\/\" \/>\n<meta property=\"og:site_name\" content=\"Lammi Kivitalo\" \/>\n<meta property=\"article:publisher\" content=\"https:\/\/www.facebook.com\/LammiKivitalot\" \/>\n<meta property=\"article:modified_time\" content=\"2025-08-29T12:06:03+00:00\" \/>\n<meta property=\"og:image\" content=\"https:\/\/www.lammi.fi\/kivitalo\/wp-content\/uploads\/sites\/2\/2018\/07\/kuva_rakentaminen_6.jpg\" \/>\n\t<meta property=\"og:image:width\" content=\"1333\" \/>\n\t<meta property=\"og:image:height\" content=\"667\" \/>\n\t<meta property=\"og:image:type\" content=\"image\/jpeg\" \/>\n<meta name=\"twitter:card\" content=\"summary_large_image\" \/>\n<meta name=\"twitter:label1\" content=\"Arvioitu lukuaika\" \/>\n\t<meta name=\"twitter:data1\" content=\"4 minuuttia\" \/>\n<script type=\"application\/ld+json\" class=\"yoast-schema-graph\">{\"@context\":\"https:\\\/\\\/schema.org\",\"@graph\":[{\"@type\":\"WebPage\",\"@id\":\"https:\\\/\\\/www.lammi.fi\\\/kivitalo\\\/rakentaminen\\\/\",\"url\":\"https:\\\/\\\/www.lammi.fi\\\/kivitalo\\\/rakentaminen\\\/\",\"name\":\"Lammi Kivitalo - Rakentaminen\",\"isPartOf\":{\"@id\":\"https:\\\/\\\/www.lammi.fi\\\/kivitalo\\\/#website\"},\"primaryImageOfPage\":{\"@id\":\"https:\\\/\\\/www.lammi.fi\\\/kivitalo\\\/rakentaminen\\\/#primaryimage\"},\"image\":{\"@id\":\"https:\\\/\\\/www.lammi.fi\\\/kivitalo\\\/rakentaminen\\\/#primaryimage\"},\"thumbnailUrl\":\"https:\\\/\\\/www.lammi.fi\\\/kivitalo\\\/wp-content\\\/uploads\\\/sites\\\/2\\\/2018\\\/07\\\/kuva_rakentaminen_6-1024x512.jpg\",\"datePublished\":\"2018-05-21T10:23:45+00:00\",\"dateModified\":\"2025-08-29T12:06:03+00:00\",\"description\":\"Yhteisty\u00f6verkostomme kautta l\u00f6yd\u00e4mme rakentamisen projektinne kaikkiin ty\u00f6vaiheiseen osaavat tekij\u00e4t. Lue lis\u00e4\u00e4 talon rakentamisesta.\",\"breadcrumb\":{\"@id\":\"https:\\\/\\\/www.lammi.fi\\\/kivitalo\\\/rakentaminen\\\/#breadcrumb\"},\"inLanguage\":\"fi\",\"potentialAction\":[{\"@type\":\"ReadAction\",\"target\":[\"https:\\\/\\\/www.lammi.fi\\\/kivitalo\\\/rakentaminen\\\/\"]}]},{\"@type\":\"ImageObject\",\"inLanguage\":\"fi\",\"@id\":\"https:\\\/\\\/www.lammi.fi\\\/kivitalo\\\/rakentaminen\\\/#primaryimage\",\"url\":\"https:\\\/\\\/www.lammi.fi\\\/kivitalo\\\/wp-content\\\/uploads\\\/sites\\\/2\\\/2018\\\/07\\\/kuva_rakentaminen_6.jpg\",\"contentUrl\":\"https:\\\/\\\/www.lammi.fi\\\/kivitalo\\\/wp-content\\\/uploads\\\/sites\\\/2\\\/2018\\\/07\\\/kuva_rakentaminen_6.jpg\",\"width\":1333,\"height\":667},{\"@type\":\"BreadcrumbList\",\"@id\":\"https:\\\/\\\/www.lammi.fi\\\/kivitalo\\\/rakentaminen\\\/#breadcrumb\",\"itemListElement\":[{\"@type\":\"ListItem\",\"position\":1,\"name\":\"Lammi.fi\",\"item\":\"https:\\\/\\\/www.lammi.fi\"},{\"@type\":\"ListItem\",\"position\":2,\"name\":\"Lammi Kivitalo\",\"item\":\"https:\\\/\\\/www.lammi.fi\\\/kivitalo\\\/\"},{\"@type\":\"ListItem\",\"position\":3,\"name\":\"Rakentaminen\"}]},{\"@type\":\"WebSite\",\"@id\":\"https:\\\/\\\/www.lammi.fi\\\/kivitalo\\\/#website\",\"url\":\"https:\\\/\\\/www.lammi.fi\\\/kivitalo\\\/\",\"name\":\"Lammi Kivitalo\",\"description\":\"\",\"publisher\":{\"@id\":\"https:\\\/\\\/www.lammi.fi\\\/kivitalo\\\/#organization\"},\"potentialAction\":[{\"@type\":\"SearchAction\",\"target\":{\"@type\":\"EntryPoint\",\"urlTemplate\":\"https:\\\/\\\/www.lammi.fi\\\/kivitalo\\\/?s={search_term_string}\"},\"query-input\":{\"@type\":\"PropertyValueSpecification\",\"valueRequired\":true,\"valueName\":\"search_term_string\"}}],\"inLanguage\":\"fi\"},{\"@type\":\"Organization\",\"@id\":\"https:\\\/\\\/www.lammi.fi\\\/kivitalo\\\/#organization\",\"name\":\"Lammi Kivitalo\",\"url\":\"https:\\\/\\\/www.lammi.fi\\\/kivitalo\\\/\",\"logo\":{\"@type\":\"ImageObject\",\"inLanguage\":\"fi\",\"@id\":\"https:\\\/\\\/www.lammi.fi\\\/kivitalo\\\/#\\\/schema\\\/logo\\\/image\\\/\",\"url\":\"https:\\\/\\\/www.lammi.fi\\\/kivitalo\\\/wp-content\\\/uploads\\\/sites\\\/2\\\/2018\\\/05\\\/cropped-lammi_logo.png\",\"contentUrl\":\"https:\\\/\\\/www.lammi.fi\\\/kivitalo\\\/wp-content\\\/uploads\\\/sites\\\/2\\\/2018\\\/05\\\/cropped-lammi_logo.png\",\"width\":240,\"height\":122,\"caption\":\"Lammi Kivitalo\"},\"image\":{\"@id\":\"https:\\\/\\\/www.lammi.fi\\\/kivitalo\\\/#\\\/schema\\\/logo\\\/image\\\/\"},\"sameAs\":[\"https:\\\/\\\/www.facebook.com\\\/LammiKivitalot\",\"https:\\\/\\\/www.instagram.com\\\/lammikivitalot\\\/\",\"https:\\\/\\\/fi.pinterest.com\\\/lammikivitalot\\\/\"]}]}<\/script>\n<!-- \/ Yoast SEO plugin. -->","yoast_head_json":{"title":"Lammi Kivitalo - Rakentaminen","description":"Yhteisty\u00f6verkostomme kautta l\u00f6yd\u00e4mme rakentamisen projektinne kaikkiin ty\u00f6vaiheiseen osaavat tekij\u00e4t. Lue lis\u00e4\u00e4 talon rakentamisesta.","canonical":"https:\/\/www.lammi.fi\/kivitalo\/rakentaminen\/","og_locale":"fi_FI","og_type":"article","og_title":"Lammi Kivitalo - Rakentaminen","og_description":"Yhteisty\u00f6verkostomme kautta l\u00f6yd\u00e4mme rakentamisen projektinne kaikkiin ty\u00f6vaiheiseen osaavat tekij\u00e4t. Lue lis\u00e4\u00e4 talon rakentamisesta.","og_url":"https:\/\/www.lammi.fi\/kivitalo\/rakentaminen\/","og_site_name":"Lammi Kivitalo","article_publisher":"https:\/\/www.facebook.com\/LammiKivitalot","article_modified_time":"2025-08-29T12:06:03+00:00","og_image":[{"width":1333,"height":667,"url":"https:\/\/www.lammi.fi\/kivitalo\/wp-content\/uploads\/sites\/2\/2018\/07\/kuva_rakentaminen_6.jpg","type":"image\/jpeg"}],"twitter_card":"summary_large_image","twitter_misc":{"Arvioitu lukuaika":"4 minuuttia"},"schema":{"@context":"https:\/\/schema.org","@graph":[{"@type":"WebPage","@id":"https:\/\/www.lammi.fi\/kivitalo\/rakentaminen\/","url":"https:\/\/www.lammi.fi\/kivitalo\/rakentaminen\/","name":"Lammi Kivitalo - Rakentaminen","isPartOf":{"@id":"https:\/\/www.lammi.fi\/kivitalo\/#website"},"primaryImageOfPage":{"@id":"https:\/\/www.lammi.fi\/kivitalo\/rakentaminen\/#primaryimage"},"image":{"@id":"https:\/\/www.lammi.fi\/kivitalo\/rakentaminen\/#primaryimage"},"thumbnailUrl":"https:\/\/www.lammi.fi\/kivitalo\/wp-content\/uploads\/sites\/2\/2018\/07\/kuva_rakentaminen_6-1024x512.jpg","datePublished":"2018-05-21T10:23:45+00:00","dateModified":"2025-08-29T12:06:03+00:00","description":"Yhteisty\u00f6verkostomme kautta l\u00f6yd\u00e4mme rakentamisen projektinne kaikkiin ty\u00f6vaiheiseen osaavat tekij\u00e4t. Lue lis\u00e4\u00e4 talon rakentamisesta.","breadcrumb":{"@id":"https:\/\/www.lammi.fi\/kivitalo\/rakentaminen\/#breadcrumb"},"inLanguage":"fi","potentialAction":[{"@type":"ReadAction","target":["https:\/\/www.lammi.fi\/kivitalo\/rakentaminen\/"]}]},{"@type":"ImageObject","inLanguage":"fi","@id":"https:\/\/www.lammi.fi\/kivitalo\/rakentaminen\/#primaryimage","url":"https:\/\/www.lammi.fi\/kivitalo\/wp-content\/uploads\/sites\/2\/2018\/07\/kuva_rakentaminen_6.jpg","contentUrl":"https:\/\/www.lammi.fi\/kivitalo\/wp-content\/uploads\/sites\/2\/2018\/07\/kuva_rakentaminen_6.jpg","width":1333,"height":667},{"@type":"BreadcrumbList","@id":"https:\/\/www.lammi.fi\/kivitalo\/rakentaminen\/#breadcrumb","itemListElement":[{"@type":"ListItem","position":1,"name":"Lammi.fi","item":"https:\/\/www.lammi.fi"},{"@type":"ListItem","position":2,"name":"Lammi Kivitalo","item":"https:\/\/www.lammi.fi\/kivitalo\/"},{"@type":"ListItem","position":3,"name":"Rakentaminen"}]},{"@type":"WebSite","@id":"https:\/\/www.lammi.fi\/kivitalo\/#website","url":"https:\/\/www.lammi.fi\/kivitalo\/","name":"Lammi Kivitalo","description":"","publisher":{"@id":"https:\/\/www.lammi.fi\/kivitalo\/#organization"},"potentialAction":[{"@type":"SearchAction","target":{"@type":"EntryPoint","urlTemplate":"https:\/\/www.lammi.fi\/kivitalo\/?s={search_term_string}"},"query-input":{"@type":"PropertyValueSpecification","valueRequired":true,"valueName":"search_term_string"}}],"inLanguage":"fi"},{"@type":"Organization","@id":"https:\/\/www.lammi.fi\/kivitalo\/#organization","name":"Lammi Kivitalo","url":"https:\/\/www.lammi.fi\/kivitalo\/","logo":{"@type":"ImageObject","inLanguage":"fi","@id":"https:\/\/www.lammi.fi\/kivitalo\/#\/schema\/logo\/image\/","url":"https:\/\/www.lammi.fi\/kivitalo\/wp-content\/uploads\/sites\/2\/2018\/05\/cropped-lammi_logo.png","contentUrl":"https:\/\/www.lammi.fi\/kivitalo\/wp-content\/uploads\/sites\/2\/2018\/05\/cropped-lammi_logo.png","width":240,"height":122,"caption":"Lammi Kivitalo"},"image":{"@id":"https:\/\/www.lammi.fi\/kivitalo\/#\/schema\/logo\/image\/"},"sameAs":["https:\/\/www.facebook.com\/LammiKivitalot","https:\/\/www.instagram.com\/lammikivitalot\/","https:\/\/fi.pinterest.com\/lammikivitalot\/"]}]}},"_links":{"self":[{"href":"https:\/\/www.lammi.fi\/kivitalo\/wp-json\/wp\/v2\/pages\/11","targetHints":{"allow":["GET"]}}],"collection":[{"href":"https:\/\/www.lammi.fi\/kivitalo\/wp-json\/wp\/v2\/pages"}],"about":[{"href":"https:\/\/www.lammi.fi\/kivitalo\/wp-json\/wp\/v2\/types\/page"}],"author":[{"embeddable":true,"href":"https:\/\/www.lammi.fi\/kivitalo\/wp-json\/wp\/v2\/users\/1"}],"replies":[{"embeddable":true,"href":"https:\/\/www.lammi.fi\/kivitalo\/wp-json\/wp\/v2\/comments?post=11"}],"version-history":[{"count":16,"href":"https:\/\/www.lammi.fi\/kivitalo\/wp-json\/wp\/v2\/pages\/11\/revisions"}],"predecessor-version":[{"id":14925,"href":"https:\/\/www.lammi.fi\/kivitalo\/wp-json\/wp\/v2\/pages\/11\/revisions\/14925"}],"wp:attachment":[{"href":"https:\/\/www.lammi.fi\/kivitalo\/wp-json\/wp\/v2\/media?parent=11"}],"curies":[{"name":"wp","href":"https:\/\/api.w.org\/{rel}","templated":true}]}}