{"id":838,"date":"2024-12-15T15:51:02","date_gmt":"2024-12-15T13:51:02","guid":{"rendered":"https:\/\/www.lammi.fi\/kellari\/?page_id=838"},"modified":"2025-08-28T09:34:54","modified_gmt":"2025-08-28T06:34:54","slug":"rakentaminen","status":"publish","type":"page","link":"https:\/\/www.lammi.fi\/kellari\/kellarin-toteuttaminen\/rakentaminen\/","title":{"rendered":"Rakentaminen"},"content":{"rendered":"<h1><span style=\"font-size: 36px\">Kellarin rakentaminen<\/span><\/h1>\n<p><img decoding=\"async\" class=\"alignnone wp-image-1178 size-full\" src=\"https:\/\/www.lammi.fi\/kellari\/wp-content\/uploads\/sites\/6\/2025\/02\/villa_leino-2.jpg\" alt=\"rakentaminen Lammi kellari\" width=\"840\" height=\"417\" srcset=\"https:\/\/www.lammi.fi\/kellari\/wp-content\/uploads\/sites\/6\/2025\/02\/villa_leino-2.jpg 840w, https:\/\/www.lammi.fi\/kellari\/wp-content\/uploads\/sites\/6\/2025\/02\/villa_leino-2-300x149.jpg 300w, https:\/\/www.lammi.fi\/kellari\/wp-content\/uploads\/sites\/6\/2025\/02\/villa_leino-2-768x381.jpg 768w, https:\/\/www.lammi.fi\/kellari\/wp-content\/uploads\/sites\/6\/2025\/02\/villa_leino-2-260x129.jpg 260w\" sizes=\"(max-width: 709px) 85vw, (max-width: 909px) 67vw, (max-width: 1362px) 62vw, 840px\" \/><\/p>\n<p><span data-contrast=\"auto\">Perustukset ovat rakennuksen kenties t\u00e4rkein osa. Huolella toteutetut perustusrakenteet takaavat parhaan mahdollisen kosteus- ja rakenneteknisen toimivuuden ja siten pitk\u00e4ik\u00e4isen talon.<\/span><span data-ccp-props=\"{}\">\u00a0<\/span><\/p>\n<p><span data-contrast=\"auto\">Hyv\u00e4 l\u00e4mm\u00f6neristys ja routasuojaus suojaavat perustusta ja koko rakennusta routavaurioilta sek\u00e4 kosteus- ja homeongelmilta. Asianmukainen salaojitus ja kapillaarikatko pit\u00e4v\u00e4t perustuksen alaisen maaper\u00e4n kosteuden kurissa. Jos maaper\u00e4ss\u00e4 on radonia, tulee radonsuojaus tehd\u00e4 erillisen suunnitelman mukaisesti.<\/span><span data-ccp-props=\"{}\">\u00a0<\/span><\/p>\n<p><span data-contrast=\"auto\">Kellariperustuksen yleisin riskikohta liittyykin kosteuteen. Jos kellariperustus tehd\u00e4\u00e4n huokoisesta materiaalista (huomioi kevytsoraharkkojen tai muurauslaastin huokoisuus), on se suojattava huolellisesti kosteutta vastaan. Kosteutta voi tulla rakenteisiin sateen, valumavesien, kapillaarisen imun ja virtauksen my\u00f6t\u00e4 sek\u00e4 sis\u00e4tiloista.<\/span><span data-ccp-props=\"{}\">\u00a0<\/span><\/p>\n<h2><span style=\"font-size: 28px\">Kosteusturvallinen kellari\u00a0<\/span><\/h2>\n<p><img decoding=\"async\" class=\"alignnone wp-image-1175 size-full\" src=\"https:\/\/www.lammi.fi\/kellari\/wp-content\/uploads\/sites\/6\/2025\/02\/harkkoasennus.jpg\" alt=\"rakentaminen lammi kellari\" width=\"840\" height=\"580\" srcset=\"https:\/\/www.lammi.fi\/kellari\/wp-content\/uploads\/sites\/6\/2025\/02\/harkkoasennus.jpg 840w, https:\/\/www.lammi.fi\/kellari\/wp-content\/uploads\/sites\/6\/2025\/02\/harkkoasennus-300x207.jpg 300w, https:\/\/www.lammi.fi\/kellari\/wp-content\/uploads\/sites\/6\/2025\/02\/harkkoasennus-768x530.jpg 768w, https:\/\/www.lammi.fi\/kellari\/wp-content\/uploads\/sites\/6\/2025\/02\/harkkoasennus-260x180.jpg 260w\" sizes=\"(max-width: 709px) 85vw, (max-width: 909px) 67vw, (max-width: 1362px) 62vw, 840px\" \/><\/p>\n<p><span data-contrast=\"auto\">Kellarin lattia eli talon alapohja saattaa huolimattomasti rakennettuna p\u00e4\u00e4st\u00e4\u00e4 kosteutta rakenteisiin. Veden nousu maasta yl\u00f6sp\u00e4in estet\u00e4\u00e4n kapillaarikatkolla, mik\u00e4 voidaan tehd\u00e4 karkealla murskeella tai muulla maa-aineksella, jossa vesi kulkeutuu huonosti.\u202fKellarin sein\u00e4t tulee kosteuserist\u00e4\u00e4 ulkoa, jotta estet\u00e4\u00e4n veden kulkeutuminen betonisein\u00e4n l\u00e4pi kellariin.\u202fSein\u00e4n ulkopuolelle asennetaan perusmuurilevy, joka muodostaa sein\u00e4n ulkopintaan ilmaraon, jotta sein\u00e4\u00e4n mahdollisesti tuleva kosteus p\u00e4\u00e4see poistumaan. Perusmuurilevyn yl\u00e4reuna sijoitetaan maanpinnan alapuolelle ja suojataan erityisell\u00e4 reunanauhalla. Jos maaper\u00e4n kosteuspitoisuus tai ymp\u00e4r\u00f6iv\u00e4n veden paine ovat korkeita, tulee kellarin sein\u00e4 vesierist\u00e4\u00e4 bitumikermeill\u00e4.<\/span><span data-ccp-props=\"{}\">\u00a0<\/span><\/p>\n<p><span data-contrast=\"auto\">Kellarin sein\u00e4n ymp\u00e4rille tulee valita maa-aines, josta vesi kulkeutuu helposti pois sein\u00e4pinnalta. Pintamaa toteutetaan viett\u00e4m\u00e4\u00e4n pois seinist\u00e4 p\u00e4in.\u202fMy\u00f6s salaojat voivat vaikuttaa siihen mink\u00e4lainen kosteusrasitus kellarin seinille muodostuu. Oikein suunniteltuna ja toteutettuna kapillaarikatko, pintamaan kallistukset, oikeat maa-ainekset sek\u00e4 toimiva salaojaj\u00e4rjestelm\u00e4 johtavat veden pois talon luota ja kellarin sein\u00e4pinnoilta.<\/span><span data-ccp-props=\"{}\">\u00a0<\/span><\/p>\n<h2><span style=\"font-size: 28px\">Energiatehokkuutta l\u00e4mm\u00f6neristyksell\u00e4\u00a0<\/span><\/h2>\n<p><span data-contrast=\"auto\">Kellarin riitt\u00e4v\u00e4ll\u00e4 l\u00e4mm\u00f6neristyksell\u00e4 v\u00e4hennet\u00e4\u00e4n talon energian kulutusta. Jos kellariin tulee asuintiloja, tehd\u00e4\u00e4n sinne samanlainen l\u00e4mm\u00f6neristys kuin muihinkin talon osiin. Jos kellari j\u00e4tet\u00e4\u00e4n ns. puolil\u00e4mpim\u00e4ksi varastotilaksi, se voidaan erist\u00e4\u00e4 hieman kevyemmin.<\/span><span data-ccp-props=\"{}\">\u00a0<\/span><\/p>\n<p><img decoding=\"async\" class=\"size-full wp-image-1168 alignnone\" src=\"https:\/\/www.lammi.fi\/kellari\/wp-content\/uploads\/sites\/6\/2025\/02\/harkko_tuoteperhe_lampokivet_ll400.jpg\" alt=\"\" width=\"840\" height=\"473\" srcset=\"https:\/\/www.lammi.fi\/kellari\/wp-content\/uploads\/sites\/6\/2025\/02\/harkko_tuoteperhe_lampokivet_ll400.jpg 840w, https:\/\/www.lammi.fi\/kellari\/wp-content\/uploads\/sites\/6\/2025\/02\/harkko_tuoteperhe_lampokivet_ll400-300x169.jpg 300w, https:\/\/www.lammi.fi\/kellari\/wp-content\/uploads\/sites\/6\/2025\/02\/harkko_tuoteperhe_lampokivet_ll400-768x432.jpg 768w, https:\/\/www.lammi.fi\/kellari\/wp-content\/uploads\/sites\/6\/2025\/02\/harkko_tuoteperhe_lampokivet_ll400-260x146.jpg 260w, https:\/\/www.lammi.fi\/kellari\/wp-content\/uploads\/sites\/6\/2025\/02\/harkko_tuoteperhe_lampokivet_ll400-280x157.jpg 280w, https:\/\/www.lammi.fi\/kellari\/wp-content\/uploads\/sites\/6\/2025\/02\/harkko_tuoteperhe_lampokivet_ll400-560x314.jpg 560w\" sizes=\"(max-width: 709px) 85vw, (max-width: 909px) 67vw, (max-width: 1362px) 62vw, 840px\" \/><\/p>\n<p><span data-contrast=\"auto\">Eristemuottiharkoilla saadaan sein\u00e4\u00e4n koko kellarin osalta yhten\u00e4inen, kylm\u00e4sillaton l\u00e4mm\u00f6neristys. Eristemuottiharkoissa, eli l\u00e4mp\u00f6kiviss\u00e4 eriste on sijoitettu harkon keskelle ja sit\u00e4 ymp\u00e4r\u00f6i molemmin puolin symmetriset, valuonteloilla varustetut betonikuoret. Talon kuormat saadaan jaettua tasaisesti molemmille puolille kive\u00e4: v\u00e4lipohjalta tulevat kuormat tulevat valetun sis\u00e4kuoren p\u00e4\u00e4lle ja talon ulkoseinien kuormat ulkokuoren p\u00e4\u00e4lle. Koska eriste sijaitsee keskell\u00e4 harkkoa, eik\u00e4 esimerkiksi harkon ulkopuolella, jatkuu eriste saumattomasti my\u00f6s yl\u00e4puolisiin ulkoseiniin.<\/span><span data-ccp-props=\"{}\"> <a href=\"https:\/\/www.lammi.fi\/harkko\/tuotteet\/lampokivet\/\"><b>Lue lis\u00e4\u00e4 l\u00e4mp\u00f6kivist\u00e4\u202f\u00bb<\/b><\/a>\u00a0<\/span><\/p>\n<p><span data-contrast=\"auto\">Kellarin alapohja eristet\u00e4\u00e4n kuten kaikki muutkin alapohjarakenteet. L\u00e4mm\u00f6neristeen paikka on alapohjalaatan ja kapillaarikatkon v\u00e4liss\u00e4.<\/span><span data-ccp-props=\"{}\">\u00a0<\/span><\/p>\n<h2><span style=\"font-size: 28px\">L\u00e4hes joka maaper\u00e4\u00e4n\u00a0<\/span><\/h2>\n<p><span data-contrast=\"auto\">Kellariperustus on mahdollista toteuttaa l\u00e4hes kaikkiin maaper\u00e4tyyppeihin. Kellariperustus rakennetaan yleens\u00e4 samalla periaatteella kuin harkkoperustus. Valetun betonianturan p\u00e4\u00e4lle muurataan betoniharkoista sein\u00e4n runkorakenteet, jotka kellariperustuksessa muurataan joko kylm\u00e4ksi, puolil\u00e4mpim\u00e4ksi tai l\u00e4mpim\u00e4ksi tilaksi. Kellarin runkorakenteen p\u00e4\u00e4lle asennetaan betonilaatat (ontelolaatat, paikallavalettu laatta), jonka j\u00e4lkeen voidaan jatkaa talon rakentamista halutulla tavalla. <\/span><span data-contrast=\"auto\">Ammattitaitoinen rakennesuunnittelija auttaa tekem\u00e4\u00e4n yksityiskohtaisen suunnitelman kellariperustuksellesi sen mukaan, millaisia tiloja kellariin haluat.<\/span><span data-ccp-props=\"{}\">\u00a0<\/span><\/p>\n<h2><span style=\"font-size: 28px\">Kellariperustuksen monet edut\u00a0<\/span><\/h2>\n<p><span data-contrast=\"auto\">Lammin betoniharkoista toteutettu kellariperustus on turvallinen ja kest\u00e4v\u00e4. Mittatarkkoja harkkoja ei tarvitse muurata lainkaan, vaan ne vain ladotaan paikalleen ja valetaan umpeen. Niist\u00e4 syntyy kosteutta kest\u00e4v\u00e4, palamaton ja tiivis rakenne. Kellaritoimituksemme sis\u00e4lt\u00e4\u00e4 my\u00f6s radonsuojauksen.<\/span><span data-ccp-props=\"{}\">\u00a0<\/span><\/p>\n<p><span data-contrast=\"auto\">Kellari on my\u00f6s luja: et tarvitse pakollisia v\u00e4liseini\u00e4 ja voit suunnitella tilank\u00e4yt\u00f6n vapaasti. Kellari on energiatehokas, sill\u00e4 se on erinomaisesti l\u00e4mp\u00f6\u00e4 erist\u00e4v\u00e4, tiivis ja massiivinen.<\/span><span data-ccp-props=\"{}\">\u00a0<\/span><\/p>\n<p><span data-contrast=\"auto\">Lammi tarjoaa kellariperustuksen helposti, nopeasti ja kustannustehokkaasti yhdest\u00e4 paikasta. Kattava kellaritoimituksemme sopii my\u00f6s omatoimirakentajalle.<\/span><span data-ccp-props=\"{}\">\u00a0<\/span><\/p>\n<p><span data-contrast=\"auto\">Tutustu Lammi Kellarin <a href=\"https:\/\/www.lammi.fi\/kellari\/toimitussisalto\/\">toimitussis\u00e4lt\u00f6\u00f6n.<\/a><\/span><\/p>\n","protected":false},"excerpt":{"rendered":"<p>Kellarin rakentaminen Perustukset ovat rakennuksen kenties t\u00e4rkein osa. Huolella toteutetut perustusrakenteet takaavat parhaan mahdollisen kosteus- ja rakenneteknisen toimivuuden ja siten pitk\u00e4ik\u00e4isen talon.\u00a0 Hyv\u00e4 l\u00e4mm\u00f6neristys ja routasuojaus suojaavat perustusta ja koko rakennusta routavaurioilta sek\u00e4 kosteus- ja homeongelmilta. Asianmukainen salaojitus ja kapillaarikatko pit\u00e4v\u00e4t perustuksen alaisen maaper\u00e4n kosteuden kurissa. Jos maaper\u00e4ss\u00e4 on radonia, tulee radonsuojaus tehd\u00e4 erillisen suunnitelman &hellip; <a href=\"https:\/\/www.lammi.fi\/kellari\/kellarin-toteuttaminen\/rakentaminen\/\" class=\"more-link\">Lue lis\u00e4\u00e4<span class=\"screen-reader-text\"> &#8221;Rakentaminen&#8221;<\/span><\/a><\/p>\n","protected":false},"author":20,"featured_media":0,"parent":832,"menu_order":0,"comment_status":"closed","ping_status":"closed","template":"","meta":{"_acf_changed":false,"_improvement_type_select":"improve_an_existing","_thumb_yes_seoaic":false,"_frame_yes_seoaic":false,"seoaic_generate_description":"","seoaic_improve_instructions_prompt":"","seoaic_rollback_content_improvement":"","seoaic_idea_thumbnail_generator":"","thumbnail_generated":false,"thumbnail_generate_prompt":"","seoaic_article_description":"","footnotes":""},"class_list":["post-838","page","type-page","status-publish","hentry"],"acf":[],"yoast_head":"<!-- This site is optimized with the Yoast SEO plugin v27.4 - https:\/\/yoast.com\/product\/yoast-seo-wordpress\/ -->\n<title>Rakentaminen - Lammi - Kellari<\/title>\n<meta name=\"description\" content=\"Lammin betoniharkoista toteutettu kellariperustus on turvallinen ja kest\u00e4v\u00e4. Tutustu Lammi Kellarin rakentamiseen.\" \/>\n<link rel=\"canonical\" href=\"https:\/\/www.lammi.fi\/kellari\/kellarin-toteuttaminen\/rakentaminen\/\" \/>\n<meta property=\"og:locale\" content=\"fi_FI\" \/>\n<meta property=\"og:type\" content=\"article\" \/>\n<meta property=\"og:title\" content=\"Rakentaminen - Lammi - Kellari\" \/>\n<meta property=\"og:description\" content=\"Lammin betoniharkoista toteutettu kellariperustus on turvallinen ja kest\u00e4v\u00e4. Tutustu Lammi Kellarin rakentamiseen.\" \/>\n<meta property=\"og:url\" content=\"https:\/\/www.lammi.fi\/kellari\/kellarin-toteuttaminen\/rakentaminen\/\" \/>\n<meta property=\"og:site_name\" content=\"Lammi - Kellari\" \/>\n<meta property=\"article:modified_time\" content=\"2025-08-28T06:34:54+00:00\" \/>\n<meta property=\"og:image\" content=\"https:\/\/www.lammi.fi\/kellari\/wp-content\/uploads\/sites\/6\/2025\/02\/villa_leino-2.jpg\" \/>\n\t<meta property=\"og:image:width\" content=\"840\" \/>\n\t<meta property=\"og:image:height\" content=\"417\" \/>\n\t<meta property=\"og:image:type\" content=\"image\/jpeg\" \/>\n<meta name=\"twitter:card\" content=\"summary_large_image\" \/>\n<meta name=\"twitter:label1\" content=\"Arvioitu lukuaika\" \/>\n\t<meta name=\"twitter:data1\" content=\"4 minuuttia\" \/>\n<script type=\"application\/ld+json\" class=\"yoast-schema-graph\">{\"@context\":\"https:\\\/\\\/schema.org\",\"@graph\":[{\"@type\":\"WebPage\",\"@id\":\"https:\\\/\\\/www.lammi.fi\\\/kellari\\\/kellarin-toteuttaminen\\\/rakentaminen\\\/\",\"url\":\"https:\\\/\\\/www.lammi.fi\\\/kellari\\\/kellarin-toteuttaminen\\\/rakentaminen\\\/\",\"name\":\"Rakentaminen - Lammi - Kellari\",\"isPartOf\":{\"@id\":\"https:\\\/\\\/www.lammi.fi\\\/kellari\\\/#website\"},\"primaryImageOfPage\":{\"@id\":\"https:\\\/\\\/www.lammi.fi\\\/kellari\\\/kellarin-toteuttaminen\\\/rakentaminen\\\/#primaryimage\"},\"image\":{\"@id\":\"https:\\\/\\\/www.lammi.fi\\\/kellari\\\/kellarin-toteuttaminen\\\/rakentaminen\\\/#primaryimage\"},\"thumbnailUrl\":\"https:\\\/\\\/www.lammi.fi\\\/kellari\\\/wp-content\\\/uploads\\\/sites\\\/6\\\/2025\\\/02\\\/villa_leino-2.jpg\",\"datePublished\":\"2024-12-15T13:51:02+00:00\",\"dateModified\":\"2025-08-28T06:34:54+00:00\",\"description\":\"Lammin betoniharkoista toteutettu kellariperustus on turvallinen ja kest\u00e4v\u00e4. Tutustu Lammi Kellarin rakentamiseen.\",\"breadcrumb\":{\"@id\":\"https:\\\/\\\/www.lammi.fi\\\/kellari\\\/kellarin-toteuttaminen\\\/rakentaminen\\\/#breadcrumb\"},\"inLanguage\":\"fi\",\"potentialAction\":[{\"@type\":\"ReadAction\",\"target\":[\"https:\\\/\\\/www.lammi.fi\\\/kellari\\\/kellarin-toteuttaminen\\\/rakentaminen\\\/\"]}]},{\"@type\":\"ImageObject\",\"inLanguage\":\"fi\",\"@id\":\"https:\\\/\\\/www.lammi.fi\\\/kellari\\\/kellarin-toteuttaminen\\\/rakentaminen\\\/#primaryimage\",\"url\":\"https:\\\/\\\/www.lammi.fi\\\/kellari\\\/wp-content\\\/uploads\\\/sites\\\/6\\\/2025\\\/02\\\/villa_leino-2.jpg\",\"contentUrl\":\"https:\\\/\\\/www.lammi.fi\\\/kellari\\\/wp-content\\\/uploads\\\/sites\\\/6\\\/2025\\\/02\\\/villa_leino-2.jpg\",\"width\":840,\"height\":417},{\"@type\":\"BreadcrumbList\",\"@id\":\"https:\\\/\\\/www.lammi.fi\\\/kellari\\\/kellarin-toteuttaminen\\\/rakentaminen\\\/#breadcrumb\",\"itemListElement\":[{\"@type\":\"ListItem\",\"position\":1,\"name\":\"Lammi.fi\",\"item\":\"https:\\\/\\\/www.lammi.fi\"},{\"@type\":\"ListItem\",\"position\":2,\"name\":\"Kellari\",\"item\":\"https:\\\/\\\/www.lammi.fi\\\/kellari\\\/\"},{\"@type\":\"ListItem\",\"position\":3,\"name\":\"Kellarin toteuttaminen\",\"item\":\"https:\\\/\\\/www.lammi.fi\\\/kellari\\\/kellarin-toteuttaminen\\\/\"},{\"@type\":\"ListItem\",\"position\":4,\"name\":\"Rakentaminen\"}]},{\"@type\":\"WebSite\",\"@id\":\"https:\\\/\\\/www.lammi.fi\\\/kellari\\\/#website\",\"url\":\"https:\\\/\\\/www.lammi.fi\\\/kellari\\\/\",\"name\":\"Lammi - Kellari\",\"description\":\"\",\"potentialAction\":[{\"@type\":\"SearchAction\",\"target\":{\"@type\":\"EntryPoint\",\"urlTemplate\":\"https:\\\/\\\/www.lammi.fi\\\/kellari\\\/?s={search_term_string}\"},\"query-input\":{\"@type\":\"PropertyValueSpecification\",\"valueRequired\":true,\"valueName\":\"search_term_string\"}}],\"inLanguage\":\"fi\"}]}<\/script>\n<!-- \/ Yoast SEO plugin. -->","yoast_head_json":{"title":"Rakentaminen - Lammi - Kellari","description":"Lammin betoniharkoista toteutettu kellariperustus on turvallinen ja kest\u00e4v\u00e4. Tutustu Lammi Kellarin rakentamiseen.","canonical":"https:\/\/www.lammi.fi\/kellari\/kellarin-toteuttaminen\/rakentaminen\/","og_locale":"fi_FI","og_type":"article","og_title":"Rakentaminen - Lammi - Kellari","og_description":"Lammin betoniharkoista toteutettu kellariperustus on turvallinen ja kest\u00e4v\u00e4. Tutustu Lammi Kellarin rakentamiseen.","og_url":"https:\/\/www.lammi.fi\/kellari\/kellarin-toteuttaminen\/rakentaminen\/","og_site_name":"Lammi - Kellari","article_modified_time":"2025-08-28T06:34:54+00:00","og_image":[{"width":840,"height":417,"url":"https:\/\/www.lammi.fi\/kellari\/wp-content\/uploads\/sites\/6\/2025\/02\/villa_leino-2.jpg","type":"image\/jpeg"}],"twitter_card":"summary_large_image","twitter_misc":{"Arvioitu lukuaika":"4 minuuttia"},"schema":{"@context":"https:\/\/schema.org","@graph":[{"@type":"WebPage","@id":"https:\/\/www.lammi.fi\/kellari\/kellarin-toteuttaminen\/rakentaminen\/","url":"https:\/\/www.lammi.fi\/kellari\/kellarin-toteuttaminen\/rakentaminen\/","name":"Rakentaminen - Lammi - Kellari","isPartOf":{"@id":"https:\/\/www.lammi.fi\/kellari\/#website"},"primaryImageOfPage":{"@id":"https:\/\/www.lammi.fi\/kellari\/kellarin-toteuttaminen\/rakentaminen\/#primaryimage"},"image":{"@id":"https:\/\/www.lammi.fi\/kellari\/kellarin-toteuttaminen\/rakentaminen\/#primaryimage"},"thumbnailUrl":"https:\/\/www.lammi.fi\/kellari\/wp-content\/uploads\/sites\/6\/2025\/02\/villa_leino-2.jpg","datePublished":"2024-12-15T13:51:02+00:00","dateModified":"2025-08-28T06:34:54+00:00","description":"Lammin betoniharkoista toteutettu kellariperustus on turvallinen ja kest\u00e4v\u00e4. Tutustu Lammi Kellarin rakentamiseen.","breadcrumb":{"@id":"https:\/\/www.lammi.fi\/kellari\/kellarin-toteuttaminen\/rakentaminen\/#breadcrumb"},"inLanguage":"fi","potentialAction":[{"@type":"ReadAction","target":["https:\/\/www.lammi.fi\/kellari\/kellarin-toteuttaminen\/rakentaminen\/"]}]},{"@type":"ImageObject","inLanguage":"fi","@id":"https:\/\/www.lammi.fi\/kellari\/kellarin-toteuttaminen\/rakentaminen\/#primaryimage","url":"https:\/\/www.lammi.fi\/kellari\/wp-content\/uploads\/sites\/6\/2025\/02\/villa_leino-2.jpg","contentUrl":"https:\/\/www.lammi.fi\/kellari\/wp-content\/uploads\/sites\/6\/2025\/02\/villa_leino-2.jpg","width":840,"height":417},{"@type":"BreadcrumbList","@id":"https:\/\/www.lammi.fi\/kellari\/kellarin-toteuttaminen\/rakentaminen\/#breadcrumb","itemListElement":[{"@type":"ListItem","position":1,"name":"Lammi.fi","item":"https:\/\/www.lammi.fi"},{"@type":"ListItem","position":2,"name":"Kellari","item":"https:\/\/www.lammi.fi\/kellari\/"},{"@type":"ListItem","position":3,"name":"Kellarin toteuttaminen","item":"https:\/\/www.lammi.fi\/kellari\/kellarin-toteuttaminen\/"},{"@type":"ListItem","position":4,"name":"Rakentaminen"}]},{"@type":"WebSite","@id":"https:\/\/www.lammi.fi\/kellari\/#website","url":"https:\/\/www.lammi.fi\/kellari\/","name":"Lammi - Kellari","description":"","potentialAction":[{"@type":"SearchAction","target":{"@type":"EntryPoint","urlTemplate":"https:\/\/www.lammi.fi\/kellari\/?s={search_term_string}"},"query-input":{"@type":"PropertyValueSpecification","valueRequired":true,"valueName":"search_term_string"}}],"inLanguage":"fi"}]}},"_links":{"self":[{"href":"https:\/\/www.lammi.fi\/kellari\/wp-json\/wp\/v2\/pages\/838","targetHints":{"allow":["GET"]}}],"collection":[{"href":"https:\/\/www.lammi.fi\/kellari\/wp-json\/wp\/v2\/pages"}],"about":[{"href":"https:\/\/www.lammi.fi\/kellari\/wp-json\/wp\/v2\/types\/page"}],"author":[{"embeddable":true,"href":"https:\/\/www.lammi.fi\/kellari\/wp-json\/wp\/v2\/users\/20"}],"replies":[{"embeddable":true,"href":"https:\/\/www.lammi.fi\/kellari\/wp-json\/wp\/v2\/comments?post=838"}],"version-history":[{"count":10,"href":"https:\/\/www.lammi.fi\/kellari\/wp-json\/wp\/v2\/pages\/838\/revisions"}],"predecessor-version":[{"id":1478,"href":"https:\/\/www.lammi.fi\/kellari\/wp-json\/wp\/v2\/pages\/838\/revisions\/1478"}],"up":[{"embeddable":true,"href":"https:\/\/www.lammi.fi\/kellari\/wp-json\/wp\/v2\/pages\/832"}],"wp:attachment":[{"href":"https:\/\/www.lammi.fi\/kellari\/wp-json\/wp\/v2\/media?parent=838"}],"curies":[{"name":"wp","href":"https:\/\/api.w.org\/{rel}","templated":true}]}}