{"id":836,"date":"2024-12-15T15:50:45","date_gmt":"2024-12-15T13:50:45","guid":{"rendered":"https:\/\/www.lammi.fi\/kellari\/?page_id=836"},"modified":"2025-06-30T11:47:16","modified_gmt":"2025-06-30T08:47:16","slug":"suunnittelu","status":"publish","type":"page","link":"https:\/\/www.lammi.fi\/kellari\/kellarin-toteuttaminen\/suunnittelu\/","title":{"rendered":"Suunnittelu"},"content":{"rendered":"<h1><span data-contrast=\"auto\"><span style=\"font-size: 36px\">Kellarin suunnittelu<\/span><\/span><\/h1>\n<p><img decoding=\"async\" class=\"size-full wp-image-1354 alignnone\" src=\"https:\/\/www.lammi.fi\/kellari\/wp-content\/uploads\/sites\/6\/2025\/02\/keittio-840x400-1.jpg\" alt=\"\" width=\"840\" height=\"400\" srcset=\"https:\/\/www.lammi.fi\/kellari\/wp-content\/uploads\/sites\/6\/2025\/02\/keittio-840x400-1.jpg 840w, https:\/\/www.lammi.fi\/kellari\/wp-content\/uploads\/sites\/6\/2025\/02\/keittio-840x400-1-300x143.jpg 300w, https:\/\/www.lammi.fi\/kellari\/wp-content\/uploads\/sites\/6\/2025\/02\/keittio-840x400-1-768x366.jpg 768w, https:\/\/www.lammi.fi\/kellari\/wp-content\/uploads\/sites\/6\/2025\/02\/keittio-840x400-1-260x124.jpg 260w\" sizes=\"(max-width: 709px) 85vw, (max-width: 909px) 67vw, (max-width: 1362px) 62vw, 840px\" \/><\/p>\n<p><span data-contrast=\"auto\">Kellariperustukseen p\u00e4\u00e4dyt\u00e4\u00e4n usein kaavaehtojen, tontin ominaisuuksien tai lis\u00e4tilan tarpeen vuoksi. Kellariperustusta k\u00e4ytet\u00e4\u00e4n usein rinnetonteilla, osakellarina tai kokokellarina. Tasamaalle rakennettaessa kellarilla saadaan esimerkiksi harraste- tai varastotiloja jopa kokonaisen kerroksen verran. Lujarakenteinen kellariperustus tarjoaa helposti muunneltavaa tilaa, jossa v\u00e4liseini\u00e4 ei v\u00e4ltt\u00e4m\u00e4tt\u00e4 tarvita.<\/span><span data-ccp-props=\"{}\">\u00a0<\/span><\/p>\n<h2><span style=\"font-size: 28px\">Kellarin suunnittelu pientaloon: N\u00e4in luot toimivan ja tyylikk\u00e4\u00e4n kellaritilan\u00a0<\/span><\/h2>\n<p><img decoding=\"async\" class=\"size-full wp-image-1143 alignnone\" src=\"https:\/\/www.lammi.fi\/kellari\/wp-content\/uploads\/sites\/6\/2025\/02\/pyykkihuolto.jpg\" alt=\"\" width=\"840\" height=\"517\" srcset=\"https:\/\/www.lammi.fi\/kellari\/wp-content\/uploads\/sites\/6\/2025\/02\/pyykkihuolto.jpg 840w, https:\/\/www.lammi.fi\/kellari\/wp-content\/uploads\/sites\/6\/2025\/02\/pyykkihuolto-300x185.jpg 300w, https:\/\/www.lammi.fi\/kellari\/wp-content\/uploads\/sites\/6\/2025\/02\/pyykkihuolto-768x473.jpg 768w, https:\/\/www.lammi.fi\/kellari\/wp-content\/uploads\/sites\/6\/2025\/02\/pyykkihuolto-260x160.jpg 260w\" sizes=\"(max-width: 709px) 85vw, (max-width: 909px) 67vw, (max-width: 1362px) 62vw, 840px\" \/><\/p>\n<p><span data-contrast=\"auto\">Kellarin suunnittelu pientaloon on erinomainen tapa hy\u00f6dynt\u00e4\u00e4 tilaa tehokkaasti ja luoda lis\u00e4arvoa asunnolle. Kellari voi toimia monenlaisena tilana, kuten varastona, kodinhoitohuoneena, kotiteatterina tai jopa erillisen\u00e4 asuinhuoneena. Suunnitteluvaiheessa on t\u00e4rke\u00e4\u00e4 ottaa huomioon niin k\u00e4yt\u00e4nn\u00f6n tarpeet kuin esteettiset tekij\u00e4t, jotta kellaritila on paitsi toimiva, my\u00f6s mukautuva ja viihtyis\u00e4.<\/span><span data-ccp-props=\"{}\">\u00a0<\/span><\/p>\n<p><span data-contrast=\"auto\">Ennen kellarin suunnittelun aloittamista on t\u00e4rke\u00e4\u00e4 mietti\u00e4, mihin tarkoitukseen tila tullaan k\u00e4ytt\u00e4m\u00e4\u00e4n. Voit valita esimerkiksi seuraavat k\u00e4ytt\u00f6tarkoitukset:<\/span><span data-ccp-props=\"{}\">\u00a0<\/span><\/p>\n<p>&#8211; <strong>Varastotila<\/strong>: Kellari voi toimia erinomaisena s\u00e4ilytystilana kausivaatteille, urheiluv\u00e4lineille tai muille tavaroille, jotka eiv\u00e4t tarvitse p\u00e4ivitt\u00e4ist\u00e4 k\u00e4ytt\u00f6\u00e4.<br \/>\n&#8211; <strong>Kodinhoitohuone<\/strong>: Monet valitsevat kellarin kodinhoitohuoneeksi, jossa voi pest\u00e4 pyykki\u00e4 ja s\u00e4ilytt\u00e4\u00e4 siivousv\u00e4lineet erill\u00e4\u00e4n muusta kodista.<br \/>\n&#8211; <strong>Takkahuone tai kotiteatteri<\/strong>: Kellari on ihanteellinen paikka rentoutumiseen, kuten kiireett\u00f6m\u00e4sti takan \u00e4\u00e4relle pys\u00e4htymiseen. Tila voi toimia my\u00f6s esimerkiksi musiikista nauttimiseen tai kotiteatterina elokuvien katseluun.<br \/>\n&#8211; <strong>Autotalli ja -katos<\/strong>: Rinnetonteilla kellarikerrokseen on luontevaa sijoittaa my\u00f6s autotalli tai autokatos. T\u00e4llaisella ratkaisulla ei tontille tarvitse toteuttaa erillist\u00e4 lis\u00e4rakennusta, vaan tilat saadaan toteutettua tehokkaasti talon alakertaan. T\u00e4m\u00e4 tuo helpotusta my\u00f6s arjen toimintoihin, kun autoon ei tarvitse esimerkiksi sades\u00e4\u00e4ll\u00e4 siirty\u00e4 ulkokautta.<br \/>\n&#8211; <strong>Lis\u00e4huone<\/strong>: Jos talossa on perheellisi\u00e4 tai vieraita, kellari voi toimia lis\u00e4makuu- tai oleskeluhuoneena. Usein kellarikerroksen l\u00e4mminhenkiset, hieman yksityisemm\u00e4t tilat ovat niit\u00e4 kodin viihtyisimpi\u00e4.<br \/>\n&#8211; <strong>Kuntosali tai harrastehuone<\/strong>: Kellarikerrokseen on helppo toteuttaa my\u00f6s tilat harrastamiselle. Huonetila voi toimia esimerkiksi kotikuntosalina tai mahdollistaa erilaiset harrastumahdollisuudet aina biljardista sis\u00e4py\u00f6r\u00e4ilyyn, tai toimia vaikkapa viinihuoneena.<\/p>\n<p><img decoding=\"async\" class=\"size-full wp-image-1146 alignnone\" src=\"https:\/\/www.lammi.fi\/kellari\/wp-content\/uploads\/sites\/6\/2025\/02\/kaitaa_lammi-6.jpg\" alt=\"\" width=\"840\" height=\"720\" srcset=\"https:\/\/www.lammi.fi\/kellari\/wp-content\/uploads\/sites\/6\/2025\/02\/kaitaa_lammi-6.jpg 840w, https:\/\/www.lammi.fi\/kellari\/wp-content\/uploads\/sites\/6\/2025\/02\/kaitaa_lammi-6-300x257.jpg 300w, https:\/\/www.lammi.fi\/kellari\/wp-content\/uploads\/sites\/6\/2025\/02\/kaitaa_lammi-6-768x658.jpg 768w, https:\/\/www.lammi.fi\/kellari\/wp-content\/uploads\/sites\/6\/2025\/02\/kaitaa_lammi-6-260x223.jpg 260w, https:\/\/www.lammi.fi\/kellari\/wp-content\/uploads\/sites\/6\/2025\/02\/kaitaa_lammi-6-700x600.jpg 700w\" sizes=\"(max-width: 709px) 85vw, (max-width: 909px) 67vw, (max-width: 1362px) 62vw, 840px\" \/><\/p>\n<p><span data-contrast=\"auto\">Hyvin suunniteltu kellaritila voi lis\u00e4t\u00e4 merkitt\u00e4v\u00e4sti talon k\u00e4ytt\u00f6arvoa ja tarjota monipuolisia mahdollisuuksia tilan hy\u00f6dynt\u00e4miseen. Kellari voi toimia paitsi s\u00e4ilytystilana, my\u00f6s lis\u00e4huoneena, joka parantaa asumismukavuutta ja tuo lis\u00e4\u00e4 tilaa perheen k\u00e4ytt\u00f6\u00f6n. Hyvin toteutettu kellari voi my\u00f6s olla tulevaisuuden lis\u00e4arvoa tuova investointi.<\/span><span data-ccp-props=\"{}\">\u00a0<\/span><\/p>\n<h2><span style=\"font-size: 28px\">Kellari valuharkoista \u2013 kest\u00e4vyytt\u00e4 ja suunnittelun vapautta\u00a0<\/span><\/h2>\n<p><img decoding=\"async\" class=\"size-full wp-image-1149 alignnone\" src=\"https:\/\/www.lammi.fi\/kellari\/wp-content\/uploads\/sites\/6\/2025\/02\/lasiseina.jpg\" alt=\"\" width=\"840\" height=\"762\" srcset=\"https:\/\/www.lammi.fi\/kellari\/wp-content\/uploads\/sites\/6\/2025\/02\/lasiseina.jpg 840w, https:\/\/www.lammi.fi\/kellari\/wp-content\/uploads\/sites\/6\/2025\/02\/lasiseina-300x272.jpg 300w, https:\/\/www.lammi.fi\/kellari\/wp-content\/uploads\/sites\/6\/2025\/02\/lasiseina-768x697.jpg 768w, https:\/\/www.lammi.fi\/kellari\/wp-content\/uploads\/sites\/6\/2025\/02\/lasiseina-260x236.jpg 260w, https:\/\/www.lammi.fi\/kellari\/wp-content\/uploads\/sites\/6\/2025\/02\/lasiseina-661x600.jpg 661w\" sizes=\"(max-width: 709px) 85vw, (max-width: 909px) 67vw, (max-width: 1362px) 62vw, 840px\" \/><\/p>\n<p><span data-contrast=\"auto\">Kellari on paljon enemm\u00e4n kuin vain puolil\u00e4mmin tai kylm\u00e4 tila.\u202fKellarikerroksiin sijoitetaan usein esimerkiksi sauna- ja pesutilat tai jopa kokonainen spa-osasto.\u202fSaunaosaston jatkeena on usein erillinen takka- tai oleskeluhuone. Mik\u00e4li tonttityyppin\u00e4 on rinnetontti, voidaan maata vasten oleville ulkoseinille sijoittaa varastot, tekniset tilat ja usein my\u00f6s kodinhoitohuone. Kellarikerros voidaan rakentaa niin kivi-, puu- kuin hirsitaloon.<\/span><span data-ccp-props=\"{}\">\u00a0<\/span><\/p>\n<h2><span style=\"font-size: 28px\">Muunneltavuutta ja vapautta suunnitteluun\u00a0<\/span><\/h2>\n<p><span data-contrast=\"auto\">Maanalaisten harkkoseinien rakentamiseen soveltuvat parhaiten nimenomaan valettavat eristeharkot erinomaisen kest\u00e4vyytens\u00e4 ansiosta. Valuharkot on varustettu reilun kokoisilla pystysuuntaisilla valuonteloilla, jolloin rakenteeseen pystyt\u00e4\u00e4n asentamaan vaakater\u00e4sten lis\u00e4ksi my\u00f6s pystysuuntaiset betoniter\u00e4kset. T\u00e4ll\u00f6in sein\u00e4t voidaan mitoittaa maanpainetta vastaan pystysuunnassa.<\/span><span data-ccp-props=\"{}\">\u00a0<\/span><\/p>\n<p><span data-contrast=\"auto\">T\u00e4m\u00e4 lis\u00e4\u00e4 harkkosein\u00e4n kest\u00e4vyytt\u00e4, eik\u00e4 erillisi\u00e4 ulkosein\u00e4\u00e4 tukevia kantavia v\u00e4liseini\u00e4 tarvita. T\u00e4ll\u00f6in tilasuunnittelu valuharkoilla toteutettuun kellariin on vapaampaa \u2013 v\u00e4liseinien paikan m\u00e4\u00e4r\u00e4\u00e4 huonej\u00e4rjestys eik\u00e4 toisinp\u00e4in.<\/span><\/p>\n<h2><span style=\"font-size: 28px\">Kellarin suunnittelu\u00a0<\/span><\/h2>\n<p><span data-contrast=\"auto\"><span class=\"TextRun SCXP41675038 BCX8\" lang=\"FI-FI\" xml:lang=\"FI-FI\" data-usefontface=\"false\" data-contrast=\"none\"><span class=\"NormalTextRun SCXP41675038 BCX8\">Verkostomme kautta saat <\/span><\/span><span class=\"TextRun SCXP41675038 BCX8\" lang=\"FI-FI\" xml:lang=\"FI-FI\" data-usefontface=\"false\" data-contrast=\"none\"><span class=\"NormalTextRun SCXP41675038 BCX8\">tarvittavan avun niin arkkitehtisuunnitteluun, kuin kellarin runko-urakointiin.<\/span><\/span><span class=\"EOP SCXP41675038 BCX8\">\u200b <\/span>Kellarin lopulliset rakenteet suunnitellaan<\/span><span data-contrast=\"auto\">\u00a0yhdess\u00e4 <\/span><span data-contrast=\"none\">rakenne<\/span><span data-contrast=\"auto\">suunnittelijan kanssa. Suunnittelussa huomioidaan esimerkiksi tontin muoto, kellarin haluttu pinta-ala ja k\u00e4ytt\u00f6tarkoitus. Huolellisella suunnittelulla varmistetaan, ett\u00e4 kellarista tulee toimivuuden lis\u00e4ksi kaavaehtojen ja tontin ominaisuuksien mukainen.<\/span><\/p>\n<h2><span style=\"font-size: 28px\">Meilt\u00e4 kellari taloon kuin taloon\u00a0<\/span><\/h2>\n<p><span data-contrast=\"none\">Meilt\u00e4 saat kaiken tarvitsemasi kellarin suunnitteluun ja rakentamiseen. Tarjoamme rakentajille helpon, nopean ja kustannustehokkaan ratkaisun kellarin toteuttamiseen. <\/span><\/p>\n<p><span data-contrast=\"none\">Ota yhteytt\u00e4 l\u00e4himp\u00e4\u00e4n\u202f<\/span><a href=\"https:\/\/www.lammi.fi\/yhteystiedot\/?service=myynti-ja-asiakaspalvelu&amp;service_child=587\"><span data-contrast=\"none\">Lammi Kellari -asiantuntijaamme<\/span><\/a><span data-contrast=\"none\">\u202ftai j<\/span><a href=\"https:\/\/www.lammi.fi\/kellari\/yhteydenottopyynto\/\"><span data-contrast=\"none\">\u00e4t\u00e4 meille yhteydenottopyynt\u00f6<\/span><\/a><span data-contrast=\"none\">.<\/span><span data-ccp-props=\"{}\">\u00a0<\/span><\/p>\n","protected":false},"excerpt":{"rendered":"<p>Kellarin suunnittelu Kellariperustukseen p\u00e4\u00e4dyt\u00e4\u00e4n usein kaavaehtojen, tontin ominaisuuksien tai lis\u00e4tilan tarpeen vuoksi. Kellariperustusta k\u00e4ytet\u00e4\u00e4n usein rinnetonteilla, osakellarina tai kokokellarina. Tasamaalle rakennettaessa kellarilla saadaan esimerkiksi harraste- tai varastotiloja jopa kokonaisen kerroksen verran. Lujarakenteinen kellariperustus tarjoaa helposti muunneltavaa tilaa, jossa v\u00e4liseini\u00e4 ei v\u00e4ltt\u00e4m\u00e4tt\u00e4 tarvita.\u00a0 Kellarin suunnittelu pientaloon: N\u00e4in luot toimivan ja tyylikk\u00e4\u00e4n kellaritilan\u00a0 Kellarin suunnittelu pientaloon on &hellip; <a href=\"https:\/\/www.lammi.fi\/kellari\/kellarin-toteuttaminen\/suunnittelu\/\" class=\"more-link\">Lue lis\u00e4\u00e4<span class=\"screen-reader-text\"> &#8221;Suunnittelu&#8221;<\/span><\/a><\/p>\n","protected":false},"author":20,"featured_media":0,"parent":832,"menu_order":0,"comment_status":"closed","ping_status":"closed","template":"","meta":{"_acf_changed":false,"_improvement_type_select":"improve_an_existing","_thumb_yes_seoaic":false,"_frame_yes_seoaic":false,"seoaic_generate_description":"","seoaic_improve_instructions_prompt":"","seoaic_rollback_content_improvement":"","seoaic_idea_thumbnail_generator":"","thumbnail_generated":false,"thumbnail_generate_prompt":"","seoaic_article_description":"","footnotes":""},"class_list":["post-836","page","type-page","status-publish","hentry"],"acf":[],"yoast_head":"<!-- This site is optimized with the Yoast SEO plugin v27.4 - https:\/\/yoast.com\/product\/yoast-seo-wordpress\/ -->\n<title>Suunnittelu - Lammi - Kellari<\/title>\n<meta name=\"description\" content=\"Hyvin suunniteltu kellaritila voi lis\u00e4t\u00e4 merkitt\u00e4v\u00e4sti talon k\u00e4ytt\u00f6arvoa ja tarjota monipuolisia mahdollisuuksia tilan hy\u00f6dynt\u00e4miseen.\" \/>\n<link rel=\"canonical\" href=\"https:\/\/www.lammi.fi\/kellari\/kellarin-toteuttaminen\/suunnittelu\/\" \/>\n<meta property=\"og:locale\" content=\"fi_FI\" \/>\n<meta property=\"og:type\" content=\"article\" \/>\n<meta property=\"og:title\" content=\"Suunnittelu - Lammi - Kellari\" \/>\n<meta property=\"og:description\" content=\"Hyvin suunniteltu kellaritila voi lis\u00e4t\u00e4 merkitt\u00e4v\u00e4sti talon k\u00e4ytt\u00f6arvoa ja tarjota monipuolisia mahdollisuuksia tilan hy\u00f6dynt\u00e4miseen.\" \/>\n<meta property=\"og:url\" content=\"https:\/\/www.lammi.fi\/kellari\/kellarin-toteuttaminen\/suunnittelu\/\" \/>\n<meta property=\"og:site_name\" content=\"Lammi - Kellari\" \/>\n<meta property=\"article:modified_time\" content=\"2025-06-30T08:47:16+00:00\" \/>\n<meta property=\"og:image\" content=\"https:\/\/www.lammi.fi\/kellari\/wp-content\/uploads\/sites\/6\/2025\/02\/keittio-840x400-1.jpg\" \/>\n\t<meta property=\"og:image:width\" content=\"840\" \/>\n\t<meta property=\"og:image:height\" content=\"400\" \/>\n\t<meta property=\"og:image:type\" content=\"image\/jpeg\" \/>\n<meta name=\"twitter:card\" content=\"summary_large_image\" \/>\n<meta name=\"twitter:label1\" content=\"Arvioitu lukuaika\" \/>\n\t<meta name=\"twitter:data1\" content=\"4 minuuttia\" \/>\n<script type=\"application\/ld+json\" class=\"yoast-schema-graph\">{\"@context\":\"https:\\\/\\\/schema.org\",\"@graph\":[{\"@type\":\"WebPage\",\"@id\":\"https:\\\/\\\/www.lammi.fi\\\/kellari\\\/kellarin-toteuttaminen\\\/suunnittelu\\\/\",\"url\":\"https:\\\/\\\/www.lammi.fi\\\/kellari\\\/kellarin-toteuttaminen\\\/suunnittelu\\\/\",\"name\":\"Suunnittelu - Lammi - Kellari\",\"isPartOf\":{\"@id\":\"https:\\\/\\\/www.lammi.fi\\\/kellari\\\/#website\"},\"primaryImageOfPage\":{\"@id\":\"https:\\\/\\\/www.lammi.fi\\\/kellari\\\/kellarin-toteuttaminen\\\/suunnittelu\\\/#primaryimage\"},\"image\":{\"@id\":\"https:\\\/\\\/www.lammi.fi\\\/kellari\\\/kellarin-toteuttaminen\\\/suunnittelu\\\/#primaryimage\"},\"thumbnailUrl\":\"https:\\\/\\\/www.lammi.fi\\\/kellari\\\/wp-content\\\/uploads\\\/sites\\\/6\\\/2025\\\/02\\\/keittio-840x400-1.jpg\",\"datePublished\":\"2024-12-15T13:50:45+00:00\",\"dateModified\":\"2025-06-30T08:47:16+00:00\",\"description\":\"Hyvin suunniteltu kellaritila voi lis\u00e4t\u00e4 merkitt\u00e4v\u00e4sti talon k\u00e4ytt\u00f6arvoa ja tarjota monipuolisia mahdollisuuksia tilan hy\u00f6dynt\u00e4miseen.\",\"breadcrumb\":{\"@id\":\"https:\\\/\\\/www.lammi.fi\\\/kellari\\\/kellarin-toteuttaminen\\\/suunnittelu\\\/#breadcrumb\"},\"inLanguage\":\"fi\",\"potentialAction\":[{\"@type\":\"ReadAction\",\"target\":[\"https:\\\/\\\/www.lammi.fi\\\/kellari\\\/kellarin-toteuttaminen\\\/suunnittelu\\\/\"]}]},{\"@type\":\"ImageObject\",\"inLanguage\":\"fi\",\"@id\":\"https:\\\/\\\/www.lammi.fi\\\/kellari\\\/kellarin-toteuttaminen\\\/suunnittelu\\\/#primaryimage\",\"url\":\"https:\\\/\\\/www.lammi.fi\\\/kellari\\\/wp-content\\\/uploads\\\/sites\\\/6\\\/2025\\\/02\\\/keittio-840x400-1.jpg\",\"contentUrl\":\"https:\\\/\\\/www.lammi.fi\\\/kellari\\\/wp-content\\\/uploads\\\/sites\\\/6\\\/2025\\\/02\\\/keittio-840x400-1.jpg\",\"width\":840,\"height\":400},{\"@type\":\"BreadcrumbList\",\"@id\":\"https:\\\/\\\/www.lammi.fi\\\/kellari\\\/kellarin-toteuttaminen\\\/suunnittelu\\\/#breadcrumb\",\"itemListElement\":[{\"@type\":\"ListItem\",\"position\":1,\"name\":\"Lammi.fi\",\"item\":\"https:\\\/\\\/www.lammi.fi\"},{\"@type\":\"ListItem\",\"position\":2,\"name\":\"Kellari\",\"item\":\"https:\\\/\\\/www.lammi.fi\\\/kellari\\\/\"},{\"@type\":\"ListItem\",\"position\":3,\"name\":\"Kellarin toteuttaminen\",\"item\":\"https:\\\/\\\/www.lammi.fi\\\/kellari\\\/kellarin-toteuttaminen\\\/\"},{\"@type\":\"ListItem\",\"position\":4,\"name\":\"Suunnittelu\"}]},{\"@type\":\"WebSite\",\"@id\":\"https:\\\/\\\/www.lammi.fi\\\/kellari\\\/#website\",\"url\":\"https:\\\/\\\/www.lammi.fi\\\/kellari\\\/\",\"name\":\"Lammi - Kellari\",\"description\":\"\",\"potentialAction\":[{\"@type\":\"SearchAction\",\"target\":{\"@type\":\"EntryPoint\",\"urlTemplate\":\"https:\\\/\\\/www.lammi.fi\\\/kellari\\\/?s={search_term_string}\"},\"query-input\":{\"@type\":\"PropertyValueSpecification\",\"valueRequired\":true,\"valueName\":\"search_term_string\"}}],\"inLanguage\":\"fi\"}]}<\/script>\n<!-- \/ Yoast SEO plugin. -->","yoast_head_json":{"title":"Suunnittelu - Lammi - Kellari","description":"Hyvin suunniteltu kellaritila voi lis\u00e4t\u00e4 merkitt\u00e4v\u00e4sti talon k\u00e4ytt\u00f6arvoa ja tarjota monipuolisia mahdollisuuksia tilan hy\u00f6dynt\u00e4miseen.","canonical":"https:\/\/www.lammi.fi\/kellari\/kellarin-toteuttaminen\/suunnittelu\/","og_locale":"fi_FI","og_type":"article","og_title":"Suunnittelu - Lammi - Kellari","og_description":"Hyvin suunniteltu kellaritila voi lis\u00e4t\u00e4 merkitt\u00e4v\u00e4sti talon k\u00e4ytt\u00f6arvoa ja tarjota monipuolisia mahdollisuuksia tilan hy\u00f6dynt\u00e4miseen.","og_url":"https:\/\/www.lammi.fi\/kellari\/kellarin-toteuttaminen\/suunnittelu\/","og_site_name":"Lammi - Kellari","article_modified_time":"2025-06-30T08:47:16+00:00","og_image":[{"width":840,"height":400,"url":"https:\/\/www.lammi.fi\/kellari\/wp-content\/uploads\/sites\/6\/2025\/02\/keittio-840x400-1.jpg","type":"image\/jpeg"}],"twitter_card":"summary_large_image","twitter_misc":{"Arvioitu lukuaika":"4 minuuttia"},"schema":{"@context":"https:\/\/schema.org","@graph":[{"@type":"WebPage","@id":"https:\/\/www.lammi.fi\/kellari\/kellarin-toteuttaminen\/suunnittelu\/","url":"https:\/\/www.lammi.fi\/kellari\/kellarin-toteuttaminen\/suunnittelu\/","name":"Suunnittelu - Lammi - Kellari","isPartOf":{"@id":"https:\/\/www.lammi.fi\/kellari\/#website"},"primaryImageOfPage":{"@id":"https:\/\/www.lammi.fi\/kellari\/kellarin-toteuttaminen\/suunnittelu\/#primaryimage"},"image":{"@id":"https:\/\/www.lammi.fi\/kellari\/kellarin-toteuttaminen\/suunnittelu\/#primaryimage"},"thumbnailUrl":"https:\/\/www.lammi.fi\/kellari\/wp-content\/uploads\/sites\/6\/2025\/02\/keittio-840x400-1.jpg","datePublished":"2024-12-15T13:50:45+00:00","dateModified":"2025-06-30T08:47:16+00:00","description":"Hyvin suunniteltu kellaritila voi lis\u00e4t\u00e4 merkitt\u00e4v\u00e4sti talon k\u00e4ytt\u00f6arvoa ja tarjota monipuolisia mahdollisuuksia tilan hy\u00f6dynt\u00e4miseen.","breadcrumb":{"@id":"https:\/\/www.lammi.fi\/kellari\/kellarin-toteuttaminen\/suunnittelu\/#breadcrumb"},"inLanguage":"fi","potentialAction":[{"@type":"ReadAction","target":["https:\/\/www.lammi.fi\/kellari\/kellarin-toteuttaminen\/suunnittelu\/"]}]},{"@type":"ImageObject","inLanguage":"fi","@id":"https:\/\/www.lammi.fi\/kellari\/kellarin-toteuttaminen\/suunnittelu\/#primaryimage","url":"https:\/\/www.lammi.fi\/kellari\/wp-content\/uploads\/sites\/6\/2025\/02\/keittio-840x400-1.jpg","contentUrl":"https:\/\/www.lammi.fi\/kellari\/wp-content\/uploads\/sites\/6\/2025\/02\/keittio-840x400-1.jpg","width":840,"height":400},{"@type":"BreadcrumbList","@id":"https:\/\/www.lammi.fi\/kellari\/kellarin-toteuttaminen\/suunnittelu\/#breadcrumb","itemListElement":[{"@type":"ListItem","position":1,"name":"Lammi.fi","item":"https:\/\/www.lammi.fi"},{"@type":"ListItem","position":2,"name":"Kellari","item":"https:\/\/www.lammi.fi\/kellari\/"},{"@type":"ListItem","position":3,"name":"Kellarin toteuttaminen","item":"https:\/\/www.lammi.fi\/kellari\/kellarin-toteuttaminen\/"},{"@type":"ListItem","position":4,"name":"Suunnittelu"}]},{"@type":"WebSite","@id":"https:\/\/www.lammi.fi\/kellari\/#website","url":"https:\/\/www.lammi.fi\/kellari\/","name":"Lammi - Kellari","description":"","potentialAction":[{"@type":"SearchAction","target":{"@type":"EntryPoint","urlTemplate":"https:\/\/www.lammi.fi\/kellari\/?s={search_term_string}"},"query-input":{"@type":"PropertyValueSpecification","valueRequired":true,"valueName":"search_term_string"}}],"inLanguage":"fi"}]}},"_links":{"self":[{"href":"https:\/\/www.lammi.fi\/kellari\/wp-json\/wp\/v2\/pages\/836","targetHints":{"allow":["GET"]}}],"collection":[{"href":"https:\/\/www.lammi.fi\/kellari\/wp-json\/wp\/v2\/pages"}],"about":[{"href":"https:\/\/www.lammi.fi\/kellari\/wp-json\/wp\/v2\/types\/page"}],"author":[{"embeddable":true,"href":"https:\/\/www.lammi.fi\/kellari\/wp-json\/wp\/v2\/users\/20"}],"replies":[{"embeddable":true,"href":"https:\/\/www.lammi.fi\/kellari\/wp-json\/wp\/v2\/comments?post=836"}],"version-history":[{"count":15,"href":"https:\/\/www.lammi.fi\/kellari\/wp-json\/wp\/v2\/pages\/836\/revisions"}],"predecessor-version":[{"id":1479,"href":"https:\/\/www.lammi.fi\/kellari\/wp-json\/wp\/v2\/pages\/836\/revisions\/1479"}],"up":[{"embeddable":true,"href":"https:\/\/www.lammi.fi\/kellari\/wp-json\/wp\/v2\/pages\/832"}],"wp:attachment":[{"href":"https:\/\/www.lammi.fi\/kellari\/wp-json\/wp\/v2\/media?parent=836"}],"curies":[{"name":"wp","href":"https:\/\/api.w.org\/{rel}","templated":true}]}}