{"id":834,"date":"2024-12-15T15:50:29","date_gmt":"2024-12-15T13:50:29","guid":{"rendered":"https:\/\/www.lammi.fi\/kellari\/?page_id=834"},"modified":"2025-08-28T09:34:01","modified_gmt":"2025-08-28T06:34:01","slug":"ensiaskeleet","status":"publish","type":"page","link":"https:\/\/www.lammi.fi\/kellari\/kellarin-toteuttaminen\/ensiaskeleet\/","title":{"rendered":"Ensiaskeleet"},"content":{"rendered":"<h1><span style=\"font-size: 36px\">Rakenna talosi kellarin p\u00e4\u00e4lle\u00a0<\/span><\/h1>\n<p><span data-contrast=\"auto\">Rakennusmateriaalista riippumatta, taloon tarvitaan perustus. Lammi Kellari on toimiva ja kustannustehokas vaihtoehto perustuksen ja talon alimman kerroksen rakentamiseen.<\/span><span data-ccp-props=\"{}\">\u00a0<\/span><\/p>\n<p><span data-contrast=\"auto\">Harkoista rakennettu kellari on energiatehokas, kosteuden kest\u00e4v\u00e4 ja tiivis esimerkiksi radonia vastaan. Koska rakenne on eritt\u00e4in luja, ei kellariin v\u00e4ltt\u00e4m\u00e4tt\u00e4 tarvita lainkaan v\u00e4liseini\u00e4. Tilaa on siis helppo k\u00e4ytt\u00e4\u00e4 eri tarkoituksiin ja my\u00f6s muunnella k\u00e4ytt\u00f6tarkoituksen tai el\u00e4m\u00e4ntilanteen mukaan.<\/span><span data-ccp-props=\"{}\">\u00a0<\/span><\/p>\n<h2><span style=\"font-size: 28px\">Enemm\u00e4n kuin varastotila\u00a0<\/span><\/h2>\n<p><img decoding=\"async\" class=\"size-full wp-image-1357 alignnone\" src=\"https:\/\/www.lammi.fi\/kellari\/wp-content\/uploads\/sites\/6\/2025\/02\/makuuhuone-840x400-1.jpg\" alt=\"\" width=\"840\" height=\"400\" srcset=\"https:\/\/www.lammi.fi\/kellari\/wp-content\/uploads\/sites\/6\/2025\/02\/makuuhuone-840x400-1.jpg 840w, https:\/\/www.lammi.fi\/kellari\/wp-content\/uploads\/sites\/6\/2025\/02\/makuuhuone-840x400-1-300x143.jpg 300w, https:\/\/www.lammi.fi\/kellari\/wp-content\/uploads\/sites\/6\/2025\/02\/makuuhuone-840x400-1-768x366.jpg 768w, https:\/\/www.lammi.fi\/kellari\/wp-content\/uploads\/sites\/6\/2025\/02\/makuuhuone-840x400-1-260x124.jpg 260w\" sizes=\"(max-width: 709px) 85vw, (max-width: 909px) 67vw, (max-width: 1362px) 62vw, 840px\" \/><\/p>\n<p><span data-contrast=\"auto\">Kellari voidaan rakentaa joko kokonaan maan alle tai rinnetontilla rinnett\u00e4 vasten. Se voi olla osakellari tai talon alimpana kerroksen toimiva kokokellari.<\/span><span data-ccp-props=\"{}\">\u00a0<\/span><span data-contrast=\"auto\">Hyvin suunniteltu kellari tarjoaa kotiin laadukkaita lis\u00e4neli\u00f6it\u00e4 jopa kokonaisen kerroksen verran. Parhaimmillaan kellari onkin paljon muuta kuin pelk\u00e4st\u00e4\u00e4n kylm\u00e4 tai puolil\u00e4mmin varastotila.<\/span><span data-ccp-props=\"{}\">\u00a0<\/span><\/p>\n<h2><span style=\"font-size: 28px\">Perinteisesti muuraamalla vai v\u00e4lj\u00e4sti valuharkoilla?<\/span><\/h2>\n<p><img decoding=\"async\" class=\"size-full wp-image-1117 alignnone\" src=\"https:\/\/www.lammi.fi\/kellari\/wp-content\/uploads\/sites\/6\/2025\/02\/kohde75.jpg\" alt=\"\" width=\"840\" height=\"420\" srcset=\"https:\/\/www.lammi.fi\/kellari\/wp-content\/uploads\/sites\/6\/2025\/02\/kohde75.jpg 840w, https:\/\/www.lammi.fi\/kellari\/wp-content\/uploads\/sites\/6\/2025\/02\/kohde75-300x150.jpg 300w, https:\/\/www.lammi.fi\/kellari\/wp-content\/uploads\/sites\/6\/2025\/02\/kohde75-768x384.jpg 768w, https:\/\/www.lammi.fi\/kellari\/wp-content\/uploads\/sites\/6\/2025\/02\/kohde75-260x130.jpg 260w\" sizes=\"(max-width: 709px) 85vw, (max-width: 909px) 67vw, (max-width: 1362px) 62vw, 840px\" \/><\/p>\n<p><span data-contrast=\"auto\">Kellarin suunnitteluun ja eri vaihtoehtojen vertailuun kannattaa k\u00e4ytt\u00e4\u00e4 aikaa.\u00a0<\/span><span data-contrast=\"auto\">Huolellisella suunnittelulla varmistetaan, ett\u00e4 kellarista tulee toimivuuden lis\u00e4ksi kaavaehtojen ja tontin ominaisuuksien mukainen. Mik\u00e4li tilasta halutaan mahdollisimman avoin ja ajan mittaan eri k\u00e4ytt\u00f6tarkoituksiin muunneltava, on valittava materiaali, mik\u00e4 mahdollistaa avarien tilojen toteuttamisen.<\/span><span data-ccp-props=\"{}\">\u00a0<\/span><\/p>\n<p><span data-contrast=\"auto\">Harkkorakentamisessa rakennustapoja on karkeasti jaettuna kaksi. Mik\u00e4li kellarin rakennusmateriaaliksi valitaan perinteinen muurattava harkko, tarvitaan kellarikerrokseen kantavia poikittaisia v\u00e4liseini\u00e4, jotta ulkosein\u00e4 pysyy pystyss\u00e4 maanpainetta vastaan. Jos taas materiaalina k\u00e4ytet\u00e4\u00e4n Lammin ladottavia harkkoja, jotka raudoitetaan ja valetaan pystysuunnassa, saadaan aikaan eritt\u00e4in luja rakenne, eik\u00e4 kellariin tarvita erillisi\u00e4, maanpainesein\u00e4\u00e4 tukevia kantavia v\u00e4liseini\u00e4. Valuharkoilla rakennettu kellarin sein\u00e4rakenne on my\u00f6s eristetty koko matkaltaan. T\u00e4m\u00e4n takia valuharkkorakenteinen kellarikerros on energiatehokas, kosteuden kest\u00e4v\u00e4 ja tiivis esimerkiksi radonia vastaan. Tilaa on siis helppo k\u00e4ytt\u00e4\u00e4 eri tarkoituksiin ja muunnella k\u00e4ytt\u00f6tarkoituksen mukaan. V\u00e4lisein\u00e4t voivat olla kevyit\u00e4 ja purettavissa kulloisenkin k\u00e4ytt\u00f6tavan tai el\u00e4m\u00e4ntilanteen mukaan.<\/span><span data-ccp-props=\"{}\">\u00a0<\/span><\/p>\n<h2>Tutustu Lammi Kellarin etuihin ja ota yhteytt\u00e4<\/h2>\n<p><img decoding=\"async\" class=\"size-full wp-image-1120 alignnone\" src=\"https:\/\/www.lammi.fi\/kellari\/wp-content\/uploads\/sites\/6\/2025\/02\/kellarileikkaus.jpg\" alt=\"\" width=\"840\" height=\"657\" srcset=\"https:\/\/www.lammi.fi\/kellari\/wp-content\/uploads\/sites\/6\/2025\/02\/kellarileikkaus.jpg 840w, https:\/\/www.lammi.fi\/kellari\/wp-content\/uploads\/sites\/6\/2025\/02\/kellarileikkaus-300x235.jpg 300w, https:\/\/www.lammi.fi\/kellari\/wp-content\/uploads\/sites\/6\/2025\/02\/kellarileikkaus-768x601.jpg 768w, https:\/\/www.lammi.fi\/kellari\/wp-content\/uploads\/sites\/6\/2025\/02\/kellarileikkaus-260x203.jpg 260w, https:\/\/www.lammi.fi\/kellari\/wp-content\/uploads\/sites\/6\/2025\/02\/kellarileikkaus-767x600.jpg 767w\" sizes=\"(max-width: 709px) 85vw, (max-width: 909px) 67vw, (max-width: 1362px) 62vw, 840px\" \/><\/p>\n<p>Suunnitteletko kellarin rakentamista? Tutustu Lammi Kellarin etuihin ja ota yhteytt\u00e4 l\u00e4himp\u00e4\u00e4n <a href=\"https:\/\/www.lammi.fi\/yhteystiedot\/?service=myynti-ja-asiakaspalvelu&amp;service_child=587\">Lammi Kellari -myyj\u00e4\u00e4n<\/a>!<\/p>\n","protected":false},"excerpt":{"rendered":"<p>Rakenna talosi kellarin p\u00e4\u00e4lle\u00a0 Rakennusmateriaalista riippumatta, taloon tarvitaan perustus. Lammi Kellari on toimiva ja kustannustehokas vaihtoehto perustuksen ja talon alimman kerroksen rakentamiseen.\u00a0 Harkoista rakennettu kellari on energiatehokas, kosteuden kest\u00e4v\u00e4 ja tiivis esimerkiksi radonia vastaan. Koska rakenne on eritt\u00e4in luja, ei kellariin v\u00e4ltt\u00e4m\u00e4tt\u00e4 tarvita lainkaan v\u00e4liseini\u00e4. Tilaa on siis helppo k\u00e4ytt\u00e4\u00e4 eri tarkoituksiin ja my\u00f6s muunnella &hellip; <a href=\"https:\/\/www.lammi.fi\/kellari\/kellarin-toteuttaminen\/ensiaskeleet\/\" class=\"more-link\">Lue lis\u00e4\u00e4<span class=\"screen-reader-text\"> &#8221;Ensiaskeleet&#8221;<\/span><\/a><\/p>\n","protected":false},"author":20,"featured_media":0,"parent":832,"menu_order":0,"comment_status":"closed","ping_status":"closed","template":"","meta":{"_acf_changed":false,"_improvement_type_select":"improve_an_existing","_thumb_yes_seoaic":false,"_frame_yes_seoaic":false,"seoaic_generate_description":"","seoaic_improve_instructions_prompt":"","seoaic_rollback_content_improvement":"","seoaic_idea_thumbnail_generator":"","thumbnail_generated":false,"thumbnail_generate_prompt":"","seoaic_article_description":"","footnotes":""},"class_list":["post-834","page","type-page","status-publish","hentry"],"acf":[],"yoast_head":"<!-- This site is optimized with the Yoast SEO plugin v27.4 - https:\/\/yoast.com\/product\/yoast-seo-wordpress\/ -->\n<title>Ensiaskeleet - Lammi - Kellari<\/title>\n<meta name=\"description\" content=\"Rakenna talosi kellarin p\u00e4\u00e4lle. Lammi Kellari on toimiva ja kustannustehokas vaihtoehto talon alimman kerroksen rakentamiseen.\u00a0\" \/>\n<link rel=\"canonical\" href=\"https:\/\/www.lammi.fi\/kellari\/kellarin-toteuttaminen\/ensiaskeleet\/\" \/>\n<meta property=\"og:locale\" content=\"fi_FI\" \/>\n<meta property=\"og:type\" content=\"article\" \/>\n<meta property=\"og:title\" content=\"Ensiaskeleet - Lammi - Kellari\" \/>\n<meta property=\"og:description\" content=\"Rakenna talosi kellarin p\u00e4\u00e4lle. Lammi Kellari on toimiva ja kustannustehokas vaihtoehto talon alimman kerroksen rakentamiseen.\u00a0\" \/>\n<meta property=\"og:url\" content=\"https:\/\/www.lammi.fi\/kellari\/kellarin-toteuttaminen\/ensiaskeleet\/\" \/>\n<meta property=\"og:site_name\" content=\"Lammi - Kellari\" \/>\n<meta property=\"article:modified_time\" content=\"2025-08-28T06:34:01+00:00\" \/>\n<meta property=\"og:image\" content=\"https:\/\/www.lammi.fi\/kellari\/wp-content\/uploads\/sites\/6\/2025\/02\/makuuhuone-840x400-1.jpg\" \/>\n\t<meta property=\"og:image:width\" content=\"840\" \/>\n\t<meta property=\"og:image:height\" content=\"400\" \/>\n\t<meta property=\"og:image:type\" content=\"image\/jpeg\" \/>\n<meta name=\"twitter:card\" content=\"summary_large_image\" \/>\n<meta name=\"twitter:label1\" content=\"Arvioitu lukuaika\" \/>\n\t<meta name=\"twitter:data1\" content=\"3 minuuttia\" \/>\n<script type=\"application\/ld+json\" class=\"yoast-schema-graph\">{\"@context\":\"https:\\\/\\\/schema.org\",\"@graph\":[{\"@type\":\"WebPage\",\"@id\":\"https:\\\/\\\/www.lammi.fi\\\/kellari\\\/kellarin-toteuttaminen\\\/ensiaskeleet\\\/\",\"url\":\"https:\\\/\\\/www.lammi.fi\\\/kellari\\\/kellarin-toteuttaminen\\\/ensiaskeleet\\\/\",\"name\":\"Ensiaskeleet - Lammi - Kellari\",\"isPartOf\":{\"@id\":\"https:\\\/\\\/www.lammi.fi\\\/kellari\\\/#website\"},\"primaryImageOfPage\":{\"@id\":\"https:\\\/\\\/www.lammi.fi\\\/kellari\\\/kellarin-toteuttaminen\\\/ensiaskeleet\\\/#primaryimage\"},\"image\":{\"@id\":\"https:\\\/\\\/www.lammi.fi\\\/kellari\\\/kellarin-toteuttaminen\\\/ensiaskeleet\\\/#primaryimage\"},\"thumbnailUrl\":\"https:\\\/\\\/www.lammi.fi\\\/kellari\\\/wp-content\\\/uploads\\\/sites\\\/6\\\/2025\\\/02\\\/makuuhuone-840x400-1.jpg\",\"datePublished\":\"2024-12-15T13:50:29+00:00\",\"dateModified\":\"2025-08-28T06:34:01+00:00\",\"description\":\"Rakenna talosi kellarin p\u00e4\u00e4lle. Lammi Kellari on toimiva ja kustannustehokas vaihtoehto talon alimman kerroksen rakentamiseen.\u00a0\",\"breadcrumb\":{\"@id\":\"https:\\\/\\\/www.lammi.fi\\\/kellari\\\/kellarin-toteuttaminen\\\/ensiaskeleet\\\/#breadcrumb\"},\"inLanguage\":\"fi\",\"potentialAction\":[{\"@type\":\"ReadAction\",\"target\":[\"https:\\\/\\\/www.lammi.fi\\\/kellari\\\/kellarin-toteuttaminen\\\/ensiaskeleet\\\/\"]}]},{\"@type\":\"ImageObject\",\"inLanguage\":\"fi\",\"@id\":\"https:\\\/\\\/www.lammi.fi\\\/kellari\\\/kellarin-toteuttaminen\\\/ensiaskeleet\\\/#primaryimage\",\"url\":\"https:\\\/\\\/www.lammi.fi\\\/kellari\\\/wp-content\\\/uploads\\\/sites\\\/6\\\/2025\\\/02\\\/makuuhuone-840x400-1.jpg\",\"contentUrl\":\"https:\\\/\\\/www.lammi.fi\\\/kellari\\\/wp-content\\\/uploads\\\/sites\\\/6\\\/2025\\\/02\\\/makuuhuone-840x400-1.jpg\",\"width\":840,\"height\":400},{\"@type\":\"BreadcrumbList\",\"@id\":\"https:\\\/\\\/www.lammi.fi\\\/kellari\\\/kellarin-toteuttaminen\\\/ensiaskeleet\\\/#breadcrumb\",\"itemListElement\":[{\"@type\":\"ListItem\",\"position\":1,\"name\":\"Lammi.fi\",\"item\":\"https:\\\/\\\/www.lammi.fi\"},{\"@type\":\"ListItem\",\"position\":2,\"name\":\"Kellari\",\"item\":\"https:\\\/\\\/www.lammi.fi\\\/kellari\\\/\"},{\"@type\":\"ListItem\",\"position\":3,\"name\":\"Kellarin toteuttaminen\",\"item\":\"https:\\\/\\\/www.lammi.fi\\\/kellari\\\/kellarin-toteuttaminen\\\/\"},{\"@type\":\"ListItem\",\"position\":4,\"name\":\"Ensiaskeleet\"}]},{\"@type\":\"WebSite\",\"@id\":\"https:\\\/\\\/www.lammi.fi\\\/kellari\\\/#website\",\"url\":\"https:\\\/\\\/www.lammi.fi\\\/kellari\\\/\",\"name\":\"Lammi - Kellari\",\"description\":\"\",\"potentialAction\":[{\"@type\":\"SearchAction\",\"target\":{\"@type\":\"EntryPoint\",\"urlTemplate\":\"https:\\\/\\\/www.lammi.fi\\\/kellari\\\/?s={search_term_string}\"},\"query-input\":{\"@type\":\"PropertyValueSpecification\",\"valueRequired\":true,\"valueName\":\"search_term_string\"}}],\"inLanguage\":\"fi\"}]}<\/script>\n<!-- \/ Yoast SEO plugin. -->","yoast_head_json":{"title":"Ensiaskeleet - Lammi - Kellari","description":"Rakenna talosi kellarin p\u00e4\u00e4lle. Lammi Kellari on toimiva ja kustannustehokas vaihtoehto talon alimman kerroksen rakentamiseen.\u00a0","canonical":"https:\/\/www.lammi.fi\/kellari\/kellarin-toteuttaminen\/ensiaskeleet\/","og_locale":"fi_FI","og_type":"article","og_title":"Ensiaskeleet - Lammi - Kellari","og_description":"Rakenna talosi kellarin p\u00e4\u00e4lle. Lammi Kellari on toimiva ja kustannustehokas vaihtoehto talon alimman kerroksen rakentamiseen.\u00a0","og_url":"https:\/\/www.lammi.fi\/kellari\/kellarin-toteuttaminen\/ensiaskeleet\/","og_site_name":"Lammi - Kellari","article_modified_time":"2025-08-28T06:34:01+00:00","og_image":[{"width":840,"height":400,"url":"https:\/\/www.lammi.fi\/kellari\/wp-content\/uploads\/sites\/6\/2025\/02\/makuuhuone-840x400-1.jpg","type":"image\/jpeg"}],"twitter_card":"summary_large_image","twitter_misc":{"Arvioitu lukuaika":"3 minuuttia"},"schema":{"@context":"https:\/\/schema.org","@graph":[{"@type":"WebPage","@id":"https:\/\/www.lammi.fi\/kellari\/kellarin-toteuttaminen\/ensiaskeleet\/","url":"https:\/\/www.lammi.fi\/kellari\/kellarin-toteuttaminen\/ensiaskeleet\/","name":"Ensiaskeleet - Lammi - Kellari","isPartOf":{"@id":"https:\/\/www.lammi.fi\/kellari\/#website"},"primaryImageOfPage":{"@id":"https:\/\/www.lammi.fi\/kellari\/kellarin-toteuttaminen\/ensiaskeleet\/#primaryimage"},"image":{"@id":"https:\/\/www.lammi.fi\/kellari\/kellarin-toteuttaminen\/ensiaskeleet\/#primaryimage"},"thumbnailUrl":"https:\/\/www.lammi.fi\/kellari\/wp-content\/uploads\/sites\/6\/2025\/02\/makuuhuone-840x400-1.jpg","datePublished":"2024-12-15T13:50:29+00:00","dateModified":"2025-08-28T06:34:01+00:00","description":"Rakenna talosi kellarin p\u00e4\u00e4lle. Lammi Kellari on toimiva ja kustannustehokas vaihtoehto talon alimman kerroksen rakentamiseen.\u00a0","breadcrumb":{"@id":"https:\/\/www.lammi.fi\/kellari\/kellarin-toteuttaminen\/ensiaskeleet\/#breadcrumb"},"inLanguage":"fi","potentialAction":[{"@type":"ReadAction","target":["https:\/\/www.lammi.fi\/kellari\/kellarin-toteuttaminen\/ensiaskeleet\/"]}]},{"@type":"ImageObject","inLanguage":"fi","@id":"https:\/\/www.lammi.fi\/kellari\/kellarin-toteuttaminen\/ensiaskeleet\/#primaryimage","url":"https:\/\/www.lammi.fi\/kellari\/wp-content\/uploads\/sites\/6\/2025\/02\/makuuhuone-840x400-1.jpg","contentUrl":"https:\/\/www.lammi.fi\/kellari\/wp-content\/uploads\/sites\/6\/2025\/02\/makuuhuone-840x400-1.jpg","width":840,"height":400},{"@type":"BreadcrumbList","@id":"https:\/\/www.lammi.fi\/kellari\/kellarin-toteuttaminen\/ensiaskeleet\/#breadcrumb","itemListElement":[{"@type":"ListItem","position":1,"name":"Lammi.fi","item":"https:\/\/www.lammi.fi"},{"@type":"ListItem","position":2,"name":"Kellari","item":"https:\/\/www.lammi.fi\/kellari\/"},{"@type":"ListItem","position":3,"name":"Kellarin toteuttaminen","item":"https:\/\/www.lammi.fi\/kellari\/kellarin-toteuttaminen\/"},{"@type":"ListItem","position":4,"name":"Ensiaskeleet"}]},{"@type":"WebSite","@id":"https:\/\/www.lammi.fi\/kellari\/#website","url":"https:\/\/www.lammi.fi\/kellari\/","name":"Lammi - Kellari","description":"","potentialAction":[{"@type":"SearchAction","target":{"@type":"EntryPoint","urlTemplate":"https:\/\/www.lammi.fi\/kellari\/?s={search_term_string}"},"query-input":{"@type":"PropertyValueSpecification","valueRequired":true,"valueName":"search_term_string"}}],"inLanguage":"fi"}]}},"_links":{"self":[{"href":"https:\/\/www.lammi.fi\/kellari\/wp-json\/wp\/v2\/pages\/834","targetHints":{"allow":["GET"]}}],"collection":[{"href":"https:\/\/www.lammi.fi\/kellari\/wp-json\/wp\/v2\/pages"}],"about":[{"href":"https:\/\/www.lammi.fi\/kellari\/wp-json\/wp\/v2\/types\/page"}],"author":[{"embeddable":true,"href":"https:\/\/www.lammi.fi\/kellari\/wp-json\/wp\/v2\/users\/20"}],"replies":[{"embeddable":true,"href":"https:\/\/www.lammi.fi\/kellari\/wp-json\/wp\/v2\/comments?post=834"}],"version-history":[{"count":14,"href":"https:\/\/www.lammi.fi\/kellari\/wp-json\/wp\/v2\/pages\/834\/revisions"}],"predecessor-version":[{"id":1577,"href":"https:\/\/www.lammi.fi\/kellari\/wp-json\/wp\/v2\/pages\/834\/revisions\/1577"}],"up":[{"embeddable":true,"href":"https:\/\/www.lammi.fi\/kellari\/wp-json\/wp\/v2\/pages\/832"}],"wp:attachment":[{"href":"https:\/\/www.lammi.fi\/kellari\/wp-json\/wp\/v2\/media?parent=834"}],"curies":[{"name":"wp","href":"https:\/\/api.w.org\/{rel}","templated":true}]}}