{"id":832,"date":"2024-12-15T15:50:14","date_gmt":"2024-12-15T13:50:14","guid":{"rendered":"https:\/\/www.lammi.fi\/kellari\/?page_id=832"},"modified":"2025-08-28T09:31:58","modified_gmt":"2025-08-28T06:31:58","slug":"kellarin-toteuttaminen","status":"publish","type":"page","link":"https:\/\/www.lammi.fi\/kellari\/kellarin-toteuttaminen\/","title":{"rendered":"Kellarin toteuttaminen"},"content":{"rendered":"<h1><span style=\"font-size: 36px\">Kellarin toteuttaminen<\/span><\/h1>\n<p><img decoding=\"async\" class=\"alignnone wp-image-1351 size-full\" src=\"https:\/\/www.lammi.fi\/kellari\/wp-content\/uploads\/sites\/6\/2025\/02\/terassi-840x400-1.jpg\" alt=\"\" width=\"840\" height=\"400\" srcset=\"https:\/\/www.lammi.fi\/kellari\/wp-content\/uploads\/sites\/6\/2025\/02\/terassi-840x400-1.jpg 840w, https:\/\/www.lammi.fi\/kellari\/wp-content\/uploads\/sites\/6\/2025\/02\/terassi-840x400-1-300x143.jpg 300w, https:\/\/www.lammi.fi\/kellari\/wp-content\/uploads\/sites\/6\/2025\/02\/terassi-840x400-1-768x366.jpg 768w, https:\/\/www.lammi.fi\/kellari\/wp-content\/uploads\/sites\/6\/2025\/02\/terassi-840x400-1-260x124.jpg 260w\" sizes=\"(max-width: 709px) 85vw, (max-width: 909px) 67vw, (max-width: 1362px) 62vw, 840px\" \/><\/p>\n<p><span data-contrast=\"auto\">Mahdottomalta tuntuva tontti saattaa mahdollistaa unelmien kodin, kun taloon rakennetaan kellarikerros. Hyv\u00e4ll\u00e4 suunnittelulla ja oikeilla materiaalivalinnoilla sinne saadaan edullisia neli\u00f6it\u00e4 hy\u00f6tyk\u00e4ytt\u00f6\u00f6n.<\/span><span data-ccp-props=\"{}\">\u00a0<\/span><\/p>\n<p><span data-contrast=\"auto\">Jokainen talo tarvitsee perustukset. K\u00e4ytett\u00e4viss\u00e4 oleva tontti ja rakennettava talo sanelevat pitk\u00e4lti perustustavan ja perustuksen rakenteen. Rinnetontin suosittu perustamistapa on kellarillinen perustus, joka mahdollistaa lis\u00e4\u00e4 k\u00e4ytt\u00f6tilaa talon alimpaan osaan.<\/span><span data-ccp-props=\"{}\">\u00a0<\/span><\/p>\n<p><span data-contrast=\"auto\">Jos rinnetontilla joudutaan joka tapauksessa kaivamaan tai louhimaan, on eri vaihtoehtojen kustannusarvioita tutkailtava monesta eri n\u00e4k\u00f6kulmasta. Useimmiten t\u00e4ysimittaisen kellarin yhten\u00e4inen perustus tulee suhteessa edullisemmaksi kuin osin kellarin p\u00e4\u00e4lle ja osin maalle perustettu talo. T\u00e4m\u00e4n takaavat my\u00f6s monik\u00e4ytt\u00f6isemm\u00e4t kellaritilat, joita voidaan hy\u00f6dynt\u00e4\u00e4 muunakin kuin s\u00e4ilytys- tai varastotilana.<\/span><span data-ccp-props=\"{}\">\u00a0<\/span><\/p>\n<h2><span style=\"font-size: 28px\">Edullisia neli\u00f6it\u00e4\u00a0<\/span><\/h2>\n<p><img decoding=\"async\" class=\"size-full wp-image-1130 alignnone\" src=\"https:\/\/www.lammi.fi\/kellari\/wp-content\/uploads\/sites\/6\/2025\/02\/Lammi-Kivitalo-46_2krs_tasamaa_kuva_5.jpg\" alt=\"\" width=\"840\" height=\"449\" srcset=\"https:\/\/www.lammi.fi\/kellari\/wp-content\/uploads\/sites\/6\/2025\/02\/Lammi-Kivitalo-46_2krs_tasamaa_kuva_5.jpg 840w, https:\/\/www.lammi.fi\/kellari\/wp-content\/uploads\/sites\/6\/2025\/02\/Lammi-Kivitalo-46_2krs_tasamaa_kuva_5-300x160.jpg 300w, https:\/\/www.lammi.fi\/kellari\/wp-content\/uploads\/sites\/6\/2025\/02\/Lammi-Kivitalo-46_2krs_tasamaa_kuva_5-768x411.jpg 768w, https:\/\/www.lammi.fi\/kellari\/wp-content\/uploads\/sites\/6\/2025\/02\/Lammi-Kivitalo-46_2krs_tasamaa_kuva_5-260x139.jpg 260w\" sizes=\"(max-width: 709px) 85vw, (max-width: 909px) 67vw, (max-width: 1362px) 62vw, 840px\" \/><\/p>\n<p><span data-contrast=\"auto\">Kellarikerrokseen voidaan sijoittaa toimintoja, jotka muuten veisiv\u00e4t arvokkaita neli\u00f6it\u00e4 asuinkerroksissa. Yleisesti t\u00e4nne sijoitetaan saunatiloja, makuuhuoneita ja kodinhoitotilat. Kellarineli\u00f6t voidaan s\u00e4\u00e4st\u00e4\u00e4 sellaisillekin aputoiminnoille, jotka ilman kellaria eiv\u00e4t olisi mahdollisia. Milt\u00e4 tuntuisi oma kuntosali, harrastus- tai ty\u00f6huone, kotikylpyl\u00e4 tai elokuvahuone?<\/span><span data-ccp-props=\"{}\">\u00a0<\/span><\/p>\n<p><img decoding=\"async\" class=\"size-full wp-image-1133 alignnone\" src=\"https:\/\/www.lammi.fi\/kellari\/wp-content\/uploads\/sites\/6\/2025\/02\/Lammi-Kivitalo-44_3krs_rinne_kuva_7.jpg\" alt=\"\" width=\"840\" height=\"421\" srcset=\"https:\/\/www.lammi.fi\/kellari\/wp-content\/uploads\/sites\/6\/2025\/02\/Lammi-Kivitalo-44_3krs_rinne_kuva_7.jpg 840w, https:\/\/www.lammi.fi\/kellari\/wp-content\/uploads\/sites\/6\/2025\/02\/Lammi-Kivitalo-44_3krs_rinne_kuva_7-300x150.jpg 300w, https:\/\/www.lammi.fi\/kellari\/wp-content\/uploads\/sites\/6\/2025\/02\/Lammi-Kivitalo-44_3krs_rinne_kuva_7-768x385.jpg 768w, https:\/\/www.lammi.fi\/kellari\/wp-content\/uploads\/sites\/6\/2025\/02\/Lammi-Kivitalo-44_3krs_rinne_kuva_7-260x130.jpg 260w\" sizes=\"(max-width: 709px) 85vw, (max-width: 909px) 67vw, (max-width: 1362px) 62vw, 840px\" \/><\/p>\n<p><span data-contrast=\"auto\">Parhaimmillaan maanp\u00e4\u00e4llisen talon kokoa voidaan supistaa ja rakennuskustannuksissa s\u00e4\u00e4st\u00e4\u00e4 huomattavasti. Kellarineli\u00f6it\u00e4 ei useimmiten lasketa mukaan kerrosalaan, joten kellaritilojen neli\u00f6m\u00e4\u00e4r\u00e4 ei my\u00f6sk\u00e4\u00e4n kuluta tontin rakennusoikeutta. Myyntitilanteessa ne tuovat kuitenkin runsaasti lis\u00e4arvoa, etenkin jos kellaritilat on suunniteltu hyvin.<\/span><span data-ccp-props=\"{}\">\u00a0<\/span><\/p>\n<p><img decoding=\"async\" class=\"size-full wp-image-1136 alignnone\" src=\"https:\/\/www.lammi.fi\/kellari\/wp-content\/uploads\/sites\/6\/2025\/02\/lammi_hollola_15.jpg\" alt=\"\" width=\"840\" height=\"450\" srcset=\"https:\/\/www.lammi.fi\/kellari\/wp-content\/uploads\/sites\/6\/2025\/02\/lammi_hollola_15.jpg 840w, https:\/\/www.lammi.fi\/kellari\/wp-content\/uploads\/sites\/6\/2025\/02\/lammi_hollola_15-300x161.jpg 300w, https:\/\/www.lammi.fi\/kellari\/wp-content\/uploads\/sites\/6\/2025\/02\/lammi_hollola_15-768x411.jpg 768w, https:\/\/www.lammi.fi\/kellari\/wp-content\/uploads\/sites\/6\/2025\/02\/lammi_hollola_15-260x139.jpg 260w\" sizes=\"(max-width: 709px) 85vw, (max-width: 909px) 67vw, (max-width: 1362px) 62vw, 840px\" \/><\/p>\n<h2><span style=\"font-size: 28px\">Kellarihankkeen aikataulu suunnittelusta pihat\u00f6ihin<\/span><\/h2>\n<p>Kellarin rakentaminen on vaiheittainen prosessi, joka alkaa huolellisella suunnittelulla ja p\u00e4\u00e4ttyy viimeistelyyn ja pihat\u00f6ihin. Alla olevan aikajanan avulla esittelemme rakennushankkeen p\u00e4\u00e4vaiheet kellarillisessa pientalossa. Rakennushankkeen eri vaiheet \u2013 kuten suunnittelu, kellaritoimittajan valinta, maanrakennus, runkourakointi ja sis\u00e4ty\u00f6t\u2013 on esitetty kronologisesti, jotta n\u00e4et helposti, miten kokonaisuus etenee suunnitelmista valmiiseen rakennukseen.<\/p>\n","protected":false},"excerpt":{"rendered":"<p>Kellarin toteuttaminen Mahdottomalta tuntuva tontti saattaa mahdollistaa unelmien kodin, kun taloon rakennetaan kellarikerros. Hyv\u00e4ll\u00e4 suunnittelulla ja oikeilla materiaalivalinnoilla sinne saadaan edullisia neli\u00f6it\u00e4 hy\u00f6tyk\u00e4ytt\u00f6\u00f6n.\u00a0 Jokainen talo tarvitsee perustukset. K\u00e4ytett\u00e4viss\u00e4 oleva tontti ja rakennettava talo sanelevat pitk\u00e4lti perustustavan ja perustuksen rakenteen. Rinnetontin suosittu perustamistapa on kellarillinen perustus, joka mahdollistaa lis\u00e4\u00e4 k\u00e4ytt\u00f6tilaa talon alimpaan osaan.\u00a0 Jos rinnetontilla joudutaan &hellip; <a href=\"https:\/\/www.lammi.fi\/kellari\/kellarin-toteuttaminen\/\" class=\"more-link\">Lue lis\u00e4\u00e4<span class=\"screen-reader-text\"> &#8221;Kellarin toteuttaminen&#8221;<\/span><\/a><\/p>\n","protected":false},"author":20,"featured_media":0,"parent":0,"menu_order":0,"comment_status":"closed","ping_status":"closed","template":"","meta":{"_acf_changed":false,"_improvement_type_select":"improve_an_existing","_thumb_yes_seoaic":false,"_frame_yes_seoaic":false,"seoaic_generate_description":"","seoaic_improve_instructions_prompt":"","seoaic_rollback_content_improvement":"","seoaic_idea_thumbnail_generator":"","thumbnail_generated":false,"thumbnail_generate_prompt":"","seoaic_article_description":"","footnotes":""},"class_list":["post-832","page","type-page","status-publish","hentry"],"acf":[],"yoast_head":"<!-- This site is optimized with the Yoast SEO plugin v27.4 - https:\/\/yoast.com\/product\/yoast-seo-wordpress\/ -->\n<title>Kellarin toteuttaminen - Lammi - Kellari<\/title>\n<meta name=\"description\" content=\"Mahdottomalta tuntuva tontti saattaa mahdollistaa unelmien kodin, kun taloon rakennetaan kellarikerros. Lue kellarin toteuttamisesta.\" \/>\n<link rel=\"canonical\" href=\"https:\/\/www.lammi.fi\/kellari\/kellarin-toteuttaminen\/\" \/>\n<meta property=\"og:locale\" content=\"fi_FI\" \/>\n<meta property=\"og:type\" content=\"article\" \/>\n<meta property=\"og:title\" content=\"Kellarin toteuttaminen - Lammi - Kellari\" \/>\n<meta property=\"og:description\" content=\"Mahdottomalta tuntuva tontti saattaa mahdollistaa unelmien kodin, kun taloon rakennetaan kellarikerros. Lue kellarin toteuttamisesta.\" \/>\n<meta property=\"og:url\" content=\"https:\/\/www.lammi.fi\/kellari\/kellarin-toteuttaminen\/\" \/>\n<meta property=\"og:site_name\" content=\"Lammi - Kellari\" \/>\n<meta property=\"article:modified_time\" content=\"2025-08-28T06:31:58+00:00\" \/>\n<meta property=\"og:image\" content=\"https:\/\/www.lammi.fi\/kellari\/wp-content\/uploads\/sites\/6\/2025\/02\/terassi-840x400-1.jpg\" \/>\n\t<meta property=\"og:image:width\" content=\"840\" \/>\n\t<meta property=\"og:image:height\" content=\"400\" \/>\n\t<meta property=\"og:image:type\" content=\"image\/jpeg\" \/>\n<meta name=\"twitter:card\" content=\"summary_large_image\" \/>\n<meta name=\"twitter:label1\" content=\"Arvioitu lukuaika\" \/>\n\t<meta name=\"twitter:data1\" content=\"3 minuuttia\" \/>\n<script type=\"application\/ld+json\" class=\"yoast-schema-graph\">{\"@context\":\"https:\\\/\\\/schema.org\",\"@graph\":[{\"@type\":\"WebPage\",\"@id\":\"https:\\\/\\\/www.lammi.fi\\\/kellari\\\/kellarin-toteuttaminen\\\/\",\"url\":\"https:\\\/\\\/www.lammi.fi\\\/kellari\\\/kellarin-toteuttaminen\\\/\",\"name\":\"Kellarin toteuttaminen - Lammi - Kellari\",\"isPartOf\":{\"@id\":\"https:\\\/\\\/www.lammi.fi\\\/kellari\\\/#website\"},\"primaryImageOfPage\":{\"@id\":\"https:\\\/\\\/www.lammi.fi\\\/kellari\\\/kellarin-toteuttaminen\\\/#primaryimage\"},\"image\":{\"@id\":\"https:\\\/\\\/www.lammi.fi\\\/kellari\\\/kellarin-toteuttaminen\\\/#primaryimage\"},\"thumbnailUrl\":\"https:\\\/\\\/www.lammi.fi\\\/kellari\\\/wp-content\\\/uploads\\\/sites\\\/6\\\/2025\\\/02\\\/terassi-840x400-1.jpg\",\"datePublished\":\"2024-12-15T13:50:14+00:00\",\"dateModified\":\"2025-08-28T06:31:58+00:00\",\"description\":\"Mahdottomalta tuntuva tontti saattaa mahdollistaa unelmien kodin, kun taloon rakennetaan kellarikerros. Lue kellarin toteuttamisesta.\",\"breadcrumb\":{\"@id\":\"https:\\\/\\\/www.lammi.fi\\\/kellari\\\/kellarin-toteuttaminen\\\/#breadcrumb\"},\"inLanguage\":\"fi\",\"potentialAction\":[{\"@type\":\"ReadAction\",\"target\":[\"https:\\\/\\\/www.lammi.fi\\\/kellari\\\/kellarin-toteuttaminen\\\/\"]}]},{\"@type\":\"ImageObject\",\"inLanguage\":\"fi\",\"@id\":\"https:\\\/\\\/www.lammi.fi\\\/kellari\\\/kellarin-toteuttaminen\\\/#primaryimage\",\"url\":\"https:\\\/\\\/www.lammi.fi\\\/kellari\\\/wp-content\\\/uploads\\\/sites\\\/6\\\/2025\\\/02\\\/terassi-840x400-1.jpg\",\"contentUrl\":\"https:\\\/\\\/www.lammi.fi\\\/kellari\\\/wp-content\\\/uploads\\\/sites\\\/6\\\/2025\\\/02\\\/terassi-840x400-1.jpg\",\"width\":840,\"height\":400},{\"@type\":\"BreadcrumbList\",\"@id\":\"https:\\\/\\\/www.lammi.fi\\\/kellari\\\/kellarin-toteuttaminen\\\/#breadcrumb\",\"itemListElement\":[{\"@type\":\"ListItem\",\"position\":1,\"name\":\"Lammi.fi\",\"item\":\"https:\\\/\\\/www.lammi.fi\"},{\"@type\":\"ListItem\",\"position\":2,\"name\":\"Kellari\",\"item\":\"https:\\\/\\\/www.lammi.fi\\\/kellari\\\/\"},{\"@type\":\"ListItem\",\"position\":3,\"name\":\"Kellarin toteuttaminen\"}]},{\"@type\":\"WebSite\",\"@id\":\"https:\\\/\\\/www.lammi.fi\\\/kellari\\\/#website\",\"url\":\"https:\\\/\\\/www.lammi.fi\\\/kellari\\\/\",\"name\":\"Lammi - Kellari\",\"description\":\"\",\"potentialAction\":[{\"@type\":\"SearchAction\",\"target\":{\"@type\":\"EntryPoint\",\"urlTemplate\":\"https:\\\/\\\/www.lammi.fi\\\/kellari\\\/?s={search_term_string}\"},\"query-input\":{\"@type\":\"PropertyValueSpecification\",\"valueRequired\":true,\"valueName\":\"search_term_string\"}}],\"inLanguage\":\"fi\"}]}<\/script>\n<!-- \/ Yoast SEO plugin. -->","yoast_head_json":{"title":"Kellarin toteuttaminen - Lammi - Kellari","description":"Mahdottomalta tuntuva tontti saattaa mahdollistaa unelmien kodin, kun taloon rakennetaan kellarikerros. Lue kellarin toteuttamisesta.","canonical":"https:\/\/www.lammi.fi\/kellari\/kellarin-toteuttaminen\/","og_locale":"fi_FI","og_type":"article","og_title":"Kellarin toteuttaminen - Lammi - Kellari","og_description":"Mahdottomalta tuntuva tontti saattaa mahdollistaa unelmien kodin, kun taloon rakennetaan kellarikerros. Lue kellarin toteuttamisesta.","og_url":"https:\/\/www.lammi.fi\/kellari\/kellarin-toteuttaminen\/","og_site_name":"Lammi - Kellari","article_modified_time":"2025-08-28T06:31:58+00:00","og_image":[{"width":840,"height":400,"url":"https:\/\/www.lammi.fi\/kellari\/wp-content\/uploads\/sites\/6\/2025\/02\/terassi-840x400-1.jpg","type":"image\/jpeg"}],"twitter_card":"summary_large_image","twitter_misc":{"Arvioitu lukuaika":"3 minuuttia"},"schema":{"@context":"https:\/\/schema.org","@graph":[{"@type":"WebPage","@id":"https:\/\/www.lammi.fi\/kellari\/kellarin-toteuttaminen\/","url":"https:\/\/www.lammi.fi\/kellari\/kellarin-toteuttaminen\/","name":"Kellarin toteuttaminen - Lammi - Kellari","isPartOf":{"@id":"https:\/\/www.lammi.fi\/kellari\/#website"},"primaryImageOfPage":{"@id":"https:\/\/www.lammi.fi\/kellari\/kellarin-toteuttaminen\/#primaryimage"},"image":{"@id":"https:\/\/www.lammi.fi\/kellari\/kellarin-toteuttaminen\/#primaryimage"},"thumbnailUrl":"https:\/\/www.lammi.fi\/kellari\/wp-content\/uploads\/sites\/6\/2025\/02\/terassi-840x400-1.jpg","datePublished":"2024-12-15T13:50:14+00:00","dateModified":"2025-08-28T06:31:58+00:00","description":"Mahdottomalta tuntuva tontti saattaa mahdollistaa unelmien kodin, kun taloon rakennetaan kellarikerros. Lue kellarin toteuttamisesta.","breadcrumb":{"@id":"https:\/\/www.lammi.fi\/kellari\/kellarin-toteuttaminen\/#breadcrumb"},"inLanguage":"fi","potentialAction":[{"@type":"ReadAction","target":["https:\/\/www.lammi.fi\/kellari\/kellarin-toteuttaminen\/"]}]},{"@type":"ImageObject","inLanguage":"fi","@id":"https:\/\/www.lammi.fi\/kellari\/kellarin-toteuttaminen\/#primaryimage","url":"https:\/\/www.lammi.fi\/kellari\/wp-content\/uploads\/sites\/6\/2025\/02\/terassi-840x400-1.jpg","contentUrl":"https:\/\/www.lammi.fi\/kellari\/wp-content\/uploads\/sites\/6\/2025\/02\/terassi-840x400-1.jpg","width":840,"height":400},{"@type":"BreadcrumbList","@id":"https:\/\/www.lammi.fi\/kellari\/kellarin-toteuttaminen\/#breadcrumb","itemListElement":[{"@type":"ListItem","position":1,"name":"Lammi.fi","item":"https:\/\/www.lammi.fi"},{"@type":"ListItem","position":2,"name":"Kellari","item":"https:\/\/www.lammi.fi\/kellari\/"},{"@type":"ListItem","position":3,"name":"Kellarin toteuttaminen"}]},{"@type":"WebSite","@id":"https:\/\/www.lammi.fi\/kellari\/#website","url":"https:\/\/www.lammi.fi\/kellari\/","name":"Lammi - Kellari","description":"","potentialAction":[{"@type":"SearchAction","target":{"@type":"EntryPoint","urlTemplate":"https:\/\/www.lammi.fi\/kellari\/?s={search_term_string}"},"query-input":{"@type":"PropertyValueSpecification","valueRequired":true,"valueName":"search_term_string"}}],"inLanguage":"fi"}]}},"_links":{"self":[{"href":"https:\/\/www.lammi.fi\/kellari\/wp-json\/wp\/v2\/pages\/832","targetHints":{"allow":["GET"]}}],"collection":[{"href":"https:\/\/www.lammi.fi\/kellari\/wp-json\/wp\/v2\/pages"}],"about":[{"href":"https:\/\/www.lammi.fi\/kellari\/wp-json\/wp\/v2\/types\/page"}],"author":[{"embeddable":true,"href":"https:\/\/www.lammi.fi\/kellari\/wp-json\/wp\/v2\/users\/20"}],"replies":[{"embeddable":true,"href":"https:\/\/www.lammi.fi\/kellari\/wp-json\/wp\/v2\/comments?post=832"}],"version-history":[{"count":15,"href":"https:\/\/www.lammi.fi\/kellari\/wp-json\/wp\/v2\/pages\/832\/revisions"}],"predecessor-version":[{"id":1056,"href":"https:\/\/www.lammi.fi\/kellari\/wp-json\/wp\/v2\/pages\/832\/revisions\/1056"}],"wp:attachment":[{"href":"https:\/\/www.lammi.fi\/kellari\/wp-json\/wp\/v2\/media?parent=832"}],"curies":[{"name":"wp","href":"https:\/\/api.w.org\/{rel}","templated":true}]}}