{"id":828,"date":"2024-12-15T15:49:47","date_gmt":"2024-12-15T13:49:47","guid":{"rendered":"https:\/\/www.lammi.fi\/kellari\/?page_id=828"},"modified":"2025-06-30T11:51:50","modified_gmt":"2025-06-30T08:51:50","slug":"kumppanit","status":"publish","type":"page","link":"https:\/\/www.lammi.fi\/kellari\/lammi-kellari\/kumppanit\/","title":{"rendered":"Kumppanit"},"content":{"rendered":"<h1>Parhaat rakentamisen kumppanit<\/h1>\n<p><strong>Haluamme tarjota asiakkaillemme markkinoiden parhaimmat ratkaisut. Lammi Kellari-pakettiratkaisut syntyv\u00e4t yhteisty\u00f6ss\u00e4 kumppaneidemme kanssa. Yhteisty\u00f6kumppaneinamme ovat Suomen tunnetuimmat ja laadukkaimmat toimijat, joiden ratkaisuilla toteutetaan kest\u00e4vi\u00e4, turvallisia ja asukkaidensa tarpeisiin suunniteltuja yksil\u00f6llisi\u00e4 kivitaloja.<\/strong><\/p>\n","protected":false},"excerpt":{"rendered":"<p>Parhaat rakentamisen kumppanit Haluamme tarjota asiakkaillemme markkinoiden parhaimmat ratkaisut. Lammi Kellari-pakettiratkaisut syntyv\u00e4t yhteisty\u00f6ss\u00e4 kumppaneidemme kanssa. Yhteisty\u00f6kumppaneinamme ovat Suomen tunnetuimmat ja laadukkaimmat toimijat, joiden ratkaisuilla toteutetaan kest\u00e4vi\u00e4, turvallisia ja asukkaidensa tarpeisiin suunniteltuja yksil\u00f6llisi\u00e4 kivitaloja.<\/p>\n","protected":false},"author":20,"featured_media":0,"parent":822,"menu_order":0,"comment_status":"closed","ping_status":"closed","template":"","meta":{"_acf_changed":false,"_improvement_type_select":"improve_an_existing","_thumb_yes_seoaic":false,"_frame_yes_seoaic":false,"seoaic_generate_description":"","seoaic_improve_instructions_prompt":"","seoaic_rollback_content_improvement":"","seoaic_idea_thumbnail_generator":"","thumbnail_generated":false,"thumbnail_generate_prompt":"","seoaic_article_description":"","footnotes":""},"class_list":["post-828","page","type-page","status-publish","hentry"],"acf":[],"yoast_head":"<!-- This site is optimized with the Yoast SEO plugin v27.4 - https:\/\/yoast.com\/product\/yoast-seo-wordpress\/ -->\n<title>Kumppanit - Lammi - Kellari<\/title>\n<meta name=\"description\" content=\"Haluamme tarjota asiakkaillemme markkinoiden parhaimmat kellariratkaisut. Lammi Kellarit syntyv\u00e4t yhteisty\u00f6ss\u00e4 kumppaneidemme kanssa.\" \/>\n<link rel=\"canonical\" href=\"https:\/\/www.lammi.fi\/kellari\/lammi-kellari\/kumppanit\/\" \/>\n<meta property=\"og:locale\" content=\"fi_FI\" \/>\n<meta property=\"og:type\" content=\"article\" \/>\n<meta property=\"og:title\" content=\"Kumppanit - Lammi - Kellari\" \/>\n<meta property=\"og:description\" content=\"Haluamme tarjota asiakkaillemme markkinoiden parhaimmat kellariratkaisut. Lammi Kellarit syntyv\u00e4t yhteisty\u00f6ss\u00e4 kumppaneidemme kanssa.\" \/>\n<meta property=\"og:url\" content=\"https:\/\/www.lammi.fi\/kellari\/lammi-kellari\/kumppanit\/\" \/>\n<meta property=\"og:site_name\" content=\"Lammi - Kellari\" \/>\n<meta property=\"article:modified_time\" content=\"2025-06-30T08:51:50+00:00\" \/>\n<meta name=\"twitter:card\" content=\"summary_large_image\" \/>\n<meta name=\"twitter:label1\" content=\"Arvioitu lukuaika\" \/>\n\t<meta name=\"twitter:data1\" content=\"1 minuutti\" \/>\n<script type=\"application\/ld+json\" class=\"yoast-schema-graph\">{\"@context\":\"https:\\\/\\\/schema.org\",\"@graph\":[{\"@type\":\"WebPage\",\"@id\":\"https:\\\/\\\/www.lammi.fi\\\/kellari\\\/lammi-kellari\\\/kumppanit\\\/\",\"url\":\"https:\\\/\\\/www.lammi.fi\\\/kellari\\\/lammi-kellari\\\/kumppanit\\\/\",\"name\":\"Kumppanit - Lammi - Kellari\",\"isPartOf\":{\"@id\":\"https:\\\/\\\/www.lammi.fi\\\/kellari\\\/#website\"},\"datePublished\":\"2024-12-15T13:49:47+00:00\",\"dateModified\":\"2025-06-30T08:51:50+00:00\",\"description\":\"Haluamme tarjota asiakkaillemme markkinoiden parhaimmat kellariratkaisut. Lammi Kellarit syntyv\u00e4t yhteisty\u00f6ss\u00e4 kumppaneidemme kanssa.\",\"breadcrumb\":{\"@id\":\"https:\\\/\\\/www.lammi.fi\\\/kellari\\\/lammi-kellari\\\/kumppanit\\\/#breadcrumb\"},\"inLanguage\":\"fi\",\"potentialAction\":[{\"@type\":\"ReadAction\",\"target\":[\"https:\\\/\\\/www.lammi.fi\\\/kellari\\\/lammi-kellari\\\/kumppanit\\\/\"]}]},{\"@type\":\"BreadcrumbList\",\"@id\":\"https:\\\/\\\/www.lammi.fi\\\/kellari\\\/lammi-kellari\\\/kumppanit\\\/#breadcrumb\",\"itemListElement\":[{\"@type\":\"ListItem\",\"position\":1,\"name\":\"Lammi.fi\",\"item\":\"https:\\\/\\\/www.lammi.fi\"},{\"@type\":\"ListItem\",\"position\":2,\"name\":\"Kellari\",\"item\":\"https:\\\/\\\/www.lammi.fi\\\/kellari\\\/\"},{\"@type\":\"ListItem\",\"position\":3,\"name\":\"Lammi Kellari\",\"item\":\"https:\\\/\\\/www.lammi.fi\\\/kellari\\\/lammi-kellari\\\/\"},{\"@type\":\"ListItem\",\"position\":4,\"name\":\"Kumppanit\"}]},{\"@type\":\"WebSite\",\"@id\":\"https:\\\/\\\/www.lammi.fi\\\/kellari\\\/#website\",\"url\":\"https:\\\/\\\/www.lammi.fi\\\/kellari\\\/\",\"name\":\"Lammi - Kellari\",\"description\":\"\",\"potentialAction\":[{\"@type\":\"SearchAction\",\"target\":{\"@type\":\"EntryPoint\",\"urlTemplate\":\"https:\\\/\\\/www.lammi.fi\\\/kellari\\\/?s={search_term_string}\"},\"query-input\":{\"@type\":\"PropertyValueSpecification\",\"valueRequired\":true,\"valueName\":\"search_term_string\"}}],\"inLanguage\":\"fi\"}]}<\/script>\n<!-- \/ Yoast SEO plugin. -->","yoast_head_json":{"title":"Kumppanit - Lammi - Kellari","description":"Haluamme tarjota asiakkaillemme markkinoiden parhaimmat kellariratkaisut. Lammi Kellarit syntyv\u00e4t yhteisty\u00f6ss\u00e4 kumppaneidemme kanssa.","canonical":"https:\/\/www.lammi.fi\/kellari\/lammi-kellari\/kumppanit\/","og_locale":"fi_FI","og_type":"article","og_title":"Kumppanit - Lammi - Kellari","og_description":"Haluamme tarjota asiakkaillemme markkinoiden parhaimmat kellariratkaisut. Lammi Kellarit syntyv\u00e4t yhteisty\u00f6ss\u00e4 kumppaneidemme kanssa.","og_url":"https:\/\/www.lammi.fi\/kellari\/lammi-kellari\/kumppanit\/","og_site_name":"Lammi - Kellari","article_modified_time":"2025-06-30T08:51:50+00:00","twitter_card":"summary_large_image","twitter_misc":{"Arvioitu lukuaika":"1 minuutti"},"schema":{"@context":"https:\/\/schema.org","@graph":[{"@type":"WebPage","@id":"https:\/\/www.lammi.fi\/kellari\/lammi-kellari\/kumppanit\/","url":"https:\/\/www.lammi.fi\/kellari\/lammi-kellari\/kumppanit\/","name":"Kumppanit - Lammi - Kellari","isPartOf":{"@id":"https:\/\/www.lammi.fi\/kellari\/#website"},"datePublished":"2024-12-15T13:49:47+00:00","dateModified":"2025-06-30T08:51:50+00:00","description":"Haluamme tarjota asiakkaillemme markkinoiden parhaimmat kellariratkaisut. Lammi Kellarit syntyv\u00e4t yhteisty\u00f6ss\u00e4 kumppaneidemme kanssa.","breadcrumb":{"@id":"https:\/\/www.lammi.fi\/kellari\/lammi-kellari\/kumppanit\/#breadcrumb"},"inLanguage":"fi","potentialAction":[{"@type":"ReadAction","target":["https:\/\/www.lammi.fi\/kellari\/lammi-kellari\/kumppanit\/"]}]},{"@type":"BreadcrumbList","@id":"https:\/\/www.lammi.fi\/kellari\/lammi-kellari\/kumppanit\/#breadcrumb","itemListElement":[{"@type":"ListItem","position":1,"name":"Lammi.fi","item":"https:\/\/www.lammi.fi"},{"@type":"ListItem","position":2,"name":"Kellari","item":"https:\/\/www.lammi.fi\/kellari\/"},{"@type":"ListItem","position":3,"name":"Lammi Kellari","item":"https:\/\/www.lammi.fi\/kellari\/lammi-kellari\/"},{"@type":"ListItem","position":4,"name":"Kumppanit"}]},{"@type":"WebSite","@id":"https:\/\/www.lammi.fi\/kellari\/#website","url":"https:\/\/www.lammi.fi\/kellari\/","name":"Lammi - Kellari","description":"","potentialAction":[{"@type":"SearchAction","target":{"@type":"EntryPoint","urlTemplate":"https:\/\/www.lammi.fi\/kellari\/?s={search_term_string}"},"query-input":{"@type":"PropertyValueSpecification","valueRequired":true,"valueName":"search_term_string"}}],"inLanguage":"fi"}]}},"_links":{"self":[{"href":"https:\/\/www.lammi.fi\/kellari\/wp-json\/wp\/v2\/pages\/828","targetHints":{"allow":["GET"]}}],"collection":[{"href":"https:\/\/www.lammi.fi\/kellari\/wp-json\/wp\/v2\/pages"}],"about":[{"href":"https:\/\/www.lammi.fi\/kellari\/wp-json\/wp\/v2\/types\/page"}],"author":[{"embeddable":true,"href":"https:\/\/www.lammi.fi\/kellari\/wp-json\/wp\/v2\/users\/20"}],"replies":[{"embeddable":true,"href":"https:\/\/www.lammi.fi\/kellari\/wp-json\/wp\/v2\/comments?post=828"}],"version-history":[{"count":11,"href":"https:\/\/www.lammi.fi\/kellari\/wp-json\/wp\/v2\/pages\/828\/revisions"}],"predecessor-version":[{"id":1223,"href":"https:\/\/www.lammi.fi\/kellari\/wp-json\/wp\/v2\/pages\/828\/revisions\/1223"}],"up":[{"embeddable":true,"href":"https:\/\/www.lammi.fi\/kellari\/wp-json\/wp\/v2\/pages\/822"}],"wp:attachment":[{"href":"https:\/\/www.lammi.fi\/kellari\/wp-json\/wp\/v2\/media?parent=828"}],"curies":[{"name":"wp","href":"https:\/\/api.w.org\/{rel}","templated":true}]}}