{"id":824,"date":"2024-12-15T15:49:17","date_gmt":"2024-12-15T13:49:17","guid":{"rendered":"https:\/\/www.lammi.fi\/kellari\/?page_id=824"},"modified":"2025-08-28T09:40:54","modified_gmt":"2025-08-28T06:40:54","slug":"miksi-valita","status":"publish","type":"page","link":"https:\/\/www.lammi.fi\/kellari\/lammi-kellari\/miksi-valita\/","title":{"rendered":"Miksi Lammi Kellari?"},"content":{"rendered":"<h1><span class=\"TextRun SCXW177024551 BCX8\" lang=\"FI-FI\" xml:lang=\"FI-FI\" data-contrast=\"auto\"><span class=\"NormalTextRun SCXW177024551 BCX8\"><span style=\"font-size: 36px\">Miksi valita Lammi Kellari?<\/span><\/span><\/span><\/h1>\n<p><img decoding=\"async\" class=\"size-full wp-image-1156 alignnone\" src=\"https:\/\/www.lammi.fi\/kellari\/wp-content\/uploads\/sites\/6\/2025\/02\/lammimaenrinne_03.jpg\" alt=\"\" width=\"840\" height=\"810\" srcset=\"https:\/\/www.lammi.fi\/kellari\/wp-content\/uploads\/sites\/6\/2025\/02\/lammimaenrinne_03.jpg 840w, https:\/\/www.lammi.fi\/kellari\/wp-content\/uploads\/sites\/6\/2025\/02\/lammimaenrinne_03-300x289.jpg 300w, https:\/\/www.lammi.fi\/kellari\/wp-content\/uploads\/sites\/6\/2025\/02\/lammimaenrinne_03-768x741.jpg 768w, https:\/\/www.lammi.fi\/kellari\/wp-content\/uploads\/sites\/6\/2025\/02\/lammimaenrinne_03-260x251.jpg 260w, https:\/\/www.lammi.fi\/kellari\/wp-content\/uploads\/sites\/6\/2025\/02\/lammimaenrinne_03-622x600.jpg 622w\" sizes=\"(max-width: 709px) 85vw, (max-width: 909px) 67vw, (max-width: 1362px) 62vw, 840px\" \/><\/p>\n<p><span data-contrast=\"auto\">Pystymme tarjoamaan kellarikohteisiin tarvitsemasi toimitussis\u00e4ll\u00f6n pelkist\u00e4 harkoista aina kiinte\u00e4hintaiseen kellaripakettiin, mik\u00e4 sis\u00e4lt\u00e4\u00e4 laajimmillaan koko kellarikerroksen runkomateriaalit yhdell\u00e4 sopimuksella. Yhteisty\u00f6verkostomme kautta l\u00f6yd\u00e4t tarvittaessa my\u00f6s tekij\u00e4t kellarikerroksen pystytt\u00e4miseen. <\/span><span data-ccp-props=\"{}\">\u00a0<\/span><\/p>\n<p><span data-contrast=\"auto\">Meilt\u00e4 saat kaiken tarvitsemasi kellarin suunnitteluun ja rakentamiseen. Tarjoamme rakentajille helpon, nopean ja kustannustehokkaan ratkaisun kellarin toteuttamiseen. <\/span><span data-ccp-props=\"{}\">\u00a0<\/span><\/p>\n<div class=\"oembed oembed-youtube\">\n<div class='consent-placeholder'              data-category='cookie_cat_marketing'              onClick='CookieConsent.renew()'>             <img src='https:\/\/i.ytimg.com\/vi\/NfGRISfWNFA\/hqdefault.jpg'>            <\/p>\n<div class='text-and-button'>\n<p class='consent-text'>Et ole hyv\u00e4ksynyt markkinoinnin ev\u00e4steit\u00e4 n\u00e4hd\u00e4ksesi videon.<\/p>\n<div class='wp-block-button'>                 <button class='wp-block-button__link '>Muuta ev\u00e4steasetuksia<\/button>            <\/div>\n<\/p><\/div>\n<\/p><\/div>\n<p><iframe title=\"Lammi Kellari\" width=\"840\" height=\"473\" src=\"\" data-consent-src=\"https:\/\/www.youtube.com\/embed\/NfGRISfWNFA?feature=oembed\" data-category-consent=\"cookie_cat_marketing\" frameborder=\"0\" allow=\"accelerometer; autoplay; clipboard-write; encrypted-media; gyroscope; picture-in-picture; web-share\" referrerpolicy=\"strict-origin-when-cross-origin\" allowfullscreen><\/iframe><\/div>\n<h2><span style=\"font-size: 36px\"><br \/>\nLammi Kellari -paketin edut<\/span><\/h2>\n<h3><span style=\"font-size: 21px\"><strong>Valuharkkorakenne tuo vapautta suunnitteluun<\/strong><\/span><\/h3>\n<p>Valuharkot antavat kellaritilojen suunnitteluun ainutlaatuista vapautta. Ne mahdollistavat kustannustehokkaan toteutuksen my\u00f6s monimuotoisiin rakennuksiin. Harkoista rakentamalla kellarikerrokseen saadaan toteutettua avarat, arjessa toimivat tilat.<\/p>\n<h3><span style=\"font-size: 21px\"><strong>Kellaritarjous jopa viikossa<\/strong><\/span><\/h3>\n<p>\u200bLaskemme kellaritarjouksen sesongista riippuen 1-2 viikon aikana. Tarjouksen laskenta edellytt\u00e4\u00e4, ett\u00e4 Lammilla on tarvittavat l\u00e4ht\u00f6tiedot tarjouksen laskentaa varten. Parhaimmillaan saat meilt\u00e4 tarjouksen yhdess\u00e4 viikossa.\u200b<\/p>\n<h3><strong><span style=\"font-size: 21px\">Turvallinen pakettitoimitus kiinte\u00e4\u00e4n hintaan<\/span><\/strong><\/h3>\n<p>Tarjoamme ja toimitamme haluamasi tuotekokonaisuudet kiinte\u00e4ll\u00e4 pakettihinnalla. Tarvekartoituksessa katsotaan yhdess\u00e4, mink\u00e4 laajuinen sis\u00e4lt\u00f6kokonaisuus on soveltuvin juuri teid\u00e4n kellarikerroksen toteutukseen. Annamme kiinte\u00e4n pakettihinnoittelun sis\u00e4lt\u00f6kokonaisuudelle (pid\u00e4t\u00e4mme oikeuden tarkentaa pakettihinnan rakennesuunnitelmien valmistuttua). \u200b<\/p>\n<h3><strong><span style=\"font-size: 21px\">Ty\u00f6maatoimitukset nopeasti k\u00e4yntiin\u200b<\/span><\/strong><\/h3>\n<p>Koska kaikki harkkotuotteemme ovat varastotuotteita, pystymme aloittamaan tuotteiden toimittamisen hyvin nopeasti. Parhaimmillaan toimitukset saadaan aloitettua kahden viikon sis\u00e4\u00e4n tilauksesta. Tuotetoimitusten aloittamien edellytt\u00e4\u00e4, ett\u00e4 Lammilla on rakennekuvien perusteella tehty tarkka laskenta.\u200b<\/p>\n<h3><span style=\"font-size: 21px\"><strong>Kellarin asennuksesta hinta-arvio pakettitarjouksen yhteydess\u00e4\u200b<\/strong><\/span><\/h3>\n<p>Tarvittaessa annamme Lammi Kellari-paketin ostajalle urakkahinta-arvion oman tarjouksemme yhteydess\u00e4. Urakoitsijaverkostomme kautta l\u00f6yd\u00e4t kellarin runkourakoitsijat ymp\u00e4ri Suomea.<\/p>\n<p>Tutustu <a href=\"https:\/\/www.lammi.fi\/kellari\/toimitussisalto\/\">toimitussis\u00e4lt\u00f6\u00f6n<\/a> ja <a href=\"https:\/\/www.lammi.fi\/kellari\/jata-tarjouspyynto\/\">j\u00e4t\u00e4 tarjouspyynt\u00f6<\/a>.<\/p>\n","protected":false},"excerpt":{"rendered":"<p>Miksi valita Lammi Kellari? Pystymme tarjoamaan kellarikohteisiin tarvitsemasi toimitussis\u00e4ll\u00f6n pelkist\u00e4 harkoista aina kiinte\u00e4hintaiseen kellaripakettiin, mik\u00e4 sis\u00e4lt\u00e4\u00e4 laajimmillaan koko kellarikerroksen runkomateriaalit yhdell\u00e4 sopimuksella. Yhteisty\u00f6verkostomme kautta l\u00f6yd\u00e4t tarvittaessa my\u00f6s tekij\u00e4t kellarikerroksen pystytt\u00e4miseen. \u00a0 Meilt\u00e4 saat kaiken tarvitsemasi kellarin suunnitteluun ja rakentamiseen. Tarjoamme rakentajille helpon, nopean ja kustannustehokkaan ratkaisun kellarin toteuttamiseen. \u00a0 Et ole hyv\u00e4ksynyt markkinoinnin ev\u00e4steit\u00e4 n\u00e4hd\u00e4ksesi &hellip; <a href=\"https:\/\/www.lammi.fi\/kellari\/lammi-kellari\/miksi-valita\/\" class=\"more-link\">Lue lis\u00e4\u00e4<span class=\"screen-reader-text\"> &#8221;Miksi Lammi Kellari?&#8221;<\/span><\/a><\/p>\n","protected":false},"author":20,"featured_media":0,"parent":822,"menu_order":0,"comment_status":"closed","ping_status":"closed","template":"","meta":{"_acf_changed":false,"_improvement_type_select":"improve_an_existing","_thumb_yes_seoaic":false,"_frame_yes_seoaic":false,"seoaic_generate_description":"","seoaic_improve_instructions_prompt":"","seoaic_rollback_content_improvement":"","seoaic_idea_thumbnail_generator":"","thumbnail_generated":false,"thumbnail_generate_prompt":"","seoaic_article_description":"","footnotes":""},"class_list":["post-824","page","type-page","status-publish","hentry"],"acf":[],"yoast_head":"<!-- This site is optimized with the Yoast SEO plugin v27.4 - https:\/\/yoast.com\/product\/yoast-seo-wordpress\/ -->\n<title>Miksi Lammi Kellari? - Lammi - Kellari<\/title>\n<meta name=\"description\" content=\"Meilt\u00e4 saat kaiken tarvitsemasi kellarin suunnitteluun ja rakentamiseen. Lue miksi valita Lammi Kellari.\" \/>\n<link rel=\"canonical\" href=\"https:\/\/www.lammi.fi\/kellari\/lammi-kellari\/miksi-valita\/\" \/>\n<meta property=\"og:locale\" content=\"fi_FI\" \/>\n<meta property=\"og:type\" content=\"article\" \/>\n<meta property=\"og:title\" content=\"Miksi Lammi Kellari? - Lammi - Kellari\" \/>\n<meta property=\"og:description\" content=\"Meilt\u00e4 saat kaiken tarvitsemasi kellarin suunnitteluun ja rakentamiseen. Lue miksi valita Lammi Kellari.\" \/>\n<meta property=\"og:url\" content=\"https:\/\/www.lammi.fi\/kellari\/lammi-kellari\/miksi-valita\/\" \/>\n<meta property=\"og:site_name\" content=\"Lammi - Kellari\" \/>\n<meta property=\"article:modified_time\" content=\"2025-08-28T06:40:54+00:00\" \/>\n<meta property=\"og:image\" content=\"https:\/\/www.lammi.fi\/kellari\/wp-content\/uploads\/sites\/6\/2025\/02\/lammimaenrinne_03.jpg\" \/>\n\t<meta property=\"og:image:width\" content=\"840\" \/>\n\t<meta property=\"og:image:height\" content=\"810\" \/>\n\t<meta property=\"og:image:type\" content=\"image\/jpeg\" \/>\n<meta name=\"twitter:card\" content=\"summary_large_image\" \/>\n<meta name=\"twitter:label1\" content=\"Arvioitu lukuaika\" \/>\n\t<meta name=\"twitter:data1\" content=\"2 minuuttia\" \/>\n<script type=\"application\/ld+json\" class=\"yoast-schema-graph\">{\"@context\":\"https:\\\/\\\/schema.org\",\"@graph\":[{\"@type\":\"WebPage\",\"@id\":\"https:\\\/\\\/www.lammi.fi\\\/kellari\\\/lammi-kellari\\\/miksi-valita\\\/\",\"url\":\"https:\\\/\\\/www.lammi.fi\\\/kellari\\\/lammi-kellari\\\/miksi-valita\\\/\",\"name\":\"Miksi Lammi Kellari? - Lammi - Kellari\",\"isPartOf\":{\"@id\":\"https:\\\/\\\/www.lammi.fi\\\/kellari\\\/#website\"},\"primaryImageOfPage\":{\"@id\":\"https:\\\/\\\/www.lammi.fi\\\/kellari\\\/lammi-kellari\\\/miksi-valita\\\/#primaryimage\"},\"image\":{\"@id\":\"https:\\\/\\\/www.lammi.fi\\\/kellari\\\/lammi-kellari\\\/miksi-valita\\\/#primaryimage\"},\"thumbnailUrl\":\"https:\\\/\\\/www.lammi.fi\\\/kellari\\\/wp-content\\\/uploads\\\/sites\\\/6\\\/2025\\\/02\\\/lammimaenrinne_03.jpg\",\"datePublished\":\"2024-12-15T13:49:17+00:00\",\"dateModified\":\"2025-08-28T06:40:54+00:00\",\"description\":\"Meilt\u00e4 saat kaiken tarvitsemasi kellarin suunnitteluun ja rakentamiseen. Lue miksi valita Lammi Kellari.\",\"breadcrumb\":{\"@id\":\"https:\\\/\\\/www.lammi.fi\\\/kellari\\\/lammi-kellari\\\/miksi-valita\\\/#breadcrumb\"},\"inLanguage\":\"fi\",\"potentialAction\":[{\"@type\":\"ReadAction\",\"target\":[\"https:\\\/\\\/www.lammi.fi\\\/kellari\\\/lammi-kellari\\\/miksi-valita\\\/\"]}]},{\"@type\":\"ImageObject\",\"inLanguage\":\"fi\",\"@id\":\"https:\\\/\\\/www.lammi.fi\\\/kellari\\\/lammi-kellari\\\/miksi-valita\\\/#primaryimage\",\"url\":\"https:\\\/\\\/www.lammi.fi\\\/kellari\\\/wp-content\\\/uploads\\\/sites\\\/6\\\/2025\\\/02\\\/lammimaenrinne_03.jpg\",\"contentUrl\":\"https:\\\/\\\/www.lammi.fi\\\/kellari\\\/wp-content\\\/uploads\\\/sites\\\/6\\\/2025\\\/02\\\/lammimaenrinne_03.jpg\",\"width\":840,\"height\":810},{\"@type\":\"BreadcrumbList\",\"@id\":\"https:\\\/\\\/www.lammi.fi\\\/kellari\\\/lammi-kellari\\\/miksi-valita\\\/#breadcrumb\",\"itemListElement\":[{\"@type\":\"ListItem\",\"position\":1,\"name\":\"Lammi.fi\",\"item\":\"https:\\\/\\\/www.lammi.fi\"},{\"@type\":\"ListItem\",\"position\":2,\"name\":\"Kellari\",\"item\":\"https:\\\/\\\/www.lammi.fi\\\/kellari\\\/\"},{\"@type\":\"ListItem\",\"position\":3,\"name\":\"Lammi Kellari\",\"item\":\"https:\\\/\\\/www.lammi.fi\\\/kellari\\\/lammi-kellari\\\/\"},{\"@type\":\"ListItem\",\"position\":4,\"name\":\"Miksi Lammi Kellari?\"}]},{\"@type\":\"WebSite\",\"@id\":\"https:\\\/\\\/www.lammi.fi\\\/kellari\\\/#website\",\"url\":\"https:\\\/\\\/www.lammi.fi\\\/kellari\\\/\",\"name\":\"Lammi - Kellari\",\"description\":\"\",\"potentialAction\":[{\"@type\":\"SearchAction\",\"target\":{\"@type\":\"EntryPoint\",\"urlTemplate\":\"https:\\\/\\\/www.lammi.fi\\\/kellari\\\/?s={search_term_string}\"},\"query-input\":{\"@type\":\"PropertyValueSpecification\",\"valueRequired\":true,\"valueName\":\"search_term_string\"}}],\"inLanguage\":\"fi\"}]}<\/script>\n<!-- \/ Yoast SEO plugin. -->","yoast_head_json":{"title":"Miksi Lammi Kellari? - Lammi - Kellari","description":"Meilt\u00e4 saat kaiken tarvitsemasi kellarin suunnitteluun ja rakentamiseen. Lue miksi valita Lammi Kellari.","canonical":"https:\/\/www.lammi.fi\/kellari\/lammi-kellari\/miksi-valita\/","og_locale":"fi_FI","og_type":"article","og_title":"Miksi Lammi Kellari? - Lammi - Kellari","og_description":"Meilt\u00e4 saat kaiken tarvitsemasi kellarin suunnitteluun ja rakentamiseen. Lue miksi valita Lammi Kellari.","og_url":"https:\/\/www.lammi.fi\/kellari\/lammi-kellari\/miksi-valita\/","og_site_name":"Lammi - Kellari","article_modified_time":"2025-08-28T06:40:54+00:00","og_image":[{"width":840,"height":810,"url":"https:\/\/www.lammi.fi\/kellari\/wp-content\/uploads\/sites\/6\/2025\/02\/lammimaenrinne_03.jpg","type":"image\/jpeg"}],"twitter_card":"summary_large_image","twitter_misc":{"Arvioitu lukuaika":"2 minuuttia"},"schema":{"@context":"https:\/\/schema.org","@graph":[{"@type":"WebPage","@id":"https:\/\/www.lammi.fi\/kellari\/lammi-kellari\/miksi-valita\/","url":"https:\/\/www.lammi.fi\/kellari\/lammi-kellari\/miksi-valita\/","name":"Miksi Lammi Kellari? - Lammi - Kellari","isPartOf":{"@id":"https:\/\/www.lammi.fi\/kellari\/#website"},"primaryImageOfPage":{"@id":"https:\/\/www.lammi.fi\/kellari\/lammi-kellari\/miksi-valita\/#primaryimage"},"image":{"@id":"https:\/\/www.lammi.fi\/kellari\/lammi-kellari\/miksi-valita\/#primaryimage"},"thumbnailUrl":"https:\/\/www.lammi.fi\/kellari\/wp-content\/uploads\/sites\/6\/2025\/02\/lammimaenrinne_03.jpg","datePublished":"2024-12-15T13:49:17+00:00","dateModified":"2025-08-28T06:40:54+00:00","description":"Meilt\u00e4 saat kaiken tarvitsemasi kellarin suunnitteluun ja rakentamiseen. Lue miksi valita Lammi Kellari.","breadcrumb":{"@id":"https:\/\/www.lammi.fi\/kellari\/lammi-kellari\/miksi-valita\/#breadcrumb"},"inLanguage":"fi","potentialAction":[{"@type":"ReadAction","target":["https:\/\/www.lammi.fi\/kellari\/lammi-kellari\/miksi-valita\/"]}]},{"@type":"ImageObject","inLanguage":"fi","@id":"https:\/\/www.lammi.fi\/kellari\/lammi-kellari\/miksi-valita\/#primaryimage","url":"https:\/\/www.lammi.fi\/kellari\/wp-content\/uploads\/sites\/6\/2025\/02\/lammimaenrinne_03.jpg","contentUrl":"https:\/\/www.lammi.fi\/kellari\/wp-content\/uploads\/sites\/6\/2025\/02\/lammimaenrinne_03.jpg","width":840,"height":810},{"@type":"BreadcrumbList","@id":"https:\/\/www.lammi.fi\/kellari\/lammi-kellari\/miksi-valita\/#breadcrumb","itemListElement":[{"@type":"ListItem","position":1,"name":"Lammi.fi","item":"https:\/\/www.lammi.fi"},{"@type":"ListItem","position":2,"name":"Kellari","item":"https:\/\/www.lammi.fi\/kellari\/"},{"@type":"ListItem","position":3,"name":"Lammi Kellari","item":"https:\/\/www.lammi.fi\/kellari\/lammi-kellari\/"},{"@type":"ListItem","position":4,"name":"Miksi Lammi Kellari?"}]},{"@type":"WebSite","@id":"https:\/\/www.lammi.fi\/kellari\/#website","url":"https:\/\/www.lammi.fi\/kellari\/","name":"Lammi - Kellari","description":"","potentialAction":[{"@type":"SearchAction","target":{"@type":"EntryPoint","urlTemplate":"https:\/\/www.lammi.fi\/kellari\/?s={search_term_string}"},"query-input":{"@type":"PropertyValueSpecification","valueRequired":true,"valueName":"search_term_string"}}],"inLanguage":"fi"}]}},"_links":{"self":[{"href":"https:\/\/www.lammi.fi\/kellari\/wp-json\/wp\/v2\/pages\/824","targetHints":{"allow":["GET"]}}],"collection":[{"href":"https:\/\/www.lammi.fi\/kellari\/wp-json\/wp\/v2\/pages"}],"about":[{"href":"https:\/\/www.lammi.fi\/kellari\/wp-json\/wp\/v2\/types\/page"}],"author":[{"embeddable":true,"href":"https:\/\/www.lammi.fi\/kellari\/wp-json\/wp\/v2\/users\/20"}],"replies":[{"embeddable":true,"href":"https:\/\/www.lammi.fi\/kellari\/wp-json\/wp\/v2\/comments?post=824"}],"version-history":[{"count":15,"href":"https:\/\/www.lammi.fi\/kellari\/wp-json\/wp\/v2\/pages\/824\/revisions"}],"predecessor-version":[{"id":1488,"href":"https:\/\/www.lammi.fi\/kellari\/wp-json\/wp\/v2\/pages\/824\/revisions\/1488"}],"up":[{"embeddable":true,"href":"https:\/\/www.lammi.fi\/kellari\/wp-json\/wp\/v2\/pages\/822"}],"wp:attachment":[{"href":"https:\/\/www.lammi.fi\/kellari\/wp-json\/wp\/v2\/media?parent=824"}],"curies":[{"name":"wp","href":"https:\/\/api.w.org\/{rel}","templated":true}]}}