{"id":7,"date":"2024-12-12T10:00:30","date_gmt":"2024-12-12T08:00:30","guid":{"rendered":"https:\/\/www.lammi.fi\/kellari\/etusivu\/"},"modified":"2026-01-19T15:32:15","modified_gmt":"2026-01-19T13:32:15","slug":"etusivu","status":"publish","type":"page","link":"https:\/\/www.lammi.fi\/kellari\/","title":{"rendered":"Etusivu"},"content":{"rendered":"","protected":false},"excerpt":{"rendered":"","protected":false},"author":20,"featured_media":0,"parent":0,"menu_order":0,"comment_status":"closed","ping_status":"closed","template":"","meta":{"_acf_changed":false,"_improvement_type_select":"improve_an_existing","_thumb_yes_seoaic":false,"_frame_yes_seoaic":false,"seoaic_generate_description":"","seoaic_improve_instructions_prompt":"","seoaic_rollback_content_improvement":"","seoaic_idea_thumbnail_generator":"","thumbnail_generated":false,"thumbnail_generate_prompt":"","seoaic_article_description":"","footnotes":""},"class_list":["post-7","page","type-page","status-publish","hentry"],"acf":[],"yoast_head":"<!-- This site is optimized with the Yoast SEO plugin v27.1.1 - https:\/\/yoast.com\/product\/yoast-seo-wordpress\/ -->\n<title>Lammi Kellari - Tila joka t\u00e4ydent\u00e4\u00e4 kotisi<\/title>\n<meta name=\"description\" content=\"Lammi Kellari suunniteltu mahdollisimman helpoksi ja vaivattomaksi tavaksi toteuttaa kellarikerros puu- ja hirsitaloihin.\" \/>\n<link rel=\"canonical\" href=\"https:\/\/www.lammi.fi\/kellari\/\" \/>\n<meta property=\"og:locale\" content=\"fi_FI\" \/>\n<meta property=\"og:type\" content=\"article\" \/>\n<meta property=\"og:title\" content=\"Lammi Kellari - Tila joka t\u00e4ydent\u00e4\u00e4 kotisi\" \/>\n<meta property=\"og:description\" content=\"Lammi Kellari suunniteltu mahdollisimman helpoksi ja vaivattomaksi tavaksi toteuttaa kellarikerros puu- ja hirsitaloihin.\" \/>\n<meta property=\"og:url\" content=\"https:\/\/www.lammi.fi\/kellari\/\" \/>\n<meta property=\"og:site_name\" content=\"Lammi - Kellari\" \/>\n<meta property=\"article:modified_time\" content=\"2026-01-19T13:32:15+00:00\" \/>\n<meta name=\"twitter:card\" content=\"summary_large_image\" \/>\n<script type=\"application\/ld+json\" class=\"yoast-schema-graph\">{\"@context\":\"https:\/\/schema.org\",\"@graph\":[{\"@type\":\"WebPage\",\"@id\":\"https:\/\/www.lammi.fi\/kellari\/\",\"url\":\"https:\/\/www.lammi.fi\/kellari\/\",\"name\":\"Lammi Kellari - Tila joka t\u00e4ydent\u00e4\u00e4 kotisi\",\"isPartOf\":{\"@id\":\"https:\/\/www.lammi.fi\/kellari\/#website\"},\"datePublished\":\"2024-12-12T08:00:30+00:00\",\"dateModified\":\"2026-01-19T13:32:15+00:00\",\"description\":\"Lammi Kellari suunniteltu mahdollisimman helpoksi ja vaivattomaksi tavaksi toteuttaa kellarikerros puu- ja hirsitaloihin.\",\"breadcrumb\":{\"@id\":\"https:\/\/www.lammi.fi\/kellari\/#breadcrumb\"},\"inLanguage\":\"fi\",\"potentialAction\":[{\"@type\":\"ReadAction\",\"target\":[\"https:\/\/www.lammi.fi\/kellari\/\"]}]},{\"@type\":\"BreadcrumbList\",\"@id\":\"https:\/\/www.lammi.fi\/kellari\/#breadcrumb\",\"itemListElement\":[{\"@type\":\"ListItem\",\"position\":1,\"name\":\"Lammi.fi\",\"item\":\"https:\/\/www.lammi.fi\"},{\"@type\":\"ListItem\",\"position\":2,\"name\":\"Kellari\",\"item\":\"https:\/\/www.lammi.fi\/kellari\/\"},{\"@type\":\"ListItem\",\"position\":3,\"name\":\"Etusivu\"}]},{\"@type\":\"WebSite\",\"@id\":\"https:\/\/www.lammi.fi\/kellari\/#website\",\"url\":\"https:\/\/www.lammi.fi\/kellari\/\",\"name\":\"Lammi - Kellari\",\"description\":\"\",\"potentialAction\":[{\"@type\":\"SearchAction\",\"target\":{\"@type\":\"EntryPoint\",\"urlTemplate\":\"https:\/\/www.lammi.fi\/kellari\/?s={search_term_string}\"},\"query-input\":{\"@type\":\"PropertyValueSpecification\",\"valueRequired\":true,\"valueName\":\"search_term_string\"}}],\"inLanguage\":\"fi\"}]}<\/script>\n<!-- \/ Yoast SEO plugin. -->","yoast_head_json":{"title":"Lammi Kellari - Tila joka t\u00e4ydent\u00e4\u00e4 kotisi","description":"Lammi Kellari suunniteltu mahdollisimman helpoksi ja vaivattomaksi tavaksi toteuttaa kellarikerros puu- ja hirsitaloihin.","canonical":"https:\/\/www.lammi.fi\/kellari\/","og_locale":"fi_FI","og_type":"article","og_title":"Lammi Kellari - Tila joka t\u00e4ydent\u00e4\u00e4 kotisi","og_description":"Lammi Kellari suunniteltu mahdollisimman helpoksi ja vaivattomaksi tavaksi toteuttaa kellarikerros puu- ja hirsitaloihin.","og_url":"https:\/\/www.lammi.fi\/kellari\/","og_site_name":"Lammi - Kellari","article_modified_time":"2026-01-19T13:32:15+00:00","twitter_card":"summary_large_image","schema":{"@context":"https:\/\/schema.org","@graph":[{"@type":"WebPage","@id":"https:\/\/www.lammi.fi\/kellari\/","url":"https:\/\/www.lammi.fi\/kellari\/","name":"Lammi Kellari - Tila joka t\u00e4ydent\u00e4\u00e4 kotisi","isPartOf":{"@id":"https:\/\/www.lammi.fi\/kellari\/#website"},"datePublished":"2024-12-12T08:00:30+00:00","dateModified":"2026-01-19T13:32:15+00:00","description":"Lammi Kellari suunniteltu mahdollisimman helpoksi ja vaivattomaksi tavaksi toteuttaa kellarikerros puu- ja hirsitaloihin.","breadcrumb":{"@id":"https:\/\/www.lammi.fi\/kellari\/#breadcrumb"},"inLanguage":"fi","potentialAction":[{"@type":"ReadAction","target":["https:\/\/www.lammi.fi\/kellari\/"]}]},{"@type":"BreadcrumbList","@id":"https:\/\/www.lammi.fi\/kellari\/#breadcrumb","itemListElement":[{"@type":"ListItem","position":1,"name":"Lammi.fi","item":"https:\/\/www.lammi.fi"},{"@type":"ListItem","position":2,"name":"Kellari","item":"https:\/\/www.lammi.fi\/kellari\/"},{"@type":"ListItem","position":3,"name":"Etusivu"}]},{"@type":"WebSite","@id":"https:\/\/www.lammi.fi\/kellari\/#website","url":"https:\/\/www.lammi.fi\/kellari\/","name":"Lammi - Kellari","description":"","potentialAction":[{"@type":"SearchAction","target":{"@type":"EntryPoint","urlTemplate":"https:\/\/www.lammi.fi\/kellari\/?s={search_term_string}"},"query-input":{"@type":"PropertyValueSpecification","valueRequired":true,"valueName":"search_term_string"}}],"inLanguage":"fi"}]}},"_links":{"self":[{"href":"https:\/\/www.lammi.fi\/kellari\/wp-json\/wp\/v2\/pages\/7","targetHints":{"allow":["GET"]}}],"collection":[{"href":"https:\/\/www.lammi.fi\/kellari\/wp-json\/wp\/v2\/pages"}],"about":[{"href":"https:\/\/www.lammi.fi\/kellari\/wp-json\/wp\/v2\/types\/page"}],"author":[{"embeddable":true,"href":"https:\/\/www.lammi.fi\/kellari\/wp-json\/wp\/v2\/users\/20"}],"replies":[{"embeddable":true,"href":"https:\/\/www.lammi.fi\/kellari\/wp-json\/wp\/v2\/comments?post=7"}],"version-history":[{"count":16,"href":"https:\/\/www.lammi.fi\/kellari\/wp-json\/wp\/v2\/pages\/7\/revisions"}],"predecessor-version":[{"id":1732,"href":"https:\/\/www.lammi.fi\/kellari\/wp-json\/wp\/v2\/pages\/7\/revisions\/1732"}],"wp:attachment":[{"href":"https:\/\/www.lammi.fi\/kellari\/wp-json\/wp\/v2\/media?parent=7"}],"curies":[{"name":"wp","href":"https:\/\/api.w.org\/{rel}","templated":true}]}}