{"id":1224,"date":"2025-02-10T11:10:27","date_gmt":"2025-02-10T09:10:27","guid":{"rendered":"https:\/\/www.lammi.fi\/kellari\/?page_id=1224"},"modified":"2025-08-28T09:43:16","modified_gmt":"2025-08-28T06:43:16","slug":"useinkysyttya","status":"publish","type":"page","link":"https:\/\/www.lammi.fi\/kellari\/lammi-kellari\/useinkysyttya\/","title":{"rendered":"Usein kysytty\u00e4"},"content":{"rendered":"<h1><span style=\"font-size: 36px\">Usein kysytyt kysymykset<\/span><\/h1>\n<p><img decoding=\"async\" class=\"alignnone wp-image-2291 size-full\" src=\"https:\/\/www.lammi.fi\/harkko\/wp-content\/uploads\/sites\/3\/2021\/04\/kuva_kellari_2-1200x600-1.jpg\" alt=\"\" width=\"1200\" height=\"600\" \/><br \/>\n<strong>Nykyajan kellari edustaa kaikkea muuta kuin sokkeloista varastotilaa. Harkkorakentaminen mahdollistaa kellarin tilasuunnittelulle uudenlaista vapautta ja avaruutta. Rinnetontilla se mahdollistaa kustannustehokasta lis\u00e4tilaa heti tai tulevaisuudessa k\u00e4ytett\u00e4v\u00e4ksi. My\u00f6s kompaktilla tasamaatontilla kellari mahdollistaa neli\u00f6iden t\u00e4yden hy\u00f6dynt\u00e4misen. Olemme koonneet alle muutamia omakotitalorakentajien mielt\u00e4 askarruttavia kysymyksi\u00e4 sek\u00e4 vastauksia niihin.<\/strong><\/p>\n<p><span style=\"font-size: 32px\">Millaiselle tontille kellari on j\u00e4rkev\u00e4\u00e4 rakentaa?<\/span><\/p>\n<p>Tontin muoto vaikuttaa t\u00e4h\u00e4n valintaan paljon. Kellarikerroksen rakentamista voidaan suositella aina, kun kyseess\u00e4 on rinnetontti, tai kun tontti vaatii muuten paljon maat\u00f6it\u00e4, kuten t\u00e4ytt\u00f6\u00e4 tai maan vaihtoa. Tilatehokkaalla kaupunkitontilla tasamaan kellariratkaisu on j\u00e4rkev\u00e4\u00e4 silloin, kun halutaan ett\u00e4 jokainen neli\u00f6 tehostaa arvokkaan tontin hy\u00f6tyk\u00e4ytt\u00f6\u00e4 ja lis\u00e4\u00e4 asumismukavuutta. Tasamaatontilla on syyt\u00e4 huomioida, ett\u00e4 salliiko kaavoitus kellarikerroksen rakentamisen.<\/p>\n<p>Sopivalla tontilla kellari on fiksu tapa l\u00f6yt\u00e4\u00e4 arkeen lis\u00e4tilaa, jos esimerkiksi ylim\u00e4\u00e4r\u00e4ist\u00e4 ty\u00f6huonetta tai varastointimahdollisuuksia on vaikea saavuttaa yl\u00e4kerrosten budjetoinnilla.<\/p>\n<h3><span style=\"font-size: 32px\">Millaisia tiloja harkkorakentaminen mahdollistaa kellarikerrokseen?<\/span><\/h3>\n<p>Valuharkoista rakennettaessa rakenteiden lujuusmitoitus tehd\u00e4\u00e4n pystysuunnassa, jolloin perinteisen, muurattavan harkon vaatimia kantavia v\u00e4liseini\u00e4 ei tarvita. T\u00e4m\u00e4 avartaa tiloja ja sit\u00e4 kautta mahdollistaa toimintojen vapaan suunnittelun.<\/p>\n<p>T\u00e4n\u00e4 p\u00e4iv\u00e4n\u00e4 kellarista toivotaan edelleen varastotilaa esimerkiksi harrastev\u00e4lineille, mutta yh\u00e4 useammin kellariin toteutetaan laadukkaita spa-henkisi\u00e4 saunatiloja tai tunnelmallisia takkahuoneita baarikeitti\u00f6ineen. My\u00f6s tilavat ja toiminnalliset kodinhoitotilat kellarissa helpottavat arkea ja vapauttavat neli\u00f6it\u00e4 yl\u00e4kerroksista.<\/p>\n<p><img decoding=\"async\" class=\"alignnone size-full wp-image-2288\" src=\"https:\/\/www.lammi.fi\/harkko\/wp-content\/uploads\/sites\/3\/2021\/04\/kuva_kellari-1200x600-1.jpg\" alt=\"\" width=\"1200\" height=\"600\" \/><\/p>\n<p>Taloissa arvostetaan yh\u00e4 enemm\u00e4n my\u00f6s tilojen joustavuutta. Kellari lis\u00e4\u00e4 juuri sit\u00e4. Vaikka tila rakennusvaiheessa j\u00e4tett\u00e4isiin ns. raakatilaksi, sen muuttaminen tarvittaessa vaikka kotitoimistoksi, harrastetiloiksi tai teini-ik\u00e4isen omaksi yksi\u00f6ksi on vaivatonta.<\/p>\n<h3><span style=\"font-size: 32px\">Kellari on minulle juuri nyt tarpeeton, kannattaako se silti rakentaa?<\/span><\/h3>\n<p>Jos tontti vaatii paljon maat\u00f6it\u00e4, kellarin rakentamista kannattaa harkita aina. Tilaa ei v\u00e4ltt\u00e4m\u00e4tt\u00e4 tarvitse rakentaa heti asuink\u00e4ytt\u00f6\u00f6n, vaan sen voi j\u00e4tt\u00e4\u00e4 puolil\u00e4mpim\u00e4ksi varastotilaksi ja hy\u00f6dynt\u00e4\u00e4 tulevaisuudessa. Kellaria voi ajatella my\u00f6s hyv\u00e4n\u00e4 sijoituksena, sill\u00e4 se nostaa talon myyntiarvoa. Toteutuksen kannalta harkkopinta on kustannustehokas vaihtoehto, sill\u00e4 se vaatii vain pinnan tiivist\u00e4v\u00e4n maalikerroksen.<\/p>\n<p>Rinnetontille rakennettaessa kellari antaa my\u00f6s tukea erilaisille parveke- tai terassiratkaisuille, joilla vaikutetaan nimenomaan yl\u00e4kerrosten asumismukavuuteen ja toimivaan tontin k\u00e4ytt\u00f6\u00f6n. T\u00e4m\u00e4kin kannattaa ottaa huomioon talon suunnitteluvaiheessa.<\/p>\n<h3><span style=\"font-size: 32px\">Millaisiin aikatauluihin ja kustannuksiin kellarin kanssa on varauduttava?<\/span><\/h3>\n<p>Moni ajattelee kellarin rakentamisen olevan ty\u00f6l\u00e4\u00e4mp\u00e4\u00e4 kuin se itse asiassa on. Kuten kaikki harkkorakentaminen, my\u00f6s kellarin rakentaminen on nopeaa, tarkkaa ja vankkaa. Maat\u00f6iden valmistumisen j\u00e4lkeen kellarin runko on valmis hankkeesta riippuen keskim\u00e4\u00e4rin kahdesta kuuteen viikossa.<\/p>\n<p>Kellarin rakennuskustannukset ovat ennakoitavissa suunnitteluvaiheessa, kun tiedet\u00e4\u00e4n esimerkiksi tontin maat\u00f6iden, kuten kaivuut\u00f6iden, mahdollisen louhinnan tai paalutuksen tarve, sek\u00e4 pohjasuunnitelmasta riippuvien ter\u00e4srakenteiden m\u00e4\u00e4r\u00e4.<\/p>\n<h3><span style=\"font-size: 32px\">Olen rakentamassa hirsitaloa, kuka suunnittelee talooni sopivan kivikellarin ja miten?<\/span><\/h3>\n<p>Lammi myy kellarin <a href=\"https:\/\/www.lammi.fi\/kellari\/toimitussisalto\/\" target=\"_blank\" rel=\"noopener\">pakettiratkaisuna<\/a>, jolloin my\u00f6s rakennesuunnittelu hoituu meid\u00e4n kauttamme. Me vastaamme siit\u00e4, ett\u00e4 kellarin liitos sopii jokaisen detaljin tarkkuudella yl\u00e4puolelle tulevaan talopakettiin. Kellari suunnitellaan aina talomallin ehdoilla, joten mit\u00e4\u00e4n rajoitteita ei sen suhteen ole. Kellarikerroksen tilojen ja toimintojen suunnittelusta voi vastata yl\u00e4puolen arkkitehtisuunnittelija tai tarvittaessa verkostomme kautta saa apua my\u00f6s kellarin arkkitehtisuunnitteluun.<\/p>\n<h3><span style=\"font-size: 32px\">Rakennan taloni itse, tarvitsenko kellarin toteuttamiseen erityisosaamista?<\/span><\/h3>\n<p>Harkkokellari on my\u00f6s omatoimirakentajan toteutettavissa, jos rakentamisesta on kokemusta. Meill\u00e4 Lammilla toimintatapaamme kuuluu, ett\u00e4 ty\u00f6maalle tullaan tarpeen vaatiessa ohjeistamaan, eik\u00e4 rakentajaa j\u00e4tet\u00e4 yksin. Mik\u00e4li kellarin haluaa asennettuna, annamme tarvittaessa kellarin rungosta asennushinta-arvion ja verkostomme kautta l\u00f6ytyy kellariurakoitsija ymp\u00e4ri Suomen.<\/p>\n<p>Autamme mielell\u00e4mme sinua projektisi toteuttamisessa laadukkailla ja turvallisilla rakennustuotteillamme. Kerro meille, miten voimme olla avuksi ja <a href=\"https:\/\/www.lammi.fi\/kellari\/yhteydenottopyynto\/\" target=\"_blank\" rel=\"noopener\">j\u00e4t\u00e4 yhteydenottopyynt\u00f6<\/a>.<\/p>\n","protected":false},"excerpt":{"rendered":"<p>Usein kysytyt kysymykset Nykyajan kellari edustaa kaikkea muuta kuin sokkeloista varastotilaa. Harkkorakentaminen mahdollistaa kellarin tilasuunnittelulle uudenlaista vapautta ja avaruutta. Rinnetontilla se mahdollistaa kustannustehokasta lis\u00e4tilaa heti tai tulevaisuudessa k\u00e4ytett\u00e4v\u00e4ksi. My\u00f6s kompaktilla tasamaatontilla kellari mahdollistaa neli\u00f6iden t\u00e4yden hy\u00f6dynt\u00e4misen. Olemme koonneet alle muutamia omakotitalorakentajien mielt\u00e4 askarruttavia kysymyksi\u00e4 sek\u00e4 vastauksia niihin. Millaiselle tontille kellari on j\u00e4rkev\u00e4\u00e4 rakentaa? Tontin muoto &hellip; <a href=\"https:\/\/www.lammi.fi\/kellari\/lammi-kellari\/useinkysyttya\/\" class=\"more-link\">Lue lis\u00e4\u00e4<span class=\"screen-reader-text\"> &#8221;Usein kysytty\u00e4&#8221;<\/span><\/a><\/p>\n","protected":false},"author":11,"featured_media":0,"parent":822,"menu_order":0,"comment_status":"closed","ping_status":"closed","template":"","meta":{"_acf_changed":false,"_improvement_type_select":"improve_an_existing","_thumb_yes_seoaic":false,"_frame_yes_seoaic":false,"seoaic_generate_description":"","seoaic_improve_instructions_prompt":"","seoaic_rollback_content_improvement":"","seoaic_idea_thumbnail_generator":"","thumbnail_generated":false,"thumbnail_generate_prompt":"","seoaic_article_description":"","footnotes":""},"class_list":["post-1224","page","type-page","status-publish","hentry"],"acf":[],"yoast_head":"<!-- This site is optimized with the Yoast SEO plugin v27.4 - https:\/\/yoast.com\/product\/yoast-seo-wordpress\/ -->\n<title>Usein kysytty\u00e4 - Lammi - Kellari<\/title>\n<meta name=\"description\" content=\"Olemme koonneet alle muutamia omakotitalorakentajien mielt\u00e4 askarruttavia kysymyksi\u00e4 sek\u00e4 vastauksia niihin.\" \/>\n<link rel=\"canonical\" href=\"https:\/\/www.lammi.fi\/kellari\/lammi-kellari\/useinkysyttya\/\" \/>\n<meta property=\"og:locale\" content=\"fi_FI\" \/>\n<meta property=\"og:type\" content=\"article\" \/>\n<meta property=\"og:title\" content=\"Usein kysytty\u00e4 - Lammi - Kellari\" \/>\n<meta property=\"og:description\" content=\"Olemme koonneet alle muutamia omakotitalorakentajien mielt\u00e4 askarruttavia kysymyksi\u00e4 sek\u00e4 vastauksia niihin.\" \/>\n<meta property=\"og:url\" content=\"https:\/\/www.lammi.fi\/kellari\/lammi-kellari\/useinkysyttya\/\" \/>\n<meta property=\"og:site_name\" content=\"Lammi - Kellari\" \/>\n<meta property=\"article:modified_time\" content=\"2025-08-28T06:43:16+00:00\" \/>\n<meta name=\"twitter:card\" content=\"summary_large_image\" \/>\n<meta name=\"twitter:label1\" content=\"Arvioitu lukuaika\" \/>\n\t<meta name=\"twitter:data1\" content=\"4 minuuttia\" \/>\n<script type=\"application\/ld+json\" class=\"yoast-schema-graph\">{\"@context\":\"https:\\\/\\\/schema.org\",\"@graph\":[{\"@type\":\"WebPage\",\"@id\":\"https:\\\/\\\/www.lammi.fi\\\/kellari\\\/lammi-kellari\\\/useinkysyttya\\\/\",\"url\":\"https:\\\/\\\/www.lammi.fi\\\/kellari\\\/lammi-kellari\\\/useinkysyttya\\\/\",\"name\":\"Usein kysytty\u00e4 - Lammi - Kellari\",\"isPartOf\":{\"@id\":\"https:\\\/\\\/www.lammi.fi\\\/kellari\\\/#website\"},\"primaryImageOfPage\":{\"@id\":\"https:\\\/\\\/www.lammi.fi\\\/kellari\\\/lammi-kellari\\\/useinkysyttya\\\/#primaryimage\"},\"image\":{\"@id\":\"https:\\\/\\\/www.lammi.fi\\\/kellari\\\/lammi-kellari\\\/useinkysyttya\\\/#primaryimage\"},\"thumbnailUrl\":\"https:\\\/\\\/www.lammi.fi\\\/harkko\\\/wp-content\\\/uploads\\\/sites\\\/3\\\/2021\\\/04\\\/kuva_kellari_2-1200x600-1.jpg\",\"datePublished\":\"2025-02-10T09:10:27+00:00\",\"dateModified\":\"2025-08-28T06:43:16+00:00\",\"description\":\"Olemme koonneet alle muutamia omakotitalorakentajien mielt\u00e4 askarruttavia kysymyksi\u00e4 sek\u00e4 vastauksia niihin.\",\"breadcrumb\":{\"@id\":\"https:\\\/\\\/www.lammi.fi\\\/kellari\\\/lammi-kellari\\\/useinkysyttya\\\/#breadcrumb\"},\"inLanguage\":\"fi\",\"potentialAction\":[{\"@type\":\"ReadAction\",\"target\":[\"https:\\\/\\\/www.lammi.fi\\\/kellari\\\/lammi-kellari\\\/useinkysyttya\\\/\"]}]},{\"@type\":\"ImageObject\",\"inLanguage\":\"fi\",\"@id\":\"https:\\\/\\\/www.lammi.fi\\\/kellari\\\/lammi-kellari\\\/useinkysyttya\\\/#primaryimage\",\"url\":\"https:\\\/\\\/www.lammi.fi\\\/harkko\\\/wp-content\\\/uploads\\\/sites\\\/3\\\/2021\\\/04\\\/kuva_kellari_2-1200x600-1.jpg\",\"contentUrl\":\"https:\\\/\\\/www.lammi.fi\\\/harkko\\\/wp-content\\\/uploads\\\/sites\\\/3\\\/2021\\\/04\\\/kuva_kellari_2-1200x600-1.jpg\"},{\"@type\":\"BreadcrumbList\",\"@id\":\"https:\\\/\\\/www.lammi.fi\\\/kellari\\\/lammi-kellari\\\/useinkysyttya\\\/#breadcrumb\",\"itemListElement\":[{\"@type\":\"ListItem\",\"position\":1,\"name\":\"Lammi.fi\",\"item\":\"https:\\\/\\\/www.lammi.fi\"},{\"@type\":\"ListItem\",\"position\":2,\"name\":\"Kellari\",\"item\":\"https:\\\/\\\/www.lammi.fi\\\/kellari\\\/\"},{\"@type\":\"ListItem\",\"position\":3,\"name\":\"Lammi Kellari\",\"item\":\"https:\\\/\\\/www.lammi.fi\\\/kellari\\\/lammi-kellari\\\/\"},{\"@type\":\"ListItem\",\"position\":4,\"name\":\"Usein kysytty\u00e4\"}]},{\"@type\":\"WebSite\",\"@id\":\"https:\\\/\\\/www.lammi.fi\\\/kellari\\\/#website\",\"url\":\"https:\\\/\\\/www.lammi.fi\\\/kellari\\\/\",\"name\":\"Lammi - Kellari\",\"description\":\"\",\"potentialAction\":[{\"@type\":\"SearchAction\",\"target\":{\"@type\":\"EntryPoint\",\"urlTemplate\":\"https:\\\/\\\/www.lammi.fi\\\/kellari\\\/?s={search_term_string}\"},\"query-input\":{\"@type\":\"PropertyValueSpecification\",\"valueRequired\":true,\"valueName\":\"search_term_string\"}}],\"inLanguage\":\"fi\"}]}<\/script>\n<!-- \/ Yoast SEO plugin. -->","yoast_head_json":{"title":"Usein kysytty\u00e4 - Lammi - Kellari","description":"Olemme koonneet alle muutamia omakotitalorakentajien mielt\u00e4 askarruttavia kysymyksi\u00e4 sek\u00e4 vastauksia niihin.","canonical":"https:\/\/www.lammi.fi\/kellari\/lammi-kellari\/useinkysyttya\/","og_locale":"fi_FI","og_type":"article","og_title":"Usein kysytty\u00e4 - Lammi - Kellari","og_description":"Olemme koonneet alle muutamia omakotitalorakentajien mielt\u00e4 askarruttavia kysymyksi\u00e4 sek\u00e4 vastauksia niihin.","og_url":"https:\/\/www.lammi.fi\/kellari\/lammi-kellari\/useinkysyttya\/","og_site_name":"Lammi - Kellari","article_modified_time":"2025-08-28T06:43:16+00:00","twitter_card":"summary_large_image","twitter_misc":{"Arvioitu lukuaika":"4 minuuttia"},"schema":{"@context":"https:\/\/schema.org","@graph":[{"@type":"WebPage","@id":"https:\/\/www.lammi.fi\/kellari\/lammi-kellari\/useinkysyttya\/","url":"https:\/\/www.lammi.fi\/kellari\/lammi-kellari\/useinkysyttya\/","name":"Usein kysytty\u00e4 - Lammi - Kellari","isPartOf":{"@id":"https:\/\/www.lammi.fi\/kellari\/#website"},"primaryImageOfPage":{"@id":"https:\/\/www.lammi.fi\/kellari\/lammi-kellari\/useinkysyttya\/#primaryimage"},"image":{"@id":"https:\/\/www.lammi.fi\/kellari\/lammi-kellari\/useinkysyttya\/#primaryimage"},"thumbnailUrl":"https:\/\/www.lammi.fi\/harkko\/wp-content\/uploads\/sites\/3\/2021\/04\/kuva_kellari_2-1200x600-1.jpg","datePublished":"2025-02-10T09:10:27+00:00","dateModified":"2025-08-28T06:43:16+00:00","description":"Olemme koonneet alle muutamia omakotitalorakentajien mielt\u00e4 askarruttavia kysymyksi\u00e4 sek\u00e4 vastauksia niihin.","breadcrumb":{"@id":"https:\/\/www.lammi.fi\/kellari\/lammi-kellari\/useinkysyttya\/#breadcrumb"},"inLanguage":"fi","potentialAction":[{"@type":"ReadAction","target":["https:\/\/www.lammi.fi\/kellari\/lammi-kellari\/useinkysyttya\/"]}]},{"@type":"ImageObject","inLanguage":"fi","@id":"https:\/\/www.lammi.fi\/kellari\/lammi-kellari\/useinkysyttya\/#primaryimage","url":"https:\/\/www.lammi.fi\/harkko\/wp-content\/uploads\/sites\/3\/2021\/04\/kuva_kellari_2-1200x600-1.jpg","contentUrl":"https:\/\/www.lammi.fi\/harkko\/wp-content\/uploads\/sites\/3\/2021\/04\/kuva_kellari_2-1200x600-1.jpg"},{"@type":"BreadcrumbList","@id":"https:\/\/www.lammi.fi\/kellari\/lammi-kellari\/useinkysyttya\/#breadcrumb","itemListElement":[{"@type":"ListItem","position":1,"name":"Lammi.fi","item":"https:\/\/www.lammi.fi"},{"@type":"ListItem","position":2,"name":"Kellari","item":"https:\/\/www.lammi.fi\/kellari\/"},{"@type":"ListItem","position":3,"name":"Lammi Kellari","item":"https:\/\/www.lammi.fi\/kellari\/lammi-kellari\/"},{"@type":"ListItem","position":4,"name":"Usein kysytty\u00e4"}]},{"@type":"WebSite","@id":"https:\/\/www.lammi.fi\/kellari\/#website","url":"https:\/\/www.lammi.fi\/kellari\/","name":"Lammi - Kellari","description":"","potentialAction":[{"@type":"SearchAction","target":{"@type":"EntryPoint","urlTemplate":"https:\/\/www.lammi.fi\/kellari\/?s={search_term_string}"},"query-input":{"@type":"PropertyValueSpecification","valueRequired":true,"valueName":"search_term_string"}}],"inLanguage":"fi"}]}},"_links":{"self":[{"href":"https:\/\/www.lammi.fi\/kellari\/wp-json\/wp\/v2\/pages\/1224","targetHints":{"allow":["GET"]}}],"collection":[{"href":"https:\/\/www.lammi.fi\/kellari\/wp-json\/wp\/v2\/pages"}],"about":[{"href":"https:\/\/www.lammi.fi\/kellari\/wp-json\/wp\/v2\/types\/page"}],"author":[{"embeddable":true,"href":"https:\/\/www.lammi.fi\/kellari\/wp-json\/wp\/v2\/users\/11"}],"replies":[{"embeddable":true,"href":"https:\/\/www.lammi.fi\/kellari\/wp-json\/wp\/v2\/comments?post=1224"}],"version-history":[{"count":15,"href":"https:\/\/www.lammi.fi\/kellari\/wp-json\/wp\/v2\/pages\/1224\/revisions"}],"predecessor-version":[{"id":1584,"href":"https:\/\/www.lammi.fi\/kellari\/wp-json\/wp\/v2\/pages\/1224\/revisions\/1584"}],"up":[{"embeddable":true,"href":"https:\/\/www.lammi.fi\/kellari\/wp-json\/wp\/v2\/pages\/822"}],"wp:attachment":[{"href":"https:\/\/www.lammi.fi\/kellari\/wp-json\/wp\/v2\/media?parent=1224"}],"curies":[{"name":"wp","href":"https:\/\/api.w.org\/{rel}","templated":true}]}}