{"id":850,"date":"2018-10-03T11:00:06","date_gmt":"2018-10-03T11:00:06","guid":{"rendered":"https:\/\/www.lammi.fi\/harkko\/?post_type=product&#038;p=850"},"modified":"2024-10-08T10:19:52","modified_gmt":"2024-10-08T07:19:52","slug":"kk400","status":"publish","type":"product","link":"https:\/\/www.lammi.fi\/harkko\/tuote\/kk400\/","title":{"rendered":"KK400"},"content":{"rendered":"<h1>Kuorikivi KK400<\/h1>\n<p>Kuorikivi on nopea latoa ja helppo valaa yhden valuaukkopuolen ansiosta. Rakentamisen nopeutta lis\u00e4\u00e4 heti rapattava kova betonikuori. Kuorikivess\u00e4 on loistavan iskunkest\u00e4vyyden lis\u00e4ksi erinomainen kantavuus, kuormitus- ja maanpainekest\u00e4vyys. Lammi Kuorikivi soveltuukin erinomaisesti teknisesti haastaviin rakenteisiin, joissa on suuret lujuusvaatimukset, kuten kerrostaloihin, teollisuusrakennuksiin ja korkeisiin maanalaisiin rakenteisiin.<\/p>\n<p>N\u00e4iden ominaisuuksien lis\u00e4ksi loistava paloluokitus, \u00e4\u00e4nenerist\u00e4vyys ja s\u00e4ilyvyys tekev\u00e4t kuorikivest\u00e4 turvallisen ja kest\u00e4v\u00e4n valinnan.<\/p>\n","protected":false},"excerpt":{"rendered":"<p>Kuorikivi KK400 Kuorikivi on nopea latoa ja helppo valaa yhden valuaukkopuolen ansiosta. Rakentamisen nopeutta lis\u00e4\u00e4 heti rapattava kova betonikuori. Kuorikivess\u00e4 on loistavan iskunkest\u00e4vyyden lis\u00e4ksi erinomainen kantavuus, kuormitus- ja maanpainekest\u00e4vyys. Lammi Kuorikivi soveltuukin erinomaisesti teknisesti haastaviin rakenteisiin, joissa on suuret lujuusvaatimukset, kuten kerrostaloihin, teollisuusrakennuksiin ja korkeisiin maanalaisiin rakenteisiin. N\u00e4iden ominaisuuksien lis\u00e4ksi loistava paloluokitus, \u00e4\u00e4nenerist\u00e4vyys ja s\u00e4ilyvyys &hellip; <a href=\"https:\/\/www.lammi.fi\/harkko\/tuote\/kk400\/\" class=\"more-link\">Lue lis\u00e4\u00e4<span class=\"screen-reader-text\"> &#8221;KK400&#8221;<\/span><\/a><\/p>\n","protected":false},"featured_media":4461,"comment_status":"closed","ping_status":"closed","template":"","meta":{"_acf_changed":false,"_improvement_type_select":"improve_an_existing","_thumb_yes_seoaic":false,"_frame_yes_seoaic":false,"seoaic_generate_description":"","seoaic_improve_instructions_prompt":"","seoaic_rollback_content_improvement":"","seoaic_idea_thumbnail_generator":"","thumbnail_generated":false,"thumbnail_generate_prompt":"","seoaic_article_description":"","_glsr_average":0,"_glsr_ranking":0,"_glsr_reviews":0},"product_brand":[],"product_cat":[21],"product_tag":[],"class_list":{"0":"post-850","1":"product","2":"type-product","3":"status-publish","4":"has-post-thumbnail","6":"product_cat-uncategorized-fi-2","8":"first","9":"instock","10":"shipping-taxable","11":"product-type-simple"},"acf":[],"yoast_head":"<!-- This site is optimized with the Yoast SEO plugin v27.1.1 - https:\/\/yoast.com\/product\/yoast-seo-wordpress\/ -->\n<title>KK400 - Lammi Harkko<\/title>\n<link rel=\"canonical\" href=\"https:\/\/www.lammi.fi\/harkko\/tuote\/kk400\/\" \/>\n<meta property=\"og:locale\" content=\"fi_FI\" \/>\n<meta property=\"og:type\" content=\"article\" \/>\n<meta property=\"og:title\" content=\"KK400 - Lammi Harkko\" \/>\n<meta property=\"og:description\" content=\"Kuorikivi KK400 Kuorikivi on nopea latoa ja helppo valaa yhden valuaukkopuolen ansiosta. Rakentamisen nopeutta lis\u00e4\u00e4 heti rapattava kova betonikuori. Kuorikivess\u00e4 on loistavan iskunkest\u00e4vyyden lis\u00e4ksi erinomainen kantavuus, kuormitus- ja maanpainekest\u00e4vyys. Lammi Kuorikivi soveltuukin erinomaisesti teknisesti haastaviin rakenteisiin, joissa on suuret lujuusvaatimukset, kuten kerrostaloihin, teollisuusrakennuksiin ja korkeisiin maanalaisiin rakenteisiin. N\u00e4iden ominaisuuksien lis\u00e4ksi loistava paloluokitus, \u00e4\u00e4nenerist\u00e4vyys ja s\u00e4ilyvyys &hellip; Lue lis\u00e4\u00e4 &quot;KK400&quot;\" \/>\n<meta property=\"og:url\" content=\"https:\/\/www.lammi.fi\/harkko\/tuote\/kk400\/\" \/>\n<meta property=\"og:site_name\" content=\"Lammi Harkko\" \/>\n<meta property=\"article:modified_time\" content=\"2024-10-08T07:19:52+00:00\" \/>\n<meta property=\"og:image\" content=\"https:\/\/www.lammi.fi\/harkko\/wp-content\/uploads\/sites\/3\/2018\/10\/Lammi_Harkko_KK400-1200x675_ainavahahiilinen.png\" \/>\n\t<meta property=\"og:image:width\" content=\"1200\" \/>\n\t<meta property=\"og:image:height\" content=\"675\" \/>\n\t<meta property=\"og:image:type\" content=\"image\/png\" \/>\n<meta name=\"twitter:card\" content=\"summary_large_image\" \/>\n<meta name=\"twitter:label1\" content=\"Arvioitu lukuaika\" \/>\n\t<meta name=\"twitter:data1\" content=\"1 minuutti\" \/>\n<script type=\"application\/ld+json\" class=\"yoast-schema-graph\">{\"@context\":\"https:\/\/schema.org\",\"@graph\":[{\"@type\":\"WebPage\",\"@id\":\"https:\/\/www.lammi.fi\/harkko\/tuote\/kk400\/\",\"url\":\"https:\/\/www.lammi.fi\/harkko\/tuote\/kk400\/\",\"name\":\"KK400 - Lammi Harkko\",\"isPartOf\":{\"@id\":\"https:\/\/www.lammi.fi\/harkko\/#website\"},\"primaryImageOfPage\":{\"@id\":\"https:\/\/www.lammi.fi\/harkko\/tuote\/kk400\/#primaryimage\"},\"image\":{\"@id\":\"https:\/\/www.lammi.fi\/harkko\/tuote\/kk400\/#primaryimage\"},\"thumbnailUrl\":\"https:\/\/www.lammi.fi\/harkko\/wp-content\/uploads\/sites\/3\/2018\/10\/Lammi_Harkko_KK400-1200x675_ainavahahiilinen.png\",\"datePublished\":\"2018-10-03T11:00:06+00:00\",\"dateModified\":\"2024-10-08T07:19:52+00:00\",\"breadcrumb\":{\"@id\":\"https:\/\/www.lammi.fi\/harkko\/tuote\/kk400\/#breadcrumb\"},\"inLanguage\":\"fi\",\"potentialAction\":[{\"@type\":\"ReadAction\",\"target\":[\"https:\/\/www.lammi.fi\/harkko\/tuote\/kk400\/\"]}]},{\"@type\":\"ImageObject\",\"inLanguage\":\"fi\",\"@id\":\"https:\/\/www.lammi.fi\/harkko\/tuote\/kk400\/#primaryimage\",\"url\":\"https:\/\/www.lammi.fi\/harkko\/wp-content\/uploads\/sites\/3\/2018\/10\/Lammi_Harkko_KK400-1200x675_ainavahahiilinen.png\",\"contentUrl\":\"https:\/\/www.lammi.fi\/harkko\/wp-content\/uploads\/sites\/3\/2018\/10\/Lammi_Harkko_KK400-1200x675_ainavahahiilinen.png\",\"width\":1200,\"height\":675},{\"@type\":\"BreadcrumbList\",\"@id\":\"https:\/\/www.lammi.fi\/harkko\/tuote\/kk400\/#breadcrumb\",\"itemListElement\":[{\"@type\":\"ListItem\",\"position\":1,\"name\":\"Lammi.fi\",\"item\":\"https:\/\/www.lammi.fi\"},{\"@type\":\"ListItem\",\"position\":2,\"name\":\"Lammi Harkko\",\"item\":\"https:\/\/www.lammi.fi\/harkko\/\"},{\"@type\":\"ListItem\",\"position\":3,\"name\":\"KK400\"}]},{\"@type\":\"WebSite\",\"@id\":\"https:\/\/www.lammi.fi\/harkko\/#website\",\"url\":\"https:\/\/www.lammi.fi\/harkko\/\",\"name\":\"Lammi Harkko\",\"description\":\"\",\"publisher\":{\"@id\":\"https:\/\/www.lammi.fi\/harkko\/#organization\"},\"potentialAction\":[{\"@type\":\"SearchAction\",\"target\":{\"@type\":\"EntryPoint\",\"urlTemplate\":\"https:\/\/www.lammi.fi\/harkko\/?s={search_term_string}\"},\"query-input\":{\"@type\":\"PropertyValueSpecification\",\"valueRequired\":true,\"valueName\":\"search_term_string\"}}],\"inLanguage\":\"fi\"},{\"@type\":\"Organization\",\"@id\":\"https:\/\/www.lammi.fi\/harkko\/#organization\",\"name\":\"Lammi Harkko\",\"url\":\"https:\/\/www.lammi.fi\/harkko\/\",\"logo\":{\"@type\":\"ImageObject\",\"inLanguage\":\"fi\",\"@id\":\"https:\/\/www.lammi.fi\/harkko\/#\/schema\/logo\/image\/\",\"url\":\"https:\/\/www.lammi.fi\/harkko\/wp-content\/uploads\/sites\/3\/2018\/06\/cropped-lammi_logo.png\",\"contentUrl\":\"https:\/\/www.lammi.fi\/harkko\/wp-content\/uploads\/sites\/3\/2018\/06\/cropped-lammi_logo.png\",\"width\":240,\"height\":122,\"caption\":\"Lammi Harkko\"},\"image\":{\"@id\":\"https:\/\/www.lammi.fi\/harkko\/#\/schema\/logo\/image\/\"}}]}<\/script>\n<!-- \/ Yoast SEO plugin. -->","yoast_head_json":{"title":"KK400 - Lammi Harkko","canonical":"https:\/\/www.lammi.fi\/harkko\/tuote\/kk400\/","og_locale":"fi_FI","og_type":"article","og_title":"KK400 - Lammi Harkko","og_description":"Kuorikivi KK400 Kuorikivi on nopea latoa ja helppo valaa yhden valuaukkopuolen ansiosta. Rakentamisen nopeutta lis\u00e4\u00e4 heti rapattava kova betonikuori. Kuorikivess\u00e4 on loistavan iskunkest\u00e4vyyden lis\u00e4ksi erinomainen kantavuus, kuormitus- ja maanpainekest\u00e4vyys. Lammi Kuorikivi soveltuukin erinomaisesti teknisesti haastaviin rakenteisiin, joissa on suuret lujuusvaatimukset, kuten kerrostaloihin, teollisuusrakennuksiin ja korkeisiin maanalaisiin rakenteisiin. N\u00e4iden ominaisuuksien lis\u00e4ksi loistava paloluokitus, \u00e4\u00e4nenerist\u00e4vyys ja s\u00e4ilyvyys &hellip; Lue lis\u00e4\u00e4 \"KK400\"","og_url":"https:\/\/www.lammi.fi\/harkko\/tuote\/kk400\/","og_site_name":"Lammi Harkko","article_modified_time":"2024-10-08T07:19:52+00:00","og_image":[{"width":1200,"height":675,"url":"https:\/\/www.lammi.fi\/harkko\/wp-content\/uploads\/sites\/3\/2018\/10\/Lammi_Harkko_KK400-1200x675_ainavahahiilinen.png","type":"image\/png"}],"twitter_card":"summary_large_image","twitter_misc":{"Arvioitu lukuaika":"1 minuutti"},"schema":{"@context":"https:\/\/schema.org","@graph":[{"@type":"WebPage","@id":"https:\/\/www.lammi.fi\/harkko\/tuote\/kk400\/","url":"https:\/\/www.lammi.fi\/harkko\/tuote\/kk400\/","name":"KK400 - Lammi Harkko","isPartOf":{"@id":"https:\/\/www.lammi.fi\/harkko\/#website"},"primaryImageOfPage":{"@id":"https:\/\/www.lammi.fi\/harkko\/tuote\/kk400\/#primaryimage"},"image":{"@id":"https:\/\/www.lammi.fi\/harkko\/tuote\/kk400\/#primaryimage"},"thumbnailUrl":"https:\/\/www.lammi.fi\/harkko\/wp-content\/uploads\/sites\/3\/2018\/10\/Lammi_Harkko_KK400-1200x675_ainavahahiilinen.png","datePublished":"2018-10-03T11:00:06+00:00","dateModified":"2024-10-08T07:19:52+00:00","breadcrumb":{"@id":"https:\/\/www.lammi.fi\/harkko\/tuote\/kk400\/#breadcrumb"},"inLanguage":"fi","potentialAction":[{"@type":"ReadAction","target":["https:\/\/www.lammi.fi\/harkko\/tuote\/kk400\/"]}]},{"@type":"ImageObject","inLanguage":"fi","@id":"https:\/\/www.lammi.fi\/harkko\/tuote\/kk400\/#primaryimage","url":"https:\/\/www.lammi.fi\/harkko\/wp-content\/uploads\/sites\/3\/2018\/10\/Lammi_Harkko_KK400-1200x675_ainavahahiilinen.png","contentUrl":"https:\/\/www.lammi.fi\/harkko\/wp-content\/uploads\/sites\/3\/2018\/10\/Lammi_Harkko_KK400-1200x675_ainavahahiilinen.png","width":1200,"height":675},{"@type":"BreadcrumbList","@id":"https:\/\/www.lammi.fi\/harkko\/tuote\/kk400\/#breadcrumb","itemListElement":[{"@type":"ListItem","position":1,"name":"Lammi.fi","item":"https:\/\/www.lammi.fi"},{"@type":"ListItem","position":2,"name":"Lammi Harkko","item":"https:\/\/www.lammi.fi\/harkko\/"},{"@type":"ListItem","position":3,"name":"KK400"}]},{"@type":"WebSite","@id":"https:\/\/www.lammi.fi\/harkko\/#website","url":"https:\/\/www.lammi.fi\/harkko\/","name":"Lammi Harkko","description":"","publisher":{"@id":"https:\/\/www.lammi.fi\/harkko\/#organization"},"potentialAction":[{"@type":"SearchAction","target":{"@type":"EntryPoint","urlTemplate":"https:\/\/www.lammi.fi\/harkko\/?s={search_term_string}"},"query-input":{"@type":"PropertyValueSpecification","valueRequired":true,"valueName":"search_term_string"}}],"inLanguage":"fi"},{"@type":"Organization","@id":"https:\/\/www.lammi.fi\/harkko\/#organization","name":"Lammi Harkko","url":"https:\/\/www.lammi.fi\/harkko\/","logo":{"@type":"ImageObject","inLanguage":"fi","@id":"https:\/\/www.lammi.fi\/harkko\/#\/schema\/logo\/image\/","url":"https:\/\/www.lammi.fi\/harkko\/wp-content\/uploads\/sites\/3\/2018\/06\/cropped-lammi_logo.png","contentUrl":"https:\/\/www.lammi.fi\/harkko\/wp-content\/uploads\/sites\/3\/2018\/06\/cropped-lammi_logo.png","width":240,"height":122,"caption":"Lammi Harkko"},"image":{"@id":"https:\/\/www.lammi.fi\/harkko\/#\/schema\/logo\/image\/"}}]}},"_links":{"self":[{"href":"https:\/\/www.lammi.fi\/harkko\/wp-json\/wp\/v2\/product\/850","targetHints":{"allow":["GET"]}}],"collection":[{"href":"https:\/\/www.lammi.fi\/harkko\/wp-json\/wp\/v2\/product"}],"about":[{"href":"https:\/\/www.lammi.fi\/harkko\/wp-json\/wp\/v2\/types\/product"}],"replies":[{"embeddable":true,"href":"https:\/\/www.lammi.fi\/harkko\/wp-json\/wp\/v2\/comments?post=850"}],"wp:featuredmedia":[{"embeddable":true,"href":"https:\/\/www.lammi.fi\/harkko\/wp-json\/wp\/v2\/media\/4461"}],"wp:attachment":[{"href":"https:\/\/www.lammi.fi\/harkko\/wp-json\/wp\/v2\/media?parent=850"}],"wp:term":[{"taxonomy":"product_brand","embeddable":true,"href":"https:\/\/www.lammi.fi\/harkko\/wp-json\/wp\/v2\/product_brand?post=850"},{"taxonomy":"product_cat","embeddable":true,"href":"https:\/\/www.lammi.fi\/harkko\/wp-json\/wp\/v2\/product_cat?post=850"},{"taxonomy":"product_tag","embeddable":true,"href":"https:\/\/www.lammi.fi\/harkko\/wp-json\/wp\/v2\/product_tag?post=850"}],"curies":[{"name":"wp","href":"https:\/\/api.w.org\/{rel}","templated":true}]}}