{"id":503,"date":"2018-09-11T13:18:56","date_gmt":"2018-09-11T13:18:56","guid":{"rendered":"https:\/\/www.lammi.fi\/harkko\/?post_type=product&#038;p=503"},"modified":"2024-10-08T10:00:01","modified_gmt":"2024-10-08T07:00:01","slug":"mh150k","status":"publish","type":"product","link":"https:\/\/www.lammi.fi\/harkko\/tuote\/mh150k\/","title":{"rendered":"MH150K"},"content":{"rendered":"<h2>Kulmakivi<\/h2>\n<p>Muottiharkkorakenteen kulmat on helppo toteuttaa valmiilla kulmakivill\u00e4. Kivet on mitoitettu niin, ett\u00e4 ne tukevat 2M-moduulimitoitusta (200 mm jaollinen). Kulmakiviss\u00e4 on syvennykset vaakater\u00e4sten asentamista varten, sek\u00e4 pontit joihin peruskivet lukittuvat.<\/p>\n<p>Kulmaharkkoja k\u00e4ytet\u00e4\u00e4n siten, ett\u00e4 joka toisen kivikerroksen kulmaharkko asennetaan toisin p\u00e4in, kuin alemman kerroksen kulmaharkko. N\u00e4in sein\u00e4\u00e4n saadaan 200 mm limitys aikaiseksi.\u00a0Kulmakivet kest\u00e4v\u00e4t hyvin betonoinnista aiheutuvan valupaineen. Koska rakenne itsess\u00e4\u00e4n ei kiinnity vierekk\u00e4isiin harkkoihin, tulee muottiharkkorakenne kuitenkin aina tukea valun ajaksi v\u00e4hint\u00e4\u00e4n kulmista ja p\u00e4\u00e4tyharkkojen kohdalta.<\/p>\n<p>Kulmaharkot myyd\u00e4\u00e4n pareittain (1 pari = 1 vasen- ja 1 oikeak\u00e4tinen kulmaharkko).<\/p>\n","protected":false},"excerpt":{"rendered":"<p>Kulmakivi Muottiharkkorakenteen kulmat on helppo toteuttaa valmiilla kulmakivill\u00e4. Kivet on mitoitettu niin, ett\u00e4 ne tukevat 2M-moduulimitoitusta (200 mm jaollinen). Kulmakiviss\u00e4 on syvennykset vaakater\u00e4sten asentamista varten, sek\u00e4 pontit joihin peruskivet lukittuvat. Kulmaharkkoja k\u00e4ytet\u00e4\u00e4n siten, ett\u00e4 joka toisen kivikerroksen kulmaharkko asennetaan toisin p\u00e4in, kuin alemman kerroksen kulmaharkko. N\u00e4in sein\u00e4\u00e4n saadaan 200 mm limitys aikaiseksi.\u00a0Kulmakivet kest\u00e4v\u00e4t hyvin betonoinnista &hellip; <a href=\"https:\/\/www.lammi.fi\/harkko\/tuote\/mh150k\/\" class=\"more-link\">Lue lis\u00e4\u00e4<span class=\"screen-reader-text\"> &#8221;MH150K&#8221;<\/span><\/a><\/p>\n","protected":false},"featured_media":4411,"comment_status":"closed","ping_status":"closed","template":"","meta":{"_acf_changed":false,"_improvement_type_select":"improve_an_existing","_thumb_yes_seoaic":false,"_frame_yes_seoaic":false,"seoaic_generate_description":"","seoaic_improve_instructions_prompt":"","seoaic_rollback_content_improvement":"","seoaic_idea_thumbnail_generator":"","thumbnail_generated":false,"thumbnail_generate_prompt":"","seoaic_article_description":"","_glsr_average":0,"_glsr_ranking":0,"_glsr_reviews":0},"product_brand":[],"product_cat":[21],"product_tag":[],"class_list":{"0":"post-503","1":"product","2":"type-product","3":"status-publish","4":"has-post-thumbnail","6":"product_cat-uncategorized-fi-2","8":"first","9":"instock","10":"shipping-taxable","11":"product-type-simple"},"acf":[],"yoast_head":"<!-- This site is optimized with the Yoast SEO plugin v27.1.1 - https:\/\/yoast.com\/product\/yoast-seo-wordpress\/ -->\n<title>MH150K - Lammi Harkko<\/title>\n<link rel=\"canonical\" href=\"https:\/\/www.lammi.fi\/harkko\/tuote\/mh150k\/\" \/>\n<meta property=\"og:locale\" content=\"fi_FI\" \/>\n<meta property=\"og:type\" content=\"article\" \/>\n<meta property=\"og:title\" content=\"MH150K - Lammi Harkko\" \/>\n<meta property=\"og:description\" content=\"Kulmakivi Muottiharkkorakenteen kulmat on helppo toteuttaa valmiilla kulmakivill\u00e4. Kivet on mitoitettu niin, ett\u00e4 ne tukevat 2M-moduulimitoitusta (200 mm jaollinen). Kulmakiviss\u00e4 on syvennykset vaakater\u00e4sten asentamista varten, sek\u00e4 pontit joihin peruskivet lukittuvat. Kulmaharkkoja k\u00e4ytet\u00e4\u00e4n siten, ett\u00e4 joka toisen kivikerroksen kulmaharkko asennetaan toisin p\u00e4in, kuin alemman kerroksen kulmaharkko. N\u00e4in sein\u00e4\u00e4n saadaan 200 mm limitys aikaiseksi.\u00a0Kulmakivet kest\u00e4v\u00e4t hyvin betonoinnista &hellip; Lue lis\u00e4\u00e4 &quot;MH150K&quot;\" \/>\n<meta property=\"og:url\" content=\"https:\/\/www.lammi.fi\/harkko\/tuote\/mh150k\/\" \/>\n<meta property=\"og:site_name\" content=\"Lammi Harkko\" \/>\n<meta property=\"article:modified_time\" content=\"2024-10-08T07:00:01+00:00\" \/>\n<meta property=\"og:image\" content=\"https:\/\/www.lammi.fi\/harkko\/wp-content\/uploads\/sites\/3\/2018\/09\/Lammi_Harkko_MH150K-1200x675_ainavahahiilinen.png\" \/>\n\t<meta property=\"og:image:width\" content=\"1200\" \/>\n\t<meta property=\"og:image:height\" content=\"675\" \/>\n\t<meta property=\"og:image:type\" content=\"image\/png\" \/>\n<meta name=\"twitter:card\" content=\"summary_large_image\" \/>\n<meta name=\"twitter:label1\" content=\"Arvioitu lukuaika\" \/>\n\t<meta name=\"twitter:data1\" content=\"1 minuutti\" \/>\n<script type=\"application\/ld+json\" class=\"yoast-schema-graph\">{\"@context\":\"https:\/\/schema.org\",\"@graph\":[{\"@type\":\"WebPage\",\"@id\":\"https:\/\/www.lammi.fi\/harkko\/tuote\/mh150k\/\",\"url\":\"https:\/\/www.lammi.fi\/harkko\/tuote\/mh150k\/\",\"name\":\"MH150K - Lammi Harkko\",\"isPartOf\":{\"@id\":\"https:\/\/www.lammi.fi\/harkko\/#website\"},\"primaryImageOfPage\":{\"@id\":\"https:\/\/www.lammi.fi\/harkko\/tuote\/mh150k\/#primaryimage\"},\"image\":{\"@id\":\"https:\/\/www.lammi.fi\/harkko\/tuote\/mh150k\/#primaryimage\"},\"thumbnailUrl\":\"https:\/\/www.lammi.fi\/harkko\/wp-content\/uploads\/sites\/3\/2018\/09\/Lammi_Harkko_MH150K-1200x675_ainavahahiilinen.png\",\"datePublished\":\"2018-09-11T13:18:56+00:00\",\"dateModified\":\"2024-10-08T07:00:01+00:00\",\"breadcrumb\":{\"@id\":\"https:\/\/www.lammi.fi\/harkko\/tuote\/mh150k\/#breadcrumb\"},\"inLanguage\":\"fi\",\"potentialAction\":[{\"@type\":\"ReadAction\",\"target\":[\"https:\/\/www.lammi.fi\/harkko\/tuote\/mh150k\/\"]}]},{\"@type\":\"ImageObject\",\"inLanguage\":\"fi\",\"@id\":\"https:\/\/www.lammi.fi\/harkko\/tuote\/mh150k\/#primaryimage\",\"url\":\"https:\/\/www.lammi.fi\/harkko\/wp-content\/uploads\/sites\/3\/2018\/09\/Lammi_Harkko_MH150K-1200x675_ainavahahiilinen.png\",\"contentUrl\":\"https:\/\/www.lammi.fi\/harkko\/wp-content\/uploads\/sites\/3\/2018\/09\/Lammi_Harkko_MH150K-1200x675_ainavahahiilinen.png\",\"width\":1200,\"height\":675},{\"@type\":\"BreadcrumbList\",\"@id\":\"https:\/\/www.lammi.fi\/harkko\/tuote\/mh150k\/#breadcrumb\",\"itemListElement\":[{\"@type\":\"ListItem\",\"position\":1,\"name\":\"Lammi.fi\",\"item\":\"https:\/\/www.lammi.fi\"},{\"@type\":\"ListItem\",\"position\":2,\"name\":\"Lammi Harkko\",\"item\":\"https:\/\/www.lammi.fi\/harkko\/\"},{\"@type\":\"ListItem\",\"position\":3,\"name\":\"MH150K\"}]},{\"@type\":\"WebSite\",\"@id\":\"https:\/\/www.lammi.fi\/harkko\/#website\",\"url\":\"https:\/\/www.lammi.fi\/harkko\/\",\"name\":\"Lammi Harkko\",\"description\":\"\",\"publisher\":{\"@id\":\"https:\/\/www.lammi.fi\/harkko\/#organization\"},\"potentialAction\":[{\"@type\":\"SearchAction\",\"target\":{\"@type\":\"EntryPoint\",\"urlTemplate\":\"https:\/\/www.lammi.fi\/harkko\/?s={search_term_string}\"},\"query-input\":{\"@type\":\"PropertyValueSpecification\",\"valueRequired\":true,\"valueName\":\"search_term_string\"}}],\"inLanguage\":\"fi\"},{\"@type\":\"Organization\",\"@id\":\"https:\/\/www.lammi.fi\/harkko\/#organization\",\"name\":\"Lammi Harkko\",\"url\":\"https:\/\/www.lammi.fi\/harkko\/\",\"logo\":{\"@type\":\"ImageObject\",\"inLanguage\":\"fi\",\"@id\":\"https:\/\/www.lammi.fi\/harkko\/#\/schema\/logo\/image\/\",\"url\":\"https:\/\/www.lammi.fi\/harkko\/wp-content\/uploads\/sites\/3\/2018\/06\/cropped-lammi_logo.png\",\"contentUrl\":\"https:\/\/www.lammi.fi\/harkko\/wp-content\/uploads\/sites\/3\/2018\/06\/cropped-lammi_logo.png\",\"width\":240,\"height\":122,\"caption\":\"Lammi Harkko\"},\"image\":{\"@id\":\"https:\/\/www.lammi.fi\/harkko\/#\/schema\/logo\/image\/\"}}]}<\/script>\n<!-- \/ Yoast SEO plugin. -->","yoast_head_json":{"title":"MH150K - Lammi Harkko","canonical":"https:\/\/www.lammi.fi\/harkko\/tuote\/mh150k\/","og_locale":"fi_FI","og_type":"article","og_title":"MH150K - Lammi Harkko","og_description":"Kulmakivi Muottiharkkorakenteen kulmat on helppo toteuttaa valmiilla kulmakivill\u00e4. Kivet on mitoitettu niin, ett\u00e4 ne tukevat 2M-moduulimitoitusta (200 mm jaollinen). Kulmakiviss\u00e4 on syvennykset vaakater\u00e4sten asentamista varten, sek\u00e4 pontit joihin peruskivet lukittuvat. Kulmaharkkoja k\u00e4ytet\u00e4\u00e4n siten, ett\u00e4 joka toisen kivikerroksen kulmaharkko asennetaan toisin p\u00e4in, kuin alemman kerroksen kulmaharkko. N\u00e4in sein\u00e4\u00e4n saadaan 200 mm limitys aikaiseksi.\u00a0Kulmakivet kest\u00e4v\u00e4t hyvin betonoinnista &hellip; Lue lis\u00e4\u00e4 \"MH150K\"","og_url":"https:\/\/www.lammi.fi\/harkko\/tuote\/mh150k\/","og_site_name":"Lammi Harkko","article_modified_time":"2024-10-08T07:00:01+00:00","og_image":[{"width":1200,"height":675,"url":"https:\/\/www.lammi.fi\/harkko\/wp-content\/uploads\/sites\/3\/2018\/09\/Lammi_Harkko_MH150K-1200x675_ainavahahiilinen.png","type":"image\/png"}],"twitter_card":"summary_large_image","twitter_misc":{"Arvioitu lukuaika":"1 minuutti"},"schema":{"@context":"https:\/\/schema.org","@graph":[{"@type":"WebPage","@id":"https:\/\/www.lammi.fi\/harkko\/tuote\/mh150k\/","url":"https:\/\/www.lammi.fi\/harkko\/tuote\/mh150k\/","name":"MH150K - Lammi Harkko","isPartOf":{"@id":"https:\/\/www.lammi.fi\/harkko\/#website"},"primaryImageOfPage":{"@id":"https:\/\/www.lammi.fi\/harkko\/tuote\/mh150k\/#primaryimage"},"image":{"@id":"https:\/\/www.lammi.fi\/harkko\/tuote\/mh150k\/#primaryimage"},"thumbnailUrl":"https:\/\/www.lammi.fi\/harkko\/wp-content\/uploads\/sites\/3\/2018\/09\/Lammi_Harkko_MH150K-1200x675_ainavahahiilinen.png","datePublished":"2018-09-11T13:18:56+00:00","dateModified":"2024-10-08T07:00:01+00:00","breadcrumb":{"@id":"https:\/\/www.lammi.fi\/harkko\/tuote\/mh150k\/#breadcrumb"},"inLanguage":"fi","potentialAction":[{"@type":"ReadAction","target":["https:\/\/www.lammi.fi\/harkko\/tuote\/mh150k\/"]}]},{"@type":"ImageObject","inLanguage":"fi","@id":"https:\/\/www.lammi.fi\/harkko\/tuote\/mh150k\/#primaryimage","url":"https:\/\/www.lammi.fi\/harkko\/wp-content\/uploads\/sites\/3\/2018\/09\/Lammi_Harkko_MH150K-1200x675_ainavahahiilinen.png","contentUrl":"https:\/\/www.lammi.fi\/harkko\/wp-content\/uploads\/sites\/3\/2018\/09\/Lammi_Harkko_MH150K-1200x675_ainavahahiilinen.png","width":1200,"height":675},{"@type":"BreadcrumbList","@id":"https:\/\/www.lammi.fi\/harkko\/tuote\/mh150k\/#breadcrumb","itemListElement":[{"@type":"ListItem","position":1,"name":"Lammi.fi","item":"https:\/\/www.lammi.fi"},{"@type":"ListItem","position":2,"name":"Lammi Harkko","item":"https:\/\/www.lammi.fi\/harkko\/"},{"@type":"ListItem","position":3,"name":"MH150K"}]},{"@type":"WebSite","@id":"https:\/\/www.lammi.fi\/harkko\/#website","url":"https:\/\/www.lammi.fi\/harkko\/","name":"Lammi Harkko","description":"","publisher":{"@id":"https:\/\/www.lammi.fi\/harkko\/#organization"},"potentialAction":[{"@type":"SearchAction","target":{"@type":"EntryPoint","urlTemplate":"https:\/\/www.lammi.fi\/harkko\/?s={search_term_string}"},"query-input":{"@type":"PropertyValueSpecification","valueRequired":true,"valueName":"search_term_string"}}],"inLanguage":"fi"},{"@type":"Organization","@id":"https:\/\/www.lammi.fi\/harkko\/#organization","name":"Lammi Harkko","url":"https:\/\/www.lammi.fi\/harkko\/","logo":{"@type":"ImageObject","inLanguage":"fi","@id":"https:\/\/www.lammi.fi\/harkko\/#\/schema\/logo\/image\/","url":"https:\/\/www.lammi.fi\/harkko\/wp-content\/uploads\/sites\/3\/2018\/06\/cropped-lammi_logo.png","contentUrl":"https:\/\/www.lammi.fi\/harkko\/wp-content\/uploads\/sites\/3\/2018\/06\/cropped-lammi_logo.png","width":240,"height":122,"caption":"Lammi Harkko"},"image":{"@id":"https:\/\/www.lammi.fi\/harkko\/#\/schema\/logo\/image\/"}}]}},"_links":{"self":[{"href":"https:\/\/www.lammi.fi\/harkko\/wp-json\/wp\/v2\/product\/503","targetHints":{"allow":["GET"]}}],"collection":[{"href":"https:\/\/www.lammi.fi\/harkko\/wp-json\/wp\/v2\/product"}],"about":[{"href":"https:\/\/www.lammi.fi\/harkko\/wp-json\/wp\/v2\/types\/product"}],"replies":[{"embeddable":true,"href":"https:\/\/www.lammi.fi\/harkko\/wp-json\/wp\/v2\/comments?post=503"}],"wp:featuredmedia":[{"embeddable":true,"href":"https:\/\/www.lammi.fi\/harkko\/wp-json\/wp\/v2\/media\/4411"}],"wp:attachment":[{"href":"https:\/\/www.lammi.fi\/harkko\/wp-json\/wp\/v2\/media?parent=503"}],"wp:term":[{"taxonomy":"product_brand","embeddable":true,"href":"https:\/\/www.lammi.fi\/harkko\/wp-json\/wp\/v2\/product_brand?post=503"},{"taxonomy":"product_cat","embeddable":true,"href":"https:\/\/www.lammi.fi\/harkko\/wp-json\/wp\/v2\/product_cat?post=503"},{"taxonomy":"product_tag","embeddable":true,"href":"https:\/\/www.lammi.fi\/harkko\/wp-json\/wp\/v2\/product_tag?post=503"}],"curies":[{"name":"wp","href":"https:\/\/api.w.org\/{rel}","templated":true}]}}