{"id":393,"date":"2018-09-11T08:20:52","date_gmt":"2018-09-11T08:20:52","guid":{"rendered":"https:\/\/www.lammi.fi\/harkko\/?post_type=product&#038;p=393"},"modified":"2024-10-08T10:08:53","modified_gmt":"2024-10-08T07:08:53","slug":"emh3502","status":"publish","type":"product","link":"https:\/\/www.lammi.fi\/harkko\/tuote\/emh3502\/","title":{"rendered":"EMH3502"},"content":{"rendered":"<h1>Osakivi<\/h1>\n<p>My\u00f6s EMH350 -tuoteperheeseen kuuluu esikatkaistu 600 mm pitk\u00e4 osakivi. Kive\u00e4 k\u00e4ytet\u00e4\u00e4n kaikissa niiss\u00e4 kohdissa, miss\u00e4 ei voida k\u00e4ytt\u00e4\u00e4 suoraa 600 mm pitk\u00e4\u00e4 peruskive\u00e4. Kiven harkkokuoret on esikatkaistu siten, ett\u00e4 harkosta saadaan 200 mm ja 400 mm pitk\u00e4t osat sahaamalla eriste k\u00e4sisahalla poikki.<\/p>\n<p>Tuoteperheemme on markkinoiden laajin ja valmiiksi mietitty kokonaisuus. Aina kun rakennus on suunniteltu 2M -moduulijaolla, tarjoamme kohteeseen valmiit tuotteet. N\u00e4in v\u00e4ltyt\u00e4\u00e4n ty\u00f6l\u00e4\u00e4lt\u00e4 muotittamiselta tai kivien ty\u00f6st\u00e4misell\u00e4 ty\u00f6maalla.<\/p>\n","protected":false},"excerpt":{"rendered":"<p>Osakivi My\u00f6s EMH350 -tuoteperheeseen kuuluu esikatkaistu 600 mm pitk\u00e4 osakivi. Kive\u00e4 k\u00e4ytet\u00e4\u00e4n kaikissa niiss\u00e4 kohdissa, miss\u00e4 ei voida k\u00e4ytt\u00e4\u00e4 suoraa 600 mm pitk\u00e4\u00e4 peruskive\u00e4. Kiven harkkokuoret on esikatkaistu siten, ett\u00e4 harkosta saadaan 200 mm ja 400 mm pitk\u00e4t osat sahaamalla eriste k\u00e4sisahalla poikki. Tuoteperheemme on markkinoiden laajin ja valmiiksi mietitty kokonaisuus. Aina kun rakennus on &hellip; <a href=\"https:\/\/www.lammi.fi\/harkko\/tuote\/emh3502\/\" class=\"more-link\">Lue lis\u00e4\u00e4<span class=\"screen-reader-text\"> &#8221;EMH3502&#8221;<\/span><\/a><\/p>\n","protected":false},"featured_media":4433,"comment_status":"closed","ping_status":"closed","template":"","meta":{"_acf_changed":false,"_improvement_type_select":"improve_an_existing","_thumb_yes_seoaic":false,"_frame_yes_seoaic":false,"seoaic_generate_description":"","seoaic_improve_instructions_prompt":"","seoaic_rollback_content_improvement":"","seoaic_idea_thumbnail_generator":"","thumbnail_generated":false,"thumbnail_generate_prompt":"","seoaic_article_description":"","_glsr_average":0,"_glsr_ranking":0,"_glsr_reviews":0},"product_brand":[],"product_cat":[21],"product_tag":[],"class_list":{"0":"post-393","1":"product","2":"type-product","3":"status-publish","4":"has-post-thumbnail","6":"product_cat-uncategorized-fi-2","8":"first","9":"instock","10":"shipping-taxable","11":"product-type-simple"},"acf":[],"yoast_head":"<!-- This site is optimized with the Yoast SEO plugin v27.1.1 - https:\/\/yoast.com\/product\/yoast-seo-wordpress\/ -->\n<title>EMH3502 - Lammi Harkko<\/title>\n<link rel=\"canonical\" href=\"https:\/\/www.lammi.fi\/harkko\/tuote\/emh3502\/\" \/>\n<meta property=\"og:locale\" content=\"fi_FI\" \/>\n<meta property=\"og:type\" content=\"article\" \/>\n<meta property=\"og:title\" content=\"EMH3502 - Lammi Harkko\" \/>\n<meta property=\"og:description\" content=\"Osakivi My\u00f6s EMH350 -tuoteperheeseen kuuluu esikatkaistu 600 mm pitk\u00e4 osakivi. Kive\u00e4 k\u00e4ytet\u00e4\u00e4n kaikissa niiss\u00e4 kohdissa, miss\u00e4 ei voida k\u00e4ytt\u00e4\u00e4 suoraa 600 mm pitk\u00e4\u00e4 peruskive\u00e4. Kiven harkkokuoret on esikatkaistu siten, ett\u00e4 harkosta saadaan 200 mm ja 400 mm pitk\u00e4t osat sahaamalla eriste k\u00e4sisahalla poikki. Tuoteperheemme on markkinoiden laajin ja valmiiksi mietitty kokonaisuus. Aina kun rakennus on &hellip; Lue lis\u00e4\u00e4 &quot;EMH3502&quot;\" \/>\n<meta property=\"og:url\" content=\"https:\/\/www.lammi.fi\/harkko\/tuote\/emh3502\/\" \/>\n<meta property=\"og:site_name\" content=\"Lammi Harkko\" \/>\n<meta property=\"article:modified_time\" content=\"2024-10-08T07:08:53+00:00\" \/>\n<meta property=\"og:image\" content=\"https:\/\/www.lammi.fi\/harkko\/wp-content\/uploads\/sites\/3\/2018\/09\/Lammi_Harkko_EMH3502-1200x675_ainavahahiilinen.png\" \/>\n\t<meta property=\"og:image:width\" content=\"1200\" \/>\n\t<meta property=\"og:image:height\" content=\"675\" \/>\n\t<meta property=\"og:image:type\" content=\"image\/png\" \/>\n<meta name=\"twitter:card\" content=\"summary_large_image\" \/>\n<meta name=\"twitter:label1\" content=\"Arvioitu lukuaika\" \/>\n\t<meta name=\"twitter:data1\" content=\"1 minuutti\" \/>\n<script type=\"application\/ld+json\" class=\"yoast-schema-graph\">{\"@context\":\"https:\/\/schema.org\",\"@graph\":[{\"@type\":\"WebPage\",\"@id\":\"https:\/\/www.lammi.fi\/harkko\/tuote\/emh3502\/\",\"url\":\"https:\/\/www.lammi.fi\/harkko\/tuote\/emh3502\/\",\"name\":\"EMH3502 - Lammi Harkko\",\"isPartOf\":{\"@id\":\"https:\/\/www.lammi.fi\/harkko\/#website\"},\"primaryImageOfPage\":{\"@id\":\"https:\/\/www.lammi.fi\/harkko\/tuote\/emh3502\/#primaryimage\"},\"image\":{\"@id\":\"https:\/\/www.lammi.fi\/harkko\/tuote\/emh3502\/#primaryimage\"},\"thumbnailUrl\":\"https:\/\/www.lammi.fi\/harkko\/wp-content\/uploads\/sites\/3\/2018\/09\/Lammi_Harkko_EMH3502-1200x675_ainavahahiilinen.png\",\"datePublished\":\"2018-09-11T08:20:52+00:00\",\"dateModified\":\"2024-10-08T07:08:53+00:00\",\"breadcrumb\":{\"@id\":\"https:\/\/www.lammi.fi\/harkko\/tuote\/emh3502\/#breadcrumb\"},\"inLanguage\":\"fi\",\"potentialAction\":[{\"@type\":\"ReadAction\",\"target\":[\"https:\/\/www.lammi.fi\/harkko\/tuote\/emh3502\/\"]}]},{\"@type\":\"ImageObject\",\"inLanguage\":\"fi\",\"@id\":\"https:\/\/www.lammi.fi\/harkko\/tuote\/emh3502\/#primaryimage\",\"url\":\"https:\/\/www.lammi.fi\/harkko\/wp-content\/uploads\/sites\/3\/2018\/09\/Lammi_Harkko_EMH3502-1200x675_ainavahahiilinen.png\",\"contentUrl\":\"https:\/\/www.lammi.fi\/harkko\/wp-content\/uploads\/sites\/3\/2018\/09\/Lammi_Harkko_EMH3502-1200x675_ainavahahiilinen.png\",\"width\":1200,\"height\":675},{\"@type\":\"BreadcrumbList\",\"@id\":\"https:\/\/www.lammi.fi\/harkko\/tuote\/emh3502\/#breadcrumb\",\"itemListElement\":[{\"@type\":\"ListItem\",\"position\":1,\"name\":\"Lammi.fi\",\"item\":\"https:\/\/www.lammi.fi\"},{\"@type\":\"ListItem\",\"position\":2,\"name\":\"Lammi Harkko\",\"item\":\"https:\/\/www.lammi.fi\/harkko\/\"},{\"@type\":\"ListItem\",\"position\":3,\"name\":\"EMH3502\"}]},{\"@type\":\"WebSite\",\"@id\":\"https:\/\/www.lammi.fi\/harkko\/#website\",\"url\":\"https:\/\/www.lammi.fi\/harkko\/\",\"name\":\"Lammi Harkko\",\"description\":\"\",\"publisher\":{\"@id\":\"https:\/\/www.lammi.fi\/harkko\/#organization\"},\"potentialAction\":[{\"@type\":\"SearchAction\",\"target\":{\"@type\":\"EntryPoint\",\"urlTemplate\":\"https:\/\/www.lammi.fi\/harkko\/?s={search_term_string}\"},\"query-input\":{\"@type\":\"PropertyValueSpecification\",\"valueRequired\":true,\"valueName\":\"search_term_string\"}}],\"inLanguage\":\"fi\"},{\"@type\":\"Organization\",\"@id\":\"https:\/\/www.lammi.fi\/harkko\/#organization\",\"name\":\"Lammi Harkko\",\"url\":\"https:\/\/www.lammi.fi\/harkko\/\",\"logo\":{\"@type\":\"ImageObject\",\"inLanguage\":\"fi\",\"@id\":\"https:\/\/www.lammi.fi\/harkko\/#\/schema\/logo\/image\/\",\"url\":\"https:\/\/www.lammi.fi\/harkko\/wp-content\/uploads\/sites\/3\/2018\/06\/cropped-lammi_logo.png\",\"contentUrl\":\"https:\/\/www.lammi.fi\/harkko\/wp-content\/uploads\/sites\/3\/2018\/06\/cropped-lammi_logo.png\",\"width\":240,\"height\":122,\"caption\":\"Lammi Harkko\"},\"image\":{\"@id\":\"https:\/\/www.lammi.fi\/harkko\/#\/schema\/logo\/image\/\"}}]}<\/script>\n<!-- \/ Yoast SEO plugin. -->","yoast_head_json":{"title":"EMH3502 - Lammi Harkko","canonical":"https:\/\/www.lammi.fi\/harkko\/tuote\/emh3502\/","og_locale":"fi_FI","og_type":"article","og_title":"EMH3502 - Lammi Harkko","og_description":"Osakivi My\u00f6s EMH350 -tuoteperheeseen kuuluu esikatkaistu 600 mm pitk\u00e4 osakivi. Kive\u00e4 k\u00e4ytet\u00e4\u00e4n kaikissa niiss\u00e4 kohdissa, miss\u00e4 ei voida k\u00e4ytt\u00e4\u00e4 suoraa 600 mm pitk\u00e4\u00e4 peruskive\u00e4. Kiven harkkokuoret on esikatkaistu siten, ett\u00e4 harkosta saadaan 200 mm ja 400 mm pitk\u00e4t osat sahaamalla eriste k\u00e4sisahalla poikki. Tuoteperheemme on markkinoiden laajin ja valmiiksi mietitty kokonaisuus. Aina kun rakennus on &hellip; Lue lis\u00e4\u00e4 \"EMH3502\"","og_url":"https:\/\/www.lammi.fi\/harkko\/tuote\/emh3502\/","og_site_name":"Lammi Harkko","article_modified_time":"2024-10-08T07:08:53+00:00","og_image":[{"width":1200,"height":675,"url":"https:\/\/www.lammi.fi\/harkko\/wp-content\/uploads\/sites\/3\/2018\/09\/Lammi_Harkko_EMH3502-1200x675_ainavahahiilinen.png","type":"image\/png"}],"twitter_card":"summary_large_image","twitter_misc":{"Arvioitu lukuaika":"1 minuutti"},"schema":{"@context":"https:\/\/schema.org","@graph":[{"@type":"WebPage","@id":"https:\/\/www.lammi.fi\/harkko\/tuote\/emh3502\/","url":"https:\/\/www.lammi.fi\/harkko\/tuote\/emh3502\/","name":"EMH3502 - Lammi Harkko","isPartOf":{"@id":"https:\/\/www.lammi.fi\/harkko\/#website"},"primaryImageOfPage":{"@id":"https:\/\/www.lammi.fi\/harkko\/tuote\/emh3502\/#primaryimage"},"image":{"@id":"https:\/\/www.lammi.fi\/harkko\/tuote\/emh3502\/#primaryimage"},"thumbnailUrl":"https:\/\/www.lammi.fi\/harkko\/wp-content\/uploads\/sites\/3\/2018\/09\/Lammi_Harkko_EMH3502-1200x675_ainavahahiilinen.png","datePublished":"2018-09-11T08:20:52+00:00","dateModified":"2024-10-08T07:08:53+00:00","breadcrumb":{"@id":"https:\/\/www.lammi.fi\/harkko\/tuote\/emh3502\/#breadcrumb"},"inLanguage":"fi","potentialAction":[{"@type":"ReadAction","target":["https:\/\/www.lammi.fi\/harkko\/tuote\/emh3502\/"]}]},{"@type":"ImageObject","inLanguage":"fi","@id":"https:\/\/www.lammi.fi\/harkko\/tuote\/emh3502\/#primaryimage","url":"https:\/\/www.lammi.fi\/harkko\/wp-content\/uploads\/sites\/3\/2018\/09\/Lammi_Harkko_EMH3502-1200x675_ainavahahiilinen.png","contentUrl":"https:\/\/www.lammi.fi\/harkko\/wp-content\/uploads\/sites\/3\/2018\/09\/Lammi_Harkko_EMH3502-1200x675_ainavahahiilinen.png","width":1200,"height":675},{"@type":"BreadcrumbList","@id":"https:\/\/www.lammi.fi\/harkko\/tuote\/emh3502\/#breadcrumb","itemListElement":[{"@type":"ListItem","position":1,"name":"Lammi.fi","item":"https:\/\/www.lammi.fi"},{"@type":"ListItem","position":2,"name":"Lammi Harkko","item":"https:\/\/www.lammi.fi\/harkko\/"},{"@type":"ListItem","position":3,"name":"EMH3502"}]},{"@type":"WebSite","@id":"https:\/\/www.lammi.fi\/harkko\/#website","url":"https:\/\/www.lammi.fi\/harkko\/","name":"Lammi Harkko","description":"","publisher":{"@id":"https:\/\/www.lammi.fi\/harkko\/#organization"},"potentialAction":[{"@type":"SearchAction","target":{"@type":"EntryPoint","urlTemplate":"https:\/\/www.lammi.fi\/harkko\/?s={search_term_string}"},"query-input":{"@type":"PropertyValueSpecification","valueRequired":true,"valueName":"search_term_string"}}],"inLanguage":"fi"},{"@type":"Organization","@id":"https:\/\/www.lammi.fi\/harkko\/#organization","name":"Lammi Harkko","url":"https:\/\/www.lammi.fi\/harkko\/","logo":{"@type":"ImageObject","inLanguage":"fi","@id":"https:\/\/www.lammi.fi\/harkko\/#\/schema\/logo\/image\/","url":"https:\/\/www.lammi.fi\/harkko\/wp-content\/uploads\/sites\/3\/2018\/06\/cropped-lammi_logo.png","contentUrl":"https:\/\/www.lammi.fi\/harkko\/wp-content\/uploads\/sites\/3\/2018\/06\/cropped-lammi_logo.png","width":240,"height":122,"caption":"Lammi Harkko"},"image":{"@id":"https:\/\/www.lammi.fi\/harkko\/#\/schema\/logo\/image\/"}}]}},"_links":{"self":[{"href":"https:\/\/www.lammi.fi\/harkko\/wp-json\/wp\/v2\/product\/393","targetHints":{"allow":["GET"]}}],"collection":[{"href":"https:\/\/www.lammi.fi\/harkko\/wp-json\/wp\/v2\/product"}],"about":[{"href":"https:\/\/www.lammi.fi\/harkko\/wp-json\/wp\/v2\/types\/product"}],"replies":[{"embeddable":true,"href":"https:\/\/www.lammi.fi\/harkko\/wp-json\/wp\/v2\/comments?post=393"}],"wp:featuredmedia":[{"embeddable":true,"href":"https:\/\/www.lammi.fi\/harkko\/wp-json\/wp\/v2\/media\/4433"}],"wp:attachment":[{"href":"https:\/\/www.lammi.fi\/harkko\/wp-json\/wp\/v2\/media?parent=393"}],"wp:term":[{"taxonomy":"product_brand","embeddable":true,"href":"https:\/\/www.lammi.fi\/harkko\/wp-json\/wp\/v2\/product_brand?post=393"},{"taxonomy":"product_cat","embeddable":true,"href":"https:\/\/www.lammi.fi\/harkko\/wp-json\/wp\/v2\/product_cat?post=393"},{"taxonomy":"product_tag","embeddable":true,"href":"https:\/\/www.lammi.fi\/harkko\/wp-json\/wp\/v2\/product_tag?post=393"}],"curies":[{"name":"wp","href":"https:\/\/api.w.org\/{rel}","templated":true}]}}