{"id":392,"date":"2018-09-11T08:18:30","date_gmt":"2018-09-11T08:18:30","guid":{"rendered":"https:\/\/www.lammi.fi\/harkko\/?post_type=product&#038;p=392"},"modified":"2024-10-08T10:09:21","modified_gmt":"2024-10-08T07:09:21","slug":"emh350p","status":"publish","type":"product","link":"https:\/\/www.lammi.fi\/harkko\/tuote\/emh350p\/","title":{"rendered":"EMH350P"},"content":{"rendered":"<h1>P\u00e4\u00e4tykivi<\/h1>\n<p id=\"aui_3_4_0_1_1475\">Esikatkaistujen p\u00e4\u00e4tykivien avulla rakennuksen ovi- ja ikkuna-aukot on helppo toteuttaa. Ty\u00f6l\u00e4st\u00e4 valuonteloiden muotittamista ei tarvitse tehd\u00e4 p\u00e4\u00e4tyharkkoja k\u00e4ytett\u00e4ess\u00e4.<\/p>\n<p id=\"aui_3_4_0_1_1461\">P\u00e4\u00e4tykiven harkkokuoret on esikatkaistu 200\/400 mm suhteessa, jolloin limitys on helppo toteuttaa sahaamalla kiven eristeosa poikki.\u00a0Kive\u00e4 voidaan k\u00e4ytt\u00e4\u00e4 joko t\u00e4yspitk\u00e4n\u00e4 600 mm, tai katkaisemalla eristeosa poikki. T\u00e4ll\u00f6in saadaan 400 mm pitk\u00e4 p\u00e4\u00e4tyharkko. Ylij\u00e4\u00e4v\u00e4\u00e4 200 mm harkon osaa voidaan k\u00e4ytt\u00e4\u00e4 sein\u00e4ss\u00e4 normaaliin tapaan.<\/p>\n","protected":false},"excerpt":{"rendered":"<p>P\u00e4\u00e4tykivi Esikatkaistujen p\u00e4\u00e4tykivien avulla rakennuksen ovi- ja ikkuna-aukot on helppo toteuttaa. Ty\u00f6l\u00e4st\u00e4 valuonteloiden muotittamista ei tarvitse tehd\u00e4 p\u00e4\u00e4tyharkkoja k\u00e4ytett\u00e4ess\u00e4. P\u00e4\u00e4tykiven harkkokuoret on esikatkaistu 200\/400 mm suhteessa, jolloin limitys on helppo toteuttaa sahaamalla kiven eristeosa poikki.\u00a0Kive\u00e4 voidaan k\u00e4ytt\u00e4\u00e4 joko t\u00e4yspitk\u00e4n\u00e4 600 mm, tai katkaisemalla eristeosa poikki. T\u00e4ll\u00f6in saadaan 400 mm pitk\u00e4 p\u00e4\u00e4tyharkko. Ylij\u00e4\u00e4v\u00e4\u00e4 200 mm harkon &hellip; <a href=\"https:\/\/www.lammi.fi\/harkko\/tuote\/emh350p\/\" class=\"more-link\">Lue lis\u00e4\u00e4<span class=\"screen-reader-text\"> &#8221;EMH350P&#8221;<\/span><\/a><\/p>\n","protected":false},"featured_media":4435,"comment_status":"closed","ping_status":"closed","template":"","meta":{"_acf_changed":false,"_improvement_type_select":"improve_an_existing","_thumb_yes_seoaic":false,"_frame_yes_seoaic":false,"seoaic_generate_description":"","seoaic_improve_instructions_prompt":"","seoaic_rollback_content_improvement":"","seoaic_idea_thumbnail_generator":"","thumbnail_generated":false,"thumbnail_generate_prompt":"","seoaic_article_description":"","_glsr_average":0,"_glsr_ranking":0,"_glsr_reviews":0},"product_brand":[],"product_cat":[21],"product_tag":[],"class_list":{"0":"post-392","1":"product","2":"type-product","3":"status-publish","4":"has-post-thumbnail","6":"product_cat-uncategorized-fi-2","8":"first","9":"instock","10":"shipping-taxable","11":"product-type-simple"},"acf":[],"yoast_head":"<!-- This site is optimized with the Yoast SEO plugin v27.1.1 - https:\/\/yoast.com\/product\/yoast-seo-wordpress\/ -->\n<title>EMH350P - Lammi Harkko<\/title>\n<link rel=\"canonical\" href=\"https:\/\/www.lammi.fi\/harkko\/tuote\/emh350p\/\" \/>\n<meta property=\"og:locale\" content=\"fi_FI\" \/>\n<meta property=\"og:type\" content=\"article\" \/>\n<meta property=\"og:title\" content=\"EMH350P - Lammi Harkko\" \/>\n<meta property=\"og:description\" content=\"P\u00e4\u00e4tykivi Esikatkaistujen p\u00e4\u00e4tykivien avulla rakennuksen ovi- ja ikkuna-aukot on helppo toteuttaa. Ty\u00f6l\u00e4st\u00e4 valuonteloiden muotittamista ei tarvitse tehd\u00e4 p\u00e4\u00e4tyharkkoja k\u00e4ytett\u00e4ess\u00e4. P\u00e4\u00e4tykiven harkkokuoret on esikatkaistu 200\/400 mm suhteessa, jolloin limitys on helppo toteuttaa sahaamalla kiven eristeosa poikki.\u00a0Kive\u00e4 voidaan k\u00e4ytt\u00e4\u00e4 joko t\u00e4yspitk\u00e4n\u00e4 600 mm, tai katkaisemalla eristeosa poikki. T\u00e4ll\u00f6in saadaan 400 mm pitk\u00e4 p\u00e4\u00e4tyharkko. Ylij\u00e4\u00e4v\u00e4\u00e4 200 mm harkon &hellip; Lue lis\u00e4\u00e4 &quot;EMH350P&quot;\" \/>\n<meta property=\"og:url\" content=\"https:\/\/www.lammi.fi\/harkko\/tuote\/emh350p\/\" \/>\n<meta property=\"og:site_name\" content=\"Lammi Harkko\" \/>\n<meta property=\"article:modified_time\" content=\"2024-10-08T07:09:21+00:00\" \/>\n<meta property=\"og:image\" content=\"https:\/\/www.lammi.fi\/harkko\/wp-content\/uploads\/sites\/3\/2018\/09\/Lammi_Harkko_EMH350P-1200x675_ainavahahiilinen.png\" \/>\n\t<meta property=\"og:image:width\" content=\"1200\" \/>\n\t<meta property=\"og:image:height\" content=\"675\" \/>\n\t<meta property=\"og:image:type\" content=\"image\/png\" \/>\n<meta name=\"twitter:card\" content=\"summary_large_image\" \/>\n<meta name=\"twitter:label1\" content=\"Arvioitu lukuaika\" \/>\n\t<meta name=\"twitter:data1\" content=\"1 minuutti\" \/>\n<script type=\"application\/ld+json\" class=\"yoast-schema-graph\">{\"@context\":\"https:\/\/schema.org\",\"@graph\":[{\"@type\":\"WebPage\",\"@id\":\"https:\/\/www.lammi.fi\/harkko\/tuote\/emh350p\/\",\"url\":\"https:\/\/www.lammi.fi\/harkko\/tuote\/emh350p\/\",\"name\":\"EMH350P - Lammi Harkko\",\"isPartOf\":{\"@id\":\"https:\/\/www.lammi.fi\/harkko\/#website\"},\"primaryImageOfPage\":{\"@id\":\"https:\/\/www.lammi.fi\/harkko\/tuote\/emh350p\/#primaryimage\"},\"image\":{\"@id\":\"https:\/\/www.lammi.fi\/harkko\/tuote\/emh350p\/#primaryimage\"},\"thumbnailUrl\":\"https:\/\/www.lammi.fi\/harkko\/wp-content\/uploads\/sites\/3\/2018\/09\/Lammi_Harkko_EMH350P-1200x675_ainavahahiilinen.png\",\"datePublished\":\"2018-09-11T08:18:30+00:00\",\"dateModified\":\"2024-10-08T07:09:21+00:00\",\"breadcrumb\":{\"@id\":\"https:\/\/www.lammi.fi\/harkko\/tuote\/emh350p\/#breadcrumb\"},\"inLanguage\":\"fi\",\"potentialAction\":[{\"@type\":\"ReadAction\",\"target\":[\"https:\/\/www.lammi.fi\/harkko\/tuote\/emh350p\/\"]}]},{\"@type\":\"ImageObject\",\"inLanguage\":\"fi\",\"@id\":\"https:\/\/www.lammi.fi\/harkko\/tuote\/emh350p\/#primaryimage\",\"url\":\"https:\/\/www.lammi.fi\/harkko\/wp-content\/uploads\/sites\/3\/2018\/09\/Lammi_Harkko_EMH350P-1200x675_ainavahahiilinen.png\",\"contentUrl\":\"https:\/\/www.lammi.fi\/harkko\/wp-content\/uploads\/sites\/3\/2018\/09\/Lammi_Harkko_EMH350P-1200x675_ainavahahiilinen.png\",\"width\":1200,\"height\":675},{\"@type\":\"BreadcrumbList\",\"@id\":\"https:\/\/www.lammi.fi\/harkko\/tuote\/emh350p\/#breadcrumb\",\"itemListElement\":[{\"@type\":\"ListItem\",\"position\":1,\"name\":\"Lammi.fi\",\"item\":\"https:\/\/www.lammi.fi\"},{\"@type\":\"ListItem\",\"position\":2,\"name\":\"Lammi Harkko\",\"item\":\"https:\/\/www.lammi.fi\/harkko\/\"},{\"@type\":\"ListItem\",\"position\":3,\"name\":\"EMH350P\"}]},{\"@type\":\"WebSite\",\"@id\":\"https:\/\/www.lammi.fi\/harkko\/#website\",\"url\":\"https:\/\/www.lammi.fi\/harkko\/\",\"name\":\"Lammi Harkko\",\"description\":\"\",\"publisher\":{\"@id\":\"https:\/\/www.lammi.fi\/harkko\/#organization\"},\"potentialAction\":[{\"@type\":\"SearchAction\",\"target\":{\"@type\":\"EntryPoint\",\"urlTemplate\":\"https:\/\/www.lammi.fi\/harkko\/?s={search_term_string}\"},\"query-input\":{\"@type\":\"PropertyValueSpecification\",\"valueRequired\":true,\"valueName\":\"search_term_string\"}}],\"inLanguage\":\"fi\"},{\"@type\":\"Organization\",\"@id\":\"https:\/\/www.lammi.fi\/harkko\/#organization\",\"name\":\"Lammi Harkko\",\"url\":\"https:\/\/www.lammi.fi\/harkko\/\",\"logo\":{\"@type\":\"ImageObject\",\"inLanguage\":\"fi\",\"@id\":\"https:\/\/www.lammi.fi\/harkko\/#\/schema\/logo\/image\/\",\"url\":\"https:\/\/www.lammi.fi\/harkko\/wp-content\/uploads\/sites\/3\/2018\/06\/cropped-lammi_logo.png\",\"contentUrl\":\"https:\/\/www.lammi.fi\/harkko\/wp-content\/uploads\/sites\/3\/2018\/06\/cropped-lammi_logo.png\",\"width\":240,\"height\":122,\"caption\":\"Lammi Harkko\"},\"image\":{\"@id\":\"https:\/\/www.lammi.fi\/harkko\/#\/schema\/logo\/image\/\"}}]}<\/script>\n<!-- \/ Yoast SEO plugin. -->","yoast_head_json":{"title":"EMH350P - Lammi Harkko","canonical":"https:\/\/www.lammi.fi\/harkko\/tuote\/emh350p\/","og_locale":"fi_FI","og_type":"article","og_title":"EMH350P - Lammi Harkko","og_description":"P\u00e4\u00e4tykivi Esikatkaistujen p\u00e4\u00e4tykivien avulla rakennuksen ovi- ja ikkuna-aukot on helppo toteuttaa. Ty\u00f6l\u00e4st\u00e4 valuonteloiden muotittamista ei tarvitse tehd\u00e4 p\u00e4\u00e4tyharkkoja k\u00e4ytett\u00e4ess\u00e4. P\u00e4\u00e4tykiven harkkokuoret on esikatkaistu 200\/400 mm suhteessa, jolloin limitys on helppo toteuttaa sahaamalla kiven eristeosa poikki.\u00a0Kive\u00e4 voidaan k\u00e4ytt\u00e4\u00e4 joko t\u00e4yspitk\u00e4n\u00e4 600 mm, tai katkaisemalla eristeosa poikki. T\u00e4ll\u00f6in saadaan 400 mm pitk\u00e4 p\u00e4\u00e4tyharkko. Ylij\u00e4\u00e4v\u00e4\u00e4 200 mm harkon &hellip; Lue lis\u00e4\u00e4 \"EMH350P\"","og_url":"https:\/\/www.lammi.fi\/harkko\/tuote\/emh350p\/","og_site_name":"Lammi Harkko","article_modified_time":"2024-10-08T07:09:21+00:00","og_image":[{"width":1200,"height":675,"url":"https:\/\/www.lammi.fi\/harkko\/wp-content\/uploads\/sites\/3\/2018\/09\/Lammi_Harkko_EMH350P-1200x675_ainavahahiilinen.png","type":"image\/png"}],"twitter_card":"summary_large_image","twitter_misc":{"Arvioitu lukuaika":"1 minuutti"},"schema":{"@context":"https:\/\/schema.org","@graph":[{"@type":"WebPage","@id":"https:\/\/www.lammi.fi\/harkko\/tuote\/emh350p\/","url":"https:\/\/www.lammi.fi\/harkko\/tuote\/emh350p\/","name":"EMH350P - Lammi Harkko","isPartOf":{"@id":"https:\/\/www.lammi.fi\/harkko\/#website"},"primaryImageOfPage":{"@id":"https:\/\/www.lammi.fi\/harkko\/tuote\/emh350p\/#primaryimage"},"image":{"@id":"https:\/\/www.lammi.fi\/harkko\/tuote\/emh350p\/#primaryimage"},"thumbnailUrl":"https:\/\/www.lammi.fi\/harkko\/wp-content\/uploads\/sites\/3\/2018\/09\/Lammi_Harkko_EMH350P-1200x675_ainavahahiilinen.png","datePublished":"2018-09-11T08:18:30+00:00","dateModified":"2024-10-08T07:09:21+00:00","breadcrumb":{"@id":"https:\/\/www.lammi.fi\/harkko\/tuote\/emh350p\/#breadcrumb"},"inLanguage":"fi","potentialAction":[{"@type":"ReadAction","target":["https:\/\/www.lammi.fi\/harkko\/tuote\/emh350p\/"]}]},{"@type":"ImageObject","inLanguage":"fi","@id":"https:\/\/www.lammi.fi\/harkko\/tuote\/emh350p\/#primaryimage","url":"https:\/\/www.lammi.fi\/harkko\/wp-content\/uploads\/sites\/3\/2018\/09\/Lammi_Harkko_EMH350P-1200x675_ainavahahiilinen.png","contentUrl":"https:\/\/www.lammi.fi\/harkko\/wp-content\/uploads\/sites\/3\/2018\/09\/Lammi_Harkko_EMH350P-1200x675_ainavahahiilinen.png","width":1200,"height":675},{"@type":"BreadcrumbList","@id":"https:\/\/www.lammi.fi\/harkko\/tuote\/emh350p\/#breadcrumb","itemListElement":[{"@type":"ListItem","position":1,"name":"Lammi.fi","item":"https:\/\/www.lammi.fi"},{"@type":"ListItem","position":2,"name":"Lammi Harkko","item":"https:\/\/www.lammi.fi\/harkko\/"},{"@type":"ListItem","position":3,"name":"EMH350P"}]},{"@type":"WebSite","@id":"https:\/\/www.lammi.fi\/harkko\/#website","url":"https:\/\/www.lammi.fi\/harkko\/","name":"Lammi Harkko","description":"","publisher":{"@id":"https:\/\/www.lammi.fi\/harkko\/#organization"},"potentialAction":[{"@type":"SearchAction","target":{"@type":"EntryPoint","urlTemplate":"https:\/\/www.lammi.fi\/harkko\/?s={search_term_string}"},"query-input":{"@type":"PropertyValueSpecification","valueRequired":true,"valueName":"search_term_string"}}],"inLanguage":"fi"},{"@type":"Organization","@id":"https:\/\/www.lammi.fi\/harkko\/#organization","name":"Lammi Harkko","url":"https:\/\/www.lammi.fi\/harkko\/","logo":{"@type":"ImageObject","inLanguage":"fi","@id":"https:\/\/www.lammi.fi\/harkko\/#\/schema\/logo\/image\/","url":"https:\/\/www.lammi.fi\/harkko\/wp-content\/uploads\/sites\/3\/2018\/06\/cropped-lammi_logo.png","contentUrl":"https:\/\/www.lammi.fi\/harkko\/wp-content\/uploads\/sites\/3\/2018\/06\/cropped-lammi_logo.png","width":240,"height":122,"caption":"Lammi Harkko"},"image":{"@id":"https:\/\/www.lammi.fi\/harkko\/#\/schema\/logo\/image\/"}}]}},"_links":{"self":[{"href":"https:\/\/www.lammi.fi\/harkko\/wp-json\/wp\/v2\/product\/392","targetHints":{"allow":["GET"]}}],"collection":[{"href":"https:\/\/www.lammi.fi\/harkko\/wp-json\/wp\/v2\/product"}],"about":[{"href":"https:\/\/www.lammi.fi\/harkko\/wp-json\/wp\/v2\/types\/product"}],"replies":[{"embeddable":true,"href":"https:\/\/www.lammi.fi\/harkko\/wp-json\/wp\/v2\/comments?post=392"}],"wp:featuredmedia":[{"embeddable":true,"href":"https:\/\/www.lammi.fi\/harkko\/wp-json\/wp\/v2\/media\/4435"}],"wp:attachment":[{"href":"https:\/\/www.lammi.fi\/harkko\/wp-json\/wp\/v2\/media?parent=392"}],"wp:term":[{"taxonomy":"product_brand","embeddable":true,"href":"https:\/\/www.lammi.fi\/harkko\/wp-json\/wp\/v2\/product_brand?post=392"},{"taxonomy":"product_cat","embeddable":true,"href":"https:\/\/www.lammi.fi\/harkko\/wp-json\/wp\/v2\/product_cat?post=392"},{"taxonomy":"product_tag","embeddable":true,"href":"https:\/\/www.lammi.fi\/harkko\/wp-json\/wp\/v2\/product_tag?post=392"}],"curies":[{"name":"wp","href":"https:\/\/api.w.org\/{rel}","templated":true}]}}