{"id":381,"date":"2018-09-11T07:49:22","date_gmt":"2018-09-11T07:49:22","guid":{"rendered":"https:\/\/www.lammi.fi\/harkko\/?post_type=product&#038;p=381"},"modified":"2025-06-26T09:15:48","modified_gmt":"2025-06-26T06:15:48","slug":"halkaistu","status":"publish","type":"product","link":"https:\/\/www.lammi.fi\/harkko\/tuote\/halkaistu\/","title":{"rendered":"HALKAISTU"},"content":{"rendered":"<h1>Halkaistu kivi<\/h1>\n<p>Halkaistua kive\u00e4 k\u00e4ytet\u00e4\u00e4n osana sein\u00e4rakennetta v\u00e4lipohjissa, tuulettuvissa alapohjissa ja usein my\u00f6s yl\u00e4pohjissa. Sen avulla liittyv\u00e4t rakenteet, kuten ontelolaatasto on helppo toteuttaa. Halkaistu kivi asennetaan osaksi sein\u00e4n ulkokuorta. Vastaavaan kohtaan asennetaan ontelolaatat valetun sis\u00e4kuoren p\u00e4\u00e4lle. T\u00e4m\u00e4n j\u00e4lkeen asennetaan mahdollinen lis\u00e4eristys, sek\u00e4 laatastoon kuuluvat sauma- ja rengaster\u00e4kset. Rakenne itsess\u00e4\u00e4n toimii t\u00e4ll\u00f6in saumausvalun muottina.<\/p>\n<p>175 mm leve\u00e4\u00e4 tuotetta voidaan k\u00e4ytt\u00e4\u00e4 kaikkien l\u00e4mp\u00f6kivisein\u00e4tyyppien kanssa. Leve\u00e4mmiss\u00e4 seiniss\u00e4 (LL400 ja LL500) asennetaan lis\u00e4eristys ennen saumavalua kiven eristeen ja saumavalun v\u00e4liin. Lis\u00e4eristeen paksuus m\u00e4\u00e4r\u00e4ytyy rakennesuunnitelman ja rakennetyypin mukaisesti.<\/p>\n","protected":false},"excerpt":{"rendered":"<p>Halkaistu kivi Halkaistua kive\u00e4 k\u00e4ytet\u00e4\u00e4n osana sein\u00e4rakennetta v\u00e4lipohjissa, tuulettuvissa alapohjissa ja usein my\u00f6s yl\u00e4pohjissa. Sen avulla liittyv\u00e4t rakenteet, kuten ontelolaatasto on helppo toteuttaa. Halkaistu kivi asennetaan osaksi sein\u00e4n ulkokuorta. Vastaavaan kohtaan asennetaan ontelolaatat valetun sis\u00e4kuoren p\u00e4\u00e4lle. T\u00e4m\u00e4n j\u00e4lkeen asennetaan mahdollinen lis\u00e4eristys, sek\u00e4 laatastoon kuuluvat sauma- ja rengaster\u00e4kset. Rakenne itsess\u00e4\u00e4n toimii t\u00e4ll\u00f6in saumausvalun muottina. 175 mm &hellip; <a href=\"https:\/\/www.lammi.fi\/harkko\/tuote\/halkaistu\/\" class=\"more-link\">Lue lis\u00e4\u00e4<span class=\"screen-reader-text\"> &#8221;HALKAISTU&#8221;<\/span><\/a><\/p>\n","protected":false},"featured_media":4441,"comment_status":"closed","ping_status":"closed","template":"","meta":{"_acf_changed":false,"_improvement_type_select":"improve_an_existing","_thumb_yes_seoaic":false,"_frame_yes_seoaic":false,"seoaic_generate_description":"","seoaic_improve_instructions_prompt":"","seoaic_rollback_content_improvement":"","seoaic_idea_thumbnail_generator":"","thumbnail_generated":false,"thumbnail_generate_prompt":"","seoaic_article_description":"","_glsr_average":0,"_glsr_ranking":0,"_glsr_reviews":0},"product_brand":[],"product_cat":[21],"product_tag":[],"class_list":{"0":"post-381","1":"product","2":"type-product","3":"status-publish","4":"has-post-thumbnail","6":"product_cat-uncategorized-fi-2","8":"first","9":"instock","10":"shipping-taxable","11":"product-type-simple"},"acf":[],"yoast_head":"<!-- This site is optimized with the Yoast SEO plugin v27.1.1 - https:\/\/yoast.com\/product\/yoast-seo-wordpress\/ -->\n<title>HALKAISTU - Lammi Harkko<\/title>\n<meta name=\"description\" content=\"Halkaistua kive\u00e4 k\u00e4ytet\u00e4\u00e4n osana sein\u00e4rakennetta v\u00e4lipohjissa, tuulettuvissa alapohjissa ja usein my\u00f6s yl\u00e4pohjissa. Tutustu Halkaistu kivi sivuillamme.\" \/>\n<link rel=\"canonical\" href=\"https:\/\/www.lammi.fi\/harkko\/tuote\/halkaistu\/\" \/>\n<meta property=\"og:locale\" content=\"fi_FI\" \/>\n<meta property=\"og:type\" content=\"article\" \/>\n<meta property=\"og:title\" content=\"HALKAISTU - Lammi Harkko\" \/>\n<meta property=\"og:description\" content=\"Halkaistua kive\u00e4 k\u00e4ytet\u00e4\u00e4n osana sein\u00e4rakennetta v\u00e4lipohjissa, tuulettuvissa alapohjissa ja usein my\u00f6s yl\u00e4pohjissa. Tutustu Halkaistu kivi sivuillamme.\" \/>\n<meta property=\"og:url\" content=\"https:\/\/www.lammi.fi\/harkko\/tuote\/halkaistu\/\" \/>\n<meta property=\"og:site_name\" content=\"Lammi Harkko\" \/>\n<meta property=\"article:modified_time\" content=\"2025-06-26T06:15:48+00:00\" \/>\n<meta property=\"og:image\" content=\"https:\/\/www.lammi.fi\/harkko\/wp-content\/uploads\/sites\/3\/2018\/09\/Lammi_Harkko_halkaistu-1200x675_ainavahahiilinen.png\" \/>\n\t<meta property=\"og:image:width\" content=\"1200\" \/>\n\t<meta property=\"og:image:height\" content=\"675\" \/>\n\t<meta property=\"og:image:type\" content=\"image\/png\" \/>\n<meta name=\"twitter:card\" content=\"summary_large_image\" \/>\n<meta name=\"twitter:label1\" content=\"Arvioitu lukuaika\" \/>\n\t<meta name=\"twitter:data1\" content=\"1 minuutti\" \/>\n<script type=\"application\/ld+json\" class=\"yoast-schema-graph\">{\"@context\":\"https:\/\/schema.org\",\"@graph\":[{\"@type\":\"WebPage\",\"@id\":\"https:\/\/www.lammi.fi\/harkko\/tuote\/halkaistu\/\",\"url\":\"https:\/\/www.lammi.fi\/harkko\/tuote\/halkaistu\/\",\"name\":\"HALKAISTU - Lammi Harkko\",\"isPartOf\":{\"@id\":\"https:\/\/www.lammi.fi\/harkko\/#website\"},\"primaryImageOfPage\":{\"@id\":\"https:\/\/www.lammi.fi\/harkko\/tuote\/halkaistu\/#primaryimage\"},\"image\":{\"@id\":\"https:\/\/www.lammi.fi\/harkko\/tuote\/halkaistu\/#primaryimage\"},\"thumbnailUrl\":\"https:\/\/www.lammi.fi\/harkko\/wp-content\/uploads\/sites\/3\/2018\/09\/Lammi_Harkko_halkaistu-1200x675_ainavahahiilinen.png\",\"datePublished\":\"2018-09-11T07:49:22+00:00\",\"dateModified\":\"2025-06-26T06:15:48+00:00\",\"description\":\"Halkaistua kive\u00e4 k\u00e4ytet\u00e4\u00e4n osana sein\u00e4rakennetta v\u00e4lipohjissa, tuulettuvissa alapohjissa ja usein my\u00f6s yl\u00e4pohjissa. Tutustu Halkaistu kivi sivuillamme.\",\"breadcrumb\":{\"@id\":\"https:\/\/www.lammi.fi\/harkko\/tuote\/halkaistu\/#breadcrumb\"},\"inLanguage\":\"fi\",\"potentialAction\":[{\"@type\":\"ReadAction\",\"target\":[\"https:\/\/www.lammi.fi\/harkko\/tuote\/halkaistu\/\"]}]},{\"@type\":\"ImageObject\",\"inLanguage\":\"fi\",\"@id\":\"https:\/\/www.lammi.fi\/harkko\/tuote\/halkaistu\/#primaryimage\",\"url\":\"https:\/\/www.lammi.fi\/harkko\/wp-content\/uploads\/sites\/3\/2018\/09\/Lammi_Harkko_halkaistu-1200x675_ainavahahiilinen.png\",\"contentUrl\":\"https:\/\/www.lammi.fi\/harkko\/wp-content\/uploads\/sites\/3\/2018\/09\/Lammi_Harkko_halkaistu-1200x675_ainavahahiilinen.png\",\"width\":1200,\"height\":675},{\"@type\":\"BreadcrumbList\",\"@id\":\"https:\/\/www.lammi.fi\/harkko\/tuote\/halkaistu\/#breadcrumb\",\"itemListElement\":[{\"@type\":\"ListItem\",\"position\":1,\"name\":\"Lammi.fi\",\"item\":\"https:\/\/www.lammi.fi\"},{\"@type\":\"ListItem\",\"position\":2,\"name\":\"Lammi Harkko\",\"item\":\"https:\/\/www.lammi.fi\/harkko\/\"},{\"@type\":\"ListItem\",\"position\":3,\"name\":\"HALKAISTU\"}]},{\"@type\":\"WebSite\",\"@id\":\"https:\/\/www.lammi.fi\/harkko\/#website\",\"url\":\"https:\/\/www.lammi.fi\/harkko\/\",\"name\":\"Lammi Harkko\",\"description\":\"\",\"publisher\":{\"@id\":\"https:\/\/www.lammi.fi\/harkko\/#organization\"},\"potentialAction\":[{\"@type\":\"SearchAction\",\"target\":{\"@type\":\"EntryPoint\",\"urlTemplate\":\"https:\/\/www.lammi.fi\/harkko\/?s={search_term_string}\"},\"query-input\":{\"@type\":\"PropertyValueSpecification\",\"valueRequired\":true,\"valueName\":\"search_term_string\"}}],\"inLanguage\":\"fi\"},{\"@type\":\"Organization\",\"@id\":\"https:\/\/www.lammi.fi\/harkko\/#organization\",\"name\":\"Lammi Harkko\",\"url\":\"https:\/\/www.lammi.fi\/harkko\/\",\"logo\":{\"@type\":\"ImageObject\",\"inLanguage\":\"fi\",\"@id\":\"https:\/\/www.lammi.fi\/harkko\/#\/schema\/logo\/image\/\",\"url\":\"https:\/\/www.lammi.fi\/harkko\/wp-content\/uploads\/sites\/3\/2018\/06\/cropped-lammi_logo.png\",\"contentUrl\":\"https:\/\/www.lammi.fi\/harkko\/wp-content\/uploads\/sites\/3\/2018\/06\/cropped-lammi_logo.png\",\"width\":240,\"height\":122,\"caption\":\"Lammi Harkko\"},\"image\":{\"@id\":\"https:\/\/www.lammi.fi\/harkko\/#\/schema\/logo\/image\/\"}}]}<\/script>\n<!-- \/ Yoast SEO plugin. -->","yoast_head_json":{"title":"HALKAISTU - Lammi Harkko","description":"Halkaistua kive\u00e4 k\u00e4ytet\u00e4\u00e4n osana sein\u00e4rakennetta v\u00e4lipohjissa, tuulettuvissa alapohjissa ja usein my\u00f6s yl\u00e4pohjissa. Tutustu Halkaistu kivi sivuillamme.","canonical":"https:\/\/www.lammi.fi\/harkko\/tuote\/halkaistu\/","og_locale":"fi_FI","og_type":"article","og_title":"HALKAISTU - Lammi Harkko","og_description":"Halkaistua kive\u00e4 k\u00e4ytet\u00e4\u00e4n osana sein\u00e4rakennetta v\u00e4lipohjissa, tuulettuvissa alapohjissa ja usein my\u00f6s yl\u00e4pohjissa. Tutustu Halkaistu kivi sivuillamme.","og_url":"https:\/\/www.lammi.fi\/harkko\/tuote\/halkaistu\/","og_site_name":"Lammi Harkko","article_modified_time":"2025-06-26T06:15:48+00:00","og_image":[{"width":1200,"height":675,"url":"https:\/\/www.lammi.fi\/harkko\/wp-content\/uploads\/sites\/3\/2018\/09\/Lammi_Harkko_halkaistu-1200x675_ainavahahiilinen.png","type":"image\/png"}],"twitter_card":"summary_large_image","twitter_misc":{"Arvioitu lukuaika":"1 minuutti"},"schema":{"@context":"https:\/\/schema.org","@graph":[{"@type":"WebPage","@id":"https:\/\/www.lammi.fi\/harkko\/tuote\/halkaistu\/","url":"https:\/\/www.lammi.fi\/harkko\/tuote\/halkaistu\/","name":"HALKAISTU - Lammi Harkko","isPartOf":{"@id":"https:\/\/www.lammi.fi\/harkko\/#website"},"primaryImageOfPage":{"@id":"https:\/\/www.lammi.fi\/harkko\/tuote\/halkaistu\/#primaryimage"},"image":{"@id":"https:\/\/www.lammi.fi\/harkko\/tuote\/halkaistu\/#primaryimage"},"thumbnailUrl":"https:\/\/www.lammi.fi\/harkko\/wp-content\/uploads\/sites\/3\/2018\/09\/Lammi_Harkko_halkaistu-1200x675_ainavahahiilinen.png","datePublished":"2018-09-11T07:49:22+00:00","dateModified":"2025-06-26T06:15:48+00:00","description":"Halkaistua kive\u00e4 k\u00e4ytet\u00e4\u00e4n osana sein\u00e4rakennetta v\u00e4lipohjissa, tuulettuvissa alapohjissa ja usein my\u00f6s yl\u00e4pohjissa. Tutustu Halkaistu kivi sivuillamme.","breadcrumb":{"@id":"https:\/\/www.lammi.fi\/harkko\/tuote\/halkaistu\/#breadcrumb"},"inLanguage":"fi","potentialAction":[{"@type":"ReadAction","target":["https:\/\/www.lammi.fi\/harkko\/tuote\/halkaistu\/"]}]},{"@type":"ImageObject","inLanguage":"fi","@id":"https:\/\/www.lammi.fi\/harkko\/tuote\/halkaistu\/#primaryimage","url":"https:\/\/www.lammi.fi\/harkko\/wp-content\/uploads\/sites\/3\/2018\/09\/Lammi_Harkko_halkaistu-1200x675_ainavahahiilinen.png","contentUrl":"https:\/\/www.lammi.fi\/harkko\/wp-content\/uploads\/sites\/3\/2018\/09\/Lammi_Harkko_halkaistu-1200x675_ainavahahiilinen.png","width":1200,"height":675},{"@type":"BreadcrumbList","@id":"https:\/\/www.lammi.fi\/harkko\/tuote\/halkaistu\/#breadcrumb","itemListElement":[{"@type":"ListItem","position":1,"name":"Lammi.fi","item":"https:\/\/www.lammi.fi"},{"@type":"ListItem","position":2,"name":"Lammi Harkko","item":"https:\/\/www.lammi.fi\/harkko\/"},{"@type":"ListItem","position":3,"name":"HALKAISTU"}]},{"@type":"WebSite","@id":"https:\/\/www.lammi.fi\/harkko\/#website","url":"https:\/\/www.lammi.fi\/harkko\/","name":"Lammi Harkko","description":"","publisher":{"@id":"https:\/\/www.lammi.fi\/harkko\/#organization"},"potentialAction":[{"@type":"SearchAction","target":{"@type":"EntryPoint","urlTemplate":"https:\/\/www.lammi.fi\/harkko\/?s={search_term_string}"},"query-input":{"@type":"PropertyValueSpecification","valueRequired":true,"valueName":"search_term_string"}}],"inLanguage":"fi"},{"@type":"Organization","@id":"https:\/\/www.lammi.fi\/harkko\/#organization","name":"Lammi Harkko","url":"https:\/\/www.lammi.fi\/harkko\/","logo":{"@type":"ImageObject","inLanguage":"fi","@id":"https:\/\/www.lammi.fi\/harkko\/#\/schema\/logo\/image\/","url":"https:\/\/www.lammi.fi\/harkko\/wp-content\/uploads\/sites\/3\/2018\/06\/cropped-lammi_logo.png","contentUrl":"https:\/\/www.lammi.fi\/harkko\/wp-content\/uploads\/sites\/3\/2018\/06\/cropped-lammi_logo.png","width":240,"height":122,"caption":"Lammi Harkko"},"image":{"@id":"https:\/\/www.lammi.fi\/harkko\/#\/schema\/logo\/image\/"}}]}},"_links":{"self":[{"href":"https:\/\/www.lammi.fi\/harkko\/wp-json\/wp\/v2\/product\/381","targetHints":{"allow":["GET"]}}],"collection":[{"href":"https:\/\/www.lammi.fi\/harkko\/wp-json\/wp\/v2\/product"}],"about":[{"href":"https:\/\/www.lammi.fi\/harkko\/wp-json\/wp\/v2\/types\/product"}],"replies":[{"embeddable":true,"href":"https:\/\/www.lammi.fi\/harkko\/wp-json\/wp\/v2\/comments?post=381"}],"wp:featuredmedia":[{"embeddable":true,"href":"https:\/\/www.lammi.fi\/harkko\/wp-json\/wp\/v2\/media\/4441"}],"wp:attachment":[{"href":"https:\/\/www.lammi.fi\/harkko\/wp-json\/wp\/v2\/media?parent=381"}],"wp:term":[{"taxonomy":"product_brand","embeddable":true,"href":"https:\/\/www.lammi.fi\/harkko\/wp-json\/wp\/v2\/product_brand?post=381"},{"taxonomy":"product_cat","embeddable":true,"href":"https:\/\/www.lammi.fi\/harkko\/wp-json\/wp\/v2\/product_cat?post=381"},{"taxonomy":"product_tag","embeddable":true,"href":"https:\/\/www.lammi.fi\/harkko\/wp-json\/wp\/v2\/product_tag?post=381"}],"curies":[{"name":"wp","href":"https:\/\/api.w.org\/{rel}","templated":true}]}}