{"id":377,"date":"2018-09-11T07:36:45","date_gmt":"2018-09-11T07:36:45","guid":{"rendered":"https:\/\/www.lammi.fi\/harkko\/?post_type=product&#038;p=377"},"modified":"2024-10-08T10:23:56","modified_gmt":"2024-10-08T07:23:56","slug":"ll500k","status":"publish","type":"product","link":"https:\/\/www.lammi.fi\/harkko\/tuote\/ll500k\/","title":{"rendered":"LL500K"},"content":{"rendered":"<h1>Kulmakivi<\/h1>\n<p>Rakennuksen kulmilla on iso merkitys l\u00e4mm\u00f6npit\u00e4vyyteen. LL500 -tuoteperheen kulmakivill\u00e4 varmistetaan yhten\u00e4inen l\u00e4mm\u00f6neriste koko rakennuksen kulman osalta. Kiven rakenne on suunniteltu siten, ett\u00e4 rakenneter\u00e4kset pystyt\u00e4\u00e4n helposti asentamaan sek\u00e4 sis\u00e4- ett\u00e4 ulkokuoreen ja ett\u00e4 kulman betonointi on helppo toteuttaa.<\/p>\n<p>Koska kulmakivet ovat symmetrisi\u00e4, 500 x 500 x 200 mm kokoisia ja p\u00e4\u00e4llekk\u00e4in ladottavia, on niiden avulla mahdollista toteuttaa my\u00f6s suoraan rakennuksen sis\u00e4kulmasta l\u00e4htev\u00e4t ikkunat. T\u00e4m\u00e4 lis\u00e4\u00e4 suunnittelun vapautta.<\/p>\n","protected":false},"excerpt":{"rendered":"<p>Kulmakivi Rakennuksen kulmilla on iso merkitys l\u00e4mm\u00f6npit\u00e4vyyteen. LL500 -tuoteperheen kulmakivill\u00e4 varmistetaan yhten\u00e4inen l\u00e4mm\u00f6neriste koko rakennuksen kulman osalta. Kiven rakenne on suunniteltu siten, ett\u00e4 rakenneter\u00e4kset pystyt\u00e4\u00e4n helposti asentamaan sek\u00e4 sis\u00e4- ett\u00e4 ulkokuoreen ja ett\u00e4 kulman betonointi on helppo toteuttaa. Koska kulmakivet ovat symmetrisi\u00e4, 500 x 500 x 200 mm kokoisia ja p\u00e4\u00e4llekk\u00e4in ladottavia, on niiden avulla &hellip; <a href=\"https:\/\/www.lammi.fi\/harkko\/tuote\/ll500k\/\" class=\"more-link\">Lue lis\u00e4\u00e4<span class=\"screen-reader-text\"> &#8221;LL500K&#8221;<\/span><\/a><\/p>\n","protected":false},"featured_media":4469,"comment_status":"closed","ping_status":"closed","template":"","meta":{"_acf_changed":false,"_improvement_type_select":"improve_an_existing","_thumb_yes_seoaic":false,"_frame_yes_seoaic":false,"seoaic_generate_description":"","seoaic_improve_instructions_prompt":"","seoaic_rollback_content_improvement":"","seoaic_idea_thumbnail_generator":"","thumbnail_generated":false,"thumbnail_generate_prompt":"","seoaic_article_description":"","_glsr_average":0,"_glsr_ranking":0,"_glsr_reviews":0},"product_brand":[],"product_cat":[21],"product_tag":[],"class_list":{"0":"post-377","1":"product","2":"type-product","3":"status-publish","4":"has-post-thumbnail","6":"product_cat-uncategorized-fi-2","8":"first","9":"instock","10":"shipping-taxable","11":"product-type-simple"},"acf":[],"yoast_head":"<!-- This site is optimized with the Yoast SEO plugin v27.1.1 - https:\/\/yoast.com\/product\/yoast-seo-wordpress\/ -->\n<title>LL500K - Lammi Harkko<\/title>\n<link rel=\"canonical\" href=\"https:\/\/www.lammi.fi\/harkko\/tuote\/ll500k\/\" \/>\n<meta property=\"og:locale\" content=\"fi_FI\" \/>\n<meta property=\"og:type\" content=\"article\" \/>\n<meta property=\"og:title\" content=\"LL500K - Lammi Harkko\" \/>\n<meta property=\"og:description\" content=\"Kulmakivi Rakennuksen kulmilla on iso merkitys l\u00e4mm\u00f6npit\u00e4vyyteen. LL500 -tuoteperheen kulmakivill\u00e4 varmistetaan yhten\u00e4inen l\u00e4mm\u00f6neriste koko rakennuksen kulman osalta. Kiven rakenne on suunniteltu siten, ett\u00e4 rakenneter\u00e4kset pystyt\u00e4\u00e4n helposti asentamaan sek\u00e4 sis\u00e4- ett\u00e4 ulkokuoreen ja ett\u00e4 kulman betonointi on helppo toteuttaa. Koska kulmakivet ovat symmetrisi\u00e4, 500 x 500 x 200 mm kokoisia ja p\u00e4\u00e4llekk\u00e4in ladottavia, on niiden avulla &hellip; Lue lis\u00e4\u00e4 &quot;LL500K&quot;\" \/>\n<meta property=\"og:url\" content=\"https:\/\/www.lammi.fi\/harkko\/tuote\/ll500k\/\" \/>\n<meta property=\"og:site_name\" content=\"Lammi Harkko\" \/>\n<meta property=\"article:modified_time\" content=\"2024-10-08T07:23:56+00:00\" \/>\n<meta property=\"og:image\" content=\"https:\/\/www.lammi.fi\/harkko\/wp-content\/uploads\/sites\/3\/2018\/09\/Lammi_Harkko_LL500K-1200x675_ainavahahiilinen.png\" \/>\n\t<meta property=\"og:image:width\" content=\"1200\" \/>\n\t<meta property=\"og:image:height\" content=\"675\" \/>\n\t<meta property=\"og:image:type\" content=\"image\/png\" \/>\n<meta name=\"twitter:card\" content=\"summary_large_image\" \/>\n<meta name=\"twitter:label1\" content=\"Arvioitu lukuaika\" \/>\n\t<meta name=\"twitter:data1\" content=\"1 minuutti\" \/>\n<script type=\"application\/ld+json\" class=\"yoast-schema-graph\">{\"@context\":\"https:\/\/schema.org\",\"@graph\":[{\"@type\":\"WebPage\",\"@id\":\"https:\/\/www.lammi.fi\/harkko\/tuote\/ll500k\/\",\"url\":\"https:\/\/www.lammi.fi\/harkko\/tuote\/ll500k\/\",\"name\":\"LL500K - Lammi Harkko\",\"isPartOf\":{\"@id\":\"https:\/\/www.lammi.fi\/harkko\/#website\"},\"primaryImageOfPage\":{\"@id\":\"https:\/\/www.lammi.fi\/harkko\/tuote\/ll500k\/#primaryimage\"},\"image\":{\"@id\":\"https:\/\/www.lammi.fi\/harkko\/tuote\/ll500k\/#primaryimage\"},\"thumbnailUrl\":\"https:\/\/www.lammi.fi\/harkko\/wp-content\/uploads\/sites\/3\/2018\/09\/Lammi_Harkko_LL500K-1200x675_ainavahahiilinen.png\",\"datePublished\":\"2018-09-11T07:36:45+00:00\",\"dateModified\":\"2024-10-08T07:23:56+00:00\",\"breadcrumb\":{\"@id\":\"https:\/\/www.lammi.fi\/harkko\/tuote\/ll500k\/#breadcrumb\"},\"inLanguage\":\"fi\",\"potentialAction\":[{\"@type\":\"ReadAction\",\"target\":[\"https:\/\/www.lammi.fi\/harkko\/tuote\/ll500k\/\"]}]},{\"@type\":\"ImageObject\",\"inLanguage\":\"fi\",\"@id\":\"https:\/\/www.lammi.fi\/harkko\/tuote\/ll500k\/#primaryimage\",\"url\":\"https:\/\/www.lammi.fi\/harkko\/wp-content\/uploads\/sites\/3\/2018\/09\/Lammi_Harkko_LL500K-1200x675_ainavahahiilinen.png\",\"contentUrl\":\"https:\/\/www.lammi.fi\/harkko\/wp-content\/uploads\/sites\/3\/2018\/09\/Lammi_Harkko_LL500K-1200x675_ainavahahiilinen.png\",\"width\":1200,\"height\":675},{\"@type\":\"BreadcrumbList\",\"@id\":\"https:\/\/www.lammi.fi\/harkko\/tuote\/ll500k\/#breadcrumb\",\"itemListElement\":[{\"@type\":\"ListItem\",\"position\":1,\"name\":\"Lammi.fi\",\"item\":\"https:\/\/www.lammi.fi\"},{\"@type\":\"ListItem\",\"position\":2,\"name\":\"Lammi Harkko\",\"item\":\"https:\/\/www.lammi.fi\/harkko\/\"},{\"@type\":\"ListItem\",\"position\":3,\"name\":\"LL500K\"}]},{\"@type\":\"WebSite\",\"@id\":\"https:\/\/www.lammi.fi\/harkko\/#website\",\"url\":\"https:\/\/www.lammi.fi\/harkko\/\",\"name\":\"Lammi Harkko\",\"description\":\"\",\"publisher\":{\"@id\":\"https:\/\/www.lammi.fi\/harkko\/#organization\"},\"potentialAction\":[{\"@type\":\"SearchAction\",\"target\":{\"@type\":\"EntryPoint\",\"urlTemplate\":\"https:\/\/www.lammi.fi\/harkko\/?s={search_term_string}\"},\"query-input\":{\"@type\":\"PropertyValueSpecification\",\"valueRequired\":true,\"valueName\":\"search_term_string\"}}],\"inLanguage\":\"fi\"},{\"@type\":\"Organization\",\"@id\":\"https:\/\/www.lammi.fi\/harkko\/#organization\",\"name\":\"Lammi Harkko\",\"url\":\"https:\/\/www.lammi.fi\/harkko\/\",\"logo\":{\"@type\":\"ImageObject\",\"inLanguage\":\"fi\",\"@id\":\"https:\/\/www.lammi.fi\/harkko\/#\/schema\/logo\/image\/\",\"url\":\"https:\/\/www.lammi.fi\/harkko\/wp-content\/uploads\/sites\/3\/2018\/06\/cropped-lammi_logo.png\",\"contentUrl\":\"https:\/\/www.lammi.fi\/harkko\/wp-content\/uploads\/sites\/3\/2018\/06\/cropped-lammi_logo.png\",\"width\":240,\"height\":122,\"caption\":\"Lammi Harkko\"},\"image\":{\"@id\":\"https:\/\/www.lammi.fi\/harkko\/#\/schema\/logo\/image\/\"}}]}<\/script>\n<!-- \/ Yoast SEO plugin. -->","yoast_head_json":{"title":"LL500K - Lammi Harkko","canonical":"https:\/\/www.lammi.fi\/harkko\/tuote\/ll500k\/","og_locale":"fi_FI","og_type":"article","og_title":"LL500K - Lammi Harkko","og_description":"Kulmakivi Rakennuksen kulmilla on iso merkitys l\u00e4mm\u00f6npit\u00e4vyyteen. LL500 -tuoteperheen kulmakivill\u00e4 varmistetaan yhten\u00e4inen l\u00e4mm\u00f6neriste koko rakennuksen kulman osalta. Kiven rakenne on suunniteltu siten, ett\u00e4 rakenneter\u00e4kset pystyt\u00e4\u00e4n helposti asentamaan sek\u00e4 sis\u00e4- ett\u00e4 ulkokuoreen ja ett\u00e4 kulman betonointi on helppo toteuttaa. Koska kulmakivet ovat symmetrisi\u00e4, 500 x 500 x 200 mm kokoisia ja p\u00e4\u00e4llekk\u00e4in ladottavia, on niiden avulla &hellip; Lue lis\u00e4\u00e4 \"LL500K\"","og_url":"https:\/\/www.lammi.fi\/harkko\/tuote\/ll500k\/","og_site_name":"Lammi Harkko","article_modified_time":"2024-10-08T07:23:56+00:00","og_image":[{"width":1200,"height":675,"url":"https:\/\/www.lammi.fi\/harkko\/wp-content\/uploads\/sites\/3\/2018\/09\/Lammi_Harkko_LL500K-1200x675_ainavahahiilinen.png","type":"image\/png"}],"twitter_card":"summary_large_image","twitter_misc":{"Arvioitu lukuaika":"1 minuutti"},"schema":{"@context":"https:\/\/schema.org","@graph":[{"@type":"WebPage","@id":"https:\/\/www.lammi.fi\/harkko\/tuote\/ll500k\/","url":"https:\/\/www.lammi.fi\/harkko\/tuote\/ll500k\/","name":"LL500K - Lammi Harkko","isPartOf":{"@id":"https:\/\/www.lammi.fi\/harkko\/#website"},"primaryImageOfPage":{"@id":"https:\/\/www.lammi.fi\/harkko\/tuote\/ll500k\/#primaryimage"},"image":{"@id":"https:\/\/www.lammi.fi\/harkko\/tuote\/ll500k\/#primaryimage"},"thumbnailUrl":"https:\/\/www.lammi.fi\/harkko\/wp-content\/uploads\/sites\/3\/2018\/09\/Lammi_Harkko_LL500K-1200x675_ainavahahiilinen.png","datePublished":"2018-09-11T07:36:45+00:00","dateModified":"2024-10-08T07:23:56+00:00","breadcrumb":{"@id":"https:\/\/www.lammi.fi\/harkko\/tuote\/ll500k\/#breadcrumb"},"inLanguage":"fi","potentialAction":[{"@type":"ReadAction","target":["https:\/\/www.lammi.fi\/harkko\/tuote\/ll500k\/"]}]},{"@type":"ImageObject","inLanguage":"fi","@id":"https:\/\/www.lammi.fi\/harkko\/tuote\/ll500k\/#primaryimage","url":"https:\/\/www.lammi.fi\/harkko\/wp-content\/uploads\/sites\/3\/2018\/09\/Lammi_Harkko_LL500K-1200x675_ainavahahiilinen.png","contentUrl":"https:\/\/www.lammi.fi\/harkko\/wp-content\/uploads\/sites\/3\/2018\/09\/Lammi_Harkko_LL500K-1200x675_ainavahahiilinen.png","width":1200,"height":675},{"@type":"BreadcrumbList","@id":"https:\/\/www.lammi.fi\/harkko\/tuote\/ll500k\/#breadcrumb","itemListElement":[{"@type":"ListItem","position":1,"name":"Lammi.fi","item":"https:\/\/www.lammi.fi"},{"@type":"ListItem","position":2,"name":"Lammi Harkko","item":"https:\/\/www.lammi.fi\/harkko\/"},{"@type":"ListItem","position":3,"name":"LL500K"}]},{"@type":"WebSite","@id":"https:\/\/www.lammi.fi\/harkko\/#website","url":"https:\/\/www.lammi.fi\/harkko\/","name":"Lammi Harkko","description":"","publisher":{"@id":"https:\/\/www.lammi.fi\/harkko\/#organization"},"potentialAction":[{"@type":"SearchAction","target":{"@type":"EntryPoint","urlTemplate":"https:\/\/www.lammi.fi\/harkko\/?s={search_term_string}"},"query-input":{"@type":"PropertyValueSpecification","valueRequired":true,"valueName":"search_term_string"}}],"inLanguage":"fi"},{"@type":"Organization","@id":"https:\/\/www.lammi.fi\/harkko\/#organization","name":"Lammi Harkko","url":"https:\/\/www.lammi.fi\/harkko\/","logo":{"@type":"ImageObject","inLanguage":"fi","@id":"https:\/\/www.lammi.fi\/harkko\/#\/schema\/logo\/image\/","url":"https:\/\/www.lammi.fi\/harkko\/wp-content\/uploads\/sites\/3\/2018\/06\/cropped-lammi_logo.png","contentUrl":"https:\/\/www.lammi.fi\/harkko\/wp-content\/uploads\/sites\/3\/2018\/06\/cropped-lammi_logo.png","width":240,"height":122,"caption":"Lammi Harkko"},"image":{"@id":"https:\/\/www.lammi.fi\/harkko\/#\/schema\/logo\/image\/"}}]}},"_links":{"self":[{"href":"https:\/\/www.lammi.fi\/harkko\/wp-json\/wp\/v2\/product\/377","targetHints":{"allow":["GET"]}}],"collection":[{"href":"https:\/\/www.lammi.fi\/harkko\/wp-json\/wp\/v2\/product"}],"about":[{"href":"https:\/\/www.lammi.fi\/harkko\/wp-json\/wp\/v2\/types\/product"}],"replies":[{"embeddable":true,"href":"https:\/\/www.lammi.fi\/harkko\/wp-json\/wp\/v2\/comments?post=377"}],"wp:featuredmedia":[{"embeddable":true,"href":"https:\/\/www.lammi.fi\/harkko\/wp-json\/wp\/v2\/media\/4469"}],"wp:attachment":[{"href":"https:\/\/www.lammi.fi\/harkko\/wp-json\/wp\/v2\/media?parent=377"}],"wp:term":[{"taxonomy":"product_brand","embeddable":true,"href":"https:\/\/www.lammi.fi\/harkko\/wp-json\/wp\/v2\/product_brand?post=377"},{"taxonomy":"product_cat","embeddable":true,"href":"https:\/\/www.lammi.fi\/harkko\/wp-json\/wp\/v2\/product_cat?post=377"},{"taxonomy":"product_tag","embeddable":true,"href":"https:\/\/www.lammi.fi\/harkko\/wp-json\/wp\/v2\/product_tag?post=377"}],"curies":[{"name":"wp","href":"https:\/\/api.w.org\/{rel}","templated":true}]}}