{"id":2441,"date":"2021-06-01T13:48:13","date_gmt":"2021-06-01T13:48:13","guid":{"rendered":"https:\/\/www.lammi.fi\/harkko\/?post_type=product&#038;p=2441"},"modified":"2025-06-26T08:57:05","modified_gmt":"2025-06-26T05:57:05","slug":"primeri","status":"publish","type":"product","link":"https:\/\/www.lammi.fi\/harkko\/tuote\/primeri\/","title":{"rendered":"Primeri"},"content":{"rendered":"<p>SikaEmaco\u00ae P 5000 AP on aktiivinen pohjuste betoniraudoituksen suojaamiseen. Se on yksikomponenttinen, sementtipohjainen sek\u00e4 monik\u00e4ytt\u00f6inen ter\u00e4ksen suojauspohjuste. Pohjustetta k\u00e4ytet\u00e4\u00e4n Lammin aukonylityster\u00e4sten tartuntaprimerina ennen sis\u00e4- tai ulkopuolisia tasoitet\u00f6it\u00e4.<\/p>\n","protected":false},"excerpt":{"rendered":"<p>SikaEmaco\u00ae P 5000 AP on aktiivinen pohjuste betoniraudoituksen suojaamiseen. Se on yksikomponenttinen, sementtipohjainen sek\u00e4 monik\u00e4ytt\u00f6inen ter\u00e4ksen suojauspohjuste. Pohjustetta k\u00e4ytet\u00e4\u00e4n Lammin aukonylityster\u00e4sten tartuntaprimerina ennen sis\u00e4- tai ulkopuolisia tasoitet\u00f6it\u00e4.<\/p>\n","protected":false},"featured_media":4694,"comment_status":"closed","ping_status":"closed","template":"","meta":{"_acf_changed":false,"_improvement_type_select":"improve_an_existing","_thumb_yes_seoaic":false,"_frame_yes_seoaic":false,"seoaic_generate_description":"","seoaic_improve_instructions_prompt":"","seoaic_rollback_content_improvement":"","seoaic_idea_thumbnail_generator":"","thumbnail_generated":false,"thumbnail_generate_prompt":"","seoaic_article_description":"","_glsr_average":0,"_glsr_ranking":0,"_glsr_reviews":0},"product_brand":[],"product_cat":[30,33,40,39,31,29,42],"product_tag":[],"class_list":{"0":"post-2441","1":"product","2":"type-product","3":"status-publish","4":"has-post-thumbnail","6":"product_cat-aukonylitystuotteet","7":"product_cat-sopivuus-lampokivet","8":"product_cat-sopivuus-muottiharkko","9":"product_cat-oheistuotteet","10":"product_cat-sopivuus","11":"product_cat-tuoteryhma","12":"product_cat-sopivuus-valiseinaharkko","14":"first","15":"instock","16":"shipping-taxable","17":"product-type-simple"},"acf":[],"yoast_head":"<!-- This site is optimized with the Yoast SEO plugin v27.4 - https:\/\/yoast.com\/product\/yoast-seo-wordpress\/ -->\n<title>Primeri - Lammi Harkko<\/title>\n<meta name=\"description\" content=\"SikaEmaco\u00ae P 5000 AP k\u00e4ytet\u00e4\u00e4n Lammin aukonylityster\u00e4sten tartuntaprimerina ennen sis\u00e4- tai ulkopuolisia tasoitet\u00f6it\u00e4. Tutustu Primeri.\" \/>\n<link rel=\"canonical\" href=\"https:\/\/www.lammi.fi\/harkko\/tuote\/primeri\/\" \/>\n<meta property=\"og:locale\" content=\"fi_FI\" \/>\n<meta property=\"og:type\" content=\"article\" \/>\n<meta property=\"og:title\" content=\"Primeri - Lammi Harkko\" \/>\n<meta property=\"og:description\" content=\"SikaEmaco\u00ae P 5000 AP k\u00e4ytet\u00e4\u00e4n Lammin aukonylityster\u00e4sten tartuntaprimerina ennen sis\u00e4- tai ulkopuolisia tasoitet\u00f6it\u00e4. Tutustu Primeri.\" \/>\n<meta property=\"og:url\" content=\"https:\/\/www.lammi.fi\/harkko\/tuote\/primeri\/\" \/>\n<meta property=\"og:site_name\" content=\"Lammi Harkko\" \/>\n<meta property=\"article:modified_time\" content=\"2025-06-26T05:57:05+00:00\" \/>\n<meta property=\"og:image\" content=\"https:\/\/www.lammi.fi\/harkko\/wp-content\/uploads\/sites\/3\/2021\/06\/ASSET_JPEG_44203582_tuotekuva.png\" \/>\n\t<meta property=\"og:image:width\" content=\"880\" \/>\n\t<meta property=\"og:image:height\" content=\"810\" \/>\n\t<meta property=\"og:image:type\" content=\"image\/png\" \/>\n<meta name=\"twitter:card\" content=\"summary_large_image\" \/>\n<meta name=\"twitter:label1\" content=\"Arvioitu lukuaika\" \/>\n\t<meta name=\"twitter:data1\" content=\"1 minuutti\" \/>\n<script type=\"application\/ld+json\" class=\"yoast-schema-graph\">{\"@context\":\"https:\\\/\\\/schema.org\",\"@graph\":[{\"@type\":\"WebPage\",\"@id\":\"https:\\\/\\\/www.lammi.fi\\\/harkko\\\/tuote\\\/primeri\\\/\",\"url\":\"https:\\\/\\\/www.lammi.fi\\\/harkko\\\/tuote\\\/primeri\\\/\",\"name\":\"Primeri - Lammi Harkko\",\"isPartOf\":{\"@id\":\"https:\\\/\\\/www.lammi.fi\\\/harkko\\\/#website\"},\"primaryImageOfPage\":{\"@id\":\"https:\\\/\\\/www.lammi.fi\\\/harkko\\\/tuote\\\/primeri\\\/#primaryimage\"},\"image\":{\"@id\":\"https:\\\/\\\/www.lammi.fi\\\/harkko\\\/tuote\\\/primeri\\\/#primaryimage\"},\"thumbnailUrl\":\"https:\\\/\\\/www.lammi.fi\\\/harkko\\\/wp-content\\\/uploads\\\/sites\\\/3\\\/2021\\\/06\\\/ASSET_JPEG_44203582_tuotekuva.png\",\"datePublished\":\"2021-06-01T13:48:13+00:00\",\"dateModified\":\"2025-06-26T05:57:05+00:00\",\"description\":\"SikaEmaco\u00ae P 5000 AP k\u00e4ytet\u00e4\u00e4n Lammin aukonylityster\u00e4sten tartuntaprimerina ennen sis\u00e4- tai ulkopuolisia tasoitet\u00f6it\u00e4. Tutustu Primeri.\",\"breadcrumb\":{\"@id\":\"https:\\\/\\\/www.lammi.fi\\\/harkko\\\/tuote\\\/primeri\\\/#breadcrumb\"},\"inLanguage\":\"fi\",\"potentialAction\":[{\"@type\":\"ReadAction\",\"target\":[\"https:\\\/\\\/www.lammi.fi\\\/harkko\\\/tuote\\\/primeri\\\/\"]}]},{\"@type\":\"ImageObject\",\"inLanguage\":\"fi\",\"@id\":\"https:\\\/\\\/www.lammi.fi\\\/harkko\\\/tuote\\\/primeri\\\/#primaryimage\",\"url\":\"https:\\\/\\\/www.lammi.fi\\\/harkko\\\/wp-content\\\/uploads\\\/sites\\\/3\\\/2021\\\/06\\\/ASSET_JPEG_44203582_tuotekuva.png\",\"contentUrl\":\"https:\\\/\\\/www.lammi.fi\\\/harkko\\\/wp-content\\\/uploads\\\/sites\\\/3\\\/2021\\\/06\\\/ASSET_JPEG_44203582_tuotekuva.png\",\"width\":880,\"height\":810,\"caption\":\"SikaEmaco\u00ae P 5000 AP PRIMERI 4kg tuotekuva\"},{\"@type\":\"BreadcrumbList\",\"@id\":\"https:\\\/\\\/www.lammi.fi\\\/harkko\\\/tuote\\\/primeri\\\/#breadcrumb\",\"itemListElement\":[{\"@type\":\"ListItem\",\"position\":1,\"name\":\"Lammi.fi\",\"item\":\"https:\\\/\\\/www.lammi.fi\"},{\"@type\":\"ListItem\",\"position\":2,\"name\":\"Lammi Harkko\",\"item\":\"https:\\\/\\\/www.lammi.fi\\\/harkko\\\/\"},{\"@type\":\"ListItem\",\"position\":3,\"name\":\"Primeri\"}]},{\"@type\":\"WebSite\",\"@id\":\"https:\\\/\\\/www.lammi.fi\\\/harkko\\\/#website\",\"url\":\"https:\\\/\\\/www.lammi.fi\\\/harkko\\\/\",\"name\":\"Lammi Harkko\",\"description\":\"\",\"publisher\":{\"@id\":\"https:\\\/\\\/www.lammi.fi\\\/harkko\\\/#organization\"},\"potentialAction\":[{\"@type\":\"SearchAction\",\"target\":{\"@type\":\"EntryPoint\",\"urlTemplate\":\"https:\\\/\\\/www.lammi.fi\\\/harkko\\\/?s={search_term_string}\"},\"query-input\":{\"@type\":\"PropertyValueSpecification\",\"valueRequired\":true,\"valueName\":\"search_term_string\"}}],\"inLanguage\":\"fi\"},{\"@type\":\"Organization\",\"@id\":\"https:\\\/\\\/www.lammi.fi\\\/harkko\\\/#organization\",\"name\":\"Lammi Harkko\",\"url\":\"https:\\\/\\\/www.lammi.fi\\\/harkko\\\/\",\"logo\":{\"@type\":\"ImageObject\",\"inLanguage\":\"fi\",\"@id\":\"https:\\\/\\\/www.lammi.fi\\\/harkko\\\/#\\\/schema\\\/logo\\\/image\\\/\",\"url\":\"https:\\\/\\\/www.lammi.fi\\\/harkko\\\/wp-content\\\/uploads\\\/sites\\\/3\\\/2018\\\/06\\\/cropped-lammi_logo.png\",\"contentUrl\":\"https:\\\/\\\/www.lammi.fi\\\/harkko\\\/wp-content\\\/uploads\\\/sites\\\/3\\\/2018\\\/06\\\/cropped-lammi_logo.png\",\"width\":240,\"height\":122,\"caption\":\"Lammi Harkko\"},\"image\":{\"@id\":\"https:\\\/\\\/www.lammi.fi\\\/harkko\\\/#\\\/schema\\\/logo\\\/image\\\/\"}}]}<\/script>\n<!-- \/ Yoast SEO plugin. -->","yoast_head_json":{"title":"Primeri - Lammi Harkko","description":"SikaEmaco\u00ae P 5000 AP k\u00e4ytet\u00e4\u00e4n Lammin aukonylityster\u00e4sten tartuntaprimerina ennen sis\u00e4- tai ulkopuolisia tasoitet\u00f6it\u00e4. Tutustu Primeri.","canonical":"https:\/\/www.lammi.fi\/harkko\/tuote\/primeri\/","og_locale":"fi_FI","og_type":"article","og_title":"Primeri - Lammi Harkko","og_description":"SikaEmaco\u00ae P 5000 AP k\u00e4ytet\u00e4\u00e4n Lammin aukonylityster\u00e4sten tartuntaprimerina ennen sis\u00e4- tai ulkopuolisia tasoitet\u00f6it\u00e4. Tutustu Primeri.","og_url":"https:\/\/www.lammi.fi\/harkko\/tuote\/primeri\/","og_site_name":"Lammi Harkko","article_modified_time":"2025-06-26T05:57:05+00:00","og_image":[{"width":880,"height":810,"url":"https:\/\/www.lammi.fi\/harkko\/wp-content\/uploads\/sites\/3\/2021\/06\/ASSET_JPEG_44203582_tuotekuva.png","type":"image\/png"}],"twitter_card":"summary_large_image","twitter_misc":{"Arvioitu lukuaika":"1 minuutti"},"schema":{"@context":"https:\/\/schema.org","@graph":[{"@type":"WebPage","@id":"https:\/\/www.lammi.fi\/harkko\/tuote\/primeri\/","url":"https:\/\/www.lammi.fi\/harkko\/tuote\/primeri\/","name":"Primeri - Lammi Harkko","isPartOf":{"@id":"https:\/\/www.lammi.fi\/harkko\/#website"},"primaryImageOfPage":{"@id":"https:\/\/www.lammi.fi\/harkko\/tuote\/primeri\/#primaryimage"},"image":{"@id":"https:\/\/www.lammi.fi\/harkko\/tuote\/primeri\/#primaryimage"},"thumbnailUrl":"https:\/\/www.lammi.fi\/harkko\/wp-content\/uploads\/sites\/3\/2021\/06\/ASSET_JPEG_44203582_tuotekuva.png","datePublished":"2021-06-01T13:48:13+00:00","dateModified":"2025-06-26T05:57:05+00:00","description":"SikaEmaco\u00ae P 5000 AP k\u00e4ytet\u00e4\u00e4n Lammin aukonylityster\u00e4sten tartuntaprimerina ennen sis\u00e4- tai ulkopuolisia tasoitet\u00f6it\u00e4. Tutustu Primeri.","breadcrumb":{"@id":"https:\/\/www.lammi.fi\/harkko\/tuote\/primeri\/#breadcrumb"},"inLanguage":"fi","potentialAction":[{"@type":"ReadAction","target":["https:\/\/www.lammi.fi\/harkko\/tuote\/primeri\/"]}]},{"@type":"ImageObject","inLanguage":"fi","@id":"https:\/\/www.lammi.fi\/harkko\/tuote\/primeri\/#primaryimage","url":"https:\/\/www.lammi.fi\/harkko\/wp-content\/uploads\/sites\/3\/2021\/06\/ASSET_JPEG_44203582_tuotekuva.png","contentUrl":"https:\/\/www.lammi.fi\/harkko\/wp-content\/uploads\/sites\/3\/2021\/06\/ASSET_JPEG_44203582_tuotekuva.png","width":880,"height":810,"caption":"SikaEmaco\u00ae P 5000 AP PRIMERI 4kg tuotekuva"},{"@type":"BreadcrumbList","@id":"https:\/\/www.lammi.fi\/harkko\/tuote\/primeri\/#breadcrumb","itemListElement":[{"@type":"ListItem","position":1,"name":"Lammi.fi","item":"https:\/\/www.lammi.fi"},{"@type":"ListItem","position":2,"name":"Lammi Harkko","item":"https:\/\/www.lammi.fi\/harkko\/"},{"@type":"ListItem","position":3,"name":"Primeri"}]},{"@type":"WebSite","@id":"https:\/\/www.lammi.fi\/harkko\/#website","url":"https:\/\/www.lammi.fi\/harkko\/","name":"Lammi Harkko","description":"","publisher":{"@id":"https:\/\/www.lammi.fi\/harkko\/#organization"},"potentialAction":[{"@type":"SearchAction","target":{"@type":"EntryPoint","urlTemplate":"https:\/\/www.lammi.fi\/harkko\/?s={search_term_string}"},"query-input":{"@type":"PropertyValueSpecification","valueRequired":true,"valueName":"search_term_string"}}],"inLanguage":"fi"},{"@type":"Organization","@id":"https:\/\/www.lammi.fi\/harkko\/#organization","name":"Lammi Harkko","url":"https:\/\/www.lammi.fi\/harkko\/","logo":{"@type":"ImageObject","inLanguage":"fi","@id":"https:\/\/www.lammi.fi\/harkko\/#\/schema\/logo\/image\/","url":"https:\/\/www.lammi.fi\/harkko\/wp-content\/uploads\/sites\/3\/2018\/06\/cropped-lammi_logo.png","contentUrl":"https:\/\/www.lammi.fi\/harkko\/wp-content\/uploads\/sites\/3\/2018\/06\/cropped-lammi_logo.png","width":240,"height":122,"caption":"Lammi Harkko"},"image":{"@id":"https:\/\/www.lammi.fi\/harkko\/#\/schema\/logo\/image\/"}}]}},"_links":{"self":[{"href":"https:\/\/www.lammi.fi\/harkko\/wp-json\/wp\/v2\/product\/2441","targetHints":{"allow":["GET"]}}],"collection":[{"href":"https:\/\/www.lammi.fi\/harkko\/wp-json\/wp\/v2\/product"}],"about":[{"href":"https:\/\/www.lammi.fi\/harkko\/wp-json\/wp\/v2\/types\/product"}],"replies":[{"embeddable":true,"href":"https:\/\/www.lammi.fi\/harkko\/wp-json\/wp\/v2\/comments?post=2441"}],"wp:featuredmedia":[{"embeddable":true,"href":"https:\/\/www.lammi.fi\/harkko\/wp-json\/wp\/v2\/media\/4694"}],"wp:attachment":[{"href":"https:\/\/www.lammi.fi\/harkko\/wp-json\/wp\/v2\/media?parent=2441"}],"wp:term":[{"taxonomy":"product_brand","embeddable":true,"href":"https:\/\/www.lammi.fi\/harkko\/wp-json\/wp\/v2\/product_brand?post=2441"},{"taxonomy":"product_cat","embeddable":true,"href":"https:\/\/www.lammi.fi\/harkko\/wp-json\/wp\/v2\/product_cat?post=2441"},{"taxonomy":"product_tag","embeddable":true,"href":"https:\/\/www.lammi.fi\/harkko\/wp-json\/wp\/v2\/product_tag?post=2441"}],"curies":[{"name":"wp","href":"https:\/\/api.w.org\/{rel}","templated":true}]}}