{"id":2440,"date":"2021-06-01T13:45:44","date_gmt":"2021-06-01T13:45:44","guid":{"rendered":"https:\/\/www.lammi.fi\/harkko\/?post_type=product&#038;p=2440"},"modified":"2021-06-08T08:33:34","modified_gmt":"2021-06-08T08:33:34","slug":"tapit-570","status":"publish","type":"product","link":"https:\/\/www.lammi.fi\/harkko\/tuote\/tapit-570\/","title":{"rendered":"Tapit 570"},"content":{"rendered":"<p>Valmiiksi katkaistut ja niputetut \u00d8 16 mm harjater\u00e4stapit nopeuttavat aukkopalkkien tekoa merkitt\u00e4v\u00e4sti, koska ty\u00f6maalla ei tarvitse suorittaa harjater\u00e4sten katkaisuty\u00f6t\u00e4. 570 mm pitk\u00e4\u00e4 ter\u00e4st\u00e4 k\u00e4ytet\u00e4\u00e4n 3 harkon korkuisiin aukkopalkkeihin (600 mm). Ne on valmiiksi pakattu 15 kpl nippuihin. Nippua on helppo k\u00e4sitell\u00e4 ty\u00f6maalla ja menekki on helppo laskea: 2 nippua per 1 liittoprofiili.<\/p>\n","protected":false},"excerpt":{"rendered":"<p>Valmiiksi katkaistut ja niputetut \u00d8 16 mm harjater\u00e4stapit nopeuttavat aukkopalkkien tekoa merkitt\u00e4v\u00e4sti, koska ty\u00f6maalla ei tarvitse suorittaa harjater\u00e4sten katkaisuty\u00f6t\u00e4. 570 mm pitk\u00e4\u00e4 ter\u00e4st\u00e4 k\u00e4ytet\u00e4\u00e4n 3 harkon korkuisiin aukkopalkkeihin (600 mm). Ne on valmiiksi pakattu 15 kpl nippuihin. Nippua on helppo k\u00e4sitell\u00e4 ty\u00f6maalla ja menekki on helppo laskea: 2 nippua per 1 liittoprofiili.<\/p>\n","protected":false},"featured_media":2437,"comment_status":"closed","ping_status":"closed","template":"","meta":{"_acf_changed":false,"_improvement_type_select":"improve_an_existing","_thumb_yes_seoaic":false,"_frame_yes_seoaic":false,"seoaic_generate_description":"","seoaic_improve_instructions_prompt":"","seoaic_rollback_content_improvement":"","seoaic_idea_thumbnail_generator":"","thumbnail_generated":false,"thumbnail_generate_prompt":"","seoaic_article_description":"","_glsr_average":0,"_glsr_ranking":0,"_glsr_reviews":0},"product_brand":[],"product_cat":[30,33,40,39,31,29],"product_tag":[],"class_list":{"0":"post-2440","1":"product","2":"type-product","3":"status-publish","4":"has-post-thumbnail","6":"product_cat-aukonylitystuotteet","7":"product_cat-sopivuus-lampokivet","8":"product_cat-sopivuus-muottiharkko","9":"product_cat-oheistuotteet","10":"product_cat-sopivuus","11":"product_cat-tuoteryhma","13":"first","14":"instock","15":"shipping-taxable","16":"product-type-simple"},"acf":[],"yoast_head":"<!-- This site is optimized with the Yoast SEO plugin v27.4 - https:\/\/yoast.com\/product\/yoast-seo-wordpress\/ -->\n<title>Tapit 570 - Lammi Harkko<\/title>\n<link rel=\"canonical\" href=\"https:\/\/www.lammi.fi\/harkko\/tuote\/tapit-570\/\" \/>\n<meta property=\"og:locale\" content=\"fi_FI\" \/>\n<meta property=\"og:type\" content=\"article\" \/>\n<meta property=\"og:title\" content=\"Tapit 570 - Lammi Harkko\" \/>\n<meta property=\"og:description\" content=\"Valmiiksi katkaistut ja niputetut \u00d8 16 mm harjater\u00e4stapit nopeuttavat aukkopalkkien tekoa merkitt\u00e4v\u00e4sti, koska ty\u00f6maalla ei tarvitse suorittaa harjater\u00e4sten katkaisuty\u00f6t\u00e4. 570 mm pitk\u00e4\u00e4 ter\u00e4st\u00e4 k\u00e4ytet\u00e4\u00e4n 3 harkon korkuisiin aukkopalkkeihin (600 mm). Ne on valmiiksi pakattu 15 kpl nippuihin. Nippua on helppo k\u00e4sitell\u00e4 ty\u00f6maalla ja menekki on helppo laskea: 2 nippua per 1 liittoprofiili.\" \/>\n<meta property=\"og:url\" content=\"https:\/\/www.lammi.fi\/harkko\/tuote\/tapit-570\/\" \/>\n<meta property=\"og:site_name\" content=\"Lammi Harkko\" \/>\n<meta property=\"article:modified_time\" content=\"2021-06-08T08:33:34+00:00\" \/>\n<meta property=\"og:image\" content=\"https:\/\/www.lammi.fi\/harkko\/wp-content\/uploads\/sites\/3\/2021\/05\/tapit_570_tuotekuva.jpg\" \/>\n\t<meta property=\"og:image:width\" content=\"985\" \/>\n\t<meta property=\"og:image:height\" content=\"985\" \/>\n\t<meta property=\"og:image:type\" content=\"image\/jpeg\" \/>\n<meta name=\"twitter:card\" content=\"summary_large_image\" \/>\n<meta name=\"twitter:label1\" content=\"Arvioitu lukuaika\" \/>\n\t<meta name=\"twitter:data1\" content=\"1 minuutti\" \/>\n<script type=\"application\/ld+json\" class=\"yoast-schema-graph\">{\"@context\":\"https:\\\/\\\/schema.org\",\"@graph\":[{\"@type\":\"WebPage\",\"@id\":\"https:\\\/\\\/www.lammi.fi\\\/harkko\\\/tuote\\\/tapit-570\\\/\",\"url\":\"https:\\\/\\\/www.lammi.fi\\\/harkko\\\/tuote\\\/tapit-570\\\/\",\"name\":\"Tapit 570 - Lammi Harkko\",\"isPartOf\":{\"@id\":\"https:\\\/\\\/www.lammi.fi\\\/harkko\\\/#website\"},\"primaryImageOfPage\":{\"@id\":\"https:\\\/\\\/www.lammi.fi\\\/harkko\\\/tuote\\\/tapit-570\\\/#primaryimage\"},\"image\":{\"@id\":\"https:\\\/\\\/www.lammi.fi\\\/harkko\\\/tuote\\\/tapit-570\\\/#primaryimage\"},\"thumbnailUrl\":\"https:\\\/\\\/www.lammi.fi\\\/harkko\\\/wp-content\\\/uploads\\\/sites\\\/3\\\/2021\\\/05\\\/tapit_570_tuotekuva.jpg\",\"datePublished\":\"2021-06-01T13:45:44+00:00\",\"dateModified\":\"2021-06-08T08:33:34+00:00\",\"breadcrumb\":{\"@id\":\"https:\\\/\\\/www.lammi.fi\\\/harkko\\\/tuote\\\/tapit-570\\\/#breadcrumb\"},\"inLanguage\":\"fi\",\"potentialAction\":[{\"@type\":\"ReadAction\",\"target\":[\"https:\\\/\\\/www.lammi.fi\\\/harkko\\\/tuote\\\/tapit-570\\\/\"]}]},{\"@type\":\"ImageObject\",\"inLanguage\":\"fi\",\"@id\":\"https:\\\/\\\/www.lammi.fi\\\/harkko\\\/tuote\\\/tapit-570\\\/#primaryimage\",\"url\":\"https:\\\/\\\/www.lammi.fi\\\/harkko\\\/wp-content\\\/uploads\\\/sites\\\/3\\\/2021\\\/05\\\/tapit_570_tuotekuva.jpg\",\"contentUrl\":\"https:\\\/\\\/www.lammi.fi\\\/harkko\\\/wp-content\\\/uploads\\\/sites\\\/3\\\/2021\\\/05\\\/tapit_570_tuotekuva.jpg\",\"width\":985,\"height\":985},{\"@type\":\"BreadcrumbList\",\"@id\":\"https:\\\/\\\/www.lammi.fi\\\/harkko\\\/tuote\\\/tapit-570\\\/#breadcrumb\",\"itemListElement\":[{\"@type\":\"ListItem\",\"position\":1,\"name\":\"Lammi.fi\",\"item\":\"https:\\\/\\\/www.lammi.fi\"},{\"@type\":\"ListItem\",\"position\":2,\"name\":\"Lammi Harkko\",\"item\":\"https:\\\/\\\/www.lammi.fi\\\/harkko\\\/\"},{\"@type\":\"ListItem\",\"position\":3,\"name\":\"Tapit 570\"}]},{\"@type\":\"WebSite\",\"@id\":\"https:\\\/\\\/www.lammi.fi\\\/harkko\\\/#website\",\"url\":\"https:\\\/\\\/www.lammi.fi\\\/harkko\\\/\",\"name\":\"Lammi Harkko\",\"description\":\"\",\"publisher\":{\"@id\":\"https:\\\/\\\/www.lammi.fi\\\/harkko\\\/#organization\"},\"potentialAction\":[{\"@type\":\"SearchAction\",\"target\":{\"@type\":\"EntryPoint\",\"urlTemplate\":\"https:\\\/\\\/www.lammi.fi\\\/harkko\\\/?s={search_term_string}\"},\"query-input\":{\"@type\":\"PropertyValueSpecification\",\"valueRequired\":true,\"valueName\":\"search_term_string\"}}],\"inLanguage\":\"fi\"},{\"@type\":\"Organization\",\"@id\":\"https:\\\/\\\/www.lammi.fi\\\/harkko\\\/#organization\",\"name\":\"Lammi Harkko\",\"url\":\"https:\\\/\\\/www.lammi.fi\\\/harkko\\\/\",\"logo\":{\"@type\":\"ImageObject\",\"inLanguage\":\"fi\",\"@id\":\"https:\\\/\\\/www.lammi.fi\\\/harkko\\\/#\\\/schema\\\/logo\\\/image\\\/\",\"url\":\"https:\\\/\\\/www.lammi.fi\\\/harkko\\\/wp-content\\\/uploads\\\/sites\\\/3\\\/2018\\\/06\\\/cropped-lammi_logo.png\",\"contentUrl\":\"https:\\\/\\\/www.lammi.fi\\\/harkko\\\/wp-content\\\/uploads\\\/sites\\\/3\\\/2018\\\/06\\\/cropped-lammi_logo.png\",\"width\":240,\"height\":122,\"caption\":\"Lammi Harkko\"},\"image\":{\"@id\":\"https:\\\/\\\/www.lammi.fi\\\/harkko\\\/#\\\/schema\\\/logo\\\/image\\\/\"}}]}<\/script>\n<!-- \/ Yoast SEO plugin. -->","yoast_head_json":{"title":"Tapit 570 - Lammi Harkko","canonical":"https:\/\/www.lammi.fi\/harkko\/tuote\/tapit-570\/","og_locale":"fi_FI","og_type":"article","og_title":"Tapit 570 - Lammi Harkko","og_description":"Valmiiksi katkaistut ja niputetut \u00d8 16 mm harjater\u00e4stapit nopeuttavat aukkopalkkien tekoa merkitt\u00e4v\u00e4sti, koska ty\u00f6maalla ei tarvitse suorittaa harjater\u00e4sten katkaisuty\u00f6t\u00e4. 570 mm pitk\u00e4\u00e4 ter\u00e4st\u00e4 k\u00e4ytet\u00e4\u00e4n 3 harkon korkuisiin aukkopalkkeihin (600 mm). Ne on valmiiksi pakattu 15 kpl nippuihin. Nippua on helppo k\u00e4sitell\u00e4 ty\u00f6maalla ja menekki on helppo laskea: 2 nippua per 1 liittoprofiili.","og_url":"https:\/\/www.lammi.fi\/harkko\/tuote\/tapit-570\/","og_site_name":"Lammi Harkko","article_modified_time":"2021-06-08T08:33:34+00:00","og_image":[{"width":985,"height":985,"url":"https:\/\/www.lammi.fi\/harkko\/wp-content\/uploads\/sites\/3\/2021\/05\/tapit_570_tuotekuva.jpg","type":"image\/jpeg"}],"twitter_card":"summary_large_image","twitter_misc":{"Arvioitu lukuaika":"1 minuutti"},"schema":{"@context":"https:\/\/schema.org","@graph":[{"@type":"WebPage","@id":"https:\/\/www.lammi.fi\/harkko\/tuote\/tapit-570\/","url":"https:\/\/www.lammi.fi\/harkko\/tuote\/tapit-570\/","name":"Tapit 570 - Lammi Harkko","isPartOf":{"@id":"https:\/\/www.lammi.fi\/harkko\/#website"},"primaryImageOfPage":{"@id":"https:\/\/www.lammi.fi\/harkko\/tuote\/tapit-570\/#primaryimage"},"image":{"@id":"https:\/\/www.lammi.fi\/harkko\/tuote\/tapit-570\/#primaryimage"},"thumbnailUrl":"https:\/\/www.lammi.fi\/harkko\/wp-content\/uploads\/sites\/3\/2021\/05\/tapit_570_tuotekuva.jpg","datePublished":"2021-06-01T13:45:44+00:00","dateModified":"2021-06-08T08:33:34+00:00","breadcrumb":{"@id":"https:\/\/www.lammi.fi\/harkko\/tuote\/tapit-570\/#breadcrumb"},"inLanguage":"fi","potentialAction":[{"@type":"ReadAction","target":["https:\/\/www.lammi.fi\/harkko\/tuote\/tapit-570\/"]}]},{"@type":"ImageObject","inLanguage":"fi","@id":"https:\/\/www.lammi.fi\/harkko\/tuote\/tapit-570\/#primaryimage","url":"https:\/\/www.lammi.fi\/harkko\/wp-content\/uploads\/sites\/3\/2021\/05\/tapit_570_tuotekuva.jpg","contentUrl":"https:\/\/www.lammi.fi\/harkko\/wp-content\/uploads\/sites\/3\/2021\/05\/tapit_570_tuotekuva.jpg","width":985,"height":985},{"@type":"BreadcrumbList","@id":"https:\/\/www.lammi.fi\/harkko\/tuote\/tapit-570\/#breadcrumb","itemListElement":[{"@type":"ListItem","position":1,"name":"Lammi.fi","item":"https:\/\/www.lammi.fi"},{"@type":"ListItem","position":2,"name":"Lammi Harkko","item":"https:\/\/www.lammi.fi\/harkko\/"},{"@type":"ListItem","position":3,"name":"Tapit 570"}]},{"@type":"WebSite","@id":"https:\/\/www.lammi.fi\/harkko\/#website","url":"https:\/\/www.lammi.fi\/harkko\/","name":"Lammi Harkko","description":"","publisher":{"@id":"https:\/\/www.lammi.fi\/harkko\/#organization"},"potentialAction":[{"@type":"SearchAction","target":{"@type":"EntryPoint","urlTemplate":"https:\/\/www.lammi.fi\/harkko\/?s={search_term_string}"},"query-input":{"@type":"PropertyValueSpecification","valueRequired":true,"valueName":"search_term_string"}}],"inLanguage":"fi"},{"@type":"Organization","@id":"https:\/\/www.lammi.fi\/harkko\/#organization","name":"Lammi Harkko","url":"https:\/\/www.lammi.fi\/harkko\/","logo":{"@type":"ImageObject","inLanguage":"fi","@id":"https:\/\/www.lammi.fi\/harkko\/#\/schema\/logo\/image\/","url":"https:\/\/www.lammi.fi\/harkko\/wp-content\/uploads\/sites\/3\/2018\/06\/cropped-lammi_logo.png","contentUrl":"https:\/\/www.lammi.fi\/harkko\/wp-content\/uploads\/sites\/3\/2018\/06\/cropped-lammi_logo.png","width":240,"height":122,"caption":"Lammi Harkko"},"image":{"@id":"https:\/\/www.lammi.fi\/harkko\/#\/schema\/logo\/image\/"}}]}},"_links":{"self":[{"href":"https:\/\/www.lammi.fi\/harkko\/wp-json\/wp\/v2\/product\/2440","targetHints":{"allow":["GET"]}}],"collection":[{"href":"https:\/\/www.lammi.fi\/harkko\/wp-json\/wp\/v2\/product"}],"about":[{"href":"https:\/\/www.lammi.fi\/harkko\/wp-json\/wp\/v2\/types\/product"}],"replies":[{"embeddable":true,"href":"https:\/\/www.lammi.fi\/harkko\/wp-json\/wp\/v2\/comments?post=2440"}],"wp:featuredmedia":[{"embeddable":true,"href":"https:\/\/www.lammi.fi\/harkko\/wp-json\/wp\/v2\/media\/2437"}],"wp:attachment":[{"href":"https:\/\/www.lammi.fi\/harkko\/wp-json\/wp\/v2\/media?parent=2440"}],"wp:term":[{"taxonomy":"product_brand","embeddable":true,"href":"https:\/\/www.lammi.fi\/harkko\/wp-json\/wp\/v2\/product_brand?post=2440"},{"taxonomy":"product_cat","embeddable":true,"href":"https:\/\/www.lammi.fi\/harkko\/wp-json\/wp\/v2\/product_cat?post=2440"},{"taxonomy":"product_tag","embeddable":true,"href":"https:\/\/www.lammi.fi\/harkko\/wp-json\/wp\/v2\/product_tag?post=2440"}],"curies":[{"name":"wp","href":"https:\/\/api.w.org\/{rel}","templated":true}]}}