{"id":233,"date":"2018-06-28T10:49:03","date_gmt":"2018-06-28T10:49:03","guid":{"rendered":"https:\/\/www.lammi.fi\/harkko\/?post_type=product&#038;p=233"},"modified":"2025-06-26T09:19:00","modified_gmt":"2025-06-26T06:19:00","slug":"ll400","status":"publish","type":"product","link":"https:\/\/www.lammi.fi\/harkko\/tuote\/ll400\/","title":{"rendered":"LL400"},"content":{"rendered":"<h1>L\u00e4mp\u00f6kivi<\/h1>\n<p>LL400-tuoteperheen perustan muodostaa suora, 600 mm pitk\u00e4 l\u00e4mp\u00f6kivi. Kiven rakenne koostuu kahdesta reiluilla valuonteloilla varustetusta harkkokuoresta ja niiden v\u00e4liin vaarnaliitoksella kiinnitetyst\u00e4 grafiitti-EPS-ytimest\u00e4.<\/p>\n<p>Kivien rakenne ja osien yhteensopivuus tekee virheett\u00f6m\u00e4n rakentamisen helpoksi. Kivet ladotaan p\u00e4\u00e4llekk\u00e4in, eristeosat kiinnitet\u00e4\u00e4n yhteen polyuretaanivaahdolla, rakenne raudoitetaan ja valetaan t\u00e4yteen betonimassalla. Ennen valua kivien valuonteloihin asennetaan my\u00f6s tarvittava talotekniikka.<\/p>\n<p>Valuontelot t\u00e4yteen valamalla varmistetaan sein\u00e4n hyv\u00e4 kantokyky sek\u00e4 yhten\u00e4inen, ehdottoman tiivis ja massiivinen sein\u00e4rakenne. Yhdess\u00e4 kaikki n\u00e4m\u00e4 ominaisuudet varmistavat ulkosein\u00e4n erinomaisen l\u00e4mm\u00f6nvarauskyvyn.<\/p>\n","protected":false},"excerpt":{"rendered":"<p>L\u00e4mp\u00f6kivi LL400-tuoteperheen perustan muodostaa suora, 600 mm pitk\u00e4 l\u00e4mp\u00f6kivi. Kiven rakenne koostuu kahdesta reiluilla valuonteloilla varustetusta harkkokuoresta ja niiden v\u00e4liin vaarnaliitoksella kiinnitetyst\u00e4 grafiitti-EPS-ytimest\u00e4. Kivien rakenne ja osien yhteensopivuus tekee virheett\u00f6m\u00e4n rakentamisen helpoksi. Kivet ladotaan p\u00e4\u00e4llekk\u00e4in, eristeosat kiinnitet\u00e4\u00e4n yhteen polyuretaanivaahdolla, rakenne raudoitetaan ja valetaan t\u00e4yteen betonimassalla. Ennen valua kivien valuonteloihin asennetaan my\u00f6s tarvittava talotekniikka. Valuontelot t\u00e4yteen &hellip; <a href=\"https:\/\/www.lammi.fi\/harkko\/tuote\/ll400\/\" class=\"more-link\">Lue lis\u00e4\u00e4<span class=\"screen-reader-text\"> &#8221;LL400&#8221;<\/span><\/a><\/p>\n","protected":false},"featured_media":4449,"comment_status":"open","ping_status":"closed","template":"","meta":{"_acf_changed":false,"_improvement_type_select":"improve_an_existing","_thumb_yes_seoaic":false,"_frame_yes_seoaic":false,"seoaic_generate_description":"","seoaic_improve_instructions_prompt":"","seoaic_rollback_content_improvement":"","seoaic_idea_thumbnail_generator":"","thumbnail_generated":false,"thumbnail_generate_prompt":"","seoaic_article_description":"","_glsr_average":0,"_glsr_ranking":0,"_glsr_reviews":0},"product_brand":[],"product_cat":[21],"product_tag":[],"class_list":{"0":"post-233","1":"product","2":"type-product","3":"status-publish","4":"has-post-thumbnail","6":"product_cat-uncategorized-fi-2","8":"first","9":"instock","10":"shipping-taxable","11":"product-type-simple"},"acf":[],"yoast_head":"<!-- This site is optimized with the Yoast SEO plugin v27.1.1 - https:\/\/yoast.com\/product\/yoast-seo-wordpress\/ -->\n<title>LL400 - Lammi Harkko<\/title>\n<meta name=\"description\" content=\"LL400-tuoteperheen perustan muodostaa suora, 600 mm pitk\u00e4 l\u00e4mp\u00f6kivi. Tutustu tuotteeseen Lammi L\u00e4mp\u00f6kivi LL400 sivuillamme.\" \/>\n<link rel=\"canonical\" href=\"https:\/\/www.lammi.fi\/harkko\/tuote\/ll400\/\" \/>\n<meta property=\"og:locale\" content=\"fi_FI\" \/>\n<meta property=\"og:type\" content=\"article\" \/>\n<meta property=\"og:title\" content=\"LL400 - Lammi Harkko\" \/>\n<meta property=\"og:description\" content=\"LL400-tuoteperheen perustan muodostaa suora, 600 mm pitk\u00e4 l\u00e4mp\u00f6kivi. Tutustu tuotteeseen Lammi L\u00e4mp\u00f6kivi LL400 sivuillamme.\" \/>\n<meta property=\"og:url\" content=\"https:\/\/www.lammi.fi\/harkko\/tuote\/ll400\/\" \/>\n<meta property=\"og:site_name\" content=\"Lammi Harkko\" \/>\n<meta property=\"article:modified_time\" content=\"2025-06-26T06:19:00+00:00\" \/>\n<meta property=\"og:image\" content=\"https:\/\/www.lammi.fi\/harkko\/wp-content\/uploads\/sites\/3\/2018\/06\/Lammi_Harkko_LL400-1200x675_ainavahahiilinen.png\" \/>\n\t<meta property=\"og:image:width\" content=\"1200\" \/>\n\t<meta property=\"og:image:height\" content=\"675\" \/>\n\t<meta property=\"og:image:type\" content=\"image\/png\" \/>\n<meta name=\"twitter:card\" content=\"summary_large_image\" \/>\n<meta name=\"twitter:label1\" content=\"Arvioitu lukuaika\" \/>\n\t<meta name=\"twitter:data1\" content=\"1 minuutti\" \/>\n<script type=\"application\/ld+json\" class=\"yoast-schema-graph\">{\"@context\":\"https:\/\/schema.org\",\"@graph\":[{\"@type\":\"WebPage\",\"@id\":\"https:\/\/www.lammi.fi\/harkko\/tuote\/ll400\/\",\"url\":\"https:\/\/www.lammi.fi\/harkko\/tuote\/ll400\/\",\"name\":\"LL400 - Lammi Harkko\",\"isPartOf\":{\"@id\":\"https:\/\/www.lammi.fi\/harkko\/#website\"},\"primaryImageOfPage\":{\"@id\":\"https:\/\/www.lammi.fi\/harkko\/tuote\/ll400\/#primaryimage\"},\"image\":{\"@id\":\"https:\/\/www.lammi.fi\/harkko\/tuote\/ll400\/#primaryimage\"},\"thumbnailUrl\":\"https:\/\/www.lammi.fi\/harkko\/wp-content\/uploads\/sites\/3\/2018\/06\/Lammi_Harkko_LL400-1200x675_ainavahahiilinen.png\",\"datePublished\":\"2018-06-28T10:49:03+00:00\",\"dateModified\":\"2025-06-26T06:19:00+00:00\",\"description\":\"LL400-tuoteperheen perustan muodostaa suora, 600 mm pitk\u00e4 l\u00e4mp\u00f6kivi. Tutustu tuotteeseen Lammi L\u00e4mp\u00f6kivi LL400 sivuillamme.\",\"breadcrumb\":{\"@id\":\"https:\/\/www.lammi.fi\/harkko\/tuote\/ll400\/#breadcrumb\"},\"inLanguage\":\"fi\",\"potentialAction\":[{\"@type\":\"ReadAction\",\"target\":[\"https:\/\/www.lammi.fi\/harkko\/tuote\/ll400\/\"]}]},{\"@type\":\"ImageObject\",\"inLanguage\":\"fi\",\"@id\":\"https:\/\/www.lammi.fi\/harkko\/tuote\/ll400\/#primaryimage\",\"url\":\"https:\/\/www.lammi.fi\/harkko\/wp-content\/uploads\/sites\/3\/2018\/06\/Lammi_Harkko_LL400-1200x675_ainavahahiilinen.png\",\"contentUrl\":\"https:\/\/www.lammi.fi\/harkko\/wp-content\/uploads\/sites\/3\/2018\/06\/Lammi_Harkko_LL400-1200x675_ainavahahiilinen.png\",\"width\":1200,\"height\":675},{\"@type\":\"BreadcrumbList\",\"@id\":\"https:\/\/www.lammi.fi\/harkko\/tuote\/ll400\/#breadcrumb\",\"itemListElement\":[{\"@type\":\"ListItem\",\"position\":1,\"name\":\"Lammi.fi\",\"item\":\"https:\/\/www.lammi.fi\"},{\"@type\":\"ListItem\",\"position\":2,\"name\":\"Lammi Harkko\",\"item\":\"https:\/\/www.lammi.fi\/harkko\/\"},{\"@type\":\"ListItem\",\"position\":3,\"name\":\"LL400\"}]},{\"@type\":\"WebSite\",\"@id\":\"https:\/\/www.lammi.fi\/harkko\/#website\",\"url\":\"https:\/\/www.lammi.fi\/harkko\/\",\"name\":\"Lammi Harkko\",\"description\":\"\",\"publisher\":{\"@id\":\"https:\/\/www.lammi.fi\/harkko\/#organization\"},\"potentialAction\":[{\"@type\":\"SearchAction\",\"target\":{\"@type\":\"EntryPoint\",\"urlTemplate\":\"https:\/\/www.lammi.fi\/harkko\/?s={search_term_string}\"},\"query-input\":{\"@type\":\"PropertyValueSpecification\",\"valueRequired\":true,\"valueName\":\"search_term_string\"}}],\"inLanguage\":\"fi\"},{\"@type\":\"Organization\",\"@id\":\"https:\/\/www.lammi.fi\/harkko\/#organization\",\"name\":\"Lammi Harkko\",\"url\":\"https:\/\/www.lammi.fi\/harkko\/\",\"logo\":{\"@type\":\"ImageObject\",\"inLanguage\":\"fi\",\"@id\":\"https:\/\/www.lammi.fi\/harkko\/#\/schema\/logo\/image\/\",\"url\":\"https:\/\/www.lammi.fi\/harkko\/wp-content\/uploads\/sites\/3\/2018\/06\/cropped-lammi_logo.png\",\"contentUrl\":\"https:\/\/www.lammi.fi\/harkko\/wp-content\/uploads\/sites\/3\/2018\/06\/cropped-lammi_logo.png\",\"width\":240,\"height\":122,\"caption\":\"Lammi Harkko\"},\"image\":{\"@id\":\"https:\/\/www.lammi.fi\/harkko\/#\/schema\/logo\/image\/\"}}]}<\/script>\n<!-- \/ Yoast SEO plugin. -->","yoast_head_json":{"title":"LL400 - Lammi Harkko","description":"LL400-tuoteperheen perustan muodostaa suora, 600 mm pitk\u00e4 l\u00e4mp\u00f6kivi. Tutustu tuotteeseen Lammi L\u00e4mp\u00f6kivi LL400 sivuillamme.","canonical":"https:\/\/www.lammi.fi\/harkko\/tuote\/ll400\/","og_locale":"fi_FI","og_type":"article","og_title":"LL400 - Lammi Harkko","og_description":"LL400-tuoteperheen perustan muodostaa suora, 600 mm pitk\u00e4 l\u00e4mp\u00f6kivi. Tutustu tuotteeseen Lammi L\u00e4mp\u00f6kivi LL400 sivuillamme.","og_url":"https:\/\/www.lammi.fi\/harkko\/tuote\/ll400\/","og_site_name":"Lammi Harkko","article_modified_time":"2025-06-26T06:19:00+00:00","og_image":[{"width":1200,"height":675,"url":"https:\/\/www.lammi.fi\/harkko\/wp-content\/uploads\/sites\/3\/2018\/06\/Lammi_Harkko_LL400-1200x675_ainavahahiilinen.png","type":"image\/png"}],"twitter_card":"summary_large_image","twitter_misc":{"Arvioitu lukuaika":"1 minuutti"},"schema":{"@context":"https:\/\/schema.org","@graph":[{"@type":"WebPage","@id":"https:\/\/www.lammi.fi\/harkko\/tuote\/ll400\/","url":"https:\/\/www.lammi.fi\/harkko\/tuote\/ll400\/","name":"LL400 - Lammi Harkko","isPartOf":{"@id":"https:\/\/www.lammi.fi\/harkko\/#website"},"primaryImageOfPage":{"@id":"https:\/\/www.lammi.fi\/harkko\/tuote\/ll400\/#primaryimage"},"image":{"@id":"https:\/\/www.lammi.fi\/harkko\/tuote\/ll400\/#primaryimage"},"thumbnailUrl":"https:\/\/www.lammi.fi\/harkko\/wp-content\/uploads\/sites\/3\/2018\/06\/Lammi_Harkko_LL400-1200x675_ainavahahiilinen.png","datePublished":"2018-06-28T10:49:03+00:00","dateModified":"2025-06-26T06:19:00+00:00","description":"LL400-tuoteperheen perustan muodostaa suora, 600 mm pitk\u00e4 l\u00e4mp\u00f6kivi. Tutustu tuotteeseen Lammi L\u00e4mp\u00f6kivi LL400 sivuillamme.","breadcrumb":{"@id":"https:\/\/www.lammi.fi\/harkko\/tuote\/ll400\/#breadcrumb"},"inLanguage":"fi","potentialAction":[{"@type":"ReadAction","target":["https:\/\/www.lammi.fi\/harkko\/tuote\/ll400\/"]}]},{"@type":"ImageObject","inLanguage":"fi","@id":"https:\/\/www.lammi.fi\/harkko\/tuote\/ll400\/#primaryimage","url":"https:\/\/www.lammi.fi\/harkko\/wp-content\/uploads\/sites\/3\/2018\/06\/Lammi_Harkko_LL400-1200x675_ainavahahiilinen.png","contentUrl":"https:\/\/www.lammi.fi\/harkko\/wp-content\/uploads\/sites\/3\/2018\/06\/Lammi_Harkko_LL400-1200x675_ainavahahiilinen.png","width":1200,"height":675},{"@type":"BreadcrumbList","@id":"https:\/\/www.lammi.fi\/harkko\/tuote\/ll400\/#breadcrumb","itemListElement":[{"@type":"ListItem","position":1,"name":"Lammi.fi","item":"https:\/\/www.lammi.fi"},{"@type":"ListItem","position":2,"name":"Lammi Harkko","item":"https:\/\/www.lammi.fi\/harkko\/"},{"@type":"ListItem","position":3,"name":"LL400"}]},{"@type":"WebSite","@id":"https:\/\/www.lammi.fi\/harkko\/#website","url":"https:\/\/www.lammi.fi\/harkko\/","name":"Lammi Harkko","description":"","publisher":{"@id":"https:\/\/www.lammi.fi\/harkko\/#organization"},"potentialAction":[{"@type":"SearchAction","target":{"@type":"EntryPoint","urlTemplate":"https:\/\/www.lammi.fi\/harkko\/?s={search_term_string}"},"query-input":{"@type":"PropertyValueSpecification","valueRequired":true,"valueName":"search_term_string"}}],"inLanguage":"fi"},{"@type":"Organization","@id":"https:\/\/www.lammi.fi\/harkko\/#organization","name":"Lammi Harkko","url":"https:\/\/www.lammi.fi\/harkko\/","logo":{"@type":"ImageObject","inLanguage":"fi","@id":"https:\/\/www.lammi.fi\/harkko\/#\/schema\/logo\/image\/","url":"https:\/\/www.lammi.fi\/harkko\/wp-content\/uploads\/sites\/3\/2018\/06\/cropped-lammi_logo.png","contentUrl":"https:\/\/www.lammi.fi\/harkko\/wp-content\/uploads\/sites\/3\/2018\/06\/cropped-lammi_logo.png","width":240,"height":122,"caption":"Lammi Harkko"},"image":{"@id":"https:\/\/www.lammi.fi\/harkko\/#\/schema\/logo\/image\/"}}]}},"_links":{"self":[{"href":"https:\/\/www.lammi.fi\/harkko\/wp-json\/wp\/v2\/product\/233","targetHints":{"allow":["GET"]}}],"collection":[{"href":"https:\/\/www.lammi.fi\/harkko\/wp-json\/wp\/v2\/product"}],"about":[{"href":"https:\/\/www.lammi.fi\/harkko\/wp-json\/wp\/v2\/types\/product"}],"replies":[{"embeddable":true,"href":"https:\/\/www.lammi.fi\/harkko\/wp-json\/wp\/v2\/comments?post=233"}],"wp:featuredmedia":[{"embeddable":true,"href":"https:\/\/www.lammi.fi\/harkko\/wp-json\/wp\/v2\/media\/4449"}],"wp:attachment":[{"href":"https:\/\/www.lammi.fi\/harkko\/wp-json\/wp\/v2\/media?parent=233"}],"wp:term":[{"taxonomy":"product_brand","embeddable":true,"href":"https:\/\/www.lammi.fi\/harkko\/wp-json\/wp\/v2\/product_brand?post=233"},{"taxonomy":"product_cat","embeddable":true,"href":"https:\/\/www.lammi.fi\/harkko\/wp-json\/wp\/v2\/product_cat?post=233"},{"taxonomy":"product_tag","embeddable":true,"href":"https:\/\/www.lammi.fi\/harkko\/wp-json\/wp\/v2\/product_tag?post=233"}],"curies":[{"name":"wp","href":"https:\/\/api.w.org\/{rel}","templated":true}]}}