{"id":900,"date":"2018-10-04T13:08:41","date_gmt":"2018-10-04T13:08:41","guid":{"rendered":"https:\/\/www.lammi.fi\/harkko\/?page_id=900"},"modified":"2025-01-27T16:48:26","modified_gmt":"2025-01-27T13:48:26","slug":"m1-paastoluokitus","status":"publish","type":"page","link":"https:\/\/www.lammi.fi\/harkko\/ohjeet-ja-dokumentit\/tuoteselosteet\/m1-paastoluokitus\/","title":{"rendered":"M1-p\u00e4\u00e4st\u00f6luokitus"},"content":{"rendered":"<h1>Rakennusmateriaalien p\u00e4\u00e4st\u00f6luokitus M1<\/h1>\n<p>Rakennusmateriaalien p\u00e4\u00e4st\u00f6luokitus esitt\u00e4\u00e4 vaatimukset tavanomaisissa ty\u00f6- ja asuintiloissa k\u00e4ytett\u00e4ville materiaaleille hyv\u00e4n sis\u00e4ilman laadun kannalta. M1-merkki kertoo v\u00e4h\u00e4p\u00e4\u00e4st\u00f6isyydest\u00e4.<\/p>\n<p>Sis\u00e4tiloissa k\u00e4ytett\u00e4ville tuotteillemme on my\u00f6nnetty Rakennustietos\u00e4\u00e4ti\u00f6 RTS:n paras M1-p\u00e4\u00e4st\u00f6luokitus.<\/p>\n<p>Hyv\u00e4 sis\u00e4ilmasto edellytt\u00e4\u00e4 sis\u00e4ilma-asioiden huomioon ottamista suunnittelun, rakentamisen ja k\u00e4yt\u00f6n kaikissa vaiheissa. Sen lopulliseen laatuun vaikuttavat monien muiden tekij\u00f6iden ohella sis\u00e4tilojen rakennusmateriaalit.<\/p>\n<h2>M1-p\u00e4\u00e4st\u00f6luokituksen todistus:<\/h2>\n<h3>M1-p\u00e4\u00e4st\u00f6luokitustodistus<\/h3>\n<p><a href=\"https:\/\/www.lammi.fi\/harkko\/wp-content\/uploads\/sites\/3\/2025\/01\/4533_Lammin-Betoni-Oy_2025-01-23_fi.pdf\" target=\"_blank\" rel=\"noopener\">Lammi Harkot<\/a><\/p>\n<p>&nbsp;<\/p>\n","protected":false},"excerpt":{"rendered":"<p>Rakennusmateriaalien p\u00e4\u00e4st\u00f6luokitus M1 Rakennusmateriaalien p\u00e4\u00e4st\u00f6luokitus esitt\u00e4\u00e4 vaatimukset tavanomaisissa ty\u00f6- ja asuintiloissa k\u00e4ytett\u00e4ville materiaaleille hyv\u00e4n sis\u00e4ilman laadun kannalta. M1-merkki kertoo v\u00e4h\u00e4p\u00e4\u00e4st\u00f6isyydest\u00e4. Sis\u00e4tiloissa k\u00e4ytett\u00e4ville tuotteillemme on my\u00f6nnetty Rakennustietos\u00e4\u00e4ti\u00f6 RTS:n paras M1-p\u00e4\u00e4st\u00f6luokitus. Hyv\u00e4 sis\u00e4ilmasto edellytt\u00e4\u00e4 sis\u00e4ilma-asioiden huomioon ottamista suunnittelun, rakentamisen ja k\u00e4yt\u00f6n kaikissa vaiheissa. Sen lopulliseen laatuun vaikuttavat monien muiden tekij\u00f6iden ohella sis\u00e4tilojen rakennusmateriaalit. M1-p\u00e4\u00e4st\u00f6luokituksen todistus: M1-p\u00e4\u00e4st\u00f6luokitustodistus Lammi &hellip; <a href=\"https:\/\/www.lammi.fi\/harkko\/ohjeet-ja-dokumentit\/tuoteselosteet\/m1-paastoluokitus\/\" class=\"more-link\">Lue lis\u00e4\u00e4<span class=\"screen-reader-text\"> &#8221;M1-p\u00e4\u00e4st\u00f6luokitus&#8221;<\/span><\/a><\/p>\n","protected":false},"author":5,"featured_media":0,"parent":890,"menu_order":0,"comment_status":"closed","ping_status":"closed","template":"","meta":{"_acf_changed":false,"_improvement_type_select":"improve_an_existing","_thumb_yes_seoaic":false,"_frame_yes_seoaic":false,"seoaic_generate_description":"","seoaic_improve_instructions_prompt":"","seoaic_rollback_content_improvement":"","seoaic_idea_thumbnail_generator":"","thumbnail_generated":false,"thumbnail_generate_prompt":"","seoaic_article_description":"","_glsr_average":0,"_glsr_ranking":0,"_glsr_reviews":0,"footnotes":""},"class_list":["post-900","page","type-page","status-publish","hentry"],"acf":[],"yoast_head":"<!-- This site is optimized with the Yoast SEO plugin v27.4 - https:\/\/yoast.com\/product\/yoast-seo-wordpress\/ -->\n<title>Lammi Harkko - M1-p\u00e4\u00e4st\u00f6luokitus<\/title>\n<meta name=\"description\" content=\"Sis\u00e4tiloissa k\u00e4ytett\u00e4ville tuotteillemme on my\u00f6nnetty Rakennustietos\u00e4\u00e4ti\u00f6 RTS:n paras M1-p\u00e4\u00e4st\u00f6luokitus.\" \/>\n<link rel=\"canonical\" href=\"https:\/\/www.lammi.fi\/harkko\/ohjeet-ja-dokumentit\/tuoteselosteet\/m1-paastoluokitus\/\" \/>\n<meta property=\"og:locale\" content=\"fi_FI\" \/>\n<meta property=\"og:type\" content=\"article\" \/>\n<meta property=\"og:title\" content=\"Lammi Harkko - M1-p\u00e4\u00e4st\u00f6luokitus\" \/>\n<meta property=\"og:description\" content=\"Sis\u00e4tiloissa k\u00e4ytett\u00e4ville tuotteillemme on my\u00f6nnetty Rakennustietos\u00e4\u00e4ti\u00f6 RTS:n paras M1-p\u00e4\u00e4st\u00f6luokitus.\" \/>\n<meta property=\"og:url\" content=\"https:\/\/www.lammi.fi\/harkko\/ohjeet-ja-dokumentit\/tuoteselosteet\/m1-paastoluokitus\/\" \/>\n<meta property=\"og:site_name\" content=\"Lammi Harkko\" \/>\n<meta property=\"article:modified_time\" content=\"2025-01-27T13:48:26+00:00\" \/>\n<meta name=\"twitter:card\" content=\"summary_large_image\" \/>\n<meta name=\"twitter:label1\" content=\"Arvioitu lukuaika\" \/>\n\t<meta name=\"twitter:data1\" content=\"1 minuutti\" \/>\n<script type=\"application\/ld+json\" class=\"yoast-schema-graph\">{\"@context\":\"https:\\\/\\\/schema.org\",\"@graph\":[{\"@type\":\"WebPage\",\"@id\":\"https:\\\/\\\/www.lammi.fi\\\/harkko\\\/ohjeet-ja-dokumentit\\\/tuoteselosteet\\\/m1-paastoluokitus\\\/\",\"url\":\"https:\\\/\\\/www.lammi.fi\\\/harkko\\\/ohjeet-ja-dokumentit\\\/tuoteselosteet\\\/m1-paastoluokitus\\\/\",\"name\":\"Lammi Harkko - M1-p\u00e4\u00e4st\u00f6luokitus\",\"isPartOf\":{\"@id\":\"https:\\\/\\\/www.lammi.fi\\\/harkko\\\/#website\"},\"datePublished\":\"2018-10-04T13:08:41+00:00\",\"dateModified\":\"2025-01-27T13:48:26+00:00\",\"description\":\"Sis\u00e4tiloissa k\u00e4ytett\u00e4ville tuotteillemme on my\u00f6nnetty Rakennustietos\u00e4\u00e4ti\u00f6 RTS:n paras M1-p\u00e4\u00e4st\u00f6luokitus.\",\"breadcrumb\":{\"@id\":\"https:\\\/\\\/www.lammi.fi\\\/harkko\\\/ohjeet-ja-dokumentit\\\/tuoteselosteet\\\/m1-paastoluokitus\\\/#breadcrumb\"},\"inLanguage\":\"fi\",\"potentialAction\":[{\"@type\":\"ReadAction\",\"target\":[\"https:\\\/\\\/www.lammi.fi\\\/harkko\\\/ohjeet-ja-dokumentit\\\/tuoteselosteet\\\/m1-paastoluokitus\\\/\"]}]},{\"@type\":\"BreadcrumbList\",\"@id\":\"https:\\\/\\\/www.lammi.fi\\\/harkko\\\/ohjeet-ja-dokumentit\\\/tuoteselosteet\\\/m1-paastoluokitus\\\/#breadcrumb\",\"itemListElement\":[{\"@type\":\"ListItem\",\"position\":1,\"name\":\"Lammi.fi\",\"item\":\"https:\\\/\\\/www.lammi.fi\"},{\"@type\":\"ListItem\",\"position\":2,\"name\":\"Lammi Harkko\",\"item\":\"https:\\\/\\\/www.lammi.fi\\\/harkko\\\/\"},{\"@type\":\"ListItem\",\"position\":3,\"name\":\"Ohjeet ja dokumentit\",\"item\":\"https:\\\/\\\/www.lammi.fi\\\/harkko\\\/ohjeet-ja-dokumentit\\\/\"},{\"@type\":\"ListItem\",\"position\":4,\"name\":\"Tuoteselosteet\",\"item\":\"https:\\\/\\\/www.lammi.fi\\\/harkko\\\/ohjeet-ja-dokumentit\\\/tuoteselosteet\\\/\"},{\"@type\":\"ListItem\",\"position\":5,\"name\":\"M1-p\u00e4\u00e4st\u00f6luokitus\"}]},{\"@type\":\"WebSite\",\"@id\":\"https:\\\/\\\/www.lammi.fi\\\/harkko\\\/#website\",\"url\":\"https:\\\/\\\/www.lammi.fi\\\/harkko\\\/\",\"name\":\"Lammi Harkko\",\"description\":\"\",\"publisher\":{\"@id\":\"https:\\\/\\\/www.lammi.fi\\\/harkko\\\/#organization\"},\"potentialAction\":[{\"@type\":\"SearchAction\",\"target\":{\"@type\":\"EntryPoint\",\"urlTemplate\":\"https:\\\/\\\/www.lammi.fi\\\/harkko\\\/?s={search_term_string}\"},\"query-input\":{\"@type\":\"PropertyValueSpecification\",\"valueRequired\":true,\"valueName\":\"search_term_string\"}}],\"inLanguage\":\"fi\"},{\"@type\":\"Organization\",\"@id\":\"https:\\\/\\\/www.lammi.fi\\\/harkko\\\/#organization\",\"name\":\"Lammi Harkko\",\"url\":\"https:\\\/\\\/www.lammi.fi\\\/harkko\\\/\",\"logo\":{\"@type\":\"ImageObject\",\"inLanguage\":\"fi\",\"@id\":\"https:\\\/\\\/www.lammi.fi\\\/harkko\\\/#\\\/schema\\\/logo\\\/image\\\/\",\"url\":\"https:\\\/\\\/www.lammi.fi\\\/harkko\\\/wp-content\\\/uploads\\\/sites\\\/3\\\/2018\\\/06\\\/cropped-lammi_logo.png\",\"contentUrl\":\"https:\\\/\\\/www.lammi.fi\\\/harkko\\\/wp-content\\\/uploads\\\/sites\\\/3\\\/2018\\\/06\\\/cropped-lammi_logo.png\",\"width\":240,\"height\":122,\"caption\":\"Lammi Harkko\"},\"image\":{\"@id\":\"https:\\\/\\\/www.lammi.fi\\\/harkko\\\/#\\\/schema\\\/logo\\\/image\\\/\"}}]}<\/script>\n<!-- \/ Yoast SEO plugin. -->","yoast_head_json":{"title":"Lammi Harkko - M1-p\u00e4\u00e4st\u00f6luokitus","description":"Sis\u00e4tiloissa k\u00e4ytett\u00e4ville tuotteillemme on my\u00f6nnetty Rakennustietos\u00e4\u00e4ti\u00f6 RTS:n paras M1-p\u00e4\u00e4st\u00f6luokitus.","canonical":"https:\/\/www.lammi.fi\/harkko\/ohjeet-ja-dokumentit\/tuoteselosteet\/m1-paastoluokitus\/","og_locale":"fi_FI","og_type":"article","og_title":"Lammi Harkko - M1-p\u00e4\u00e4st\u00f6luokitus","og_description":"Sis\u00e4tiloissa k\u00e4ytett\u00e4ville tuotteillemme on my\u00f6nnetty Rakennustietos\u00e4\u00e4ti\u00f6 RTS:n paras M1-p\u00e4\u00e4st\u00f6luokitus.","og_url":"https:\/\/www.lammi.fi\/harkko\/ohjeet-ja-dokumentit\/tuoteselosteet\/m1-paastoluokitus\/","og_site_name":"Lammi Harkko","article_modified_time":"2025-01-27T13:48:26+00:00","twitter_card":"summary_large_image","twitter_misc":{"Arvioitu lukuaika":"1 minuutti"},"schema":{"@context":"https:\/\/schema.org","@graph":[{"@type":"WebPage","@id":"https:\/\/www.lammi.fi\/harkko\/ohjeet-ja-dokumentit\/tuoteselosteet\/m1-paastoluokitus\/","url":"https:\/\/www.lammi.fi\/harkko\/ohjeet-ja-dokumentit\/tuoteselosteet\/m1-paastoluokitus\/","name":"Lammi Harkko - M1-p\u00e4\u00e4st\u00f6luokitus","isPartOf":{"@id":"https:\/\/www.lammi.fi\/harkko\/#website"},"datePublished":"2018-10-04T13:08:41+00:00","dateModified":"2025-01-27T13:48:26+00:00","description":"Sis\u00e4tiloissa k\u00e4ytett\u00e4ville tuotteillemme on my\u00f6nnetty Rakennustietos\u00e4\u00e4ti\u00f6 RTS:n paras M1-p\u00e4\u00e4st\u00f6luokitus.","breadcrumb":{"@id":"https:\/\/www.lammi.fi\/harkko\/ohjeet-ja-dokumentit\/tuoteselosteet\/m1-paastoluokitus\/#breadcrumb"},"inLanguage":"fi","potentialAction":[{"@type":"ReadAction","target":["https:\/\/www.lammi.fi\/harkko\/ohjeet-ja-dokumentit\/tuoteselosteet\/m1-paastoluokitus\/"]}]},{"@type":"BreadcrumbList","@id":"https:\/\/www.lammi.fi\/harkko\/ohjeet-ja-dokumentit\/tuoteselosteet\/m1-paastoluokitus\/#breadcrumb","itemListElement":[{"@type":"ListItem","position":1,"name":"Lammi.fi","item":"https:\/\/www.lammi.fi"},{"@type":"ListItem","position":2,"name":"Lammi Harkko","item":"https:\/\/www.lammi.fi\/harkko\/"},{"@type":"ListItem","position":3,"name":"Ohjeet ja dokumentit","item":"https:\/\/www.lammi.fi\/harkko\/ohjeet-ja-dokumentit\/"},{"@type":"ListItem","position":4,"name":"Tuoteselosteet","item":"https:\/\/www.lammi.fi\/harkko\/ohjeet-ja-dokumentit\/tuoteselosteet\/"},{"@type":"ListItem","position":5,"name":"M1-p\u00e4\u00e4st\u00f6luokitus"}]},{"@type":"WebSite","@id":"https:\/\/www.lammi.fi\/harkko\/#website","url":"https:\/\/www.lammi.fi\/harkko\/","name":"Lammi Harkko","description":"","publisher":{"@id":"https:\/\/www.lammi.fi\/harkko\/#organization"},"potentialAction":[{"@type":"SearchAction","target":{"@type":"EntryPoint","urlTemplate":"https:\/\/www.lammi.fi\/harkko\/?s={search_term_string}"},"query-input":{"@type":"PropertyValueSpecification","valueRequired":true,"valueName":"search_term_string"}}],"inLanguage":"fi"},{"@type":"Organization","@id":"https:\/\/www.lammi.fi\/harkko\/#organization","name":"Lammi Harkko","url":"https:\/\/www.lammi.fi\/harkko\/","logo":{"@type":"ImageObject","inLanguage":"fi","@id":"https:\/\/www.lammi.fi\/harkko\/#\/schema\/logo\/image\/","url":"https:\/\/www.lammi.fi\/harkko\/wp-content\/uploads\/sites\/3\/2018\/06\/cropped-lammi_logo.png","contentUrl":"https:\/\/www.lammi.fi\/harkko\/wp-content\/uploads\/sites\/3\/2018\/06\/cropped-lammi_logo.png","width":240,"height":122,"caption":"Lammi Harkko"},"image":{"@id":"https:\/\/www.lammi.fi\/harkko\/#\/schema\/logo\/image\/"}}]}},"_links":{"self":[{"href":"https:\/\/www.lammi.fi\/harkko\/wp-json\/wp\/v2\/pages\/900","targetHints":{"allow":["GET"]}}],"collection":[{"href":"https:\/\/www.lammi.fi\/harkko\/wp-json\/wp\/v2\/pages"}],"about":[{"href":"https:\/\/www.lammi.fi\/harkko\/wp-json\/wp\/v2\/types\/page"}],"author":[{"embeddable":true,"href":"https:\/\/www.lammi.fi\/harkko\/wp-json\/wp\/v2\/users\/5"}],"replies":[{"embeddable":true,"href":"https:\/\/www.lammi.fi\/harkko\/wp-json\/wp\/v2\/comments?post=900"}],"version-history":[{"count":10,"href":"https:\/\/www.lammi.fi\/harkko\/wp-json\/wp\/v2\/pages\/900\/revisions"}],"predecessor-version":[{"id":4631,"href":"https:\/\/www.lammi.fi\/harkko\/wp-json\/wp\/v2\/pages\/900\/revisions\/4631"}],"up":[{"embeddable":true,"href":"https:\/\/www.lammi.fi\/harkko\/wp-json\/wp\/v2\/pages\/890"}],"wp:attachment":[{"href":"https:\/\/www.lammi.fi\/harkko\/wp-json\/wp\/v2\/media?parent=900"}],"curies":[{"name":"wp","href":"https:\/\/api.w.org\/{rel}","templated":true}]}}